{"id":5888,"date":"2024-11-07T07:32:18","date_gmt":"2024-11-07T07:32:18","guid":{"rendered":"https:\/\/nuevo-renacer.com\/?page_id=5888"},"modified":"2024-11-07T07:37:39","modified_gmt":"2024-11-07T07:37:39","slug":"juana-de-angelis","status":"publish","type":"page","link":"https:\/\/nuevo-renacer.com\/it\/juana-de-angelis\/","title":{"rendered":"Juana de \u00c1ngelis"},"content":{"rendered":"<div class=\"wp-block-uagb-container uagb-block-f6ad6f8c alignfull uagb-is-root-container\"><div class=\"uagb-container-inner-blocks-wrap\">\n<p class=\"has-black-color has-text-color has-link-color has-medium-font-size wp-elements-68dc33aad1c33f2ee26c2dcba3fb5895\"><strong>Juana de \u00c1ngelis<\/strong><\/p>\n<\/div><\/div>\n\n\n\n<div class=\"wp-block-uagb-container uagb-block-12754da9 alignfull uagb-is-root-container\"><div class=\"uagb-container-inner-blocks-wrap\">\n<figure class=\"wp-block-image size-full is-resized\"><img fetchpriority=\"high\" decoding=\"async\" width=\"560\" height=\"604\" src=\"https:\/\/nuevo-renacer.com\/wp-content\/uploads\/2024\/11\/Fundo-Joanna-branco-copy_edited.webp\" alt=\"\" class=\"wp-image-5889\" style=\"width:302px;height:auto\" srcset=\"https:\/\/nuevo-renacer.com\/wp-content\/uploads\/2024\/11\/Fundo-Joanna-branco-copy_edited.webp 560w, https:\/\/nuevo-renacer.com\/wp-content\/uploads\/2024\/11\/Fundo-Joanna-branco-copy_edited-278x300.webp 278w, https:\/\/nuevo-renacer.com\/wp-content\/uploads\/2024\/11\/Fundo-Joanna-branco-copy_edited-11x12.webp 11w\" sizes=\"(max-width: 560px) 100vw, 560px\" \/><\/figure>\n<\/div><\/div>\n\n\n\n<div class=\"wp-block-uagb-container uagb-block-5992ad07 alignfull uagb-is-root-container\"><div class=\"uagb-container-inner-blocks-wrap\">\n<p class=\"has-black-color has-text-color has-link-color has-small-font-size wp-elements-2e85d6cb93104a36ff045e91ea936efb\">Mentora espiritual del m\u00e9dium Divaldo Franco, el Esp\u00edritu Juana de \u00c1ngelis es la autora de importantes obras que abordan temas existenciales, filos\u00f3ficos, religiosos, psicol\u00f3gicos, cuyo objetivo es la iluminaci\u00f3n del ser humano. Adem\u00e1s de convertirse en best-sellers, sus libros alcanzaron gran reconocimiento entre religiosos, fil\u00f3sofos espiritualistas, psic\u00f3logos, parapsic\u00f3logos y dem\u00e1s estudiosos del alma humana. Su escritura es bella y profunda, expresi\u00f3n pura del amor evang\u00e9lico y ense\u00f1anza pr\u00e1ctica para alcanzar la alegr\u00eda, la paz y el crecimiento interior.<\/p>\n\n\n\n<p class=\"has-black-color has-text-color has-link-color has-small-font-size wp-elements-ef490a569b9ba7493d162548f29631e2\">En el plano espiritual plane\u00f3 la construcci\u00f3n de la Mansi\u00f3n del Camino, en alusi\u00f3n a la \u201cCasa del Camino\u201d de los primeros cristianos, fundada por Divaldo Franco en la ciudad de Salvador, Brasil (v\u00e9ase en este sitio web: Divaldo Franco).<\/p>\n\n\n\n<p class=\"has-black-color has-text-color has-link-color has-small-font-size wp-elements-96028a6ddf603c7879d362aedcdc34ef\">Entre sus reencarnaciones anteriores, se destacan la de Juana de Cusa, una de las mujeres que acompa\u00f1aron a Jes\u00fas en la crucifixi\u00f3n; sor Juana In\u00e9s de la Cruz (1651-1695) pseud\u00f3nimo de la ilustre escritora Juana In\u00e9s de Asbaje y Ram\u00edrez de Santillana, y Joanna Ang\u00e9lica de Jes\u00fas (1761 \u2013 1822), bahiana, hermana religiosa y luego abadesa que protagoniz\u00f3 un doloroso drama en la Independencia del Brasil.<\/p>\n\n\n\n<p class=\"has-black-color has-text-color has-link-color has-small-font-size wp-elements-424b8dfe2b9e0e1732da09e2ebbbec43\">Servidora de Cristo, Juana de \u00c1ngelis se dedica desde hace siglos a iluminar a sus hermanos de la Tierra. A mediados del siglo pasado, cuando \u201clas potencias del Cielo\u201d se conmovieron y un movimiento de renovaci\u00f3n se extendi\u00f3 por Am\u00e9rica y Europa, haciendo sonar a los \u201ccuatro vientos\u201d la canci\u00f3n de la esperanza con la revelaci\u00f3n de la vida inmortal, Juana se sum\u00f3 al equipo del Esp\u00edritu de Verdad para llevar a cabo el trabajo de implantaci\u00f3n del cristianismo redivivo, del Consolador prometido por Jes\u00fas.<\/p>\n\n\n\n<p class=\"has-black-color has-text-color has-link-color has-small-font-size wp-elements-21835e98c7f4a3ff09e8f05005508eee\">En el \u00faltimo cap\u00edtulo de su libro Despu\u00e9s de la Tempestad, refiri\u00e9ndose a los componentes de su equipo de trabajo, nos informa:<\/p>\n\n\n\n<p class=\"has-black-color has-text-color has-link-color has-small-font-size wp-elements-9391f4c5820b631eb16e029ac2867335\">\u201cCuando se preparaban los d\u00edas de la Codificaci\u00f3n Esp\u00edrita, cuando se convocaban trabajadores dispuestos para la lucha, cuando se anunciaban las horas predichas, cuando se organizaban sembradores para la Tierra, escuchamos la invitaci\u00f3n celestial y nos apresuramos a ofrecer nuestras humildes fuerzas, a fin de servir en la \u00edntima condici\u00f3n de labradores del suelo donde deber\u00edan caer las simientes de luz del Evangelio del Reino.\u201d<\/p>\n\n\n\n<p class=\"has-black-color has-text-color has-link-color has-small-font-size wp-elements-c4df7d5f9a067660c28332f393db008d\">En \u201cEl Evangelio seg\u00fan el Espiritismo\u201d encontramos dos mensajes firmados por \u201cUn Esp\u00edritu amigo\u201d. El primero (Cap. IX \u00a7 7), con el t\u00edtulo \u201cLa paciencia\u201d, fue dictado en El Havre, en 1862. El segundo (Cap. XVIII, \u00a7\u00a7 13 a 15), titulado \u201cSe dar\u00e1 al que ya tiene\u201d, fue recibido el mismo a\u00f1o que el anterior, en la ciudad de Burdeos. Si observamos bien, notaremos en esos textos el estilo de Juana. En \u201cLa paciencia\u201d, la autora finaliza del mismo modo en que acostumbra hacerlo en sus mensajes actuales: presentando a Jes\u00fas como el modelo a seguir en nuestras actitudes, sean cuales fueren las circunstancias.<\/p>\n\n\n\n<p class=\"has-black-color has-text-color has-link-color has-small-font-size wp-elements-b752777129eb4f36f5e6f53dfacb528f\">En el mundo espiritual, cuando varios Esp\u00edritus ligados a Juana, antiguos cristianos equivocados, se preparaban para reencarnar, ella los reuni\u00f3 a todos y plane\u00f3 construir en la Tierra, bajo el cielo de Bahia (Brasil), una copia, aunque imperfecta, de la comunidad donde se encontraba en el plano espiritual, con el objetivo de redimir a los antiguos cristianos y crear una experiencia educativa que demostrase la viabilidad de vivir en una comunidad realmente cristiana, en los d\u00edas actuales. Esp\u00edritus gravemente enfermos vendr\u00edan en la condici\u00f3n de hu\u00e9rfanos, encontrando una oportunidad de perfeccionamiento, para liberarse de las obligaciones k\u00e1rmicas m\u00e1s dolorosas, avanzando siempre hacia Jes\u00fas.<\/p>\n\n\n\n<p class=\"has-black-color has-text-color has-link-color has-small-font-size wp-elements-fd9531389310ced18c73628b25e5352c\">Especialistas capacitados fueron invitados para trazar los lineamientos generales de esas tareas e instruir a los pioneros de la futura obra. Cuando estaba todo esbozado, Juana procur\u00f3 entrar en contacto con Francisco de As\u00eds, y le solicit\u00f3 que examinara sus planes y la auxiliase para llevarlos a la pr\u00e1ctica en el plano material. El Pobrecito de Dios estuvo de acuerdo con la instructora y se ofreci\u00f3 a colaborar en la obra, siempre que \u201cen esa Comunidad jam\u00e1s fuese olvidado el amor a los infelices del mundo o negada la caridad a los hijos del Calvario, ni se pretendiera destruir las mejores edificaciones del sentimiento moral\u201d. En ese \u00ednterin, los colaboradores fueron reencarnando en lugares diversos, en \u00e9pocas diferentes, con distintas instrucciones y experiencias para que, al poco tiempo y cuando fuera necesario, se los convocara para cumplir los compromisos asumidos en la Espiritualidad. No todos residir\u00edan en la Comunidad, pero dondequiera que se encontrasen, enviar\u00edan su ayuda, extender\u00edan el mensaje evang\u00e9lico solidario y vigilante, ligado al trabajo com\u00fan.<\/p>\n\n\n\n<p class=\"has-black-color has-text-color has-link-color has-small-font-size wp-elements-c77111c8c49d554aef0b302551e50d15\">La Instituci\u00f3n fue creciendo, siempre comprometida con la asistencia a los sufrientes de la Tierra, los ca\u00eddos en las pruebas, los que se encuentran a un paso de la locura y del suicidio. Gracias a las actividades desarrolladas, tanto en el plano material como en el plano espiritual, con la terapia de emergencia a reci\u00e9n desencarnados y atenciones especiales, la \u201cMansi\u00f3n del Camino\u201d adquiri\u00f3 una vibraci\u00f3n de espiritualidad que sustituye a las vibraciones humanas de los que all\u00ed residen y colaboran.<\/p>\n\n\n\n<p class=\"has-black-color has-text-color has-link-color has-small-font-size wp-elements-c483746b3be8f6f60d215c9c0a19f9fe\">En 1964, Juana de \u00c1ngelis, por intermedio de Divaldo, escribi\u00f3 su primer libro esp\u00edrita: Mies de Amor. Es ella quien lo inspira en las conferencias, junto con otros Esp\u00edritus, como Vianna de Carvalho y Am\u00e9lia Rodrigues, despertando a las almas adormecidas hacia el cumplimiento de sus responsabilidades. Ante la imposibilidad de atender a todos los sedientos de luz a trav\u00e9s de la palabra hablada, Juana comenz\u00f3 a escribir m\u00e1s libros, m\u00e1s p\u00e1ginas de consuelo, que son distribuidos por varias partes del mundo, traducidos a diversos idiomas, imprimiendo mejor en los corazones sufrientes y carentes de luz el mensaje de amor del Maestro Galileo.<\/p>\n\n\n\n<p class=\"has-black-color has-text-color has-link-color has-small-font-size wp-elements-c41f997798bfda49074a4955e2a8253d\">Esp\u00edritu l\u00edder, Juana invit\u00f3 a entidades elevadas para participar en su equipo. En la literatura surgen Rabindranath Tagore, V\u00edctor Hugo, Manoel Philomeno de Miranda, Am\u00e9lia Rodrigues, Marco Prisco, Vianna de Carvalho y otros. En el \u00e1rea de la desobsesi\u00f3n, invita al Esp\u00edritu Simb\u00e1, pseud\u00f3nimo de un tuareg nubio que viv\u00eda cristianamente, como \u201cbuen samaritano\u201d, en las arenas calientes del desierto. Para atender a la mediumnidad, convoc\u00f3 a Jo\u00e3o Cleof\u00e1s. En la orientaci\u00f3n espiritual, reuni\u00f3 un grupo de m\u00e9dicos y enfermeros espirituales, entre ellos, el Dr. Bezerra de Menezes, Scheila y otros abnegados servidores. En el campo de la asistencia social, invit\u00f3 a Anal\u00eda Franco, Fabiano de Cristo e innumerables Esp\u00edritus con experiencia en el servicio al pr\u00f3jimo.<\/p>\n\n\n\n<p class=\"has-black-color has-text-color has-link-color has-small-font-size wp-elements-c863e65df65a3259933b43a298632657\">En uno de sus mensajes nos dice: \u201cEs evidente que nuestras pretensiones no ambicionan transformar nada, sino reformarnos a nosotros mismos. Primero, encender de entusiasmo y esperanza a la Tierra y a las personas de nuestros d\u00edas, profundizando estudios en el organismo de la codificaci\u00f3n esp\u00edrita, con el fin de llevarlo al entendimiento de las masas, repitiendo las experiencias santificantes de los \u201chombres del camino\u201d, que abrieron las puertas de las percepciones a las Entidades Espirituales en sus cen\u00e1culos de comunicaci\u00f3n con el Reino de Dios.<\/p>\n<\/div><\/div>\n\n\n\n<div class=\"wp-block-uagb-container uagb-block-e227c938 alignfull uagb-is-root-container\"><div class=\"uagb-container-inner-blocks-wrap\"><\/div><\/div>\n\n\n\n<div class=\"wp-block-uagb-container uagb-block-ca651344 alignfull uagb-is-root-container\"><div class=\"uagb-container-inner-blocks-wrap\"><\/div><\/div>","protected":false},"excerpt":{"rendered":"<p>Juana de \u00c1ngelis Mentora espiritual del m\u00e9dium Divaldo Franco, el Esp\u00edritu Juana de \u00c1ngelis es la autora de importantes obras que abordan temas existenciales, filos\u00f3ficos, religiosos, psicol\u00f3gicos, cuyo objetivo es la iluminaci\u00f3n del ser humano. Adem\u00e1s de convertirse en best-sellers, sus libros alcanzaron gran reconocimiento entre religiosos, fil\u00f3sofos espiritualistas, psic\u00f3logos, parapsic\u00f3logos y dem\u00e1s estudiosos del [&hellip;]<\/p>","protected":false},"author":1,"featured_media":0,"parent":0,"menu_order":0,"comment_status":"closed","ping_status":"closed","template":"","meta":{"_uag_custom_page_level_css":"","site-sidebar-layout":"default","site-content-layout":"","ast-site-content-layout":"default","site-content-style":"default","site-sidebar-style":"default","ast-global-header-display":"","ast-banner-title-visibility":"","ast-main-header-display":"","ast-hfb-above-header-display":"","ast-hfb-below-header-display":"","ast-hfb-mobile-header-display":"","site-post-title":"disabled","ast-breadcrumbs-content":"","ast-featured-img":"","footer-sml-layout":"","theme-transparent-header-meta":"","adv-header-id-meta":"","stick-header-meta":"","header-above-stick-meta":"","header-main-stick-meta":"","header-below-stick-meta":"","astra-migrate-meta-layouts":"set","ast-page-background-enabled":"default","ast-page-background-meta":{"desktop":{"background-color":"var(--ast-global-color-4)","background-image":"","background-repeat":"repeat","background-position":"center center","background-size":"auto","background-attachment":"scroll","background-type":"","background-media":"","overlay-type":"","overlay-color":"","overlay-opacity":"","overlay-gradient":""},"tablet":{"background-color":"","background-image":"","background-repeat":"repeat","background-position":"center center","background-size":"auto","background-attachment":"scroll","background-type":"","background-media":"","overlay-type":"","overlay-color":"","overlay-opacity":"","overlay-gradient":""},"mobile":{"background-color":"","background-image":"","background-repeat":"repeat","background-position":"center center","background-size":"auto","background-attachment":"scroll","background-type":"","background-media":"","overlay-type":"","overlay-color":"","overlay-opacity":"","overlay-gradient":""}},"ast-content-background-meta":{"desktop":{"background-color":"var(--ast-global-color-5)","background-image":"","background-repeat":"repeat","background-position":"center center","background-size":"auto","background-attachment":"scroll","background-type":"","background-media":"","overlay-type":"","overlay-color":"","overlay-opacity":"","overlay-gradient":""},"tablet":{"background-color":"var(--ast-global-color-5)","background-image":"","background-repeat":"repeat","background-position":"center center","background-size":"auto","background-attachment":"scroll","background-type":"","background-media":"","overlay-type":"","overlay-color":"","overlay-opacity":"","overlay-gradient":""},"mobile":{"background-color":"var(--ast-global-color-5)","background-image":"","background-repeat":"repeat","background-position":"center center","background-size":"auto","background-attachment":"scroll","background-type":"","background-media":"","overlay-type":"","overlay-color":"","overlay-opacity":"","overlay-gradient":""}},"footnotes":""},"class_list":["post-5888","page","type-page","status-publish","hentry"],"yoast_head":"<!-- This site is optimized with the Yoast SEO Premium plugin v24.2 (Yoast SEO v24.6) - https:\/\/yoast.com\/wordpress\/plugins\/seo\/ -->\n<title>Juana de \u00c1ngelis - Uni\u00f3n Esp\u00edrita<\/title>\n<meta name=\"robots\" content=\"index, follow, max-snippet:-1, max-image-preview:large, max-video-preview:-1\" \/>\n<link rel=\"canonical\" href=\"https:\/\/nuevo-renacer.com\/it\/juana-de-angelis\/\" \/>\n<meta property=\"og:locale\" content=\"it_IT\" \/>\n<meta property=\"og:type\" content=\"article\" \/>\n<meta property=\"og:title\" content=\"Juana de \u00c1ngelis\" \/>\n<meta property=\"og:description\" content=\"Juana de \u00c1ngelis Mentora espiritual del m\u00e9dium Divaldo Franco, el Esp\u00edritu Juana de \u00c1ngelis es la autora de importantes obras que abordan temas existenciales, filos\u00f3ficos, religiosos, psicol\u00f3gicos, cuyo objetivo es la iluminaci\u00f3n del ser humano. Adem\u00e1s de convertirse en best-sellers, sus libros alcanzaron gran reconocimiento entre religiosos, fil\u00f3sofos espiritualistas, psic\u00f3logos, parapsic\u00f3logos y dem\u00e1s estudiosos del [&hellip;]\" \/>\n<meta property=\"og:url\" content=\"https:\/\/nuevo-renacer.com\/it\/juana-de-angelis\/\" \/>\n<meta property=\"og:site_name\" content=\"Uni\u00f3n Esp\u00edrita\" \/>\n<meta property=\"article:publisher\" content=\"https:\/\/www.facebook.com\/groups\/3431398063740829\" \/>\n<meta property=\"article:modified_time\" content=\"2024-11-07T07:37:39+00:00\" \/>\n<meta property=\"og:image\" content=\"https:\/\/nuevo-renacer.com\/wp-content\/uploads\/2024\/11\/Fundo-Joanna-branco-copy_edited.webp\" \/>\n\t<meta property=\"og:image:width\" content=\"560\" \/>\n\t<meta property=\"og:image:height\" content=\"604\" \/>\n\t<meta property=\"og:image:type\" content=\"image\/webp\" \/>\n<meta name=\"twitter:card\" content=\"summary_large_image\" \/>\n<meta name=\"twitter:label1\" content=\"Tempo di lettura stimato\" \/>\n\t<meta name=\"twitter:data1\" content=\"6 minuti\" \/>\n<script type=\"application\/ld+json\" class=\"yoast-schema-graph\">{\"@context\":\"https:\/\/schema.org\",\"@graph\":[{\"@type\":\"WebPage\",\"@id\":\"https:\/\/nuevo-renacer.com\/juana-de-angelis\/\",\"url\":\"https:\/\/nuevo-renacer.com\/juana-de-angelis\/\",\"name\":\"Juana de \u00c1ngelis - Uni\u00f3n Esp\u00edrita\",\"isPartOf\":{\"@id\":\"https:\/\/nuevo-renacer.com\/#website\"},\"primaryImageOfPage\":{\"@id\":\"https:\/\/nuevo-renacer.com\/juana-de-angelis\/#primaryimage\"},\"image\":{\"@id\":\"https:\/\/nuevo-renacer.com\/juana-de-angelis\/#primaryimage\"},\"thumbnailUrl\":\"https:\/\/nuevo-renacer.com\/wp-content\/uploads\/2024\/11\/Fundo-Joanna-branco-copy_edited.webp\",\"datePublished\":\"2024-11-07T07:32:18+00:00\",\"dateModified\":\"2024-11-07T07:37:39+00:00\",\"breadcrumb\":{\"@id\":\"https:\/\/nuevo-renacer.com\/juana-de-angelis\/#breadcrumb\"},\"inLanguage\":\"it-IT\",\"potentialAction\":[{\"@type\":\"ReadAction\",\"target\":[\"https:\/\/nuevo-renacer.com\/juana-de-angelis\/\"]}]},{\"@type\":\"ImageObject\",\"inLanguage\":\"it-IT\",\"@id\":\"https:\/\/nuevo-renacer.com\/juana-de-angelis\/#primaryimage\",\"url\":\"https:\/\/nuevo-renacer.com\/wp-content\/uploads\/2024\/11\/Fundo-Joanna-branco-copy_edited.webp\",\"contentUrl\":\"https:\/\/nuevo-renacer.com\/wp-content\/uploads\/2024\/11\/Fundo-Joanna-branco-copy_edited.webp\"},{\"@type\":\"BreadcrumbList\",\"@id\":\"https:\/\/nuevo-renacer.com\/juana-de-angelis\/#breadcrumb\",\"itemListElement\":[{\"@type\":\"ListItem\",\"position\":1,\"name\":\"Startseite\",\"item\":\"https:\/\/nuevo-renacer.com\/\"},{\"@type\":\"ListItem\",\"position\":2,\"name\":\"Juana de \u00c1ngelis\"}]},{\"@type\":\"WebSite\",\"@id\":\"https:\/\/nuevo-renacer.com\/#website\",\"url\":\"https:\/\/nuevo-renacer.com\/\",\"name\":\"Uni\u00f3n Esp\u00edrita\",\"description\":\"Nuevo Renacer\",\"publisher\":{\"@id\":\"https:\/\/nuevo-renacer.com\/#organization\"},\"potentialAction\":[{\"@type\":\"SearchAction\",\"target\":{\"@type\":\"EntryPoint\",\"urlTemplate\":\"https:\/\/nuevo-renacer.com\/?s={search_term_string}\"},\"query-input\":{\"@type\":\"PropertyValueSpecification\",\"valueRequired\":true,\"valueName\":\"search_term_string\"}}],\"inLanguage\":\"it-IT\"},{\"@type\":\"Organization\",\"@id\":\"https:\/\/nuevo-renacer.com\/#organization\",\"name\":\"UFEC\",\"url\":\"https:\/\/nuevo-renacer.com\/\",\"logo\":{\"@type\":\"ImageObject\",\"inLanguage\":\"it-IT\",\"@id\":\"https:\/\/nuevo-renacer.com\/#\/schema\/logo\/image\/\",\"url\":\"https:\/\/nuevo-renacer.com\/wp-content\/uploads\/2024\/05\/cropped-LOGO-TERMINADO1-3-3.png\",\"contentUrl\":\"https:\/\/nuevo-renacer.com\/wp-content\/uploads\/2024\/05\/cropped-LOGO-TERMINADO1-3-3.png\",\"width\":512,\"height\":512,\"caption\":\"UFEC\"},\"image\":{\"@id\":\"https:\/\/nuevo-renacer.com\/#\/schema\/logo\/image\/\"},\"sameAs\":[\"https:\/\/www.facebook.com\/groups\/3431398063740829\"]}]}<\/script>\n<!-- \/ Yoast SEO Premium plugin. -->","yoast_head_json":{"title":"Juana de \u00c1ngelis - Uni\u00f3n Esp\u00edrita","robots":{"index":"index","follow":"follow","max-snippet":"max-snippet:-1","max-image-preview":"max-image-preview:large","max-video-preview":"max-video-preview:-1"},"canonical":"https:\/\/nuevo-renacer.com\/it\/juana-de-angelis\/","og_locale":"it_IT","og_type":"article","og_title":"Juana de \u00c1ngelis","og_description":"Juana de \u00c1ngelis Mentora espiritual del m\u00e9dium Divaldo Franco, el Esp\u00edritu Juana de \u00c1ngelis es la autora de importantes obras que abordan temas existenciales, filos\u00f3ficos, religiosos, psicol\u00f3gicos, cuyo objetivo es la iluminaci\u00f3n del ser humano. Adem\u00e1s de convertirse en best-sellers, sus libros alcanzaron gran reconocimiento entre religiosos, fil\u00f3sofos espiritualistas, psic\u00f3logos, parapsic\u00f3logos y dem\u00e1s estudiosos del [&hellip;]","og_url":"https:\/\/nuevo-renacer.com\/it\/juana-de-angelis\/","og_site_name":"Uni\u00f3n Esp\u00edrita","article_publisher":"https:\/\/www.facebook.com\/groups\/3431398063740829","article_modified_time":"2024-11-07T07:37:39+00:00","og_image":[{"width":560,"height":604,"url":"https:\/\/nuevo-renacer.com\/wp-content\/uploads\/2024\/11\/Fundo-Joanna-branco-copy_edited.webp","type":"image\/webp"}],"twitter_card":"summary_large_image","twitter_misc":{"Tempo di lettura stimato":"6 minuti"},"schema":{"@context":"https:\/\/schema.org","@graph":[{"@type":"WebPage","@id":"https:\/\/nuevo-renacer.com\/juana-de-angelis\/","url":"https:\/\/nuevo-renacer.com\/juana-de-angelis\/","name":"Juana de \u00c1ngelis - Uni\u00f3n Esp\u00edrita","isPartOf":{"@id":"https:\/\/nuevo-renacer.com\/#website"},"primaryImageOfPage":{"@id":"https:\/\/nuevo-renacer.com\/juana-de-angelis\/#primaryimage"},"image":{"@id":"https:\/\/nuevo-renacer.com\/juana-de-angelis\/#primaryimage"},"thumbnailUrl":"https:\/\/nuevo-renacer.com\/wp-content\/uploads\/2024\/11\/Fundo-Joanna-branco-copy_edited.webp","datePublished":"2024-11-07T07:32:18+00:00","dateModified":"2024-11-07T07:37:39+00:00","breadcrumb":{"@id":"https:\/\/nuevo-renacer.com\/juana-de-angelis\/#breadcrumb"},"inLanguage":"it-IT","potentialAction":[{"@type":"ReadAction","target":["https:\/\/nuevo-renacer.com\/juana-de-angelis\/"]}]},{"@type":"ImageObject","inLanguage":"it-IT","@id":"https:\/\/nuevo-renacer.com\/juana-de-angelis\/#primaryimage","url":"https:\/\/nuevo-renacer.com\/wp-content\/uploads\/2024\/11\/Fundo-Joanna-branco-copy_edited.webp","contentUrl":"https:\/\/nuevo-renacer.com\/wp-content\/uploads\/2024\/11\/Fundo-Joanna-branco-copy_edited.webp"},{"@type":"BreadcrumbList","@id":"https:\/\/nuevo-renacer.com\/juana-de-angelis\/#breadcrumb","itemListElement":[{"@type":"ListItem","position":1,"name":"Startseite","item":"https:\/\/nuevo-renacer.com\/"},{"@type":"ListItem","position":2,"name":"Juana de \u00c1ngelis"}]},{"@type":"WebSite","@id":"https:\/\/nuevo-renacer.com\/#website","url":"https:\/\/nuevo-renacer.com\/","name":"Uni\u00f3n Esp\u00edrita","description":"Nuevo Renacer","publisher":{"@id":"https:\/\/nuevo-renacer.com\/#organization"},"potentialAction":[{"@type":"SearchAction","target":{"@type":"EntryPoint","urlTemplate":"https:\/\/nuevo-renacer.com\/?s={search_term_string}"},"query-input":{"@type":"PropertyValueSpecification","valueRequired":true,"valueName":"search_term_string"}}],"inLanguage":"it-IT"},{"@type":"Organization","@id":"https:\/\/nuevo-renacer.com\/#organization","name":"UFEC","url":"https:\/\/nuevo-renacer.com\/","logo":{"@type":"ImageObject","inLanguage":"it-IT","@id":"https:\/\/nuevo-renacer.com\/#\/schema\/logo\/image\/","url":"https:\/\/nuevo-renacer.com\/wp-content\/uploads\/2024\/05\/cropped-LOGO-TERMINADO1-3-3.png","contentUrl":"https:\/\/nuevo-renacer.com\/wp-content\/uploads\/2024\/05\/cropped-LOGO-TERMINADO1-3-3.png","width":512,"height":512,"caption":"UFEC"},"image":{"@id":"https:\/\/nuevo-renacer.com\/#\/schema\/logo\/image\/"},"sameAs":["https:\/\/www.facebook.com\/groups\/3431398063740829"]}]}},"uagb_featured_image_src":{"full":false,"thumbnail":false,"medium":false,"medium_large":false,"large":false,"1536x1536":false,"2048x2048":false,"trp-custom-language-flag":false},"uagb_author_info":{"display_name":"adbv0","author_link":"https:\/\/nuevo-renacer.com\/it\/author\/adbv0\/"},"uagb_comment_info":0,"uagb_excerpt":"Juana de \u00c1ngelis Mentora espiritual del m\u00e9dium Divaldo Franco, el Esp\u00edritu Juana de \u00c1ngelis es la autora de importantes obras que abordan temas existenciales, filos\u00f3ficos, religiosos, psicol\u00f3gicos, cuyo objetivo es la iluminaci\u00f3n del ser humano. Adem\u00e1s de convertirse en best-sellers, sus libros alcanzaron gran reconocimiento entre religiosos, fil\u00f3sofos espiritualistas, psic\u00f3logos, parapsic\u00f3logos y dem\u00e1s estudiosos del&hellip;","jetpack_sharing_enabled":true,"_links":{"self":[{"href":"https:\/\/nuevo-renacer.com\/it\/wp-json\/wp\/v2\/pages\/5888","targetHints":{"allow":["GET"]}}],"collection":[{"href":"https:\/\/nuevo-renacer.com\/it\/wp-json\/wp\/v2\/pages"}],"about":[{"href":"https:\/\/nuevo-renacer.com\/it\/wp-json\/wp\/v2\/types\/page"}],"author":[{"embeddable":true,"href":"https:\/\/nuevo-renacer.com\/it\/wp-json\/wp\/v2\/users\/1"}],"replies":[{"embeddable":true,"href":"https:\/\/nuevo-renacer.com\/it\/wp-json\/wp\/v2\/comments?post=5888"}],"version-history":[{"count":2,"href":"https:\/\/nuevo-renacer.com\/it\/wp-json\/wp\/v2\/pages\/5888\/revisions"}],"predecessor-version":[{"id":5891,"href":"https:\/\/nuevo-renacer.com\/it\/wp-json\/wp\/v2\/pages\/5888\/revisions\/5891"}],"wp:attachment":[{"href":"https:\/\/nuevo-renacer.com\/it\/wp-json\/wp\/v2\/media?parent=5888"}],"curies":[{"name":"wp","href":"https:\/\/api.w.org\/{rel}","templated":true}]}}