{"id":5825,"date":"2024-10-29T07:06:51","date_gmt":"2024-10-29T07:06:51","guid":{"rendered":"https:\/\/nuevo-renacer.com\/?page_id=5825"},"modified":"2025-05-23T09:38:17","modified_gmt":"2025-05-23T09:38:17","slug":"el-futuro-del-hombre","status":"publish","type":"page","link":"https:\/\/nuevo-renacer.com\/it\/el-futuro-del-hombre\/","title":{"rendered":"El futuro del hombre"},"content":{"rendered":"<div class=\"wp-block-uagb-container uagb-block-669464db alignfull uagb-is-root-container\"><div class=\"uagb-container-inner-blocks-wrap\">\n<p class=\"has-black-color has-text-color has-link-color has-medium-font-size wp-elements-e3a48136e05d6be2e91d0ae8b076bdea\"><strong>El futuro del hombre<\/strong><\/p>\n<\/div><\/div>\n\n\n\n<div class=\"wp-block-uagb-container uagb-block-ba73bf0d alignfull uagb-is-root-container\"><div class=\"uagb-container-inner-blocks-wrap\">\n<figure class=\"wp-block-image size-full is-resized\"><img fetchpriority=\"high\" decoding=\"async\" width=\"626\" height=\"351\" src=\"https:\/\/nuevo-renacer.com\/wp-content\/uploads\/2024\/10\/image.jpeg\" alt=\"Dieses Bild hat ein leeres Alt-Attribut. Der Dateiname ist product-display-hd-8k-wallpaper-stock-photographic-image_1030895-36861.jpg\" class=\"wp-image-5830\" style=\"width:264px;height:auto\" srcset=\"https:\/\/nuevo-renacer.com\/wp-content\/uploads\/2024\/10\/image.jpeg 626w, https:\/\/nuevo-renacer.com\/wp-content\/uploads\/2024\/10\/image-300x168.jpeg 300w, https:\/\/nuevo-renacer.com\/wp-content\/uploads\/2024\/10\/image-18x10.jpeg 18w\" sizes=\"(max-width: 626px) 100vw, 626px\" \/><\/figure>\n<\/div><\/div>\n\n\n\n<div class=\"wp-block-uagb-container uagb-block-e389c601 alignfull uagb-is-root-container\"><div class=\"uagb-container-inner-blocks-wrap\">\n<p class=\"has-black-color has-text-color has-link-color has-small-font-size wp-elements-fdc2c69a0498ba5ee230ac56e360c0c8\">Por m\u00e1s que la mente humana indague con respecto a la vida, en la actual coyuntura del conocimiento intelectual, a pesar de ser innegablemente vasto, se nos torna muy dif\u00edcil encontrar las respuestas adecuadas que le permitan definir todo su sentido y significado.<\/p>\n\n\n\n<p class=\"has-black-color has-text-color has-link-color has-small-font-size wp-elements-aa7bd9caffaf2ab02e588bfc285401e4\">Reduciendo la vida al azar absurdo, destituido de cualquier l\u00f3gica, algunos investigadores la simplificaron, eliminando as\u00ed las mayores complicaciones en torno a su magnitud.<\/p>\n\n\n\n<p class=\"has-black-color has-text-color has-link-color has-small-font-size wp-elements-792787548f97919b5e8e7964a11a3631\">Otros la establecieron sobre contenidos mitol\u00f3gicos de f\u00e1cil aceptaci\u00f3n gracias a los componentes de lo sobrenatural y maravilloso.<\/p>\n\n\n\n<p class=\"has-black-color has-text-color has-link-color has-small-font-size wp-elements-2beca0ec1c3f9df6af01b8f0d367b0d2\">Sin embargo el milagro de la vida es mucho m\u00e1s complejo y por eso mismo, su punto de partida solamente puede ser encontrado en el Creador que la elabor\u00f3 y la viene conduciendo a trav\u00e9s de billones de a\u00f1os, produciendo en su estructura las indispensables adaptaciones, como sus desdoblamientos y variaciones.<\/p>\n\n\n\n<p class=\"has-black-color has-text-color has-link-color has-small-font-size wp-elements-6436450b78aff35bf2b13176682e2368\">En lo que concierne a la vida humana en s\u00ed misma, detectamos su g\u00e9nesis en el Psiquismo Divino que lo concibi\u00f3 y lo inspira, proporcion\u00e1ndole la energ\u00eda de que se nutre, y que la impulsa al crecimiento por medio de las m\u00faltiples reencarnaciones del Esp\u00edritu inmortal, denominado tambi\u00e9n principio inteligente del Universo.<\/p>\n\n\n\n<p class=\"has-black-color has-text-color has-link-color has-small-font-size wp-elements-c891ab58228bf51251146215726ef94f\">Ignorante en cuanto a su destino, el Esp\u00edritu despierta a la propia realidad mediante las experiencias intelectuales y vivencias morales que lo capacitan para la conquista de la plenitud.<\/p>\n\n\n\n<p class=\"has-black-color has-text-color has-link-color has-small-font-size wp-elements-9e8812edb678c8547a55d52600d52daa\">Lo mismo que la humilde semilla, que jam\u00e1s podr\u00e1 contemplar la dorada espiga, por causa de la muerte que proporciona el surgimiento del grano, el Esp\u00edritu, no percibe el \u00e1ngel que se encuentra dentro de s\u00ed y que un d\u00eda surcar\u00e1 los infinitos r\u00edos de la inmortalidad.<\/p>\n\n\n\n<p class=\"has-black-color has-text-color has-link-color has-small-font-size wp-elements-50f783468c56a1c84222ed6259b86045\">Sin embargo, cuanto m\u00e1s se ampl\u00edan sus facultades y su discernimiento, ese proceso de evoluci\u00f3n est\u00e1 marcado por desaf\u00edos, cada vez m\u00e1s importantes y significativos.<\/p>\n\n\n\n<p class=\"has-black-color has-text-color has-link-color has-small-font-size wp-elements-9a707ecc0b48ccdf18aa75b660ce59f3\">El despertar de los valores internos es, en cierta manera, desgarrador en todas las especie.<\/p>\n\n\n\n<p class=\"has-black-color has-text-color has-link-color has-small-font-size wp-elements-1edd3817e41e62eaf3a44a0f4ec4a8d3\">As\u00ed como la vida vegetal rompe la c\u00e1scara protectora de la semilla, con el fin de liberarse, el ser humano se ve envuelto por el fuerte caparaz\u00f3n que lo encarcela desde el principio y cuya prisi\u00f3n le deja marcas profundas que en el futuro deben ser eliminadas, en raz\u00f3n directa en que se desarrolla y que pasa a aspirar los espacios m\u00e1s amplios y de m\u00e1s glorioso destino.<\/p>\n\n\n\n<p class=\"has-black-color has-text-color has-link-color has-small-font-size wp-elements-bd8beb0d174d4d53f02b323a251d8a3f\">Por tanto, la lucha se le hace m\u00e1s intensa, sin cuartel, aumentando en la medida su capacidad de resistencia y de esclarecimiento que le posibilitan las conquistas.<\/p>\n\n\n\n<p class=\"has-black-color has-text-color has-link-color has-small-font-size wp-elements-f73f30add01c62d8fbca7e5e7968b181\">Vivir es un desaf\u00edo sublime y realizarlo con sabidur\u00eda es una bienaventuranza que se encuentra a disposici\u00f3n de todo aquel que decididamente se propone avanzar, auto superarse y alcanzar la comuni\u00f3n con Dios.<\/p>\n\n\n\n<p class=\"has-black-color has-text-color has-link-color has-small-font-size wp-elements-ce98d33374d530b488b0c3ea55a883e5\">Ruda es la tarea. Escarpadas las pendientes que hay que trepar. La espantosa espiral que hay que recorrer vemos que se desarrolla sin final aparente. Pero nuestras fuerzas no tienen l\u00edmite, puesto que podemos renovarlas sin cesar por la voluntad y la comuni\u00f3n universal.<\/p>\n\n\n\n<p class=\"has-black-color has-text-color has-link-color has-small-font-size wp-elements-e93f8ccb96b9709ba386ddac1f0ad24e\">Recordemos, que no somos los \u00fanicos que efectuamos este gran viaje. No solamente alcanzaremos, tarde o temprano, a los seres amados, a los compa\u00f1eros de vidas pasadas, a aquellos que compartieron nuestras alegr\u00edas y nuestras penas, sino tambi\u00e9n a otros grandes Seres que fueron hombres o mujeres en la Tierra y que ahora son Esp\u00edritus Superiores que nos acompa\u00f1an en los pasos dif\u00edciles.<\/p>\n\n\n\n<p class=\"has-black-color has-text-color has-link-color has-small-font-size wp-elements-d8737d6f4d30df32201b05ba34655022\">Sabemos que aquellos que nos han adelantado en la vida celeste no se desinteresan de nosotros, y cuando la tempestad se manifiesta en nuestro camino, sus caritativas manos sostienen nuestra marcha.<\/p>\n\n\n\n<p class=\"has-black-color has-text-color has-link-color has-small-font-size wp-elements-e29b4f3f2639a99f8ef1a433f8a0ec36\">Lenta y dolorosamente nos preparamos para responsabilidades cada vez m\u00e1s grandes. Y cuanto m\u00e1s participamos en la ejecuci\u00f3n de un plan a medida, nuestra ascensi\u00f3n se acent\u00faa, y m\u00e1s grandes ser\u00e1n las revelaciones que recibiremos.<\/p>\n\n\n\n<p class=\"has-black-color has-text-color has-link-color has-small-font-size wp-elements-f756f4a67e27eb2992d58a9905220e7b\">El Universo flu\u00eddico se torna cada vez m\u00e1s amplio y se transforma en una fuente inagotable de goces espirituales.<\/p>\n\n\n\n<p class=\"has-black-color has-text-color has-link-color has-small-font-size wp-elements-c24db11eb932250d78e24b5bee2efac8\">M\u00e1s tarde vendr\u00e1 la hora en que despu\u00e9s de sus peregrinaciones a trav\u00e9s de los diferentes mundos, el alma contemplar\u00e1 desde las regiones superiores la larga comitiva de los sufrimientos pasados y comprender\u00e1 al fin, que estos sufrimientos han sido el precio de la felicidad, y que aquellas pruebas superadas no han causado m\u00e1s que su bien.<\/p>\n\n\n\n<p class=\"has-black-color has-text-color has-link-color has-small-font-size wp-elements-ddb54ecdc4b8d04094f3ad90a097957b\">\u00bfLlegar\u00e1 al alma el t\u00e9rmino de su viaje? Avanzando en el camino trazado, el alma ver\u00e1 abrirse siempre nuevos campos de estudio y descubrimiento. Llegar\u00e1 a penetrar en la armon\u00eda de las cosas y comprender que no existe en el Universo ninguna discordia, ninguna contradicci\u00f3n, ya que por todas partes reinan la sabidur\u00eda, el orden, la previsi\u00f3n, disfrutando as\u00ed de un modo m\u00e1s intenso la felicidad de una vida bienaventurada.<\/p>\n\n\n\n<p class=\"has-black-color has-text-color has-link-color has-small-font-size wp-elements-d1604305ce38c2683b381617b211a75b\">Despu\u00e9s, un d\u00eda, ablandada por las tempestades y huracanes de la adversidad, madurada por los rayos del sol divino, saldr\u00e1 de la sombra de los tiempos, de la oscuridad de las innumerables vidas, y sus facultades as\u00ed como su inteligencia, se revelar\u00e1n como un reflejo del genio divino.<\/p>\n\n\n\n<p class=\"has-black-color has-text-color has-link-color has-small-font-size wp-elements-cd345bbe57dfc714165f5112bc1ff95c\">Nadie se encontrar\u00eda reencarnado en la Tierra, si la existencia f\u00edsica no tuviese una finalidad superior.<\/p>\n\n\n\n<p class=\"has-black-color has-text-color has-link-color has-small-font-size wp-elements-e9ec779635e53db209e5c6efd4295a40\">El Ser es el producto de un largo proceso de desarrollo de los infinitos valores que duermen latentes en el, aguardando los medios propiciatorios para su manifestaci\u00f3n.<\/p>\n\n\n\n<p class=\"has-black-color has-text-color has-link-color has-small-font-size wp-elements-a0bfda1be0cb1654ad51e3dec78e6848\">Etapa a etapa, paso a paso, son realizados los progresos que se fijan mediante los h\u00e1bitos que se incorporan a la individualidad, siendo el resultado de la suma de vivencias de las m\u00e1s variadas reencarnaciones.<\/p>\n\n\n\n<p class=\"has-black-color has-text-color has-link-color has-small-font-size wp-elements-df2ce8b19f66556e1c64ef1230d7c49c\">En una de ellas nos encontramos ahora todos nosotros. No dejemos escapar esta oportunidad, este singular momento que se nos ha ofrecido para mejorarnos y progresar espiritualmente, y consigamos con nuestro esfuerzo aprobar el curso de esta dif\u00edcil asignatura. Pero al tiempo \u201cmaravillosa experiencia\u201d.<\/p>\n\n\n\n<p><\/p>\n\n\n\n<p class=\"has-black-color has-text-color has-link-color has-small-font-size wp-elements-55167fb7dea0ec97142ab667f4aa5893\">Art\u00edculo redactado por Juan Miguel Fern\u00e1ndez Mu\u00f1oz<\/p>\n<\/div><\/div>\n\n\n\n<div class=\"wp-block-uagb-container uagb-block-98894f07 alignfull uagb-is-root-container\"><div class=\"uagb-container-inner-blocks-wrap\"><\/div><\/div>\n\n\n\n<div class=\"wp-block-uagb-container uagb-block-cb3a8b3f alignfull uagb-is-root-container\"><div class=\"uagb-container-inner-blocks-wrap\"><\/div><\/div>","protected":false},"excerpt":{"rendered":"<p>El futuro del hombre Por m\u00e1s que la mente humana indague con respecto a la vida, en la actual coyuntura del conocimiento intelectual, a pesar de ser innegablemente vasto, se nos torna muy dif\u00edcil encontrar las respuestas adecuadas que le permitan definir todo su sentido y significado. Reduciendo la vida al azar absurdo, destituido de [&hellip;]<\/p>","protected":false},"author":1,"featured_media":0,"parent":0,"menu_order":0,"comment_status":"closed","ping_status":"closed","template":"","meta":{"_uag_custom_page_level_css":"","site-sidebar-layout":"default","site-content-layout":"","ast-site-content-layout":"default","site-content-style":"default","site-sidebar-style":"default","ast-global-header-display":"","ast-banner-title-visibility":"","ast-main-header-display":"","ast-hfb-above-header-display":"","ast-hfb-below-header-display":"","ast-hfb-mobile-header-display":"","site-post-title":"disabled","ast-breadcrumbs-content":"","ast-featured-img":"","footer-sml-layout":"","theme-transparent-header-meta":"","adv-header-id-meta":"","stick-header-meta":"","header-above-stick-meta":"","header-main-stick-meta":"","header-below-stick-meta":"","astra-migrate-meta-layouts":"set","ast-page-background-enabled":"default","ast-page-background-meta":{"desktop":{"background-color":"var(--ast-global-color-4)","background-image":"","background-repeat":"repeat","background-position":"center center","background-size":"auto","background-attachment":"scroll","background-type":"","background-media":"","overlay-type":"","overlay-color":"","overlay-opacity":"","overlay-gradient":""},"tablet":{"background-color":"","background-image":"","background-repeat":"repeat","background-position":"center center","background-size":"auto","background-attachment":"scroll","background-type":"","background-media":"","overlay-type":"","overlay-color":"","overlay-opacity":"","overlay-gradient":""},"mobile":{"background-color":"","background-image":"","background-repeat":"repeat","background-position":"center center","background-size":"auto","background-attachment":"scroll","background-type":"","background-media":"","overlay-type":"","overlay-color":"","overlay-opacity":"","overlay-gradient":""}},"ast-content-background-meta":{"desktop":{"background-color":"var(--ast-global-color-5)","background-image":"","background-repeat":"repeat","background-position":"center center","background-size":"auto","background-attachment":"scroll","background-type":"","background-media":"","overlay-type":"","overlay-color":"","overlay-opacity":"","overlay-gradient":""},"tablet":{"background-color":"var(--ast-global-color-5)","background-image":"","background-repeat":"repeat","background-position":"center center","background-size":"auto","background-attachment":"scroll","background-type":"","background-media":"","overlay-type":"","overlay-color":"","overlay-opacity":"","overlay-gradient":""},"mobile":{"background-color":"var(--ast-global-color-5)","background-image":"","background-repeat":"repeat","background-position":"center center","background-size":"auto","background-attachment":"scroll","background-type":"","background-media":"","overlay-type":"","overlay-color":"","overlay-opacity":"","overlay-gradient":""}},"footnotes":""},"class_list":["post-5825","page","type-page","status-publish","hentry"],"yoast_head":"<!-- This site is optimized with the Yoast SEO Premium plugin v24.2 (Yoast SEO v24.6) - https:\/\/yoast.com\/wordpress\/plugins\/seo\/ -->\n<title>El futuro del hombre - Uni\u00f3n Esp\u00edrita<\/title>\n<meta name=\"robots\" content=\"index, follow, max-snippet:-1, max-image-preview:large, max-video-preview:-1\" \/>\n<link rel=\"canonical\" href=\"https:\/\/nuevo-renacer.com\/it\/el-futuro-del-hombre\/\" \/>\n<meta property=\"og:locale\" content=\"it_IT\" \/>\n<meta property=\"og:type\" content=\"article\" \/>\n<meta property=\"og:title\" content=\"El futuro del hombre\" \/>\n<meta property=\"og:description\" content=\"El futuro del hombre Por m\u00e1s que la mente humana indague con respecto a la vida, en la actual coyuntura del conocimiento intelectual, a pesar de ser innegablemente vasto, se nos torna muy dif\u00edcil encontrar las respuestas adecuadas que le permitan definir todo su sentido y significado. Reduciendo la vida al azar absurdo, destituido de [&hellip;]\" \/>\n<meta property=\"og:url\" content=\"https:\/\/nuevo-renacer.com\/it\/el-futuro-del-hombre\/\" \/>\n<meta property=\"og:site_name\" content=\"Uni\u00f3n Esp\u00edrita\" \/>\n<meta property=\"article:publisher\" content=\"https:\/\/www.facebook.com\/groups\/3431398063740829\" \/>\n<meta property=\"article:modified_time\" content=\"2025-05-23T09:38:17+00:00\" \/>\n<meta property=\"og:image\" content=\"https:\/\/nuevo-renacer.com\/wp-content\/uploads\/2024\/10\/image.jpeg\" \/>\n\t<meta property=\"og:image:width\" content=\"626\" \/>\n\t<meta property=\"og:image:height\" content=\"351\" \/>\n\t<meta property=\"og:image:type\" content=\"image\/jpeg\" \/>\n<meta name=\"twitter:card\" content=\"summary_large_image\" \/>\n<meta name=\"twitter:label1\" content=\"Tempo di lettura stimato\" \/>\n\t<meta name=\"twitter:data1\" content=\"6 minuti\" \/>\n<script type=\"application\/ld+json\" class=\"yoast-schema-graph\">{\"@context\":\"https:\/\/schema.org\",\"@graph\":[{\"@type\":\"WebPage\",\"@id\":\"https:\/\/nuevo-renacer.com\/el-futuro-del-hombre\/\",\"url\":\"https:\/\/nuevo-renacer.com\/el-futuro-del-hombre\/\",\"name\":\"El futuro del hombre - Uni\u00f3n Esp\u00edrita\",\"isPartOf\":{\"@id\":\"https:\/\/nuevo-renacer.com\/#website\"},\"primaryImageOfPage\":{\"@id\":\"https:\/\/nuevo-renacer.com\/el-futuro-del-hombre\/#primaryimage\"},\"image\":{\"@id\":\"https:\/\/nuevo-renacer.com\/el-futuro-del-hombre\/#primaryimage\"},\"thumbnailUrl\":\"https:\/\/nuevo-renacer.com\/wp-content\/uploads\/2024\/10\/image.jpeg\",\"datePublished\":\"2024-10-29T07:06:51+00:00\",\"dateModified\":\"2025-05-23T09:38:17+00:00\",\"breadcrumb\":{\"@id\":\"https:\/\/nuevo-renacer.com\/el-futuro-del-hombre\/#breadcrumb\"},\"inLanguage\":\"it-IT\",\"potentialAction\":[{\"@type\":\"ReadAction\",\"target\":[\"https:\/\/nuevo-renacer.com\/el-futuro-del-hombre\/\"]}]},{\"@type\":\"ImageObject\",\"inLanguage\":\"it-IT\",\"@id\":\"https:\/\/nuevo-renacer.com\/el-futuro-del-hombre\/#primaryimage\",\"url\":\"https:\/\/nuevo-renacer.com\/wp-content\/uploads\/2024\/10\/image.jpeg\",\"contentUrl\":\"https:\/\/nuevo-renacer.com\/wp-content\/uploads\/2024\/10\/image.jpeg\"},{\"@type\":\"BreadcrumbList\",\"@id\":\"https:\/\/nuevo-renacer.com\/el-futuro-del-hombre\/#breadcrumb\",\"itemListElement\":[{\"@type\":\"ListItem\",\"position\":1,\"name\":\"Startseite\",\"item\":\"https:\/\/nuevo-renacer.com\/\"},{\"@type\":\"ListItem\",\"position\":2,\"name\":\"El futuro del hombre\"}]},{\"@type\":\"WebSite\",\"@id\":\"https:\/\/nuevo-renacer.com\/#website\",\"url\":\"https:\/\/nuevo-renacer.com\/\",\"name\":\"Uni\u00f3n Esp\u00edrita\",\"description\":\"Nuevo Renacer\",\"publisher\":{\"@id\":\"https:\/\/nuevo-renacer.com\/#organization\"},\"potentialAction\":[{\"@type\":\"SearchAction\",\"target\":{\"@type\":\"EntryPoint\",\"urlTemplate\":\"https:\/\/nuevo-renacer.com\/?s={search_term_string}\"},\"query-input\":{\"@type\":\"PropertyValueSpecification\",\"valueRequired\":true,\"valueName\":\"search_term_string\"}}],\"inLanguage\":\"it-IT\"},{\"@type\":\"Organization\",\"@id\":\"https:\/\/nuevo-renacer.com\/#organization\",\"name\":\"UFEC\",\"url\":\"https:\/\/nuevo-renacer.com\/\",\"logo\":{\"@type\":\"ImageObject\",\"inLanguage\":\"it-IT\",\"@id\":\"https:\/\/nuevo-renacer.com\/#\/schema\/logo\/image\/\",\"url\":\"https:\/\/nuevo-renacer.com\/wp-content\/uploads\/2024\/05\/cropped-LOGO-TERMINADO1-3-3.png\",\"contentUrl\":\"https:\/\/nuevo-renacer.com\/wp-content\/uploads\/2024\/05\/cropped-LOGO-TERMINADO1-3-3.png\",\"width\":512,\"height\":512,\"caption\":\"UFEC\"},\"image\":{\"@id\":\"https:\/\/nuevo-renacer.com\/#\/schema\/logo\/image\/\"},\"sameAs\":[\"https:\/\/www.facebook.com\/groups\/3431398063740829\"]}]}<\/script>\n<!-- \/ Yoast SEO Premium plugin. -->","yoast_head_json":{"title":"El futuro del hombre - Uni\u00f3n Esp\u00edrita","robots":{"index":"index","follow":"follow","max-snippet":"max-snippet:-1","max-image-preview":"max-image-preview:large","max-video-preview":"max-video-preview:-1"},"canonical":"https:\/\/nuevo-renacer.com\/it\/el-futuro-del-hombre\/","og_locale":"it_IT","og_type":"article","og_title":"El futuro del hombre","og_description":"El futuro del hombre Por m\u00e1s que la mente humana indague con respecto a la vida, en la actual coyuntura del conocimiento intelectual, a pesar de ser innegablemente vasto, se nos torna muy dif\u00edcil encontrar las respuestas adecuadas que le permitan definir todo su sentido y significado. Reduciendo la vida al azar absurdo, destituido de [&hellip;]","og_url":"https:\/\/nuevo-renacer.com\/it\/el-futuro-del-hombre\/","og_site_name":"Uni\u00f3n Esp\u00edrita","article_publisher":"https:\/\/www.facebook.com\/groups\/3431398063740829","article_modified_time":"2025-05-23T09:38:17+00:00","og_image":[{"width":626,"height":351,"url":"https:\/\/nuevo-renacer.com\/wp-content\/uploads\/2024\/10\/image.jpeg","type":"image\/jpeg"}],"twitter_card":"summary_large_image","twitter_misc":{"Tempo di lettura stimato":"6 minuti"},"schema":{"@context":"https:\/\/schema.org","@graph":[{"@type":"WebPage","@id":"https:\/\/nuevo-renacer.com\/el-futuro-del-hombre\/","url":"https:\/\/nuevo-renacer.com\/el-futuro-del-hombre\/","name":"El futuro del hombre - Uni\u00f3n Esp\u00edrita","isPartOf":{"@id":"https:\/\/nuevo-renacer.com\/#website"},"primaryImageOfPage":{"@id":"https:\/\/nuevo-renacer.com\/el-futuro-del-hombre\/#primaryimage"},"image":{"@id":"https:\/\/nuevo-renacer.com\/el-futuro-del-hombre\/#primaryimage"},"thumbnailUrl":"https:\/\/nuevo-renacer.com\/wp-content\/uploads\/2024\/10\/image.jpeg","datePublished":"2024-10-29T07:06:51+00:00","dateModified":"2025-05-23T09:38:17+00:00","breadcrumb":{"@id":"https:\/\/nuevo-renacer.com\/el-futuro-del-hombre\/#breadcrumb"},"inLanguage":"it-IT","potentialAction":[{"@type":"ReadAction","target":["https:\/\/nuevo-renacer.com\/el-futuro-del-hombre\/"]}]},{"@type":"ImageObject","inLanguage":"it-IT","@id":"https:\/\/nuevo-renacer.com\/el-futuro-del-hombre\/#primaryimage","url":"https:\/\/nuevo-renacer.com\/wp-content\/uploads\/2024\/10\/image.jpeg","contentUrl":"https:\/\/nuevo-renacer.com\/wp-content\/uploads\/2024\/10\/image.jpeg"},{"@type":"BreadcrumbList","@id":"https:\/\/nuevo-renacer.com\/el-futuro-del-hombre\/#breadcrumb","itemListElement":[{"@type":"ListItem","position":1,"name":"Startseite","item":"https:\/\/nuevo-renacer.com\/"},{"@type":"ListItem","position":2,"name":"El futuro del hombre"}]},{"@type":"WebSite","@id":"https:\/\/nuevo-renacer.com\/#website","url":"https:\/\/nuevo-renacer.com\/","name":"Uni\u00f3n Esp\u00edrita","description":"Nuevo Renacer","publisher":{"@id":"https:\/\/nuevo-renacer.com\/#organization"},"potentialAction":[{"@type":"SearchAction","target":{"@type":"EntryPoint","urlTemplate":"https:\/\/nuevo-renacer.com\/?s={search_term_string}"},"query-input":{"@type":"PropertyValueSpecification","valueRequired":true,"valueName":"search_term_string"}}],"inLanguage":"it-IT"},{"@type":"Organization","@id":"https:\/\/nuevo-renacer.com\/#organization","name":"UFEC","url":"https:\/\/nuevo-renacer.com\/","logo":{"@type":"ImageObject","inLanguage":"it-IT","@id":"https:\/\/nuevo-renacer.com\/#\/schema\/logo\/image\/","url":"https:\/\/nuevo-renacer.com\/wp-content\/uploads\/2024\/05\/cropped-LOGO-TERMINADO1-3-3.png","contentUrl":"https:\/\/nuevo-renacer.com\/wp-content\/uploads\/2024\/05\/cropped-LOGO-TERMINADO1-3-3.png","width":512,"height":512,"caption":"UFEC"},"image":{"@id":"https:\/\/nuevo-renacer.com\/#\/schema\/logo\/image\/"},"sameAs":["https:\/\/www.facebook.com\/groups\/3431398063740829"]}]}},"uagb_featured_image_src":{"full":false,"thumbnail":false,"medium":false,"medium_large":false,"large":false,"1536x1536":false,"2048x2048":false,"trp-custom-language-flag":false},"uagb_author_info":{"display_name":"adbv0","author_link":"https:\/\/nuevo-renacer.com\/it\/author\/adbv0\/"},"uagb_comment_info":0,"uagb_excerpt":"El futuro del hombre Por m\u00e1s que la mente humana indague con respecto a la vida, en la actual coyuntura del conocimiento intelectual, a pesar de ser innegablemente vasto, se nos torna muy dif\u00edcil encontrar las respuestas adecuadas que le permitan definir todo su sentido y significado. Reduciendo la vida al azar absurdo, destituido de&hellip;","jetpack_sharing_enabled":true,"_links":{"self":[{"href":"https:\/\/nuevo-renacer.com\/it\/wp-json\/wp\/v2\/pages\/5825","targetHints":{"allow":["GET"]}}],"collection":[{"href":"https:\/\/nuevo-renacer.com\/it\/wp-json\/wp\/v2\/pages"}],"about":[{"href":"https:\/\/nuevo-renacer.com\/it\/wp-json\/wp\/v2\/types\/page"}],"author":[{"embeddable":true,"href":"https:\/\/nuevo-renacer.com\/it\/wp-json\/wp\/v2\/users\/1"}],"replies":[{"embeddable":true,"href":"https:\/\/nuevo-renacer.com\/it\/wp-json\/wp\/v2\/comments?post=5825"}],"version-history":[{"count":4,"href":"https:\/\/nuevo-renacer.com\/it\/wp-json\/wp\/v2\/pages\/5825\/revisions"}],"predecessor-version":[{"id":8178,"href":"https:\/\/nuevo-renacer.com\/it\/wp-json\/wp\/v2\/pages\/5825\/revisions\/8178"}],"wp:attachment":[{"href":"https:\/\/nuevo-renacer.com\/it\/wp-json\/wp\/v2\/media?parent=5825"}],"curies":[{"name":"wp","href":"https:\/\/api.w.org\/{rel}","templated":true}]}}