{"id":5752,"date":"2024-12-16T10:24:47","date_gmt":"2024-12-16T10:24:47","guid":{"rendered":"https:\/\/nuevo-renacer.com\/?page_id=5752"},"modified":"2025-03-17T10:40:02","modified_gmt":"2025-03-17T10:40:02","slug":"etel-schulte","status":"publish","type":"page","link":"https:\/\/nuevo-renacer.com\/it\/etel-schulte\/","title":{"rendered":"Etel Schulte"},"content":{"rendered":"<div class=\"wp-block-uagb-container uagb-block-eb41efdf alignfull uagb-is-root-container\"><div class=\"uagb-container-inner-blocks-wrap\">\n<p class=\"has-black-color has-text-color has-link-color has-medium-font-size wp-elements-cb3734e274800d832efe4e7bc3599422\"><strong>Etel Schulte<\/strong><\/p>\n<\/div><\/div>\n\n\n\n<div class=\"wp-block-uagb-container uagb-block-7243f366 alignfull uagb-is-root-container\"><div class=\"uagb-container-inner-blocks-wrap\">\n<figure class=\"wp-block-image size-full is-resized\"><img fetchpriority=\"high\" decoding=\"async\" width=\"467\" height=\"600\" src=\"https:\/\/nuevo-renacer.com\/wp-content\/uploads\/2024\/10\/etelschulte_4.jpg\" alt=\"\" class=\"wp-image-5750\" style=\"width:265px;height:auto\" srcset=\"https:\/\/nuevo-renacer.com\/wp-content\/uploads\/2024\/10\/etelschulte_4.jpg 467w, https:\/\/nuevo-renacer.com\/wp-content\/uploads\/2024\/10\/etelschulte_4-234x300.jpg 234w, https:\/\/nuevo-renacer.com\/wp-content\/uploads\/2024\/10\/etelschulte_4-9x12.jpg 9w\" sizes=\"(max-width: 467px) 100vw, 467px\" \/><\/figure>\n<\/div><\/div>\n\n\n\n<div class=\"wp-block-uagb-container uagb-block-c86daaff alignfull uagb-is-root-container\"><div class=\"uagb-container-inner-blocks-wrap\">\n<p class=\"has-black-color has-text-color has-link-color has-small-font-size wp-elements-0c1fb45f89dce1ae8db6ba93313034e2\">\u00c8 molto difficile parlare di s\u00e9. Inoltre, sono sempre stato molto attento alla mia vita privata. Cercher\u00f2, tuttavia, di raccontarvi qualcosa della mia esperienza in questa vita, anche se in molti dei miei libri ho introdotto esperienze personali. Comincer\u00f2 dalla mia nascita, avvenuta molto tempo fa nella citt\u00e0 di Buenos Aires, il 28 luglio 1942.<\/p>\n\n\n\n<p class=\"has-black-color has-text-color has-link-color has-small-font-size wp-elements-810067686bc68f5ad708c103cfa265a7\">I miei genitori sono, e dico sono perch\u00e9 nessuno cessa di esistere solo perch\u00e9 \u00e8 passato da un piano di esistenza a un altro, Isabel Odette Bessa, brasiliana e funzionario del governo brasiliano in Argentina, con la carica di viceconsole. Roberto Eduardo Schulte, argentino, banchiere e mio migliore amico nella vita.<\/p>\n\n\n\n<p class=\"has-black-color has-text-color has-link-color has-small-font-size wp-elements-107db7f33295f6a1657b80b1d63bfcd0\">Ho tre figli: Hern\u00e1n, Federico e Mar\u00eda de las Victorias Ducrey. Federico \u00e8 nel mondo spirituale da molti anni, ma \u00e8 ancora vivo come prima. Nessuno muore, ci trasformiamo come le libellule in farfalle. Hern\u00e1n e Vicky sono i miei grandi pilastri della vita. Due esseri di luce che onorano la vita. Ho, grazie a Dio, quattro meravigliosi nipoti. Maximiliano, Rodrigo, Santiago e Juan Cruz. Sono pieni di vita e di sogni, sono il fermento della vita. Sono la \u201cchochera\u201d di questa nonna.<\/p>\n\n\n\n<p class=\"has-black-color has-text-color has-link-color has-small-font-size wp-elements-5cb3a72264581f85f2c9b16d09a62dc8\">Durante i miei anni giovanili ho insegnato inglese in due scuole molto prestigiose di Buenos Aires: il Colegio del Salvador e il Colegio Santa Rita. \u00c8 stata un'esperienza fantastica e non credo di aver mai perso la mia \u201canima da insegnante di prugne\u201d, come mi chiamano i miei figli. Tuttavia, c'\u00e8 stato un evento che ha diviso la mia vita in due: prima e dopo il \u201cDolex\u201d. Era il febbraio del 1977. Era una domenica. All'improvviso sentii un terribile mal di testa che mi impediva di pensare. Non mi succede mai, non ho mai mal di testa. Non avevo nulla in casa e chiesi a mia madre, che abitava in un altro appartamento dello stesso palazzo, un antidolorifico. Mi diede un \u201cDolex\u201d. Quando mi ha teso la mano mi ha offerto due pillole. Le guardai e decisi di prenderne solo una, grazie a Dio! Dopo un po' mi sentivo girare da tutte le parti. Andai in bagno e, inorridita, vidi la mia faccia nello specchio, una palla deforme.<\/p>\n\n\n\n<p class=\"has-black-color has-text-color has-link-color has-small-font-size wp-elements-7787c4d682c3909c04e31645cc0c836d\">Ovviamente avevo avuto una reazione allergica, per la prima volta. L'intuizione non fallisce. Chiesi a mio marito di portarmi d'urgenza in uno studio medico. Arrivammo e mi sentii come se stessi svenendo. Ero completamente rauca. Ho tirato il grembiule dell'inserviente per dirgli che avevo preso solo un \u201cDolex\u201d. Avevo paura che pensassero a qualcos'altro e iniziassero a farmi la lavanda gastrica. Mi sono sentita sollevata quando ha detto di avermi capito. Mi sono immediatamente spento. Ho avuto un edema della glottide e poi un infarto. I medici si disperavano accanto a me perch\u00e9 sentivano che stavo morendo, mi ripetevano che ero troppo giovane per spegnermi cos\u00ec, per una semplice pillola.<\/p>\n\n\n\n<p class=\"has-black-color has-text-color has-link-color has-small-font-size wp-elements-8dfc799200ca529cf635ae09e2de6542\">Questa \u00e8 stata l'esperienza che ha segnato la mia vita, in modo definitivo. Prima c'\u00e8 stato un dolore insopportabile. Avevo un trattore che camminava e calpestava il mio petto. Un rullo compressore distruttivo. Un infarto fa un male cane. Poi \u00e8 arrivata la parte migliore. Mi sono vista sospesa in aria, ho guardato il mio corpo dal soffitto. Quante lacrime versate e quanti sorrisi regalati! Ho sorvolato il reparto, sono uscito dalla finestra, ho visto alcuni alberi e un giardino... Ho camminato intorno all'edificio dell'ospedale.<\/p>\n\n\n\n<p class=\"has-black-color has-text-color has-link-color has-small-font-size wp-elements-b38b1ca0be4806a464ad326e0995ea5c\">Mi ha colpito la capacit\u00e0 di leggere nel pensiero dei medici. C'era un giovane medico che mi disse di alzare le gambe come aveva detto il dottor Equis. Poi ho potuto vedere nella sua mente la pagina del libretto medico con il disegno in basso a sinistra. Incredibile. I miei ricordi sono chiari come lo erano in quel momento: poteva leggere nella mente! Ricordo di aver pensato: \u201cSe questo durasse sarei un dio!!!\u201d. Una sensazione unica e irripetibile.<\/p>\n\n\n\n<p class=\"has-black-color has-text-color has-link-color has-small-font-size wp-elements-696b57ffebfbeb157457757faf73355f\">All'improvviso, sono stato coinvolto in un vortice, un turbine, e sono entrato in una strada buia, qualcosa come \u201clo stretto canyon del Colorado\u201d, come ricordo di averlo immaginato. Ho viaggiato molto, ma non ci sono mai stato. Era la cosa pi\u00f9 simile a un tunnel. Intorno a me c'erano molte figure che sembravano danzare e accompagnarmi in questo viaggio. Non riconoscevo nessuno. A quel tempo non avevo parenti o amici \u201cmorti\u201d. Ho provato la pace pi\u00f9 grande che si possa immaginare. Ho pensato: \u201cquesta \u00e8 la pienezza\u201d. \u00c8 unica e inimmaginabile. Non volevo uscire da l\u00ec, ero tornata nel grembo di mia madre, era una beatitudine totale. Non ho mai pi\u00f9 vissuto un'esperienza simile. \u00c8 un'esperienza che ci connette a un piano superiore, senza dubbio. Entriamo in un altro stato alterato di coscienza.<\/p>\n\n\n\n<p class=\"has-black-color has-text-color has-link-color has-small-font-size wp-elements-4d9d9222f55f5626582ac4832c5ca40c\">Sentivo che il mio tempo stava per scadere, la mia vita scorreva davanti ai miei occhi, come in un film a colori. Ho fatto un bilancio della mia vita. Sono stata molto crudele con me stessa. Tutto era andato bene, tranne il mio ruolo di donna. Ero una buona madre e anche una buona figlia, ma... Cosa avevo fatto per la mia evoluzione spirituale? Cosa avevo raggiunto come donna? Quali sogni avevo rimandato, quali ideali avevo troncato? Il mio equilibrio era molto negativo. Siamo i giudici pi\u00f9 crudeli di noi stessi. Non esiste un giudizio finale, come sostengono le religioni tradizionali, siamo noi a giudicarci e a non perdonarci nulla. Siamo crudeli.<\/p>\n\n\n\n<p class=\"has-black-color has-text-color has-link-color has-small-font-size wp-elements-4486886ae3397fb34d6cb41925544c8c\">Ho imparato una grande lezione: tutto ci\u00f2 che abbiamo fatto in modo sbagliato ma con buone intenzioni viene perdonato. Perch\u00e9? Perch\u00e9 siamo ancora esseri molto ignoranti. Se fossimo pi\u00f9 evoluti, ovviamente saremmo incarnati su un altro pianeta pi\u00f9 alto. L'unica cosa che non ci perdoniamo \u00e8 di non aver provato a fare le cose. La mancanza di tentativi \u00e8 imperdonabile. Non l'ho mai dimenticato e l'ho detto a tutti quelli che potevo, affinch\u00e9 non commettessero il mio stesso errore.<\/p>\n\n\n\n<p class=\"has-black-color has-text-color has-link-color has-small-font-size wp-elements-9931f6cc31d3db86dc2695872555663d\">Alla fine del tunnel c'era il professor Bruno Genta, il rettore della Scuola Santa Rita, dove ero insegnante e che ammiravo molto. Poco tempo prima era stato ucciso dai guerriglieri dell'epoca, proprio fuori dalla chiesa. Mi tese la mano e io gli andai incontro, sentendomi molto, molto felice. Con sorpresa, mi \u00e8 apparsa davanti agli occhi la foto dei miei tre figli, che erano molto piccoli. Erano in piedi su una scala. Fu uno schiaffo alla realt\u00e0. Non potevo andarmene e lasciarli, sarebbero stati troppo poco protetti. \u00c8 curioso che all'epoca fossi un grande fotografo dilettante, ma quella foto non \u00e8 mai esistita. Ce n'erano decine, ma non quella. Un dettaglio. Anche se sono il mio tesoro pi\u00f9 prezioso, \u00e8 stato difficile per me tornare indietro. Sentivo che era \u201centrata\u201d nel mio corpo, l\u00ec sulla barella, quasi con violenza e, in verit\u00e0, senza alcun desiderio di tornare.<\/p>\n\n\n\n<p class=\"has-black-color has-text-color has-link-color has-small-font-size wp-elements-51730ccc1cda8117cc178c7005daaf66\">Da quell'esperienza ho preso molte decisioni che hanno segnato la mia vita: ho divorziato, ho cambiato professione e ho deciso di vivere la vita in modo diverso, pi\u00f9 legato alla spiritualit\u00e0, ovviamente, pur mantenendo i piedi ben saldi a terra. Sono andata a Brasilia e ho fatto domanda per l'Itamaraty, il Ministero degli Affari Esteri del Brasile, e sono entrata nel servizio estero brasiliano. Sono brasiliana perch\u00e9 mia madre \u00e8 brasiliana. In realt\u00e0 sono binazionale, brasiliana e argentina. Entrambi i Paesi vivono in me e li amo, ma il Brasile \u00e8 stato il luogo in cui ho iniziato il mio percorso spirituale. Ho viaggiato molto, ho incontrato molte culture diverse e ho imparato molto. La cosa pi\u00f9 importante \u00e8 che non si smette mai di imparare e che imparare da soli non basta, \u00e8 necessario condividere ci\u00f2 che si \u00e8 imparato. Quando sono andato in pensione, qualche anno fa, dal governo brasiliano, sono tornato a vivere in Argentina perch\u00e9 i miei figli e nipoti sono qui, anche se ora, probabilmente, molti di loro se ne andranno, purtroppo.<\/p>\n\n\n\n<p class=\"has-black-color has-text-color has-link-color has-small-font-size wp-elements-e6910ffc0f349d1af0ad6afdb5bb4bc2\">Da sempre, dopo l'episodio del Dolex, ho lavorato come potevo e da dove potevo per condividere tutto ci\u00f2 che stavo imparando con i lettori e gli amici che volevano interessarsi alla crescita spirituale. Tutti i percorsi sono validi. Come dice il Dalai Lama: \u201cLa migliore religione \u00e8 il buon cuore\u201d. Siamo esseri spirituali che vivono un'esperienza fisica. Siamo semplici e ignoranti Spiriti creati e ci muoviamo sulla lunga strada dell'evoluzione come possiamo, soprattutto facendo uso della nostra forza di volont\u00e0, dello studio, del nostro amore per Dio e del nostro amore per gli altri.<\/p>\n\n\n\n<p class=\"has-black-color has-text-color has-link-color has-small-font-size wp-elements-fb38d19cb42e27ee307084e59aaea162\">Ecco perch\u00e9 amo cos\u00ec tanto scrivere: per condividere tutto ci\u00f2 che scopro e imparo.<\/p>\n<\/div><\/div>\n\n\n\n<div class=\"wp-block-uagb-container uagb-block-8ee9a2fb alignfull uagb-is-root-container\"><div class=\"uagb-container-inner-blocks-wrap\"><\/div><\/div>\n\n\n\n<div class=\"wp-block-uagb-container uagb-block-221b173d alignfull uagb-is-root-container\"><div class=\"uagb-container-inner-blocks-wrap\">\n<p class=\"has-small-font-size\">Sito web: <a href=\"http:\/\/etelschulte.com.ar\/\">http:\/\/etelschulte.com.ar\/<\/a><\/p>\n<\/div><\/div>\n\n\n\n<div class=\"wp-block-uagb-container uagb-block-1561a394 alignfull uagb-is-root-container\"><div class=\"uagb-container-inner-blocks-wrap\"><\/div><\/div>\n\n\n\n<div class=\"wp-block-uagb-container uagb-block-26c4569f alignfull uagb-is-root-container\"><div class=\"uagb-container-inner-blocks-wrap\"><\/div><\/div>","protected":false},"excerpt":{"rendered":"<p>Etel Schulte Es muy dif\u00edcil hablar de uno mismo. Adem\u00e1s, siempre fui muy cuidadosa con mi vida privada. Tratar\u00e9, sin embargo, de contarles algo de mi experiencia en esta vida, aunque en muchos de mis libros introduje vivencias personales. Empezar\u00e9 por mi nacimiento, ocurrido, hace mucho tiempo, en la ciudad de Buenos Aires, el 28 [&hellip;]<\/p>","protected":false},"author":1,"featured_media":0,"parent":0,"menu_order":0,"comment_status":"closed","ping_status":"closed","template":"","meta":{"_uag_custom_page_level_css":"","site-sidebar-layout":"default","site-content-layout":"","ast-site-content-layout":"default","site-content-style":"default","site-sidebar-style":"default","ast-global-header-display":"","ast-banner-title-visibility":"","ast-main-header-display":"","ast-hfb-above-header-display":"","ast-hfb-below-header-display":"","ast-hfb-mobile-header-display":"","site-post-title":"","ast-breadcrumbs-content":"","ast-featured-img":"","footer-sml-layout":"","theme-transparent-header-meta":"","adv-header-id-meta":"","stick-header-meta":"","header-above-stick-meta":"","header-main-stick-meta":"","header-below-stick-meta":"","astra-migrate-meta-layouts":"set","ast-page-background-enabled":"default","ast-page-background-meta":{"desktop":{"background-color":"var(--ast-global-color-4)","background-image":"","background-repeat":"repeat","background-position":"center center","background-size":"auto","background-attachment":"scroll","background-type":"","background-media":"","overlay-type":"","overlay-color":"","overlay-opacity":"","overlay-gradient":""},"tablet":{"background-color":"","background-image":"","background-repeat":"repeat","background-position":"center center","background-size":"auto","background-attachment":"scroll","background-type":"","background-media":"","overlay-type":"","overlay-color":"","overlay-opacity":"","overlay-gradient":""},"mobile":{"background-color":"","background-image":"","background-repeat":"repeat","background-position":"center center","background-size":"auto","background-attachment":"scroll","background-type":"","background-media":"","overlay-type":"","overlay-color":"","overlay-opacity":"","overlay-gradient":""}},"ast-content-background-meta":{"desktop":{"background-color":"var(--ast-global-color-5)","background-image":"","background-repeat":"repeat","background-position":"center center","background-size":"auto","background-attachment":"scroll","background-type":"","background-media":"","overlay-type":"","overlay-color":"","overlay-opacity":"","overlay-gradient":""},"tablet":{"background-color":"var(--ast-global-color-5)","background-image":"","background-repeat":"repeat","background-position":"center center","background-size":"auto","background-attachment":"scroll","background-type":"","background-media":"","overlay-type":"","overlay-color":"","overlay-opacity":"","overlay-gradient":""},"mobile":{"background-color":"var(--ast-global-color-5)","background-image":"","background-repeat":"repeat","background-position":"center center","background-size":"auto","background-attachment":"scroll","background-type":"","background-media":"","overlay-type":"","overlay-color":"","overlay-opacity":"","overlay-gradient":""}},"footnotes":""},"class_list":["post-5752","page","type-page","status-publish","hentry"],"yoast_head":"<!-- This site is optimized with the Yoast SEO Premium plugin v24.2 (Yoast SEO v24.6) - https:\/\/yoast.com\/wordpress\/plugins\/seo\/ -->\n<title>Etel Schulte - Uni\u00f3n Esp\u00edrita<\/title>\n<meta name=\"robots\" content=\"index, follow, max-snippet:-1, max-image-preview:large, max-video-preview:-1\" \/>\n<link rel=\"canonical\" href=\"https:\/\/nuevo-renacer.com\/it\/etel-schulte\/\" \/>\n<meta property=\"og:locale\" content=\"it_IT\" \/>\n<meta property=\"og:type\" content=\"article\" \/>\n<meta property=\"og:title\" content=\"Etel Schulte\" \/>\n<meta property=\"og:description\" content=\"Etel Schulte Es muy dif\u00edcil hablar de uno mismo. Adem\u00e1s, siempre fui muy cuidadosa con mi vida privada. Tratar\u00e9, sin embargo, de contarles algo de mi experiencia en esta vida, aunque en muchos de mis libros introduje vivencias personales. Empezar\u00e9 por mi nacimiento, ocurrido, hace mucho tiempo, en la ciudad de Buenos Aires, el 28 [&hellip;]\" \/>\n<meta property=\"og:url\" content=\"https:\/\/nuevo-renacer.com\/it\/etel-schulte\/\" \/>\n<meta property=\"og:site_name\" content=\"Uni\u00f3n Esp\u00edrita\" \/>\n<meta property=\"article:publisher\" content=\"https:\/\/www.facebook.com\/groups\/3431398063740829\" \/>\n<meta property=\"article:modified_time\" content=\"2025-03-17T10:40:02+00:00\" \/>\n<meta property=\"og:image\" content=\"https:\/\/nuevo-renacer.com\/wp-content\/uploads\/2024\/10\/etelschulte_4.jpg\" \/>\n\t<meta property=\"og:image:width\" content=\"467\" \/>\n\t<meta property=\"og:image:height\" content=\"600\" \/>\n\t<meta property=\"og:image:type\" content=\"image\/jpeg\" \/>\n<meta name=\"twitter:card\" content=\"summary_large_image\" \/>\n<meta name=\"twitter:label1\" content=\"Tempo di lettura stimato\" \/>\n\t<meta name=\"twitter:data1\" content=\"8 minuti\" \/>\n<script type=\"application\/ld+json\" class=\"yoast-schema-graph\">{\"@context\":\"https:\/\/schema.org\",\"@graph\":[{\"@type\":\"WebPage\",\"@id\":\"https:\/\/nuevo-renacer.com\/etel-schulte\/\",\"url\":\"https:\/\/nuevo-renacer.com\/etel-schulte\/\",\"name\":\"Etel Schulte - Uni\u00f3n Esp\u00edrita\",\"isPartOf\":{\"@id\":\"https:\/\/nuevo-renacer.com\/#website\"},\"primaryImageOfPage\":{\"@id\":\"https:\/\/nuevo-renacer.com\/etel-schulte\/#primaryimage\"},\"image\":{\"@id\":\"https:\/\/nuevo-renacer.com\/etel-schulte\/#primaryimage\"},\"thumbnailUrl\":\"https:\/\/nuevo-renacer.com\/wp-content\/uploads\/2024\/10\/etelschulte_4.jpg\",\"datePublished\":\"2024-12-16T10:24:47+00:00\",\"dateModified\":\"2025-03-17T10:40:02+00:00\",\"breadcrumb\":{\"@id\":\"https:\/\/nuevo-renacer.com\/etel-schulte\/#breadcrumb\"},\"inLanguage\":\"it-IT\",\"potentialAction\":[{\"@type\":\"ReadAction\",\"target\":[\"https:\/\/nuevo-renacer.com\/etel-schulte\/\"]}]},{\"@type\":\"ImageObject\",\"inLanguage\":\"it-IT\",\"@id\":\"https:\/\/nuevo-renacer.com\/etel-schulte\/#primaryimage\",\"url\":\"https:\/\/nuevo-renacer.com\/wp-content\/uploads\/2024\/10\/etelschulte_4.jpg\",\"contentUrl\":\"https:\/\/nuevo-renacer.com\/wp-content\/uploads\/2024\/10\/etelschulte_4.jpg\"},{\"@type\":\"BreadcrumbList\",\"@id\":\"https:\/\/nuevo-renacer.com\/etel-schulte\/#breadcrumb\",\"itemListElement\":[{\"@type\":\"ListItem\",\"position\":1,\"name\":\"Startseite\",\"item\":\"https:\/\/nuevo-renacer.com\/\"},{\"@type\":\"ListItem\",\"position\":2,\"name\":\"Etel Schulte\"}]},{\"@type\":\"WebSite\",\"@id\":\"https:\/\/nuevo-renacer.com\/#website\",\"url\":\"https:\/\/nuevo-renacer.com\/\",\"name\":\"Uni\u00f3n Esp\u00edrita\",\"description\":\"Nuevo Renacer\",\"publisher\":{\"@id\":\"https:\/\/nuevo-renacer.com\/#organization\"},\"potentialAction\":[{\"@type\":\"SearchAction\",\"target\":{\"@type\":\"EntryPoint\",\"urlTemplate\":\"https:\/\/nuevo-renacer.com\/?s={search_term_string}\"},\"query-input\":{\"@type\":\"PropertyValueSpecification\",\"valueRequired\":true,\"valueName\":\"search_term_string\"}}],\"inLanguage\":\"it-IT\"},{\"@type\":\"Organization\",\"@id\":\"https:\/\/nuevo-renacer.com\/#organization\",\"name\":\"UFEC\",\"url\":\"https:\/\/nuevo-renacer.com\/\",\"logo\":{\"@type\":\"ImageObject\",\"inLanguage\":\"it-IT\",\"@id\":\"https:\/\/nuevo-renacer.com\/#\/schema\/logo\/image\/\",\"url\":\"https:\/\/nuevo-renacer.com\/wp-content\/uploads\/2024\/05\/cropped-LOGO-TERMINADO1-3-3.png\",\"contentUrl\":\"https:\/\/nuevo-renacer.com\/wp-content\/uploads\/2024\/05\/cropped-LOGO-TERMINADO1-3-3.png\",\"width\":512,\"height\":512,\"caption\":\"UFEC\"},\"image\":{\"@id\":\"https:\/\/nuevo-renacer.com\/#\/schema\/logo\/image\/\"},\"sameAs\":[\"https:\/\/www.facebook.com\/groups\/3431398063740829\"]}]}<\/script>\n<!-- \/ Yoast SEO Premium plugin. -->","yoast_head_json":{"title":"Etel Schulte - Uni\u00f3n Esp\u00edrita","robots":{"index":"index","follow":"follow","max-snippet":"max-snippet:-1","max-image-preview":"max-image-preview:large","max-video-preview":"max-video-preview:-1"},"canonical":"https:\/\/nuevo-renacer.com\/it\/etel-schulte\/","og_locale":"it_IT","og_type":"article","og_title":"Etel Schulte","og_description":"Etel Schulte Es muy dif\u00edcil hablar de uno mismo. Adem\u00e1s, siempre fui muy cuidadosa con mi vida privada. Tratar\u00e9, sin embargo, de contarles algo de mi experiencia en esta vida, aunque en muchos de mis libros introduje vivencias personales. Empezar\u00e9 por mi nacimiento, ocurrido, hace mucho tiempo, en la ciudad de Buenos Aires, el 28 [&hellip;]","og_url":"https:\/\/nuevo-renacer.com\/it\/etel-schulte\/","og_site_name":"Uni\u00f3n Esp\u00edrita","article_publisher":"https:\/\/www.facebook.com\/groups\/3431398063740829","article_modified_time":"2025-03-17T10:40:02+00:00","og_image":[{"width":467,"height":600,"url":"https:\/\/nuevo-renacer.com\/wp-content\/uploads\/2024\/10\/etelschulte_4.jpg","type":"image\/jpeg"}],"twitter_card":"summary_large_image","twitter_misc":{"Tempo di lettura stimato":"8 minuti"},"schema":{"@context":"https:\/\/schema.org","@graph":[{"@type":"WebPage","@id":"https:\/\/nuevo-renacer.com\/etel-schulte\/","url":"https:\/\/nuevo-renacer.com\/etel-schulte\/","name":"Etel Schulte - Uni\u00f3n Esp\u00edrita","isPartOf":{"@id":"https:\/\/nuevo-renacer.com\/#website"},"primaryImageOfPage":{"@id":"https:\/\/nuevo-renacer.com\/etel-schulte\/#primaryimage"},"image":{"@id":"https:\/\/nuevo-renacer.com\/etel-schulte\/#primaryimage"},"thumbnailUrl":"https:\/\/nuevo-renacer.com\/wp-content\/uploads\/2024\/10\/etelschulte_4.jpg","datePublished":"2024-12-16T10:24:47+00:00","dateModified":"2025-03-17T10:40:02+00:00","breadcrumb":{"@id":"https:\/\/nuevo-renacer.com\/etel-schulte\/#breadcrumb"},"inLanguage":"it-IT","potentialAction":[{"@type":"ReadAction","target":["https:\/\/nuevo-renacer.com\/etel-schulte\/"]}]},{"@type":"ImageObject","inLanguage":"it-IT","@id":"https:\/\/nuevo-renacer.com\/etel-schulte\/#primaryimage","url":"https:\/\/nuevo-renacer.com\/wp-content\/uploads\/2024\/10\/etelschulte_4.jpg","contentUrl":"https:\/\/nuevo-renacer.com\/wp-content\/uploads\/2024\/10\/etelschulte_4.jpg"},{"@type":"BreadcrumbList","@id":"https:\/\/nuevo-renacer.com\/etel-schulte\/#breadcrumb","itemListElement":[{"@type":"ListItem","position":1,"name":"Startseite","item":"https:\/\/nuevo-renacer.com\/"},{"@type":"ListItem","position":2,"name":"Etel Schulte"}]},{"@type":"WebSite","@id":"https:\/\/nuevo-renacer.com\/#website","url":"https:\/\/nuevo-renacer.com\/","name":"Uni\u00f3n Esp\u00edrita","description":"Nuevo Renacer","publisher":{"@id":"https:\/\/nuevo-renacer.com\/#organization"},"potentialAction":[{"@type":"SearchAction","target":{"@type":"EntryPoint","urlTemplate":"https:\/\/nuevo-renacer.com\/?s={search_term_string}"},"query-input":{"@type":"PropertyValueSpecification","valueRequired":true,"valueName":"search_term_string"}}],"inLanguage":"it-IT"},{"@type":"Organization","@id":"https:\/\/nuevo-renacer.com\/#organization","name":"UFEC","url":"https:\/\/nuevo-renacer.com\/","logo":{"@type":"ImageObject","inLanguage":"it-IT","@id":"https:\/\/nuevo-renacer.com\/#\/schema\/logo\/image\/","url":"https:\/\/nuevo-renacer.com\/wp-content\/uploads\/2024\/05\/cropped-LOGO-TERMINADO1-3-3.png","contentUrl":"https:\/\/nuevo-renacer.com\/wp-content\/uploads\/2024\/05\/cropped-LOGO-TERMINADO1-3-3.png","width":512,"height":512,"caption":"UFEC"},"image":{"@id":"https:\/\/nuevo-renacer.com\/#\/schema\/logo\/image\/"},"sameAs":["https:\/\/www.facebook.com\/groups\/3431398063740829"]}]}},"uagb_featured_image_src":{"full":false,"thumbnail":false,"medium":false,"medium_large":false,"large":false,"1536x1536":false,"2048x2048":false,"trp-custom-language-flag":false},"uagb_author_info":{"display_name":"adbv0","author_link":"https:\/\/nuevo-renacer.com\/it\/author\/adbv0\/"},"uagb_comment_info":0,"uagb_excerpt":"Etel Schulte Es muy dif\u00edcil hablar de uno mismo. Adem\u00e1s, siempre fui muy cuidadosa con mi vida privada. Tratar\u00e9, sin embargo, de contarles algo de mi experiencia en esta vida, aunque en muchos de mis libros introduje vivencias personales. Empezar\u00e9 por mi nacimiento, ocurrido, hace mucho tiempo, en la ciudad de Buenos Aires, el 28&hellip;","jetpack_sharing_enabled":true,"_links":{"self":[{"href":"https:\/\/nuevo-renacer.com\/it\/wp-json\/wp\/v2\/pages\/5752","targetHints":{"allow":["GET"]}}],"collection":[{"href":"https:\/\/nuevo-renacer.com\/it\/wp-json\/wp\/v2\/pages"}],"about":[{"href":"https:\/\/nuevo-renacer.com\/it\/wp-json\/wp\/v2\/types\/page"}],"author":[{"embeddable":true,"href":"https:\/\/nuevo-renacer.com\/it\/wp-json\/wp\/v2\/users\/1"}],"replies":[{"embeddable":true,"href":"https:\/\/nuevo-renacer.com\/it\/wp-json\/wp\/v2\/comments?post=5752"}],"version-history":[{"count":4,"href":"https:\/\/nuevo-renacer.com\/it\/wp-json\/wp\/v2\/pages\/5752\/revisions"}],"predecessor-version":[{"id":7021,"href":"https:\/\/nuevo-renacer.com\/it\/wp-json\/wp\/v2\/pages\/5752\/revisions\/7021"}],"wp:attachment":[{"href":"https:\/\/nuevo-renacer.com\/it\/wp-json\/wp\/v2\/media?parent=5752"}],"curies":[{"name":"wp","href":"https:\/\/api.w.org\/{rel}","templated":true}]}}