{"id":5688,"date":"2024-10-18T12:25:54","date_gmt":"2024-10-18T12:25:54","guid":{"rendered":"https:\/\/nuevo-renacer.com\/?page_id=5688"},"modified":"2024-10-18T12:25:54","modified_gmt":"2024-10-18T12:25:54","slug":"historia-del-espiritismo-en-paraguay","status":"publish","type":"page","link":"https:\/\/nuevo-renacer.com\/it\/historia-del-espiritismo-en-paraguay\/","title":{"rendered":"Historia del espiritismo en Paraguay"},"content":{"rendered":"<div class=\"wp-block-uagb-container uagb-block-cf08967c alignfull uagb-is-root-container\"><div class=\"uagb-container-inner-blocks-wrap\">\n<p class=\"has-black-color has-text-color has-link-color has-medium-font-size wp-elements-3f9889afbb3682dffb82ea6d24bea6c0\"><strong>Historia del espiritismo en Paraguay<\/strong><\/p>\n<\/div><\/div>\n\n\n\n<div class=\"wp-block-uagb-container uagb-block-823726d7 alignfull uagb-is-root-container\"><div class=\"uagb-container-inner-blocks-wrap\"><\/div><\/div>\n\n\n\n<div class=\"wp-block-uagb-container uagb-block-27d0f6aa alignfull uagb-is-root-container\"><div class=\"uagb-container-inner-blocks-wrap\">\n<figure class=\"wp-block-image size-full is-resized has-custom-border\"><img fetchpriority=\"high\" decoding=\"async\" width=\"700\" height=\"463\" src=\"https:\/\/nuevo-renacer.com\/wp-content\/uploads\/2024\/10\/15463-l.jpg\" alt=\"\" class=\"wp-image-5689\" style=\"border-width:1px;width:84px\" srcset=\"https:\/\/nuevo-renacer.com\/wp-content\/uploads\/2024\/10\/15463-l.jpg 700w, https:\/\/nuevo-renacer.com\/wp-content\/uploads\/2024\/10\/15463-l-300x198.jpg 300w, https:\/\/nuevo-renacer.com\/wp-content\/uploads\/2024\/10\/15463-l-18x12.jpg 18w\" sizes=\"(max-width: 700px) 100vw, 700px\" \/><\/figure>\n<\/div><\/div>\n\n\n\n<div class=\"wp-block-uagb-container uagb-block-a5d961d1 alignfull uagb-is-root-container\"><div class=\"uagb-container-inner-blocks-wrap\"><\/div><\/div>\n\n\n\n<div class=\"wp-block-uagb-container uagb-block-3e202bec alignfull uagb-is-root-container\"><div class=\"uagb-container-inner-blocks-wrap\">\n<p class=\"has-black-color has-text-color has-link-color has-small-font-size wp-elements-fe1fea3c8095275ac22cf823a3f6e925\">El espiritismo en Paraguay tiene sus antecedentes hacia el a\u00f1o 1900 aproximadamente, seg\u00fan las documentaciones que poseemos, con la presencia del Dr. Ovidio Rebaudi en la regi\u00f3n del R\u00edo de la Plata. \u00c9l frecuentaba las reuniones en las sociedades espiritas Constancia, Fraternidad&nbsp; y la Confederaci\u00f3n&nbsp; Espiritista Argentina, todas ellas en Buenos Aires. Pero, aun as\u00ed \u00e9l se declaraba bajo la corriente del Espiritualismo Moderno. Ya en Paraguay, frecuentaba la Sociedad de Estudios Magnetol\u00f3gico y posteriormente pas\u00f3 a dirigir la Revista Magnetol\u00f3gica.<\/p>\n\n\n\n<div class=\"wp-block-uagb-container uagb-block-18d5f301\">\n<figure class=\"wp-block-image size-full is-resized\"><img decoding=\"async\" width=\"337\" height=\"489\" src=\"https:\/\/nuevo-renacer.com\/wp-content\/uploads\/2024\/10\/Screenshot-191.png\" alt=\"\" class=\"wp-image-5690\" style=\"width:255px;height:auto\" srcset=\"https:\/\/nuevo-renacer.com\/wp-content\/uploads\/2024\/10\/Screenshot-191.png 337w, https:\/\/nuevo-renacer.com\/wp-content\/uploads\/2024\/10\/Screenshot-191-207x300.png 207w, https:\/\/nuevo-renacer.com\/wp-content\/uploads\/2024\/10\/Screenshot-191-8x12.png 8w\" sizes=\"(max-width: 337px) 100vw, 337px\" \/><figcaption class=\"wp-element-caption\">Dr. Ovidio Rebaudi<\/figcaption><\/figure>\n<\/div>\n\n\n\n<p class=\"has-black-color has-text-color has-link-color has-small-font-size wp-elements-03ad882c54ec3b85e6a7e9ece14c75e8\">M\u00e1s adelante, en el mismo escenario de Buenos Aires se fund\u00f3, en el a\u00f1o 1917, la Escuela Espiritista Cient\u00edfica Basilio que tiene como base de sus ense\u00f1anzas la comunicaci\u00f3n espiritual. All\u00ed tambi\u00e9n estudiaban las obras de Allan Kardec entre otras. Esta escuela fund\u00f3 en Paraguay su filial en el a\u00f1o 1952, donde frecuentaron el Se\u00f1or Itsmio Veneroso y otros amigos, quienes cuando tuvieron la oportunidad de conocer El libro de los Esp\u00edritus y El Evangelio seg\u00fan el Espiritismo, comprendieron que las ense\u00f1anzas recibidas en esa Escuela no concordaban con las propuestas de Allan Kardec. Decidieron entonces, retirarse para fundar el Centro Esp\u00edrita Paraguayo el 7 de setiembre de 1962. A partir de all\u00ed se fundaron los otros centros esp\u00edritas.<\/p>\n\n\n\n<div class=\"wp-block-uagb-container uagb-block-ba53cd6a\">\n<figure class=\"wp-block-image size-full is-resized\"><img decoding=\"async\" width=\"418\" height=\"603\" src=\"https:\/\/nuevo-renacer.com\/wp-content\/uploads\/2024\/10\/unnamed-1.jpg\" alt=\"\" class=\"wp-image-5691\" style=\"width:255px\" srcset=\"https:\/\/nuevo-renacer.com\/wp-content\/uploads\/2024\/10\/unnamed-1.jpg 418w, https:\/\/nuevo-renacer.com\/wp-content\/uploads\/2024\/10\/unnamed-1-208x300.jpg 208w, https:\/\/nuevo-renacer.com\/wp-content\/uploads\/2024\/10\/unnamed-1-8x12.jpg 8w\" sizes=\"(max-width: 418px) 100vw, 418px\" \/><figcaption class=\"wp-element-caption\">Itsmio Veneroso <\/figcaption><\/figure>\n<\/div>\n\n\n\n<p class=\"has-black-color has-text-color has-link-color has-small-font-size wp-elements-b9cfadfff536810a92b5974db1d20815\">Y a partir del a\u00f1o 1992, ya se empez\u00f3 a sentir la influencia espiritual de Brasil, Patria del evangelio, Coraz\u00f3n del Mundo, cuando Joao Ravelo y su familia se radican en Paraguay, dando inicio al Estudio Sistematizado de la Doctrina Esp\u00edrita en base al manual de la FEB (Federaci\u00f3n Espirita Brasile\u00f1a), en el Centro de Filosof\u00eda Espiritista Paraguayo. Cabe destacar el trabajo incansable de los esposos Ram\u00f3n Insfr\u00e1n y Gloria \u00c1valos para instalar el estudio sistematizado en los diferentes centros.<\/p>\n\n\n\n<p class=\"has-black-color has-text-color has-link-color has-small-font-size wp-elements-d6b581ffc5fdf1d888cbf4944660851a\">Divaldo Franco vino al Paraguay en el a\u00f1o 1993, y en el 1996 por tercera vez, ya que la primera vez lo hizo en el a\u00f1o 1968. Ra\u00fal Teixeira tambi\u00e9n viene a Paraguay en el a\u00f1o 1994. En el a\u00f1o 2004 se inici\u00f3, con Carlos Campetti, el Estudio Sistematizado de la Mediumnidad y la formaci\u00f3n de otros grupos de trabajos medi\u00famnicos. En el a\u00f1o 2006, se realiz\u00f3 en el pa\u00eds la reuni\u00f3n general del CEI (Consejo Esp\u00edrita Internacional). El departamento de asistencia y promoci\u00f3n social se realiza en todos los centros. Se cuenta adem\u00e1s con una participaci\u00f3n activa de los ni\u00f1os y j\u00f3venes.<\/p>\n\n\n\n<p class=\"has-black-color has-text-color has-link-color has-small-font-size wp-elements-8ac8aa67c225812192fe5f25299dd0f9\">Hoy, el Espiritismo en el Paraguay podemos decir que avanza con pasos firmes, gracias al trabajo abnegado de compa\u00f1eros conscientes del momento que vivimos y, sobre todo, al amor de Jes\u00fas por todos nosotros.<\/p>\n<\/div><\/div>","protected":false},"excerpt":{"rendered":"<p>Historia del espiritismo en Paraguay El espiritismo en Paraguay tiene sus antecedentes hacia el a\u00f1o 1900 aproximadamente, seg\u00fan las documentaciones que poseemos, con la presencia del Dr. Ovidio Rebaudi en la regi\u00f3n del R\u00edo de la Plata. \u00c9l frecuentaba las reuniones en las sociedades espiritas Constancia, Fraternidad&nbsp; y la Confederaci\u00f3n&nbsp; Espiritista Argentina, todas ellas en [&hellip;]<\/p>","protected":false},"author":1,"featured_media":0,"parent":0,"menu_order":0,"comment_status":"closed","ping_status":"closed","template":"","meta":{"_uag_custom_page_level_css":"","site-sidebar-layout":"default","site-content-layout":"","ast-site-content-layout":"default","site-content-style":"default","site-sidebar-style":"default","ast-global-header-display":"","ast-banner-title-visibility":"","ast-main-header-display":"","ast-hfb-above-header-display":"","ast-hfb-below-header-display":"","ast-hfb-mobile-header-display":"","site-post-title":"disabled","ast-breadcrumbs-content":"","ast-featured-img":"","footer-sml-layout":"","theme-transparent-header-meta":"","adv-header-id-meta":"","stick-header-meta":"","header-above-stick-meta":"","header-main-stick-meta":"","header-below-stick-meta":"","astra-migrate-meta-layouts":"set","ast-page-background-enabled":"default","ast-page-background-meta":{"desktop":{"background-color":"var(--ast-global-color-4)","background-image":"","background-repeat":"repeat","background-position":"center center","background-size":"auto","background-attachment":"scroll","background-type":"","background-media":"","overlay-type":"","overlay-color":"","overlay-opacity":"","overlay-gradient":""},"tablet":{"background-color":"","background-image":"","background-repeat":"repeat","background-position":"center center","background-size":"auto","background-attachment":"scroll","background-type":"","background-media":"","overlay-type":"","overlay-color":"","overlay-opacity":"","overlay-gradient":""},"mobile":{"background-color":"","background-image":"","background-repeat":"repeat","background-position":"center center","background-size":"auto","background-attachment":"scroll","background-type":"","background-media":"","overlay-type":"","overlay-color":"","overlay-opacity":"","overlay-gradient":""}},"ast-content-background-meta":{"desktop":{"background-color":"var(--ast-global-color-5)","background-image":"","background-repeat":"repeat","background-position":"center center","background-size":"auto","background-attachment":"scroll","background-type":"","background-media":"","overlay-type":"","overlay-color":"","overlay-opacity":"","overlay-gradient":""},"tablet":{"background-color":"var(--ast-global-color-5)","background-image":"","background-repeat":"repeat","background-position":"center center","background-size":"auto","background-attachment":"scroll","background-type":"","background-media":"","overlay-type":"","overlay-color":"","overlay-opacity":"","overlay-gradient":""},"mobile":{"background-color":"var(--ast-global-color-5)","background-image":"","background-repeat":"repeat","background-position":"center center","background-size":"auto","background-attachment":"scroll","background-type":"","background-media":"","overlay-type":"","overlay-color":"","overlay-opacity":"","overlay-gradient":""}},"footnotes":""},"class_list":["post-5688","page","type-page","status-publish","hentry"],"yoast_head":"<!-- This site is optimized with the Yoast SEO Premium plugin v24.2 (Yoast SEO v24.6) - https:\/\/yoast.com\/wordpress\/plugins\/seo\/ -->\n<title>Historia del espiritismo en Paraguay - Uni\u00f3n Esp\u00edrita<\/title>\n<meta name=\"robots\" content=\"index, follow, max-snippet:-1, max-image-preview:large, max-video-preview:-1\" \/>\n<link rel=\"canonical\" href=\"https:\/\/nuevo-renacer.com\/it\/historia-del-espiritismo-en-paraguay\/\" \/>\n<meta property=\"og:locale\" content=\"it_IT\" \/>\n<meta property=\"og:type\" content=\"article\" \/>\n<meta property=\"og:title\" content=\"Historia del espiritismo en Paraguay\" \/>\n<meta property=\"og:description\" content=\"Historia del espiritismo en Paraguay El espiritismo en Paraguay tiene sus antecedentes hacia el a\u00f1o 1900 aproximadamente, seg\u00fan las documentaciones que poseemos, con la presencia del Dr. Ovidio Rebaudi en la regi\u00f3n del R\u00edo de la Plata. \u00c9l frecuentaba las reuniones en las sociedades espiritas Constancia, Fraternidad&nbsp; y la Confederaci\u00f3n&nbsp; Espiritista Argentina, todas ellas en [&hellip;]\" \/>\n<meta property=\"og:url\" content=\"https:\/\/nuevo-renacer.com\/it\/historia-del-espiritismo-en-paraguay\/\" \/>\n<meta property=\"og:site_name\" content=\"Uni\u00f3n Esp\u00edrita\" \/>\n<meta property=\"article:publisher\" content=\"https:\/\/www.facebook.com\/groups\/3431398063740829\" \/>\n<meta property=\"og:image\" content=\"https:\/\/nuevo-renacer.com\/wp-content\/uploads\/2024\/10\/15463-l.jpg\" \/>\n\t<meta property=\"og:image:width\" content=\"700\" \/>\n\t<meta property=\"og:image:height\" content=\"463\" \/>\n\t<meta property=\"og:image:type\" content=\"image\/jpeg\" \/>\n<meta name=\"twitter:card\" content=\"summary_large_image\" \/>\n<meta name=\"twitter:label1\" content=\"Tempo di lettura stimato\" \/>\n\t<meta name=\"twitter:data1\" content=\"2 minuti\" \/>\n<script type=\"application\/ld+json\" class=\"yoast-schema-graph\">{\"@context\":\"https:\/\/schema.org\",\"@graph\":[{\"@type\":\"WebPage\",\"@id\":\"https:\/\/nuevo-renacer.com\/historia-del-espiritismo-en-paraguay\/\",\"url\":\"https:\/\/nuevo-renacer.com\/historia-del-espiritismo-en-paraguay\/\",\"name\":\"Historia del espiritismo en Paraguay - Uni\u00f3n Esp\u00edrita\",\"isPartOf\":{\"@id\":\"https:\/\/nuevo-renacer.com\/#website\"},\"primaryImageOfPage\":{\"@id\":\"https:\/\/nuevo-renacer.com\/historia-del-espiritismo-en-paraguay\/#primaryimage\"},\"image\":{\"@id\":\"https:\/\/nuevo-renacer.com\/historia-del-espiritismo-en-paraguay\/#primaryimage\"},\"thumbnailUrl\":\"https:\/\/nuevo-renacer.com\/wp-content\/uploads\/2024\/10\/15463-l.jpg\",\"datePublished\":\"2024-10-18T12:25:54+00:00\",\"breadcrumb\":{\"@id\":\"https:\/\/nuevo-renacer.com\/historia-del-espiritismo-en-paraguay\/#breadcrumb\"},\"inLanguage\":\"it-IT\",\"potentialAction\":[{\"@type\":\"ReadAction\",\"target\":[\"https:\/\/nuevo-renacer.com\/historia-del-espiritismo-en-paraguay\/\"]}]},{\"@type\":\"ImageObject\",\"inLanguage\":\"it-IT\",\"@id\":\"https:\/\/nuevo-renacer.com\/historia-del-espiritismo-en-paraguay\/#primaryimage\",\"url\":\"https:\/\/nuevo-renacer.com\/wp-content\/uploads\/2024\/10\/15463-l.jpg\",\"contentUrl\":\"https:\/\/nuevo-renacer.com\/wp-content\/uploads\/2024\/10\/15463-l.jpg\"},{\"@type\":\"BreadcrumbList\",\"@id\":\"https:\/\/nuevo-renacer.com\/historia-del-espiritismo-en-paraguay\/#breadcrumb\",\"itemListElement\":[{\"@type\":\"ListItem\",\"position\":1,\"name\":\"Startseite\",\"item\":\"https:\/\/nuevo-renacer.com\/\"},{\"@type\":\"ListItem\",\"position\":2,\"name\":\"Historia del espiritismo en Paraguay\"}]},{\"@type\":\"WebSite\",\"@id\":\"https:\/\/nuevo-renacer.com\/#website\",\"url\":\"https:\/\/nuevo-renacer.com\/\",\"name\":\"Uni\u00f3n Esp\u00edrita\",\"description\":\"Nuevo Renacer\",\"publisher\":{\"@id\":\"https:\/\/nuevo-renacer.com\/#organization\"},\"potentialAction\":[{\"@type\":\"SearchAction\",\"target\":{\"@type\":\"EntryPoint\",\"urlTemplate\":\"https:\/\/nuevo-renacer.com\/?s={search_term_string}\"},\"query-input\":{\"@type\":\"PropertyValueSpecification\",\"valueRequired\":true,\"valueName\":\"search_term_string\"}}],\"inLanguage\":\"it-IT\"},{\"@type\":\"Organization\",\"@id\":\"https:\/\/nuevo-renacer.com\/#organization\",\"name\":\"UFEC\",\"url\":\"https:\/\/nuevo-renacer.com\/\",\"logo\":{\"@type\":\"ImageObject\",\"inLanguage\":\"it-IT\",\"@id\":\"https:\/\/nuevo-renacer.com\/#\/schema\/logo\/image\/\",\"url\":\"https:\/\/nuevo-renacer.com\/wp-content\/uploads\/2024\/05\/cropped-LOGO-TERMINADO1-3-3.png\",\"contentUrl\":\"https:\/\/nuevo-renacer.com\/wp-content\/uploads\/2024\/05\/cropped-LOGO-TERMINADO1-3-3.png\",\"width\":512,\"height\":512,\"caption\":\"UFEC\"},\"image\":{\"@id\":\"https:\/\/nuevo-renacer.com\/#\/schema\/logo\/image\/\"},\"sameAs\":[\"https:\/\/www.facebook.com\/groups\/3431398063740829\"]}]}<\/script>\n<!-- \/ Yoast SEO Premium plugin. -->","yoast_head_json":{"title":"Historia del espiritismo en Paraguay - Uni\u00f3n Esp\u00edrita","robots":{"index":"index","follow":"follow","max-snippet":"max-snippet:-1","max-image-preview":"max-image-preview:large","max-video-preview":"max-video-preview:-1"},"canonical":"https:\/\/nuevo-renacer.com\/it\/historia-del-espiritismo-en-paraguay\/","og_locale":"it_IT","og_type":"article","og_title":"Historia del espiritismo en Paraguay","og_description":"Historia del espiritismo en Paraguay El espiritismo en Paraguay tiene sus antecedentes hacia el a\u00f1o 1900 aproximadamente, seg\u00fan las documentaciones que poseemos, con la presencia del Dr. Ovidio Rebaudi en la regi\u00f3n del R\u00edo de la Plata. \u00c9l frecuentaba las reuniones en las sociedades espiritas Constancia, Fraternidad&nbsp; y la Confederaci\u00f3n&nbsp; Espiritista Argentina, todas ellas en [&hellip;]","og_url":"https:\/\/nuevo-renacer.com\/it\/historia-del-espiritismo-en-paraguay\/","og_site_name":"Uni\u00f3n Esp\u00edrita","article_publisher":"https:\/\/www.facebook.com\/groups\/3431398063740829","og_image":[{"width":700,"height":463,"url":"https:\/\/nuevo-renacer.com\/wp-content\/uploads\/2024\/10\/15463-l.jpg","type":"image\/jpeg"}],"twitter_card":"summary_large_image","twitter_misc":{"Tempo di lettura stimato":"2 minuti"},"schema":{"@context":"https:\/\/schema.org","@graph":[{"@type":"WebPage","@id":"https:\/\/nuevo-renacer.com\/historia-del-espiritismo-en-paraguay\/","url":"https:\/\/nuevo-renacer.com\/historia-del-espiritismo-en-paraguay\/","name":"Historia del espiritismo en Paraguay - Uni\u00f3n Esp\u00edrita","isPartOf":{"@id":"https:\/\/nuevo-renacer.com\/#website"},"primaryImageOfPage":{"@id":"https:\/\/nuevo-renacer.com\/historia-del-espiritismo-en-paraguay\/#primaryimage"},"image":{"@id":"https:\/\/nuevo-renacer.com\/historia-del-espiritismo-en-paraguay\/#primaryimage"},"thumbnailUrl":"https:\/\/nuevo-renacer.com\/wp-content\/uploads\/2024\/10\/15463-l.jpg","datePublished":"2024-10-18T12:25:54+00:00","breadcrumb":{"@id":"https:\/\/nuevo-renacer.com\/historia-del-espiritismo-en-paraguay\/#breadcrumb"},"inLanguage":"it-IT","potentialAction":[{"@type":"ReadAction","target":["https:\/\/nuevo-renacer.com\/historia-del-espiritismo-en-paraguay\/"]}]},{"@type":"ImageObject","inLanguage":"it-IT","@id":"https:\/\/nuevo-renacer.com\/historia-del-espiritismo-en-paraguay\/#primaryimage","url":"https:\/\/nuevo-renacer.com\/wp-content\/uploads\/2024\/10\/15463-l.jpg","contentUrl":"https:\/\/nuevo-renacer.com\/wp-content\/uploads\/2024\/10\/15463-l.jpg"},{"@type":"BreadcrumbList","@id":"https:\/\/nuevo-renacer.com\/historia-del-espiritismo-en-paraguay\/#breadcrumb","itemListElement":[{"@type":"ListItem","position":1,"name":"Startseite","item":"https:\/\/nuevo-renacer.com\/"},{"@type":"ListItem","position":2,"name":"Historia del espiritismo en Paraguay"}]},{"@type":"WebSite","@id":"https:\/\/nuevo-renacer.com\/#website","url":"https:\/\/nuevo-renacer.com\/","name":"Uni\u00f3n Esp\u00edrita","description":"Nuevo Renacer","publisher":{"@id":"https:\/\/nuevo-renacer.com\/#organization"},"potentialAction":[{"@type":"SearchAction","target":{"@type":"EntryPoint","urlTemplate":"https:\/\/nuevo-renacer.com\/?s={search_term_string}"},"query-input":{"@type":"PropertyValueSpecification","valueRequired":true,"valueName":"search_term_string"}}],"inLanguage":"it-IT"},{"@type":"Organization","@id":"https:\/\/nuevo-renacer.com\/#organization","name":"UFEC","url":"https:\/\/nuevo-renacer.com\/","logo":{"@type":"ImageObject","inLanguage":"it-IT","@id":"https:\/\/nuevo-renacer.com\/#\/schema\/logo\/image\/","url":"https:\/\/nuevo-renacer.com\/wp-content\/uploads\/2024\/05\/cropped-LOGO-TERMINADO1-3-3.png","contentUrl":"https:\/\/nuevo-renacer.com\/wp-content\/uploads\/2024\/05\/cropped-LOGO-TERMINADO1-3-3.png","width":512,"height":512,"caption":"UFEC"},"image":{"@id":"https:\/\/nuevo-renacer.com\/#\/schema\/logo\/image\/"},"sameAs":["https:\/\/www.facebook.com\/groups\/3431398063740829"]}]}},"uagb_featured_image_src":{"full":false,"thumbnail":false,"medium":false,"medium_large":false,"large":false,"1536x1536":false,"2048x2048":false,"trp-custom-language-flag":false},"uagb_author_info":{"display_name":"adbv0","author_link":"https:\/\/nuevo-renacer.com\/it\/author\/adbv0\/"},"uagb_comment_info":0,"uagb_excerpt":"Historia del espiritismo en Paraguay El espiritismo en Paraguay tiene sus antecedentes hacia el a\u00f1o 1900 aproximadamente, seg\u00fan las documentaciones que poseemos, con la presencia del Dr. Ovidio Rebaudi en la regi\u00f3n del R\u00edo de la Plata. \u00c9l frecuentaba las reuniones en las sociedades espiritas Constancia, Fraternidad&nbsp; y la Confederaci\u00f3n&nbsp; Espiritista Argentina, todas ellas en&hellip;","jetpack_sharing_enabled":true,"_links":{"self":[{"href":"https:\/\/nuevo-renacer.com\/it\/wp-json\/wp\/v2\/pages\/5688","targetHints":{"allow":["GET"]}}],"collection":[{"href":"https:\/\/nuevo-renacer.com\/it\/wp-json\/wp\/v2\/pages"}],"about":[{"href":"https:\/\/nuevo-renacer.com\/it\/wp-json\/wp\/v2\/types\/page"}],"author":[{"embeddable":true,"href":"https:\/\/nuevo-renacer.com\/it\/wp-json\/wp\/v2\/users\/1"}],"replies":[{"embeddable":true,"href":"https:\/\/nuevo-renacer.com\/it\/wp-json\/wp\/v2\/comments?post=5688"}],"version-history":[{"count":1,"href":"https:\/\/nuevo-renacer.com\/it\/wp-json\/wp\/v2\/pages\/5688\/revisions"}],"predecessor-version":[{"id":5692,"href":"https:\/\/nuevo-renacer.com\/it\/wp-json\/wp\/v2\/pages\/5688\/revisions\/5692"}],"wp:attachment":[{"href":"https:\/\/nuevo-renacer.com\/it\/wp-json\/wp\/v2\/media?parent=5688"}],"curies":[{"name":"wp","href":"https:\/\/api.w.org\/{rel}","templated":true}]}}