{"id":5666,"date":"2024-10-18T11:04:24","date_gmt":"2024-10-18T11:04:24","guid":{"rendered":"https:\/\/nuevo-renacer.com\/?page_id=5666"},"modified":"2024-10-18T11:21:35","modified_gmt":"2024-10-18T11:21:35","slug":"historia-del-espiritismo-en-el-salvador","status":"publish","type":"page","link":"https:\/\/nuevo-renacer.com\/it\/historia-del-espiritismo-en-el-salvador\/","title":{"rendered":"Historia del Espiritismo en El Salvador"},"content":{"rendered":"<div class=\"wp-block-uagb-container uagb-block-33f252f1 alignfull uagb-is-root-container\"><div class=\"uagb-container-inner-blocks-wrap\">\n<p class=\"has-black-color has-text-color has-link-color has-medium-font-size wp-elements-cf2a7cd26fc43a6f32751af9a18cb01a\"><strong>Historia del espiritismo en El Salvador<\/strong><\/p>\n<\/div><\/div>\n\n\n\n<div class=\"wp-block-uagb-container uagb-block-3e9f068d alignfull uagb-is-root-container\"><div class=\"uagb-container-inner-blocks-wrap\"><\/div><\/div>\n\n\n\n<div class=\"wp-block-uagb-container uagb-block-e759784a alignfull uagb-is-root-container\"><div class=\"uagb-container-inner-blocks-wrap\">\n<figure class=\"wp-block-image size-large is-resized has-custom-border\"><img fetchpriority=\"high\" decoding=\"async\" width=\"1024\" height=\"579\" src=\"https:\/\/nuevo-renacer.com\/wp-content\/uploads\/2024\/10\/salvador-1024x579.png\" alt=\"\" class=\"wp-image-5667\" style=\"border-width:1px;width:84px\" srcset=\"https:\/\/nuevo-renacer.com\/wp-content\/uploads\/2024\/10\/salvador-1024x579.png 1024w, https:\/\/nuevo-renacer.com\/wp-content\/uploads\/2024\/10\/salvador-300x170.png 300w, https:\/\/nuevo-renacer.com\/wp-content\/uploads\/2024\/10\/salvador-768x434.png 768w, https:\/\/nuevo-renacer.com\/wp-content\/uploads\/2024\/10\/salvador-18x10.png 18w, https:\/\/nuevo-renacer.com\/wp-content\/uploads\/2024\/10\/salvador.png 1200w\" sizes=\"(max-width: 1024px) 100vw, 1024px\" \/><\/figure>\n<\/div><\/div>\n\n\n\n<div class=\"wp-block-uagb-container uagb-block-0f2430d8 alignfull uagb-is-root-container\"><div class=\"uagb-container-inner-blocks-wrap\"><\/div><\/div>\n\n\n\n<div class=\"wp-block-uagb-container uagb-block-4209f65a alignfull uagb-is-root-container\"><div class=\"uagb-container-inner-blocks-wrap\">\n<p class=\"has-black-color has-text-color has-link-color has-small-font-size wp-elements-77e0dd325be22f19aa5ae61d7e3d6ea5\">En El Salvador no hay muchos estudios sobre el espiritismo desde el \u00e1mbito acad\u00e9mico. Los escasos textos y referencias sobre este tema muchas veces se escapan y alejan de lo acad\u00e9mico. Se puede intuir que, a partir de la reacci\u00f3n cat\u00f3lica, la presencia de las pr\u00e1cticas espiritistas estaba ya presente desde finales del siglo xix, al menos en las grandes ciudades como San Salvador y Santa Tecla.&nbsp; Quedar\u00eda como un tema pendiente de investigaci\u00f3n, la difusi\u00f3n y alcance de estos grupos esp\u00edritas en el territorio nacional durante esa \u00e9poca.<\/p>\n\n\n\n<p class=\"has-black-color has-text-color has-link-color has-small-font-size wp-elements-6941b90a2e6faab3c8fbc4365f26cd58\">Tomando como referencia pa\u00edses vecinos, el espiritismo estaba asentado en diversos lugares tales como Guatemala o Costa Rica. El siglo XX, sin duda, fue un tiempo donde diversos colectivos tuvieron auge en los grupos intelectuales de Centroam\u00e9rica. De esta manera, y siguiendo la l\u00ednea de otros estudios sobre esta tem\u00e1tica, a lo largo del siglo XIX e inicios del siglo XX, la teosof\u00eda, masoner\u00eda, el espiritismo y otras corrientes, se enfrentaron directa o indirectamente al materialismo y al positivismo que tambi\u00e9n estaban presentes en las nuevas naciones surgidas luego de la independencia. En ese punto, estudios recientes manifiestan que el espiritismo fue esencial en Centroam\u00e9rica para el Desarrollo de ciertas ideas de emancipaci\u00f3n. Personajes como Augusto C\u00e9sar Sandino estuvo fuertemente\u00a0vinculado a las practices del espiritismo y del esoterismo. Con todo, es digno de menci\u00f3n que en 1921 se llev\u00f3 a cabo el Primer congreso espirita de Centroam\u00e9rica.<\/p>\n\n\n\n<p class=\"has-black-color has-text-color has-link-color has-small-font-size wp-elements-7981d608b04bb2de0e9c653917557901\">En el caso concreto de El Salvador, en el a\u00f1o de 1956 se fund\u00f3 la Federaci\u00f3n Espirita de El Salvador. Esto no quiere decir que antes no hubo espiritismo en el&nbsp;pa\u00eds, pero las labores&nbsp; eran de car\u00e1cter&nbsp; privada y sus actividades eran dispersas, aunque lleg\u00f3 a publicarse una&nbsp; revista titulada \u00abEres\u00bb, \u00f3rgano de divulgaci\u00f3n de la escuela racionalista espirita salvadore\u00f1a. El primer presidente de la federaci\u00f3n fue Julio C. Castro. Hubo alrededor de 23 escuelas esp\u00edritas que conformaron dicha federaci\u00f3n, entre ellas la sociedad espirita \u201cHumildad de Jes\u00fas\u201d y el centro espirita \u201cHermano Pedro de Betancourt\u201d.<\/p>\n\n\n\n<p class=\"has-black-color has-text-color has-link-color has-small-font-size wp-elements-2d6d8a7121d487bfff31ec3eee2c1170\">No obstante, en la d\u00e9cada del 60, cinco escuelas se dividen y forman lo que se conoci\u00f3 como \u201cUni\u00f3n de escuelas esp\u00edritas de El Salvador\u201d por iniciativa de Santiago David Garc\u00eda. En los a\u00f1os 60 se edit\u00f3 el bolet\u00edn \u00abLuz\u00bb y posteriormente la revista El alba esp\u00edrita. Fue hasta el a\u00f1o de 1992 que la Federaci\u00f3n de escuelas esp\u00edritas logra&nbsp; su personer\u00eda jur\u00eddica, siendo su presidente el Dr. Ren\u00e9 Augusto Urbina. As\u00ed, a inicios del siglo xxi dicha federaci\u00f3n pose\u00eda alrededor de 8 escuelas.&nbsp;<\/p>\n\n\n\n<p class=\"has-black-color has-text-color has-link-color has-small-font-size wp-elements-9747253f4dc386c156907721497481ef\">Posteriormente, se cambi\u00f3 el nombre a dicha federaci\u00f3n y hoy en d\u00eda se conoce como Asociaci\u00f3n de escuelas esp\u00edritas de El Salvador.<\/p>\n<\/div><\/div>\n\n\n\n<div class=\"wp-block-uagb-container uagb-block-1883e167 alignfull uagb-is-root-container\"><div class=\"uagb-container-inner-blocks-wrap\"><\/div><\/div>\n\n\n\n<div class=\"wp-block-uagb-container uagb-block-1075ac95 alignfull uagb-is-root-container\"><div class=\"uagb-container-inner-blocks-wrap\"><\/div><\/div>","protected":false},"excerpt":{"rendered":"<p>Historia del espiritismo en El Salvador En El Salvador no hay muchos estudios sobre el espiritismo desde el \u00e1mbito acad\u00e9mico. Los escasos textos y referencias sobre este tema muchas veces se escapan y alejan de lo acad\u00e9mico. Se puede intuir que, a partir de la reacci\u00f3n cat\u00f3lica, la presencia de las pr\u00e1cticas espiritistas estaba ya [&hellip;]<\/p>","protected":false},"author":1,"featured_media":0,"parent":0,"menu_order":0,"comment_status":"closed","ping_status":"closed","template":"","meta":{"_uag_custom_page_level_css":"","site-sidebar-layout":"default","site-content-layout":"","ast-site-content-layout":"default","site-content-style":"default","site-sidebar-style":"default","ast-global-header-display":"","ast-banner-title-visibility":"","ast-main-header-display":"","ast-hfb-above-header-display":"","ast-hfb-below-header-display":"","ast-hfb-mobile-header-display":"","site-post-title":"disabled","ast-breadcrumbs-content":"","ast-featured-img":"","footer-sml-layout":"","theme-transparent-header-meta":"","adv-header-id-meta":"","stick-header-meta":"","header-above-stick-meta":"","header-main-stick-meta":"","header-below-stick-meta":"","astra-migrate-meta-layouts":"set","ast-page-background-enabled":"default","ast-page-background-meta":{"desktop":{"background-color":"var(--ast-global-color-4)","background-image":"","background-repeat":"repeat","background-position":"center center","background-size":"auto","background-attachment":"scroll","background-type":"","background-media":"","overlay-type":"","overlay-color":"","overlay-opacity":"","overlay-gradient":""},"tablet":{"background-color":"","background-image":"","background-repeat":"repeat","background-position":"center center","background-size":"auto","background-attachment":"scroll","background-type":"","background-media":"","overlay-type":"","overlay-color":"","overlay-opacity":"","overlay-gradient":""},"mobile":{"background-color":"","background-image":"","background-repeat":"repeat","background-position":"center center","background-size":"auto","background-attachment":"scroll","background-type":"","background-media":"","overlay-type":"","overlay-color":"","overlay-opacity":"","overlay-gradient":""}},"ast-content-background-meta":{"desktop":{"background-color":"var(--ast-global-color-5)","background-image":"","background-repeat":"repeat","background-position":"center center","background-size":"auto","background-attachment":"scroll","background-type":"","background-media":"","overlay-type":"","overlay-color":"","overlay-opacity":"","overlay-gradient":""},"tablet":{"background-color":"var(--ast-global-color-5)","background-image":"","background-repeat":"repeat","background-position":"center center","background-size":"auto","background-attachment":"scroll","background-type":"","background-media":"","overlay-type":"","overlay-color":"","overlay-opacity":"","overlay-gradient":""},"mobile":{"background-color":"var(--ast-global-color-5)","background-image":"","background-repeat":"repeat","background-position":"center center","background-size":"auto","background-attachment":"scroll","background-type":"","background-media":"","overlay-type":"","overlay-color":"","overlay-opacity":"","overlay-gradient":""}},"footnotes":""},"class_list":["post-5666","page","type-page","status-publish","hentry"],"yoast_head":"<!-- This site is optimized with the Yoast SEO Premium plugin v24.2 (Yoast SEO v24.6) - https:\/\/yoast.com\/wordpress\/plugins\/seo\/ -->\n<title>Historia del Espiritismo en El Salvador - Uni\u00f3n Esp\u00edrita<\/title>\n<meta name=\"robots\" content=\"index, follow, max-snippet:-1, max-image-preview:large, max-video-preview:-1\" \/>\n<link rel=\"canonical\" href=\"https:\/\/nuevo-renacer.com\/it\/historia-del-espiritismo-en-el-salvador\/\" \/>\n<meta property=\"og:locale\" content=\"it_IT\" \/>\n<meta property=\"og:type\" content=\"article\" \/>\n<meta property=\"og:title\" content=\"Historia del Espiritismo en El Salvador\" \/>\n<meta property=\"og:description\" content=\"Historia del espiritismo en El Salvador En El Salvador no hay muchos estudios sobre el espiritismo desde el \u00e1mbito acad\u00e9mico. Los escasos textos y referencias sobre este tema muchas veces se escapan y alejan de lo acad\u00e9mico. Se puede intuir que, a partir de la reacci\u00f3n cat\u00f3lica, la presencia de las pr\u00e1cticas espiritistas estaba ya [&hellip;]\" \/>\n<meta property=\"og:url\" content=\"https:\/\/nuevo-renacer.com\/it\/historia-del-espiritismo-en-el-salvador\/\" \/>\n<meta property=\"og:site_name\" content=\"Uni\u00f3n Esp\u00edrita\" \/>\n<meta property=\"article:publisher\" content=\"https:\/\/www.facebook.com\/groups\/3431398063740829\" \/>\n<meta property=\"article:modified_time\" content=\"2024-10-18T11:21:35+00:00\" \/>\n<meta property=\"og:image\" content=\"https:\/\/nuevo-renacer.com\/wp-content\/uploads\/2024\/10\/salvador.png\" \/>\n\t<meta property=\"og:image:width\" content=\"1200\" \/>\n\t<meta property=\"og:image:height\" content=\"678\" \/>\n\t<meta property=\"og:image:type\" content=\"image\/png\" \/>\n<meta name=\"twitter:card\" content=\"summary_large_image\" \/>\n<meta name=\"twitter:label1\" content=\"Tempo di lettura stimato\" \/>\n\t<meta name=\"twitter:data1\" content=\"2 minuti\" \/>\n<script type=\"application\/ld+json\" class=\"yoast-schema-graph\">{\"@context\":\"https:\/\/schema.org\",\"@graph\":[{\"@type\":\"WebPage\",\"@id\":\"https:\/\/nuevo-renacer.com\/historia-del-espiritismo-en-el-salvador\/\",\"url\":\"https:\/\/nuevo-renacer.com\/historia-del-espiritismo-en-el-salvador\/\",\"name\":\"Historia del Espiritismo en El Salvador - Uni\u00f3n Esp\u00edrita\",\"isPartOf\":{\"@id\":\"https:\/\/nuevo-renacer.com\/#website\"},\"primaryImageOfPage\":{\"@id\":\"https:\/\/nuevo-renacer.com\/historia-del-espiritismo-en-el-salvador\/#primaryimage\"},\"image\":{\"@id\":\"https:\/\/nuevo-renacer.com\/historia-del-espiritismo-en-el-salvador\/#primaryimage\"},\"thumbnailUrl\":\"https:\/\/nuevo-renacer.com\/wp-content\/uploads\/2024\/10\/salvador-1024x579.png\",\"datePublished\":\"2024-10-18T11:04:24+00:00\",\"dateModified\":\"2024-10-18T11:21:35+00:00\",\"breadcrumb\":{\"@id\":\"https:\/\/nuevo-renacer.com\/historia-del-espiritismo-en-el-salvador\/#breadcrumb\"},\"inLanguage\":\"it-IT\",\"potentialAction\":[{\"@type\":\"ReadAction\",\"target\":[\"https:\/\/nuevo-renacer.com\/historia-del-espiritismo-en-el-salvador\/\"]}]},{\"@type\":\"ImageObject\",\"inLanguage\":\"it-IT\",\"@id\":\"https:\/\/nuevo-renacer.com\/historia-del-espiritismo-en-el-salvador\/#primaryimage\",\"url\":\"https:\/\/nuevo-renacer.com\/wp-content\/uploads\/2024\/10\/salvador-1024x579.png\",\"contentUrl\":\"https:\/\/nuevo-renacer.com\/wp-content\/uploads\/2024\/10\/salvador-1024x579.png\"},{\"@type\":\"BreadcrumbList\",\"@id\":\"https:\/\/nuevo-renacer.com\/historia-del-espiritismo-en-el-salvador\/#breadcrumb\",\"itemListElement\":[{\"@type\":\"ListItem\",\"position\":1,\"name\":\"Startseite\",\"item\":\"https:\/\/nuevo-renacer.com\/\"},{\"@type\":\"ListItem\",\"position\":2,\"name\":\"Historia del Espiritismo en El Salvador\"}]},{\"@type\":\"WebSite\",\"@id\":\"https:\/\/nuevo-renacer.com\/#website\",\"url\":\"https:\/\/nuevo-renacer.com\/\",\"name\":\"Uni\u00f3n Esp\u00edrita\",\"description\":\"Nuevo Renacer\",\"publisher\":{\"@id\":\"https:\/\/nuevo-renacer.com\/#organization\"},\"potentialAction\":[{\"@type\":\"SearchAction\",\"target\":{\"@type\":\"EntryPoint\",\"urlTemplate\":\"https:\/\/nuevo-renacer.com\/?s={search_term_string}\"},\"query-input\":{\"@type\":\"PropertyValueSpecification\",\"valueRequired\":true,\"valueName\":\"search_term_string\"}}],\"inLanguage\":\"it-IT\"},{\"@type\":\"Organization\",\"@id\":\"https:\/\/nuevo-renacer.com\/#organization\",\"name\":\"UFEC\",\"url\":\"https:\/\/nuevo-renacer.com\/\",\"logo\":{\"@type\":\"ImageObject\",\"inLanguage\":\"it-IT\",\"@id\":\"https:\/\/nuevo-renacer.com\/#\/schema\/logo\/image\/\",\"url\":\"https:\/\/nuevo-renacer.com\/wp-content\/uploads\/2024\/05\/cropped-LOGO-TERMINADO1-3-3.png\",\"contentUrl\":\"https:\/\/nuevo-renacer.com\/wp-content\/uploads\/2024\/05\/cropped-LOGO-TERMINADO1-3-3.png\",\"width\":512,\"height\":512,\"caption\":\"UFEC\"},\"image\":{\"@id\":\"https:\/\/nuevo-renacer.com\/#\/schema\/logo\/image\/\"},\"sameAs\":[\"https:\/\/www.facebook.com\/groups\/3431398063740829\"]}]}<\/script>\n<!-- \/ Yoast SEO Premium plugin. -->","yoast_head_json":{"title":"Historia del Espiritismo en El Salvador - Uni\u00f3n Esp\u00edrita","robots":{"index":"index","follow":"follow","max-snippet":"max-snippet:-1","max-image-preview":"max-image-preview:large","max-video-preview":"max-video-preview:-1"},"canonical":"https:\/\/nuevo-renacer.com\/it\/historia-del-espiritismo-en-el-salvador\/","og_locale":"it_IT","og_type":"article","og_title":"Historia del Espiritismo en El Salvador","og_description":"Historia del espiritismo en El Salvador En El Salvador no hay muchos estudios sobre el espiritismo desde el \u00e1mbito acad\u00e9mico. Los escasos textos y referencias sobre este tema muchas veces se escapan y alejan de lo acad\u00e9mico. Se puede intuir que, a partir de la reacci\u00f3n cat\u00f3lica, la presencia de las pr\u00e1cticas espiritistas estaba ya [&hellip;]","og_url":"https:\/\/nuevo-renacer.com\/it\/historia-del-espiritismo-en-el-salvador\/","og_site_name":"Uni\u00f3n Esp\u00edrita","article_publisher":"https:\/\/www.facebook.com\/groups\/3431398063740829","article_modified_time":"2024-10-18T11:21:35+00:00","og_image":[{"width":1200,"height":678,"url":"https:\/\/nuevo-renacer.com\/wp-content\/uploads\/2024\/10\/salvador.png","type":"image\/png"}],"twitter_card":"summary_large_image","twitter_misc":{"Tempo di lettura stimato":"2 minuti"},"schema":{"@context":"https:\/\/schema.org","@graph":[{"@type":"WebPage","@id":"https:\/\/nuevo-renacer.com\/historia-del-espiritismo-en-el-salvador\/","url":"https:\/\/nuevo-renacer.com\/historia-del-espiritismo-en-el-salvador\/","name":"Historia del Espiritismo en El Salvador - Uni\u00f3n Esp\u00edrita","isPartOf":{"@id":"https:\/\/nuevo-renacer.com\/#website"},"primaryImageOfPage":{"@id":"https:\/\/nuevo-renacer.com\/historia-del-espiritismo-en-el-salvador\/#primaryimage"},"image":{"@id":"https:\/\/nuevo-renacer.com\/historia-del-espiritismo-en-el-salvador\/#primaryimage"},"thumbnailUrl":"https:\/\/nuevo-renacer.com\/wp-content\/uploads\/2024\/10\/salvador-1024x579.png","datePublished":"2024-10-18T11:04:24+00:00","dateModified":"2024-10-18T11:21:35+00:00","breadcrumb":{"@id":"https:\/\/nuevo-renacer.com\/historia-del-espiritismo-en-el-salvador\/#breadcrumb"},"inLanguage":"it-IT","potentialAction":[{"@type":"ReadAction","target":["https:\/\/nuevo-renacer.com\/historia-del-espiritismo-en-el-salvador\/"]}]},{"@type":"ImageObject","inLanguage":"it-IT","@id":"https:\/\/nuevo-renacer.com\/historia-del-espiritismo-en-el-salvador\/#primaryimage","url":"https:\/\/nuevo-renacer.com\/wp-content\/uploads\/2024\/10\/salvador-1024x579.png","contentUrl":"https:\/\/nuevo-renacer.com\/wp-content\/uploads\/2024\/10\/salvador-1024x579.png"},{"@type":"BreadcrumbList","@id":"https:\/\/nuevo-renacer.com\/historia-del-espiritismo-en-el-salvador\/#breadcrumb","itemListElement":[{"@type":"ListItem","position":1,"name":"Startseite","item":"https:\/\/nuevo-renacer.com\/"},{"@type":"ListItem","position":2,"name":"Historia del Espiritismo en El Salvador"}]},{"@type":"WebSite","@id":"https:\/\/nuevo-renacer.com\/#website","url":"https:\/\/nuevo-renacer.com\/","name":"Uni\u00f3n Esp\u00edrita","description":"Nuevo Renacer","publisher":{"@id":"https:\/\/nuevo-renacer.com\/#organization"},"potentialAction":[{"@type":"SearchAction","target":{"@type":"EntryPoint","urlTemplate":"https:\/\/nuevo-renacer.com\/?s={search_term_string}"},"query-input":{"@type":"PropertyValueSpecification","valueRequired":true,"valueName":"search_term_string"}}],"inLanguage":"it-IT"},{"@type":"Organization","@id":"https:\/\/nuevo-renacer.com\/#organization","name":"UFEC","url":"https:\/\/nuevo-renacer.com\/","logo":{"@type":"ImageObject","inLanguage":"it-IT","@id":"https:\/\/nuevo-renacer.com\/#\/schema\/logo\/image\/","url":"https:\/\/nuevo-renacer.com\/wp-content\/uploads\/2024\/05\/cropped-LOGO-TERMINADO1-3-3.png","contentUrl":"https:\/\/nuevo-renacer.com\/wp-content\/uploads\/2024\/05\/cropped-LOGO-TERMINADO1-3-3.png","width":512,"height":512,"caption":"UFEC"},"image":{"@id":"https:\/\/nuevo-renacer.com\/#\/schema\/logo\/image\/"},"sameAs":["https:\/\/www.facebook.com\/groups\/3431398063740829"]}]}},"uagb_featured_image_src":{"full":false,"thumbnail":false,"medium":false,"medium_large":false,"large":false,"1536x1536":false,"2048x2048":false,"trp-custom-language-flag":false},"uagb_author_info":{"display_name":"adbv0","author_link":"https:\/\/nuevo-renacer.com\/it\/author\/adbv0\/"},"uagb_comment_info":0,"uagb_excerpt":"Historia del espiritismo en El Salvador En El Salvador no hay muchos estudios sobre el espiritismo desde el \u00e1mbito acad\u00e9mico. Los escasos textos y referencias sobre este tema muchas veces se escapan y alejan de lo acad\u00e9mico. Se puede intuir que, a partir de la reacci\u00f3n cat\u00f3lica, la presencia de las pr\u00e1cticas espiritistas estaba ya&hellip;","jetpack_sharing_enabled":true,"_links":{"self":[{"href":"https:\/\/nuevo-renacer.com\/it\/wp-json\/wp\/v2\/pages\/5666","targetHints":{"allow":["GET"]}}],"collection":[{"href":"https:\/\/nuevo-renacer.com\/it\/wp-json\/wp\/v2\/pages"}],"about":[{"href":"https:\/\/nuevo-renacer.com\/it\/wp-json\/wp\/v2\/types\/page"}],"author":[{"embeddable":true,"href":"https:\/\/nuevo-renacer.com\/it\/wp-json\/wp\/v2\/users\/1"}],"replies":[{"embeddable":true,"href":"https:\/\/nuevo-renacer.com\/it\/wp-json\/wp\/v2\/comments?post=5666"}],"version-history":[{"count":8,"href":"https:\/\/nuevo-renacer.com\/it\/wp-json\/wp\/v2\/pages\/5666\/revisions"}],"predecessor-version":[{"id":5678,"href":"https:\/\/nuevo-renacer.com\/it\/wp-json\/wp\/v2\/pages\/5666\/revisions\/5678"}],"wp:attachment":[{"href":"https:\/\/nuevo-renacer.com\/it\/wp-json\/wp\/v2\/media?parent=5666"}],"curies":[{"name":"wp","href":"https:\/\/api.w.org\/{rel}","templated":true}]}}