{"id":5651,"date":"2024-10-18T09:53:14","date_gmt":"2024-10-18T09:53:14","guid":{"rendered":"https:\/\/nuevo-renacer.com\/?page_id=5651"},"modified":"2024-10-18T10:14:27","modified_gmt":"2024-10-18T10:14:27","slug":"historia-del-espiritismo-en-ecuador","status":"publish","type":"page","link":"https:\/\/nuevo-renacer.com\/it\/historia-del-espiritismo-en-ecuador\/","title":{"rendered":"Historia del espiritismo en Ecuador"},"content":{"rendered":"<div class=\"wp-block-uagb-container uagb-block-98cf9223 alignfull uagb-is-root-container\"><div class=\"uagb-container-inner-blocks-wrap\">\n<p class=\"has-black-color has-text-color has-link-color has-medium-font-size wp-elements-64359aafa7ba2c94ecca7eda0e99e1ea\"><strong>Historia del espiritismo en Ecuador<\/strong><\/p>\n<\/div><\/div>\n\n\n\n<div class=\"wp-block-uagb-container uagb-block-b3ec6c39 alignfull uagb-is-root-container\"><div class=\"uagb-container-inner-blocks-wrap\"><\/div><\/div>\n\n\n\n<div class=\"wp-block-uagb-container uagb-block-7feb1e7e alignfull uagb-is-root-container\"><div class=\"uagb-container-inner-blocks-wrap\">\n<figure class=\"wp-block-image size-full is-resized\"><img fetchpriority=\"high\" decoding=\"async\" width=\"800\" height=\"533\" src=\"https:\/\/nuevo-renacer.com\/wp-content\/uploads\/2024\/10\/equador.png\" alt=\"\" class=\"wp-image-5652\" style=\"width:84px\" srcset=\"https:\/\/nuevo-renacer.com\/wp-content\/uploads\/2024\/10\/equador.png 800w, https:\/\/nuevo-renacer.com\/wp-content\/uploads\/2024\/10\/equador-300x200.png 300w, https:\/\/nuevo-renacer.com\/wp-content\/uploads\/2024\/10\/equador-768x512.png 768w, https:\/\/nuevo-renacer.com\/wp-content\/uploads\/2024\/10\/equador-18x12.png 18w\" sizes=\"(max-width: 800px) 100vw, 800px\" \/><\/figure>\n<\/div><\/div>\n\n\n\n<div class=\"wp-block-uagb-container uagb-block-eb72e0f8 alignfull uagb-is-root-container\"><div class=\"uagb-container-inner-blocks-wrap\"><\/div><\/div>\n\n\n\n<div class=\"wp-block-uagb-container uagb-block-f334e1ad alignfull uagb-is-root-container\"><div class=\"uagb-container-inner-blocks-wrap\">\n<p class=\"has-black-color has-text-color has-link-color has-small-font-size wp-elements-6b8ddec0c71d7d1f4169fd9b045ab267\">Claro de Jes\u00fas Banch\u00f3n Potes, naci\u00f3 en la ciudad de Guayaquil el 12 de agosto 1885, en el hogar conformado por los se\u00f1ores Juli\u00e1n Banch\u00f3n Arias y Juana Potes de Banch\u00f3n.<\/p>\n\n\n\n<p class=\"has-black-color has-text-color has-link-color has-small-font-size wp-elements-51d02ad7cd3a0b723805b0bfe996a6d1\">Estudiante ejemplar desde muy joven, gan\u00f3 una beca para estudiar en el Colegio Militar Eloy Alfaro, para posteriormente hacer carrera en las Fuerzas Armadas del Ecuador. Se cas\u00f3 con Marieta Ninfa Coello Ronquillo y tuvo 6 hijos. En 1942 fund\u00f3 el Centro Esp\u00edrita Amalia Domingo Soler. Desencarn\u00f3 una ma\u00f1ana del 6 de Julio de 1971.<\/p>\n\n\n\n<div class=\"wp-block-uagb-container uagb-block-cdf47630\">\n<figure class=\"wp-block-image size-full is-resized\"><img decoding=\"async\" width=\"570\" height=\"421\" src=\"https:\/\/nuevo-renacer.com\/wp-content\/uploads\/2024\/10\/de-jesus.png\" alt=\"\" class=\"wp-image-5653\" style=\"width:279px;height:auto\" srcset=\"https:\/\/nuevo-renacer.com\/wp-content\/uploads\/2024\/10\/de-jesus.png 570w, https:\/\/nuevo-renacer.com\/wp-content\/uploads\/2024\/10\/de-jesus-300x222.png 300w, https:\/\/nuevo-renacer.com\/wp-content\/uploads\/2024\/10\/de-jesus-16x12.png 16w\" sizes=\"(max-width: 570px) 100vw, 570px\" \/><figcaption class=\"wp-element-caption\">Claro de Jes\u00fas Banch\u00f3n Potes<\/figcaption><\/figure>\n<\/div>\n\n\n\n<p class=\"has-black-color has-text-color has-link-color has-medium-font-size wp-elements-9746de74c11afd2fcc900e7c4f49f6d3\"><strong>Llegada del Espiritismo al Ecuador<\/strong><\/p>\n\n\n\n<p class=\"has-black-color has-text-color has-link-color has-small-font-size wp-elements-8438db8f6dc585fae3e1267e80118e17\"><strong>Gobierno de Eloy Alfaro<\/strong><\/p>\n\n\n\n<p class=\"has-black-color has-text-color has-link-color has-small-font-size wp-elements-cb92be18c04320dbbbeb94fde31c0668\">El pa\u00eds se encontraba agitado por las pasiones pol\u00edticas. Por un lado, el liberalismo coste\u00f1o, y por otro lado, el conservadorismo serrano, enfrasc\u00e1ndose en enfrentamientos fraticidas. Corr\u00eda por entonces, el segundo mandato presidencial del General Eloy Alfaro Delgado, y en una franca oposici\u00f3n a la pol\u00edtica suave de Leonidas Plaza, \u00e9ste trataba de recuperar todas las conquistas de car\u00e1cter liberal que hab\u00edan sido impuestas con sangre en el Ecuador y que estaban siendo volcadas lentamente hacia el conservadorismo. Hab\u00eda descontento en todos los rincones de la Patria y uno de los inconformes con la administraci\u00f3n del General Alfaro, era el General Rafael Puente, quien en forma soterrada hab\u00eda venido gestando un levantamiento en la ciudad de Guayaquil.<\/p>\n\n\n\n<div class=\"wp-block-uagb-container uagb-block-b61f308d\">\n<figure class=\"wp-block-image size-full is-resized\"><img decoding=\"async\" width=\"500\" height=\"375\" src=\"https:\/\/nuevo-renacer.com\/wp-content\/uploads\/2024\/10\/magnets4you-1.png\" alt=\"\" class=\"wp-image-5657\" style=\"width:277px;height:auto\" srcset=\"https:\/\/nuevo-renacer.com\/wp-content\/uploads\/2024\/10\/magnets4you-1.png 500w, https:\/\/nuevo-renacer.com\/wp-content\/uploads\/2024\/10\/magnets4you-1-300x225.png 300w, https:\/\/nuevo-renacer.com\/wp-content\/uploads\/2024\/10\/magnets4you-1-16x12.png 16w\" sizes=\"(max-width: 500px) 100vw, 500px\" \/><\/figure>\n<\/div>\n\n\n\n<p class=\"has-black-color has-text-color has-link-color has-small-font-size wp-elements-7a32d58f44aef3588223aab3757ad1fc\"><strong>19 de Julio de 1907<\/strong><\/p>\n\n\n\n<p class=\"has-black-color has-text-color has-link-color has-small-font-size wp-elements-45669de5ddbb76d5519bcad41efb131f\">Se produce un enfrentamiento armado dentro de la ciudad, con el fin de capturar a Eloy Alfaro, quien estaba de paso por la urbe. Las fuerzas militares detienen el enfrentamiento y capturan a los implicados en el levantamiento.<\/p>\n\n\n\n<p class=\"has-black-color has-text-color has-link-color has-small-font-size wp-elements-42cd9ed48e097cd5728ed997b039c561\">Un joven militar, llamado Claro de Jes\u00fas Banch\u00f3n Potes, es acusado injustamente de formar parte del levantamiento, es condenado a muerte, posteriormente derogan su asesinato y lo env\u00edan a prisi\u00f3n durante 2 a\u00f1os en la ciudad de Quito.<\/p>\n\n\n\n<p class=\"has-black-color has-text-color has-link-color has-small-font-size wp-elements-2c5c104d8dbdb061228bf568eddb6e4d\">Durante los 2 a\u00f1os que estuvo preso injustamente en Quito, conoci\u00f3 a Pincheira, otro reo de origen chileno, quien profesaba una nueva doctrina hasta ese entonces desconocida en el Ecuador; el Espiritismo, de All\u00e1n Kardec. Es a trav\u00e9s de este v\u00ednculo que Claro Banch\u00f3n se adentra en la doctrina Esp\u00edrita y es fiel testigo de c\u00f3mo los esp\u00edritus les abr\u00edan los cerrojos de las celdas por las noches y los conduc\u00edan de manera segura hasta los lugares donde los interesados en este tema puedan llevar a cabo las sesiones mediumnicas y recibir los consejos de los esp\u00edritus superiores. A trav\u00e9s de Pincheira, Claro de Jes\u00fas accede a los estudios espiritistas. De manera que, una vez conseguido su indulto en 1910, se dedica a llevar el mensaje entre familiares y amigos, creando peque\u00f1os gremios desde donde saldr\u00edan los primeros m\u00e9diums a su cargo.<\/p>\n\n\n\n<p class=\"has-black-color has-text-color has-link-color has-small-font-size wp-elements-35286b6168694fd7af2ae47411edba64\"><strong>Fundaci\u00f3n del Centro Amalia Domingo Soler<\/strong><\/p>\n\n\n\n<p class=\"has-black-color has-text-color has-link-color has-small-font-size wp-elements-6f2d4a6fcbca1bccdc8a45b702bef56f\">El 4 de Julio de 1942 se fund\u00f3 en la ciudad de Guayaquil, a cargo de Claro Banch\u00f3n, el primer Centro Espiritista del Ecuador, al que se nombr\u00f3: Amalia Domingo Soler, en honor a la pionera del Espiritismo en Latinoam\u00e9rica. La sede social sigue funcionando en su lugar de origen hasta el d\u00eda de hoy.<\/p>\n\n\n\n<div class=\"wp-block-uagb-container uagb-block-223323dd\">\n<figure class=\"wp-block-image size-full is-resized\"><img loading=\"lazy\" decoding=\"async\" width=\"531\" height=\"292\" src=\"https:\/\/nuevo-renacer.com\/wp-content\/uploads\/2024\/10\/Screenshot-190.png\" alt=\"\" class=\"wp-image-5659\" style=\"width:278px;height:auto\" srcset=\"https:\/\/nuevo-renacer.com\/wp-content\/uploads\/2024\/10\/Screenshot-190.png 531w, https:\/\/nuevo-renacer.com\/wp-content\/uploads\/2024\/10\/Screenshot-190-300x165.png 300w, https:\/\/nuevo-renacer.com\/wp-content\/uploads\/2024\/10\/Screenshot-190-18x10.png 18w\" sizes=\"(max-width: 531px) 100vw, 531px\" \/><figcaption class=\"wp-element-caption\">Miembros del Centro Amalia Domingo Soler (1962)<\/figcaption><\/figure>\n<\/div>\n\n\n\n<p class=\"has-black-color has-text-color has-link-color has-small-font-size wp-elements-2e386baad5535577656dbaa0147cfcc5\">Empez\u00f3 con labores de mediumnidad de sanaci\u00f3n y atenci\u00f3n fraterna al p\u00fablico, llevadas a cabo por las primeras m\u00e9diums: Irene Soriano de C\u00e1rdenas, Mar\u00eda Luisa Sa\u00f1udo, Rosita Fern\u00e1ndez, Violeta Banch\u00f3n (hija de Claro Banch\u00f3n), Elenita Bola\u00f1os de Andrade, Roberto Coronel, Rosita Arriaga.<\/p>\n\n\n\n<p class=\"has-black-color has-text-color has-link-color has-small-font-size wp-elements-081c04b79a845bc482d064d14f6d0e09\">La atenci\u00f3n fraterna ha sido uno de los pilares fundamentales para la pr\u00e1ctica del servicio a quien lo necesite. El Centro se ha dedicado a la difusi\u00f3n y divulgaci\u00f3n de informaci\u00f3n esp\u00edrita, a trav\u00e9s de , talleres, charlas, conferencias, encuentros (nacionales e internacionales).<\/p>\n\n\n\n<p class=\"has-black-color has-text-color has-link-color has-small-font-size wp-elements-057c12335382dc57ad841a5c25aa0f8e\">A partir del 2017 el Centro lanz\u00f3 su primera revista esp\u00edrita \u201cClaridad\u201d.<\/p>\n\n\n\n<p class=\"has-black-color has-text-color has-link-color has-small-font-size wp-elements-c58182a2cf49862ac2751072f988ffb6\">En el 2018 inaugur\u00f3 el proyecto \u201cTeatro-Espiritismo\u201d, el cual consiste en dramatizar textos y libros de contenido esp\u00edrita a trav\u00e9s del teatro. Difundiendo de manera art\u00edstica la doctrina. Se cuentan ya con 7 obras teatrales hasta la actualidad.<\/p>\n\n\n\n<p class=\"has-black-color has-text-color has-link-color has-small-font-size wp-elements-15777e949f94c5171d0a827c1069da49\">Actualmente, el Centro continua con su labores de difusi\u00f3n de manera virtual.<\/p>\n<\/div><\/div>","protected":false},"excerpt":{"rendered":"<p>Historia del espiritismo en Ecuador Claro de Jes\u00fas Banch\u00f3n Potes, naci\u00f3 en la ciudad de Guayaquil el 12 de agosto 1885, en el hogar conformado por los se\u00f1ores Juli\u00e1n Banch\u00f3n Arias y Juana Potes de Banch\u00f3n. Estudiante ejemplar desde muy joven, gan\u00f3 una beca para estudiar en el Colegio Militar Eloy Alfaro, para posteriormente hacer [&hellip;]<\/p>","protected":false},"author":1,"featured_media":0,"parent":0,"menu_order":0,"comment_status":"closed","ping_status":"closed","template":"","meta":{"_uag_custom_page_level_css":"","site-sidebar-layout":"default","site-content-layout":"","ast-site-content-layout":"default","site-content-style":"default","site-sidebar-style":"default","ast-global-header-display":"","ast-banner-title-visibility":"","ast-main-header-display":"","ast-hfb-above-header-display":"","ast-hfb-below-header-display":"","ast-hfb-mobile-header-display":"","site-post-title":"disabled","ast-breadcrumbs-content":"","ast-featured-img":"","footer-sml-layout":"","theme-transparent-header-meta":"","adv-header-id-meta":"","stick-header-meta":"","header-above-stick-meta":"","header-main-stick-meta":"","header-below-stick-meta":"","astra-migrate-meta-layouts":"set","ast-page-background-enabled":"default","ast-page-background-meta":{"desktop":{"background-color":"var(--ast-global-color-4)","background-image":"","background-repeat":"repeat","background-position":"center center","background-size":"auto","background-attachment":"scroll","background-type":"","background-media":"","overlay-type":"","overlay-color":"","overlay-opacity":"","overlay-gradient":""},"tablet":{"background-color":"","background-image":"","background-repeat":"repeat","background-position":"center center","background-size":"auto","background-attachment":"scroll","background-type":"","background-media":"","overlay-type":"","overlay-color":"","overlay-opacity":"","overlay-gradient":""},"mobile":{"background-color":"","background-image":"","background-repeat":"repeat","background-position":"center center","background-size":"auto","background-attachment":"scroll","background-type":"","background-media":"","overlay-type":"","overlay-color":"","overlay-opacity":"","overlay-gradient":""}},"ast-content-background-meta":{"desktop":{"background-color":"var(--ast-global-color-5)","background-image":"","background-repeat":"repeat","background-position":"center center","background-size":"auto","background-attachment":"scroll","background-type":"","background-media":"","overlay-type":"","overlay-color":"","overlay-opacity":"","overlay-gradient":""},"tablet":{"background-color":"var(--ast-global-color-5)","background-image":"","background-repeat":"repeat","background-position":"center center","background-size":"auto","background-attachment":"scroll","background-type":"","background-media":"","overlay-type":"","overlay-color":"","overlay-opacity":"","overlay-gradient":""},"mobile":{"background-color":"var(--ast-global-color-5)","background-image":"","background-repeat":"repeat","background-position":"center center","background-size":"auto","background-attachment":"scroll","background-type":"","background-media":"","overlay-type":"","overlay-color":"","overlay-opacity":"","overlay-gradient":""}},"footnotes":""},"class_list":["post-5651","page","type-page","status-publish","hentry"],"yoast_head":"<!-- This site is optimized with the Yoast SEO Premium plugin v24.2 (Yoast SEO v24.6) - https:\/\/yoast.com\/wordpress\/plugins\/seo\/ -->\n<title>Historia del espiritismo en Ecuador - Uni\u00f3n Esp\u00edrita<\/title>\n<meta name=\"robots\" content=\"index, follow, max-snippet:-1, max-image-preview:large, max-video-preview:-1\" \/>\n<link rel=\"canonical\" href=\"https:\/\/nuevo-renacer.com\/it\/historia-del-espiritismo-en-ecuador\/\" \/>\n<meta property=\"og:locale\" content=\"it_IT\" \/>\n<meta property=\"og:type\" content=\"article\" \/>\n<meta property=\"og:title\" content=\"Historia del espiritismo en Ecuador\" \/>\n<meta property=\"og:description\" content=\"Historia del espiritismo en Ecuador Claro de Jes\u00fas Banch\u00f3n Potes, naci\u00f3 en la ciudad de Guayaquil el 12 de agosto 1885, en el hogar conformado por los se\u00f1ores Juli\u00e1n Banch\u00f3n Arias y Juana Potes de Banch\u00f3n. Estudiante ejemplar desde muy joven, gan\u00f3 una beca para estudiar en el Colegio Militar Eloy Alfaro, para posteriormente hacer [&hellip;]\" \/>\n<meta property=\"og:url\" content=\"https:\/\/nuevo-renacer.com\/it\/historia-del-espiritismo-en-ecuador\/\" \/>\n<meta property=\"og:site_name\" content=\"Uni\u00f3n Esp\u00edrita\" \/>\n<meta property=\"article:publisher\" content=\"https:\/\/www.facebook.com\/groups\/3431398063740829\" \/>\n<meta property=\"article:modified_time\" content=\"2024-10-18T10:14:27+00:00\" \/>\n<meta property=\"og:image\" content=\"https:\/\/nuevo-renacer.com\/wp-content\/uploads\/2024\/10\/equador.png\" \/>\n\t<meta property=\"og:image:width\" content=\"800\" \/>\n\t<meta property=\"og:image:height\" content=\"533\" \/>\n\t<meta property=\"og:image:type\" content=\"image\/png\" \/>\n<meta name=\"twitter:card\" content=\"summary_large_image\" \/>\n<meta name=\"twitter:label1\" content=\"Tempo di lettura stimato\" \/>\n\t<meta name=\"twitter:data1\" content=\"4 minuti\" \/>\n<script type=\"application\/ld+json\" class=\"yoast-schema-graph\">{\"@context\":\"https:\/\/schema.org\",\"@graph\":[{\"@type\":\"WebPage\",\"@id\":\"https:\/\/nuevo-renacer.com\/historia-del-espiritismo-en-ecuador\/\",\"url\":\"https:\/\/nuevo-renacer.com\/historia-del-espiritismo-en-ecuador\/\",\"name\":\"Historia del espiritismo en Ecuador - Uni\u00f3n Esp\u00edrita\",\"isPartOf\":{\"@id\":\"https:\/\/nuevo-renacer.com\/#website\"},\"primaryImageOfPage\":{\"@id\":\"https:\/\/nuevo-renacer.com\/historia-del-espiritismo-en-ecuador\/#primaryimage\"},\"image\":{\"@id\":\"https:\/\/nuevo-renacer.com\/historia-del-espiritismo-en-ecuador\/#primaryimage\"},\"thumbnailUrl\":\"https:\/\/nuevo-renacer.com\/wp-content\/uploads\/2024\/10\/equador.png\",\"datePublished\":\"2024-10-18T09:53:14+00:00\",\"dateModified\":\"2024-10-18T10:14:27+00:00\",\"breadcrumb\":{\"@id\":\"https:\/\/nuevo-renacer.com\/historia-del-espiritismo-en-ecuador\/#breadcrumb\"},\"inLanguage\":\"it-IT\",\"potentialAction\":[{\"@type\":\"ReadAction\",\"target\":[\"https:\/\/nuevo-renacer.com\/historia-del-espiritismo-en-ecuador\/\"]}]},{\"@type\":\"ImageObject\",\"inLanguage\":\"it-IT\",\"@id\":\"https:\/\/nuevo-renacer.com\/historia-del-espiritismo-en-ecuador\/#primaryimage\",\"url\":\"https:\/\/nuevo-renacer.com\/wp-content\/uploads\/2024\/10\/equador.png\",\"contentUrl\":\"https:\/\/nuevo-renacer.com\/wp-content\/uploads\/2024\/10\/equador.png\"},{\"@type\":\"BreadcrumbList\",\"@id\":\"https:\/\/nuevo-renacer.com\/historia-del-espiritismo-en-ecuador\/#breadcrumb\",\"itemListElement\":[{\"@type\":\"ListItem\",\"position\":1,\"name\":\"Startseite\",\"item\":\"https:\/\/nuevo-renacer.com\/\"},{\"@type\":\"ListItem\",\"position\":2,\"name\":\"Historia del espiritismo en Ecuador\"}]},{\"@type\":\"WebSite\",\"@id\":\"https:\/\/nuevo-renacer.com\/#website\",\"url\":\"https:\/\/nuevo-renacer.com\/\",\"name\":\"Uni\u00f3n Esp\u00edrita\",\"description\":\"Nuevo Renacer\",\"publisher\":{\"@id\":\"https:\/\/nuevo-renacer.com\/#organization\"},\"potentialAction\":[{\"@type\":\"SearchAction\",\"target\":{\"@type\":\"EntryPoint\",\"urlTemplate\":\"https:\/\/nuevo-renacer.com\/?s={search_term_string}\"},\"query-input\":{\"@type\":\"PropertyValueSpecification\",\"valueRequired\":true,\"valueName\":\"search_term_string\"}}],\"inLanguage\":\"it-IT\"},{\"@type\":\"Organization\",\"@id\":\"https:\/\/nuevo-renacer.com\/#organization\",\"name\":\"UFEC\",\"url\":\"https:\/\/nuevo-renacer.com\/\",\"logo\":{\"@type\":\"ImageObject\",\"inLanguage\":\"it-IT\",\"@id\":\"https:\/\/nuevo-renacer.com\/#\/schema\/logo\/image\/\",\"url\":\"https:\/\/nuevo-renacer.com\/wp-content\/uploads\/2024\/05\/cropped-LOGO-TERMINADO1-3-3.png\",\"contentUrl\":\"https:\/\/nuevo-renacer.com\/wp-content\/uploads\/2024\/05\/cropped-LOGO-TERMINADO1-3-3.png\",\"width\":512,\"height\":512,\"caption\":\"UFEC\"},\"image\":{\"@id\":\"https:\/\/nuevo-renacer.com\/#\/schema\/logo\/image\/\"},\"sameAs\":[\"https:\/\/www.facebook.com\/groups\/3431398063740829\"]}]}<\/script>\n<!-- \/ Yoast SEO Premium plugin. -->","yoast_head_json":{"title":"Historia del espiritismo en Ecuador - Uni\u00f3n Esp\u00edrita","robots":{"index":"index","follow":"follow","max-snippet":"max-snippet:-1","max-image-preview":"max-image-preview:large","max-video-preview":"max-video-preview:-1"},"canonical":"https:\/\/nuevo-renacer.com\/it\/historia-del-espiritismo-en-ecuador\/","og_locale":"it_IT","og_type":"article","og_title":"Historia del espiritismo en Ecuador","og_description":"Historia del espiritismo en Ecuador Claro de Jes\u00fas Banch\u00f3n Potes, naci\u00f3 en la ciudad de Guayaquil el 12 de agosto 1885, en el hogar conformado por los se\u00f1ores Juli\u00e1n Banch\u00f3n Arias y Juana Potes de Banch\u00f3n. Estudiante ejemplar desde muy joven, gan\u00f3 una beca para estudiar en el Colegio Militar Eloy Alfaro, para posteriormente hacer [&hellip;]","og_url":"https:\/\/nuevo-renacer.com\/it\/historia-del-espiritismo-en-ecuador\/","og_site_name":"Uni\u00f3n Esp\u00edrita","article_publisher":"https:\/\/www.facebook.com\/groups\/3431398063740829","article_modified_time":"2024-10-18T10:14:27+00:00","og_image":[{"width":800,"height":533,"url":"https:\/\/nuevo-renacer.com\/wp-content\/uploads\/2024\/10\/equador.png","type":"image\/png"}],"twitter_card":"summary_large_image","twitter_misc":{"Tempo di lettura stimato":"4 minuti"},"schema":{"@context":"https:\/\/schema.org","@graph":[{"@type":"WebPage","@id":"https:\/\/nuevo-renacer.com\/historia-del-espiritismo-en-ecuador\/","url":"https:\/\/nuevo-renacer.com\/historia-del-espiritismo-en-ecuador\/","name":"Historia del espiritismo en Ecuador - Uni\u00f3n Esp\u00edrita","isPartOf":{"@id":"https:\/\/nuevo-renacer.com\/#website"},"primaryImageOfPage":{"@id":"https:\/\/nuevo-renacer.com\/historia-del-espiritismo-en-ecuador\/#primaryimage"},"image":{"@id":"https:\/\/nuevo-renacer.com\/historia-del-espiritismo-en-ecuador\/#primaryimage"},"thumbnailUrl":"https:\/\/nuevo-renacer.com\/wp-content\/uploads\/2024\/10\/equador.png","datePublished":"2024-10-18T09:53:14+00:00","dateModified":"2024-10-18T10:14:27+00:00","breadcrumb":{"@id":"https:\/\/nuevo-renacer.com\/historia-del-espiritismo-en-ecuador\/#breadcrumb"},"inLanguage":"it-IT","potentialAction":[{"@type":"ReadAction","target":["https:\/\/nuevo-renacer.com\/historia-del-espiritismo-en-ecuador\/"]}]},{"@type":"ImageObject","inLanguage":"it-IT","@id":"https:\/\/nuevo-renacer.com\/historia-del-espiritismo-en-ecuador\/#primaryimage","url":"https:\/\/nuevo-renacer.com\/wp-content\/uploads\/2024\/10\/equador.png","contentUrl":"https:\/\/nuevo-renacer.com\/wp-content\/uploads\/2024\/10\/equador.png"},{"@type":"BreadcrumbList","@id":"https:\/\/nuevo-renacer.com\/historia-del-espiritismo-en-ecuador\/#breadcrumb","itemListElement":[{"@type":"ListItem","position":1,"name":"Startseite","item":"https:\/\/nuevo-renacer.com\/"},{"@type":"ListItem","position":2,"name":"Historia del espiritismo en Ecuador"}]},{"@type":"WebSite","@id":"https:\/\/nuevo-renacer.com\/#website","url":"https:\/\/nuevo-renacer.com\/","name":"Uni\u00f3n Esp\u00edrita","description":"Nuevo Renacer","publisher":{"@id":"https:\/\/nuevo-renacer.com\/#organization"},"potentialAction":[{"@type":"SearchAction","target":{"@type":"EntryPoint","urlTemplate":"https:\/\/nuevo-renacer.com\/?s={search_term_string}"},"query-input":{"@type":"PropertyValueSpecification","valueRequired":true,"valueName":"search_term_string"}}],"inLanguage":"it-IT"},{"@type":"Organization","@id":"https:\/\/nuevo-renacer.com\/#organization","name":"UFEC","url":"https:\/\/nuevo-renacer.com\/","logo":{"@type":"ImageObject","inLanguage":"it-IT","@id":"https:\/\/nuevo-renacer.com\/#\/schema\/logo\/image\/","url":"https:\/\/nuevo-renacer.com\/wp-content\/uploads\/2024\/05\/cropped-LOGO-TERMINADO1-3-3.png","contentUrl":"https:\/\/nuevo-renacer.com\/wp-content\/uploads\/2024\/05\/cropped-LOGO-TERMINADO1-3-3.png","width":512,"height":512,"caption":"UFEC"},"image":{"@id":"https:\/\/nuevo-renacer.com\/#\/schema\/logo\/image\/"},"sameAs":["https:\/\/www.facebook.com\/groups\/3431398063740829"]}]}},"uagb_featured_image_src":{"full":false,"thumbnail":false,"medium":false,"medium_large":false,"large":false,"1536x1536":false,"2048x2048":false,"trp-custom-language-flag":false},"uagb_author_info":{"display_name":"adbv0","author_link":"https:\/\/nuevo-renacer.com\/it\/author\/adbv0\/"},"uagb_comment_info":0,"uagb_excerpt":"Historia del espiritismo en Ecuador Claro de Jes\u00fas Banch\u00f3n Potes, naci\u00f3 en la ciudad de Guayaquil el 12 de agosto 1885, en el hogar conformado por los se\u00f1ores Juli\u00e1n Banch\u00f3n Arias y Juana Potes de Banch\u00f3n. Estudiante ejemplar desde muy joven, gan\u00f3 una beca para estudiar en el Colegio Militar Eloy Alfaro, para posteriormente hacer&hellip;","jetpack_sharing_enabled":true,"_links":{"self":[{"href":"https:\/\/nuevo-renacer.com\/it\/wp-json\/wp\/v2\/pages\/5651","targetHints":{"allow":["GET"]}}],"collection":[{"href":"https:\/\/nuevo-renacer.com\/it\/wp-json\/wp\/v2\/pages"}],"about":[{"href":"https:\/\/nuevo-renacer.com\/it\/wp-json\/wp\/v2\/types\/page"}],"author":[{"embeddable":true,"href":"https:\/\/nuevo-renacer.com\/it\/wp-json\/wp\/v2\/users\/1"}],"replies":[{"embeddable":true,"href":"https:\/\/nuevo-renacer.com\/it\/wp-json\/wp\/v2\/comments?post=5651"}],"version-history":[{"count":6,"href":"https:\/\/nuevo-renacer.com\/it\/wp-json\/wp\/v2\/pages\/5651\/revisions"}],"predecessor-version":[{"id":5665,"href":"https:\/\/nuevo-renacer.com\/it\/wp-json\/wp\/v2\/pages\/5651\/revisions\/5665"}],"wp:attachment":[{"href":"https:\/\/nuevo-renacer.com\/it\/wp-json\/wp\/v2\/media?parent=5651"}],"curies":[{"name":"wp","href":"https:\/\/api.w.org\/{rel}","templated":true}]}}