{"id":5641,"date":"2024-10-18T08:28:49","date_gmt":"2024-10-18T08:28:49","guid":{"rendered":"https:\/\/nuevo-renacer.com\/?page_id=5641"},"modified":"2024-10-18T08:33:40","modified_gmt":"2024-10-18T08:33:40","slug":"historia-del-espiritismo-en-costa-rica","status":"publish","type":"page","link":"https:\/\/nuevo-renacer.com\/it\/historia-del-espiritismo-en-costa-rica\/","title":{"rendered":"Historia del espiritismo en Costa Rica"},"content":{"rendered":"<div class=\"wp-block-uagb-container uagb-block-709abbb7 alignfull uagb-is-root-container\"><div class=\"uagb-container-inner-blocks-wrap\">\n<p class=\"has-black-color has-text-color has-link-color has-medium-font-size wp-elements-1e944b1659ccc41cb6f84094fb36b2e5\"><strong>Historia del espiritismo en Costa Rica<\/strong><\/p>\n<\/div><\/div>\n\n\n\n<div class=\"wp-block-uagb-container uagb-block-2a4b3fdd alignfull uagb-is-root-container\"><div class=\"uagb-container-inner-blocks-wrap\"><\/div><\/div>\n\n\n\n<div class=\"wp-block-uagb-container uagb-block-b2ec16be alignfull uagb-is-root-container\"><div class=\"uagb-container-inner-blocks-wrap\">\n<figure class=\"wp-block-image size-full is-resized\"><img decoding=\"async\" width=\"220\" height=\"132\" src=\"https:\/\/nuevo-renacer.com\/wp-content\/uploads\/2024\/10\/costa-rica.png\" alt=\"\" class=\"wp-image-5642\" style=\"width:84px\" srcset=\"https:\/\/nuevo-renacer.com\/wp-content\/uploads\/2024\/10\/costa-rica.png 220w, https:\/\/nuevo-renacer.com\/wp-content\/uploads\/2024\/10\/costa-rica-18x12.png 18w\" sizes=\"(max-width: 220px) 100vw, 220px\" \/><\/figure>\n<\/div><\/div>\n\n\n\n<div class=\"wp-block-uagb-container uagb-block-86db8132 alignfull uagb-is-root-container\"><div class=\"uagb-container-inner-blocks-wrap\"><\/div><\/div>\n\n\n\n<div class=\"wp-block-uagb-container uagb-block-e65132f3 alignfull uagb-is-root-container\"><div class=\"uagb-container-inner-blocks-wrap\">\n<p class=\"has-black-color has-text-color has-link-color has-small-font-size wp-elements-91ef1fade5d0e780490a5cbd62c0ab20\">Desde 1874 ya el vicario Domingo Rivas alertaba desde el p\u00falpito contra la circulaci\u00f3n de literatura espiritista de Allan Kardec en el pa\u00eds. Aunque se desconoce el inicio exacto del espiritismo en Costa Rica ya desde 1896 existe al menos un c\u00edrculo ocultista que publica la revista Grano de Arena, editada por un barbero alajuelense, un pintor y un artesano de nombres Domingo N\u00fa\u00f1ez, Agust\u00edn Ramos y Pedro P\u00e9rez respectivamente. La revista se declaraba como racionalista y era fuertemente cr\u00edtica del catolicismo. Dej\u00f3 de imprimirse en 1889 por falta de fondos.\u200b<\/p>\n\n\n\n<div class=\"wp-block-uagb-container uagb-block-a685474f\">\n<figure class=\"wp-block-image size-full is-resized\"><img fetchpriority=\"high\" decoding=\"async\" width=\"205\" height=\"245\" src=\"https:\/\/nuevo-renacer.com\/wp-content\/uploads\/2024\/10\/Domingo-Rivas.jpg\" alt=\"\" class=\"wp-image-5643\" style=\"width:212px;height:auto\" srcset=\"https:\/\/nuevo-renacer.com\/wp-content\/uploads\/2024\/10\/Domingo-Rivas.jpg 205w, https:\/\/nuevo-renacer.com\/wp-content\/uploads\/2024\/10\/Domingo-Rivas-10x12.jpg 10w\" sizes=\"(max-width: 205px) 100vw, 205px\" \/><figcaption class=\"wp-element-caption\">Domingo Rivas<\/figcaption><\/figure>\n<\/div>\n\n\n\n<p class=\"has-black-color has-text-color has-link-color has-small-font-size wp-elements-541e20f9400a377bf8717e349d539eeb\">Entre las personas ligadas a la publicaci\u00f3n se encuentran el abogado nicarag\u00fcense Salvador Jir\u00f3n, el educador Amadeo Madriz (tutor de los escritores Manuel Gonz\u00e1lez Zeled\u00f3n y Carlos Gagini), el general Federico Fern\u00e1ndez (hermano del presidente y mas\u00f3n Pr\u00f3spero Fern\u00e1ndez y padre del intelectual y te\u00f3sofo Rogelio Fern\u00e1ndez G\u00fcell), el pol\u00edtico Francisco Boza, el colombiano Francisco Lamus y el empresario espa\u00f1ol Antonio Rodr\u00edguez, y mujeres, como Celina Fern\u00e1ndez Giralt y Mar\u00eda Rojas. En 1896 se menciona por primera vez a la \u00abSociedad Benefactora de Estudios Psicol\u00f3gicos\u00bb en El Grano, misma que se conectar\u00eda con organizaciones espiritistas internacionales, particularmente de Espa\u00f1a y distribuir\u00eda la \u00abRevista de Estudios Psicol\u00f3gicos de Barcelona\u00bb en el pa\u00eds, as\u00ed como art\u00edculos de El Grano se publicar\u00edan en el exterior.<\/p>\n\n\n\n<p class=\"has-black-color has-text-color has-link-color has-small-font-size wp-elements-446cd7a9092c3be331bb28ed9b1a96c9\">Para principios del siglo XX el espiritismo llamar\u00eda la atenci\u00f3n de distintos pensadores, desencantados tanto con el positivismo cient\u00edfico del que eran cr\u00edticos por su materialismo, como de la religiosidad tradicional especialmente la cat\u00f3lica, a la que tachaban de supersticiosa. Siendo Omar Dengo uno de estos, y quien escribi\u00f3 un art\u00edculo a la muerte del qu\u00edmico y espiritista William Crookes. Los espiritistas costarricenses en general buscaban aplicar una metodolog\u00eda cient\u00edfica y racionalista al espiritismo, desconfiando de lo que consideraban supercher\u00eda. Entre las figuras que se interesaron por el espiritismo se cuenta a Omar Dengo, el canciller Ricardo Fern\u00e1ndez Guardia, el magistrado Alberto Brenes C\u00f3rdoba, el pintor Enrique Echandi, los futuros dictadores hermanos Federico y Jos\u00e9 Joaqu\u00edn Tinoco y el estudioso del esoterismo Rogelio Fern\u00e1ndez G\u00fcell quien, seg\u00fan Abelardo Bonilla, fue iniciado en el espiritismo por el presidente mexicano Francisco I. Madero.\u200b<\/p>\n\n\n\n<div class=\"wp-block-uagb-container uagb-block-8ff239d5\">\n<figure class=\"wp-block-image size-full is-resized\"><img decoding=\"async\" width=\"220\" height=\"332\" src=\"https:\/\/nuevo-renacer.com\/wp-content\/uploads\/2024\/10\/Omar-Dengo-Guerrero.jpg\" alt=\"\" class=\"wp-image-5644\" style=\"width:212px\" srcset=\"https:\/\/nuevo-renacer.com\/wp-content\/uploads\/2024\/10\/Omar-Dengo-Guerrero.jpg 220w, https:\/\/nuevo-renacer.com\/wp-content\/uploads\/2024\/10\/Omar-Dengo-Guerrero-199x300.jpg 199w, https:\/\/nuevo-renacer.com\/wp-content\/uploads\/2024\/10\/Omar-Dengo-Guerrero-8x12.jpg 8w\" sizes=\"(max-width: 220px) 100vw, 220px\" \/><figcaption class=\"wp-element-caption\">Omar Dengo <\/figcaption><\/figure>\n<\/div>\n\n\n\n<p class=\"has-black-color has-text-color has-link-color has-small-font-size wp-elements-ca7b9fe7581e077baa17cba6ca17d230\">El espiritismo fue r\u00e1pidamente denunciado por distintos cl\u00e9rigos cat\u00f3licos acus\u00e1ndolo de satanismo. En 1906 se forma el C\u00edrculo Franklin de espiritistas que estudia las habilidad de m\u00e9dium de Ofelia Corrales. En 1911 se forma el \u00abCentro Espiritista Claros de Luna\u00bb dirigido por el futuro director del Museo Nacional (bajo el gobierno de Tinoco) y director del \u00abColegio Superior de Varones\u00bb, Ramiro Aguilar, y que publica a partir de 1923 una revista del mismo nombre. Entre sus miembros se contaron el futuro ministro de Educaci\u00f3n Napole\u00f3n Quesada, Daniel Gonz\u00e1lez V\u00edquez (hermano del presidente Cleto Gonz\u00e1lez V\u00edquez), R\u00f3mulo Tovar, Moises Vincenzi Pacheco y el futuro ministro de educaci\u00f3n y director del Colegio Superior de Se\u00f1oritas Salvador Uma\u00f1a.\u200b<\/p>\n\n\n\n<div class=\"wp-block-uagb-container uagb-block-9cfe925c\">\n<figure class=\"wp-block-image size-full is-resized\"><img loading=\"lazy\" decoding=\"async\" width=\"748\" height=\"1024\" src=\"https:\/\/nuevo-renacer.com\/wp-content\/uploads\/2024\/10\/ofelia-corrales.webp\" alt=\"\" class=\"wp-image-5645\" style=\"width:212px\" srcset=\"https:\/\/nuevo-renacer.com\/wp-content\/uploads\/2024\/10\/ofelia-corrales.webp 748w, https:\/\/nuevo-renacer.com\/wp-content\/uploads\/2024\/10\/ofelia-corrales-219x300.webp 219w, https:\/\/nuevo-renacer.com\/wp-content\/uploads\/2024\/10\/ofelia-corrales-9x12.webp 9w\" sizes=\"(max-width: 748px) 100vw, 748px\" \/><figcaption class=\"wp-element-caption\">Ofelia Corrales con el esp\u00edritu de Mary Brown (Mar\u00eda Luisa Andrade). Anales de Ciencias Ps\u00edquicas, Paris, (Febrero, 1911)<\/figcaption><\/figure>\n<\/div>\n\n\n\n<p class=\"has-black-color has-text-color has-link-color has-small-font-size wp-elements-71d4dd3bb207e10185492a5c2c50215c\">Entre 1921 y 1923 se hab\u00edan creado c\u00edrculo espiritistas en Puntarenas, Lim\u00f3n, Goicoechea y Mora. Para 1925 se funda el \u00abCentro de Estudios de Psicolog\u00eda Experimental\u00bb que publicaba la revista mensual El Estudio entre noviembre de 1925 y octubre de 1928.<\/p>\n<\/div><\/div>","protected":false},"excerpt":{"rendered":"<p>Historia del espiritismo en Costa Rica Desde 1874 ya el vicario Domingo Rivas alertaba desde el p\u00falpito contra la circulaci\u00f3n de literatura espiritista de Allan Kardec en el pa\u00eds. Aunque se desconoce el inicio exacto del espiritismo en Costa Rica ya desde 1896 existe al menos un c\u00edrculo ocultista que publica la revista Grano de [&hellip;]<\/p>","protected":false},"author":1,"featured_media":0,"parent":0,"menu_order":0,"comment_status":"closed","ping_status":"closed","template":"","meta":{"_uag_custom_page_level_css":"","site-sidebar-layout":"default","site-content-layout":"","ast-site-content-layout":"default","site-content-style":"default","site-sidebar-style":"default","ast-global-header-display":"","ast-banner-title-visibility":"","ast-main-header-display":"","ast-hfb-above-header-display":"","ast-hfb-below-header-display":"","ast-hfb-mobile-header-display":"","site-post-title":"disabled","ast-breadcrumbs-content":"","ast-featured-img":"","footer-sml-layout":"","theme-transparent-header-meta":"","adv-header-id-meta":"","stick-header-meta":"","header-above-stick-meta":"","header-main-stick-meta":"","header-below-stick-meta":"","astra-migrate-meta-layouts":"set","ast-page-background-enabled":"default","ast-page-background-meta":{"desktop":{"background-color":"var(--ast-global-color-4)","background-image":"","background-repeat":"repeat","background-position":"center center","background-size":"auto","background-attachment":"scroll","background-type":"","background-media":"","overlay-type":"","overlay-color":"","overlay-opacity":"","overlay-gradient":""},"tablet":{"background-color":"","background-image":"","background-repeat":"repeat","background-position":"center center","background-size":"auto","background-attachment":"scroll","background-type":"","background-media":"","overlay-type":"","overlay-color":"","overlay-opacity":"","overlay-gradient":""},"mobile":{"background-color":"","background-image":"","background-repeat":"repeat","background-position":"center center","background-size":"auto","background-attachment":"scroll","background-type":"","background-media":"","overlay-type":"","overlay-color":"","overlay-opacity":"","overlay-gradient":""}},"ast-content-background-meta":{"desktop":{"background-color":"var(--ast-global-color-5)","background-image":"","background-repeat":"repeat","background-position":"center center","background-size":"auto","background-attachment":"scroll","background-type":"","background-media":"","overlay-type":"","overlay-color":"","overlay-opacity":"","overlay-gradient":""},"tablet":{"background-color":"var(--ast-global-color-5)","background-image":"","background-repeat":"repeat","background-position":"center center","background-size":"auto","background-attachment":"scroll","background-type":"","background-media":"","overlay-type":"","overlay-color":"","overlay-opacity":"","overlay-gradient":""},"mobile":{"background-color":"var(--ast-global-color-5)","background-image":"","background-repeat":"repeat","background-position":"center center","background-size":"auto","background-attachment":"scroll","background-type":"","background-media":"","overlay-type":"","overlay-color":"","overlay-opacity":"","overlay-gradient":""}},"footnotes":""},"class_list":["post-5641","page","type-page","status-publish","hentry"],"yoast_head":"<!-- This site is optimized with the Yoast SEO Premium plugin v24.2 (Yoast SEO v24.6) - https:\/\/yoast.com\/wordpress\/plugins\/seo\/ -->\n<title>Historia del espiritismo en Costa Rica - Uni\u00f3n Esp\u00edrita<\/title>\n<meta name=\"robots\" content=\"index, follow, max-snippet:-1, max-image-preview:large, max-video-preview:-1\" \/>\n<link rel=\"canonical\" href=\"https:\/\/nuevo-renacer.com\/it\/historia-del-espiritismo-en-costa-rica\/\" \/>\n<meta property=\"og:locale\" content=\"it_IT\" \/>\n<meta property=\"og:type\" content=\"article\" \/>\n<meta property=\"og:title\" content=\"Historia del espiritismo en Costa Rica\" \/>\n<meta property=\"og:description\" content=\"Historia del espiritismo en Costa Rica Desde 1874 ya el vicario Domingo Rivas alertaba desde el p\u00falpito contra la circulaci\u00f3n de literatura espiritista de Allan Kardec en el pa\u00eds. Aunque se desconoce el inicio exacto del espiritismo en Costa Rica ya desde 1896 existe al menos un c\u00edrculo ocultista que publica la revista Grano de [&hellip;]\" \/>\n<meta property=\"og:url\" content=\"https:\/\/nuevo-renacer.com\/it\/historia-del-espiritismo-en-costa-rica\/\" \/>\n<meta property=\"og:site_name\" content=\"Uni\u00f3n Esp\u00edrita\" \/>\n<meta property=\"article:publisher\" content=\"https:\/\/www.facebook.com\/groups\/3431398063740829\" \/>\n<meta property=\"article:modified_time\" content=\"2024-10-18T08:33:40+00:00\" \/>\n<meta property=\"og:image\" content=\"https:\/\/nuevo-renacer.com\/wp-content\/uploads\/2024\/10\/costa-rica.png\" \/>\n\t<meta property=\"og:image:width\" content=\"220\" \/>\n\t<meta property=\"og:image:height\" content=\"132\" \/>\n\t<meta property=\"og:image:type\" content=\"image\/png\" \/>\n<meta name=\"twitter:card\" content=\"summary_large_image\" \/>\n<meta name=\"twitter:label1\" content=\"Tempo di lettura stimato\" \/>\n\t<meta name=\"twitter:data1\" content=\"3 minuti\" \/>\n<script type=\"application\/ld+json\" class=\"yoast-schema-graph\">{\"@context\":\"https:\/\/schema.org\",\"@graph\":[{\"@type\":\"WebPage\",\"@id\":\"https:\/\/nuevo-renacer.com\/historia-del-espiritismo-en-costa-rica\/\",\"url\":\"https:\/\/nuevo-renacer.com\/historia-del-espiritismo-en-costa-rica\/\",\"name\":\"Historia del espiritismo en Costa Rica - Uni\u00f3n Esp\u00edrita\",\"isPartOf\":{\"@id\":\"https:\/\/nuevo-renacer.com\/#website\"},\"primaryImageOfPage\":{\"@id\":\"https:\/\/nuevo-renacer.com\/historia-del-espiritismo-en-costa-rica\/#primaryimage\"},\"image\":{\"@id\":\"https:\/\/nuevo-renacer.com\/historia-del-espiritismo-en-costa-rica\/#primaryimage\"},\"thumbnailUrl\":\"https:\/\/nuevo-renacer.com\/wp-content\/uploads\/2024\/10\/costa-rica.png\",\"datePublished\":\"2024-10-18T08:28:49+00:00\",\"dateModified\":\"2024-10-18T08:33:40+00:00\",\"breadcrumb\":{\"@id\":\"https:\/\/nuevo-renacer.com\/historia-del-espiritismo-en-costa-rica\/#breadcrumb\"},\"inLanguage\":\"it-IT\",\"potentialAction\":[{\"@type\":\"ReadAction\",\"target\":[\"https:\/\/nuevo-renacer.com\/historia-del-espiritismo-en-costa-rica\/\"]}]},{\"@type\":\"ImageObject\",\"inLanguage\":\"it-IT\",\"@id\":\"https:\/\/nuevo-renacer.com\/historia-del-espiritismo-en-costa-rica\/#primaryimage\",\"url\":\"https:\/\/nuevo-renacer.com\/wp-content\/uploads\/2024\/10\/costa-rica.png\",\"contentUrl\":\"https:\/\/nuevo-renacer.com\/wp-content\/uploads\/2024\/10\/costa-rica.png\"},{\"@type\":\"BreadcrumbList\",\"@id\":\"https:\/\/nuevo-renacer.com\/historia-del-espiritismo-en-costa-rica\/#breadcrumb\",\"itemListElement\":[{\"@type\":\"ListItem\",\"position\":1,\"name\":\"Startseite\",\"item\":\"https:\/\/nuevo-renacer.com\/\"},{\"@type\":\"ListItem\",\"position\":2,\"name\":\"Historia del espiritismo en Costa Rica\"}]},{\"@type\":\"WebSite\",\"@id\":\"https:\/\/nuevo-renacer.com\/#website\",\"url\":\"https:\/\/nuevo-renacer.com\/\",\"name\":\"Uni\u00f3n Esp\u00edrita\",\"description\":\"Nuevo Renacer\",\"publisher\":{\"@id\":\"https:\/\/nuevo-renacer.com\/#organization\"},\"potentialAction\":[{\"@type\":\"SearchAction\",\"target\":{\"@type\":\"EntryPoint\",\"urlTemplate\":\"https:\/\/nuevo-renacer.com\/?s={search_term_string}\"},\"query-input\":{\"@type\":\"PropertyValueSpecification\",\"valueRequired\":true,\"valueName\":\"search_term_string\"}}],\"inLanguage\":\"it-IT\"},{\"@type\":\"Organization\",\"@id\":\"https:\/\/nuevo-renacer.com\/#organization\",\"name\":\"UFEC\",\"url\":\"https:\/\/nuevo-renacer.com\/\",\"logo\":{\"@type\":\"ImageObject\",\"inLanguage\":\"it-IT\",\"@id\":\"https:\/\/nuevo-renacer.com\/#\/schema\/logo\/image\/\",\"url\":\"https:\/\/nuevo-renacer.com\/wp-content\/uploads\/2024\/05\/cropped-LOGO-TERMINADO1-3-3.png\",\"contentUrl\":\"https:\/\/nuevo-renacer.com\/wp-content\/uploads\/2024\/05\/cropped-LOGO-TERMINADO1-3-3.png\",\"width\":512,\"height\":512,\"caption\":\"UFEC\"},\"image\":{\"@id\":\"https:\/\/nuevo-renacer.com\/#\/schema\/logo\/image\/\"},\"sameAs\":[\"https:\/\/www.facebook.com\/groups\/3431398063740829\"]}]}<\/script>\n<!-- \/ Yoast SEO Premium plugin. -->","yoast_head_json":{"title":"Historia del espiritismo en Costa Rica - Uni\u00f3n Esp\u00edrita","robots":{"index":"index","follow":"follow","max-snippet":"max-snippet:-1","max-image-preview":"max-image-preview:large","max-video-preview":"max-video-preview:-1"},"canonical":"https:\/\/nuevo-renacer.com\/it\/historia-del-espiritismo-en-costa-rica\/","og_locale":"it_IT","og_type":"article","og_title":"Historia del espiritismo en Costa Rica","og_description":"Historia del espiritismo en Costa Rica Desde 1874 ya el vicario Domingo Rivas alertaba desde el p\u00falpito contra la circulaci\u00f3n de literatura espiritista de Allan Kardec en el pa\u00eds. Aunque se desconoce el inicio exacto del espiritismo en Costa Rica ya desde 1896 existe al menos un c\u00edrculo ocultista que publica la revista Grano de [&hellip;]","og_url":"https:\/\/nuevo-renacer.com\/it\/historia-del-espiritismo-en-costa-rica\/","og_site_name":"Uni\u00f3n Esp\u00edrita","article_publisher":"https:\/\/www.facebook.com\/groups\/3431398063740829","article_modified_time":"2024-10-18T08:33:40+00:00","og_image":[{"width":220,"height":132,"url":"https:\/\/nuevo-renacer.com\/wp-content\/uploads\/2024\/10\/costa-rica.png","type":"image\/png"}],"twitter_card":"summary_large_image","twitter_misc":{"Tempo di lettura stimato":"3 minuti"},"schema":{"@context":"https:\/\/schema.org","@graph":[{"@type":"WebPage","@id":"https:\/\/nuevo-renacer.com\/historia-del-espiritismo-en-costa-rica\/","url":"https:\/\/nuevo-renacer.com\/historia-del-espiritismo-en-costa-rica\/","name":"Historia del espiritismo en Costa Rica - Uni\u00f3n Esp\u00edrita","isPartOf":{"@id":"https:\/\/nuevo-renacer.com\/#website"},"primaryImageOfPage":{"@id":"https:\/\/nuevo-renacer.com\/historia-del-espiritismo-en-costa-rica\/#primaryimage"},"image":{"@id":"https:\/\/nuevo-renacer.com\/historia-del-espiritismo-en-costa-rica\/#primaryimage"},"thumbnailUrl":"https:\/\/nuevo-renacer.com\/wp-content\/uploads\/2024\/10\/costa-rica.png","datePublished":"2024-10-18T08:28:49+00:00","dateModified":"2024-10-18T08:33:40+00:00","breadcrumb":{"@id":"https:\/\/nuevo-renacer.com\/historia-del-espiritismo-en-costa-rica\/#breadcrumb"},"inLanguage":"it-IT","potentialAction":[{"@type":"ReadAction","target":["https:\/\/nuevo-renacer.com\/historia-del-espiritismo-en-costa-rica\/"]}]},{"@type":"ImageObject","inLanguage":"it-IT","@id":"https:\/\/nuevo-renacer.com\/historia-del-espiritismo-en-costa-rica\/#primaryimage","url":"https:\/\/nuevo-renacer.com\/wp-content\/uploads\/2024\/10\/costa-rica.png","contentUrl":"https:\/\/nuevo-renacer.com\/wp-content\/uploads\/2024\/10\/costa-rica.png"},{"@type":"BreadcrumbList","@id":"https:\/\/nuevo-renacer.com\/historia-del-espiritismo-en-costa-rica\/#breadcrumb","itemListElement":[{"@type":"ListItem","position":1,"name":"Startseite","item":"https:\/\/nuevo-renacer.com\/"},{"@type":"ListItem","position":2,"name":"Historia del espiritismo en Costa Rica"}]},{"@type":"WebSite","@id":"https:\/\/nuevo-renacer.com\/#website","url":"https:\/\/nuevo-renacer.com\/","name":"Uni\u00f3n Esp\u00edrita","description":"Nuevo Renacer","publisher":{"@id":"https:\/\/nuevo-renacer.com\/#organization"},"potentialAction":[{"@type":"SearchAction","target":{"@type":"EntryPoint","urlTemplate":"https:\/\/nuevo-renacer.com\/?s={search_term_string}"},"query-input":{"@type":"PropertyValueSpecification","valueRequired":true,"valueName":"search_term_string"}}],"inLanguage":"it-IT"},{"@type":"Organization","@id":"https:\/\/nuevo-renacer.com\/#organization","name":"UFEC","url":"https:\/\/nuevo-renacer.com\/","logo":{"@type":"ImageObject","inLanguage":"it-IT","@id":"https:\/\/nuevo-renacer.com\/#\/schema\/logo\/image\/","url":"https:\/\/nuevo-renacer.com\/wp-content\/uploads\/2024\/05\/cropped-LOGO-TERMINADO1-3-3.png","contentUrl":"https:\/\/nuevo-renacer.com\/wp-content\/uploads\/2024\/05\/cropped-LOGO-TERMINADO1-3-3.png","width":512,"height":512,"caption":"UFEC"},"image":{"@id":"https:\/\/nuevo-renacer.com\/#\/schema\/logo\/image\/"},"sameAs":["https:\/\/www.facebook.com\/groups\/3431398063740829"]}]}},"uagb_featured_image_src":{"full":false,"thumbnail":false,"medium":false,"medium_large":false,"large":false,"1536x1536":false,"2048x2048":false,"trp-custom-language-flag":false},"uagb_author_info":{"display_name":"adbv0","author_link":"https:\/\/nuevo-renacer.com\/it\/author\/adbv0\/"},"uagb_comment_info":0,"uagb_excerpt":"Historia del espiritismo en Costa Rica Desde 1874 ya el vicario Domingo Rivas alertaba desde el p\u00falpito contra la circulaci\u00f3n de literatura espiritista de Allan Kardec en el pa\u00eds. Aunque se desconoce el inicio exacto del espiritismo en Costa Rica ya desde 1896 existe al menos un c\u00edrculo ocultista que publica la revista Grano de&hellip;","jetpack_sharing_enabled":true,"_links":{"self":[{"href":"https:\/\/nuevo-renacer.com\/it\/wp-json\/wp\/v2\/pages\/5641","targetHints":{"allow":["GET"]}}],"collection":[{"href":"https:\/\/nuevo-renacer.com\/it\/wp-json\/wp\/v2\/pages"}],"about":[{"href":"https:\/\/nuevo-renacer.com\/it\/wp-json\/wp\/v2\/types\/page"}],"author":[{"embeddable":true,"href":"https:\/\/nuevo-renacer.com\/it\/wp-json\/wp\/v2\/users\/1"}],"replies":[{"embeddable":true,"href":"https:\/\/nuevo-renacer.com\/it\/wp-json\/wp\/v2\/comments?post=5641"}],"version-history":[{"count":2,"href":"https:\/\/nuevo-renacer.com\/it\/wp-json\/wp\/v2\/pages\/5641\/revisions"}],"predecessor-version":[{"id":5647,"href":"https:\/\/nuevo-renacer.com\/it\/wp-json\/wp\/v2\/pages\/5641\/revisions\/5647"}],"wp:attachment":[{"href":"https:\/\/nuevo-renacer.com\/it\/wp-json\/wp\/v2\/media?parent=5641"}],"curies":[{"name":"wp","href":"https:\/\/api.w.org\/{rel}","templated":true}]}}