{"id":5605,"date":"2024-10-17T12:35:36","date_gmt":"2024-10-17T12:35:36","guid":{"rendered":"https:\/\/nuevo-renacer.com\/?page_id=5605"},"modified":"2024-10-17T13:00:15","modified_gmt":"2024-10-17T13:00:15","slug":"historia-del-espiritismo-en-chile","status":"publish","type":"page","link":"https:\/\/nuevo-renacer.com\/it\/historia-del-espiritismo-en-chile\/","title":{"rendered":"Historia del espiritismo en Chile"},"content":{"rendered":"<div class=\"wp-block-uagb-container uagb-block-32cf11ee alignfull uagb-is-root-container\"><div class=\"uagb-container-inner-blocks-wrap\">\n<p class=\"has-black-color has-text-color has-link-color has-medium-font-size wp-elements-31157abb6c433cbe551248a19a65fe4f\"><strong>Historia del espiritismo en Chile<\/strong><\/p>\n<\/div><\/div>\n\n\n\n<div class=\"wp-block-uagb-container uagb-block-9a3b7f73 alignfull uagb-is-root-container\"><div class=\"uagb-container-inner-blocks-wrap\"><\/div><\/div>\n\n\n\n<div class=\"wp-block-uagb-container uagb-block-513333a6 alignfull uagb-is-root-container\"><div class=\"uagb-container-inner-blocks-wrap\">\n<figure class=\"wp-block-image size-full is-resized has-custom-border\"><img fetchpriority=\"high\" decoding=\"async\" width=\"1000\" height=\"667\" src=\"https:\/\/nuevo-renacer.com\/wp-content\/uploads\/2024\/10\/chile1.jpg\" alt=\"\" class=\"wp-image-5606\" style=\"border-width:1px;width:84px\" srcset=\"https:\/\/nuevo-renacer.com\/wp-content\/uploads\/2024\/10\/chile1.jpg 1000w, https:\/\/nuevo-renacer.com\/wp-content\/uploads\/2024\/10\/chile1-300x200.jpg 300w, https:\/\/nuevo-renacer.com\/wp-content\/uploads\/2024\/10\/chile1-768x512.jpg 768w, https:\/\/nuevo-renacer.com\/wp-content\/uploads\/2024\/10\/chile1-18x12.jpg 18w\" sizes=\"(max-width: 1000px) 100vw, 1000px\" \/><\/figure>\n<\/div><\/div>\n\n\n\n<div class=\"wp-block-uagb-container uagb-block-bd4e521e alignfull uagb-is-root-container\"><div class=\"uagb-container-inner-blocks-wrap\">\n<p class=\"has-black-color has-text-color has-link-color has-small-font-size wp-elements-56ec8224be1acb1b934d8dbd99eba78f\">El espiritismo en Chile comenz\u00f3 a difundirse a mediados del siglo XIX a trav\u00e9s de la circulaci\u00f3n de libros y de revistas. En los a\u00f1os siguientes, las disputas entre seguidores y opositores de esta doctrina mostraron las distintas posturas que existieron en torno a ella y la forma en que fue recibida en el pa\u00eds.<\/p>\n\n\n\n<p class=\"has-black-color has-text-color has-link-color has-small-font-size wp-elements-29f43200c52e6da16644feec06c8088e\">En 1862 la Imprenta Chill\u00e1n public\u00f3 una traducci\u00f3n de El Libro de los Esp\u00edritus de Allan Kardec (1804-1869), texto que compil\u00f3 la doctrina espiritista. En los a\u00f1os siguientes, el espiritismo se difundi\u00f3 en el pa\u00eds a trav\u00e9s de la traducci\u00f3n de textos de otros autores extranjeros dedicados a esta doctrina y de la circulaci\u00f3n de revistas espiritistas.<\/p>\n\n\n\n<p class=\"has-black-color has-text-color has-link-color has-small-font-size wp-elements-86c23542bc731433127cbc8de54289a1\">Si bien en la esfera p\u00fablica el espiritismo estuvo en general dominado por los hombres, fue en el espacio dom\u00e9stico donde la mujer pudo desarrollar una participaci\u00f3n dentro de esta doctrina. En general esto ocurri\u00f3 en sesiones donde mujeres eran asistentes o m\u00e9diums de las comunicaciones. Relatos de este tipo, escritos por Rosario Orrego en la Revista de la Quincena (1873) y Mercedes Echeverr\u00eda de Vargas, en el libro Treinta i tres d\u00edas de espiritismo \u00f3 sea desenga\u00f1os de una espiritista (1902), est\u00e1n digitalizados en Memoria Chilena.<\/p>\n\n\n\n<div class=\"wp-block-uagb-container uagb-block-0d4c46a4\">\n<figure class=\"wp-block-gallery has-nested-images columns-default is-cropped wp-block-gallery-1 is-layout-flex wp-block-gallery-is-layout-flex\">\n<figure class=\"wp-block-image size-large\"><img decoding=\"async\" width=\"200\" height=\"223\" data-id=\"5612\" src=\"https:\/\/nuevo-renacer.com\/wp-content\/uploads\/2024\/10\/rosario-1.jpg\" alt=\"\" class=\"wp-image-5612\" srcset=\"https:\/\/nuevo-renacer.com\/wp-content\/uploads\/2024\/10\/rosario-1.jpg 200w, https:\/\/nuevo-renacer.com\/wp-content\/uploads\/2024\/10\/rosario-1-11x12.jpg 11w\" sizes=\"(max-width: 200px) 100vw, 200px\" \/><figcaption class=\"wp-element-caption\">Rosario Orrego<\/figcaption><\/figure>\n\n\n\n<figure class=\"wp-block-image size-large\"><img decoding=\"async\" width=\"228\" height=\"314\" data-id=\"5614\" src=\"https:\/\/nuevo-renacer.com\/wp-content\/uploads\/2024\/10\/mercedes.jpg\" alt=\"\" class=\"wp-image-5614\" srcset=\"https:\/\/nuevo-renacer.com\/wp-content\/uploads\/2024\/10\/mercedes.jpg 228w, https:\/\/nuevo-renacer.com\/wp-content\/uploads\/2024\/10\/mercedes-218x300.jpg 218w, https:\/\/nuevo-renacer.com\/wp-content\/uploads\/2024\/10\/mercedes-9x12.jpg 9w\" sizes=\"(max-width: 228px) 100vw, 228px\" \/><figcaption class=\"wp-element-caption\">Mercedes Echeverr\u00eda de Vargas<\/figcaption><\/figure>\n<\/figure>\n<\/div>\n\n\n\n<p class=\"has-black-color has-text-color has-link-color has-small-font-size wp-elements-d4a81066ca346ce1162c719f081573aa\">Junto con las asociaciones espiritistas existieron otros espacios de difusi\u00f3n y pr\u00e1ctica de esta doctrina. Entre ellos, la secci\u00f3n \u00abConsultorio espiritista\u00bb de la Revista Sucesos, donde las personas pod\u00edan presentar sus consultas a esp\u00edritus familiares. Adem\u00e1s, circularon en el pa\u00eds textos literarios destinados a difundir el espiritismo, tales como la novela Revelaciones de ultratumba de Ram\u00f3n Pacheco (1845-1888).<\/p>\n\n\n\n<div class=\"wp-block-uagb-container uagb-block-2d8ceef9\">\n<figure class=\"wp-block-image size-full is-resized\"><img loading=\"lazy\" decoding=\"async\" width=\"427\" height=\"690\" src=\"https:\/\/nuevo-renacer.com\/wp-content\/uploads\/2024\/10\/articles-84980_thumbnail-1.jpg\" alt=\"\" class=\"wp-image-5609\" style=\"width:245px;height:auto\" srcset=\"https:\/\/nuevo-renacer.com\/wp-content\/uploads\/2024\/10\/articles-84980_thumbnail-1.jpg 427w, https:\/\/nuevo-renacer.com\/wp-content\/uploads\/2024\/10\/articles-84980_thumbnail-1-186x300.jpg 186w, https:\/\/nuevo-renacer.com\/wp-content\/uploads\/2024\/10\/articles-84980_thumbnail-1-7x12.jpg 7w\" sizes=\"(max-width: 427px) 100vw, 427px\" \/><\/figure>\n<\/div>\n\n\n\n<p class=\"has-black-color has-text-color has-link-color has-small-font-size wp-elements-e9592a39decb44ac72d26785f64e2cfd\">As\u00ed como el espiritismo tuvo numerosos adeptos en el pa\u00eds, tambi\u00e9n fueron varias las personas que se opusieron p\u00fablicamente a esta doctrina. Un motivo de disputa entre seguidores y opositores del espiritismo fue la veracidad cient\u00edfica de sus fen\u00f3menos.<\/p>\n\n\n\n<p class=\"has-black-color has-text-color has-link-color has-small-font-size wp-elements-a9d8ddaa6e1dc5502cd4f63c8a03ac2e\">Otro motivo fue que la Iglesia Cat\u00f3lica rechaz\u00f3 al espiritismo por considerarlo una \u00abobra del demonio\u00bb. Por ello, conden\u00f3 sus textos doctrinales y llam\u00f3 a los fieles a abstenerse de practicarlo. Una de las ocasiones en que cat\u00f3licos y espiritistas se enfrentaron fue en 1876, cuando el padre jesuita Jos\u00e9 Le\u00f3n y el profesor del Instituto Nacional Francisco Basterrica se debatieron p\u00fablicamente sobre los principios del espiritismo.<\/p>\n\n\n\n<p class=\"has-black-color has-text-color has-link-color has-small-font-size wp-elements-54f9fdcec5aa81056178fb7fa6286b5a\">Pese a que el espiritismo comparti\u00f3 prop\u00f3sitos y principios con el catolicismo, este se diferenci\u00f3 de la pr\u00e1ctica cat\u00f3lica en varios aspectos. Entre ellos, que el ritual espiritista era practicado en el espacio privado y que cualquier persona pod\u00eda ser m\u00e9dium, lo que para Manuel Vicu\u00f1a Larra\u00edn democratiz\u00f3 la experiencia religiosa . En relaci\u00f3n al espiritismo y el proceso de secularizaci\u00f3n en Chile, este historiador ha afirmado que el espiritismo fue consecuencia y origen de dicho proceso, pues junto con compartir con el catolicismo elementos como la creencia en Dios y la inmortalidad del alma.<\/p>\n<\/div><\/div>\n\n\n\n<div class=\"wp-block-uagb-container uagb-block-c6018777 alignfull uagb-is-root-container\"><div class=\"uagb-container-inner-blocks-wrap\"><\/div><\/div>\n\n\n\n<div class=\"wp-block-uagb-container uagb-block-66dc5eab alignfull uagb-is-root-container\"><div class=\"uagb-container-inner-blocks-wrap\"><\/div><\/div>","protected":false},"excerpt":{"rendered":"<p>Historia del espiritismo en Chile El espiritismo en Chile comenz\u00f3 a difundirse a mediados del siglo XIX a trav\u00e9s de la circulaci\u00f3n de libros y de revistas. En los a\u00f1os siguientes, las disputas entre seguidores y opositores de esta doctrina mostraron las distintas posturas que existieron en torno a ella y la forma en que [&hellip;]<\/p>","protected":false},"author":1,"featured_media":0,"parent":0,"menu_order":0,"comment_status":"closed","ping_status":"closed","template":"","meta":{"_uag_custom_page_level_css":"","site-sidebar-layout":"default","site-content-layout":"","ast-site-content-layout":"default","site-content-style":"default","site-sidebar-style":"default","ast-global-header-display":"","ast-banner-title-visibility":"","ast-main-header-display":"","ast-hfb-above-header-display":"","ast-hfb-below-header-display":"","ast-hfb-mobile-header-display":"","site-post-title":"disabled","ast-breadcrumbs-content":"","ast-featured-img":"","footer-sml-layout":"","theme-transparent-header-meta":"","adv-header-id-meta":"","stick-header-meta":"","header-above-stick-meta":"","header-main-stick-meta":"","header-below-stick-meta":"","astra-migrate-meta-layouts":"set","ast-page-background-enabled":"default","ast-page-background-meta":{"desktop":{"background-color":"var(--ast-global-color-4)","background-image":"","background-repeat":"repeat","background-position":"center center","background-size":"auto","background-attachment":"scroll","background-type":"","background-media":"","overlay-type":"","overlay-color":"","overlay-opacity":"","overlay-gradient":""},"tablet":{"background-color":"","background-image":"","background-repeat":"repeat","background-position":"center center","background-size":"auto","background-attachment":"scroll","background-type":"","background-media":"","overlay-type":"","overlay-color":"","overlay-opacity":"","overlay-gradient":""},"mobile":{"background-color":"","background-image":"","background-repeat":"repeat","background-position":"center center","background-size":"auto","background-attachment":"scroll","background-type":"","background-media":"","overlay-type":"","overlay-color":"","overlay-opacity":"","overlay-gradient":""}},"ast-content-background-meta":{"desktop":{"background-color":"var(--ast-global-color-5)","background-image":"","background-repeat":"repeat","background-position":"center center","background-size":"auto","background-attachment":"scroll","background-type":"","background-media":"","overlay-type":"","overlay-color":"","overlay-opacity":"","overlay-gradient":""},"tablet":{"background-color":"var(--ast-global-color-5)","background-image":"","background-repeat":"repeat","background-position":"center center","background-size":"auto","background-attachment":"scroll","background-type":"","background-media":"","overlay-type":"","overlay-color":"","overlay-opacity":"","overlay-gradient":""},"mobile":{"background-color":"var(--ast-global-color-5)","background-image":"","background-repeat":"repeat","background-position":"center center","background-size":"auto","background-attachment":"scroll","background-type":"","background-media":"","overlay-type":"","overlay-color":"","overlay-opacity":"","overlay-gradient":""}},"footnotes":""},"class_list":["post-5605","page","type-page","status-publish","hentry"],"yoast_head":"<!-- This site is optimized with the Yoast SEO Premium plugin v24.2 (Yoast SEO v24.6) - https:\/\/yoast.com\/wordpress\/plugins\/seo\/ -->\n<title>Historia del espiritismo en Chile - Uni\u00f3n Esp\u00edrita<\/title>\n<meta name=\"robots\" content=\"index, follow, max-snippet:-1, max-image-preview:large, max-video-preview:-1\" \/>\n<link rel=\"canonical\" href=\"https:\/\/nuevo-renacer.com\/it\/historia-del-espiritismo-en-chile\/\" \/>\n<meta property=\"og:locale\" content=\"it_IT\" \/>\n<meta property=\"og:type\" content=\"article\" \/>\n<meta property=\"og:title\" content=\"Historia del espiritismo en Chile\" \/>\n<meta property=\"og:description\" content=\"Historia del espiritismo en Chile El espiritismo en Chile comenz\u00f3 a difundirse a mediados del siglo XIX a trav\u00e9s de la circulaci\u00f3n de libros y de revistas. En los a\u00f1os siguientes, las disputas entre seguidores y opositores de esta doctrina mostraron las distintas posturas que existieron en torno a ella y la forma en que [&hellip;]\" \/>\n<meta property=\"og:url\" content=\"https:\/\/nuevo-renacer.com\/it\/historia-del-espiritismo-en-chile\/\" \/>\n<meta property=\"og:site_name\" content=\"Uni\u00f3n Esp\u00edrita\" \/>\n<meta property=\"article:publisher\" content=\"https:\/\/www.facebook.com\/groups\/3431398063740829\" \/>\n<meta property=\"article:modified_time\" content=\"2024-10-17T13:00:15+00:00\" \/>\n<meta property=\"og:image\" content=\"https:\/\/nuevo-renacer.com\/wp-content\/uploads\/2024\/10\/chile1.jpg\" \/>\n\t<meta property=\"og:image:width\" content=\"1000\" \/>\n\t<meta property=\"og:image:height\" content=\"667\" \/>\n\t<meta property=\"og:image:type\" content=\"image\/jpeg\" \/>\n<meta name=\"twitter:card\" content=\"summary_large_image\" \/>\n<meta name=\"twitter:label1\" content=\"Tempo di lettura stimato\" \/>\n\t<meta name=\"twitter:data1\" content=\"3 minuti\" \/>\n<script type=\"application\/ld+json\" class=\"yoast-schema-graph\">{\"@context\":\"https:\/\/schema.org\",\"@graph\":[{\"@type\":\"WebPage\",\"@id\":\"https:\/\/nuevo-renacer.com\/historia-del-espiritismo-en-chile\/\",\"url\":\"https:\/\/nuevo-renacer.com\/historia-del-espiritismo-en-chile\/\",\"name\":\"Historia del espiritismo en Chile - Uni\u00f3n Esp\u00edrita\",\"isPartOf\":{\"@id\":\"https:\/\/nuevo-renacer.com\/#website\"},\"primaryImageOfPage\":{\"@id\":\"https:\/\/nuevo-renacer.com\/historia-del-espiritismo-en-chile\/#primaryimage\"},\"image\":{\"@id\":\"https:\/\/nuevo-renacer.com\/historia-del-espiritismo-en-chile\/#primaryimage\"},\"thumbnailUrl\":\"https:\/\/nuevo-renacer.com\/wp-content\/uploads\/2024\/10\/chile1.jpg\",\"datePublished\":\"2024-10-17T12:35:36+00:00\",\"dateModified\":\"2024-10-17T13:00:15+00:00\",\"breadcrumb\":{\"@id\":\"https:\/\/nuevo-renacer.com\/historia-del-espiritismo-en-chile\/#breadcrumb\"},\"inLanguage\":\"it-IT\",\"potentialAction\":[{\"@type\":\"ReadAction\",\"target\":[\"https:\/\/nuevo-renacer.com\/historia-del-espiritismo-en-chile\/\"]}]},{\"@type\":\"ImageObject\",\"inLanguage\":\"it-IT\",\"@id\":\"https:\/\/nuevo-renacer.com\/historia-del-espiritismo-en-chile\/#primaryimage\",\"url\":\"https:\/\/nuevo-renacer.com\/wp-content\/uploads\/2024\/10\/chile1.jpg\",\"contentUrl\":\"https:\/\/nuevo-renacer.com\/wp-content\/uploads\/2024\/10\/chile1.jpg\"},{\"@type\":\"BreadcrumbList\",\"@id\":\"https:\/\/nuevo-renacer.com\/historia-del-espiritismo-en-chile\/#breadcrumb\",\"itemListElement\":[{\"@type\":\"ListItem\",\"position\":1,\"name\":\"Startseite\",\"item\":\"https:\/\/nuevo-renacer.com\/\"},{\"@type\":\"ListItem\",\"position\":2,\"name\":\"Historia del espiritismo en Chile\"}]},{\"@type\":\"WebSite\",\"@id\":\"https:\/\/nuevo-renacer.com\/#website\",\"url\":\"https:\/\/nuevo-renacer.com\/\",\"name\":\"Uni\u00f3n Esp\u00edrita\",\"description\":\"Nuevo Renacer\",\"publisher\":{\"@id\":\"https:\/\/nuevo-renacer.com\/#organization\"},\"potentialAction\":[{\"@type\":\"SearchAction\",\"target\":{\"@type\":\"EntryPoint\",\"urlTemplate\":\"https:\/\/nuevo-renacer.com\/?s={search_term_string}\"},\"query-input\":{\"@type\":\"PropertyValueSpecification\",\"valueRequired\":true,\"valueName\":\"search_term_string\"}}],\"inLanguage\":\"it-IT\"},{\"@type\":\"Organization\",\"@id\":\"https:\/\/nuevo-renacer.com\/#organization\",\"name\":\"UFEC\",\"url\":\"https:\/\/nuevo-renacer.com\/\",\"logo\":{\"@type\":\"ImageObject\",\"inLanguage\":\"it-IT\",\"@id\":\"https:\/\/nuevo-renacer.com\/#\/schema\/logo\/image\/\",\"url\":\"https:\/\/nuevo-renacer.com\/wp-content\/uploads\/2024\/05\/cropped-LOGO-TERMINADO1-3-3.png\",\"contentUrl\":\"https:\/\/nuevo-renacer.com\/wp-content\/uploads\/2024\/05\/cropped-LOGO-TERMINADO1-3-3.png\",\"width\":512,\"height\":512,\"caption\":\"UFEC\"},\"image\":{\"@id\":\"https:\/\/nuevo-renacer.com\/#\/schema\/logo\/image\/\"},\"sameAs\":[\"https:\/\/www.facebook.com\/groups\/3431398063740829\"]}]}<\/script>\n<!-- \/ Yoast SEO Premium plugin. -->","yoast_head_json":{"title":"Historia del espiritismo en Chile - Uni\u00f3n Esp\u00edrita","robots":{"index":"index","follow":"follow","max-snippet":"max-snippet:-1","max-image-preview":"max-image-preview:large","max-video-preview":"max-video-preview:-1"},"canonical":"https:\/\/nuevo-renacer.com\/it\/historia-del-espiritismo-en-chile\/","og_locale":"it_IT","og_type":"article","og_title":"Historia del espiritismo en Chile","og_description":"Historia del espiritismo en Chile El espiritismo en Chile comenz\u00f3 a difundirse a mediados del siglo XIX a trav\u00e9s de la circulaci\u00f3n de libros y de revistas. En los a\u00f1os siguientes, las disputas entre seguidores y opositores de esta doctrina mostraron las distintas posturas que existieron en torno a ella y la forma en que [&hellip;]","og_url":"https:\/\/nuevo-renacer.com\/it\/historia-del-espiritismo-en-chile\/","og_site_name":"Uni\u00f3n Esp\u00edrita","article_publisher":"https:\/\/www.facebook.com\/groups\/3431398063740829","article_modified_time":"2024-10-17T13:00:15+00:00","og_image":[{"width":1000,"height":667,"url":"https:\/\/nuevo-renacer.com\/wp-content\/uploads\/2024\/10\/chile1.jpg","type":"image\/jpeg"}],"twitter_card":"summary_large_image","twitter_misc":{"Tempo di lettura stimato":"3 minuti"},"schema":{"@context":"https:\/\/schema.org","@graph":[{"@type":"WebPage","@id":"https:\/\/nuevo-renacer.com\/historia-del-espiritismo-en-chile\/","url":"https:\/\/nuevo-renacer.com\/historia-del-espiritismo-en-chile\/","name":"Historia del espiritismo en Chile - Uni\u00f3n Esp\u00edrita","isPartOf":{"@id":"https:\/\/nuevo-renacer.com\/#website"},"primaryImageOfPage":{"@id":"https:\/\/nuevo-renacer.com\/historia-del-espiritismo-en-chile\/#primaryimage"},"image":{"@id":"https:\/\/nuevo-renacer.com\/historia-del-espiritismo-en-chile\/#primaryimage"},"thumbnailUrl":"https:\/\/nuevo-renacer.com\/wp-content\/uploads\/2024\/10\/chile1.jpg","datePublished":"2024-10-17T12:35:36+00:00","dateModified":"2024-10-17T13:00:15+00:00","breadcrumb":{"@id":"https:\/\/nuevo-renacer.com\/historia-del-espiritismo-en-chile\/#breadcrumb"},"inLanguage":"it-IT","potentialAction":[{"@type":"ReadAction","target":["https:\/\/nuevo-renacer.com\/historia-del-espiritismo-en-chile\/"]}]},{"@type":"ImageObject","inLanguage":"it-IT","@id":"https:\/\/nuevo-renacer.com\/historia-del-espiritismo-en-chile\/#primaryimage","url":"https:\/\/nuevo-renacer.com\/wp-content\/uploads\/2024\/10\/chile1.jpg","contentUrl":"https:\/\/nuevo-renacer.com\/wp-content\/uploads\/2024\/10\/chile1.jpg"},{"@type":"BreadcrumbList","@id":"https:\/\/nuevo-renacer.com\/historia-del-espiritismo-en-chile\/#breadcrumb","itemListElement":[{"@type":"ListItem","position":1,"name":"Startseite","item":"https:\/\/nuevo-renacer.com\/"},{"@type":"ListItem","position":2,"name":"Historia del espiritismo en Chile"}]},{"@type":"WebSite","@id":"https:\/\/nuevo-renacer.com\/#website","url":"https:\/\/nuevo-renacer.com\/","name":"Uni\u00f3n Esp\u00edrita","description":"Nuevo Renacer","publisher":{"@id":"https:\/\/nuevo-renacer.com\/#organization"},"potentialAction":[{"@type":"SearchAction","target":{"@type":"EntryPoint","urlTemplate":"https:\/\/nuevo-renacer.com\/?s={search_term_string}"},"query-input":{"@type":"PropertyValueSpecification","valueRequired":true,"valueName":"search_term_string"}}],"inLanguage":"it-IT"},{"@type":"Organization","@id":"https:\/\/nuevo-renacer.com\/#organization","name":"UFEC","url":"https:\/\/nuevo-renacer.com\/","logo":{"@type":"ImageObject","inLanguage":"it-IT","@id":"https:\/\/nuevo-renacer.com\/#\/schema\/logo\/image\/","url":"https:\/\/nuevo-renacer.com\/wp-content\/uploads\/2024\/05\/cropped-LOGO-TERMINADO1-3-3.png","contentUrl":"https:\/\/nuevo-renacer.com\/wp-content\/uploads\/2024\/05\/cropped-LOGO-TERMINADO1-3-3.png","width":512,"height":512,"caption":"UFEC"},"image":{"@id":"https:\/\/nuevo-renacer.com\/#\/schema\/logo\/image\/"},"sameAs":["https:\/\/www.facebook.com\/groups\/3431398063740829"]}]}},"uagb_featured_image_src":{"full":false,"thumbnail":false,"medium":false,"medium_large":false,"large":false,"1536x1536":false,"2048x2048":false,"trp-custom-language-flag":false},"uagb_author_info":{"display_name":"adbv0","author_link":"https:\/\/nuevo-renacer.com\/it\/author\/adbv0\/"},"uagb_comment_info":0,"uagb_excerpt":"Historia del espiritismo en Chile El espiritismo en Chile comenz\u00f3 a difundirse a mediados del siglo XIX a trav\u00e9s de la circulaci\u00f3n de libros y de revistas. En los a\u00f1os siguientes, las disputas entre seguidores y opositores de esta doctrina mostraron las distintas posturas que existieron en torno a ella y la forma en que&hellip;","jetpack_sharing_enabled":true,"_links":{"self":[{"href":"https:\/\/nuevo-renacer.com\/it\/wp-json\/wp\/v2\/pages\/5605","targetHints":{"allow":["GET"]}}],"collection":[{"href":"https:\/\/nuevo-renacer.com\/it\/wp-json\/wp\/v2\/pages"}],"about":[{"href":"https:\/\/nuevo-renacer.com\/it\/wp-json\/wp\/v2\/types\/page"}],"author":[{"embeddable":true,"href":"https:\/\/nuevo-renacer.com\/it\/wp-json\/wp\/v2\/users\/1"}],"replies":[{"embeddable":true,"href":"https:\/\/nuevo-renacer.com\/it\/wp-json\/wp\/v2\/comments?post=5605"}],"version-history":[{"count":5,"href":"https:\/\/nuevo-renacer.com\/it\/wp-json\/wp\/v2\/pages\/5605\/revisions"}],"predecessor-version":[{"id":5619,"href":"https:\/\/nuevo-renacer.com\/it\/wp-json\/wp\/v2\/pages\/5605\/revisions\/5619"}],"wp:attachment":[{"href":"https:\/\/nuevo-renacer.com\/it\/wp-json\/wp\/v2\/media?parent=5605"}],"curies":[{"name":"wp","href":"https:\/\/api.w.org\/{rel}","templated":true}]}}