{"id":5597,"date":"2024-10-17T09:53:48","date_gmt":"2024-10-17T09:53:48","guid":{"rendered":"https:\/\/nuevo-renacer.com\/?page_id=5597"},"modified":"2024-10-17T09:53:48","modified_gmt":"2024-10-17T09:53:48","slug":"historia-del-espiritismo-en-brasil","status":"publish","type":"page","link":"https:\/\/nuevo-renacer.com\/it\/historia-del-espiritismo-en-brasil\/","title":{"rendered":"Historia del espiritismo en Brasil"},"content":{"rendered":"<div class=\"wp-block-uagb-container uagb-block-e8c3bd9a alignfull uagb-is-root-container\"><div class=\"uagb-container-inner-blocks-wrap\">\n<p class=\"has-black-color has-text-color has-link-color has-medium-font-size wp-elements-014049a6086b543d15901cee1c35977b\"><strong>Historia del espiritismo en Brasil<\/strong><\/p>\n<\/div><\/div>\n\n\n\n<div class=\"wp-block-uagb-container uagb-block-6c586ecf alignfull uagb-is-root-container\"><div class=\"uagb-container-inner-blocks-wrap\"><\/div><\/div>\n\n\n\n<div class=\"wp-block-uagb-container uagb-block-79eebe41 alignfull uagb-is-root-container\"><div class=\"uagb-container-inner-blocks-wrap\">\n<figure class=\"wp-block-image size-full is-resized\"><img fetchpriority=\"high\" decoding=\"async\" width=\"894\" height=\"630\" src=\"https:\/\/nuevo-renacer.com\/wp-content\/uploads\/2024\/10\/51MD9d7uCGL._AC_UF8941000_QL80_.jpg\" alt=\"\" class=\"wp-image-5598\" style=\"width:84px\" srcset=\"https:\/\/nuevo-renacer.com\/wp-content\/uploads\/2024\/10\/51MD9d7uCGL._AC_UF8941000_QL80_.jpg 894w, https:\/\/nuevo-renacer.com\/wp-content\/uploads\/2024\/10\/51MD9d7uCGL._AC_UF8941000_QL80_-300x211.jpg 300w, https:\/\/nuevo-renacer.com\/wp-content\/uploads\/2024\/10\/51MD9d7uCGL._AC_UF8941000_QL80_-768x541.jpg 768w, https:\/\/nuevo-renacer.com\/wp-content\/uploads\/2024\/10\/51MD9d7uCGL._AC_UF8941000_QL80_-18x12.jpg 18w\" sizes=\"(max-width: 894px) 100vw, 894px\" \/><\/figure>\n<\/div><\/div>\n\n\n\n<div class=\"wp-block-uagb-container uagb-block-55f7e7ed alignfull uagb-is-root-container\"><div class=\"uagb-container-inner-blocks-wrap\">\n<p class=\"has-black-color has-text-color has-link-color has-small-font-size wp-elements-e3bb5e51fdb855f154c028c7c424f3ec\">En el siglo XIX, encontramos diversos relatos de personas que, sin conocimientos m\u00e9dicos espec\u00edficos, daban recetas a enfermos. Conocidos como \u00abm\u00e9dins receitists\u00bb o \u00abm\u00e9diums sanadores\u00bb, estos individuos ten\u00edan una funci\u00f3n distinta a la de los conocidos curanderos. Afirmando contar con la ayuda de poderosas entidades espirituales, desligadas de otras religiones, estas personas reivindicaban la presencia de esp\u00edritus que interven\u00edan en el mundo material. Esta manifestaci\u00f3n religiosa estaba muy pr\u00f3xima a la obra del franc\u00e9s Allan Kardec, que en 1857 sistematiz\u00f3 el conocimiento de la doctrina espiritista en su obra \u00abEl libro de los esp\u00edritus\u00bb. Pronto, en la d\u00e9cada siguiente, aparecieron en suelo brasile\u00f1o los primeros ejemplares de esta obra. Al mismo tiempo, se fueron formando los primeros grupos espiritistas brasile\u00f1os.<\/p>\n\n\n\n<p class=\"has-black-color has-text-color has-link-color has-small-font-size wp-elements-67b6cf6f9e746c0340a780b8f17c83f8\">Uno de los primeros y m\u00e1s famosos entusiastas de la nueva pr\u00e1ctica religiosa fue Bezerra de Menezes, quien, al convertirse a la nueva creencia, crey\u00f3 experimentar la cima de la fe cristiana. Esta figura hist\u00f3rica del espiritismo brasile\u00f1o abraz\u00f3 la nueva religi\u00f3n influenciado por su experiencia con el m\u00e9dium Jo\u00e3o Gon\u00e7alves do Nascimento, que practicaba la curaci\u00f3n en la ciudad de R\u00edo de Janeiro.<\/p>\n\n\n\n<div class=\"wp-block-uagb-container uagb-block-6f8d0be8\">\n<figure class=\"wp-block-image size-full\"><img decoding=\"async\" width=\"259\" height=\"343\" src=\"https:\/\/nuevo-renacer.com\/wp-content\/uploads\/2024\/10\/BezerradeMenezes2.jpg\" alt=\"\" class=\"wp-image-5599\" srcset=\"https:\/\/nuevo-renacer.com\/wp-content\/uploads\/2024\/10\/BezerradeMenezes2.jpg 259w, https:\/\/nuevo-renacer.com\/wp-content\/uploads\/2024\/10\/BezerradeMenezes2-227x300.jpg 227w, https:\/\/nuevo-renacer.com\/wp-content\/uploads\/2024\/10\/BezerradeMenezes2-9x12.jpg 9w\" sizes=\"(max-width: 259px) 100vw, 259px\" \/><figcaption class=\"wp-element-caption\">Bezerra de Menezes<\/figcaption><\/figure>\n<\/div>\n\n\n\n<p class=\"has-black-color has-text-color has-link-color has-small-font-size wp-elements-ff315ce46f4bc5e08e43ef1bc0407b77\">La gran aceptaci\u00f3n de la pr\u00e1ctica espiritista se debi\u00f3 a su capacidad de combinar elementos cultos y populares, en la que una persona de origen sencillo pod\u00eda incorporar figuras de prestigio. Muchos de los adeptos de la \u00e9poca insist\u00edan en se\u00f1alar c\u00f3mo la nueva religi\u00f3n estaba en consonancia con los principios liberales y cient\u00edficos en boga en la \u00e9poca. Un claro ejemplo de esta asociaci\u00f3n puede verse en el hecho de que muchos republicanos y abolicionistas simpatizaban con el espiritismo.<\/p>\n\n\n\n<p class=\"has-black-color has-text-color has-link-color has-small-font-size wp-elements-32d711e642a48bee3c66a8f05b567d69\">Sin embargo, la nueva religi\u00f3n sufri\u00f3 una gran oposici\u00f3n en un contexto hist\u00f3rico en el que el catolicismo ten\u00eda una gran presencia. En los c\u00f3digos de leyes de la \u00e9poca y en las prescripciones de algunos psiquiatras, el espiritismo se consideraba una manifestaci\u00f3n de locura mental. La fuerte oposici\u00f3n fue contrarrestada con la creaci\u00f3n de la Federaci\u00f3n Esp\u00edrita Brasile\u00f1a, en 1884. El trabajo de reconocimiento realizado por la FEB tuvo como objetivo sistematizar las pr\u00e1cticas y doctrinas arraigadas en la nueva confesi\u00f3n religiosa.<\/p>\n\n\n\n<p class=\"has-black-color has-text-color has-link-color has-small-font-size wp-elements-684fe52736d4308e350bd9a5188ced0c\">El crecimiento de la doctrina esp\u00edrita en Brasil gan\u00f3 impulso, especialmente con el surgimiento de una figura emblem\u00e1tica de esta religi\u00f3n: el m\u00e9dium Francisco C\u00e2ndido Xavier, o Chico Xavier. A trav\u00e9s de sus obras psicogr\u00e1ficas, comenz\u00f3 a popularizar a\u00fan m\u00e1s el Espiritismo. Entre sus obras, destaca \u00abBrasil, Coraz\u00f3n del Mundo, Patria del Evangelio\u00bb, en la que relata la intervenci\u00f3n de los esp\u00edritus en diferentes acontecimientos de la historia nacional. Con el tiempo, el Espiritismo adquiri\u00f3 mayor prestigio entre las diferentes clases e instituciones. Por otro lado, muchos cultos afrobrasile\u00f1os a\u00fan sufren mucho la desconfianza de las fuerzas del orden. Una de las razones de la mayor aceptaci\u00f3n del Espiritismo es su pol\u00edtica asistencial. La caridad, al ser un punto fundamental del Espiritismo, acab\u00f3 acercando la visi\u00f3n positiva de esta fe a la raz\u00f3n.<\/p>\n\n\n\n<div class=\"wp-block-uagb-container uagb-block-9e86ceba\">\n<figure class=\"wp-block-image size-full\"><img decoding=\"async\" width=\"340\" height=\"280\" src=\"https:\/\/nuevo-renacer.com\/wp-content\/uploads\/2024\/10\/000543.jpg\" alt=\"\" class=\"wp-image-5600\" srcset=\"https:\/\/nuevo-renacer.com\/wp-content\/uploads\/2024\/10\/000543.jpg 340w, https:\/\/nuevo-renacer.com\/wp-content\/uploads\/2024\/10\/000543-300x247.jpg 300w, https:\/\/nuevo-renacer.com\/wp-content\/uploads\/2024\/10\/000543-15x12.jpg 15w\" sizes=\"(max-width: 340px) 100vw, 340px\" \/><figcaption class=\"wp-element-caption\">Chico Xavier<\/figcaption><\/figure>\n<\/div>\n\n\n\n<p class=\"has-black-color has-text-color has-link-color has-small-font-size wp-elements-23f06f4217b15d7a48e3aabf9756ac83\">En las \u00faltimas d\u00e9cadas, el papel de Brasil en el rumbo tomado por la doctrina esp\u00edrita ha sido notorio. Una de las afirmaciones m\u00e1s interesantes de este papel central puede ser vista en el hecho de que personas de otras confesiones simpatizan con el Espiritismo. Tal vez con esto podamos entender por qu\u00e9 Brasil tiene un mayor contingente de practicantes esp\u00edritas y denominaciones ap\u00e1ticas a esta misma creencia.<\/p>\n<\/div><\/div>","protected":false},"excerpt":{"rendered":"<p>Historia del espiritismo en Brasil En el siglo XIX, encontramos diversos relatos de personas que, sin conocimientos m\u00e9dicos espec\u00edficos, daban recetas a enfermos. Conocidos como \u00abm\u00e9dins receitists\u00bb o \u00abm\u00e9diums sanadores\u00bb, estos individuos ten\u00edan una funci\u00f3n distinta a la de los conocidos curanderos. Afirmando contar con la ayuda de poderosas entidades espirituales, desligadas de otras religiones, [&hellip;]<\/p>","protected":false},"author":1,"featured_media":0,"parent":0,"menu_order":0,"comment_status":"closed","ping_status":"closed","template":"","meta":{"_uag_custom_page_level_css":"","site-sidebar-layout":"default","site-content-layout":"","ast-site-content-layout":"default","site-content-style":"default","site-sidebar-style":"default","ast-global-header-display":"","ast-banner-title-visibility":"","ast-main-header-display":"","ast-hfb-above-header-display":"","ast-hfb-below-header-display":"","ast-hfb-mobile-header-display":"","site-post-title":"disabled","ast-breadcrumbs-content":"","ast-featured-img":"","footer-sml-layout":"","theme-transparent-header-meta":"","adv-header-id-meta":"","stick-header-meta":"","header-above-stick-meta":"","header-main-stick-meta":"","header-below-stick-meta":"","astra-migrate-meta-layouts":"set","ast-page-background-enabled":"default","ast-page-background-meta":{"desktop":{"background-color":"var(--ast-global-color-4)","background-image":"","background-repeat":"repeat","background-position":"center center","background-size":"auto","background-attachment":"scroll","background-type":"","background-media":"","overlay-type":"","overlay-color":"","overlay-opacity":"","overlay-gradient":""},"tablet":{"background-color":"","background-image":"","background-repeat":"repeat","background-position":"center center","background-size":"auto","background-attachment":"scroll","background-type":"","background-media":"","overlay-type":"","overlay-color":"","overlay-opacity":"","overlay-gradient":""},"mobile":{"background-color":"","background-image":"","background-repeat":"repeat","background-position":"center center","background-size":"auto","background-attachment":"scroll","background-type":"","background-media":"","overlay-type":"","overlay-color":"","overlay-opacity":"","overlay-gradient":""}},"ast-content-background-meta":{"desktop":{"background-color":"var(--ast-global-color-5)","background-image":"","background-repeat":"repeat","background-position":"center center","background-size":"auto","background-attachment":"scroll","background-type":"","background-media":"","overlay-type":"","overlay-color":"","overlay-opacity":"","overlay-gradient":""},"tablet":{"background-color":"var(--ast-global-color-5)","background-image":"","background-repeat":"repeat","background-position":"center center","background-size":"auto","background-attachment":"scroll","background-type":"","background-media":"","overlay-type":"","overlay-color":"","overlay-opacity":"","overlay-gradient":""},"mobile":{"background-color":"var(--ast-global-color-5)","background-image":"","background-repeat":"repeat","background-position":"center center","background-size":"auto","background-attachment":"scroll","background-type":"","background-media":"","overlay-type":"","overlay-color":"","overlay-opacity":"","overlay-gradient":""}},"footnotes":""},"class_list":["post-5597","page","type-page","status-publish","hentry"],"yoast_head":"<!-- This site is optimized with the Yoast SEO Premium plugin v24.2 (Yoast SEO v24.6) - https:\/\/yoast.com\/wordpress\/plugins\/seo\/ -->\n<title>Historia del espiritismo en Brasil - Uni\u00f3n Esp\u00edrita<\/title>\n<meta name=\"robots\" content=\"index, follow, max-snippet:-1, max-image-preview:large, max-video-preview:-1\" \/>\n<link rel=\"canonical\" href=\"https:\/\/nuevo-renacer.com\/it\/historia-del-espiritismo-en-brasil\/\" \/>\n<meta property=\"og:locale\" content=\"it_IT\" \/>\n<meta property=\"og:type\" content=\"article\" \/>\n<meta property=\"og:title\" content=\"Historia del espiritismo en Brasil\" \/>\n<meta property=\"og:description\" content=\"Historia del espiritismo en Brasil En el siglo XIX, encontramos diversos relatos de personas que, sin conocimientos m\u00e9dicos espec\u00edficos, daban recetas a enfermos. Conocidos como \u00abm\u00e9dins receitists\u00bb o \u00abm\u00e9diums sanadores\u00bb, estos individuos ten\u00edan una funci\u00f3n distinta a la de los conocidos curanderos. Afirmando contar con la ayuda de poderosas entidades espirituales, desligadas de otras religiones, [&hellip;]\" \/>\n<meta property=\"og:url\" content=\"https:\/\/nuevo-renacer.com\/it\/historia-del-espiritismo-en-brasil\/\" \/>\n<meta property=\"og:site_name\" content=\"Uni\u00f3n Esp\u00edrita\" \/>\n<meta property=\"article:publisher\" content=\"https:\/\/www.facebook.com\/groups\/3431398063740829\" \/>\n<meta property=\"og:image\" content=\"https:\/\/nuevo-renacer.com\/wp-content\/uploads\/2024\/10\/51MD9d7uCGL._AC_UF8941000_QL80_.jpg\" \/>\n\t<meta property=\"og:image:width\" content=\"894\" \/>\n\t<meta property=\"og:image:height\" content=\"630\" \/>\n\t<meta property=\"og:image:type\" content=\"image\/jpeg\" \/>\n<meta name=\"twitter:card\" content=\"summary_large_image\" \/>\n<meta name=\"twitter:label1\" content=\"Tempo di lettura stimato\" \/>\n\t<meta name=\"twitter:data1\" content=\"3 minuti\" \/>\n<script type=\"application\/ld+json\" class=\"yoast-schema-graph\">{\"@context\":\"https:\/\/schema.org\",\"@graph\":[{\"@type\":\"WebPage\",\"@id\":\"https:\/\/nuevo-renacer.com\/historia-del-espiritismo-en-brasil\/\",\"url\":\"https:\/\/nuevo-renacer.com\/historia-del-espiritismo-en-brasil\/\",\"name\":\"Historia del espiritismo en Brasil - Uni\u00f3n Esp\u00edrita\",\"isPartOf\":{\"@id\":\"https:\/\/nuevo-renacer.com\/#website\"},\"primaryImageOfPage\":{\"@id\":\"https:\/\/nuevo-renacer.com\/historia-del-espiritismo-en-brasil\/#primaryimage\"},\"image\":{\"@id\":\"https:\/\/nuevo-renacer.com\/historia-del-espiritismo-en-brasil\/#primaryimage\"},\"thumbnailUrl\":\"https:\/\/nuevo-renacer.com\/wp-content\/uploads\/2024\/10\/51MD9d7uCGL._AC_UF8941000_QL80_.jpg\",\"datePublished\":\"2024-10-17T09:53:48+00:00\",\"breadcrumb\":{\"@id\":\"https:\/\/nuevo-renacer.com\/historia-del-espiritismo-en-brasil\/#breadcrumb\"},\"inLanguage\":\"it-IT\",\"potentialAction\":[{\"@type\":\"ReadAction\",\"target\":[\"https:\/\/nuevo-renacer.com\/historia-del-espiritismo-en-brasil\/\"]}]},{\"@type\":\"ImageObject\",\"inLanguage\":\"it-IT\",\"@id\":\"https:\/\/nuevo-renacer.com\/historia-del-espiritismo-en-brasil\/#primaryimage\",\"url\":\"https:\/\/nuevo-renacer.com\/wp-content\/uploads\/2024\/10\/51MD9d7uCGL._AC_UF8941000_QL80_.jpg\",\"contentUrl\":\"https:\/\/nuevo-renacer.com\/wp-content\/uploads\/2024\/10\/51MD9d7uCGL._AC_UF8941000_QL80_.jpg\"},{\"@type\":\"BreadcrumbList\",\"@id\":\"https:\/\/nuevo-renacer.com\/historia-del-espiritismo-en-brasil\/#breadcrumb\",\"itemListElement\":[{\"@type\":\"ListItem\",\"position\":1,\"name\":\"Startseite\",\"item\":\"https:\/\/nuevo-renacer.com\/\"},{\"@type\":\"ListItem\",\"position\":2,\"name\":\"Historia del espiritismo en Brasil\"}]},{\"@type\":\"WebSite\",\"@id\":\"https:\/\/nuevo-renacer.com\/#website\",\"url\":\"https:\/\/nuevo-renacer.com\/\",\"name\":\"Uni\u00f3n Esp\u00edrita\",\"description\":\"Nuevo Renacer\",\"publisher\":{\"@id\":\"https:\/\/nuevo-renacer.com\/#organization\"},\"potentialAction\":[{\"@type\":\"SearchAction\",\"target\":{\"@type\":\"EntryPoint\",\"urlTemplate\":\"https:\/\/nuevo-renacer.com\/?s={search_term_string}\"},\"query-input\":{\"@type\":\"PropertyValueSpecification\",\"valueRequired\":true,\"valueName\":\"search_term_string\"}}],\"inLanguage\":\"it-IT\"},{\"@type\":\"Organization\",\"@id\":\"https:\/\/nuevo-renacer.com\/#organization\",\"name\":\"UFEC\",\"url\":\"https:\/\/nuevo-renacer.com\/\",\"logo\":{\"@type\":\"ImageObject\",\"inLanguage\":\"it-IT\",\"@id\":\"https:\/\/nuevo-renacer.com\/#\/schema\/logo\/image\/\",\"url\":\"https:\/\/nuevo-renacer.com\/wp-content\/uploads\/2024\/05\/cropped-LOGO-TERMINADO1-3-3.png\",\"contentUrl\":\"https:\/\/nuevo-renacer.com\/wp-content\/uploads\/2024\/05\/cropped-LOGO-TERMINADO1-3-3.png\",\"width\":512,\"height\":512,\"caption\":\"UFEC\"},\"image\":{\"@id\":\"https:\/\/nuevo-renacer.com\/#\/schema\/logo\/image\/\"},\"sameAs\":[\"https:\/\/www.facebook.com\/groups\/3431398063740829\"]}]}<\/script>\n<!-- \/ Yoast SEO Premium plugin. -->","yoast_head_json":{"title":"Historia del espiritismo en Brasil - Uni\u00f3n Esp\u00edrita","robots":{"index":"index","follow":"follow","max-snippet":"max-snippet:-1","max-image-preview":"max-image-preview:large","max-video-preview":"max-video-preview:-1"},"canonical":"https:\/\/nuevo-renacer.com\/it\/historia-del-espiritismo-en-brasil\/","og_locale":"it_IT","og_type":"article","og_title":"Historia del espiritismo en Brasil","og_description":"Historia del espiritismo en Brasil En el siglo XIX, encontramos diversos relatos de personas que, sin conocimientos m\u00e9dicos espec\u00edficos, daban recetas a enfermos. Conocidos como \u00abm\u00e9dins receitists\u00bb o \u00abm\u00e9diums sanadores\u00bb, estos individuos ten\u00edan una funci\u00f3n distinta a la de los conocidos curanderos. Afirmando contar con la ayuda de poderosas entidades espirituales, desligadas de otras religiones, [&hellip;]","og_url":"https:\/\/nuevo-renacer.com\/it\/historia-del-espiritismo-en-brasil\/","og_site_name":"Uni\u00f3n Esp\u00edrita","article_publisher":"https:\/\/www.facebook.com\/groups\/3431398063740829","og_image":[{"width":894,"height":630,"url":"https:\/\/nuevo-renacer.com\/wp-content\/uploads\/2024\/10\/51MD9d7uCGL._AC_UF8941000_QL80_.jpg","type":"image\/jpeg"}],"twitter_card":"summary_large_image","twitter_misc":{"Tempo di lettura stimato":"3 minuti"},"schema":{"@context":"https:\/\/schema.org","@graph":[{"@type":"WebPage","@id":"https:\/\/nuevo-renacer.com\/historia-del-espiritismo-en-brasil\/","url":"https:\/\/nuevo-renacer.com\/historia-del-espiritismo-en-brasil\/","name":"Historia del espiritismo en Brasil - Uni\u00f3n Esp\u00edrita","isPartOf":{"@id":"https:\/\/nuevo-renacer.com\/#website"},"primaryImageOfPage":{"@id":"https:\/\/nuevo-renacer.com\/historia-del-espiritismo-en-brasil\/#primaryimage"},"image":{"@id":"https:\/\/nuevo-renacer.com\/historia-del-espiritismo-en-brasil\/#primaryimage"},"thumbnailUrl":"https:\/\/nuevo-renacer.com\/wp-content\/uploads\/2024\/10\/51MD9d7uCGL._AC_UF8941000_QL80_.jpg","datePublished":"2024-10-17T09:53:48+00:00","breadcrumb":{"@id":"https:\/\/nuevo-renacer.com\/historia-del-espiritismo-en-brasil\/#breadcrumb"},"inLanguage":"it-IT","potentialAction":[{"@type":"ReadAction","target":["https:\/\/nuevo-renacer.com\/historia-del-espiritismo-en-brasil\/"]}]},{"@type":"ImageObject","inLanguage":"it-IT","@id":"https:\/\/nuevo-renacer.com\/historia-del-espiritismo-en-brasil\/#primaryimage","url":"https:\/\/nuevo-renacer.com\/wp-content\/uploads\/2024\/10\/51MD9d7uCGL._AC_UF8941000_QL80_.jpg","contentUrl":"https:\/\/nuevo-renacer.com\/wp-content\/uploads\/2024\/10\/51MD9d7uCGL._AC_UF8941000_QL80_.jpg"},{"@type":"BreadcrumbList","@id":"https:\/\/nuevo-renacer.com\/historia-del-espiritismo-en-brasil\/#breadcrumb","itemListElement":[{"@type":"ListItem","position":1,"name":"Startseite","item":"https:\/\/nuevo-renacer.com\/"},{"@type":"ListItem","position":2,"name":"Historia del espiritismo en Brasil"}]},{"@type":"WebSite","@id":"https:\/\/nuevo-renacer.com\/#website","url":"https:\/\/nuevo-renacer.com\/","name":"Uni\u00f3n Esp\u00edrita","description":"Nuevo Renacer","publisher":{"@id":"https:\/\/nuevo-renacer.com\/#organization"},"potentialAction":[{"@type":"SearchAction","target":{"@type":"EntryPoint","urlTemplate":"https:\/\/nuevo-renacer.com\/?s={search_term_string}"},"query-input":{"@type":"PropertyValueSpecification","valueRequired":true,"valueName":"search_term_string"}}],"inLanguage":"it-IT"},{"@type":"Organization","@id":"https:\/\/nuevo-renacer.com\/#organization","name":"UFEC","url":"https:\/\/nuevo-renacer.com\/","logo":{"@type":"ImageObject","inLanguage":"it-IT","@id":"https:\/\/nuevo-renacer.com\/#\/schema\/logo\/image\/","url":"https:\/\/nuevo-renacer.com\/wp-content\/uploads\/2024\/05\/cropped-LOGO-TERMINADO1-3-3.png","contentUrl":"https:\/\/nuevo-renacer.com\/wp-content\/uploads\/2024\/05\/cropped-LOGO-TERMINADO1-3-3.png","width":512,"height":512,"caption":"UFEC"},"image":{"@id":"https:\/\/nuevo-renacer.com\/#\/schema\/logo\/image\/"},"sameAs":["https:\/\/www.facebook.com\/groups\/3431398063740829"]}]}},"uagb_featured_image_src":{"full":false,"thumbnail":false,"medium":false,"medium_large":false,"large":false,"1536x1536":false,"2048x2048":false,"trp-custom-language-flag":false},"uagb_author_info":{"display_name":"adbv0","author_link":"https:\/\/nuevo-renacer.com\/it\/author\/adbv0\/"},"uagb_comment_info":0,"uagb_excerpt":"Historia del espiritismo en Brasil En el siglo XIX, encontramos diversos relatos de personas que, sin conocimientos m\u00e9dicos espec\u00edficos, daban recetas a enfermos. Conocidos como \u00abm\u00e9dins receitists\u00bb o \u00abm\u00e9diums sanadores\u00bb, estos individuos ten\u00edan una funci\u00f3n distinta a la de los conocidos curanderos. Afirmando contar con la ayuda de poderosas entidades espirituales, desligadas de otras religiones,&hellip;","jetpack_sharing_enabled":true,"_links":{"self":[{"href":"https:\/\/nuevo-renacer.com\/it\/wp-json\/wp\/v2\/pages\/5597","targetHints":{"allow":["GET"]}}],"collection":[{"href":"https:\/\/nuevo-renacer.com\/it\/wp-json\/wp\/v2\/pages"}],"about":[{"href":"https:\/\/nuevo-renacer.com\/it\/wp-json\/wp\/v2\/types\/page"}],"author":[{"embeddable":true,"href":"https:\/\/nuevo-renacer.com\/it\/wp-json\/wp\/v2\/users\/1"}],"replies":[{"embeddable":true,"href":"https:\/\/nuevo-renacer.com\/it\/wp-json\/wp\/v2\/comments?post=5597"}],"version-history":[{"count":1,"href":"https:\/\/nuevo-renacer.com\/it\/wp-json\/wp\/v2\/pages\/5597\/revisions"}],"predecessor-version":[{"id":5601,"href":"https:\/\/nuevo-renacer.com\/it\/wp-json\/wp\/v2\/pages\/5597\/revisions\/5601"}],"wp:attachment":[{"href":"https:\/\/nuevo-renacer.com\/it\/wp-json\/wp\/v2\/media?parent=5597"}],"curies":[{"name":"wp","href":"https:\/\/api.w.org\/{rel}","templated":true}]}}