{"id":5584,"date":"2024-10-17T08:26:16","date_gmt":"2024-10-17T08:26:16","guid":{"rendered":"https:\/\/nuevo-renacer.com\/?page_id=5584"},"modified":"2024-10-17T08:34:09","modified_gmt":"2024-10-17T08:34:09","slug":"historia-del-espiritismo-en-argentina","status":"publish","type":"page","link":"https:\/\/nuevo-renacer.com\/it\/historia-del-espiritismo-en-argentina\/","title":{"rendered":"Historia del espiritismo en Argentina"},"content":{"rendered":"<div class=\"wp-block-uagb-container uagb-block-9ffcbae0 alignfull uagb-is-root-container\"><div class=\"uagb-container-inner-blocks-wrap\">\n<p class=\"has-black-color has-text-color has-link-color has-medium-font-size wp-elements-e55091f3ca7b21b73485053eee4fa2d9\"><strong>Historia del espiritismo en Argentina<\/strong><\/p>\n<\/div><\/div>\n\n\n\n<div class=\"wp-block-uagb-container uagb-block-23c64ebe alignfull uagb-is-root-container\"><div class=\"uagb-container-inner-blocks-wrap\"><\/div><\/div>\n\n\n\n<div class=\"wp-block-uagb-container uagb-block-54e1bbe6 alignfull uagb-is-root-container\"><div class=\"uagb-container-inner-blocks-wrap\">\n<figure class=\"wp-block-image size-full is-resized\"><img fetchpriority=\"high\" decoding=\"async\" width=\"960\" height=\"640\" src=\"https:\/\/nuevo-renacer.com\/wp-content\/uploads\/2024\/10\/argentinien-flagge.jpg\" alt=\"\" class=\"wp-image-5585\" style=\"width:84px\" srcset=\"https:\/\/nuevo-renacer.com\/wp-content\/uploads\/2024\/10\/argentinien-flagge.jpg 960w, https:\/\/nuevo-renacer.com\/wp-content\/uploads\/2024\/10\/argentinien-flagge-300x200.jpg 300w, https:\/\/nuevo-renacer.com\/wp-content\/uploads\/2024\/10\/argentinien-flagge-768x512.jpg 768w, https:\/\/nuevo-renacer.com\/wp-content\/uploads\/2024\/10\/argentinien-flagge-18x12.jpg 18w\" sizes=\"(max-width: 960px) 100vw, 960px\" \/><\/figure>\n<\/div><\/div>\n\n\n\n<div class=\"wp-block-uagb-container uagb-block-e9de749d alignfull uagb-is-root-container\"><div class=\"uagb-container-inner-blocks-wrap\"><\/div><\/div>\n\n\n\n<div class=\"wp-block-uagb-container uagb-block-f552f511 alignfull uagb-is-root-container\"><div class=\"uagb-container-inner-blocks-wrap\">\n<p class=\"has-black-color has-text-color has-link-color has-small-font-size wp-elements-e05374fd7a5fcd98d424ef6d3d714014\">A ra\u00edz de la venida de Don Justo de Espada -producida aproximadamente entre 1869 y 1870-, caballero \u00e9ste oriundo de M\u00e1laga, Espa\u00f1a, se tuvo noticias de la aparici\u00f3n del espiritismo y su difusi\u00f3n en Europa.<\/p>\n\n\n\n<p class=\"has-black-color has-text-color has-link-color has-small-font-size wp-elements-294a4ff4319323427b5395d31dac46ef\">Vinculado de inmediato con importantes comerciantes y profesionales de la ciudad, Justo de Espada organiza el primer grupo de experimentaci\u00f3n, que realizaba sus sesiones en los altos de la farmacia de uno de los miembros, ubicada en la esquina de Corrientes y Carlos Pellegrini, precisamente frente a la Iglesia de San Nicol\u00e1s, que por entonces estaba emplazada en el lugar aproximado en que hoy se erige el Obelisco.<\/p>\n\n\n\n<div class=\"wp-block-uagb-container uagb-block-8208b511\">\n<figure class=\"wp-block-image size-large is-resized\"><img decoding=\"async\" width=\"1024\" height=\"576\" src=\"https:\/\/nuevo-renacer.com\/wp-content\/uploads\/2024\/10\/OT7RRTDI4JAFFG7PKSP2YIU7H4-1024x576.jpg\" alt=\"\" class=\"wp-image-5586\" style=\"width:272px;height:auto\" srcset=\"https:\/\/nuevo-renacer.com\/wp-content\/uploads\/2024\/10\/OT7RRTDI4JAFFG7PKSP2YIU7H4-1024x576.jpg 1024w, https:\/\/nuevo-renacer.com\/wp-content\/uploads\/2024\/10\/OT7RRTDI4JAFFG7PKSP2YIU7H4-300x169.jpg 300w, https:\/\/nuevo-renacer.com\/wp-content\/uploads\/2024\/10\/OT7RRTDI4JAFFG7PKSP2YIU7H4-768x432.jpg 768w, https:\/\/nuevo-renacer.com\/wp-content\/uploads\/2024\/10\/OT7RRTDI4JAFFG7PKSP2YIU7H4-18x10.jpg 18w, https:\/\/nuevo-renacer.com\/wp-content\/uploads\/2024\/10\/OT7RRTDI4JAFFG7PKSP2YIU7H4.jpg 1366w\" sizes=\"(max-width: 1024px) 100vw, 1024px\" \/><figcaption class=\"wp-element-caption\">Iglesia de San Nicol\u00e1s de Bari<\/figcaption><\/figure>\n<\/div>\n\n\n\n<p class=\"has-black-color has-text-color has-link-color has-small-font-size wp-elements-b157184786214a0bc7d863c72523379e\">Los fen\u00f3menos de efectos f\u00edsicos -caracter\u00edsticos de la primera etapa de la expansi\u00f3n del espiritismo en el mundo- eran \u201csumamente convincentes\u201d, aunque por lo general de \u00edndole fr\u00edvola, y se reproduc\u00edan a una velocidad vertiginosa (golpes, levitaciones, desplazamientos, comunicaci\u00f3n con el alfabeto por medio de golpes, etc.).<\/p>\n\n\n\n<p class=\"has-black-color has-text-color has-link-color has-small-font-size wp-elements-bc57f1c1342b0cf9f7727f037963a729\">Atra\u00eddos por esta novedad, los grupos de investigaci\u00f3n se multiplicaron en poco tiempo, pero tambi\u00e9n hubo entre los curiosos quienes notaron que los fen\u00f3menos \u201ceran indicio seguro de que en ellos exist\u00eda un principio inteligente, una verdad cubierta a\u00fan por velos misteriosos, para cuya aclaraci\u00f3n se impon\u00eda el estudio, conjuntamente con la observaci\u00f3n met\u00f3dica\u201d.<\/p>\n\n\n\n<p class=\"has-black-color has-text-color has-link-color has-small-font-size wp-elements-769a145971752f145417ccee60498656\">A partir de all\u00ed, se gener\u00f3 una manifiesta divisi\u00f3n: por un lado se alinearon los exclusivamente interesados en el \u201centretenimiento social\u201d, y por otra parte estaban aquellos impulsados por las derivaci\u00f3n cient\u00edfica, filos\u00f3fica y religiosa de los asombrosos hechos, quienes se fueron aglutinando y dieron lugar a la aparici\u00f3n de las primeras instituciones serias, cuyo objetivo era el estudio de la doctrina esp\u00edrita.<\/p>\n\n\n\n<p class=\"has-black-color has-text-color has-link-color has-small-font-size wp-elements-abd4275c9c4cd883775d98748234bf85\">En 1877, la \u00fanica sociedad existente en Buenos Aires era \u201cConstancia\u201d, debida a la iniciativa de un grupo te\u00f3rico-pr\u00e1ctico cuyo creador fue el profesor de lenguas \u00c1ngel Scarnicchia. Por su parte, Antonio Ugarte y su esposa Rosa Basset, fundan en abril de 1880 \u201cLa Fraternidad\u201d.<\/p>\n\n\n\n<div class=\"wp-block-uagb-container uagb-block-39ebafd1\">\n<figure class=\"wp-block-image size-full is-resized\"><img decoding=\"async\" width=\"487\" height=\"640\" src=\"https:\/\/nuevo-renacer.com\/wp-content\/uploads\/2024\/10\/21.Sociedad-Constancia-1877-487x640-1.jpg\" alt=\"\" class=\"wp-image-5587\" style=\"width:253px;height:auto\" srcset=\"https:\/\/nuevo-renacer.com\/wp-content\/uploads\/2024\/10\/21.Sociedad-Constancia-1877-487x640-1.jpg 487w, https:\/\/nuevo-renacer.com\/wp-content\/uploads\/2024\/10\/21.Sociedad-Constancia-1877-487x640-1-228x300.jpg 228w, https:\/\/nuevo-renacer.com\/wp-content\/uploads\/2024\/10\/21.Sociedad-Constancia-1877-487x640-1-9x12.jpg 9w\" sizes=\"(max-width: 487px) 100vw, 487px\" \/><figcaption class=\"wp-element-caption\">Sociedad Constancia (1877)<\/figcaption><\/figure>\n<\/div>\n\n\n\n<p class=\"has-black-color has-text-color has-link-color has-small-font-size wp-elements-280cabd814145db9bf2fa34a007c0343\">Para 1888, por contraposici\u00f3n a estos grupos serios, ya estaban en auge los mal denominados espiritistas, que con tal t\u00edtulo realizaban toda clase de manejos turbios y se presentaban como curanderos, arregladores de desinteligencias, con un marcado desprestigio para los empe\u00f1ados en dar a conocer la filosof\u00eda surgida con la obra de Allan Kardec.<\/p>\n\n\n\n<p class=\"has-black-color has-text-color has-link-color has-small-font-size wp-elements-1b2c27df00c36e09e4d706f6fa426e38\">Eran impostores que explotaban la credulidad e ingenuidad del pueblo, especulando con los r\u00e9ditos seguros que les produc\u00edan las predicciones y la adivinaci\u00f3n. Los sensatos, los esp\u00edritas bien intencionados, ante esta situaci\u00f3n experimentaban la honda necesidad de crear un frente com\u00fan para combatirlos debidamente.<\/p>\n\n\n\n<p class=\"has-black-color has-text-color has-link-color has-small-font-size wp-elements-34031198e3970eb5f78755b200cda28a\">Por iniciativa de Antonio Ugarte, se concret\u00f3 en 1888 la Federaci\u00f3n Espiritista Argentina. Su primera Comisi\u00f3n Directiva se conform\u00f3 en 1890 y tuvo a Antonio Ugarte como Presidente. En febrero de 1891, la revista de \u201cLa Fraternidad\u201d pasa a ser el \u00f3rgano period\u00edstico de la Federaci\u00f3n, dirigido por Manuel S\u00e1enz Cort\u00e9s.<\/p>\n\n\n\n<div class=\"wp-block-uagb-container uagb-block-d3c2b8fd\">\n<figure class=\"wp-block-image size-full is-resized\"><img loading=\"lazy\" decoding=\"async\" width=\"130\" height=\"193\" src=\"https:\/\/nuevo-renacer.com\/wp-content\/uploads\/2024\/10\/antonio_ugarte.jpg\" alt=\"\" class=\"wp-image-5588\" style=\"width:196px;height:auto\" srcset=\"https:\/\/nuevo-renacer.com\/wp-content\/uploads\/2024\/10\/antonio_ugarte.jpg 130w, https:\/\/nuevo-renacer.com\/wp-content\/uploads\/2024\/10\/antonio_ugarte-8x12.jpg 8w\" sizes=\"(max-width: 130px) 100vw, 130px\" \/><figcaption class=\"wp-element-caption\">Antonio Ugarte<\/figcaption><\/figure>\n<\/div>\n\n\n\n<p class=\"has-black-color has-text-color has-link-color has-small-font-size wp-elements-f4b43798f2dfdecbf3c633a829b1438d\">Ese mismo a\u00f1o se inicia el di\u00e1logo con el Presidente de la Sociedad \u201cConstancia\u201d, Cosme Mari\u00f1o, aunque reci\u00e9n en noviembre de 1899 se produce la primera reuni\u00f3n preparatoria en el local de \u201cLa Fraternidad\u201d. Las palabras de Ugarte en ese momento trasmitieron claramente su maduro pensamiento:<\/p>\n\n\n\n<p class=\"has-black-color has-text-color has-link-color has-small-font-size wp-elements-75c3531bf1960b753a258d79305b1ce5\">\u201cUno de los m\u00e1s grandes males que tiene el espiritismo por dentro, consiste en la existencia de agrupaciones que se llaman espiritistas y que lo \u00fanico que consiguen es desprestigiar la idea, por las mistificaciones y obsesiones de que son objeto: sea porque se introducen en esos Centros individuos guiados por intereses personales y ego\u00edstas, sea porque quienes los han fundado carecen de las experiencias y conocimientos necesarios para llevar a buen puerto una empresa de tal magnitud, erizada de dificultades; estas agrupaciones hacen un mal grave a la causa, que es indudable, porque con los esc\u00e1ndalos que provocan y con las pr\u00e1cticas rid\u00edculas a que se entregan, hacen creer a los profanos que el espiritismo se reduce a un enga\u00f1o manifiesto, y a una mistificaci\u00f3n que concluye en la locura o la alucinaci\u00f3n.\u201d<\/p>\n\n\n\n<div class=\"wp-block-uagb-container uagb-block-fec3dc26\">\n<figure class=\"wp-block-image size-full is-resized\"><img loading=\"lazy\" decoding=\"async\" width=\"170\" height=\"199\" src=\"https:\/\/nuevo-renacer.com\/wp-content\/uploads\/2024\/10\/cosme_marino-1.jpg\" alt=\"\" class=\"wp-image-5590\" style=\"width:247px;height:auto\" srcset=\"https:\/\/nuevo-renacer.com\/wp-content\/uploads\/2024\/10\/cosme_marino-1.jpg 170w, https:\/\/nuevo-renacer.com\/wp-content\/uploads\/2024\/10\/cosme_marino-1-10x12.jpg 10w\" sizes=\"(max-width: 170px) 100vw, 170px\" \/><figcaption class=\"wp-element-caption\">Cosme Mari\u00f1o<\/figcaption><\/figure>\n<\/div>\n\n\n\n<p class=\"has-black-color has-text-color has-link-color has-small-font-size wp-elements-7bdda3b03dae13f9a8d60b02e7fa7856\">En marzo de 1900 se discutieron las Bases del proyecto de la Confederaci\u00f3n, y finalmente se llega a la reuni\u00f3n definitiva, el 14 de junio de 1900, en la cual estuvieron representadas 15 instituciones.<\/p>\n\n\n\n<p class=\"has-black-color has-text-color has-link-color has-small-font-size wp-elements-23b17ee429d2db9ae3eee5d40feb3cf0\">Por unanimidad fue aceptada la proposici\u00f3n del Presidente en cuanto a que quedara constituida la Confederaci\u00f3n Espiritista Argentina.<\/p>\n\n\n\n<p class=\"has-black-color has-text-color has-link-color has-small-font-size wp-elements-bdeb1d587b6ea9675967b841495419dc\">De todas ellas han perdurado 3 en la Capital: \u201cConstancia\u201d, \u201cLa Fraternidad\u201d y \u201cProvidencia\u201d; y 1 en Pehuaj\u00f3: \u201cS\u00e1enz Cort\u00e9s\u201d.<\/p>\n<\/div><\/div>\n\n\n\n<div class=\"wp-block-uagb-container uagb-block-5ed1a22b alignfull uagb-is-root-container\"><div class=\"uagb-container-inner-blocks-wrap\"><\/div><\/div>\n\n\n\n<div class=\"wp-block-uagb-container uagb-block-c8bc038c alignfull uagb-is-root-container\"><div class=\"uagb-container-inner-blocks-wrap\"><\/div><\/div>","protected":false},"excerpt":{"rendered":"<p>Historia del espiritismo en Argentina A ra\u00edz de la venida de Don Justo de Espada -producida aproximadamente entre 1869 y 1870-, caballero \u00e9ste oriundo de M\u00e1laga, Espa\u00f1a, se tuvo noticias de la aparici\u00f3n del espiritismo y su difusi\u00f3n en Europa. Vinculado de inmediato con importantes comerciantes y profesionales de la ciudad, Justo de Espada organiza [&hellip;]<\/p>","protected":false},"author":1,"featured_media":0,"parent":0,"menu_order":0,"comment_status":"closed","ping_status":"closed","template":"","meta":{"_uag_custom_page_level_css":"","site-sidebar-layout":"default","site-content-layout":"","ast-site-content-layout":"default","site-content-style":"default","site-sidebar-style":"default","ast-global-header-display":"","ast-banner-title-visibility":"","ast-main-header-display":"","ast-hfb-above-header-display":"","ast-hfb-below-header-display":"","ast-hfb-mobile-header-display":"","site-post-title":"disabled","ast-breadcrumbs-content":"","ast-featured-img":"","footer-sml-layout":"","theme-transparent-header-meta":"","adv-header-id-meta":"","stick-header-meta":"","header-above-stick-meta":"","header-main-stick-meta":"","header-below-stick-meta":"","astra-migrate-meta-layouts":"set","ast-page-background-enabled":"default","ast-page-background-meta":{"desktop":{"background-color":"var(--ast-global-color-4)","background-image":"","background-repeat":"repeat","background-position":"center center","background-size":"auto","background-attachment":"scroll","background-type":"","background-media":"","overlay-type":"","overlay-color":"","overlay-opacity":"","overlay-gradient":""},"tablet":{"background-color":"","background-image":"","background-repeat":"repeat","background-position":"center center","background-size":"auto","background-attachment":"scroll","background-type":"","background-media":"","overlay-type":"","overlay-color":"","overlay-opacity":"","overlay-gradient":""},"mobile":{"background-color":"","background-image":"","background-repeat":"repeat","background-position":"center center","background-size":"auto","background-attachment":"scroll","background-type":"","background-media":"","overlay-type":"","overlay-color":"","overlay-opacity":"","overlay-gradient":""}},"ast-content-background-meta":{"desktop":{"background-color":"var(--ast-global-color-5)","background-image":"","background-repeat":"repeat","background-position":"center center","background-size":"auto","background-attachment":"scroll","background-type":"","background-media":"","overlay-type":"","overlay-color":"","overlay-opacity":"","overlay-gradient":""},"tablet":{"background-color":"var(--ast-global-color-5)","background-image":"","background-repeat":"repeat","background-position":"center center","background-size":"auto","background-attachment":"scroll","background-type":"","background-media":"","overlay-type":"","overlay-color":"","overlay-opacity":"","overlay-gradient":""},"mobile":{"background-color":"var(--ast-global-color-5)","background-image":"","background-repeat":"repeat","background-position":"center center","background-size":"auto","background-attachment":"scroll","background-type":"","background-media":"","overlay-type":"","overlay-color":"","overlay-opacity":"","overlay-gradient":""}},"footnotes":""},"class_list":["post-5584","page","type-page","status-publish","hentry"],"yoast_head":"<!-- This site is optimized with the Yoast SEO Premium plugin v24.2 (Yoast SEO v24.6) - https:\/\/yoast.com\/wordpress\/plugins\/seo\/ -->\n<title>Historia del espiritismo en Argentina - Uni\u00f3n Esp\u00edrita<\/title>\n<meta name=\"robots\" content=\"index, follow, max-snippet:-1, max-image-preview:large, max-video-preview:-1\" \/>\n<link rel=\"canonical\" href=\"https:\/\/nuevo-renacer.com\/it\/historia-del-espiritismo-en-argentina\/\" \/>\n<meta property=\"og:locale\" content=\"it_IT\" \/>\n<meta property=\"og:type\" content=\"article\" \/>\n<meta property=\"og:title\" content=\"Historia del espiritismo en Argentina\" \/>\n<meta property=\"og:description\" content=\"Historia del espiritismo en Argentina A ra\u00edz de la venida de Don Justo de Espada -producida aproximadamente entre 1869 y 1870-, caballero \u00e9ste oriundo de M\u00e1laga, Espa\u00f1a, se tuvo noticias de la aparici\u00f3n del espiritismo y su difusi\u00f3n en Europa. Vinculado de inmediato con importantes comerciantes y profesionales de la ciudad, Justo de Espada organiza [&hellip;]\" \/>\n<meta property=\"og:url\" content=\"https:\/\/nuevo-renacer.com\/it\/historia-del-espiritismo-en-argentina\/\" \/>\n<meta property=\"og:site_name\" content=\"Uni\u00f3n Esp\u00edrita\" \/>\n<meta property=\"article:publisher\" content=\"https:\/\/www.facebook.com\/groups\/3431398063740829\" \/>\n<meta property=\"article:modified_time\" content=\"2024-10-17T08:34:09+00:00\" \/>\n<meta property=\"og:image\" content=\"https:\/\/nuevo-renacer.com\/wp-content\/uploads\/2024\/10\/argentinien-flagge.jpg\" \/>\n<meta name=\"twitter:card\" content=\"summary_large_image\" \/>\n<meta name=\"twitter:label1\" content=\"Tempo di lettura stimato\" \/>\n\t<meta name=\"twitter:data1\" content=\"6 minuti\" \/>\n<script type=\"application\/ld+json\" class=\"yoast-schema-graph\">{\"@context\":\"https:\/\/schema.org\",\"@graph\":[{\"@type\":\"WebPage\",\"@id\":\"https:\/\/nuevo-renacer.com\/historia-del-espiritismo-en-argentina\/\",\"url\":\"https:\/\/nuevo-renacer.com\/historia-del-espiritismo-en-argentina\/\",\"name\":\"Historia del espiritismo en Argentina - Uni\u00f3n Esp\u00edrita\",\"isPartOf\":{\"@id\":\"https:\/\/nuevo-renacer.com\/#website\"},\"primaryImageOfPage\":{\"@id\":\"https:\/\/nuevo-renacer.com\/historia-del-espiritismo-en-argentina\/#primaryimage\"},\"image\":{\"@id\":\"https:\/\/nuevo-renacer.com\/historia-del-espiritismo-en-argentina\/#primaryimage\"},\"thumbnailUrl\":\"https:\/\/nuevo-renacer.com\/wp-content\/uploads\/2024\/10\/argentinien-flagge.jpg\",\"datePublished\":\"2024-10-17T08:26:16+00:00\",\"dateModified\":\"2024-10-17T08:34:09+00:00\",\"breadcrumb\":{\"@id\":\"https:\/\/nuevo-renacer.com\/historia-del-espiritismo-en-argentina\/#breadcrumb\"},\"inLanguage\":\"it-IT\",\"potentialAction\":[{\"@type\":\"ReadAction\",\"target\":[\"https:\/\/nuevo-renacer.com\/historia-del-espiritismo-en-argentina\/\"]}]},{\"@type\":\"ImageObject\",\"inLanguage\":\"it-IT\",\"@id\":\"https:\/\/nuevo-renacer.com\/historia-del-espiritismo-en-argentina\/#primaryimage\",\"url\":\"https:\/\/nuevo-renacer.com\/wp-content\/uploads\/2024\/10\/argentinien-flagge.jpg\",\"contentUrl\":\"https:\/\/nuevo-renacer.com\/wp-content\/uploads\/2024\/10\/argentinien-flagge.jpg\"},{\"@type\":\"BreadcrumbList\",\"@id\":\"https:\/\/nuevo-renacer.com\/historia-del-espiritismo-en-argentina\/#breadcrumb\",\"itemListElement\":[{\"@type\":\"ListItem\",\"position\":1,\"name\":\"Startseite\",\"item\":\"https:\/\/nuevo-renacer.com\/\"},{\"@type\":\"ListItem\",\"position\":2,\"name\":\"Historia del espiritismo en Argentina\"}]},{\"@type\":\"WebSite\",\"@id\":\"https:\/\/nuevo-renacer.com\/#website\",\"url\":\"https:\/\/nuevo-renacer.com\/\",\"name\":\"Uni\u00f3n Esp\u00edrita\",\"description\":\"Nuevo Renacer\",\"publisher\":{\"@id\":\"https:\/\/nuevo-renacer.com\/#organization\"},\"potentialAction\":[{\"@type\":\"SearchAction\",\"target\":{\"@type\":\"EntryPoint\",\"urlTemplate\":\"https:\/\/nuevo-renacer.com\/?s={search_term_string}\"},\"query-input\":{\"@type\":\"PropertyValueSpecification\",\"valueRequired\":true,\"valueName\":\"search_term_string\"}}],\"inLanguage\":\"it-IT\"},{\"@type\":\"Organization\",\"@id\":\"https:\/\/nuevo-renacer.com\/#organization\",\"name\":\"UFEC\",\"url\":\"https:\/\/nuevo-renacer.com\/\",\"logo\":{\"@type\":\"ImageObject\",\"inLanguage\":\"it-IT\",\"@id\":\"https:\/\/nuevo-renacer.com\/#\/schema\/logo\/image\/\",\"url\":\"https:\/\/nuevo-renacer.com\/wp-content\/uploads\/2024\/05\/cropped-LOGO-TERMINADO1-3-3.png\",\"contentUrl\":\"https:\/\/nuevo-renacer.com\/wp-content\/uploads\/2024\/05\/cropped-LOGO-TERMINADO1-3-3.png\",\"width\":512,\"height\":512,\"caption\":\"UFEC\"},\"image\":{\"@id\":\"https:\/\/nuevo-renacer.com\/#\/schema\/logo\/image\/\"},\"sameAs\":[\"https:\/\/www.facebook.com\/groups\/3431398063740829\"]}]}<\/script>\n<!-- \/ Yoast SEO Premium plugin. -->","yoast_head_json":{"title":"Historia del espiritismo en Argentina - Uni\u00f3n Esp\u00edrita","robots":{"index":"index","follow":"follow","max-snippet":"max-snippet:-1","max-image-preview":"max-image-preview:large","max-video-preview":"max-video-preview:-1"},"canonical":"https:\/\/nuevo-renacer.com\/it\/historia-del-espiritismo-en-argentina\/","og_locale":"it_IT","og_type":"article","og_title":"Historia del espiritismo en Argentina","og_description":"Historia del espiritismo en Argentina A ra\u00edz de la venida de Don Justo de Espada -producida aproximadamente entre 1869 y 1870-, caballero \u00e9ste oriundo de M\u00e1laga, Espa\u00f1a, se tuvo noticias de la aparici\u00f3n del espiritismo y su difusi\u00f3n en Europa. Vinculado de inmediato con importantes comerciantes y profesionales de la ciudad, Justo de Espada organiza [&hellip;]","og_url":"https:\/\/nuevo-renacer.com\/it\/historia-del-espiritismo-en-argentina\/","og_site_name":"Uni\u00f3n Esp\u00edrita","article_publisher":"https:\/\/www.facebook.com\/groups\/3431398063740829","article_modified_time":"2024-10-17T08:34:09+00:00","og_image":[{"url":"https:\/\/nuevo-renacer.com\/wp-content\/uploads\/2024\/10\/argentinien-flagge.jpg","type":"","width":"","height":""}],"twitter_card":"summary_large_image","twitter_misc":{"Tempo di lettura stimato":"6 minuti"},"schema":{"@context":"https:\/\/schema.org","@graph":[{"@type":"WebPage","@id":"https:\/\/nuevo-renacer.com\/historia-del-espiritismo-en-argentina\/","url":"https:\/\/nuevo-renacer.com\/historia-del-espiritismo-en-argentina\/","name":"Historia del espiritismo en Argentina - Uni\u00f3n Esp\u00edrita","isPartOf":{"@id":"https:\/\/nuevo-renacer.com\/#website"},"primaryImageOfPage":{"@id":"https:\/\/nuevo-renacer.com\/historia-del-espiritismo-en-argentina\/#primaryimage"},"image":{"@id":"https:\/\/nuevo-renacer.com\/historia-del-espiritismo-en-argentina\/#primaryimage"},"thumbnailUrl":"https:\/\/nuevo-renacer.com\/wp-content\/uploads\/2024\/10\/argentinien-flagge.jpg","datePublished":"2024-10-17T08:26:16+00:00","dateModified":"2024-10-17T08:34:09+00:00","breadcrumb":{"@id":"https:\/\/nuevo-renacer.com\/historia-del-espiritismo-en-argentina\/#breadcrumb"},"inLanguage":"it-IT","potentialAction":[{"@type":"ReadAction","target":["https:\/\/nuevo-renacer.com\/historia-del-espiritismo-en-argentina\/"]}]},{"@type":"ImageObject","inLanguage":"it-IT","@id":"https:\/\/nuevo-renacer.com\/historia-del-espiritismo-en-argentina\/#primaryimage","url":"https:\/\/nuevo-renacer.com\/wp-content\/uploads\/2024\/10\/argentinien-flagge.jpg","contentUrl":"https:\/\/nuevo-renacer.com\/wp-content\/uploads\/2024\/10\/argentinien-flagge.jpg"},{"@type":"BreadcrumbList","@id":"https:\/\/nuevo-renacer.com\/historia-del-espiritismo-en-argentina\/#breadcrumb","itemListElement":[{"@type":"ListItem","position":1,"name":"Startseite","item":"https:\/\/nuevo-renacer.com\/"},{"@type":"ListItem","position":2,"name":"Historia del espiritismo en Argentina"}]},{"@type":"WebSite","@id":"https:\/\/nuevo-renacer.com\/#website","url":"https:\/\/nuevo-renacer.com\/","name":"Uni\u00f3n Esp\u00edrita","description":"Nuevo Renacer","publisher":{"@id":"https:\/\/nuevo-renacer.com\/#organization"},"potentialAction":[{"@type":"SearchAction","target":{"@type":"EntryPoint","urlTemplate":"https:\/\/nuevo-renacer.com\/?s={search_term_string}"},"query-input":{"@type":"PropertyValueSpecification","valueRequired":true,"valueName":"search_term_string"}}],"inLanguage":"it-IT"},{"@type":"Organization","@id":"https:\/\/nuevo-renacer.com\/#organization","name":"UFEC","url":"https:\/\/nuevo-renacer.com\/","logo":{"@type":"ImageObject","inLanguage":"it-IT","@id":"https:\/\/nuevo-renacer.com\/#\/schema\/logo\/image\/","url":"https:\/\/nuevo-renacer.com\/wp-content\/uploads\/2024\/05\/cropped-LOGO-TERMINADO1-3-3.png","contentUrl":"https:\/\/nuevo-renacer.com\/wp-content\/uploads\/2024\/05\/cropped-LOGO-TERMINADO1-3-3.png","width":512,"height":512,"caption":"UFEC"},"image":{"@id":"https:\/\/nuevo-renacer.com\/#\/schema\/logo\/image\/"},"sameAs":["https:\/\/www.facebook.com\/groups\/3431398063740829"]}]}},"uagb_featured_image_src":{"full":false,"thumbnail":false,"medium":false,"medium_large":false,"large":false,"1536x1536":false,"2048x2048":false,"trp-custom-language-flag":false},"uagb_author_info":{"display_name":"adbv0","author_link":"https:\/\/nuevo-renacer.com\/it\/author\/adbv0\/"},"uagb_comment_info":0,"uagb_excerpt":"Historia del espiritismo en Argentina A ra\u00edz de la venida de Don Justo de Espada -producida aproximadamente entre 1869 y 1870-, caballero \u00e9ste oriundo de M\u00e1laga, Espa\u00f1a, se tuvo noticias de la aparici\u00f3n del espiritismo y su difusi\u00f3n en Europa. Vinculado de inmediato con importantes comerciantes y profesionales de la ciudad, Justo de Espada organiza&hellip;","jetpack_sharing_enabled":true,"_links":{"self":[{"href":"https:\/\/nuevo-renacer.com\/it\/wp-json\/wp\/v2\/pages\/5584","targetHints":{"allow":["GET"]}}],"collection":[{"href":"https:\/\/nuevo-renacer.com\/it\/wp-json\/wp\/v2\/pages"}],"about":[{"href":"https:\/\/nuevo-renacer.com\/it\/wp-json\/wp\/v2\/types\/page"}],"author":[{"embeddable":true,"href":"https:\/\/nuevo-renacer.com\/it\/wp-json\/wp\/v2\/users\/1"}],"replies":[{"embeddable":true,"href":"https:\/\/nuevo-renacer.com\/it\/wp-json\/wp\/v2\/comments?post=5584"}],"version-history":[{"count":3,"href":"https:\/\/nuevo-renacer.com\/it\/wp-json\/wp\/v2\/pages\/5584\/revisions"}],"predecessor-version":[{"id":5593,"href":"https:\/\/nuevo-renacer.com\/it\/wp-json\/wp\/v2\/pages\/5584\/revisions\/5593"}],"wp:attachment":[{"href":"https:\/\/nuevo-renacer.com\/it\/wp-json\/wp\/v2\/media?parent=5584"}],"curies":[{"name":"wp","href":"https:\/\/api.w.org\/{rel}","templated":true}]}}