{"id":5551,"date":"2024-10-16T08:39:51","date_gmt":"2024-10-16T08:39:51","guid":{"rendered":"https:\/\/nuevo-renacer.com\/?page_id=5551"},"modified":"2024-10-16T08:40:18","modified_gmt":"2024-10-16T08:40:18","slug":"persona-en-la-vision-espirita","status":"publish","type":"page","link":"https:\/\/nuevo-renacer.com\/it\/persona-en-la-vision-espirita\/","title":{"rendered":"Persona, nella visione spiritista"},"content":{"rendered":"<div class=\"wp-block-uagb-container uagb-block-6e2ebd6b alignfull uagb-is-root-container\"><div class=\"uagb-container-inner-blocks-wrap\">\n<p class=\"has-black-color has-text-color has-link-color has-medium-font-size wp-elements-467495193464e5000764280b0a9f67df\"><strong>Persona, nella visione spiritista<\/strong><\/p>\n<\/div><\/div>\n\n\n\n<div class=\"wp-block-uagb-container uagb-block-5f69a20b alignfull uagb-is-root-container\"><div class=\"uagb-container-inner-blocks-wrap\">\n<figure class=\"wp-block-image size-full is-resized\"><img fetchpriority=\"high\" decoding=\"async\" width=\"600\" height=\"381\" src=\"https:\/\/nuevo-renacer.com\/wp-content\/uploads\/2024\/10\/o-corpo-humano-formado-por-uma-grande-quantidade-celulas-5c10f318927de.webp\" alt=\"\" class=\"wp-image-5552\" style=\"width:406px;height:auto\" srcset=\"https:\/\/nuevo-renacer.com\/wp-content\/uploads\/2024\/10\/o-corpo-humano-formado-por-uma-grande-quantidade-celulas-5c10f318927de.webp 600w, https:\/\/nuevo-renacer.com\/wp-content\/uploads\/2024\/10\/o-corpo-humano-formado-por-uma-grande-quantidade-celulas-5c10f318927de-300x191.webp 300w, https:\/\/nuevo-renacer.com\/wp-content\/uploads\/2024\/10\/o-corpo-humano-formado-por-uma-grande-quantidade-celulas-5c10f318927de-18x12.webp 18w\" sizes=\"(max-width: 600px) 100vw, 600px\" \/><\/figure>\n<\/div><\/div>\n\n\n\n<div class=\"wp-block-uagb-container uagb-block-71c82204 alignfull uagb-is-root-container\"><div class=\"uagb-container-inner-blocks-wrap\">\n<p class=\"has-black-color has-text-color has-link-color has-small-font-size wp-elements-8845a4ab5f40ccd96e808146abc6e31b\">Per la Dottrina Spiritista, il valore della persona umana \u00e8 radicato nell'origine stessa della vita, perch\u00e9 questa pu\u00f2 essere spiegata solo attraverso il Progetto Intelligente, che ci porta al Grande Progettista e a considerarla come un bene concesso e indisponibile.<\/p>\n\n\n\n<p class=\"has-black-color has-text-color has-link-color has-small-font-size wp-elements-4a71be0b845b3d06abf97ba05a9fde0b\">Oggi, come per tutti i progressi delle scienze della vita, i ricercatori non hanno mai creato la vita in laboratorio e non riescono a spiegare, per semplice casualit\u00e0, come gli atomi si trasformino in esseri umani, seguendo percorsi cos\u00ec ingegnosi che lo stesso scienziato ha tanta difficolt\u00e0 a scoprire.<\/p>\n\n\n\n<p class=\"has-black-color has-text-color has-link-color has-small-font-size wp-elements-dd3c3af9fda90eba3a52067f27aefbf6\">\u00c8 molto difficile spiegare il funzionamento di strutture sofisticate, come ad esempio l'occhio umano e la coagulazione del sangue, mostrando, passo dopo passo, come sostanze chimiche cos\u00ec specializzate si siano unite, per caso, in perfetta armonia, nelle reazioni biochimiche pi\u00f9 complesse in cui sono coinvolte. Allo stesso modo, \u00e8 necessario ricordare tutte le altre risposte che la scienza non ha ancora dato, compresa quella sull'origine dello straordinario meccanismo cellulare.<\/p>\n\n\n\n<p class=\"has-black-color has-text-color has-link-color has-small-font-size wp-elements-4f794e7d0bdbc2c1350650ccc1647e5a\">Oggi, gli argomenti a favore della vita concessa e indispensabile provengono dalla scienza stessa. Il carattere sacro della Vita, quindi, ha origine dal principio spirituale. Creazione divina e immortale, essa d\u00e0 inizio alla biogenesi nei cristalli, individualizzandosi in ogni nuova esistenza lungo la scala filogenetica, fino a plasmare, infine, il corpo umano, macchina fantastica costruita da essa stessa con l'aiuto dei Geni Costruttori.<\/p>\n\n\n\n<p class=\"has-black-color has-text-color has-link-color has-small-font-size wp-elements-1edf8bd5d763556bec41a7a5a5cb83f2\">Con questa visione molto pi\u00f9 ampia e globale dell'essere umano, si comprende che lo Spirito che lo anima \u00e8 gi\u00e0 stato lapidato dal tempo, non \u00e8 stato creato, quindi, al momento del concepimento, lo Spirito si lega al nuovo corpo, con lo scopo di iniziare un nuovo progetto esistenziale.<\/p>\n\n\n\n<p class=\"has-black-color has-text-color has-link-color has-small-font-size wp-elements-1213b1896bbea4356eaf44d281a757d5\">Secondo le informazioni spirituali, non sempre lo zigote o l'embrione iniziale ha uno Spirito che presiede alla sua formazione, perch\u00e9 l'ovulo e lo spermatozoo possono unirsi, senza la presenza dell'anima, solo per impulsi magnetici biologici. In tal caso, la natura stessa si occupa di scartare l'embrione malformato, senza bisogno di indebite interferenze da parte dell'uomo.<\/p>\n\n\n\n<p class=\"has-black-color has-text-color has-link-color has-small-font-size wp-elements-9d9adf1fb5e66e7748257fdf7e0a7190\">Quando si tratta di un embrione creato in laboratorio, \u00e8 necessario prestare attenzione, perch\u00e9 esiste la possibilit\u00e0 che qualche filamento perispirituale possa legarsi ad esso. In tal caso, i ricercatori spiritisti devono sviluppare tecnologie pi\u00f9 sofisticate, ancora inesistenti, per sapere se ci\u00f2 accade e poter cos\u00ec lavorare su embrioni non compromessi. Senza di esse, qualsiasi interferenza \u00e8 difficile.<\/p>\n\n\n\n<p class=\"has-black-color has-text-color has-link-color has-small-font-size wp-elements-29fe312674ecefc8e51e7f8fd692702f\">Se invece ci fosse un feto o un corpo umano in gestazione, esisterebbe uno Spirito responsabile della sua formazione e tutti i suoi diritti dovrebbero essere preservati. La regola, quindi, \u00e8 quella di non interferire.<\/p>\n\n\n\n<p class=\"has-black-color has-text-color has-link-color has-small-font-size wp-elements-31436db539a283e3a928e0e5a898ba7f\">Il corpo fisico, gli involucri sottili e lo spirito hanno funzioni ben definite, e spetta all'essere immortale prendersi cura di tutti i suoi elementi costitutivi. Ogni spirito \u00e8 responsabile della propria evoluzione. Il Maestro Ges\u00f9 ha mostrato la via a tutta l'umanit\u00e0, spetta a ogni individuo vivere ed esemplificare le lezioni dell'amore universale, vivendo i principi della carit\u00e0 e della solidariet\u00e0 nella propria vita quotidiana.<\/p>\n\n\n\n<p class=\"has-black-color has-text-color has-link-color has-small-font-size wp-elements-69a566391dad5bc9522231c028aa33af\">Da quanto abbiamo visto, secondo la Dottrina Spiritista, la persona possiede una dignit\u00e0 intrinseca, ontologica, conferita dalla presenza dell'anima, elemento immortale, di origine divina, che ha bisogno del corpo fisico per imparare ed evolversi, in continuo progresso.<\/p>\n\n\n\n<p class=\"has-black-color has-text-color has-link-color has-small-font-size wp-elements-9e62b9fd6d2db5fa88a216f24801c5b0\">Non importa se l'essere \u00e8 cosciente o meno; se \u00e8 un feto o un malato in coma, \u00e8 una persona e come tale deve essere rispettato, per quello che \u00e8 intrinsecamente. Sono quindi inaccettabili l'aborto, l'infanticidio, la manipolazione degli embrioni a fini eugenetici, l'eutanasia, ecc.<\/p>\n\n\n\n<p class=\"has-black-color has-text-color has-link-color has-small-font-size wp-elements-39d803aac6bef7ad9e4113b154076148\">In ultima analisi, la vita \u00e8 un bene concesso, indisponibile. E questa verit\u00e0 trova il suo fondamento nella scienza stessa e, come tale, deve essere riconosciuta e orientare il comportamento etico dell'uomo.<\/p>\n<\/div><\/div>\n\n\n\n<div class=\"wp-block-uagb-container uagb-block-925ef7bb alignfull uagb-is-root-container\"><div class=\"uagb-container-inner-blocks-wrap\"><\/div><\/div>\n\n\n\n<div class=\"wp-block-uagb-container uagb-block-812b4f54 alignfull uagb-is-root-container\"><div class=\"uagb-container-inner-blocks-wrap\"><\/div><\/div>","protected":false},"excerpt":{"rendered":"<p>Persona, en la visi\u00f3n esp\u00edrita Para la Doctrina Esp\u00edrita, el valor de la persona humana est\u00e1 enclavado en el propio origen de la vida, porque \u00e9sta s\u00f3lo puede ser explicada a trav\u00e9s de la Planificaci\u00f3n Inteligente, que nos lleva al Gran Planificador y a considerarla como un bien otorgado e indisponible. Hoy, como todos los [&hellip;]<\/p>","protected":false},"author":1,"featured_media":0,"parent":0,"menu_order":0,"comment_status":"closed","ping_status":"closed","template":"","meta":{"_uag_custom_page_level_css":"","site-sidebar-layout":"default","site-content-layout":"","ast-site-content-layout":"default","site-content-style":"default","site-sidebar-style":"default","ast-global-header-display":"","ast-banner-title-visibility":"","ast-main-header-display":"","ast-hfb-above-header-display":"","ast-hfb-below-header-display":"","ast-hfb-mobile-header-display":"","site-post-title":"disabled","ast-breadcrumbs-content":"","ast-featured-img":"","footer-sml-layout":"","theme-transparent-header-meta":"","adv-header-id-meta":"","stick-header-meta":"","header-above-stick-meta":"","header-main-stick-meta":"","header-below-stick-meta":"","astra-migrate-meta-layouts":"set","ast-page-background-enabled":"default","ast-page-background-meta":{"desktop":{"background-color":"var(--ast-global-color-4)","background-image":"","background-repeat":"repeat","background-position":"center center","background-size":"auto","background-attachment":"scroll","background-type":"","background-media":"","overlay-type":"","overlay-color":"","overlay-opacity":"","overlay-gradient":""},"tablet":{"background-color":"","background-image":"","background-repeat":"repeat","background-position":"center center","background-size":"auto","background-attachment":"scroll","background-type":"","background-media":"","overlay-type":"","overlay-color":"","overlay-opacity":"","overlay-gradient":""},"mobile":{"background-color":"","background-image":"","background-repeat":"repeat","background-position":"center center","background-size":"auto","background-attachment":"scroll","background-type":"","background-media":"","overlay-type":"","overlay-color":"","overlay-opacity":"","overlay-gradient":""}},"ast-content-background-meta":{"desktop":{"background-color":"var(--ast-global-color-5)","background-image":"","background-repeat":"repeat","background-position":"center center","background-size":"auto","background-attachment":"scroll","background-type":"","background-media":"","overlay-type":"","overlay-color":"","overlay-opacity":"","overlay-gradient":""},"tablet":{"background-color":"var(--ast-global-color-5)","background-image":"","background-repeat":"repeat","background-position":"center center","background-size":"auto","background-attachment":"scroll","background-type":"","background-media":"","overlay-type":"","overlay-color":"","overlay-opacity":"","overlay-gradient":""},"mobile":{"background-color":"var(--ast-global-color-5)","background-image":"","background-repeat":"repeat","background-position":"center center","background-size":"auto","background-attachment":"scroll","background-type":"","background-media":"","overlay-type":"","overlay-color":"","overlay-opacity":"","overlay-gradient":""}},"footnotes":""},"class_list":["post-5551","page","type-page","status-publish","hentry"],"yoast_head":"<!-- This site is optimized with the Yoast SEO Premium plugin v24.2 (Yoast SEO v24.6) - https:\/\/yoast.com\/wordpress\/plugins\/seo\/ -->\n<title>Persona, en la visi\u00f3n esp\u00edrita - Uni\u00f3n Esp\u00edrita<\/title>\n<meta name=\"robots\" content=\"index, follow, max-snippet:-1, max-image-preview:large, max-video-preview:-1\" \/>\n<link rel=\"canonical\" href=\"https:\/\/nuevo-renacer.com\/it\/persona-en-la-vision-espirita\/\" \/>\n<meta property=\"og:locale\" content=\"it_IT\" \/>\n<meta property=\"og:type\" content=\"article\" \/>\n<meta property=\"og:title\" content=\"Persona, en la visi\u00f3n esp\u00edrita\" \/>\n<meta property=\"og:description\" content=\"Persona, en la visi\u00f3n esp\u00edrita Para la Doctrina Esp\u00edrita, el valor de la persona humana est\u00e1 enclavado en el propio origen de la vida, porque \u00e9sta s\u00f3lo puede ser explicada a trav\u00e9s de la Planificaci\u00f3n Inteligente, que nos lleva al Gran Planificador y a considerarla como un bien otorgado e indisponible. Hoy, como todos los [&hellip;]\" \/>\n<meta property=\"og:url\" content=\"https:\/\/nuevo-renacer.com\/it\/persona-en-la-vision-espirita\/\" \/>\n<meta property=\"og:site_name\" content=\"Uni\u00f3n Esp\u00edrita\" \/>\n<meta property=\"article:publisher\" content=\"https:\/\/www.facebook.com\/groups\/3431398063740829\" \/>\n<meta property=\"article:modified_time\" content=\"2024-10-16T08:40:18+00:00\" \/>\n<meta property=\"og:image\" content=\"https:\/\/nuevo-renacer.com\/wp-content\/uploads\/2024\/10\/o-corpo-humano-formado-por-uma-grande-quantidade-celulas-5c10f318927de.webp\" \/>\n<meta name=\"twitter:card\" content=\"summary_large_image\" \/>\n<meta name=\"twitter:label1\" content=\"Tempo di lettura stimato\" \/>\n\t<meta name=\"twitter:data1\" content=\"4 minuti\" \/>\n<script type=\"application\/ld+json\" class=\"yoast-schema-graph\">{\"@context\":\"https:\/\/schema.org\",\"@graph\":[{\"@type\":\"WebPage\",\"@id\":\"https:\/\/nuevo-renacer.com\/persona-en-la-vision-espirita\/\",\"url\":\"https:\/\/nuevo-renacer.com\/persona-en-la-vision-espirita\/\",\"name\":\"Persona, en la visi\u00f3n esp\u00edrita - Uni\u00f3n Esp\u00edrita\",\"isPartOf\":{\"@id\":\"https:\/\/nuevo-renacer.com\/#website\"},\"primaryImageOfPage\":{\"@id\":\"https:\/\/nuevo-renacer.com\/persona-en-la-vision-espirita\/#primaryimage\"},\"image\":{\"@id\":\"https:\/\/nuevo-renacer.com\/persona-en-la-vision-espirita\/#primaryimage\"},\"thumbnailUrl\":\"https:\/\/nuevo-renacer.com\/wp-content\/uploads\/2024\/10\/o-corpo-humano-formado-por-uma-grande-quantidade-celulas-5c10f318927de.webp\",\"datePublished\":\"2024-10-16T08:39:51+00:00\",\"dateModified\":\"2024-10-16T08:40:18+00:00\",\"breadcrumb\":{\"@id\":\"https:\/\/nuevo-renacer.com\/persona-en-la-vision-espirita\/#breadcrumb\"},\"inLanguage\":\"it-IT\",\"potentialAction\":[{\"@type\":\"ReadAction\",\"target\":[\"https:\/\/nuevo-renacer.com\/persona-en-la-vision-espirita\/\"]}]},{\"@type\":\"ImageObject\",\"inLanguage\":\"it-IT\",\"@id\":\"https:\/\/nuevo-renacer.com\/persona-en-la-vision-espirita\/#primaryimage\",\"url\":\"https:\/\/nuevo-renacer.com\/wp-content\/uploads\/2024\/10\/o-corpo-humano-formado-por-uma-grande-quantidade-celulas-5c10f318927de.webp\",\"contentUrl\":\"https:\/\/nuevo-renacer.com\/wp-content\/uploads\/2024\/10\/o-corpo-humano-formado-por-uma-grande-quantidade-celulas-5c10f318927de.webp\"},{\"@type\":\"BreadcrumbList\",\"@id\":\"https:\/\/nuevo-renacer.com\/persona-en-la-vision-espirita\/#breadcrumb\",\"itemListElement\":[{\"@type\":\"ListItem\",\"position\":1,\"name\":\"Startseite\",\"item\":\"https:\/\/nuevo-renacer.com\/\"},{\"@type\":\"ListItem\",\"position\":2,\"name\":\"Persona, en la visi\u00f3n esp\u00edrita\"}]},{\"@type\":\"WebSite\",\"@id\":\"https:\/\/nuevo-renacer.com\/#website\",\"url\":\"https:\/\/nuevo-renacer.com\/\",\"name\":\"Uni\u00f3n Esp\u00edrita\",\"description\":\"Nuevo Renacer\",\"publisher\":{\"@id\":\"https:\/\/nuevo-renacer.com\/#organization\"},\"potentialAction\":[{\"@type\":\"SearchAction\",\"target\":{\"@type\":\"EntryPoint\",\"urlTemplate\":\"https:\/\/nuevo-renacer.com\/?s={search_term_string}\"},\"query-input\":{\"@type\":\"PropertyValueSpecification\",\"valueRequired\":true,\"valueName\":\"search_term_string\"}}],\"inLanguage\":\"it-IT\"},{\"@type\":\"Organization\",\"@id\":\"https:\/\/nuevo-renacer.com\/#organization\",\"name\":\"UFEC\",\"url\":\"https:\/\/nuevo-renacer.com\/\",\"logo\":{\"@type\":\"ImageObject\",\"inLanguage\":\"it-IT\",\"@id\":\"https:\/\/nuevo-renacer.com\/#\/schema\/logo\/image\/\",\"url\":\"https:\/\/nuevo-renacer.com\/wp-content\/uploads\/2024\/05\/cropped-LOGO-TERMINADO1-3-3.png\",\"contentUrl\":\"https:\/\/nuevo-renacer.com\/wp-content\/uploads\/2024\/05\/cropped-LOGO-TERMINADO1-3-3.png\",\"width\":512,\"height\":512,\"caption\":\"UFEC\"},\"image\":{\"@id\":\"https:\/\/nuevo-renacer.com\/#\/schema\/logo\/image\/\"},\"sameAs\":[\"https:\/\/www.facebook.com\/groups\/3431398063740829\"]}]}<\/script>\n<!-- \/ Yoast SEO Premium plugin. -->","yoast_head_json":{"title":"Persona, en la visi\u00f3n esp\u00edrita - Uni\u00f3n Esp\u00edrita","robots":{"index":"index","follow":"follow","max-snippet":"max-snippet:-1","max-image-preview":"max-image-preview:large","max-video-preview":"max-video-preview:-1"},"canonical":"https:\/\/nuevo-renacer.com\/it\/persona-en-la-vision-espirita\/","og_locale":"it_IT","og_type":"article","og_title":"Persona, en la visi\u00f3n esp\u00edrita","og_description":"Persona, en la visi\u00f3n esp\u00edrita Para la Doctrina Esp\u00edrita, el valor de la persona humana est\u00e1 enclavado en el propio origen de la vida, porque \u00e9sta s\u00f3lo puede ser explicada a trav\u00e9s de la Planificaci\u00f3n Inteligente, que nos lleva al Gran Planificador y a considerarla como un bien otorgado e indisponible. Hoy, como todos los [&hellip;]","og_url":"https:\/\/nuevo-renacer.com\/it\/persona-en-la-vision-espirita\/","og_site_name":"Uni\u00f3n Esp\u00edrita","article_publisher":"https:\/\/www.facebook.com\/groups\/3431398063740829","article_modified_time":"2024-10-16T08:40:18+00:00","og_image":[{"url":"https:\/\/nuevo-renacer.com\/wp-content\/uploads\/2024\/10\/o-corpo-humano-formado-por-uma-grande-quantidade-celulas-5c10f318927de.webp","type":"","width":"","height":""}],"twitter_card":"summary_large_image","twitter_misc":{"Tempo di lettura stimato":"4 minuti"},"schema":{"@context":"https:\/\/schema.org","@graph":[{"@type":"WebPage","@id":"https:\/\/nuevo-renacer.com\/persona-en-la-vision-espirita\/","url":"https:\/\/nuevo-renacer.com\/persona-en-la-vision-espirita\/","name":"Persona, en la visi\u00f3n esp\u00edrita - Uni\u00f3n Esp\u00edrita","isPartOf":{"@id":"https:\/\/nuevo-renacer.com\/#website"},"primaryImageOfPage":{"@id":"https:\/\/nuevo-renacer.com\/persona-en-la-vision-espirita\/#primaryimage"},"image":{"@id":"https:\/\/nuevo-renacer.com\/persona-en-la-vision-espirita\/#primaryimage"},"thumbnailUrl":"https:\/\/nuevo-renacer.com\/wp-content\/uploads\/2024\/10\/o-corpo-humano-formado-por-uma-grande-quantidade-celulas-5c10f318927de.webp","datePublished":"2024-10-16T08:39:51+00:00","dateModified":"2024-10-16T08:40:18+00:00","breadcrumb":{"@id":"https:\/\/nuevo-renacer.com\/persona-en-la-vision-espirita\/#breadcrumb"},"inLanguage":"it-IT","potentialAction":[{"@type":"ReadAction","target":["https:\/\/nuevo-renacer.com\/persona-en-la-vision-espirita\/"]}]},{"@type":"ImageObject","inLanguage":"it-IT","@id":"https:\/\/nuevo-renacer.com\/persona-en-la-vision-espirita\/#primaryimage","url":"https:\/\/nuevo-renacer.com\/wp-content\/uploads\/2024\/10\/o-corpo-humano-formado-por-uma-grande-quantidade-celulas-5c10f318927de.webp","contentUrl":"https:\/\/nuevo-renacer.com\/wp-content\/uploads\/2024\/10\/o-corpo-humano-formado-por-uma-grande-quantidade-celulas-5c10f318927de.webp"},{"@type":"BreadcrumbList","@id":"https:\/\/nuevo-renacer.com\/persona-en-la-vision-espirita\/#breadcrumb","itemListElement":[{"@type":"ListItem","position":1,"name":"Startseite","item":"https:\/\/nuevo-renacer.com\/"},{"@type":"ListItem","position":2,"name":"Persona, en la visi\u00f3n esp\u00edrita"}]},{"@type":"WebSite","@id":"https:\/\/nuevo-renacer.com\/#website","url":"https:\/\/nuevo-renacer.com\/","name":"Uni\u00f3n Esp\u00edrita","description":"Nuevo Renacer","publisher":{"@id":"https:\/\/nuevo-renacer.com\/#organization"},"potentialAction":[{"@type":"SearchAction","target":{"@type":"EntryPoint","urlTemplate":"https:\/\/nuevo-renacer.com\/?s={search_term_string}"},"query-input":{"@type":"PropertyValueSpecification","valueRequired":true,"valueName":"search_term_string"}}],"inLanguage":"it-IT"},{"@type":"Organization","@id":"https:\/\/nuevo-renacer.com\/#organization","name":"UFEC","url":"https:\/\/nuevo-renacer.com\/","logo":{"@type":"ImageObject","inLanguage":"it-IT","@id":"https:\/\/nuevo-renacer.com\/#\/schema\/logo\/image\/","url":"https:\/\/nuevo-renacer.com\/wp-content\/uploads\/2024\/05\/cropped-LOGO-TERMINADO1-3-3.png","contentUrl":"https:\/\/nuevo-renacer.com\/wp-content\/uploads\/2024\/05\/cropped-LOGO-TERMINADO1-3-3.png","width":512,"height":512,"caption":"UFEC"},"image":{"@id":"https:\/\/nuevo-renacer.com\/#\/schema\/logo\/image\/"},"sameAs":["https:\/\/www.facebook.com\/groups\/3431398063740829"]}]}},"uagb_featured_image_src":{"full":false,"thumbnail":false,"medium":false,"medium_large":false,"large":false,"1536x1536":false,"2048x2048":false,"trp-custom-language-flag":false},"uagb_author_info":{"display_name":"adbv0","author_link":"https:\/\/nuevo-renacer.com\/it\/author\/adbv0\/"},"uagb_comment_info":0,"uagb_excerpt":"Persona, en la visi\u00f3n esp\u00edrita Para la Doctrina Esp\u00edrita, el valor de la persona humana est\u00e1 enclavado en el propio origen de la vida, porque \u00e9sta s\u00f3lo puede ser explicada a trav\u00e9s de la Planificaci\u00f3n Inteligente, que nos lleva al Gran Planificador y a considerarla como un bien otorgado e indisponible. Hoy, como todos los&hellip;","jetpack_sharing_enabled":true,"_links":{"self":[{"href":"https:\/\/nuevo-renacer.com\/it\/wp-json\/wp\/v2\/pages\/5551","targetHints":{"allow":["GET"]}}],"collection":[{"href":"https:\/\/nuevo-renacer.com\/it\/wp-json\/wp\/v2\/pages"}],"about":[{"href":"https:\/\/nuevo-renacer.com\/it\/wp-json\/wp\/v2\/types\/page"}],"author":[{"embeddable":true,"href":"https:\/\/nuevo-renacer.com\/it\/wp-json\/wp\/v2\/users\/1"}],"replies":[{"embeddable":true,"href":"https:\/\/nuevo-renacer.com\/it\/wp-json\/wp\/v2\/comments?post=5551"}],"version-history":[{"count":2,"href":"https:\/\/nuevo-renacer.com\/it\/wp-json\/wp\/v2\/pages\/5551\/revisions"}],"predecessor-version":[{"id":5554,"href":"https:\/\/nuevo-renacer.com\/it\/wp-json\/wp\/v2\/pages\/5551\/revisions\/5554"}],"wp:attachment":[{"href":"https:\/\/nuevo-renacer.com\/it\/wp-json\/wp\/v2\/media?parent=5551"}],"curies":[{"name":"wp","href":"https:\/\/api.w.org\/{rel}","templated":true}]}}