{"id":5534,"date":"2024-10-14T07:06:13","date_gmt":"2024-10-14T07:06:13","guid":{"rendered":"https:\/\/nuevo-renacer.com\/?page_id=5534"},"modified":"2024-10-14T07:10:09","modified_gmt":"2024-10-14T07:10:09","slug":"las-penas-futuras-segun-el-espiritismo-la-carne-es-debil","status":"publish","type":"page","link":"https:\/\/nuevo-renacer.com\/it\/las-penas-futuras-segun-el-espiritismo-la-carne-es-debil\/","title":{"rendered":"Las penas futuras seg\u00fan el Espiritismo &#8211; La carne es d\u00e9bil"},"content":{"rendered":"<div class=\"wp-block-uagb-container uagb-block-182a15f7 alignfull uagb-is-root-container\"><div class=\"uagb-container-inner-blocks-wrap\">\n<p class=\"has-black-color has-text-color has-link-color has-medium-font-size wp-elements-9724c9252f87a656990f768a0c8e98cd\"><strong>Las penas futuras seg\u00fan el Espiritismo &#8211; La carne es d\u00e9bil<\/strong><\/p>\n<\/div><\/div>\n\n\n\n<div class=\"wp-block-uagb-container uagb-block-f941d68e alignfull uagb-is-root-container\"><div class=\"uagb-container-inner-blocks-wrap\">\n<figure class=\"wp-block-image size-full\"><img fetchpriority=\"high\" decoding=\"async\" width=\"626\" height=\"351\" src=\"https:\/\/nuevo-renacer.com\/wp-content\/uploads\/2024\/10\/man-emerging-from-smoky-tendrils-abstract-ink_880100-4729.jpg\" alt=\"\" class=\"wp-image-5535\" srcset=\"https:\/\/nuevo-renacer.com\/wp-content\/uploads\/2024\/10\/man-emerging-from-smoky-tendrils-abstract-ink_880100-4729.jpg 626w, https:\/\/nuevo-renacer.com\/wp-content\/uploads\/2024\/10\/man-emerging-from-smoky-tendrils-abstract-ink_880100-4729-300x168.jpg 300w, https:\/\/nuevo-renacer.com\/wp-content\/uploads\/2024\/10\/man-emerging-from-smoky-tendrils-abstract-ink_880100-4729-18x10.jpg 18w\" sizes=\"(max-width: 626px) 100vw, 626px\" \/><\/figure>\n<\/div><\/div>\n\n\n\n<div class=\"wp-block-uagb-container uagb-block-e76c4bbb alignfull uagb-is-root-container\"><div class=\"uagb-container-inner-blocks-wrap\">\n<p class=\"has-black-color has-text-color has-link-color has-small-font-size wp-elements-72dfd0d2951594b375be092217c702dc\">Hay inclinaciones viciosas que son evidentemente inherentes al esp\u00edritu, porque tienen m\u00e1srelaci\u00f3n con la gran parte moral que con la f\u00edsica. Otras m\u00e1s bien parecen consecuencia del organismo, y por este motivo, uno se cree menos responsable, por ejemplo: las predisposiciones a la c\u00f3lera, a la indolencia, a la sensualidad, etc.<\/p>\n\n\n\n<p class=\"has-black-color has-text-color has-link-color has-small-font-size wp-elements-c939c370bcb1fa59ffc6ff535f3c4a3b\">Se reconoce hoy perfectamente por los fil\u00f3sofos espiritualistas que los \u00f3rganos cerebrales, correspondiendo a las diversas aptitudes, deben su desarrollo a la actividad de su esp\u00edritu, y que as\u00ed este desarrollado es un efecto y no una causa. Un hombre no es m\u00fasico porque tenga la protuberancia de la m\u00fasica, sino que tiene esta protuberancia porque su esp\u00edritu es m\u00fasico. Si la actividad del esp\u00edritu obra sobre el cerebro, debe obrar igualmente sobre las otras partes del organismo. De este modo, el esp\u00edritu es el art\u00edfice que arregla su propio cuerpo, por decirlo as\u00ed, a fin de amoldarlo a sus necesidades y a la manifestaci\u00f3n de sus tendencias. Sentado esto, la perfecci\u00f3n del cuerpo de las razas adelantadas no ser\u00e1 producto de creaciones distintas, sino resultado del trabajo del esp\u00edritu, que perfecciona su instrumento a medida que aumenta sus facultades.<\/p>\n\n\n\n<p class=\"has-black-color has-text-color has-link-color has-small-font-size wp-elements-5e0e6a022c488030253c58ff6dccf7cb\">Por una consecuencia natural de este principio, las disposiciones morales del esp\u00edritu deben modificar las cualidades de la sangre, darle m\u00e1s o menos actividad, provocar secreciones m\u00e1s o menos abundantes de bilis u otros fluidos. As\u00ed es, por ejemplo, que al glot\u00f3n se le hace la boca agua a la vista de un bocado apetitoso. En este caso, no es el bocado el que puede sobreexcitar el \u00f3rgano del gusto, puesto que no hay contacto, sino el esp\u00edritu, que obra en virtud de la sensibilidad que se mle ha despertado, con la acci\u00f3n del pensamiento, sobre este \u00f3rgano, mientras que en otro, la vista de maquel bocado no produce ning\u00fan efecto. Por la misma raz\u00f3n una persona sensible derrama l\u00e1grimas f\u00e1cilmente. La abundancia de las l\u00e1grimas no da la sensibilidad al esp\u00edritu, sino que la sensibilidad del esp\u00edritu provoca la secreci\u00f3n abundante de las l\u00e1grimas. El organismo, bajo el impulso de la sensualidad, se ha apropiado esta disposici\u00f3n normal del esp\u00edritu, como se ha apropiado la del esp\u00edritu del glot\u00f3n.<\/p>\n\n\n\n<p class=\"has-black-color has-text-color has-link-color has-small-font-size wp-elements-b3f94742610dbcc935d575e1eb29bdba\">Un esp\u00edritu perezoso e indolente dejar\u00e1 su organismo en un estado de aton\u00eda en relaci\u00f3n con su car\u00e1cter, mientras que si es activo y en\u00e9rgico, dar\u00e1 a su sangre y a sus nervios cualidades muy diferentes. Es tan evidente la acci\u00f3n del esp\u00edritu sobre la parte f\u00edsica que se ven a menudo producirse graves des\u00f3rdenes por efecto de violentas conmociones morales. La expresi\u00f3n com\u00fan: La emoci\u00f3n le ha cambiado la sangre, no est\u00e1 tan carente de sentido como podr\u00eda creerse. \u00bfPero qu\u00e9 ha podido cambiar la sangre, sino las disposiciones morales del esp\u00edritu?<\/p>\n\n\n\n<p class=\"has-black-color has-text-color has-link-color has-small-font-size wp-elements-f27c0460ab528ff431c97e42a5c6f19a\">Se puede, pues, admitir que el temperamento es, al menos en parte, determinado por la naturaleza del esp\u00edritu, que es la causa y no el efecto. Decimos en parte, porque hay casos en que lo f\u00edsico influye ciertamente sobre lo moral. Esto sucede cuando un estado m\u00f3rbido o anormal se determina por una causa externa accidental, independiente del esp\u00edritu, como la temperatura, el clima, los vicios hereditarios de constituci\u00f3n, un malestar pasajero, etc. Entonces, puede estar afectada la moral del esp\u00edritu en sus manifestaciones por el estado patol\u00f3gico, sin que su naturaleza intr\u00ednseca se modifique.<\/p>\n\n\n\n<p class=\"has-black-color has-text-color has-link-color has-small-font-size wp-elements-2219db526a2f2d815bbe5adf4e2a8ecf\">Excusarse de sus defectos por la debilidad de la carne no es m\u00e1s que un subterfugio para eludir la responsabilidad. La carne s\u00f3lo es d\u00e9bil porque el esp\u00edritu es d\u00e9bil, lo cual destruye la excusa y deja al esp\u00edritu la responsabilidad de sus actos. La carne no tiene pensamiento ni voluntad. No prevalece jam\u00e1s sobre el esp\u00edritu, que es el ser pensante y voluntario. El esp\u00edritu es quien da a la carne las cualidades correspondientes a sus instintos, como un artista imprime a su obra material el sello de su genio. El esp\u00edritu, emancipado de los instintos de la bestialidad, se compone un cuerpo que no es un tirano para sus aspiraciones hacia la espiritualidad de su ser. Entonces es cuando el hombre come para vivir, porque vivir es una necesidad, pero no vive para comer.<\/p>\n\n\n\n<p class=\"has-black-color has-text-color has-link-color has-small-font-size wp-elements-d32a2845071bd55da2632dae6ac6c4d5\">As\u00ed pues, sobre el esp\u00edritu recae la responsabilidad moral de sus propios actos. Pero la raz\u00f3n manifiesta que las consecuencias de esta responsabilidad deben estar en relaci\u00f3n con el desarrollo intelectual del esp\u00edritu. Cuanto m\u00e1s ilustrado es, menos excusa tiene, porque con la inteligencia y el sentido moral nacen las nociones del bien y del mal, de lo justo y de lo injusto.<\/p>\n\n\n\n<p class=\"has-black-color has-text-color has-link-color has-small-font-size wp-elements-6af9df83de53cd1c1f3850a888658d78\">Esta ley explica el mal resultado de la medicina en ciertos casos. Desde luego que el temperamento es un efecto y no una causa, y los esfuerzos hechos para modificarlo se hallan necesariamente paralizados por las disposiciones morales del esp\u00edritu, que opone una resistencia inconsciente y neutraliza la acci\u00f3n terap\u00e9utica. Dad, si es posible, \u00e1nimo al medroso, y ver\u00e9is cesar los efectos fisiol\u00f3gicos del miedo.<\/p>\n\n\n\n<p class=\"has-black-color has-text-color has-link-color has-small-font-size wp-elements-ba0ed96d26af10a4622d862b9149fb09\">Es prueba, repito, la necesidad que tiene la medicina convencional de tener en cuenta la acci\u00f3n del elemento espiritual sobre el organismo.<\/p>\n<\/div><\/div>\n\n\n\n<div class=\"wp-block-uagb-container uagb-block-a8e6b34e alignfull uagb-is-root-container\"><div class=\"uagb-container-inner-blocks-wrap\"><\/div><\/div>\n\n\n\n<div class=\"wp-block-uagb-container uagb-block-d721c9f1 alignfull uagb-is-root-container\"><div class=\"uagb-container-inner-blocks-wrap\">\n<p class=\"has-black-color has-text-color has-link-color wp-elements-8f922bc261fe34b76bcdb7dc8f0e8a33\"><em>Allan Kardec &#8211; El Cielo y el Infierno<\/em><\/p>\n<\/div><\/div>\n\n\n\n<div class=\"wp-block-uagb-container uagb-block-b0ae4731 alignfull uagb-is-root-container\"><div class=\"uagb-container-inner-blocks-wrap\"><\/div><\/div>\n\n\n\n<div class=\"wp-block-uagb-container uagb-block-d79f3331 alignfull uagb-is-root-container\"><div class=\"uagb-container-inner-blocks-wrap\"><\/div><\/div>","protected":false},"excerpt":{"rendered":"<p>Las penas futuras seg\u00fan el Espiritismo &#8211; La carne es d\u00e9bil Hay inclinaciones viciosas que son evidentemente inherentes al esp\u00edritu, porque tienen m\u00e1srelaci\u00f3n con la gran parte moral que con la f\u00edsica. Otras m\u00e1s bien parecen consecuencia del organismo, y por este motivo, uno se cree menos responsable, por ejemplo: las predisposiciones a la c\u00f3lera, [&hellip;]<\/p>","protected":false},"author":1,"featured_media":0,"parent":0,"menu_order":0,"comment_status":"closed","ping_status":"closed","template":"","meta":{"_uag_custom_page_level_css":"","site-sidebar-layout":"default","site-content-layout":"","ast-site-content-layout":"default","site-content-style":"default","site-sidebar-style":"default","ast-global-header-display":"","ast-banner-title-visibility":"","ast-main-header-display":"","ast-hfb-above-header-display":"","ast-hfb-below-header-display":"","ast-hfb-mobile-header-display":"","site-post-title":"disabled","ast-breadcrumbs-content":"","ast-featured-img":"","footer-sml-layout":"","theme-transparent-header-meta":"","adv-header-id-meta":"","stick-header-meta":"","header-above-stick-meta":"","header-main-stick-meta":"","header-below-stick-meta":"","astra-migrate-meta-layouts":"set","ast-page-background-enabled":"default","ast-page-background-meta":{"desktop":{"background-color":"var(--ast-global-color-4)","background-image":"","background-repeat":"repeat","background-position":"center center","background-size":"auto","background-attachment":"scroll","background-type":"","background-media":"","overlay-type":"","overlay-color":"","overlay-opacity":"","overlay-gradient":""},"tablet":{"background-color":"","background-image":"","background-repeat":"repeat","background-position":"center center","background-size":"auto","background-attachment":"scroll","background-type":"","background-media":"","overlay-type":"","overlay-color":"","overlay-opacity":"","overlay-gradient":""},"mobile":{"background-color":"","background-image":"","background-repeat":"repeat","background-position":"center center","background-size":"auto","background-attachment":"scroll","background-type":"","background-media":"","overlay-type":"","overlay-color":"","overlay-opacity":"","overlay-gradient":""}},"ast-content-background-meta":{"desktop":{"background-color":"var(--ast-global-color-5)","background-image":"","background-repeat":"repeat","background-position":"center center","background-size":"auto","background-attachment":"scroll","background-type":"","background-media":"","overlay-type":"","overlay-color":"","overlay-opacity":"","overlay-gradient":""},"tablet":{"background-color":"var(--ast-global-color-5)","background-image":"","background-repeat":"repeat","background-position":"center center","background-size":"auto","background-attachment":"scroll","background-type":"","background-media":"","overlay-type":"","overlay-color":"","overlay-opacity":"","overlay-gradient":""},"mobile":{"background-color":"var(--ast-global-color-5)","background-image":"","background-repeat":"repeat","background-position":"center center","background-size":"auto","background-attachment":"scroll","background-type":"","background-media":"","overlay-type":"","overlay-color":"","overlay-opacity":"","overlay-gradient":""}},"footnotes":""},"class_list":["post-5534","page","type-page","status-publish","hentry"],"yoast_head":"<!-- This site is optimized with the Yoast SEO Premium plugin v24.2 (Yoast SEO v24.6) - https:\/\/yoast.com\/wordpress\/plugins\/seo\/ -->\n<title>Las penas futuras seg\u00fan el Espiritismo - La carne es d\u00e9bil - Uni\u00f3n Esp\u00edrita<\/title>\n<meta name=\"robots\" content=\"index, follow, max-snippet:-1, max-image-preview:large, max-video-preview:-1\" \/>\n<link rel=\"canonical\" href=\"https:\/\/nuevo-renacer.com\/it\/las-penas-futuras-segun-el-espiritismo-la-carne-es-debil\/\" \/>\n<meta property=\"og:locale\" content=\"it_IT\" \/>\n<meta property=\"og:type\" content=\"article\" \/>\n<meta property=\"og:title\" content=\"Las penas futuras seg\u00fan el Espiritismo - La carne es d\u00e9bil\" \/>\n<meta property=\"og:description\" content=\"Las penas futuras seg\u00fan el Espiritismo &#8211; La carne es d\u00e9bil Hay inclinaciones viciosas que son evidentemente inherentes al esp\u00edritu, porque tienen m\u00e1srelaci\u00f3n con la gran parte moral que con la f\u00edsica. Otras m\u00e1s bien parecen consecuencia del organismo, y por este motivo, uno se cree menos responsable, por ejemplo: las predisposiciones a la c\u00f3lera, [&hellip;]\" \/>\n<meta property=\"og:url\" content=\"https:\/\/nuevo-renacer.com\/it\/las-penas-futuras-segun-el-espiritismo-la-carne-es-debil\/\" \/>\n<meta property=\"og:site_name\" content=\"Uni\u00f3n Esp\u00edrita\" \/>\n<meta property=\"article:publisher\" content=\"https:\/\/www.facebook.com\/groups\/3431398063740829\" \/>\n<meta property=\"article:modified_time\" content=\"2024-10-14T07:10:09+00:00\" \/>\n<meta property=\"og:image\" content=\"https:\/\/nuevo-renacer.com\/wp-content\/uploads\/2024\/10\/man-emerging-from-smoky-tendrils-abstract-ink_880100-4729.jpg\" \/>\n<meta name=\"twitter:card\" content=\"summary_large_image\" \/>\n<meta name=\"twitter:label1\" content=\"Tempo di lettura stimato\" \/>\n\t<meta name=\"twitter:data1\" content=\"5 minuti\" \/>\n<script type=\"application\/ld+json\" class=\"yoast-schema-graph\">{\"@context\":\"https:\/\/schema.org\",\"@graph\":[{\"@type\":\"WebPage\",\"@id\":\"https:\/\/nuevo-renacer.com\/las-penas-futuras-segun-el-espiritismo-la-carne-es-debil\/\",\"url\":\"https:\/\/nuevo-renacer.com\/las-penas-futuras-segun-el-espiritismo-la-carne-es-debil\/\",\"name\":\"Las penas futuras seg\u00fan el Espiritismo - La carne es d\u00e9bil - Uni\u00f3n Esp\u00edrita\",\"isPartOf\":{\"@id\":\"https:\/\/nuevo-renacer.com\/#website\"},\"primaryImageOfPage\":{\"@id\":\"https:\/\/nuevo-renacer.com\/las-penas-futuras-segun-el-espiritismo-la-carne-es-debil\/#primaryimage\"},\"image\":{\"@id\":\"https:\/\/nuevo-renacer.com\/las-penas-futuras-segun-el-espiritismo-la-carne-es-debil\/#primaryimage\"},\"thumbnailUrl\":\"https:\/\/nuevo-renacer.com\/wp-content\/uploads\/2024\/10\/man-emerging-from-smoky-tendrils-abstract-ink_880100-4729.jpg\",\"datePublished\":\"2024-10-14T07:06:13+00:00\",\"dateModified\":\"2024-10-14T07:10:09+00:00\",\"breadcrumb\":{\"@id\":\"https:\/\/nuevo-renacer.com\/las-penas-futuras-segun-el-espiritismo-la-carne-es-debil\/#breadcrumb\"},\"inLanguage\":\"it-IT\",\"potentialAction\":[{\"@type\":\"ReadAction\",\"target\":[\"https:\/\/nuevo-renacer.com\/las-penas-futuras-segun-el-espiritismo-la-carne-es-debil\/\"]}]},{\"@type\":\"ImageObject\",\"inLanguage\":\"it-IT\",\"@id\":\"https:\/\/nuevo-renacer.com\/las-penas-futuras-segun-el-espiritismo-la-carne-es-debil\/#primaryimage\",\"url\":\"https:\/\/nuevo-renacer.com\/wp-content\/uploads\/2024\/10\/man-emerging-from-smoky-tendrils-abstract-ink_880100-4729.jpg\",\"contentUrl\":\"https:\/\/nuevo-renacer.com\/wp-content\/uploads\/2024\/10\/man-emerging-from-smoky-tendrils-abstract-ink_880100-4729.jpg\"},{\"@type\":\"BreadcrumbList\",\"@id\":\"https:\/\/nuevo-renacer.com\/las-penas-futuras-segun-el-espiritismo-la-carne-es-debil\/#breadcrumb\",\"itemListElement\":[{\"@type\":\"ListItem\",\"position\":1,\"name\":\"Startseite\",\"item\":\"https:\/\/nuevo-renacer.com\/\"},{\"@type\":\"ListItem\",\"position\":2,\"name\":\"Las penas futuras seg\u00fan el Espiritismo &#8211; La carne es d\u00e9bil\"}]},{\"@type\":\"WebSite\",\"@id\":\"https:\/\/nuevo-renacer.com\/#website\",\"url\":\"https:\/\/nuevo-renacer.com\/\",\"name\":\"Uni\u00f3n Esp\u00edrita\",\"description\":\"Nuevo Renacer\",\"publisher\":{\"@id\":\"https:\/\/nuevo-renacer.com\/#organization\"},\"potentialAction\":[{\"@type\":\"SearchAction\",\"target\":{\"@type\":\"EntryPoint\",\"urlTemplate\":\"https:\/\/nuevo-renacer.com\/?s={search_term_string}\"},\"query-input\":{\"@type\":\"PropertyValueSpecification\",\"valueRequired\":true,\"valueName\":\"search_term_string\"}}],\"inLanguage\":\"it-IT\"},{\"@type\":\"Organization\",\"@id\":\"https:\/\/nuevo-renacer.com\/#organization\",\"name\":\"UFEC\",\"url\":\"https:\/\/nuevo-renacer.com\/\",\"logo\":{\"@type\":\"ImageObject\",\"inLanguage\":\"it-IT\",\"@id\":\"https:\/\/nuevo-renacer.com\/#\/schema\/logo\/image\/\",\"url\":\"https:\/\/nuevo-renacer.com\/wp-content\/uploads\/2024\/05\/cropped-LOGO-TERMINADO1-3-3.png\",\"contentUrl\":\"https:\/\/nuevo-renacer.com\/wp-content\/uploads\/2024\/05\/cropped-LOGO-TERMINADO1-3-3.png\",\"width\":512,\"height\":512,\"caption\":\"UFEC\"},\"image\":{\"@id\":\"https:\/\/nuevo-renacer.com\/#\/schema\/logo\/image\/\"},\"sameAs\":[\"https:\/\/www.facebook.com\/groups\/3431398063740829\"]}]}<\/script>\n<!-- \/ Yoast SEO Premium plugin. -->","yoast_head_json":{"title":"Las penas futuras seg\u00fan el Espiritismo - La carne es d\u00e9bil - Uni\u00f3n Esp\u00edrita","robots":{"index":"index","follow":"follow","max-snippet":"max-snippet:-1","max-image-preview":"max-image-preview:large","max-video-preview":"max-video-preview:-1"},"canonical":"https:\/\/nuevo-renacer.com\/it\/las-penas-futuras-segun-el-espiritismo-la-carne-es-debil\/","og_locale":"it_IT","og_type":"article","og_title":"Las penas futuras seg\u00fan el Espiritismo - La carne es d\u00e9bil","og_description":"Las penas futuras seg\u00fan el Espiritismo &#8211; La carne es d\u00e9bil Hay inclinaciones viciosas que son evidentemente inherentes al esp\u00edritu, porque tienen m\u00e1srelaci\u00f3n con la gran parte moral que con la f\u00edsica. Otras m\u00e1s bien parecen consecuencia del organismo, y por este motivo, uno se cree menos responsable, por ejemplo: las predisposiciones a la c\u00f3lera, [&hellip;]","og_url":"https:\/\/nuevo-renacer.com\/it\/las-penas-futuras-segun-el-espiritismo-la-carne-es-debil\/","og_site_name":"Uni\u00f3n Esp\u00edrita","article_publisher":"https:\/\/www.facebook.com\/groups\/3431398063740829","article_modified_time":"2024-10-14T07:10:09+00:00","og_image":[{"url":"https:\/\/nuevo-renacer.com\/wp-content\/uploads\/2024\/10\/man-emerging-from-smoky-tendrils-abstract-ink_880100-4729.jpg","type":"","width":"","height":""}],"twitter_card":"summary_large_image","twitter_misc":{"Tempo di lettura stimato":"5 minuti"},"schema":{"@context":"https:\/\/schema.org","@graph":[{"@type":"WebPage","@id":"https:\/\/nuevo-renacer.com\/las-penas-futuras-segun-el-espiritismo-la-carne-es-debil\/","url":"https:\/\/nuevo-renacer.com\/las-penas-futuras-segun-el-espiritismo-la-carne-es-debil\/","name":"Las penas futuras seg\u00fan el Espiritismo - La carne es d\u00e9bil - Uni\u00f3n Esp\u00edrita","isPartOf":{"@id":"https:\/\/nuevo-renacer.com\/#website"},"primaryImageOfPage":{"@id":"https:\/\/nuevo-renacer.com\/las-penas-futuras-segun-el-espiritismo-la-carne-es-debil\/#primaryimage"},"image":{"@id":"https:\/\/nuevo-renacer.com\/las-penas-futuras-segun-el-espiritismo-la-carne-es-debil\/#primaryimage"},"thumbnailUrl":"https:\/\/nuevo-renacer.com\/wp-content\/uploads\/2024\/10\/man-emerging-from-smoky-tendrils-abstract-ink_880100-4729.jpg","datePublished":"2024-10-14T07:06:13+00:00","dateModified":"2024-10-14T07:10:09+00:00","breadcrumb":{"@id":"https:\/\/nuevo-renacer.com\/las-penas-futuras-segun-el-espiritismo-la-carne-es-debil\/#breadcrumb"},"inLanguage":"it-IT","potentialAction":[{"@type":"ReadAction","target":["https:\/\/nuevo-renacer.com\/las-penas-futuras-segun-el-espiritismo-la-carne-es-debil\/"]}]},{"@type":"ImageObject","inLanguage":"it-IT","@id":"https:\/\/nuevo-renacer.com\/las-penas-futuras-segun-el-espiritismo-la-carne-es-debil\/#primaryimage","url":"https:\/\/nuevo-renacer.com\/wp-content\/uploads\/2024\/10\/man-emerging-from-smoky-tendrils-abstract-ink_880100-4729.jpg","contentUrl":"https:\/\/nuevo-renacer.com\/wp-content\/uploads\/2024\/10\/man-emerging-from-smoky-tendrils-abstract-ink_880100-4729.jpg"},{"@type":"BreadcrumbList","@id":"https:\/\/nuevo-renacer.com\/las-penas-futuras-segun-el-espiritismo-la-carne-es-debil\/#breadcrumb","itemListElement":[{"@type":"ListItem","position":1,"name":"Startseite","item":"https:\/\/nuevo-renacer.com\/"},{"@type":"ListItem","position":2,"name":"Las penas futuras seg\u00fan el Espiritismo &#8211; La carne es d\u00e9bil"}]},{"@type":"WebSite","@id":"https:\/\/nuevo-renacer.com\/#website","url":"https:\/\/nuevo-renacer.com\/","name":"Uni\u00f3n Esp\u00edrita","description":"Nuevo Renacer","publisher":{"@id":"https:\/\/nuevo-renacer.com\/#organization"},"potentialAction":[{"@type":"SearchAction","target":{"@type":"EntryPoint","urlTemplate":"https:\/\/nuevo-renacer.com\/?s={search_term_string}"},"query-input":{"@type":"PropertyValueSpecification","valueRequired":true,"valueName":"search_term_string"}}],"inLanguage":"it-IT"},{"@type":"Organization","@id":"https:\/\/nuevo-renacer.com\/#organization","name":"UFEC","url":"https:\/\/nuevo-renacer.com\/","logo":{"@type":"ImageObject","inLanguage":"it-IT","@id":"https:\/\/nuevo-renacer.com\/#\/schema\/logo\/image\/","url":"https:\/\/nuevo-renacer.com\/wp-content\/uploads\/2024\/05\/cropped-LOGO-TERMINADO1-3-3.png","contentUrl":"https:\/\/nuevo-renacer.com\/wp-content\/uploads\/2024\/05\/cropped-LOGO-TERMINADO1-3-3.png","width":512,"height":512,"caption":"UFEC"},"image":{"@id":"https:\/\/nuevo-renacer.com\/#\/schema\/logo\/image\/"},"sameAs":["https:\/\/www.facebook.com\/groups\/3431398063740829"]}]}},"uagb_featured_image_src":{"full":false,"thumbnail":false,"medium":false,"medium_large":false,"large":false,"1536x1536":false,"2048x2048":false,"trp-custom-language-flag":false},"uagb_author_info":{"display_name":"adbv0","author_link":"https:\/\/nuevo-renacer.com\/it\/author\/adbv0\/"},"uagb_comment_info":0,"uagb_excerpt":"Las penas futuras seg\u00fan el Espiritismo &#8211; La carne es d\u00e9bil Hay inclinaciones viciosas que son evidentemente inherentes al esp\u00edritu, porque tienen m\u00e1srelaci\u00f3n con la gran parte moral que con la f\u00edsica. Otras m\u00e1s bien parecen consecuencia del organismo, y por este motivo, uno se cree menos responsable, por ejemplo: las predisposiciones a la c\u00f3lera,&hellip;","jetpack_sharing_enabled":true,"_links":{"self":[{"href":"https:\/\/nuevo-renacer.com\/it\/wp-json\/wp\/v2\/pages\/5534","targetHints":{"allow":["GET"]}}],"collection":[{"href":"https:\/\/nuevo-renacer.com\/it\/wp-json\/wp\/v2\/pages"}],"about":[{"href":"https:\/\/nuevo-renacer.com\/it\/wp-json\/wp\/v2\/types\/page"}],"author":[{"embeddable":true,"href":"https:\/\/nuevo-renacer.com\/it\/wp-json\/wp\/v2\/users\/1"}],"replies":[{"embeddable":true,"href":"https:\/\/nuevo-renacer.com\/it\/wp-json\/wp\/v2\/comments?post=5534"}],"version-history":[{"count":2,"href":"https:\/\/nuevo-renacer.com\/it\/wp-json\/wp\/v2\/pages\/5534\/revisions"}],"predecessor-version":[{"id":5537,"href":"https:\/\/nuevo-renacer.com\/it\/wp-json\/wp\/v2\/pages\/5534\/revisions\/5537"}],"wp:attachment":[{"href":"https:\/\/nuevo-renacer.com\/it\/wp-json\/wp\/v2\/media?parent=5534"}],"curies":[{"name":"wp","href":"https:\/\/api.w.org\/{rel}","templated":true}]}}