{"id":5510,"date":"2024-10-10T14:56:41","date_gmt":"2024-10-10T14:56:41","guid":{"rendered":"https:\/\/nuevo-renacer.com\/?page_id=5510"},"modified":"2024-10-10T15:03:46","modified_gmt":"2024-10-10T15:03:46","slug":"lo-que-sin-duda-debe-tener-en-cuenta-al-tratar-con-el-espiritismo-y-el-mundo-de-los-espiritus","status":"publish","type":"page","link":"https:\/\/nuevo-renacer.com\/it\/lo-que-sin-duda-debe-tener-en-cuenta-al-tratar-con-el-espiritismo-y-el-mundo-de-los-espiritus\/","title":{"rendered":"Cosa dovete assolutamente tenere presente quando avete a che fare con lo spiritismo e il mondo degli spiriti"},"content":{"rendered":"<div class=\"wp-block-uagb-container uagb-block-16bbbfbd alignfull uagb-is-root-container\"><div class=\"uagb-container-inner-blocks-wrap\">\n<p class=\"has-black-color has-text-color has-link-color has-medium-font-size wp-elements-45984b0aeb6b85ff3b25b9efbb7edad9\"><strong>Cosa dovete assolutamente tenere presente quando avete a che fare con lo spiritismo e il mondo degli spiriti<\/strong><\/p>\n<\/div><\/div>\n\n\n\n<div class=\"wp-block-uagb-container uagb-block-8854f81f alignfull uagb-is-root-container\"><div class=\"uagb-container-inner-blocks-wrap\">\n<figure class=\"wp-block-image size-full is-resized\"><img fetchpriority=\"high\" decoding=\"async\" width=\"360\" height=\"540\" src=\"https:\/\/nuevo-renacer.com\/wp-content\/uploads\/2024\/10\/spiritual-awakening-concept_917213-226319.avif\" alt=\"\" class=\"wp-image-5512\" style=\"width:264px;height:auto\"\/><\/figure>\n<\/div><\/div>\n\n\n\n<div class=\"wp-block-uagb-container uagb-block-61fbc7d1 alignfull uagb-is-root-container\"><div class=\"uagb-container-inner-blocks-wrap\">\n<p class=\"has-black-color has-text-color has-link-color has-small-font-size wp-elements-be5ad612c5ab257492633bbd7f70ad41\">Per la maggior parte delle persone che non hanno familiarit\u00e0 con l'argomento, lo spiritismo e il mondo degli spiriti appartengono al regno del soprannaturale e del paranormale. Questo suscita due reazioni: il rifiuto e la curiosit\u00e0. Gli scettici non approfondiscono l'argomento o propongono argomenti succinti (falsi) contro la verit\u00e0 dello spiritismo o l'esistenza del mondo degli spiriti. Non si tratta di questi scettici. I consigli che seguono sono piuttosto rivolti ai curiosi che desiderano saperne di pi\u00f9 sullo spiritismo e sul mondo degli spiriti. Ci sono alcuni punti importanti da tenere a mente.<\/p>\n\n\n\n<p class=\"has-black-color has-text-color has-link-color has-small-font-size wp-elements-8f31854726b7f178b475e1a102a00c4d\"><strong>1. <\/strong>Verificate la vostra intenzione: qual \u00e8 il motivo per cui volete essere coinvolti nello spiritismo? Perch\u00e9 volete entrare in contatto con i morti o con gli spiriti? Riflettete attentamente e siate onesti. Se volete fare tutto questo solo per curiosit\u00e0 o per capriccio, perch\u00e9 avete voglia di attrazioni terrificanti o anche per noia e non avete voglia di studiare seriamente le cose e di svilupparvi spiritualmente e moralmente, lasciate perdere! Lo spiritismo, il mondo spirituale e, soprattutto, gli esseri spirituali non sono giocattoli che ci offrono svago e divertimento. Al contrario. Se non affrontate la questione con la necessaria seriet\u00e0 e cautela, gli esseri spirituali inferiori approfitteranno della vostra ignoranza e immaturit\u00e0 e faranno di voi il loro giocattolo. E questo non sar\u00e0 certo un divertimento.<\/p>\n\n\n\n<p class=\"has-black-color has-text-color has-link-color has-small-font-size wp-elements-06531ba0f0bce99655fe1e78ecedf2bd\"><strong>2.<\/strong> Imparare a discernere gli spiriti: nell'esoterismo moderno, che chiamer\u00f2 esoterismo \u201cdella luce e dell'amore\u201d, \u00e8 diffusa la convinzione che il male e tutto ci\u00f2 che \u00e8 negativo non esista realmente o sia un'illusione. Pertanto, il mondo spirituale consiste solo di luce e amore. Di conseguenza, tutti gli esseri spirituali sono, ovviamente, assolutamente puri e buoni, felici, pacifici, irreprensibili, un tutt'uno con l'universo e onniscienti. Ma questa convinzione non \u00e8 solo ingenua, ma anche pericolosa. Negare ostinatamente tutto ci\u00f2 che \u00e8 negativo credendo che non esista \u00e8 come chiudere gli occhi e credere di essere invisibili perch\u00e9 non si vede pi\u00f9 nulla. Ma, ovviamente, non \u00e8 cos\u00ec. Siate quindi estremamente cauti quando entrate in contatto con gli spiriti, soprattutto se siete principianti e inesperti. Perch\u00e9 non tutti gli spiriti sono buoni e non tutte le loro intenzioni sono pure.<\/p>\n\n\n\n<p class=\"has-black-color has-text-color has-link-color has-small-font-size wp-elements-948e570dbdb411b38efc8107cfd5d68d\">Quando iniziate a entrare in contatto, vi consiglio di pregare il vostro angelo custode o spirito guardiano. Chiedetegli di allontanare dal vostro ambiente tutti gli spiriti inferiori e beffardi e di permettere solo agli spiriti buoni e superiori di comunicare con voi. E anche se il contatto avviene, la prudenza \u00e8 il primo comandamento. Perch\u00e9? Gli angeli stanno facendo un cattivo lavoro? No, pu\u00f2 semplicemente accadere che, nonostante le preghiere, gli spiriti inferiori siano lasciati passare per mettere alla prova il chiamante o per dargli una lezione. Quindi ricordate bene che non tutti gli spiriti che rispondono sono puri. E non tutti gli spiriti che affermano di essere una certa persona lo sono davvero. Anche se, ad esempio, registrate un nastro e riconoscete la voce di vostro nonno, di vostra zia, di vostro padre, ecc. che vi parla dall'etere, rimanete sospettosi nonostante tutta la gioia. Prestate maggiore attenzione al loro modo di parlare: anche la persona deceduta ha formulato le frasi nello stesso modo, ha usato le parole nello stesso modo, forse ci sono anche delle frasi d'effetto ecc. da cui potete riconoscere la persona.<\/p>\n\n\n\n<p class=\"has-black-color has-text-color has-link-color has-small-font-size wp-elements-c7be2121fbd2c96ca97972942506defb\"><strong>3. <\/strong>Gli spiriti non sono onniscienti e non sono l\u00ec per rispondere a tutte le nostre domande: come accennato all'inizio, ci sono molti che credono che gli spiriti, proprio perch\u00e9 si trovano nell'aldil\u00e0, sappiano automaticamente tutto. Ci sono anche molti che, per disperazione o per curiosit\u00e0, cercano risposte e consigli dai defunti. Questo \u00e8 comprensibile e umano, ma solo fino a un certo punto. Evitate assolutamente di contattare il mondo degli spiriti per qualsiasi piccola cosa. Se possibile, non fate mai domande come \u201cMi ama davvero?\u201d, \u201cChi e dove \u00e8 l'uomo\/donna del mio cuore?\u201d, \u201cQuali sono i numeri del lotto della prossima settimana?\u201d. \u201cDove ho messo le chiavi della macchina?\u201d, \u201cCosa posso mangiare oggi?\u201d, ecc. Sappiate che nessun essere spirituale superiore si precipiterebbe da voi solo per rispondere a queste domande.<\/p>\n\n\n\n<p class=\"has-black-color has-text-color has-link-color has-small-font-size wp-elements-7728648511066b9e19843d98f833d55c\">Non bisogna dimenticare che gli esseri spirituali superiori, come suggerisce il nome, vedono tutto da una prospettiva pi\u00f9 elevata. Sono cos\u00ec sviluppati spiritualmente e moralmente che queste domande sembrano banali e irrilevanti per loro. Non c'\u00e8 motivo di rispondere. Sarebbe come chiamare un professore di matematica avanzata e chiedere se una mela pi\u00f9 un'altra mela sono davvero due mele. Sono invece gli spiriti inferiori a reagire a queste banalit\u00e0. L'ingenuo interrogante pu\u00f2 essere facilmente ingannato e raggirato.<\/p>\n\n\n\n<p class=\"has-black-color has-text-color has-link-color has-small-font-size wp-elements-d822f2009e9a31f2b7df54d92c29990d\"><strong>4. <\/strong>Gli atei non potranno mai essere veri spiritualisti: anche se sono molto interessati alla reincarnazione, alla vita dopo la morte, agli spiriti e alle capacit\u00e0 medianiche e credono fermamente in essi, ma negano l'esistenza di Dio, non potranno mai comprendere la profonda saggezza dello spiritismo. <\/p>\n\n\n\n<p class=\"has-black-color has-text-color has-link-color has-small-font-size wp-elements-ff8ed00d786c69c513ea0af3d41e53d7\"><strong>5.<\/strong> Lo spiritismo non \u00e8 n\u00e9 una religione n\u00e9 una setta, tanto meno la semplice evocazione di spiriti: religione, setta e negromanzia sono i termini sempre associati allo spiritismo, ma non \u00e8 nulla di tutto ci\u00f2. Allan Kardec (in realt\u00e0 Hippolyte L\u00e9on Denizard Rivail; 1804 - 1869), il fondatore e codificatore dello Spiritualismo moderno, lo considerava una filosofia e una scienza. In effetti, la dottrina spiritica \u00e8 il risultato di una sintesi degli insegnamenti e dei messaggi degli spiriti basata sulla logica e sulla sobriet\u00e0.<\/p>\n\n\n\n<p class=\"has-black-color has-text-color has-link-color has-small-font-size wp-elements-8181ff68385ec3eb383f64f2a83bec5f\">Pertanto, lo Spiritismo non ha alcuna tendenza al misticismo. Ogni spiritista \u00e8 incoraggiato a sperimentare, comprendere ed elaborare gli insegnamenti dello spiritismo attraverso uno studio serio e un duro lavoro. Gli spiritisti non devono credere ciecamente, come vuole la maggior parte delle religioni, ma sperimentare da soli. Lo spiritismo richiede indipendenza e nessuna dipendenza da sacerdoti, guru, insegnanti o costituzioni. Inoltre, ogni spiritista che scopre in s\u00e9 il dono della medianit\u00e0 \u00e8 chiamato a usarlo liberamente a beneficio dei suoi simili. D'altra parte, l'uso del dono per arricchire altri \u00e8 fortemente criticato. Non si deve abusare dello spiritismo per sottrarre denaro alle tasche di persone disperate. Non \u00e8 un modo pigro di evitare il lavoro. N\u00e9 ha nulla a che fare con lo spiritismo organizzare (presunte) negromanzie sotto il suo nome per ingannare i curiosi e accrescere la propria fama. Lo spiritismo \u00e8 un faro spirituale la cui luce radiosa ci conduce alla perfezione spirituale e morale e quindi alla nostra salvezza.<\/p>\n\n\n\n<p><em>Daniela M.<\/em><\/p>\n<\/div><\/div>\n\n\n\n<div class=\"wp-block-uagb-container uagb-block-f9c4b306 alignfull uagb-is-root-container\"><div class=\"uagb-container-inner-blocks-wrap\"><\/div><\/div>\n\n\n\n<div class=\"wp-block-uagb-container uagb-block-4349abd3 alignfull uagb-is-root-container\"><div class=\"uagb-container-inner-blocks-wrap\"><\/div><\/div>","protected":false},"excerpt":{"rendered":"<p>Lo que sin duda debe tener en cuenta al tratar con el espiritismo y el mundo de los esp\u00edritus Para la mayor\u00eda de las personas que no est\u00e1n familiarizadas con el tema, el espiritismo y el mundo de los esp\u00edritus pertenecen al \u00e1mbito de lo sobrenatural y lo paranormal. Y esto suscita precisamente dos reacciones: [&hellip;]<\/p>","protected":false},"author":1,"featured_media":0,"parent":0,"menu_order":0,"comment_status":"closed","ping_status":"closed","template":"","meta":{"_uag_custom_page_level_css":"","site-sidebar-layout":"default","site-content-layout":"","ast-site-content-layout":"default","site-content-style":"default","site-sidebar-style":"default","ast-global-header-display":"","ast-banner-title-visibility":"","ast-main-header-display":"","ast-hfb-above-header-display":"","ast-hfb-below-header-display":"","ast-hfb-mobile-header-display":"","site-post-title":"disabled","ast-breadcrumbs-content":"","ast-featured-img":"","footer-sml-layout":"","theme-transparent-header-meta":"","adv-header-id-meta":"","stick-header-meta":"","header-above-stick-meta":"","header-main-stick-meta":"","header-below-stick-meta":"","astra-migrate-meta-layouts":"set","ast-page-background-enabled":"default","ast-page-background-meta":{"desktop":{"background-color":"var(--ast-global-color-4)","background-image":"","background-repeat":"repeat","background-position":"center center","background-size":"auto","background-attachment":"scroll","background-type":"","background-media":"","overlay-type":"","overlay-color":"","overlay-opacity":"","overlay-gradient":""},"tablet":{"background-color":"","background-image":"","background-repeat":"repeat","background-position":"center center","background-size":"auto","background-attachment":"scroll","background-type":"","background-media":"","overlay-type":"","overlay-color":"","overlay-opacity":"","overlay-gradient":""},"mobile":{"background-color":"","background-image":"","background-repeat":"repeat","background-position":"center center","background-size":"auto","background-attachment":"scroll","background-type":"","background-media":"","overlay-type":"","overlay-color":"","overlay-opacity":"","overlay-gradient":""}},"ast-content-background-meta":{"desktop":{"background-color":"var(--ast-global-color-5)","background-image":"","background-repeat":"repeat","background-position":"center center","background-size":"auto","background-attachment":"scroll","background-type":"","background-media":"","overlay-type":"","overlay-color":"","overlay-opacity":"","overlay-gradient":""},"tablet":{"background-color":"var(--ast-global-color-5)","background-image":"","background-repeat":"repeat","background-position":"center center","background-size":"auto","background-attachment":"scroll","background-type":"","background-media":"","overlay-type":"","overlay-color":"","overlay-opacity":"","overlay-gradient":""},"mobile":{"background-color":"var(--ast-global-color-5)","background-image":"","background-repeat":"repeat","background-position":"center center","background-size":"auto","background-attachment":"scroll","background-type":"","background-media":"","overlay-type":"","overlay-color":"","overlay-opacity":"","overlay-gradient":""}},"footnotes":""},"class_list":["post-5510","page","type-page","status-publish","hentry"],"yoast_head":"<!-- This site is optimized with the Yoast SEO Premium plugin v24.2 (Yoast SEO v24.6) - https:\/\/yoast.com\/wordpress\/plugins\/seo\/ -->\n<title>Lo que sin duda debe tener en cuenta al tratar con el espiritismo y el mundo de los esp\u00edritus - Uni\u00f3n Esp\u00edrita<\/title>\n<meta name=\"robots\" content=\"index, follow, max-snippet:-1, max-image-preview:large, max-video-preview:-1\" \/>\n<link rel=\"canonical\" href=\"https:\/\/nuevo-renacer.com\/it\/lo-que-sin-duda-debe-tener-en-cuenta-al-tratar-con-el-espiritismo-y-el-mundo-de-los-espiritus\/\" \/>\n<meta property=\"og:locale\" content=\"it_IT\" \/>\n<meta property=\"og:type\" content=\"article\" \/>\n<meta property=\"og:title\" content=\"Lo que sin duda debe tener en cuenta al tratar con el espiritismo y el mundo de los esp\u00edritus\" \/>\n<meta property=\"og:description\" content=\"Lo que sin duda debe tener en cuenta al tratar con el espiritismo y el mundo de los esp\u00edritus Para la mayor\u00eda de las personas que no est\u00e1n familiarizadas con el tema, el espiritismo y el mundo de los esp\u00edritus pertenecen al \u00e1mbito de lo sobrenatural y lo paranormal. Y esto suscita precisamente dos reacciones: [&hellip;]\" \/>\n<meta property=\"og:url\" content=\"https:\/\/nuevo-renacer.com\/it\/lo-que-sin-duda-debe-tener-en-cuenta-al-tratar-con-el-espiritismo-y-el-mundo-de-los-espiritus\/\" \/>\n<meta property=\"og:site_name\" content=\"Uni\u00f3n Esp\u00edrita\" \/>\n<meta property=\"article:publisher\" content=\"https:\/\/www.facebook.com\/groups\/3431398063740829\" \/>\n<meta property=\"article:modified_time\" content=\"2024-10-10T15:03:46+00:00\" \/>\n<meta property=\"og:image\" content=\"https:\/\/nuevo-renacer.com\/wp-content\/uploads\/2024\/10\/spiritual-awakening-concept_917213-226319.avif\" \/>\n<meta name=\"twitter:card\" content=\"summary_large_image\" \/>\n<meta name=\"twitter:label1\" content=\"Tempo di lettura stimato\" \/>\n\t<meta name=\"twitter:data1\" content=\"7 minuti\" \/>\n<script type=\"application\/ld+json\" class=\"yoast-schema-graph\">{\"@context\":\"https:\/\/schema.org\",\"@graph\":[{\"@type\":\"WebPage\",\"@id\":\"https:\/\/nuevo-renacer.com\/lo-que-sin-duda-debe-tener-en-cuenta-al-tratar-con-el-espiritismo-y-el-mundo-de-los-espiritus\/\",\"url\":\"https:\/\/nuevo-renacer.com\/lo-que-sin-duda-debe-tener-en-cuenta-al-tratar-con-el-espiritismo-y-el-mundo-de-los-espiritus\/\",\"name\":\"Lo que sin duda debe tener en cuenta al tratar con el espiritismo y el mundo de los esp\u00edritus - Uni\u00f3n Esp\u00edrita\",\"isPartOf\":{\"@id\":\"https:\/\/nuevo-renacer.com\/#website\"},\"primaryImageOfPage\":{\"@id\":\"https:\/\/nuevo-renacer.com\/lo-que-sin-duda-debe-tener-en-cuenta-al-tratar-con-el-espiritismo-y-el-mundo-de-los-espiritus\/#primaryimage\"},\"image\":{\"@id\":\"https:\/\/nuevo-renacer.com\/lo-que-sin-duda-debe-tener-en-cuenta-al-tratar-con-el-espiritismo-y-el-mundo-de-los-espiritus\/#primaryimage\"},\"thumbnailUrl\":\"https:\/\/nuevo-renacer.com\/wp-content\/uploads\/2024\/10\/spiritual-awakening-concept_917213-226319.avif\",\"datePublished\":\"2024-10-10T14:56:41+00:00\",\"dateModified\":\"2024-10-10T15:03:46+00:00\",\"breadcrumb\":{\"@id\":\"https:\/\/nuevo-renacer.com\/lo-que-sin-duda-debe-tener-en-cuenta-al-tratar-con-el-espiritismo-y-el-mundo-de-los-espiritus\/#breadcrumb\"},\"inLanguage\":\"it-IT\",\"potentialAction\":[{\"@type\":\"ReadAction\",\"target\":[\"https:\/\/nuevo-renacer.com\/lo-que-sin-duda-debe-tener-en-cuenta-al-tratar-con-el-espiritismo-y-el-mundo-de-los-espiritus\/\"]}]},{\"@type\":\"ImageObject\",\"inLanguage\":\"it-IT\",\"@id\":\"https:\/\/nuevo-renacer.com\/lo-que-sin-duda-debe-tener-en-cuenta-al-tratar-con-el-espiritismo-y-el-mundo-de-los-espiritus\/#primaryimage\",\"url\":\"https:\/\/nuevo-renacer.com\/wp-content\/uploads\/2024\/10\/spiritual-awakening-concept_917213-226319.avif\",\"contentUrl\":\"https:\/\/nuevo-renacer.com\/wp-content\/uploads\/2024\/10\/spiritual-awakening-concept_917213-226319.avif\"},{\"@type\":\"BreadcrumbList\",\"@id\":\"https:\/\/nuevo-renacer.com\/lo-que-sin-duda-debe-tener-en-cuenta-al-tratar-con-el-espiritismo-y-el-mundo-de-los-espiritus\/#breadcrumb\",\"itemListElement\":[{\"@type\":\"ListItem\",\"position\":1,\"name\":\"Startseite\",\"item\":\"https:\/\/nuevo-renacer.com\/\"},{\"@type\":\"ListItem\",\"position\":2,\"name\":\"Lo que sin duda debe tener en cuenta al tratar con el espiritismo y el mundo de los esp\u00edritus\"}]},{\"@type\":\"WebSite\",\"@id\":\"https:\/\/nuevo-renacer.com\/#website\",\"url\":\"https:\/\/nuevo-renacer.com\/\",\"name\":\"Uni\u00f3n Esp\u00edrita\",\"description\":\"Nuevo Renacer\",\"publisher\":{\"@id\":\"https:\/\/nuevo-renacer.com\/#organization\"},\"potentialAction\":[{\"@type\":\"SearchAction\",\"target\":{\"@type\":\"EntryPoint\",\"urlTemplate\":\"https:\/\/nuevo-renacer.com\/?s={search_term_string}\"},\"query-input\":{\"@type\":\"PropertyValueSpecification\",\"valueRequired\":true,\"valueName\":\"search_term_string\"}}],\"inLanguage\":\"it-IT\"},{\"@type\":\"Organization\",\"@id\":\"https:\/\/nuevo-renacer.com\/#organization\",\"name\":\"UFEC\",\"url\":\"https:\/\/nuevo-renacer.com\/\",\"logo\":{\"@type\":\"ImageObject\",\"inLanguage\":\"it-IT\",\"@id\":\"https:\/\/nuevo-renacer.com\/#\/schema\/logo\/image\/\",\"url\":\"https:\/\/nuevo-renacer.com\/wp-content\/uploads\/2024\/05\/cropped-LOGO-TERMINADO1-3-3.png\",\"contentUrl\":\"https:\/\/nuevo-renacer.com\/wp-content\/uploads\/2024\/05\/cropped-LOGO-TERMINADO1-3-3.png\",\"width\":512,\"height\":512,\"caption\":\"UFEC\"},\"image\":{\"@id\":\"https:\/\/nuevo-renacer.com\/#\/schema\/logo\/image\/\"},\"sameAs\":[\"https:\/\/www.facebook.com\/groups\/3431398063740829\"]}]}<\/script>\n<!-- \/ Yoast SEO Premium plugin. -->","yoast_head_json":{"title":"Lo que sin duda debe tener en cuenta al tratar con el espiritismo y el mundo de los esp\u00edritus - Uni\u00f3n Esp\u00edrita","robots":{"index":"index","follow":"follow","max-snippet":"max-snippet:-1","max-image-preview":"max-image-preview:large","max-video-preview":"max-video-preview:-1"},"canonical":"https:\/\/nuevo-renacer.com\/it\/lo-que-sin-duda-debe-tener-en-cuenta-al-tratar-con-el-espiritismo-y-el-mundo-de-los-espiritus\/","og_locale":"it_IT","og_type":"article","og_title":"Lo que sin duda debe tener en cuenta al tratar con el espiritismo y el mundo de los esp\u00edritus","og_description":"Lo que sin duda debe tener en cuenta al tratar con el espiritismo y el mundo de los esp\u00edritus Para la mayor\u00eda de las personas que no est\u00e1n familiarizadas con el tema, el espiritismo y el mundo de los esp\u00edritus pertenecen al \u00e1mbito de lo sobrenatural y lo paranormal. Y esto suscita precisamente dos reacciones: [&hellip;]","og_url":"https:\/\/nuevo-renacer.com\/it\/lo-que-sin-duda-debe-tener-en-cuenta-al-tratar-con-el-espiritismo-y-el-mundo-de-los-espiritus\/","og_site_name":"Uni\u00f3n Esp\u00edrita","article_publisher":"https:\/\/www.facebook.com\/groups\/3431398063740829","article_modified_time":"2024-10-10T15:03:46+00:00","og_image":[{"url":"https:\/\/nuevo-renacer.com\/wp-content\/uploads\/2024\/10\/spiritual-awakening-concept_917213-226319.avif","type":"","width":"","height":""}],"twitter_card":"summary_large_image","twitter_misc":{"Tempo di lettura stimato":"7 minuti"},"schema":{"@context":"https:\/\/schema.org","@graph":[{"@type":"WebPage","@id":"https:\/\/nuevo-renacer.com\/lo-que-sin-duda-debe-tener-en-cuenta-al-tratar-con-el-espiritismo-y-el-mundo-de-los-espiritus\/","url":"https:\/\/nuevo-renacer.com\/lo-que-sin-duda-debe-tener-en-cuenta-al-tratar-con-el-espiritismo-y-el-mundo-de-los-espiritus\/","name":"Lo que sin duda debe tener en cuenta al tratar con el espiritismo y el mundo de los esp\u00edritus - Uni\u00f3n Esp\u00edrita","isPartOf":{"@id":"https:\/\/nuevo-renacer.com\/#website"},"primaryImageOfPage":{"@id":"https:\/\/nuevo-renacer.com\/lo-que-sin-duda-debe-tener-en-cuenta-al-tratar-con-el-espiritismo-y-el-mundo-de-los-espiritus\/#primaryimage"},"image":{"@id":"https:\/\/nuevo-renacer.com\/lo-que-sin-duda-debe-tener-en-cuenta-al-tratar-con-el-espiritismo-y-el-mundo-de-los-espiritus\/#primaryimage"},"thumbnailUrl":"https:\/\/nuevo-renacer.com\/wp-content\/uploads\/2024\/10\/spiritual-awakening-concept_917213-226319.avif","datePublished":"2024-10-10T14:56:41+00:00","dateModified":"2024-10-10T15:03:46+00:00","breadcrumb":{"@id":"https:\/\/nuevo-renacer.com\/lo-que-sin-duda-debe-tener-en-cuenta-al-tratar-con-el-espiritismo-y-el-mundo-de-los-espiritus\/#breadcrumb"},"inLanguage":"it-IT","potentialAction":[{"@type":"ReadAction","target":["https:\/\/nuevo-renacer.com\/lo-que-sin-duda-debe-tener-en-cuenta-al-tratar-con-el-espiritismo-y-el-mundo-de-los-espiritus\/"]}]},{"@type":"ImageObject","inLanguage":"it-IT","@id":"https:\/\/nuevo-renacer.com\/lo-que-sin-duda-debe-tener-en-cuenta-al-tratar-con-el-espiritismo-y-el-mundo-de-los-espiritus\/#primaryimage","url":"https:\/\/nuevo-renacer.com\/wp-content\/uploads\/2024\/10\/spiritual-awakening-concept_917213-226319.avif","contentUrl":"https:\/\/nuevo-renacer.com\/wp-content\/uploads\/2024\/10\/spiritual-awakening-concept_917213-226319.avif"},{"@type":"BreadcrumbList","@id":"https:\/\/nuevo-renacer.com\/lo-que-sin-duda-debe-tener-en-cuenta-al-tratar-con-el-espiritismo-y-el-mundo-de-los-espiritus\/#breadcrumb","itemListElement":[{"@type":"ListItem","position":1,"name":"Startseite","item":"https:\/\/nuevo-renacer.com\/"},{"@type":"ListItem","position":2,"name":"Lo que sin duda debe tener en cuenta al tratar con el espiritismo y el mundo de los esp\u00edritus"}]},{"@type":"WebSite","@id":"https:\/\/nuevo-renacer.com\/#website","url":"https:\/\/nuevo-renacer.com\/","name":"Uni\u00f3n Esp\u00edrita","description":"Nuevo Renacer","publisher":{"@id":"https:\/\/nuevo-renacer.com\/#organization"},"potentialAction":[{"@type":"SearchAction","target":{"@type":"EntryPoint","urlTemplate":"https:\/\/nuevo-renacer.com\/?s={search_term_string}"},"query-input":{"@type":"PropertyValueSpecification","valueRequired":true,"valueName":"search_term_string"}}],"inLanguage":"it-IT"},{"@type":"Organization","@id":"https:\/\/nuevo-renacer.com\/#organization","name":"UFEC","url":"https:\/\/nuevo-renacer.com\/","logo":{"@type":"ImageObject","inLanguage":"it-IT","@id":"https:\/\/nuevo-renacer.com\/#\/schema\/logo\/image\/","url":"https:\/\/nuevo-renacer.com\/wp-content\/uploads\/2024\/05\/cropped-LOGO-TERMINADO1-3-3.png","contentUrl":"https:\/\/nuevo-renacer.com\/wp-content\/uploads\/2024\/05\/cropped-LOGO-TERMINADO1-3-3.png","width":512,"height":512,"caption":"UFEC"},"image":{"@id":"https:\/\/nuevo-renacer.com\/#\/schema\/logo\/image\/"},"sameAs":["https:\/\/www.facebook.com\/groups\/3431398063740829"]}]}},"uagb_featured_image_src":{"full":false,"thumbnail":false,"medium":false,"medium_large":false,"large":false,"1536x1536":false,"2048x2048":false,"trp-custom-language-flag":false},"uagb_author_info":{"display_name":"adbv0","author_link":"https:\/\/nuevo-renacer.com\/it\/author\/adbv0\/"},"uagb_comment_info":0,"uagb_excerpt":"Lo que sin duda debe tener en cuenta al tratar con el espiritismo y el mundo de los esp\u00edritus Para la mayor\u00eda de las personas que no est\u00e1n familiarizadas con el tema, el espiritismo y el mundo de los esp\u00edritus pertenecen al \u00e1mbito de lo sobrenatural y lo paranormal. Y esto suscita precisamente dos reacciones:&hellip;","jetpack_sharing_enabled":true,"_links":{"self":[{"href":"https:\/\/nuevo-renacer.com\/it\/wp-json\/wp\/v2\/pages\/5510","targetHints":{"allow":["GET"]}}],"collection":[{"href":"https:\/\/nuevo-renacer.com\/it\/wp-json\/wp\/v2\/pages"}],"about":[{"href":"https:\/\/nuevo-renacer.com\/it\/wp-json\/wp\/v2\/types\/page"}],"author":[{"embeddable":true,"href":"https:\/\/nuevo-renacer.com\/it\/wp-json\/wp\/v2\/users\/1"}],"replies":[{"embeddable":true,"href":"https:\/\/nuevo-renacer.com\/it\/wp-json\/wp\/v2\/comments?post=5510"}],"version-history":[{"count":4,"href":"https:\/\/nuevo-renacer.com\/it\/wp-json\/wp\/v2\/pages\/5510\/revisions"}],"predecessor-version":[{"id":5516,"href":"https:\/\/nuevo-renacer.com\/it\/wp-json\/wp\/v2\/pages\/5510\/revisions\/5516"}],"wp:attachment":[{"href":"https:\/\/nuevo-renacer.com\/it\/wp-json\/wp\/v2\/media?parent=5510"}],"curies":[{"name":"wp","href":"https:\/\/api.w.org\/{rel}","templated":true}]}}