{"id":5297,"date":"2024-10-07T12:43:26","date_gmt":"2024-10-07T12:43:26","guid":{"rendered":"https:\/\/nuevo-renacer.com\/?page_id=5297"},"modified":"2024-10-07T15:04:39","modified_gmt":"2024-10-07T15:04:39","slug":"historia-del-espiritismo-en-bulgaria","status":"publish","type":"page","link":"https:\/\/nuevo-renacer.com\/it\/historia-del-espiritismo-en-bulgaria\/","title":{"rendered":"Historia del Espiritismo en Bulgaria"},"content":{"rendered":"<div class=\"wp-block-uagb-container uagb-block-aea7970b alignfull uagb-is-root-container\"><div class=\"uagb-container-inner-blocks-wrap\">\n<p class=\"has-black-color has-text-color has-link-color has-medium-font-size wp-elements-889c6513c779e722b327bda9dab7b03a\"><strong>Historia del Espiritismo en Bulgaria<\/strong><\/p>\n<\/div><\/div>\n\n\n\n<div class=\"wp-block-uagb-container uagb-block-5cf5b7c2 alignfull uagb-is-root-container\"><div class=\"uagb-container-inner-blocks-wrap\"><\/div><\/div>\n\n\n\n<div class=\"wp-block-uagb-container uagb-block-b9a05cb9 alignfull uagb-is-root-container\"><div class=\"uagb-container-inner-blocks-wrap\">\n<figure class=\"wp-block-image size-full is-resized has-custom-border\"><img fetchpriority=\"high\" decoding=\"async\" width=\"612\" height=\"408\" src=\"https:\/\/nuevo-renacer.com\/wp-content\/uploads\/2024\/10\/istockphoto-657672310-612x612-1.jpg\" alt=\"\" class=\"wp-image-5298\" style=\"border-width:1px;width:84px\" srcset=\"https:\/\/nuevo-renacer.com\/wp-content\/uploads\/2024\/10\/istockphoto-657672310-612x612-1.jpg 612w, https:\/\/nuevo-renacer.com\/wp-content\/uploads\/2024\/10\/istockphoto-657672310-612x612-1-300x200.jpg 300w, https:\/\/nuevo-renacer.com\/wp-content\/uploads\/2024\/10\/istockphoto-657672310-612x612-1-18x12.jpg 18w\" sizes=\"(max-width: 612px) 100vw, 612px\" \/><\/figure>\n<\/div><\/div>\n\n\n\n<div class=\"wp-block-uagb-container uagb-block-38e463f4 alignfull uagb-is-root-container\"><div class=\"uagb-container-inner-blocks-wrap\">\n<p class=\"has-black-color has-text-color has-link-color has-medium-font-size wp-elements-87ae1b8a164beb207ad51ce8e7241e41\"><strong>Dr. Georgi Mirkovic y el Espiritismo<\/strong><\/p>\n\n\n\n<div class=\"wp-block-uagb-container uagb-block-9418e7d2\">\n<figure class=\"wp-block-image size-full is-resized\"><img decoding=\"async\" width=\"512\" height=\"715\" src=\"https:\/\/nuevo-renacer.com\/wp-content\/uploads\/2024\/10\/Scan-200123-0008001-1.jpg\" alt=\"\" class=\"wp-image-5302\" style=\"width:270px;height:auto\" srcset=\"https:\/\/nuevo-renacer.com\/wp-content\/uploads\/2024\/10\/Scan-200123-0008001-1.jpg 512w, https:\/\/nuevo-renacer.com\/wp-content\/uploads\/2024\/10\/Scan-200123-0008001-1-215x300.jpg 215w, https:\/\/nuevo-renacer.com\/wp-content\/uploads\/2024\/10\/Scan-200123-0008001-1-9x12.jpg 9w\" sizes=\"(max-width: 512px) 100vw, 512px\" \/><figcaption class=\"wp-element-caption\">Dr. Georgi Mirkovic.<\/figcaption><\/figure>\n<\/div>\n\n\n\n<p class=\"has-black-color has-text-color has-link-color has-small-font-size wp-elements-89739709e55af8a2c2b6dd11f97c691d\">El Dr. Mirkovic naci\u00f3 en Sliven en 1825 y su vida tiene una larga historia.<\/p>\n\n\n\n<p class=\"has-black-color has-text-color has-link-color has-small-font-size wp-elements-4bf3727d48ae12ade00612ad1c9bd627\">Hacia 1848, ingres\u00f3 en la escuela cat\u00f3lica francesa de Babek-Carigrad. All\u00ed conoci\u00f3 a un monje llamado Ren\u00e9, que le introdujo en el espiritismo, al que permaneci\u00f3 fiel el resto de su vida. En 1851 viaj\u00f3 a Francia y complet\u00f3 sus estudios de medicina en Montpellier en 1856. All\u00ed conoci\u00f3 pr\u00e1cticamente la clarividencia. En esta \u00e9poca, su hermano, un rico comerciante que le manten\u00eda, enviaba regularmente contribuciones mensuales al banco local. De repente, las aportaciones cesaron y \u00e9l se vio expuesto a la miseria y tuvo que pasar hambre. Entonces le aconsejaron que fuera a ver a una mujer que era clarividente para que le dijera por qu\u00e9 no entraba su dinero. Se reuni\u00f3 con ella y le dijo: \u00abTu dinero est\u00e1 aqu\u00ed, en la oficina de correos, pero la direcci\u00f3n est\u00e1 mal escrita y no te lo pueden enviar. Ve a buscarlo\u00bb. Va a la oficina de correos y, efectivamente, el dinero lleva all\u00ed mucho tiempo porque la direcci\u00f3n est\u00e1 mal escrita. Le dan el dinero. Pero esta visi\u00f3n interior del clarividente le conmueve profundamente y se da cuenta de que existe un mundo invisible, que hay un lado oculto en la vida que hay que estudiar. Empieza a interesarse por ello y cae en los c\u00edrculos espiritistas. Luego vino el materialismo y la teor\u00eda de la evoluci\u00f3n de Darwin sobre el origen de la vida, por un lado, y el espiritismo, por otro, que demostr\u00f3 que hab\u00eda un mundo invisible.<\/p>\n\n\n\n<p class=\"has-black-color has-text-color has-link-color has-small-font-size wp-elements-b6ae0f484e1d4481030f3b83bba56d0a\">En 1870 particip\u00f3 en el movimiento revolucionario del Sanjak de Vidin y fue entregado a las autoridades turcas por el metropolitano b\u00falgaro Doro-Tey, hijo de la hermana del griego y turc\u00f3filo Naid Gerov. El Dr. Mirkovic fue enviado a Diyarbekir en prisi\u00f3n perpetua.<\/p>\n\n\n\n<p class=\"has-black-color has-text-color has-link-color has-small-font-size wp-elements-f414f616ab41052edb115e21b9fe614b\">All\u00ed conoci\u00f3 a un m\u00e9dico franc\u00e9s viajero, muy apreciado por el gobierno turco, que intercedi\u00f3 por \u00e9l y le liber\u00f3 de sus cadenas para hacer frente a la epidemia de c\u00f3lera que se hab\u00eda declarado. Y \u00e9sta es su tesis doctoral. Liberado bajo fianza, se mueve libremente y trata a la poblaci\u00f3n local, amasando una fortuna envidiable. Algunos de sus compa\u00f1eros de exilio se ofrecen a organizar su huida de Diyarbakir. Sin embargo, \u00e9l se niega en redondo. La raz\u00f3n es que ha conocido a un profeta local que predice que ser\u00e1 liberado de Diyarbakir tras una gran guerra que est\u00e1 por llegar. Su profec\u00eda se cumpli\u00f3 y el fin de su exilio lleg\u00f3 tras la amnist\u00eda de 1878, que sigui\u00f3 a la liberaci\u00f3n de Bulgaria de Rusia.<\/p>\n\n\n\n<p class=\"has-black-color has-text-color has-link-color has-small-font-size wp-elements-ddd62b11519c3198ac55cfb6d7989c9a\">En 1893, tras una visita a Par\u00eds y un encuentro con Anna de la Grange, \u00e9sta le profetiz\u00f3 lo siguiente: \u00abBendita sea Rusia, porque su plan servir\u00e1 al plan divino y allanar\u00e1 el camino al joven l\u00edder divino que levantar\u00e1 la bandera de la independencia de los pa\u00edses oprimidos en un solo cuerpo, mediante la fe en la unidad universal de los creyentes del mundo. Mirkovic, hijo m\u00edo, mi querido ser a quien protejo, tu Gu\u00eda Divino a quien deseas conocer, dicta este mensaje al m\u00e9dium en Par\u00eds bajo el estandarte de la verdadera luz.\u00bb<\/p>\n\n\n\n<div class=\"wp-block-uagb-container uagb-block-30acf874\">\n<figure class=\"wp-block-image size-large is-resized\"><img decoding=\"async\" width=\"584\" height=\"1024\" src=\"https:\/\/nuevo-renacer.com\/wp-content\/uploads\/2024\/10\/Anna-de-la-Grange-584x1024.jpg\" alt=\"\" class=\"wp-image-5309\" style=\"width:228px\" srcset=\"https:\/\/nuevo-renacer.com\/wp-content\/uploads\/2024\/10\/Anna-de-la-Grange-584x1024.jpg 584w, https:\/\/nuevo-renacer.com\/wp-content\/uploads\/2024\/10\/Anna-de-la-Grange-171x300.jpg 171w, https:\/\/nuevo-renacer.com\/wp-content\/uploads\/2024\/10\/Anna-de-la-Grange-768x1348.jpg 768w, https:\/\/nuevo-renacer.com\/wp-content\/uploads\/2024\/10\/Anna-de-la-Grange-875x1536.jpg 875w, https:\/\/nuevo-renacer.com\/wp-content\/uploads\/2024\/10\/Anna-de-la-Grange-7x12.jpg 7w, https:\/\/nuevo-renacer.com\/wp-content\/uploads\/2024\/10\/Anna-de-la-Grange.jpg 1167w\" sizes=\"(max-width: 584px) 100vw, 584px\" \/><figcaption class=\"wp-element-caption\">Anna de La Grange<\/figcaption><\/figure>\n<\/div>\n\n\n\n<p class=\"has-black-color has-text-color has-link-color has-small-font-size wp-elements-816029d1875f9f34c7b4df51d41abcf0\">En 1899, el doctor Mirkovic, junto con Penyu Kirov y Todor Stoinemov, de Burgas, fue invitado personalmente por el maestro Petar Danow al primer congreso del c\u00edrculo espiritual. En agosto de 1905, a petici\u00f3n suya, fue advertido por el mundo invisible de que pusiera fin a sus asuntos terrenales, ya que su partida al m\u00e1s all\u00e1 era inminente. El 29.09.1905 parti\u00f3 de la vida.<\/p>\n\n\n\n<div class=\"wp-block-uagb-container uagb-block-78d595e6\">\n<figure class=\"wp-block-image size-full is-resized\"><img loading=\"lazy\" decoding=\"async\" width=\"211\" height=\"300\" src=\"https:\/\/nuevo-renacer.com\/wp-content\/uploads\/2024\/10\/\u041f\u0435\u0442\u044a\u0440-\u0414\u044a\u043d\u043e\u0432-211x300-1.jpg\" alt=\"\" class=\"wp-image-5306\" style=\"width:228px;height:auto\" srcset=\"https:\/\/nuevo-renacer.com\/wp-content\/uploads\/2024\/10\/\u041f\u0435\u0442\u044a\u0440-\u0414\u044a\u043d\u043e\u0432-211x300-1.jpg 211w, https:\/\/nuevo-renacer.com\/wp-content\/uploads\/2024\/10\/\u041f\u0435\u0442\u044a\u0440-\u0414\u044a\u043d\u043e\u0432-211x300-1-8x12.jpg 8w\" sizes=\"(max-width: 211px) 100vw, 211px\" \/><figcaption class=\"wp-element-caption\">Petar Danow<\/figcaption><\/figure>\n<\/div>\n\n\n\n<p class=\"has-black-color has-text-color has-link-color has-small-font-size wp-elements-37eac38ff826e586a6d3bb040c984f90\">El Dr. Mirkovic fue un iluminador del Renacimiento, un luchador por la independencia de la Iglesia, un revolucionario, un exiliado de Diarbekir, un defensor de una sociedad democr\u00e1tica y un pionero de los movimientos espirituales en Bulgaria, que prepar\u00f3 el terreno para la llegada del \u00abL\u00edder de la Luz\u00bb, de modo que esta profec\u00eda tambi\u00e9n se cumpliera.<\/p>\n\n\n\n<p class=\"has-black-color has-text-color has-link-color has-small-font-size wp-elements-1afd80afcfab8a67e953f46e9b97351e\">El Dr. Mirkovic fue el cofundador de la Cruz Roja B\u00falgara en Bulgaria, el fundador de las obras de caridad en Bulgaria y en 1990 se prepar\u00f3 un concierto ben\u00e9fico y se celebr\u00f3 al Dr. Georgi Mirkovic como cofundador de la Cruz Roja y de las obras de caridad en Bulgaria. Como uno de los tres primeros disc\u00edpulos del Maestro, fue honrado con una celebraci\u00f3n apropiada en la Casa de los Abogados en Sof\u00eda, donde la m\u00fasica del Maestro Petar Danow fue interpretada por m\u00fasicos de Sof\u00eda, miembros de la Sociedad de la Hermandad Blanca. Este fue el primer concierto tras los cambios acaecidos en Bulgaria el 10 de noviembre de 1989, despu\u00e9s del cual se han celebrado m\u00e1s de diez conciertos en Sof\u00eda hasta la fecha basados en las palabras y la m\u00fasica del Maestro Petar Danow. \u00c9l fue el pionero.<\/p>\n<\/div><\/div>","protected":false},"excerpt":{"rendered":"<p>Historia del Espiritismo en Bulgaria Dr. Georgi Mirkovic y el Espiritismo El Dr. Mirkovic naci\u00f3 en Sliven en 1825 y su vida tiene una larga historia. Hacia 1848, ingres\u00f3 en la escuela cat\u00f3lica francesa de Babek-Carigrad. All\u00ed conoci\u00f3 a un monje llamado Ren\u00e9, que le introdujo en el espiritismo, al que permaneci\u00f3 fiel el resto [&hellip;]<\/p>","protected":false},"author":1,"featured_media":0,"parent":0,"menu_order":0,"comment_status":"closed","ping_status":"closed","template":"","meta":{"_uag_custom_page_level_css":"","site-sidebar-layout":"default","site-content-layout":"","ast-site-content-layout":"default","site-content-style":"default","site-sidebar-style":"default","ast-global-header-display":"","ast-banner-title-visibility":"","ast-main-header-display":"","ast-hfb-above-header-display":"","ast-hfb-below-header-display":"","ast-hfb-mobile-header-display":"","site-post-title":"disabled","ast-breadcrumbs-content":"","ast-featured-img":"","footer-sml-layout":"","theme-transparent-header-meta":"","adv-header-id-meta":"","stick-header-meta":"","header-above-stick-meta":"","header-main-stick-meta":"","header-below-stick-meta":"","astra-migrate-meta-layouts":"set","ast-page-background-enabled":"default","ast-page-background-meta":{"desktop":{"background-color":"var(--ast-global-color-4)","background-image":"","background-repeat":"repeat","background-position":"center center","background-size":"auto","background-attachment":"scroll","background-type":"","background-media":"","overlay-type":"","overlay-color":"","overlay-opacity":"","overlay-gradient":""},"tablet":{"background-color":"","background-image":"","background-repeat":"repeat","background-position":"center center","background-size":"auto","background-attachment":"scroll","background-type":"","background-media":"","overlay-type":"","overlay-color":"","overlay-opacity":"","overlay-gradient":""},"mobile":{"background-color":"","background-image":"","background-repeat":"repeat","background-position":"center center","background-size":"auto","background-attachment":"scroll","background-type":"","background-media":"","overlay-type":"","overlay-color":"","overlay-opacity":"","overlay-gradient":""}},"ast-content-background-meta":{"desktop":{"background-color":"var(--ast-global-color-5)","background-image":"","background-repeat":"repeat","background-position":"center center","background-size":"auto","background-attachment":"scroll","background-type":"","background-media":"","overlay-type":"","overlay-color":"","overlay-opacity":"","overlay-gradient":""},"tablet":{"background-color":"var(--ast-global-color-5)","background-image":"","background-repeat":"repeat","background-position":"center center","background-size":"auto","background-attachment":"scroll","background-type":"","background-media":"","overlay-type":"","overlay-color":"","overlay-opacity":"","overlay-gradient":""},"mobile":{"background-color":"var(--ast-global-color-5)","background-image":"","background-repeat":"repeat","background-position":"center center","background-size":"auto","background-attachment":"scroll","background-type":"","background-media":"","overlay-type":"","overlay-color":"","overlay-opacity":"","overlay-gradient":""}},"footnotes":""},"class_list":["post-5297","page","type-page","status-publish","hentry"],"yoast_head":"<!-- This site is optimized with the Yoast SEO Premium plugin v24.2 (Yoast SEO v24.6) - https:\/\/yoast.com\/wordpress\/plugins\/seo\/ -->\n<title>Historia del Espiritismo en Bulgaria - Uni\u00f3n Esp\u00edrita<\/title>\n<meta name=\"robots\" content=\"index, follow, max-snippet:-1, max-image-preview:large, max-video-preview:-1\" \/>\n<link rel=\"canonical\" href=\"https:\/\/nuevo-renacer.com\/it\/historia-del-espiritismo-en-bulgaria\/\" \/>\n<meta property=\"og:locale\" content=\"it_IT\" \/>\n<meta property=\"og:type\" content=\"article\" \/>\n<meta property=\"og:title\" content=\"Historia del Espiritismo en Bulgaria\" \/>\n<meta property=\"og:description\" content=\"Historia del Espiritismo en Bulgaria Dr. Georgi Mirkovic y el Espiritismo El Dr. Mirkovic naci\u00f3 en Sliven en 1825 y su vida tiene una larga historia. Hacia 1848, ingres\u00f3 en la escuela cat\u00f3lica francesa de Babek-Carigrad. All\u00ed conoci\u00f3 a un monje llamado Ren\u00e9, que le introdujo en el espiritismo, al que permaneci\u00f3 fiel el resto [&hellip;]\" \/>\n<meta property=\"og:url\" content=\"https:\/\/nuevo-renacer.com\/it\/historia-del-espiritismo-en-bulgaria\/\" \/>\n<meta property=\"og:site_name\" content=\"Uni\u00f3n Esp\u00edrita\" \/>\n<meta property=\"article:publisher\" content=\"https:\/\/www.facebook.com\/groups\/3431398063740829\" \/>\n<meta property=\"article:modified_time\" content=\"2024-10-07T15:04:39+00:00\" \/>\n<meta property=\"og:image\" content=\"https:\/\/nuevo-renacer.com\/wp-content\/uploads\/2024\/10\/istockphoto-657672310-612x612-1.jpg\" \/>\n<meta name=\"twitter:card\" content=\"summary_large_image\" \/>\n<meta name=\"twitter:label1\" content=\"Tempo di lettura stimato\" \/>\n\t<meta name=\"twitter:data1\" content=\"4 minuti\" \/>\n<script type=\"application\/ld+json\" class=\"yoast-schema-graph\">{\"@context\":\"https:\/\/schema.org\",\"@graph\":[{\"@type\":\"WebPage\",\"@id\":\"https:\/\/nuevo-renacer.com\/historia-del-espiritismo-en-bulgaria\/\",\"url\":\"https:\/\/nuevo-renacer.com\/historia-del-espiritismo-en-bulgaria\/\",\"name\":\"Historia del Espiritismo en Bulgaria - Uni\u00f3n Esp\u00edrita\",\"isPartOf\":{\"@id\":\"https:\/\/nuevo-renacer.com\/#website\"},\"primaryImageOfPage\":{\"@id\":\"https:\/\/nuevo-renacer.com\/historia-del-espiritismo-en-bulgaria\/#primaryimage\"},\"image\":{\"@id\":\"https:\/\/nuevo-renacer.com\/historia-del-espiritismo-en-bulgaria\/#primaryimage\"},\"thumbnailUrl\":\"https:\/\/nuevo-renacer.com\/wp-content\/uploads\/2024\/10\/istockphoto-657672310-612x612-1.jpg\",\"datePublished\":\"2024-10-07T12:43:26+00:00\",\"dateModified\":\"2024-10-07T15:04:39+00:00\",\"breadcrumb\":{\"@id\":\"https:\/\/nuevo-renacer.com\/historia-del-espiritismo-en-bulgaria\/#breadcrumb\"},\"inLanguage\":\"it-IT\",\"potentialAction\":[{\"@type\":\"ReadAction\",\"target\":[\"https:\/\/nuevo-renacer.com\/historia-del-espiritismo-en-bulgaria\/\"]}]},{\"@type\":\"ImageObject\",\"inLanguage\":\"it-IT\",\"@id\":\"https:\/\/nuevo-renacer.com\/historia-del-espiritismo-en-bulgaria\/#primaryimage\",\"url\":\"https:\/\/nuevo-renacer.com\/wp-content\/uploads\/2024\/10\/istockphoto-657672310-612x612-1.jpg\",\"contentUrl\":\"https:\/\/nuevo-renacer.com\/wp-content\/uploads\/2024\/10\/istockphoto-657672310-612x612-1.jpg\"},{\"@type\":\"BreadcrumbList\",\"@id\":\"https:\/\/nuevo-renacer.com\/historia-del-espiritismo-en-bulgaria\/#breadcrumb\",\"itemListElement\":[{\"@type\":\"ListItem\",\"position\":1,\"name\":\"Startseite\",\"item\":\"https:\/\/nuevo-renacer.com\/\"},{\"@type\":\"ListItem\",\"position\":2,\"name\":\"Historia del Espiritismo en Bulgaria\"}]},{\"@type\":\"WebSite\",\"@id\":\"https:\/\/nuevo-renacer.com\/#website\",\"url\":\"https:\/\/nuevo-renacer.com\/\",\"name\":\"Uni\u00f3n Esp\u00edrita\",\"description\":\"Nuevo Renacer\",\"publisher\":{\"@id\":\"https:\/\/nuevo-renacer.com\/#organization\"},\"potentialAction\":[{\"@type\":\"SearchAction\",\"target\":{\"@type\":\"EntryPoint\",\"urlTemplate\":\"https:\/\/nuevo-renacer.com\/?s={search_term_string}\"},\"query-input\":{\"@type\":\"PropertyValueSpecification\",\"valueRequired\":true,\"valueName\":\"search_term_string\"}}],\"inLanguage\":\"it-IT\"},{\"@type\":\"Organization\",\"@id\":\"https:\/\/nuevo-renacer.com\/#organization\",\"name\":\"UFEC\",\"url\":\"https:\/\/nuevo-renacer.com\/\",\"logo\":{\"@type\":\"ImageObject\",\"inLanguage\":\"it-IT\",\"@id\":\"https:\/\/nuevo-renacer.com\/#\/schema\/logo\/image\/\",\"url\":\"https:\/\/nuevo-renacer.com\/wp-content\/uploads\/2024\/05\/cropped-LOGO-TERMINADO1-3-3.png\",\"contentUrl\":\"https:\/\/nuevo-renacer.com\/wp-content\/uploads\/2024\/05\/cropped-LOGO-TERMINADO1-3-3.png\",\"width\":512,\"height\":512,\"caption\":\"UFEC\"},\"image\":{\"@id\":\"https:\/\/nuevo-renacer.com\/#\/schema\/logo\/image\/\"},\"sameAs\":[\"https:\/\/www.facebook.com\/groups\/3431398063740829\"]}]}<\/script>\n<!-- \/ Yoast SEO Premium plugin. -->","yoast_head_json":{"title":"Historia del Espiritismo en Bulgaria - Uni\u00f3n Esp\u00edrita","robots":{"index":"index","follow":"follow","max-snippet":"max-snippet:-1","max-image-preview":"max-image-preview:large","max-video-preview":"max-video-preview:-1"},"canonical":"https:\/\/nuevo-renacer.com\/it\/historia-del-espiritismo-en-bulgaria\/","og_locale":"it_IT","og_type":"article","og_title":"Historia del Espiritismo en Bulgaria","og_description":"Historia del Espiritismo en Bulgaria Dr. Georgi Mirkovic y el Espiritismo El Dr. Mirkovic naci\u00f3 en Sliven en 1825 y su vida tiene una larga historia. Hacia 1848, ingres\u00f3 en la escuela cat\u00f3lica francesa de Babek-Carigrad. All\u00ed conoci\u00f3 a un monje llamado Ren\u00e9, que le introdujo en el espiritismo, al que permaneci\u00f3 fiel el resto [&hellip;]","og_url":"https:\/\/nuevo-renacer.com\/it\/historia-del-espiritismo-en-bulgaria\/","og_site_name":"Uni\u00f3n Esp\u00edrita","article_publisher":"https:\/\/www.facebook.com\/groups\/3431398063740829","article_modified_time":"2024-10-07T15:04:39+00:00","og_image":[{"url":"https:\/\/nuevo-renacer.com\/wp-content\/uploads\/2024\/10\/istockphoto-657672310-612x612-1.jpg","type":"","width":"","height":""}],"twitter_card":"summary_large_image","twitter_misc":{"Tempo di lettura stimato":"4 minuti"},"schema":{"@context":"https:\/\/schema.org","@graph":[{"@type":"WebPage","@id":"https:\/\/nuevo-renacer.com\/historia-del-espiritismo-en-bulgaria\/","url":"https:\/\/nuevo-renacer.com\/historia-del-espiritismo-en-bulgaria\/","name":"Historia del Espiritismo en Bulgaria - Uni\u00f3n Esp\u00edrita","isPartOf":{"@id":"https:\/\/nuevo-renacer.com\/#website"},"primaryImageOfPage":{"@id":"https:\/\/nuevo-renacer.com\/historia-del-espiritismo-en-bulgaria\/#primaryimage"},"image":{"@id":"https:\/\/nuevo-renacer.com\/historia-del-espiritismo-en-bulgaria\/#primaryimage"},"thumbnailUrl":"https:\/\/nuevo-renacer.com\/wp-content\/uploads\/2024\/10\/istockphoto-657672310-612x612-1.jpg","datePublished":"2024-10-07T12:43:26+00:00","dateModified":"2024-10-07T15:04:39+00:00","breadcrumb":{"@id":"https:\/\/nuevo-renacer.com\/historia-del-espiritismo-en-bulgaria\/#breadcrumb"},"inLanguage":"it-IT","potentialAction":[{"@type":"ReadAction","target":["https:\/\/nuevo-renacer.com\/historia-del-espiritismo-en-bulgaria\/"]}]},{"@type":"ImageObject","inLanguage":"it-IT","@id":"https:\/\/nuevo-renacer.com\/historia-del-espiritismo-en-bulgaria\/#primaryimage","url":"https:\/\/nuevo-renacer.com\/wp-content\/uploads\/2024\/10\/istockphoto-657672310-612x612-1.jpg","contentUrl":"https:\/\/nuevo-renacer.com\/wp-content\/uploads\/2024\/10\/istockphoto-657672310-612x612-1.jpg"},{"@type":"BreadcrumbList","@id":"https:\/\/nuevo-renacer.com\/historia-del-espiritismo-en-bulgaria\/#breadcrumb","itemListElement":[{"@type":"ListItem","position":1,"name":"Startseite","item":"https:\/\/nuevo-renacer.com\/"},{"@type":"ListItem","position":2,"name":"Historia del Espiritismo en Bulgaria"}]},{"@type":"WebSite","@id":"https:\/\/nuevo-renacer.com\/#website","url":"https:\/\/nuevo-renacer.com\/","name":"Uni\u00f3n Esp\u00edrita","description":"Nuevo Renacer","publisher":{"@id":"https:\/\/nuevo-renacer.com\/#organization"},"potentialAction":[{"@type":"SearchAction","target":{"@type":"EntryPoint","urlTemplate":"https:\/\/nuevo-renacer.com\/?s={search_term_string}"},"query-input":{"@type":"PropertyValueSpecification","valueRequired":true,"valueName":"search_term_string"}}],"inLanguage":"it-IT"},{"@type":"Organization","@id":"https:\/\/nuevo-renacer.com\/#organization","name":"UFEC","url":"https:\/\/nuevo-renacer.com\/","logo":{"@type":"ImageObject","inLanguage":"it-IT","@id":"https:\/\/nuevo-renacer.com\/#\/schema\/logo\/image\/","url":"https:\/\/nuevo-renacer.com\/wp-content\/uploads\/2024\/05\/cropped-LOGO-TERMINADO1-3-3.png","contentUrl":"https:\/\/nuevo-renacer.com\/wp-content\/uploads\/2024\/05\/cropped-LOGO-TERMINADO1-3-3.png","width":512,"height":512,"caption":"UFEC"},"image":{"@id":"https:\/\/nuevo-renacer.com\/#\/schema\/logo\/image\/"},"sameAs":["https:\/\/www.facebook.com\/groups\/3431398063740829"]}]}},"uagb_featured_image_src":{"full":false,"thumbnail":false,"medium":false,"medium_large":false,"large":false,"1536x1536":false,"2048x2048":false,"trp-custom-language-flag":false},"uagb_author_info":{"display_name":"adbv0","author_link":"https:\/\/nuevo-renacer.com\/it\/author\/adbv0\/"},"uagb_comment_info":0,"uagb_excerpt":"Historia del Espiritismo en Bulgaria Dr. Georgi Mirkovic y el Espiritismo El Dr. Mirkovic naci\u00f3 en Sliven en 1825 y su vida tiene una larga historia. Hacia 1848, ingres\u00f3 en la escuela cat\u00f3lica francesa de Babek-Carigrad. All\u00ed conoci\u00f3 a un monje llamado Ren\u00e9, que le introdujo en el espiritismo, al que permaneci\u00f3 fiel el resto&hellip;","jetpack_sharing_enabled":true,"_links":{"self":[{"href":"https:\/\/nuevo-renacer.com\/it\/wp-json\/wp\/v2\/pages\/5297","targetHints":{"allow":["GET"]}}],"collection":[{"href":"https:\/\/nuevo-renacer.com\/it\/wp-json\/wp\/v2\/pages"}],"about":[{"href":"https:\/\/nuevo-renacer.com\/it\/wp-json\/wp\/v2\/types\/page"}],"author":[{"embeddable":true,"href":"https:\/\/nuevo-renacer.com\/it\/wp-json\/wp\/v2\/users\/1"}],"replies":[{"embeddable":true,"href":"https:\/\/nuevo-renacer.com\/it\/wp-json\/wp\/v2\/comments?post=5297"}],"version-history":[{"count":9,"href":"https:\/\/nuevo-renacer.com\/it\/wp-json\/wp\/v2\/pages\/5297\/revisions"}],"predecessor-version":[{"id":5317,"href":"https:\/\/nuevo-renacer.com\/it\/wp-json\/wp\/v2\/pages\/5297\/revisions\/5317"}],"wp:attachment":[{"href":"https:\/\/nuevo-renacer.com\/it\/wp-json\/wp\/v2\/media?parent=5297"}],"curies":[{"name":"wp","href":"https:\/\/api.w.org\/{rel}","templated":true}]}}