{"id":5199,"date":"2024-10-03T17:30:18","date_gmt":"2024-10-03T17:30:18","guid":{"rendered":"https:\/\/nuevo-renacer.com\/?page_id=5199"},"modified":"2024-10-10T14:31:49","modified_gmt":"2024-10-10T14:31:49","slug":"daniela-m-acerca-del-suicidio","status":"publish","type":"page","link":"https:\/\/nuevo-renacer.com\/it\/daniela-m-acerca-del-suicidio\/","title":{"rendered":"Il suicidio"},"content":{"rendered":"<div class=\"wp-block-uagb-container uagb-block-88c3add5 alignfull uagb-is-root-container\"><div class=\"uagb-container-inner-blocks-wrap\">\n<p class=\"has-black-color has-text-color has-link-color has-medium-font-size wp-elements-fe012c5e274e3842c8cf5c470e919fe5\"><strong>Il suicidio<\/strong><\/p>\n<\/div><\/div>\n\n\n\n<div class=\"wp-block-uagb-container uagb-block-21afdb3d alignfull uagb-is-root-container\"><div class=\"uagb-container-inner-blocks-wrap\">\n<figure class=\"wp-block-image size-full is-resized\"><img fetchpriority=\"high\" decoding=\"async\" width=\"361\" height=\"259\" src=\"https:\/\/nuevo-renacer.com\/wp-content\/uploads\/2024\/10\/illustration-man-free-fall-surreal-260nw-2332925961-edited.webp\" alt=\"\" class=\"wp-image-5195\" style=\"width:347px;height:auto\" srcset=\"https:\/\/nuevo-renacer.com\/wp-content\/uploads\/2024\/10\/illustration-man-free-fall-surreal-260nw-2332925961-edited.webp 361w, https:\/\/nuevo-renacer.com\/wp-content\/uploads\/2024\/10\/illustration-man-free-fall-surreal-260nw-2332925961-edited-300x215.webp 300w, https:\/\/nuevo-renacer.com\/wp-content\/uploads\/2024\/10\/illustration-man-free-fall-surreal-260nw-2332925961-edited-18x12.webp 18w\" sizes=\"(max-width: 361px) 100vw, 361px\" \/><\/figure>\n<\/div><\/div>\n\n\n\n<div class=\"wp-block-uagb-container uagb-block-4e4cd0ee alignfull uagb-is-root-container\"><div class=\"uagb-container-inner-blocks-wrap\">\n<p class=\"has-black-color has-text-color has-link-color has-small-font-size wp-elements-64f72341e7a03a0103e289a1c7033176\">Il suicidio \u00e8 permesso o vietato, \u00e8 punibile o no? In fondo, esiste il libero arbitrio e se il suicidio fa parte di un piano dell'anima? Allora \u00e8 permesso.<\/p>\n\n\n\n<p class=\"has-black-color has-text-color has-link-color has-small-font-size wp-elements-8bb7d4b7067a30ce5accf053323dee90\"><strong>Risposta: <\/strong><\/p>\n\n\n\n<p class=\"has-black-color has-text-color has-link-color has-small-font-size wp-elements-958554ba4ce32a4ad3fc2fb39d84d6b1\">\u00c8 vero che Dio ha dato agli uomini il libero arbitrio, ma considerate questo: voi umani non vi siete incarnati sulla terra per il vostro piacere. Siete sulla terra per espiare gli errori delle vostre vite passate e per imparare da essi, con l'obiettivo divino della vostra perfezione e della redenzione dal ciclo delle reincarnazioni. La terra \u00e8 quindi una sorta di grande scuola per gli spiriti imperfetti. Facciamo ora un confronto tra la grande \u201cscuola terrestre\u201d e le vostre scuole per bambini. Cos\u00ec come il grande obiettivo del piano scolastico terrestre \u00e8 che i bambini si diplomino per avere migliori opportunit\u00e0 di carriera nella vita, il grande obiettivo del vostro \u201cpiano animico\u201d, come lo chiamate voi, \u00e8 la perfezione e la salvezza.<\/p>\n\n\n\n<p class=\"has-black-color has-text-color has-link-color has-small-font-size wp-elements-8f808c4e5392493c693778aa7cc7b960\">Sin embargo, el plan escolar no dice que debes abandonar la escuela antes de graduarte porque no quieres o porque el material y los ex\u00e1menes son demasiado dif\u00edciles para ti. Por supuesto, eres libre de hacerlo a partir de cierta edad. Hay muchos desertores escolares entre vosotros. Y a primera vista, este camino parece el m\u00e1s f\u00e1cil, pero es una ilusi\u00f3n enga\u00f1osa. En realidad, tendr\u00e1s que pagar este camino supuestamente f\u00e1cil con consecuencias posteriores. Y lo mismo ocurre con el suicidio. S\u00ed, eres libre por Dios para acortar tu vida. Pero no conseguir\u00e1s tu objetivo de escapar de tus tribulaciones terrenales y de las lecciones divinas que contienen de la forma m\u00e1s f\u00e1cil posible. Vuestras almas est\u00e1n, por as\u00ed decirlo, programadas con la necesidad urgente de perfeccionarse. Pero esto s\u00f3lo es posible a trav\u00e9s de la reencarnaci\u00f3n y sus pruebas y lecciones. Por lo tanto, tarde o temprano volver\u00e1 voluntariamente a la Tierra o a otro planeta adecuado para alcanzar su gran objetivo. Tendr\u00e1 que ponerse al d\u00eda en todas las lecciones, a veces en circunstancias a\u00fan m\u00e1s dif\u00edciles, lo que no debe entenderse como un castigo de Dios, sino como una lecci\u00f3n m\u00e1s.<\/p>\n\n\n\n<p class=\"has-black-color has-text-color has-link-color has-small-font-size wp-elements-8962a79e3ba473daf90ecf4f910ca0ed\"><strong>Conclusione: <\/strong>S\u00ec, ognuno \u00e8 libero di suicidarsi. Ma il suicidio non significa carta bianca. Avr\u00e0 le sue conseguenze, perch\u00e9 per le anime un ristagno nel loro sviluppo \u00e8 angosciante a lungo termine. In questo senso, s\u00ec, voi stessi siete responsabili del vostro destino futuro e delle sue conseguenze.<\/p>\n\n\n\n<p><em>Daniela M.<\/em><\/p>\n<\/div><\/div>\n\n\n\n<div class=\"wp-block-uagb-container uagb-block-a2302b25 alignfull uagb-is-root-container\"><div class=\"uagb-container-inner-blocks-wrap\"><\/div><\/div>\n\n\n\n<div class=\"wp-block-uagb-container uagb-block-6048f485 alignfull uagb-is-root-container\"><div class=\"uagb-container-inner-blocks-wrap\"><\/div><\/div>","protected":false},"excerpt":{"rendered":"<p>Acerca del suicidio \u00bfEst\u00e1 permitido o prohibido el suicidio? \u00bfSe castiga o no? Despu\u00e9s de todo \u00bfexiste el libre albedr\u00edo? \u00bfY si el suicidio forma parte de un plan del alma? Entonces est\u00e1 permitido. Respuesta: Es cierto que Dios dio a los hombres el libre albedr\u00edo, pero consideren esto: Ustedes los humanos no est\u00e1n encarnados [&hellip;]<\/p>","protected":false},"author":1,"featured_media":0,"parent":0,"menu_order":0,"comment_status":"closed","ping_status":"closed","template":"","meta":{"_uag_custom_page_level_css":"","site-sidebar-layout":"default","site-content-layout":"","ast-site-content-layout":"default","site-content-style":"default","site-sidebar-style":"default","ast-global-header-display":"","ast-banner-title-visibility":"","ast-main-header-display":"","ast-hfb-above-header-display":"","ast-hfb-below-header-display":"","ast-hfb-mobile-header-display":"","site-post-title":"disabled","ast-breadcrumbs-content":"","ast-featured-img":"","footer-sml-layout":"","theme-transparent-header-meta":"","adv-header-id-meta":"","stick-header-meta":"","header-above-stick-meta":"","header-main-stick-meta":"","header-below-stick-meta":"","astra-migrate-meta-layouts":"set","ast-page-background-enabled":"default","ast-page-background-meta":{"desktop":{"background-color":"var(--ast-global-color-4)","background-image":"","background-repeat":"repeat","background-position":"center center","background-size":"auto","background-attachment":"scroll","background-type":"","background-media":"","overlay-type":"","overlay-color":"","overlay-opacity":"","overlay-gradient":""},"tablet":{"background-color":"","background-image":"","background-repeat":"repeat","background-position":"center center","background-size":"auto","background-attachment":"scroll","background-type":"","background-media":"","overlay-type":"","overlay-color":"","overlay-opacity":"","overlay-gradient":""},"mobile":{"background-color":"","background-image":"","background-repeat":"repeat","background-position":"center center","background-size":"auto","background-attachment":"scroll","background-type":"","background-media":"","overlay-type":"","overlay-color":"","overlay-opacity":"","overlay-gradient":""}},"ast-content-background-meta":{"desktop":{"background-color":"var(--ast-global-color-5)","background-image":"","background-repeat":"repeat","background-position":"center center","background-size":"auto","background-attachment":"scroll","background-type":"","background-media":"","overlay-type":"","overlay-color":"","overlay-opacity":"","overlay-gradient":""},"tablet":{"background-color":"var(--ast-global-color-5)","background-image":"","background-repeat":"repeat","background-position":"center center","background-size":"auto","background-attachment":"scroll","background-type":"","background-media":"","overlay-type":"","overlay-color":"","overlay-opacity":"","overlay-gradient":""},"mobile":{"background-color":"var(--ast-global-color-5)","background-image":"","background-repeat":"repeat","background-position":"center center","background-size":"auto","background-attachment":"scroll","background-type":"","background-media":"","overlay-type":"","overlay-color":"","overlay-opacity":"","overlay-gradient":""}},"footnotes":""},"class_list":["post-5199","page","type-page","status-publish","hentry"],"yoast_head":"<!-- This site is optimized with the Yoast SEO Premium plugin v24.2 (Yoast SEO v24.6) - https:\/\/yoast.com\/wordpress\/plugins\/seo\/ -->\n<title>Acerca del suicidio - Uni\u00f3n Esp\u00edrita<\/title>\n<meta name=\"robots\" content=\"index, follow, max-snippet:-1, max-image-preview:large, max-video-preview:-1\" \/>\n<link rel=\"canonical\" href=\"https:\/\/nuevo-renacer.com\/it\/daniela-m-acerca-del-suicidio\/\" \/>\n<meta property=\"og:locale\" content=\"it_IT\" \/>\n<meta property=\"og:type\" content=\"article\" \/>\n<meta property=\"og:title\" content=\"Acerca del suicidio\" \/>\n<meta property=\"og:description\" content=\"Acerca del suicidio \u00bfEst\u00e1 permitido o prohibido el suicidio? \u00bfSe castiga o no? Despu\u00e9s de todo \u00bfexiste el libre albedr\u00edo? \u00bfY si el suicidio forma parte de un plan del alma? Entonces est\u00e1 permitido. Respuesta: Es cierto que Dios dio a los hombres el libre albedr\u00edo, pero consideren esto: Ustedes los humanos no est\u00e1n encarnados [&hellip;]\" \/>\n<meta property=\"og:url\" content=\"https:\/\/nuevo-renacer.com\/it\/daniela-m-acerca-del-suicidio\/\" \/>\n<meta property=\"og:site_name\" content=\"Uni\u00f3n Esp\u00edrita\" \/>\n<meta property=\"article:publisher\" content=\"https:\/\/www.facebook.com\/groups\/3431398063740829\" \/>\n<meta property=\"article:modified_time\" content=\"2024-10-10T14:31:49+00:00\" \/>\n<meta property=\"og:image\" content=\"https:\/\/nuevo-renacer.com\/wp-content\/uploads\/2024\/10\/illustration-man-free-fall-surreal-260nw-2332925961-edited.webp\" \/>\n<meta name=\"twitter:card\" content=\"summary_large_image\" \/>\n<meta name=\"twitter:label1\" content=\"Tempo di lettura stimato\" \/>\n\t<meta name=\"twitter:data1\" content=\"3 minuti\" \/>\n<script type=\"application\/ld+json\" class=\"yoast-schema-graph\">{\"@context\":\"https:\/\/schema.org\",\"@graph\":[{\"@type\":\"WebPage\",\"@id\":\"https:\/\/nuevo-renacer.com\/daniela-m-acerca-del-suicidio\/\",\"url\":\"https:\/\/nuevo-renacer.com\/daniela-m-acerca-del-suicidio\/\",\"name\":\"Acerca del suicidio - Uni\u00f3n Esp\u00edrita\",\"isPartOf\":{\"@id\":\"https:\/\/nuevo-renacer.com\/#website\"},\"primaryImageOfPage\":{\"@id\":\"https:\/\/nuevo-renacer.com\/daniela-m-acerca-del-suicidio\/#primaryimage\"},\"image\":{\"@id\":\"https:\/\/nuevo-renacer.com\/daniela-m-acerca-del-suicidio\/#primaryimage\"},\"thumbnailUrl\":\"https:\/\/nuevo-renacer.com\/wp-content\/uploads\/2024\/10\/illustration-man-free-fall-surreal-260nw-2332925961-edited.webp\",\"datePublished\":\"2024-10-03T17:30:18+00:00\",\"dateModified\":\"2024-10-10T14:31:49+00:00\",\"breadcrumb\":{\"@id\":\"https:\/\/nuevo-renacer.com\/daniela-m-acerca-del-suicidio\/#breadcrumb\"},\"inLanguage\":\"it-IT\",\"potentialAction\":[{\"@type\":\"ReadAction\",\"target\":[\"https:\/\/nuevo-renacer.com\/daniela-m-acerca-del-suicidio\/\"]}]},{\"@type\":\"ImageObject\",\"inLanguage\":\"it-IT\",\"@id\":\"https:\/\/nuevo-renacer.com\/daniela-m-acerca-del-suicidio\/#primaryimage\",\"url\":\"https:\/\/nuevo-renacer.com\/wp-content\/uploads\/2024\/10\/illustration-man-free-fall-surreal-260nw-2332925961-edited.webp\",\"contentUrl\":\"https:\/\/nuevo-renacer.com\/wp-content\/uploads\/2024\/10\/illustration-man-free-fall-surreal-260nw-2332925961-edited.webp\"},{\"@type\":\"BreadcrumbList\",\"@id\":\"https:\/\/nuevo-renacer.com\/daniela-m-acerca-del-suicidio\/#breadcrumb\",\"itemListElement\":[{\"@type\":\"ListItem\",\"position\":1,\"name\":\"Startseite\",\"item\":\"https:\/\/nuevo-renacer.com\/\"},{\"@type\":\"ListItem\",\"position\":2,\"name\":\"Acerca del suicidio\"}]},{\"@type\":\"WebSite\",\"@id\":\"https:\/\/nuevo-renacer.com\/#website\",\"url\":\"https:\/\/nuevo-renacer.com\/\",\"name\":\"Uni\u00f3n Esp\u00edrita\",\"description\":\"Nuevo Renacer\",\"publisher\":{\"@id\":\"https:\/\/nuevo-renacer.com\/#organization\"},\"potentialAction\":[{\"@type\":\"SearchAction\",\"target\":{\"@type\":\"EntryPoint\",\"urlTemplate\":\"https:\/\/nuevo-renacer.com\/?s={search_term_string}\"},\"query-input\":{\"@type\":\"PropertyValueSpecification\",\"valueRequired\":true,\"valueName\":\"search_term_string\"}}],\"inLanguage\":\"it-IT\"},{\"@type\":\"Organization\",\"@id\":\"https:\/\/nuevo-renacer.com\/#organization\",\"name\":\"UFEC\",\"url\":\"https:\/\/nuevo-renacer.com\/\",\"logo\":{\"@type\":\"ImageObject\",\"inLanguage\":\"it-IT\",\"@id\":\"https:\/\/nuevo-renacer.com\/#\/schema\/logo\/image\/\",\"url\":\"https:\/\/nuevo-renacer.com\/wp-content\/uploads\/2024\/05\/cropped-LOGO-TERMINADO1-3-3.png\",\"contentUrl\":\"https:\/\/nuevo-renacer.com\/wp-content\/uploads\/2024\/05\/cropped-LOGO-TERMINADO1-3-3.png\",\"width\":512,\"height\":512,\"caption\":\"UFEC\"},\"image\":{\"@id\":\"https:\/\/nuevo-renacer.com\/#\/schema\/logo\/image\/\"},\"sameAs\":[\"https:\/\/www.facebook.com\/groups\/3431398063740829\"]}]}<\/script>\n<!-- \/ Yoast SEO Premium plugin. -->","yoast_head_json":{"title":"Acerca del suicidio - Uni\u00f3n Esp\u00edrita","robots":{"index":"index","follow":"follow","max-snippet":"max-snippet:-1","max-image-preview":"max-image-preview:large","max-video-preview":"max-video-preview:-1"},"canonical":"https:\/\/nuevo-renacer.com\/it\/daniela-m-acerca-del-suicidio\/","og_locale":"it_IT","og_type":"article","og_title":"Acerca del suicidio","og_description":"Acerca del suicidio \u00bfEst\u00e1 permitido o prohibido el suicidio? \u00bfSe castiga o no? Despu\u00e9s de todo \u00bfexiste el libre albedr\u00edo? \u00bfY si el suicidio forma parte de un plan del alma? Entonces est\u00e1 permitido. Respuesta: Es cierto que Dios dio a los hombres el libre albedr\u00edo, pero consideren esto: Ustedes los humanos no est\u00e1n encarnados [&hellip;]","og_url":"https:\/\/nuevo-renacer.com\/it\/daniela-m-acerca-del-suicidio\/","og_site_name":"Uni\u00f3n Esp\u00edrita","article_publisher":"https:\/\/www.facebook.com\/groups\/3431398063740829","article_modified_time":"2024-10-10T14:31:49+00:00","og_image":[{"url":"https:\/\/nuevo-renacer.com\/wp-content\/uploads\/2024\/10\/illustration-man-free-fall-surreal-260nw-2332925961-edited.webp","type":"","width":"","height":""}],"twitter_card":"summary_large_image","twitter_misc":{"Tempo di lettura stimato":"3 minuti"},"schema":{"@context":"https:\/\/schema.org","@graph":[{"@type":"WebPage","@id":"https:\/\/nuevo-renacer.com\/daniela-m-acerca-del-suicidio\/","url":"https:\/\/nuevo-renacer.com\/daniela-m-acerca-del-suicidio\/","name":"Acerca del suicidio - Uni\u00f3n Esp\u00edrita","isPartOf":{"@id":"https:\/\/nuevo-renacer.com\/#website"},"primaryImageOfPage":{"@id":"https:\/\/nuevo-renacer.com\/daniela-m-acerca-del-suicidio\/#primaryimage"},"image":{"@id":"https:\/\/nuevo-renacer.com\/daniela-m-acerca-del-suicidio\/#primaryimage"},"thumbnailUrl":"https:\/\/nuevo-renacer.com\/wp-content\/uploads\/2024\/10\/illustration-man-free-fall-surreal-260nw-2332925961-edited.webp","datePublished":"2024-10-03T17:30:18+00:00","dateModified":"2024-10-10T14:31:49+00:00","breadcrumb":{"@id":"https:\/\/nuevo-renacer.com\/daniela-m-acerca-del-suicidio\/#breadcrumb"},"inLanguage":"it-IT","potentialAction":[{"@type":"ReadAction","target":["https:\/\/nuevo-renacer.com\/daniela-m-acerca-del-suicidio\/"]}]},{"@type":"ImageObject","inLanguage":"it-IT","@id":"https:\/\/nuevo-renacer.com\/daniela-m-acerca-del-suicidio\/#primaryimage","url":"https:\/\/nuevo-renacer.com\/wp-content\/uploads\/2024\/10\/illustration-man-free-fall-surreal-260nw-2332925961-edited.webp","contentUrl":"https:\/\/nuevo-renacer.com\/wp-content\/uploads\/2024\/10\/illustration-man-free-fall-surreal-260nw-2332925961-edited.webp"},{"@type":"BreadcrumbList","@id":"https:\/\/nuevo-renacer.com\/daniela-m-acerca-del-suicidio\/#breadcrumb","itemListElement":[{"@type":"ListItem","position":1,"name":"Startseite","item":"https:\/\/nuevo-renacer.com\/"},{"@type":"ListItem","position":2,"name":"Acerca del suicidio"}]},{"@type":"WebSite","@id":"https:\/\/nuevo-renacer.com\/#website","url":"https:\/\/nuevo-renacer.com\/","name":"Uni\u00f3n Esp\u00edrita","description":"Nuevo Renacer","publisher":{"@id":"https:\/\/nuevo-renacer.com\/#organization"},"potentialAction":[{"@type":"SearchAction","target":{"@type":"EntryPoint","urlTemplate":"https:\/\/nuevo-renacer.com\/?s={search_term_string}"},"query-input":{"@type":"PropertyValueSpecification","valueRequired":true,"valueName":"search_term_string"}}],"inLanguage":"it-IT"},{"@type":"Organization","@id":"https:\/\/nuevo-renacer.com\/#organization","name":"UFEC","url":"https:\/\/nuevo-renacer.com\/","logo":{"@type":"ImageObject","inLanguage":"it-IT","@id":"https:\/\/nuevo-renacer.com\/#\/schema\/logo\/image\/","url":"https:\/\/nuevo-renacer.com\/wp-content\/uploads\/2024\/05\/cropped-LOGO-TERMINADO1-3-3.png","contentUrl":"https:\/\/nuevo-renacer.com\/wp-content\/uploads\/2024\/05\/cropped-LOGO-TERMINADO1-3-3.png","width":512,"height":512,"caption":"UFEC"},"image":{"@id":"https:\/\/nuevo-renacer.com\/#\/schema\/logo\/image\/"},"sameAs":["https:\/\/www.facebook.com\/groups\/3431398063740829"]}]}},"uagb_featured_image_src":{"full":false,"thumbnail":false,"medium":false,"medium_large":false,"large":false,"1536x1536":false,"2048x2048":false,"trp-custom-language-flag":false},"uagb_author_info":{"display_name":"adbv0","author_link":"https:\/\/nuevo-renacer.com\/it\/author\/adbv0\/"},"uagb_comment_info":0,"uagb_excerpt":"Acerca del suicidio \u00bfEst\u00e1 permitido o prohibido el suicidio? \u00bfSe castiga o no? Despu\u00e9s de todo \u00bfexiste el libre albedr\u00edo? \u00bfY si el suicidio forma parte de un plan del alma? Entonces est\u00e1 permitido. Respuesta: Es cierto que Dios dio a los hombres el libre albedr\u00edo, pero consideren esto: Ustedes los humanos no est\u00e1n encarnados&hellip;","jetpack_sharing_enabled":true,"_links":{"self":[{"href":"https:\/\/nuevo-renacer.com\/it\/wp-json\/wp\/v2\/pages\/5199","targetHints":{"allow":["GET"]}}],"collection":[{"href":"https:\/\/nuevo-renacer.com\/it\/wp-json\/wp\/v2\/pages"}],"about":[{"href":"https:\/\/nuevo-renacer.com\/it\/wp-json\/wp\/v2\/types\/page"}],"author":[{"embeddable":true,"href":"https:\/\/nuevo-renacer.com\/it\/wp-json\/wp\/v2\/users\/1"}],"replies":[{"embeddable":true,"href":"https:\/\/nuevo-renacer.com\/it\/wp-json\/wp\/v2\/comments?post=5199"}],"version-history":[{"count":5,"href":"https:\/\/nuevo-renacer.com\/it\/wp-json\/wp\/v2\/pages\/5199\/revisions"}],"predecessor-version":[{"id":5507,"href":"https:\/\/nuevo-renacer.com\/it\/wp-json\/wp\/v2\/pages\/5199\/revisions\/5507"}],"wp:attachment":[{"href":"https:\/\/nuevo-renacer.com\/it\/wp-json\/wp\/v2\/media?parent=5199"}],"curies":[{"name":"wp","href":"https:\/\/api.w.org\/{rel}","templated":true}]}}