{"id":5173,"date":"2024-10-01T12:03:26","date_gmt":"2024-10-01T12:03:26","guid":{"rendered":"https:\/\/nuevo-renacer.com\/?page_id=5173"},"modified":"2024-10-01T12:26:22","modified_gmt":"2024-10-01T12:26:22","slug":"la-sintesis-del-proceso-evolutivo","status":"publish","type":"page","link":"https:\/\/nuevo-renacer.com\/it\/la-sintesis-del-proceso-evolutivo\/","title":{"rendered":"La sintesi del processo evolutivo"},"content":{"rendered":"<div class=\"wp-block-uagb-container uagb-block-712080f3 alignfull uagb-is-root-container\"><div class=\"uagb-container-inner-blocks-wrap\">\n<p class=\"has-black-color has-text-color has-link-color has-medium-font-size wp-elements-d4660f81fdc474f236a851aa90d95fbb\"><strong>La sintesi del processo evolutivo<\/strong><\/p>\n<\/div><\/div>\n\n\n\n<div class=\"wp-block-uagb-container uagb-block-98eeeb9c alignfull uagb-is-root-container\"><div class=\"uagb-container-inner-blocks-wrap\">\n<figure class=\"wp-block-image size-full is-resized\"><img fetchpriority=\"high\" decoding=\"async\" width=\"554\" height=\"350\" src=\"https:\/\/nuevo-renacer.com\/wp-content\/uploads\/2024\/10\/step_into_the_light_by_youngphoenix3191_d9vvvr9-350t.jpg\" alt=\"\" class=\"wp-image-5179\" style=\"width:396px;height:auto\" srcset=\"https:\/\/nuevo-renacer.com\/wp-content\/uploads\/2024\/10\/step_into_the_light_by_youngphoenix3191_d9vvvr9-350t.jpg 554w, https:\/\/nuevo-renacer.com\/wp-content\/uploads\/2024\/10\/step_into_the_light_by_youngphoenix3191_d9vvvr9-350t-300x190.jpg 300w, https:\/\/nuevo-renacer.com\/wp-content\/uploads\/2024\/10\/step_into_the_light_by_youngphoenix3191_d9vvvr9-350t-18x12.jpg 18w\" sizes=\"(max-width: 554px) 100vw, 554px\" \/><\/figure>\n<\/div><\/div>\n\n\n\n<div class=\"wp-block-uagb-container uagb-block-75f7fd58 alignfull uagb-is-root-container\"><div class=\"uagb-container-inner-blocks-wrap\">\n<p class=\"has-black-color has-text-color has-link-color has-small-font-size wp-elements-e78ee0116059f25bc1ee3653e9b8d2b6\">Lo spirito in evoluzione e in fase di riscatto viene collocato nell'aula adeguata, dove \u00e8 sottoposto a una convivenza illimitata dalla quale uscir\u00e0 solo quando avr\u00e0 completato i rispettivi riscatti e assimilato le lezioni in essa contenute. Pi\u00f9 velocemente apprende le lezioni che le circostanze gli propongono e completa i riscatti necessari, pi\u00f9 velocemente potr\u00e0 migrare verso un'altra aula alla ricerca di nuovi apprendimenti. In questo contesto, lo spirito viene collocato nel posto giusto, insieme alle persone giuste e al momento giusto, dove parteciper\u00e0 a eventi individuali e collettivi, adeguati alle sue esigenze di espiazione e di prova.<\/p>\n\n\n\n<p class=\"has-black-color has-text-color has-link-color has-small-font-size wp-elements-e099ee9c2b75499d0bf56ce536629374\">Ad ogni ciclo evolutivo, nel corso dei secoli e dei millenni, ciascuna di queste aule ha offerto agli spiriti reincarnati un tipo specifico di apprendimento, modellato sulla cultura e sui costumi predominanti di ogni regione e di ogni epoca. \u00c8 in questa trasmigrazione regionale che gli spiriti si sono evoluti e continuano ad evolversi sulla Terra, vivendo preziose opportunit\u00e0.<br>Nel mondo spirituale, gli spiriti affini sono attratti dai piani vibratori a cui si adattano. Nel piano fisico ci\u00f2 avviene attraverso i confini, per questo motivo, nella fase evolutiva in cui ci troviamo, dove non esiste un'omogeneit\u00e0 di sentimenti, i confini sono ancora necessari per riunire le masse di spiriti affini. La Terra, sebbene sia stata una madre prodiga e generosa sopportando le aggressioni di ogni generazione dei suoi abitanti, in questo fine secolo, con l'ingresso nel terzo millennio, tutto indica che dovr\u00e0 completare il suo ciclo evolutivo nella condizione di pianeta di espiazione e di prova, entrando in un nuovo ciclo evolutivo, a cui si rifer\u00ec Ges\u00f9 quando profetizz\u00f2 agli apostoli nel mondo spirituale, di conseguenza, la riorganizzazione universale dell'umanit\u00e0 dovr\u00e0 essere efficace attraverso grandi emigrazioni. La selezione naturale degli spiriti, a cui si rifer\u00ec anche Ges\u00f9, si sta operando attraverso il tempo e le leggi di causa ed effetto, riunendo all'interno dei confini territoriali le masse omogenee, collocandole in luoghi strategici, dove gli eventi futuri faciliteranno le emigrazioni.<\/p>\n\n\n\n<p class=\"has-black-color has-text-color has-link-color has-small-font-size wp-elements-971488efd7dac533422c2d566e170e88\">Nella Rivista Spiritista, pubblicata da Kardec nel mese di ottobre del 1866, sotto il titolo: \u201cLe istruzioni degli spiriti sulla rigenerazione dell'umanit\u00e0\u201d, le informazioni ricevute nell'aprile dello stesso anno, attraverso il sonnambulismo, dai medium denominati M. e T., parlano della riorganizzazione degli spiriti, riferendosi alla trasformazione morale dell'umanit\u00e0:<\/p>\n\n\n\n<p class=\"has-black-color has-text-color has-link-color has-small-font-size wp-elements-d7d0b31ce3c742359100578e74937f66\">\"Quando tale miglioramento \u00e8 isolato e individuale, passer\u00e0 inosservato e non avr\u00e0 un'influenza evidente sul mondo. L'effetto sar\u00e0 diverso se operato simultaneamente su grandi masse. Tuttavia, in tal caso, a seconda delle proporzioni, in una generazione le idee di un popolo o di una razza potranno essere profondamente modificate. \u00c8 ci\u00f2 che si nota quasi sempre dopo i grandi terremoti che decimano le popolazioni. I flagelli distruttivi distruggono solo il corpo, ma non raggiungono lo spirito; attivano il movimento di andata e ritorno tra il mondo corporeo e il mondo spirituale e, di conseguenza, il movimento progressivo degli spiriti incarnati e disincarnati. \u00c8 in uno di questi movimenti generali che si sta operando in questo momento e che dovrebbe determinare la riorganizzazione dell'umanit\u00e0. La molteplicit\u00e0 delle cause di distruzione \u00e8 un segno caratteristico dei tempi, poich\u00e9 questi devono accelerare la nascita di nuovi germi...\".<\/p>\n\n\n\n<p class=\"has-black-color has-text-color has-link-color has-small-font-size wp-elements-8d781baa2a8521059138abbdec11ba61\">Gli spiriti, affermando la molteplicit\u00e0 delle cause della distruzione, sapevano che nel corso di alcuni decenni l'uomo avrebbe dato inizio a una corsa agli armamenti che sarebbe culminata in un potere distruttivo incommensurabile. Questo senza contare gli effetti degli squilibri morali che nel corso dei secoli hanno dato forma a un virus astrale che si incarna in ogni generazione, culminando in malattie irreversibili che sfidano la scienza contemporanea. Non occorre essere profeti o indovini per sapere come si scatener\u00e0 questo processo. Con la conoscenza delle leggi di causa ed effetto, basta fare un'analisi del panorama che ci presentano le diverse scuole e le loro rispettive aule e scopriremo da dove partiranno le grandi masse bocciate e in che modo. Prima di un'analisi affrettata, dobbiamo capire che lo stato evolutivo delle regioni e dei paesi che le compongono non pu\u00f2 essere misurato solo dal progresso culturale, scientifico, tecnologico o economico, ma anche, e soprattutto, dagli atteggiamenti, dai pensieri e dai sentimenti che coltivano la maggior parte dei loro abitanti. In Asia assistiamo al predominio del fanatismo religioso e del dispotismo, che promuovono la violenza e la morte; in Europa e in Nord America, sotto la protezione dell'egoismo umano, abbiamo il predominio del capitalismo selvaggio che, in questo fine secolo e millennio, ha colpito tutti i continenti, diffondendo la fame e alimentando le guerre nel mondo. Questo \u00e8 un quadro parziale, ma il pi\u00f9 grave di tutti, il cui finale \u00e8 gi\u00e0 impresso nell'etere in potenti miasmi emanati dai pensieri e dai sentimenti di quelle collettivit\u00e0. Secondo la legge di causa ed effetto, quelle regioni dovranno sperimentare l'amarezza della distruzione che stanno promuovendo, diventando vittime di se stesse.<\/p>\n\n\n\n<p class=\"has-black-color has-text-color has-link-color has-small-font-size wp-elements-0d286a4399251177fc60eb6648718fbb\">Il lettore si star\u00e0 chiedendo: e coloro che, pur facendo parte di quelle collettivit\u00e0, non condividono i sentimenti e i pensieri predominanti? Soffriranno innocentemente? Sulla Terra non esiste nessuno che soffra innocentemente! Se alcuni degli abitanti di quelle regioni non fossero iscritti in quel quadro di prove, sicuramente sono gi\u00e0 emigrati o emigreranno verso l'aula che meritano. Tuttavia, dobbiamo capire che alcuni, anche se in questa vita non hanno condiviso quei sentimenti collettivi, potrebbero trovarsi l\u00ec per riscattare debiti contratti in altre esistenze, dovranno perire, ma non saranno esclusi dal pianeta. Tutte le regioni della Terra subiranno la necessaria riorganizzazione. Non saranno solo le guerre a promuovere la purificazione degli spiriti che dovranno partire per il mondo destinato ad accoglierli. La natura possiede risorse ancora non comprese dall'uomo che, in un certo senso, contribuiranno al piano divino per questa emigrazione, senza violenza e in modo naturale.<\/p>\n\n\n\n<p class=\"has-black-color has-text-color has-link-color has-small-font-size wp-elements-b87681aeaf310a726a28a1e28f4e7bf2\">In Brasile si concentra una massa selezionata di spiriti che compongono la maggior parte della sua popolazione incarnata, la quale ha raggiunto un elevato grado di mansuetudine. In considerazione di questa qualit\u00e0 predominante, essa emerger\u00e0 come grande benefattrice dell'umanit\u00e0! Lavorer\u00e0 arduamente per soccorrere ci\u00f2 che rester\u00e0 del vecchio mondo. Alla fine assumer\u00e0 il ruolo di Cuore del Mondo e, pi\u00f9 tardi, con la religiosit\u00e0 illuminata dalla conoscenza delle leggi di causa ed effetto e della reincarnazione, si consacrer\u00e0 definitivamente come Patria del Vangelo.<\/p>\n<\/div><\/div>","protected":false},"excerpt":{"rendered":"<p>La s\u00edntesis del proceso evolutivo El esp\u00edritu en evoluci\u00f3n y rescate, es situado en el aula adecuada donde es sometido a una convivencia ilimitada de donde s\u00f3lo saldr\u00e1 cuando cumpla los respectivos rescates y asimile las lecciones que en el est\u00e1n contenidas. Mientras m\u00e1s r\u00e1pido aprenden las lecciones que las circunstancias le proponen y cumple [&hellip;]<\/p>","protected":false},"author":1,"featured_media":5179,"parent":0,"menu_order":0,"comment_status":"closed","ping_status":"closed","template":"","meta":{"_uag_custom_page_level_css":"","site-sidebar-layout":"default","site-content-layout":"","ast-site-content-layout":"default","site-content-style":"default","site-sidebar-style":"default","ast-global-header-display":"","ast-banner-title-visibility":"","ast-main-header-display":"","ast-hfb-above-header-display":"","ast-hfb-below-header-display":"","ast-hfb-mobile-header-display":"","site-post-title":"disabled","ast-breadcrumbs-content":"","ast-featured-img":"","footer-sml-layout":"","theme-transparent-header-meta":"","adv-header-id-meta":"","stick-header-meta":"","header-above-stick-meta":"","header-main-stick-meta":"","header-below-stick-meta":"","astra-migrate-meta-layouts":"set","ast-page-background-enabled":"default","ast-page-background-meta":{"desktop":{"background-color":"var(--ast-global-color-4)","background-image":"","background-repeat":"repeat","background-position":"center center","background-size":"auto","background-attachment":"scroll","background-type":"","background-media":"","overlay-type":"","overlay-color":"","overlay-opacity":"","overlay-gradient":""},"tablet":{"background-color":"","background-image":"","background-repeat":"repeat","background-position":"center center","background-size":"auto","background-attachment":"scroll","background-type":"","background-media":"","overlay-type":"","overlay-color":"","overlay-opacity":"","overlay-gradient":""},"mobile":{"background-color":"","background-image":"","background-repeat":"repeat","background-position":"center center","background-size":"auto","background-attachment":"scroll","background-type":"","background-media":"","overlay-type":"","overlay-color":"","overlay-opacity":"","overlay-gradient":""}},"ast-content-background-meta":{"desktop":{"background-color":"var(--ast-global-color-5)","background-image":"","background-repeat":"repeat","background-position":"center center","background-size":"auto","background-attachment":"scroll","background-type":"","background-media":"","overlay-type":"","overlay-color":"","overlay-opacity":"","overlay-gradient":""},"tablet":{"background-color":"var(--ast-global-color-5)","background-image":"","background-repeat":"repeat","background-position":"center center","background-size":"auto","background-attachment":"scroll","background-type":"","background-media":"","overlay-type":"","overlay-color":"","overlay-opacity":"","overlay-gradient":""},"mobile":{"background-color":"var(--ast-global-color-5)","background-image":"","background-repeat":"repeat","background-position":"center center","background-size":"auto","background-attachment":"scroll","background-type":"","background-media":"","overlay-type":"","overlay-color":"","overlay-opacity":"","overlay-gradient":""}},"footnotes":""},"class_list":["post-5173","page","type-page","status-publish","has-post-thumbnail","hentry"],"yoast_head":"<!-- This site is optimized with the Yoast SEO Premium plugin v24.2 (Yoast SEO v24.6) - https:\/\/yoast.com\/wordpress\/plugins\/seo\/ -->\n<title>La s\u00edntesis del proceso evolutivo - Uni\u00f3n Esp\u00edrita<\/title>\n<meta name=\"robots\" content=\"index, follow, max-snippet:-1, max-image-preview:large, max-video-preview:-1\" \/>\n<link rel=\"canonical\" href=\"https:\/\/nuevo-renacer.com\/it\/la-sintesis-del-proceso-evolutivo\/\" \/>\n<meta property=\"og:locale\" content=\"it_IT\" \/>\n<meta property=\"og:type\" content=\"article\" \/>\n<meta property=\"og:title\" content=\"La s\u00edntesis del proceso evolutivo\" \/>\n<meta property=\"og:description\" content=\"La s\u00edntesis del proceso evolutivo El esp\u00edritu en evoluci\u00f3n y rescate, es situado en el aula adecuada donde es sometido a una convivencia ilimitada de donde s\u00f3lo saldr\u00e1 cuando cumpla los respectivos rescates y asimile las lecciones que en el est\u00e1n contenidas. Mientras m\u00e1s r\u00e1pido aprenden las lecciones que las circunstancias le proponen y cumple [&hellip;]\" \/>\n<meta property=\"og:url\" content=\"https:\/\/nuevo-renacer.com\/it\/la-sintesis-del-proceso-evolutivo\/\" \/>\n<meta property=\"og:site_name\" content=\"Uni\u00f3n Esp\u00edrita\" \/>\n<meta property=\"article:publisher\" content=\"https:\/\/www.facebook.com\/groups\/3431398063740829\" \/>\n<meta property=\"article:modified_time\" content=\"2024-10-01T12:26:22+00:00\" \/>\n<meta property=\"og:image\" content=\"https:\/\/nuevo-renacer.com\/wp-content\/uploads\/2024\/10\/step_into_the_light_by_youngphoenix3191_d9vvvr9-350t.jpg\" \/>\n\t<meta property=\"og:image:width\" content=\"554\" \/>\n\t<meta property=\"og:image:height\" content=\"350\" \/>\n\t<meta property=\"og:image:type\" content=\"image\/jpeg\" \/>\n<meta name=\"twitter:card\" content=\"summary_large_image\" \/>\n<meta name=\"twitter:label1\" content=\"Tempo di lettura stimato\" \/>\n\t<meta name=\"twitter:data1\" content=\"6 minuti\" \/>\n<script type=\"application\/ld+json\" class=\"yoast-schema-graph\">{\"@context\":\"https:\/\/schema.org\",\"@graph\":[{\"@type\":\"WebPage\",\"@id\":\"https:\/\/nuevo-renacer.com\/la-sintesis-del-proceso-evolutivo\/\",\"url\":\"https:\/\/nuevo-renacer.com\/la-sintesis-del-proceso-evolutivo\/\",\"name\":\"La s\u00edntesis del proceso evolutivo - Uni\u00f3n Esp\u00edrita\",\"isPartOf\":{\"@id\":\"https:\/\/nuevo-renacer.com\/#website\"},\"primaryImageOfPage\":{\"@id\":\"https:\/\/nuevo-renacer.com\/la-sintesis-del-proceso-evolutivo\/#primaryimage\"},\"image\":{\"@id\":\"https:\/\/nuevo-renacer.com\/la-sintesis-del-proceso-evolutivo\/#primaryimage\"},\"thumbnailUrl\":\"https:\/\/nuevo-renacer.com\/wp-content\/uploads\/2024\/10\/step_into_the_light_by_youngphoenix3191_d9vvvr9-350t.jpg\",\"datePublished\":\"2024-10-01T12:03:26+00:00\",\"dateModified\":\"2024-10-01T12:26:22+00:00\",\"breadcrumb\":{\"@id\":\"https:\/\/nuevo-renacer.com\/la-sintesis-del-proceso-evolutivo\/#breadcrumb\"},\"inLanguage\":\"it-IT\",\"potentialAction\":[{\"@type\":\"ReadAction\",\"target\":[\"https:\/\/nuevo-renacer.com\/la-sintesis-del-proceso-evolutivo\/\"]}]},{\"@type\":\"ImageObject\",\"inLanguage\":\"it-IT\",\"@id\":\"https:\/\/nuevo-renacer.com\/la-sintesis-del-proceso-evolutivo\/#primaryimage\",\"url\":\"https:\/\/nuevo-renacer.com\/wp-content\/uploads\/2024\/10\/step_into_the_light_by_youngphoenix3191_d9vvvr9-350t.jpg\",\"contentUrl\":\"https:\/\/nuevo-renacer.com\/wp-content\/uploads\/2024\/10\/step_into_the_light_by_youngphoenix3191_d9vvvr9-350t.jpg\",\"width\":554,\"height\":350},{\"@type\":\"BreadcrumbList\",\"@id\":\"https:\/\/nuevo-renacer.com\/la-sintesis-del-proceso-evolutivo\/#breadcrumb\",\"itemListElement\":[{\"@type\":\"ListItem\",\"position\":1,\"name\":\"Startseite\",\"item\":\"https:\/\/nuevo-renacer.com\/\"},{\"@type\":\"ListItem\",\"position\":2,\"name\":\"La s\u00edntesis del proceso evolutivo\"}]},{\"@type\":\"WebSite\",\"@id\":\"https:\/\/nuevo-renacer.com\/#website\",\"url\":\"https:\/\/nuevo-renacer.com\/\",\"name\":\"Uni\u00f3n Esp\u00edrita\",\"description\":\"Nuevo Renacer\",\"publisher\":{\"@id\":\"https:\/\/nuevo-renacer.com\/#organization\"},\"potentialAction\":[{\"@type\":\"SearchAction\",\"target\":{\"@type\":\"EntryPoint\",\"urlTemplate\":\"https:\/\/nuevo-renacer.com\/?s={search_term_string}\"},\"query-input\":{\"@type\":\"PropertyValueSpecification\",\"valueRequired\":true,\"valueName\":\"search_term_string\"}}],\"inLanguage\":\"it-IT\"},{\"@type\":\"Organization\",\"@id\":\"https:\/\/nuevo-renacer.com\/#organization\",\"name\":\"UFEC\",\"url\":\"https:\/\/nuevo-renacer.com\/\",\"logo\":{\"@type\":\"ImageObject\",\"inLanguage\":\"it-IT\",\"@id\":\"https:\/\/nuevo-renacer.com\/#\/schema\/logo\/image\/\",\"url\":\"https:\/\/nuevo-renacer.com\/wp-content\/uploads\/2024\/05\/cropped-LOGO-TERMINADO1-3-3.png\",\"contentUrl\":\"https:\/\/nuevo-renacer.com\/wp-content\/uploads\/2024\/05\/cropped-LOGO-TERMINADO1-3-3.png\",\"width\":512,\"height\":512,\"caption\":\"UFEC\"},\"image\":{\"@id\":\"https:\/\/nuevo-renacer.com\/#\/schema\/logo\/image\/\"},\"sameAs\":[\"https:\/\/www.facebook.com\/groups\/3431398063740829\"]}]}<\/script>\n<!-- \/ Yoast SEO Premium plugin. -->","yoast_head_json":{"title":"La s\u00edntesis del proceso evolutivo - Uni\u00f3n Esp\u00edrita","robots":{"index":"index","follow":"follow","max-snippet":"max-snippet:-1","max-image-preview":"max-image-preview:large","max-video-preview":"max-video-preview:-1"},"canonical":"https:\/\/nuevo-renacer.com\/it\/la-sintesis-del-proceso-evolutivo\/","og_locale":"it_IT","og_type":"article","og_title":"La s\u00edntesis del proceso evolutivo","og_description":"La s\u00edntesis del proceso evolutivo El esp\u00edritu en evoluci\u00f3n y rescate, es situado en el aula adecuada donde es sometido a una convivencia ilimitada de donde s\u00f3lo saldr\u00e1 cuando cumpla los respectivos rescates y asimile las lecciones que en el est\u00e1n contenidas. Mientras m\u00e1s r\u00e1pido aprenden las lecciones que las circunstancias le proponen y cumple [&hellip;]","og_url":"https:\/\/nuevo-renacer.com\/it\/la-sintesis-del-proceso-evolutivo\/","og_site_name":"Uni\u00f3n Esp\u00edrita","article_publisher":"https:\/\/www.facebook.com\/groups\/3431398063740829","article_modified_time":"2024-10-01T12:26:22+00:00","og_image":[{"width":554,"height":350,"url":"https:\/\/nuevo-renacer.com\/wp-content\/uploads\/2024\/10\/step_into_the_light_by_youngphoenix3191_d9vvvr9-350t.jpg","type":"image\/jpeg"}],"twitter_card":"summary_large_image","twitter_misc":{"Tempo di lettura stimato":"6 minuti"},"schema":{"@context":"https:\/\/schema.org","@graph":[{"@type":"WebPage","@id":"https:\/\/nuevo-renacer.com\/la-sintesis-del-proceso-evolutivo\/","url":"https:\/\/nuevo-renacer.com\/la-sintesis-del-proceso-evolutivo\/","name":"La s\u00edntesis del proceso evolutivo - Uni\u00f3n Esp\u00edrita","isPartOf":{"@id":"https:\/\/nuevo-renacer.com\/#website"},"primaryImageOfPage":{"@id":"https:\/\/nuevo-renacer.com\/la-sintesis-del-proceso-evolutivo\/#primaryimage"},"image":{"@id":"https:\/\/nuevo-renacer.com\/la-sintesis-del-proceso-evolutivo\/#primaryimage"},"thumbnailUrl":"https:\/\/nuevo-renacer.com\/wp-content\/uploads\/2024\/10\/step_into_the_light_by_youngphoenix3191_d9vvvr9-350t.jpg","datePublished":"2024-10-01T12:03:26+00:00","dateModified":"2024-10-01T12:26:22+00:00","breadcrumb":{"@id":"https:\/\/nuevo-renacer.com\/la-sintesis-del-proceso-evolutivo\/#breadcrumb"},"inLanguage":"it-IT","potentialAction":[{"@type":"ReadAction","target":["https:\/\/nuevo-renacer.com\/la-sintesis-del-proceso-evolutivo\/"]}]},{"@type":"ImageObject","inLanguage":"it-IT","@id":"https:\/\/nuevo-renacer.com\/la-sintesis-del-proceso-evolutivo\/#primaryimage","url":"https:\/\/nuevo-renacer.com\/wp-content\/uploads\/2024\/10\/step_into_the_light_by_youngphoenix3191_d9vvvr9-350t.jpg","contentUrl":"https:\/\/nuevo-renacer.com\/wp-content\/uploads\/2024\/10\/step_into_the_light_by_youngphoenix3191_d9vvvr9-350t.jpg","width":554,"height":350},{"@type":"BreadcrumbList","@id":"https:\/\/nuevo-renacer.com\/la-sintesis-del-proceso-evolutivo\/#breadcrumb","itemListElement":[{"@type":"ListItem","position":1,"name":"Startseite","item":"https:\/\/nuevo-renacer.com\/"},{"@type":"ListItem","position":2,"name":"La s\u00edntesis del proceso evolutivo"}]},{"@type":"WebSite","@id":"https:\/\/nuevo-renacer.com\/#website","url":"https:\/\/nuevo-renacer.com\/","name":"Uni\u00f3n Esp\u00edrita","description":"Nuevo Renacer","publisher":{"@id":"https:\/\/nuevo-renacer.com\/#organization"},"potentialAction":[{"@type":"SearchAction","target":{"@type":"EntryPoint","urlTemplate":"https:\/\/nuevo-renacer.com\/?s={search_term_string}"},"query-input":{"@type":"PropertyValueSpecification","valueRequired":true,"valueName":"search_term_string"}}],"inLanguage":"it-IT"},{"@type":"Organization","@id":"https:\/\/nuevo-renacer.com\/#organization","name":"UFEC","url":"https:\/\/nuevo-renacer.com\/","logo":{"@type":"ImageObject","inLanguage":"it-IT","@id":"https:\/\/nuevo-renacer.com\/#\/schema\/logo\/image\/","url":"https:\/\/nuevo-renacer.com\/wp-content\/uploads\/2024\/05\/cropped-LOGO-TERMINADO1-3-3.png","contentUrl":"https:\/\/nuevo-renacer.com\/wp-content\/uploads\/2024\/05\/cropped-LOGO-TERMINADO1-3-3.png","width":512,"height":512,"caption":"UFEC"},"image":{"@id":"https:\/\/nuevo-renacer.com\/#\/schema\/logo\/image\/"},"sameAs":["https:\/\/www.facebook.com\/groups\/3431398063740829"]}]}},"uagb_featured_image_src":{"full":["https:\/\/nuevo-renacer.com\/wp-content\/uploads\/2024\/10\/step_into_the_light_by_youngphoenix3191_d9vvvr9-350t.jpg",554,350,false],"thumbnail":["https:\/\/nuevo-renacer.com\/wp-content\/uploads\/2024\/10\/step_into_the_light_by_youngphoenix3191_d9vvvr9-350t-150x150.jpg",150,150,true],"medium":["https:\/\/nuevo-renacer.com\/wp-content\/uploads\/2024\/10\/step_into_the_light_by_youngphoenix3191_d9vvvr9-350t-300x190.jpg",300,190,true],"medium_large":["https:\/\/nuevo-renacer.com\/wp-content\/uploads\/2024\/10\/step_into_the_light_by_youngphoenix3191_d9vvvr9-350t.jpg",554,350,false],"large":["https:\/\/nuevo-renacer.com\/wp-content\/uploads\/2024\/10\/step_into_the_light_by_youngphoenix3191_d9vvvr9-350t.jpg",554,350,false],"1536x1536":["https:\/\/nuevo-renacer.com\/wp-content\/uploads\/2024\/10\/step_into_the_light_by_youngphoenix3191_d9vvvr9-350t.jpg",554,350,false],"2048x2048":["https:\/\/nuevo-renacer.com\/wp-content\/uploads\/2024\/10\/step_into_the_light_by_youngphoenix3191_d9vvvr9-350t.jpg",554,350,false],"trp-custom-language-flag":["https:\/\/nuevo-renacer.com\/wp-content\/uploads\/2024\/10\/step_into_the_light_by_youngphoenix3191_d9vvvr9-350t-18x12.jpg",18,12,true]},"uagb_author_info":{"display_name":"adbv0","author_link":"https:\/\/nuevo-renacer.com\/it\/author\/adbv0\/"},"uagb_comment_info":0,"uagb_excerpt":"La s\u00edntesis del proceso evolutivo El esp\u00edritu en evoluci\u00f3n y rescate, es situado en el aula adecuada donde es sometido a una convivencia ilimitada de donde s\u00f3lo saldr\u00e1 cuando cumpla los respectivos rescates y asimile las lecciones que en el est\u00e1n contenidas. Mientras m\u00e1s r\u00e1pido aprenden las lecciones que las circunstancias le proponen y cumple&hellip;","jetpack_sharing_enabled":true,"_links":{"self":[{"href":"https:\/\/nuevo-renacer.com\/it\/wp-json\/wp\/v2\/pages\/5173","targetHints":{"allow":["GET"]}}],"collection":[{"href":"https:\/\/nuevo-renacer.com\/it\/wp-json\/wp\/v2\/pages"}],"about":[{"href":"https:\/\/nuevo-renacer.com\/it\/wp-json\/wp\/v2\/types\/page"}],"author":[{"embeddable":true,"href":"https:\/\/nuevo-renacer.com\/it\/wp-json\/wp\/v2\/users\/1"}],"replies":[{"embeddable":true,"href":"https:\/\/nuevo-renacer.com\/it\/wp-json\/wp\/v2\/comments?post=5173"}],"version-history":[{"count":6,"href":"https:\/\/nuevo-renacer.com\/it\/wp-json\/wp\/v2\/pages\/5173\/revisions"}],"predecessor-version":[{"id":5183,"href":"https:\/\/nuevo-renacer.com\/it\/wp-json\/wp\/v2\/pages\/5173\/revisions\/5183"}],"wp:featuredmedia":[{"embeddable":true,"href":"https:\/\/nuevo-renacer.com\/it\/wp-json\/wp\/v2\/media\/5179"}],"wp:attachment":[{"href":"https:\/\/nuevo-renacer.com\/it\/wp-json\/wp\/v2\/media?parent=5173"}],"curies":[{"name":"wp","href":"https:\/\/api.w.org\/{rel}","templated":true}]}}