{"id":4951,"date":"2024-09-14T11:25:20","date_gmt":"2024-09-14T11:25:20","guid":{"rendered":"https:\/\/nuevo-renacer.com\/?page_id=4951"},"modified":"2024-09-14T11:39:19","modified_gmt":"2024-09-14T11:39:19","slug":"al-final-del-camino","status":"publish","type":"page","link":"https:\/\/nuevo-renacer.com\/it\/al-final-del-camino\/","title":{"rendered":"Al final del camino"},"content":{"rendered":"<div class=\"wp-block-uagb-container uagb-block-267acc72 alignfull uagb-is-root-container\"><div class=\"uagb-container-inner-blocks-wrap\">\n<p class=\"has-black-color has-text-color has-link-color has-medium-font-size wp-elements-211d71dba4728562d34adf99b2c42ecb\"><strong>Al final del camino<\/strong><\/p>\n<\/div><\/div>\n\n\n\n<div class=\"wp-block-uagb-container uagb-block-19aafa53 alignfull uagb-is-root-container\"><div class=\"uagb-container-inner-blocks-wrap\">\n<figure class=\"wp-block-image size-full is-resized\"><img fetchpriority=\"high\" decoding=\"async\" width=\"850\" height=\"531\" src=\"https:\/\/nuevo-renacer.com\/wp-content\/uploads\/2024\/09\/camino-2.jpg\" alt=\"\" class=\"wp-image-4954\" style=\"width:488px;height:auto\" srcset=\"https:\/\/nuevo-renacer.com\/wp-content\/uploads\/2024\/09\/camino-2.jpg 850w, https:\/\/nuevo-renacer.com\/wp-content\/uploads\/2024\/09\/camino-2-300x187.jpg 300w, https:\/\/nuevo-renacer.com\/wp-content\/uploads\/2024\/09\/camino-2-768x480.jpg 768w, https:\/\/nuevo-renacer.com\/wp-content\/uploads\/2024\/09\/camino-2-18x12.jpg 18w\" sizes=\"(max-width: 850px) 100vw, 850px\" \/><\/figure>\n<\/div><\/div>\n\n\n\n<div class=\"wp-block-uagb-container uagb-block-9c60881d alignfull uagb-is-root-container\"><div class=\"uagb-container-inner-blocks-wrap\">\n<p class=\"has-black-color has-text-color has-link-color has-small-font-size wp-elements-ab7b22a5aa403d7e9ec1da92adfe6a32\">Hasta donde me alcanza la memoria, siempre me sent\u00ed muy enternecido ante la presencia de las personas mayores, de los ancianos; gentes de toda \u00edndole que ya, casi en el ocaso de sus vidas, cuando su cuerpo se doblega y el esfuerzo solo anima la \u00faltima llama de la ef\u00edmera existencia f\u00edsica, suelen, casi generalmente, abstraerse del mundo y envolverse en el sutil velo de los recuerdos; ese que el tiempo y el propio destino, se encarg\u00f3 de tejer a su medida, con mil historias que tantas veces, nos muestran en sus ajados rostros las huellas con las que fueron escritas. Unas, de a\u00f1orada felicidad y otras, arrinconadas en el olvido, como las p\u00e1ginas de un viejo calendario, versado en el dolor o la soledad. Estas, son las que dejaron los surcos m\u00e1s profundos en lo \u00edntimo de su coraz\u00f3n, donde a\u00fan permanecen semienterradas sus cicatrices.<\/p>\n\n\n\n<p class=\"has-black-color has-text-color has-link-color has-small-font-size wp-elements-80ce2d065161147ba83c162466e1a8c4\">Solo muy de cuando en cuando, desde la profundidad de sus miradas, se asoma una luz peque\u00f1ita, como si en el cristalino se reflejara una estrella muy brillante, apenas empa\u00f1ada por las l\u00e1grimas que la emoci\u00f3n del recuerdo, quisiera hacer florecer, cual nueva primavera, diciendo: \u00bfSabes?, no siempre fue as\u00ed, yo tambi\u00e9n fui joven y tuve hermosos momentos en mi vida. Si supieras como he amado\u2026, cuanto me han amado. Ofreciendo, con esa limpia mirada, la oportunidad de descifrar la clave de sus secretos, de los m\u00e1s hermosos secretos, aquellos que se guardan como un amante fiel, el coraz\u00f3n.<\/p>\n\n\n\n<p class=\"has-black-color has-text-color has-link-color has-small-font-size wp-elements-8bc12a91fb45291608b942cdac58a753\">Hoy, he meditado sobre el esplendor y la decadencia de ese \u00faltimo ocaso, mir\u00e1ndolo, como a una puerta obligada, por la que hemos de pasar casi todos los seres humanos, como pre\u00e1mbulo de un viaje definitivo, de un rotundo adi\u00f3s -por no s\u00e9 cu\u00e1nto tiempo-, a este mundo, para ingresar en el otro, en el desconocido. Ese, tan temido para muchos, por sus equ\u00edvocas convicciones religiosas o, el que resulta tan familiar y conocido para otros tantos, tambi\u00e9n, por sus convicciones religiosas. Donde cada cual, descubre las miserias y los fracasos de su vida en la Tierra, pero tambi\u00e9n las verdaderas victorias, conseguidas por el esfuerzo de su esp\u00edritu.<\/p>\n\n\n\n<p class=\"has-black-color has-text-color has-link-color has-small-font-size wp-elements-2ac0309e8b641848bcc906144517903d\">All\u00ed, donde nadie les tacha, ni les tasa el valor del trabajo realizado. Solo ellos mismos, se convierten en sus propios jueces, diciendo s\u00ed o no a lo bueno o a lo malo de la vida, de sus vidas, porque all\u00ed, tambi\u00e9n descubrir\u00e1n que han venido m\u00e1s de una vez en cuerpo f\u00edsico, comprendiendo el verdadero sentido de volver una y otra vez a este mundo, pasado quiz\u00e1 un tiempo no muy largo.<\/p>\n\n\n\n<p class=\"has-black-color has-text-color has-link-color has-small-font-size wp-elements-ee53793bd512e02c8db0aa4e3f26a4ea\">Son tantas y tantas cosas para agradecer a Dios que, cuando encima se descubre que \u00c9l no castiga a sus hijos, ni les tiene preparado ning\u00fan infierno eterno, se comprende verdaderamente el gran Padre de amor y de misericordia que es para todos.<\/p>\n\n\n\n<p class=\"has-black-color has-text-color has-link-color has-small-font-size wp-elements-36110f7b40eb6fc4cc4c8883021b873f\">Hay quien no alcanza la \u00faltima etapa de la vida, porque su destino, trenzado de mil facetas a descubrir en el d\u00eda a d\u00eda, puso la fecha del adi\u00f3s sin avisar. Otros, llegan a la meta tan desolados y tristes que, hasta desean el abrazo de la muerte como remisi\u00f3n a su dolorido y cansado coraz\u00f3n; pero tambi\u00e9n los hay que, llenos a\u00fan de esperanza, se aferran y la sostienen con dignidad y alegr\u00eda, esperando, mientras apuran el \u00faltimo sorbo de la vida, dejar en todos aquellos familiares y amigos, que les rodean y aman, una semilla peque\u00f1ita, de cuanto han aprendido durante sus largos a\u00f1os en esta dif\u00edcil escuela de la vida.<\/p>\n\n\n\n<p class=\"has-black-color has-text-color has-link-color has-small-font-size wp-elements-c8b3447628f7fc22c30fc952469f4540\">Pido a Dios que bendiga a sus esp\u00edritus, para que vuelen r\u00e1pido a lo Alto, para que despierten a la luz de un mundo, verdadero hogar para todos, donde el dolor y la miseria por la que hayan pasado no les vuelva a alcanzar jam\u00e1s.<\/p>\n\n\n\n<p><\/p>\n\n\n\n<p class=\"has-black-color has-text-color has-link-color has-small-font-size wp-elements-f0cc1e5fca6f95447065eafc8d41b5dd\"><em>Antonio Hern\u00e1ndez Lozano 14-6-2020<\/em><\/p>\n\n\n\n<p><\/p>\n\n\n\n<p><\/p>\n\n\n\n<p><\/p>\n<\/div><\/div>","protected":false},"excerpt":{"rendered":"<p>Al final del camino Hasta donde me alcanza la memoria, siempre me sent\u00ed muy enternecido ante la presencia de las personas mayores, de los ancianos; gentes de toda \u00edndole que ya, casi en el ocaso de sus vidas, cuando su cuerpo se doblega y el esfuerzo solo anima la \u00faltima llama de la ef\u00edmera existencia [&hellip;]<\/p>","protected":false},"author":1,"featured_media":4954,"parent":0,"menu_order":0,"comment_status":"closed","ping_status":"closed","template":"","meta":{"_uag_custom_page_level_css":"","site-sidebar-layout":"default","site-content-layout":"","ast-site-content-layout":"default","site-content-style":"default","site-sidebar-style":"default","ast-global-header-display":"","ast-banner-title-visibility":"","ast-main-header-display":"","ast-hfb-above-header-display":"","ast-hfb-below-header-display":"","ast-hfb-mobile-header-display":"","site-post-title":"","ast-breadcrumbs-content":"","ast-featured-img":"","footer-sml-layout":"","theme-transparent-header-meta":"","adv-header-id-meta":"","stick-header-meta":"","header-above-stick-meta":"","header-main-stick-meta":"","header-below-stick-meta":"","astra-migrate-meta-layouts":"set","ast-page-background-enabled":"default","ast-page-background-meta":{"desktop":{"background-color":"var(--ast-global-color-4)","background-image":"","background-repeat":"repeat","background-position":"center center","background-size":"auto","background-attachment":"scroll","background-type":"","background-media":"","overlay-type":"","overlay-color":"","overlay-opacity":"","overlay-gradient":""},"tablet":{"background-color":"","background-image":"","background-repeat":"repeat","background-position":"center center","background-size":"auto","background-attachment":"scroll","background-type":"","background-media":"","overlay-type":"","overlay-color":"","overlay-opacity":"","overlay-gradient":""},"mobile":{"background-color":"","background-image":"","background-repeat":"repeat","background-position":"center center","background-size":"auto","background-attachment":"scroll","background-type":"","background-media":"","overlay-type":"","overlay-color":"","overlay-opacity":"","overlay-gradient":""}},"ast-content-background-meta":{"desktop":{"background-color":"var(--ast-global-color-5)","background-image":"","background-repeat":"repeat","background-position":"center center","background-size":"auto","background-attachment":"scroll","background-type":"","background-media":"","overlay-type":"","overlay-color":"","overlay-opacity":"","overlay-gradient":""},"tablet":{"background-color":"var(--ast-global-color-5)","background-image":"","background-repeat":"repeat","background-position":"center center","background-size":"auto","background-attachment":"scroll","background-type":"","background-media":"","overlay-type":"","overlay-color":"","overlay-opacity":"","overlay-gradient":""},"mobile":{"background-color":"var(--ast-global-color-5)","background-image":"","background-repeat":"repeat","background-position":"center center","background-size":"auto","background-attachment":"scroll","background-type":"","background-media":"","overlay-type":"","overlay-color":"","overlay-opacity":"","overlay-gradient":""}},"footnotes":""},"class_list":["post-4951","page","type-page","status-publish","has-post-thumbnail","hentry"],"yoast_head":"<!-- This site is optimized with the Yoast SEO Premium plugin v24.2 (Yoast SEO v24.6) - https:\/\/yoast.com\/wordpress\/plugins\/seo\/ -->\n<title>Al final del camino - Uni\u00f3n Esp\u00edrita<\/title>\n<meta name=\"robots\" content=\"index, follow, max-snippet:-1, max-image-preview:large, max-video-preview:-1\" \/>\n<link rel=\"canonical\" href=\"https:\/\/nuevo-renacer.com\/it\/al-final-del-camino\/\" \/>\n<meta property=\"og:locale\" content=\"it_IT\" \/>\n<meta property=\"og:type\" content=\"article\" \/>\n<meta property=\"og:title\" content=\"Al final del camino\" \/>\n<meta property=\"og:description\" content=\"Al final del camino Hasta donde me alcanza la memoria, siempre me sent\u00ed muy enternecido ante la presencia de las personas mayores, de los ancianos; gentes de toda \u00edndole que ya, casi en el ocaso de sus vidas, cuando su cuerpo se doblega y el esfuerzo solo anima la \u00faltima llama de la ef\u00edmera existencia [&hellip;]\" \/>\n<meta property=\"og:url\" content=\"https:\/\/nuevo-renacer.com\/it\/al-final-del-camino\/\" \/>\n<meta property=\"og:site_name\" content=\"Uni\u00f3n Esp\u00edrita\" \/>\n<meta property=\"article:publisher\" content=\"https:\/\/www.facebook.com\/groups\/3431398063740829\" \/>\n<meta property=\"article:modified_time\" content=\"2024-09-14T11:39:19+00:00\" \/>\n<meta property=\"og:image\" content=\"https:\/\/nuevo-renacer.com\/wp-content\/uploads\/2024\/09\/camino-2.jpg\" \/>\n\t<meta property=\"og:image:width\" content=\"850\" \/>\n\t<meta property=\"og:image:height\" content=\"531\" \/>\n\t<meta property=\"og:image:type\" content=\"image\/jpeg\" \/>\n<meta name=\"twitter:card\" content=\"summary_large_image\" \/>\n<meta name=\"twitter:label1\" content=\"Tempo di lettura stimato\" \/>\n\t<meta name=\"twitter:data1\" content=\"3 minuti\" \/>\n<script type=\"application\/ld+json\" class=\"yoast-schema-graph\">{\"@context\":\"https:\/\/schema.org\",\"@graph\":[{\"@type\":\"WebPage\",\"@id\":\"https:\/\/nuevo-renacer.com\/al-final-del-camino\/\",\"url\":\"https:\/\/nuevo-renacer.com\/al-final-del-camino\/\",\"name\":\"Al final del camino - Uni\u00f3n Esp\u00edrita\",\"isPartOf\":{\"@id\":\"https:\/\/nuevo-renacer.com\/#website\"},\"primaryImageOfPage\":{\"@id\":\"https:\/\/nuevo-renacer.com\/al-final-del-camino\/#primaryimage\"},\"image\":{\"@id\":\"https:\/\/nuevo-renacer.com\/al-final-del-camino\/#primaryimage\"},\"thumbnailUrl\":\"https:\/\/nuevo-renacer.com\/wp-content\/uploads\/2024\/09\/camino-2.jpg\",\"datePublished\":\"2024-09-14T11:25:20+00:00\",\"dateModified\":\"2024-09-14T11:39:19+00:00\",\"breadcrumb\":{\"@id\":\"https:\/\/nuevo-renacer.com\/al-final-del-camino\/#breadcrumb\"},\"inLanguage\":\"it-IT\",\"potentialAction\":[{\"@type\":\"ReadAction\",\"target\":[\"https:\/\/nuevo-renacer.com\/al-final-del-camino\/\"]}]},{\"@type\":\"ImageObject\",\"inLanguage\":\"it-IT\",\"@id\":\"https:\/\/nuevo-renacer.com\/al-final-del-camino\/#primaryimage\",\"url\":\"https:\/\/nuevo-renacer.com\/wp-content\/uploads\/2024\/09\/camino-2.jpg\",\"contentUrl\":\"https:\/\/nuevo-renacer.com\/wp-content\/uploads\/2024\/09\/camino-2.jpg\",\"width\":850,\"height\":531},{\"@type\":\"BreadcrumbList\",\"@id\":\"https:\/\/nuevo-renacer.com\/al-final-del-camino\/#breadcrumb\",\"itemListElement\":[{\"@type\":\"ListItem\",\"position\":1,\"name\":\"Startseite\",\"item\":\"https:\/\/nuevo-renacer.com\/\"},{\"@type\":\"ListItem\",\"position\":2,\"name\":\"Al final del camino\"}]},{\"@type\":\"WebSite\",\"@id\":\"https:\/\/nuevo-renacer.com\/#website\",\"url\":\"https:\/\/nuevo-renacer.com\/\",\"name\":\"Uni\u00f3n Esp\u00edrita\",\"description\":\"Nuevo Renacer\",\"publisher\":{\"@id\":\"https:\/\/nuevo-renacer.com\/#organization\"},\"potentialAction\":[{\"@type\":\"SearchAction\",\"target\":{\"@type\":\"EntryPoint\",\"urlTemplate\":\"https:\/\/nuevo-renacer.com\/?s={search_term_string}\"},\"query-input\":{\"@type\":\"PropertyValueSpecification\",\"valueRequired\":true,\"valueName\":\"search_term_string\"}}],\"inLanguage\":\"it-IT\"},{\"@type\":\"Organization\",\"@id\":\"https:\/\/nuevo-renacer.com\/#organization\",\"name\":\"UFEC\",\"url\":\"https:\/\/nuevo-renacer.com\/\",\"logo\":{\"@type\":\"ImageObject\",\"inLanguage\":\"it-IT\",\"@id\":\"https:\/\/nuevo-renacer.com\/#\/schema\/logo\/image\/\",\"url\":\"https:\/\/nuevo-renacer.com\/wp-content\/uploads\/2024\/05\/cropped-LOGO-TERMINADO1-3-3.png\",\"contentUrl\":\"https:\/\/nuevo-renacer.com\/wp-content\/uploads\/2024\/05\/cropped-LOGO-TERMINADO1-3-3.png\",\"width\":512,\"height\":512,\"caption\":\"UFEC\"},\"image\":{\"@id\":\"https:\/\/nuevo-renacer.com\/#\/schema\/logo\/image\/\"},\"sameAs\":[\"https:\/\/www.facebook.com\/groups\/3431398063740829\"]}]}<\/script>\n<!-- \/ Yoast SEO Premium plugin. -->","yoast_head_json":{"title":"Al final del camino - Uni\u00f3n Esp\u00edrita","robots":{"index":"index","follow":"follow","max-snippet":"max-snippet:-1","max-image-preview":"max-image-preview:large","max-video-preview":"max-video-preview:-1"},"canonical":"https:\/\/nuevo-renacer.com\/it\/al-final-del-camino\/","og_locale":"it_IT","og_type":"article","og_title":"Al final del camino","og_description":"Al final del camino Hasta donde me alcanza la memoria, siempre me sent\u00ed muy enternecido ante la presencia de las personas mayores, de los ancianos; gentes de toda \u00edndole que ya, casi en el ocaso de sus vidas, cuando su cuerpo se doblega y el esfuerzo solo anima la \u00faltima llama de la ef\u00edmera existencia [&hellip;]","og_url":"https:\/\/nuevo-renacer.com\/it\/al-final-del-camino\/","og_site_name":"Uni\u00f3n Esp\u00edrita","article_publisher":"https:\/\/www.facebook.com\/groups\/3431398063740829","article_modified_time":"2024-09-14T11:39:19+00:00","og_image":[{"width":850,"height":531,"url":"https:\/\/nuevo-renacer.com\/wp-content\/uploads\/2024\/09\/camino-2.jpg","type":"image\/jpeg"}],"twitter_card":"summary_large_image","twitter_misc":{"Tempo di lettura stimato":"3 minuti"},"schema":{"@context":"https:\/\/schema.org","@graph":[{"@type":"WebPage","@id":"https:\/\/nuevo-renacer.com\/al-final-del-camino\/","url":"https:\/\/nuevo-renacer.com\/al-final-del-camino\/","name":"Al final del camino - Uni\u00f3n Esp\u00edrita","isPartOf":{"@id":"https:\/\/nuevo-renacer.com\/#website"},"primaryImageOfPage":{"@id":"https:\/\/nuevo-renacer.com\/al-final-del-camino\/#primaryimage"},"image":{"@id":"https:\/\/nuevo-renacer.com\/al-final-del-camino\/#primaryimage"},"thumbnailUrl":"https:\/\/nuevo-renacer.com\/wp-content\/uploads\/2024\/09\/camino-2.jpg","datePublished":"2024-09-14T11:25:20+00:00","dateModified":"2024-09-14T11:39:19+00:00","breadcrumb":{"@id":"https:\/\/nuevo-renacer.com\/al-final-del-camino\/#breadcrumb"},"inLanguage":"it-IT","potentialAction":[{"@type":"ReadAction","target":["https:\/\/nuevo-renacer.com\/al-final-del-camino\/"]}]},{"@type":"ImageObject","inLanguage":"it-IT","@id":"https:\/\/nuevo-renacer.com\/al-final-del-camino\/#primaryimage","url":"https:\/\/nuevo-renacer.com\/wp-content\/uploads\/2024\/09\/camino-2.jpg","contentUrl":"https:\/\/nuevo-renacer.com\/wp-content\/uploads\/2024\/09\/camino-2.jpg","width":850,"height":531},{"@type":"BreadcrumbList","@id":"https:\/\/nuevo-renacer.com\/al-final-del-camino\/#breadcrumb","itemListElement":[{"@type":"ListItem","position":1,"name":"Startseite","item":"https:\/\/nuevo-renacer.com\/"},{"@type":"ListItem","position":2,"name":"Al final del camino"}]},{"@type":"WebSite","@id":"https:\/\/nuevo-renacer.com\/#website","url":"https:\/\/nuevo-renacer.com\/","name":"Uni\u00f3n Esp\u00edrita","description":"Nuevo Renacer","publisher":{"@id":"https:\/\/nuevo-renacer.com\/#organization"},"potentialAction":[{"@type":"SearchAction","target":{"@type":"EntryPoint","urlTemplate":"https:\/\/nuevo-renacer.com\/?s={search_term_string}"},"query-input":{"@type":"PropertyValueSpecification","valueRequired":true,"valueName":"search_term_string"}}],"inLanguage":"it-IT"},{"@type":"Organization","@id":"https:\/\/nuevo-renacer.com\/#organization","name":"UFEC","url":"https:\/\/nuevo-renacer.com\/","logo":{"@type":"ImageObject","inLanguage":"it-IT","@id":"https:\/\/nuevo-renacer.com\/#\/schema\/logo\/image\/","url":"https:\/\/nuevo-renacer.com\/wp-content\/uploads\/2024\/05\/cropped-LOGO-TERMINADO1-3-3.png","contentUrl":"https:\/\/nuevo-renacer.com\/wp-content\/uploads\/2024\/05\/cropped-LOGO-TERMINADO1-3-3.png","width":512,"height":512,"caption":"UFEC"},"image":{"@id":"https:\/\/nuevo-renacer.com\/#\/schema\/logo\/image\/"},"sameAs":["https:\/\/www.facebook.com\/groups\/3431398063740829"]}]}},"uagb_featured_image_src":{"full":["https:\/\/nuevo-renacer.com\/wp-content\/uploads\/2024\/09\/camino-2.jpg",850,531,false],"thumbnail":["https:\/\/nuevo-renacer.com\/wp-content\/uploads\/2024\/09\/camino-2-150x150.jpg",150,150,true],"medium":["https:\/\/nuevo-renacer.com\/wp-content\/uploads\/2024\/09\/camino-2-300x187.jpg",300,187,true],"medium_large":["https:\/\/nuevo-renacer.com\/wp-content\/uploads\/2024\/09\/camino-2-768x480.jpg",768,480,true],"large":["https:\/\/nuevo-renacer.com\/wp-content\/uploads\/2024\/09\/camino-2.jpg",850,531,false],"1536x1536":["https:\/\/nuevo-renacer.com\/wp-content\/uploads\/2024\/09\/camino-2.jpg",850,531,false],"2048x2048":["https:\/\/nuevo-renacer.com\/wp-content\/uploads\/2024\/09\/camino-2.jpg",850,531,false],"trp-custom-language-flag":["https:\/\/nuevo-renacer.com\/wp-content\/uploads\/2024\/09\/camino-2-18x12.jpg",18,12,true]},"uagb_author_info":{"display_name":"adbv0","author_link":"https:\/\/nuevo-renacer.com\/it\/author\/adbv0\/"},"uagb_comment_info":0,"uagb_excerpt":"Al final del camino Hasta donde me alcanza la memoria, siempre me sent\u00ed muy enternecido ante la presencia de las personas mayores, de los ancianos; gentes de toda \u00edndole que ya, casi en el ocaso de sus vidas, cuando su cuerpo se doblega y el esfuerzo solo anima la \u00faltima llama de la ef\u00edmera existencia&hellip;","jetpack_sharing_enabled":true,"_links":{"self":[{"href":"https:\/\/nuevo-renacer.com\/it\/wp-json\/wp\/v2\/pages\/4951","targetHints":{"allow":["GET"]}}],"collection":[{"href":"https:\/\/nuevo-renacer.com\/it\/wp-json\/wp\/v2\/pages"}],"about":[{"href":"https:\/\/nuevo-renacer.com\/it\/wp-json\/wp\/v2\/types\/page"}],"author":[{"embeddable":true,"href":"https:\/\/nuevo-renacer.com\/it\/wp-json\/wp\/v2\/users\/1"}],"replies":[{"embeddable":true,"href":"https:\/\/nuevo-renacer.com\/it\/wp-json\/wp\/v2\/comments?post=4951"}],"version-history":[{"count":2,"href":"https:\/\/nuevo-renacer.com\/it\/wp-json\/wp\/v2\/pages\/4951\/revisions"}],"predecessor-version":[{"id":4955,"href":"https:\/\/nuevo-renacer.com\/it\/wp-json\/wp\/v2\/pages\/4951\/revisions\/4955"}],"wp:featuredmedia":[{"embeddable":true,"href":"https:\/\/nuevo-renacer.com\/it\/wp-json\/wp\/v2\/media\/4954"}],"wp:attachment":[{"href":"https:\/\/nuevo-renacer.com\/it\/wp-json\/wp\/v2\/media?parent=4951"}],"curies":[{"name":"wp","href":"https:\/\/api.w.org\/{rel}","templated":true}]}}