{"id":4701,"date":"2024-09-11T09:06:52","date_gmt":"2024-09-11T09:06:52","guid":{"rendered":"https:\/\/nuevo-renacer.com\/?page_id=4701"},"modified":"2024-09-11T09:13:57","modified_gmt":"2024-09-11T09:13:57","slug":"maria-agustina-guffain-lanzo-de-doittau","status":"publish","type":"page","link":"https:\/\/nuevo-renacer.com\/it\/maria-agustina-guffain-lanzo-de-doittau\/","title":{"rendered":"Mar\u00eda Agustina Guffain Lanz\u00f3 de Doittau"},"content":{"rendered":"<div class=\"wp-block-uagb-container uagb-block-73afab84 alignfull uagb-is-root-container\"><div class=\"uagb-container-inner-blocks-wrap\">\n<p class=\"has-black-color has-text-color has-link-color has-medium-font-size wp-elements-66157c550c3ae8fa5da1c197060972e6\"><strong>Mar\u00eda Agustina Guffain Lanz\u00f3 de Doittau<\/strong> <strong>(1870-1929)<\/strong><\/p>\n<\/div><\/div>\n\n\n\n<div class=\"wp-block-uagb-container uagb-block-df91257e alignfull uagb-is-root-container\"><div class=\"uagb-container-inner-blocks-wrap\">\n<figure class=\"wp-block-image size-full is-resized\"><img decoding=\"async\" width=\"185\" height=\"234\" src=\"https:\/\/nuevo-renacer.com\/wp-content\/uploads\/2024\/09\/3.png\" alt=\"\" class=\"wp-image-4703\" style=\"width:287px;height:auto\" srcset=\"https:\/\/nuevo-renacer.com\/wp-content\/uploads\/2024\/09\/3.png 185w, https:\/\/nuevo-renacer.com\/wp-content\/uploads\/2024\/09\/3-9x12.png 9w\" sizes=\"(max-width: 185px) 100vw, 185px\" \/><\/figure>\n<\/div><\/div>\n\n\n\n<div class=\"wp-block-uagb-container uagb-block-fce4a2a0 alignfull uagb-is-root-container\"><div class=\"uagb-container-inner-blocks-wrap\">\n<p class=\"has-black-color has-text-color has-link-color has-small-font-size wp-elements-124ad56c5c7abb82a9b6a545a0266768\">La espiritista Mar\u00eda Agustina Guffain Lanz\u00f3 de Doittau fue una pionera infatigable con una visi\u00f3n y una pasi\u00f3n por el cambio social, y, a\u00fan m\u00e1s importante, fue una mujer con una enorme devoci\u00f3n por su familia. A principios del siglo XX, Agustina Guffain fue considerada una de las l\u00edderes m\u00e1s influyentes de su tiempo. El perfil de la vida de Agustina que emerge de documentos hist\u00f3ricos de su familia, su literatura, y noticias, aunque incompleto, revela algunas de sus experiencias personales. Tambi\u00e9n muestra las influencias m\u00e1s importantes de su sistema de creencias y su profunda dedicaci\u00f3n al Movimiento Espiritista en el Puerto Rico de esa \u00e9poca.<\/p>\n\n\n\n<p class=\"has-black-color has-text-color has-link-color has-small-font-size wp-elements-d58c4fb31c8147ff2662cfb74a890c85\"><strong>Su juventud<\/strong><\/p>\n\n\n\n<p class=\"has-black-color has-text-color has-link-color has-small-font-size wp-elements-7591ba5367ba0171efd0679c0c2014b3\">Agustina Guffain naci\u00f3 el 24 de abril de 1863 en Mayag\u00fcez, Puerto Rico. Fue la tercera hija de los franceses Pedro Bruno Guffain Reboll\u00e9 y Juana Mar\u00eda Celestina Lanz\u00f3n de Vernoes. Sus padres llegaron a Puerto Rico en la d\u00e9cada de 1840, durante un per\u00edodo de tremendo Desarrollo econ\u00f3mico y eventualmente se establecieron en Mayag\u00fcez. Los Guffain-Lanz\u00f3n eran miembros prominentes y bien educados de las comunidades de Mayag\u00fcez y Cabo Rojo. Agustina ten\u00eda un hermano, Carlos Pedro, que naci\u00f3 en 1854, y una hermana, Mar\u00eda Rafaela, que naci\u00f3 en 1860. La familia se qued\u00f3 por muchos a\u00f1os en Puerto Rico, donde fueron due\u00f1os de varias empresas exitosas.<\/p>\n\n\n\n<p class=\"has-black-color has-text-color has-link-color has-small-font-size wp-elements-78bee7687ed137ab01d1644436ecd064\">No se sabe exactamente c\u00f3mo Agustina desarroll\u00f3 su creencia en el Espiritismo. Podr\u00edamos suponer que emergi\u00f3 por su familia de descendientes franceses que viv\u00edan en el mismo pa\u00eds del padre del Espiritismo, Allan Kardec (1804-1869). Es decir, se podr\u00eda specular que la familia Guffain-Lanz\u00f3n en Francia estuviese expuesta a la doctrina kardeciana y que la semilla de esa filosof\u00eda se sembrara en Agustina en su crianza. Tambi\u00e9n pudo haber contribuido que ella escuchara las conversaciones de su padre con otros intelectuales. Es probable que la influencia del Espiritismo en Agustina ocurriera cuando dicho movimiento alcanz\u00f3 su c\u00faspide en la regi\u00f3n y en toda la Isla.<\/p>\n<\/div><\/div>","protected":false},"excerpt":{"rendered":"<p>Mar\u00eda Agustina Guffain Lanz\u00f3 de Doittau (1870-1929) La espiritista Mar\u00eda Agustina Guffain Lanz\u00f3 de Doittau fue una pionera infatigable con una visi\u00f3n y una pasi\u00f3n por el cambio social, y, a\u00fan m\u00e1s importante, fue una mujer con una enorme devoci\u00f3n por su familia. A principios del siglo XX, Agustina Guffain fue considerada una de las [&hellip;]<\/p>","protected":false},"author":1,"featured_media":4703,"parent":0,"menu_order":0,"comment_status":"closed","ping_status":"closed","template":"","meta":{"_uag_custom_page_level_css":"","site-sidebar-layout":"default","site-content-layout":"","ast-site-content-layout":"default","site-content-style":"default","site-sidebar-style":"default","ast-global-header-display":"","ast-banner-title-visibility":"","ast-main-header-display":"","ast-hfb-above-header-display":"","ast-hfb-below-header-display":"","ast-hfb-mobile-header-display":"","site-post-title":"","ast-breadcrumbs-content":"","ast-featured-img":"","footer-sml-layout":"","theme-transparent-header-meta":"","adv-header-id-meta":"","stick-header-meta":"","header-above-stick-meta":"","header-main-stick-meta":"","header-below-stick-meta":"","astra-migrate-meta-layouts":"set","ast-page-background-enabled":"default","ast-page-background-meta":{"desktop":{"background-color":"var(--ast-global-color-4)","background-image":"","background-repeat":"repeat","background-position":"center center","background-size":"auto","background-attachment":"scroll","background-type":"","background-media":"","overlay-type":"","overlay-color":"","overlay-opacity":"","overlay-gradient":""},"tablet":{"background-color":"","background-image":"","background-repeat":"repeat","background-position":"center center","background-size":"auto","background-attachment":"scroll","background-type":"","background-media":"","overlay-type":"","overlay-color":"","overlay-opacity":"","overlay-gradient":""},"mobile":{"background-color":"","background-image":"","background-repeat":"repeat","background-position":"center center","background-size":"auto","background-attachment":"scroll","background-type":"","background-media":"","overlay-type":"","overlay-color":"","overlay-opacity":"","overlay-gradient":""}},"ast-content-background-meta":{"desktop":{"background-color":"var(--ast-global-color-5)","background-image":"","background-repeat":"repeat","background-position":"center center","background-size":"auto","background-attachment":"scroll","background-type":"","background-media":"","overlay-type":"","overlay-color":"","overlay-opacity":"","overlay-gradient":""},"tablet":{"background-color":"var(--ast-global-color-5)","background-image":"","background-repeat":"repeat","background-position":"center center","background-size":"auto","background-attachment":"scroll","background-type":"","background-media":"","overlay-type":"","overlay-color":"","overlay-opacity":"","overlay-gradient":""},"mobile":{"background-color":"var(--ast-global-color-5)","background-image":"","background-repeat":"repeat","background-position":"center center","background-size":"auto","background-attachment":"scroll","background-type":"","background-media":"","overlay-type":"","overlay-color":"","overlay-opacity":"","overlay-gradient":""}},"footnotes":""},"class_list":["post-4701","page","type-page","status-publish","has-post-thumbnail","hentry"],"yoast_head":"<!-- This site is optimized with the Yoast SEO Premium plugin v24.2 (Yoast SEO v24.6) - https:\/\/yoast.com\/wordpress\/plugins\/seo\/ -->\n<title>Mar\u00eda Agustina Guffain Lanz\u00f3 de Doittau - Uni\u00f3n Esp\u00edrita<\/title>\n<meta name=\"robots\" content=\"index, follow, max-snippet:-1, max-image-preview:large, max-video-preview:-1\" \/>\n<link rel=\"canonical\" href=\"https:\/\/nuevo-renacer.com\/it\/maria-agustina-guffain-lanzo-de-doittau\/\" \/>\n<meta property=\"og:locale\" content=\"it_IT\" \/>\n<meta property=\"og:type\" content=\"article\" \/>\n<meta property=\"og:title\" content=\"Mar\u00eda Agustina Guffain Lanz\u00f3 de Doittau\" \/>\n<meta property=\"og:description\" content=\"Mar\u00eda Agustina Guffain Lanz\u00f3 de Doittau (1870-1929) La espiritista Mar\u00eda Agustina Guffain Lanz\u00f3 de Doittau fue una pionera infatigable con una visi\u00f3n y una pasi\u00f3n por el cambio social, y, a\u00fan m\u00e1s importante, fue una mujer con una enorme devoci\u00f3n por su familia. A principios del siglo XX, Agustina Guffain fue considerada una de las [&hellip;]\" \/>\n<meta property=\"og:url\" content=\"https:\/\/nuevo-renacer.com\/it\/maria-agustina-guffain-lanzo-de-doittau\/\" \/>\n<meta property=\"og:site_name\" content=\"Uni\u00f3n Esp\u00edrita\" \/>\n<meta property=\"article:publisher\" content=\"https:\/\/www.facebook.com\/groups\/3431398063740829\" \/>\n<meta property=\"article:modified_time\" content=\"2024-09-11T09:13:57+00:00\" \/>\n<meta property=\"og:image\" content=\"https:\/\/nuevo-renacer.com\/wp-content\/uploads\/2024\/09\/3.png\" \/>\n\t<meta property=\"og:image:width\" content=\"185\" \/>\n\t<meta property=\"og:image:height\" content=\"234\" \/>\n\t<meta property=\"og:image:type\" content=\"image\/png\" \/>\n<meta name=\"twitter:card\" content=\"summary_large_image\" \/>\n<meta name=\"twitter:label1\" content=\"Tempo di lettura stimato\" \/>\n\t<meta name=\"twitter:data1\" content=\"2 minuti\" \/>\n<script type=\"application\/ld+json\" class=\"yoast-schema-graph\">{\"@context\":\"https:\/\/schema.org\",\"@graph\":[{\"@type\":\"WebPage\",\"@id\":\"https:\/\/nuevo-renacer.com\/maria-agustina-guffain-lanzo-de-doittau\/\",\"url\":\"https:\/\/nuevo-renacer.com\/maria-agustina-guffain-lanzo-de-doittau\/\",\"name\":\"Mar\u00eda Agustina Guffain Lanz\u00f3 de Doittau - Uni\u00f3n Esp\u00edrita\",\"isPartOf\":{\"@id\":\"https:\/\/nuevo-renacer.com\/#website\"},\"primaryImageOfPage\":{\"@id\":\"https:\/\/nuevo-renacer.com\/maria-agustina-guffain-lanzo-de-doittau\/#primaryimage\"},\"image\":{\"@id\":\"https:\/\/nuevo-renacer.com\/maria-agustina-guffain-lanzo-de-doittau\/#primaryimage\"},\"thumbnailUrl\":\"https:\/\/nuevo-renacer.com\/wp-content\/uploads\/2024\/09\/3.png\",\"datePublished\":\"2024-09-11T09:06:52+00:00\",\"dateModified\":\"2024-09-11T09:13:57+00:00\",\"breadcrumb\":{\"@id\":\"https:\/\/nuevo-renacer.com\/maria-agustina-guffain-lanzo-de-doittau\/#breadcrumb\"},\"inLanguage\":\"it-IT\",\"potentialAction\":[{\"@type\":\"ReadAction\",\"target\":[\"https:\/\/nuevo-renacer.com\/maria-agustina-guffain-lanzo-de-doittau\/\"]}]},{\"@type\":\"ImageObject\",\"inLanguage\":\"it-IT\",\"@id\":\"https:\/\/nuevo-renacer.com\/maria-agustina-guffain-lanzo-de-doittau\/#primaryimage\",\"url\":\"https:\/\/nuevo-renacer.com\/wp-content\/uploads\/2024\/09\/3.png\",\"contentUrl\":\"https:\/\/nuevo-renacer.com\/wp-content\/uploads\/2024\/09\/3.png\",\"width\":185,\"height\":234},{\"@type\":\"BreadcrumbList\",\"@id\":\"https:\/\/nuevo-renacer.com\/maria-agustina-guffain-lanzo-de-doittau\/#breadcrumb\",\"itemListElement\":[{\"@type\":\"ListItem\",\"position\":1,\"name\":\"Startseite\",\"item\":\"https:\/\/nuevo-renacer.com\/\"},{\"@type\":\"ListItem\",\"position\":2,\"name\":\"Mar\u00eda Agustina Guffain Lanz\u00f3 de Doittau\"}]},{\"@type\":\"WebSite\",\"@id\":\"https:\/\/nuevo-renacer.com\/#website\",\"url\":\"https:\/\/nuevo-renacer.com\/\",\"name\":\"Uni\u00f3n Esp\u00edrita\",\"description\":\"Nuevo Renacer\",\"publisher\":{\"@id\":\"https:\/\/nuevo-renacer.com\/#organization\"},\"potentialAction\":[{\"@type\":\"SearchAction\",\"target\":{\"@type\":\"EntryPoint\",\"urlTemplate\":\"https:\/\/nuevo-renacer.com\/?s={search_term_string}\"},\"query-input\":{\"@type\":\"PropertyValueSpecification\",\"valueRequired\":true,\"valueName\":\"search_term_string\"}}],\"inLanguage\":\"it-IT\"},{\"@type\":\"Organization\",\"@id\":\"https:\/\/nuevo-renacer.com\/#organization\",\"name\":\"UFEC\",\"url\":\"https:\/\/nuevo-renacer.com\/\",\"logo\":{\"@type\":\"ImageObject\",\"inLanguage\":\"it-IT\",\"@id\":\"https:\/\/nuevo-renacer.com\/#\/schema\/logo\/image\/\",\"url\":\"https:\/\/nuevo-renacer.com\/wp-content\/uploads\/2024\/05\/cropped-LOGO-TERMINADO1-3-3.png\",\"contentUrl\":\"https:\/\/nuevo-renacer.com\/wp-content\/uploads\/2024\/05\/cropped-LOGO-TERMINADO1-3-3.png\",\"width\":512,\"height\":512,\"caption\":\"UFEC\"},\"image\":{\"@id\":\"https:\/\/nuevo-renacer.com\/#\/schema\/logo\/image\/\"},\"sameAs\":[\"https:\/\/www.facebook.com\/groups\/3431398063740829\"]}]}<\/script>\n<!-- \/ Yoast SEO Premium plugin. -->","yoast_head_json":{"title":"Mar\u00eda Agustina Guffain Lanz\u00f3 de Doittau - Uni\u00f3n Esp\u00edrita","robots":{"index":"index","follow":"follow","max-snippet":"max-snippet:-1","max-image-preview":"max-image-preview:large","max-video-preview":"max-video-preview:-1"},"canonical":"https:\/\/nuevo-renacer.com\/it\/maria-agustina-guffain-lanzo-de-doittau\/","og_locale":"it_IT","og_type":"article","og_title":"Mar\u00eda Agustina Guffain Lanz\u00f3 de Doittau","og_description":"Mar\u00eda Agustina Guffain Lanz\u00f3 de Doittau (1870-1929) La espiritista Mar\u00eda Agustina Guffain Lanz\u00f3 de Doittau fue una pionera infatigable con una visi\u00f3n y una pasi\u00f3n por el cambio social, y, a\u00fan m\u00e1s importante, fue una mujer con una enorme devoci\u00f3n por su familia. A principios del siglo XX, Agustina Guffain fue considerada una de las [&hellip;]","og_url":"https:\/\/nuevo-renacer.com\/it\/maria-agustina-guffain-lanzo-de-doittau\/","og_site_name":"Uni\u00f3n Esp\u00edrita","article_publisher":"https:\/\/www.facebook.com\/groups\/3431398063740829","article_modified_time":"2024-09-11T09:13:57+00:00","og_image":[{"width":185,"height":234,"url":"https:\/\/nuevo-renacer.com\/wp-content\/uploads\/2024\/09\/3.png","type":"image\/png"}],"twitter_card":"summary_large_image","twitter_misc":{"Tempo di lettura stimato":"2 minuti"},"schema":{"@context":"https:\/\/schema.org","@graph":[{"@type":"WebPage","@id":"https:\/\/nuevo-renacer.com\/maria-agustina-guffain-lanzo-de-doittau\/","url":"https:\/\/nuevo-renacer.com\/maria-agustina-guffain-lanzo-de-doittau\/","name":"Mar\u00eda Agustina Guffain Lanz\u00f3 de Doittau - Uni\u00f3n Esp\u00edrita","isPartOf":{"@id":"https:\/\/nuevo-renacer.com\/#website"},"primaryImageOfPage":{"@id":"https:\/\/nuevo-renacer.com\/maria-agustina-guffain-lanzo-de-doittau\/#primaryimage"},"image":{"@id":"https:\/\/nuevo-renacer.com\/maria-agustina-guffain-lanzo-de-doittau\/#primaryimage"},"thumbnailUrl":"https:\/\/nuevo-renacer.com\/wp-content\/uploads\/2024\/09\/3.png","datePublished":"2024-09-11T09:06:52+00:00","dateModified":"2024-09-11T09:13:57+00:00","breadcrumb":{"@id":"https:\/\/nuevo-renacer.com\/maria-agustina-guffain-lanzo-de-doittau\/#breadcrumb"},"inLanguage":"it-IT","potentialAction":[{"@type":"ReadAction","target":["https:\/\/nuevo-renacer.com\/maria-agustina-guffain-lanzo-de-doittau\/"]}]},{"@type":"ImageObject","inLanguage":"it-IT","@id":"https:\/\/nuevo-renacer.com\/maria-agustina-guffain-lanzo-de-doittau\/#primaryimage","url":"https:\/\/nuevo-renacer.com\/wp-content\/uploads\/2024\/09\/3.png","contentUrl":"https:\/\/nuevo-renacer.com\/wp-content\/uploads\/2024\/09\/3.png","width":185,"height":234},{"@type":"BreadcrumbList","@id":"https:\/\/nuevo-renacer.com\/maria-agustina-guffain-lanzo-de-doittau\/#breadcrumb","itemListElement":[{"@type":"ListItem","position":1,"name":"Startseite","item":"https:\/\/nuevo-renacer.com\/"},{"@type":"ListItem","position":2,"name":"Mar\u00eda Agustina Guffain Lanz\u00f3 de Doittau"}]},{"@type":"WebSite","@id":"https:\/\/nuevo-renacer.com\/#website","url":"https:\/\/nuevo-renacer.com\/","name":"Uni\u00f3n Esp\u00edrita","description":"Nuevo Renacer","publisher":{"@id":"https:\/\/nuevo-renacer.com\/#organization"},"potentialAction":[{"@type":"SearchAction","target":{"@type":"EntryPoint","urlTemplate":"https:\/\/nuevo-renacer.com\/?s={search_term_string}"},"query-input":{"@type":"PropertyValueSpecification","valueRequired":true,"valueName":"search_term_string"}}],"inLanguage":"it-IT"},{"@type":"Organization","@id":"https:\/\/nuevo-renacer.com\/#organization","name":"UFEC","url":"https:\/\/nuevo-renacer.com\/","logo":{"@type":"ImageObject","inLanguage":"it-IT","@id":"https:\/\/nuevo-renacer.com\/#\/schema\/logo\/image\/","url":"https:\/\/nuevo-renacer.com\/wp-content\/uploads\/2024\/05\/cropped-LOGO-TERMINADO1-3-3.png","contentUrl":"https:\/\/nuevo-renacer.com\/wp-content\/uploads\/2024\/05\/cropped-LOGO-TERMINADO1-3-3.png","width":512,"height":512,"caption":"UFEC"},"image":{"@id":"https:\/\/nuevo-renacer.com\/#\/schema\/logo\/image\/"},"sameAs":["https:\/\/www.facebook.com\/groups\/3431398063740829"]}]}},"uagb_featured_image_src":{"full":["https:\/\/nuevo-renacer.com\/wp-content\/uploads\/2024\/09\/3.png",185,234,false],"thumbnail":["https:\/\/nuevo-renacer.com\/wp-content\/uploads\/2024\/09\/3-150x150.png",150,150,true],"medium":["https:\/\/nuevo-renacer.com\/wp-content\/uploads\/2024\/09\/3.png",185,234,false],"medium_large":["https:\/\/nuevo-renacer.com\/wp-content\/uploads\/2024\/09\/3.png",185,234,false],"large":["https:\/\/nuevo-renacer.com\/wp-content\/uploads\/2024\/09\/3.png",185,234,false],"1536x1536":["https:\/\/nuevo-renacer.com\/wp-content\/uploads\/2024\/09\/3.png",185,234,false],"2048x2048":["https:\/\/nuevo-renacer.com\/wp-content\/uploads\/2024\/09\/3.png",185,234,false],"trp-custom-language-flag":["https:\/\/nuevo-renacer.com\/wp-content\/uploads\/2024\/09\/3-9x12.png",9,12,true]},"uagb_author_info":{"display_name":"adbv0","author_link":"https:\/\/nuevo-renacer.com\/it\/author\/adbv0\/"},"uagb_comment_info":0,"uagb_excerpt":"Mar\u00eda Agustina Guffain Lanz\u00f3 de Doittau (1870-1929) La espiritista Mar\u00eda Agustina Guffain Lanz\u00f3 de Doittau fue una pionera infatigable con una visi\u00f3n y una pasi\u00f3n por el cambio social, y, a\u00fan m\u00e1s importante, fue una mujer con una enorme devoci\u00f3n por su familia. A principios del siglo XX, Agustina Guffain fue considerada una de las&hellip;","jetpack_sharing_enabled":true,"_links":{"self":[{"href":"https:\/\/nuevo-renacer.com\/it\/wp-json\/wp\/v2\/pages\/4701","targetHints":{"allow":["GET"]}}],"collection":[{"href":"https:\/\/nuevo-renacer.com\/it\/wp-json\/wp\/v2\/pages"}],"about":[{"href":"https:\/\/nuevo-renacer.com\/it\/wp-json\/wp\/v2\/types\/page"}],"author":[{"embeddable":true,"href":"https:\/\/nuevo-renacer.com\/it\/wp-json\/wp\/v2\/users\/1"}],"replies":[{"embeddable":true,"href":"https:\/\/nuevo-renacer.com\/it\/wp-json\/wp\/v2\/comments?post=4701"}],"version-history":[{"count":3,"href":"https:\/\/nuevo-renacer.com\/it\/wp-json\/wp\/v2\/pages\/4701\/revisions"}],"predecessor-version":[{"id":4706,"href":"https:\/\/nuevo-renacer.com\/it\/wp-json\/wp\/v2\/pages\/4701\/revisions\/4706"}],"wp:featuredmedia":[{"embeddable":true,"href":"https:\/\/nuevo-renacer.com\/it\/wp-json\/wp\/v2\/media\/4703"}],"wp:attachment":[{"href":"https:\/\/nuevo-renacer.com\/it\/wp-json\/wp\/v2\/media?parent=4701"}],"curies":[{"name":"wp","href":"https:\/\/api.w.org\/{rel}","templated":true}]}}