{"id":4555,"date":"2024-09-09T11:47:16","date_gmt":"2024-09-09T11:47:16","guid":{"rendered":"https:\/\/nuevo-renacer.com\/?page_id=4555"},"modified":"2024-09-10T07:09:33","modified_gmt":"2024-09-10T07:09:33","slug":"deber-y-libertad","status":"publish","type":"page","link":"https:\/\/nuevo-renacer.com\/it\/deber-y-libertad\/","title":{"rendered":"Deber y Libertad"},"content":{"rendered":"<div class=\"wp-block-uagb-container uagb-block-0ba21fd2 alignfull uagb-is-root-container\"><div class=\"uagb-container-inner-blocks-wrap\">\n<p class=\"has-black-color has-text-color has-link-color has-medium-font-size wp-elements-31be85ad895f6017edf4ffba8309fae5\"><strong>Deber y Libertad<\/strong><\/p>\n<\/div><\/div>\n\n\n\n<div class=\"wp-block-uagb-container uagb-block-76f28983 alignfull uagb-is-root-container\"><div class=\"uagb-container-inner-blocks-wrap\">\n<figure class=\"wp-block-image size-full\"><img fetchpriority=\"high\" decoding=\"async\" width=\"457\" height=\"360\" src=\"https:\/\/nuevo-renacer.com\/wp-content\/uploads\/2024\/09\/libertad.jpg\" alt=\"\" class=\"wp-image-4559\" srcset=\"https:\/\/nuevo-renacer.com\/wp-content\/uploads\/2024\/09\/libertad.jpg 457w, https:\/\/nuevo-renacer.com\/wp-content\/uploads\/2024\/09\/libertad-300x236.jpg 300w, https:\/\/nuevo-renacer.com\/wp-content\/uploads\/2024\/09\/libertad-15x12.jpg 15w\" sizes=\"(max-width: 457px) 100vw, 457px\" \/><\/figure>\n<\/div><\/div>\n\n\n\n<div class=\"wp-block-uagb-container uagb-block-c07a9f7f alignfull uagb-is-root-container\"><div class=\"uagb-container-inner-blocks-wrap\">\n<p class=\"has-black-color has-text-color has-link-color has-small-font-size wp-elements-71aee04bcf95e2f31992ac57c376516c\">\u00bfQu\u00e9 hombre, en las horas de silencio y de recogimiento, jam\u00e1s interrog\u00f3 la naturaleza y su propio coraz\u00f3n, pidi\u00e9ndoles el secreto de las cosas, el por qu\u00e9 de la vida, la raz\u00f3n de ser del universo? \u00bfD\u00f3nde est\u00e1 el que jam\u00e1s procur\u00f3 conocer su destino, levantar el velo de la muerte, saber si Dios es una ficci\u00f3n o una realidad? No es propio del ser humano, a\u00fan siendo tan despreocupado, que nunca se hubiera planteado estos problemas temibles. La dificultad en resolverlos, la incoherencia y la multiplicidad de las teor\u00edas que originaron, las consecuencias deplorables que emanan de la inmensa mayor\u00eda de los sistemas desarrollados, todo este conjunto confuso, cansando el esp\u00edritu humano, le llev\u00f3 a la indiferencia y al escepticismo.<\/p>\n\n\n\n<p class=\"has-black-color has-text-color has-link-color has-small-font-size wp-elements-2e22287510956a97289d607d8c9e55ac\">Sin embargo, el hombre necesita saber; necesita el rayo que alumbra, la esperanza que consuela, la certeza que gu\u00eda y que sostiene. Y tiene tambi\u00e9n el medio de conocer, de ver la verdad, de librarse de tinieblas e inundarlo de su ben\u00e9fica luz. Para eso, \u00e9l mismo debe desprenderse de sistemas preconcebidos, descender, escuchar esa voz interior que habla a todos nosotros y que los sofismas no pueden enga\u00f1ar: la voz de la raz\u00f3n, la voz de la conciencia.<\/p>\n\n\n\n<p class=\"has-black-color has-text-color has-link-color has-small-font-size wp-elements-1a7a9ac9fc3217778b8f436f36f49643\">As\u00ed hice yo. Mucho tiempo reflexion\u00e9; medit\u00e9 sobre los problemas de la vida y de la muerte; con perseverancia sonde\u00e9 estos abismos profundos. Dirig\u00ed a la eterna sabidur\u00eda un llamamiento ardiente, y me respondi\u00f3, como responde a todo.<\/p>\n\n\n\n<p class=\"has-black-color has-text-color has-link-color has-small-font-size wp-elements-74e5dd67f56df7b4b36549c79b4291d4\">Esp\u00edritu animado del amor al bien. Pruebas evidentes, hechos de observaci\u00f3n directa vinieron para confirmar las deducciones de mi pensamiento, para ofrecer a mis convicciones una base s\u00f3lida e inquebrantable. Despu\u00e9s de haber dudado, cre\u00ed; despu\u00e9s de haber negado, vi. Y la paz, la confianza y la fuerza moral crecieron en m\u00ed. Son los bienes que, en la sinceridad de mi coraz\u00f3n, deseoso de ser \u00fatil para mis semejantes, vengo para ofrecer a los que sufren y los que desesperan.<\/p>\n\n\n\n<p class=\"has-black-color has-text-color has-link-color has-small-font-size wp-elements-d43fb10c3557db39f3736f2791982505\">Jam\u00e1s la necesidad de luz se hizo sentir de forma m\u00e1s imperiosa. Una transformaci\u00f3n inmensa se produce en el seno de las sociedades. Despu\u00e9s de haber estado sometido durante largos siglos a los principios de autoridad, el hombre mismo aspira, cada vez m\u00e1s, a sacudir toda traba, a gobernarse. Al mismo tiempo que las instituciones pol\u00edticas y sociales se modificaban, las creencias religiosas y la fe a los dogmas se debilitaron. Es todav\u00eda una de las consecuencias de la libertad en su aplicaci\u00f3n a las cosas del pensamiento y de la conciencia. La libertad, en todos los dominios, tiende a sustituir a la coacci\u00f3n y a la autoridad, a guiar a las naciones hacia un horizonte nuevo. El derecho de algunos se convirti\u00f3 en el derecho de todos; pero, para que este soberano derecho est\u00e9 conforme con la justicia y lleve sus frutos es necesario que el conocimiento de las leyes morales venga a regular su ejercicio. Para que la libertad sea fecunda, para que ofrezca a las obras humanas una base segura y duradera, debe ser completada por la luz, la sabidur\u00eda, la verdad. La libertad, para hombres ignorantes y viciosos, \u00bfno es como un arma poderosa en las manos de un ni\u00f1o? El arma, en este caso, a menudo se vuelve contra quien la lleva y le hiere.<\/p>\n\n\n\n<p class=\"has-black-color has-text-color has-link-color has-small-font-size wp-elements-8964bb1b1559e255432403e227b5a61f\"><em><strong>L\u00e9on Denis<\/strong> &#8211; El porqu\u00e9 de la Vida<\/em><\/p>\n<\/div><\/div>","protected":false},"excerpt":{"rendered":"<p>Deber y Libertad \u00bfQu\u00e9 hombre, en las horas de silencio y de recogimiento, jam\u00e1s interrog\u00f3 la naturaleza y su propio coraz\u00f3n, pidi\u00e9ndoles el secreto de las cosas, el por qu\u00e9 de la vida, la raz\u00f3n de ser del universo? \u00bfD\u00f3nde est\u00e1 el que jam\u00e1s procur\u00f3 conocer su destino, levantar el velo de la muerte, saber [&hellip;]<\/p>","protected":false},"author":1,"featured_media":4559,"parent":0,"menu_order":0,"comment_status":"closed","ping_status":"closed","template":"","meta":{"_uag_custom_page_level_css":"","site-sidebar-layout":"default","site-content-layout":"","ast-site-content-layout":"default","site-content-style":"default","site-sidebar-style":"default","ast-global-header-display":"","ast-banner-title-visibility":"","ast-main-header-display":"","ast-hfb-above-header-display":"","ast-hfb-below-header-display":"","ast-hfb-mobile-header-display":"","site-post-title":"","ast-breadcrumbs-content":"","ast-featured-img":"","footer-sml-layout":"","theme-transparent-header-meta":"","adv-header-id-meta":"","stick-header-meta":"","header-above-stick-meta":"","header-main-stick-meta":"","header-below-stick-meta":"","astra-migrate-meta-layouts":"set","ast-page-background-enabled":"default","ast-page-background-meta":{"desktop":{"background-color":"var(--ast-global-color-4)","background-image":"","background-repeat":"repeat","background-position":"center center","background-size":"auto","background-attachment":"scroll","background-type":"","background-media":"","overlay-type":"","overlay-color":"","overlay-opacity":"","overlay-gradient":""},"tablet":{"background-color":"","background-image":"","background-repeat":"repeat","background-position":"center center","background-size":"auto","background-attachment":"scroll","background-type":"","background-media":"","overlay-type":"","overlay-color":"","overlay-opacity":"","overlay-gradient":""},"mobile":{"background-color":"","background-image":"","background-repeat":"repeat","background-position":"center center","background-size":"auto","background-attachment":"scroll","background-type":"","background-media":"","overlay-type":"","overlay-color":"","overlay-opacity":"","overlay-gradient":""}},"ast-content-background-meta":{"desktop":{"background-color":"var(--ast-global-color-5)","background-image":"","background-repeat":"repeat","background-position":"center center","background-size":"auto","background-attachment":"scroll","background-type":"","background-media":"","overlay-type":"","overlay-color":"","overlay-opacity":"","overlay-gradient":""},"tablet":{"background-color":"var(--ast-global-color-5)","background-image":"","background-repeat":"repeat","background-position":"center center","background-size":"auto","background-attachment":"scroll","background-type":"","background-media":"","overlay-type":"","overlay-color":"","overlay-opacity":"","overlay-gradient":""},"mobile":{"background-color":"var(--ast-global-color-5)","background-image":"","background-repeat":"repeat","background-position":"center center","background-size":"auto","background-attachment":"scroll","background-type":"","background-media":"","overlay-type":"","overlay-color":"","overlay-opacity":"","overlay-gradient":""}},"footnotes":""},"class_list":["post-4555","page","type-page","status-publish","has-post-thumbnail","hentry"],"yoast_head":"<!-- This site is optimized with the Yoast SEO Premium plugin v24.2 (Yoast SEO v24.6) - https:\/\/yoast.com\/wordpress\/plugins\/seo\/ -->\n<title>Deber y Libertad - Uni\u00f3n Esp\u00edrita<\/title>\n<meta name=\"robots\" content=\"index, follow, max-snippet:-1, max-image-preview:large, max-video-preview:-1\" \/>\n<link rel=\"canonical\" href=\"https:\/\/nuevo-renacer.com\/it\/deber-y-libertad\/\" \/>\n<meta property=\"og:locale\" content=\"it_IT\" \/>\n<meta property=\"og:type\" content=\"article\" \/>\n<meta property=\"og:title\" content=\"Deber y Libertad\" \/>\n<meta property=\"og:description\" content=\"Deber y Libertad \u00bfQu\u00e9 hombre, en las horas de silencio y de recogimiento, jam\u00e1s interrog\u00f3 la naturaleza y su propio coraz\u00f3n, pidi\u00e9ndoles el secreto de las cosas, el por qu\u00e9 de la vida, la raz\u00f3n de ser del universo? \u00bfD\u00f3nde est\u00e1 el que jam\u00e1s procur\u00f3 conocer su destino, levantar el velo de la muerte, saber [&hellip;]\" \/>\n<meta property=\"og:url\" content=\"https:\/\/nuevo-renacer.com\/it\/deber-y-libertad\/\" \/>\n<meta property=\"og:site_name\" content=\"Uni\u00f3n Esp\u00edrita\" \/>\n<meta property=\"article:publisher\" content=\"https:\/\/www.facebook.com\/groups\/3431398063740829\" \/>\n<meta property=\"article:modified_time\" content=\"2024-09-10T07:09:33+00:00\" \/>\n<meta property=\"og:image\" content=\"https:\/\/nuevo-renacer.com\/wp-content\/uploads\/2024\/09\/libertad.jpg\" \/>\n\t<meta property=\"og:image:width\" content=\"457\" \/>\n\t<meta property=\"og:image:height\" content=\"360\" \/>\n\t<meta property=\"og:image:type\" content=\"image\/jpeg\" \/>\n<meta name=\"twitter:card\" content=\"summary_large_image\" \/>\n<meta name=\"twitter:label1\" content=\"Tempo di lettura stimato\" \/>\n\t<meta name=\"twitter:data1\" content=\"3 minuti\" \/>\n<script type=\"application\/ld+json\" class=\"yoast-schema-graph\">{\"@context\":\"https:\/\/schema.org\",\"@graph\":[{\"@type\":\"WebPage\",\"@id\":\"https:\/\/nuevo-renacer.com\/deber-y-libertad\/\",\"url\":\"https:\/\/nuevo-renacer.com\/deber-y-libertad\/\",\"name\":\"Deber y Libertad - Uni\u00f3n Esp\u00edrita\",\"isPartOf\":{\"@id\":\"https:\/\/nuevo-renacer.com\/#website\"},\"primaryImageOfPage\":{\"@id\":\"https:\/\/nuevo-renacer.com\/deber-y-libertad\/#primaryimage\"},\"image\":{\"@id\":\"https:\/\/nuevo-renacer.com\/deber-y-libertad\/#primaryimage\"},\"thumbnailUrl\":\"https:\/\/nuevo-renacer.com\/wp-content\/uploads\/2024\/09\/libertad.jpg\",\"datePublished\":\"2024-09-09T11:47:16+00:00\",\"dateModified\":\"2024-09-10T07:09:33+00:00\",\"breadcrumb\":{\"@id\":\"https:\/\/nuevo-renacer.com\/deber-y-libertad\/#breadcrumb\"},\"inLanguage\":\"it-IT\",\"potentialAction\":[{\"@type\":\"ReadAction\",\"target\":[\"https:\/\/nuevo-renacer.com\/deber-y-libertad\/\"]}]},{\"@type\":\"ImageObject\",\"inLanguage\":\"it-IT\",\"@id\":\"https:\/\/nuevo-renacer.com\/deber-y-libertad\/#primaryimage\",\"url\":\"https:\/\/nuevo-renacer.com\/wp-content\/uploads\/2024\/09\/libertad.jpg\",\"contentUrl\":\"https:\/\/nuevo-renacer.com\/wp-content\/uploads\/2024\/09\/libertad.jpg\",\"width\":457,\"height\":360},{\"@type\":\"BreadcrumbList\",\"@id\":\"https:\/\/nuevo-renacer.com\/deber-y-libertad\/#breadcrumb\",\"itemListElement\":[{\"@type\":\"ListItem\",\"position\":1,\"name\":\"Startseite\",\"item\":\"https:\/\/nuevo-renacer.com\/\"},{\"@type\":\"ListItem\",\"position\":2,\"name\":\"Deber y Libertad\"}]},{\"@type\":\"WebSite\",\"@id\":\"https:\/\/nuevo-renacer.com\/#website\",\"url\":\"https:\/\/nuevo-renacer.com\/\",\"name\":\"Uni\u00f3n Esp\u00edrita\",\"description\":\"Nuevo Renacer\",\"publisher\":{\"@id\":\"https:\/\/nuevo-renacer.com\/#organization\"},\"potentialAction\":[{\"@type\":\"SearchAction\",\"target\":{\"@type\":\"EntryPoint\",\"urlTemplate\":\"https:\/\/nuevo-renacer.com\/?s={search_term_string}\"},\"query-input\":{\"@type\":\"PropertyValueSpecification\",\"valueRequired\":true,\"valueName\":\"search_term_string\"}}],\"inLanguage\":\"it-IT\"},{\"@type\":\"Organization\",\"@id\":\"https:\/\/nuevo-renacer.com\/#organization\",\"name\":\"UFEC\",\"url\":\"https:\/\/nuevo-renacer.com\/\",\"logo\":{\"@type\":\"ImageObject\",\"inLanguage\":\"it-IT\",\"@id\":\"https:\/\/nuevo-renacer.com\/#\/schema\/logo\/image\/\",\"url\":\"https:\/\/nuevo-renacer.com\/wp-content\/uploads\/2024\/05\/cropped-LOGO-TERMINADO1-3-3.png\",\"contentUrl\":\"https:\/\/nuevo-renacer.com\/wp-content\/uploads\/2024\/05\/cropped-LOGO-TERMINADO1-3-3.png\",\"width\":512,\"height\":512,\"caption\":\"UFEC\"},\"image\":{\"@id\":\"https:\/\/nuevo-renacer.com\/#\/schema\/logo\/image\/\"},\"sameAs\":[\"https:\/\/www.facebook.com\/groups\/3431398063740829\"]}]}<\/script>\n<!-- \/ Yoast SEO Premium plugin. -->","yoast_head_json":{"title":"Deber y Libertad - Uni\u00f3n Esp\u00edrita","robots":{"index":"index","follow":"follow","max-snippet":"max-snippet:-1","max-image-preview":"max-image-preview:large","max-video-preview":"max-video-preview:-1"},"canonical":"https:\/\/nuevo-renacer.com\/it\/deber-y-libertad\/","og_locale":"it_IT","og_type":"article","og_title":"Deber y Libertad","og_description":"Deber y Libertad \u00bfQu\u00e9 hombre, en las horas de silencio y de recogimiento, jam\u00e1s interrog\u00f3 la naturaleza y su propio coraz\u00f3n, pidi\u00e9ndoles el secreto de las cosas, el por qu\u00e9 de la vida, la raz\u00f3n de ser del universo? \u00bfD\u00f3nde est\u00e1 el que jam\u00e1s procur\u00f3 conocer su destino, levantar el velo de la muerte, saber [&hellip;]","og_url":"https:\/\/nuevo-renacer.com\/it\/deber-y-libertad\/","og_site_name":"Uni\u00f3n Esp\u00edrita","article_publisher":"https:\/\/www.facebook.com\/groups\/3431398063740829","article_modified_time":"2024-09-10T07:09:33+00:00","og_image":[{"width":457,"height":360,"url":"https:\/\/nuevo-renacer.com\/wp-content\/uploads\/2024\/09\/libertad.jpg","type":"image\/jpeg"}],"twitter_card":"summary_large_image","twitter_misc":{"Tempo di lettura stimato":"3 minuti"},"schema":{"@context":"https:\/\/schema.org","@graph":[{"@type":"WebPage","@id":"https:\/\/nuevo-renacer.com\/deber-y-libertad\/","url":"https:\/\/nuevo-renacer.com\/deber-y-libertad\/","name":"Deber y Libertad - Uni\u00f3n Esp\u00edrita","isPartOf":{"@id":"https:\/\/nuevo-renacer.com\/#website"},"primaryImageOfPage":{"@id":"https:\/\/nuevo-renacer.com\/deber-y-libertad\/#primaryimage"},"image":{"@id":"https:\/\/nuevo-renacer.com\/deber-y-libertad\/#primaryimage"},"thumbnailUrl":"https:\/\/nuevo-renacer.com\/wp-content\/uploads\/2024\/09\/libertad.jpg","datePublished":"2024-09-09T11:47:16+00:00","dateModified":"2024-09-10T07:09:33+00:00","breadcrumb":{"@id":"https:\/\/nuevo-renacer.com\/deber-y-libertad\/#breadcrumb"},"inLanguage":"it-IT","potentialAction":[{"@type":"ReadAction","target":["https:\/\/nuevo-renacer.com\/deber-y-libertad\/"]}]},{"@type":"ImageObject","inLanguage":"it-IT","@id":"https:\/\/nuevo-renacer.com\/deber-y-libertad\/#primaryimage","url":"https:\/\/nuevo-renacer.com\/wp-content\/uploads\/2024\/09\/libertad.jpg","contentUrl":"https:\/\/nuevo-renacer.com\/wp-content\/uploads\/2024\/09\/libertad.jpg","width":457,"height":360},{"@type":"BreadcrumbList","@id":"https:\/\/nuevo-renacer.com\/deber-y-libertad\/#breadcrumb","itemListElement":[{"@type":"ListItem","position":1,"name":"Startseite","item":"https:\/\/nuevo-renacer.com\/"},{"@type":"ListItem","position":2,"name":"Deber y Libertad"}]},{"@type":"WebSite","@id":"https:\/\/nuevo-renacer.com\/#website","url":"https:\/\/nuevo-renacer.com\/","name":"Uni\u00f3n Esp\u00edrita","description":"Nuevo Renacer","publisher":{"@id":"https:\/\/nuevo-renacer.com\/#organization"},"potentialAction":[{"@type":"SearchAction","target":{"@type":"EntryPoint","urlTemplate":"https:\/\/nuevo-renacer.com\/?s={search_term_string}"},"query-input":{"@type":"PropertyValueSpecification","valueRequired":true,"valueName":"search_term_string"}}],"inLanguage":"it-IT"},{"@type":"Organization","@id":"https:\/\/nuevo-renacer.com\/#organization","name":"UFEC","url":"https:\/\/nuevo-renacer.com\/","logo":{"@type":"ImageObject","inLanguage":"it-IT","@id":"https:\/\/nuevo-renacer.com\/#\/schema\/logo\/image\/","url":"https:\/\/nuevo-renacer.com\/wp-content\/uploads\/2024\/05\/cropped-LOGO-TERMINADO1-3-3.png","contentUrl":"https:\/\/nuevo-renacer.com\/wp-content\/uploads\/2024\/05\/cropped-LOGO-TERMINADO1-3-3.png","width":512,"height":512,"caption":"UFEC"},"image":{"@id":"https:\/\/nuevo-renacer.com\/#\/schema\/logo\/image\/"},"sameAs":["https:\/\/www.facebook.com\/groups\/3431398063740829"]}]}},"uagb_featured_image_src":{"full":["https:\/\/nuevo-renacer.com\/wp-content\/uploads\/2024\/09\/libertad.jpg",457,360,false],"thumbnail":["https:\/\/nuevo-renacer.com\/wp-content\/uploads\/2024\/09\/libertad-150x150.jpg",150,150,true],"medium":["https:\/\/nuevo-renacer.com\/wp-content\/uploads\/2024\/09\/libertad-300x236.jpg",300,236,true],"medium_large":["https:\/\/nuevo-renacer.com\/wp-content\/uploads\/2024\/09\/libertad.jpg",457,360,false],"large":["https:\/\/nuevo-renacer.com\/wp-content\/uploads\/2024\/09\/libertad.jpg",457,360,false],"1536x1536":["https:\/\/nuevo-renacer.com\/wp-content\/uploads\/2024\/09\/libertad.jpg",457,360,false],"2048x2048":["https:\/\/nuevo-renacer.com\/wp-content\/uploads\/2024\/09\/libertad.jpg",457,360,false],"trp-custom-language-flag":["https:\/\/nuevo-renacer.com\/wp-content\/uploads\/2024\/09\/libertad-15x12.jpg",15,12,true]},"uagb_author_info":{"display_name":"adbv0","author_link":"https:\/\/nuevo-renacer.com\/it\/author\/adbv0\/"},"uagb_comment_info":0,"uagb_excerpt":"Deber y Libertad \u00bfQu\u00e9 hombre, en las horas de silencio y de recogimiento, jam\u00e1s interrog\u00f3 la naturaleza y su propio coraz\u00f3n, pidi\u00e9ndoles el secreto de las cosas, el por qu\u00e9 de la vida, la raz\u00f3n de ser del universo? \u00bfD\u00f3nde est\u00e1 el que jam\u00e1s procur\u00f3 conocer su destino, levantar el velo de la muerte, saber&hellip;","jetpack_sharing_enabled":true,"_links":{"self":[{"href":"https:\/\/nuevo-renacer.com\/it\/wp-json\/wp\/v2\/pages\/4555","targetHints":{"allow":["GET"]}}],"collection":[{"href":"https:\/\/nuevo-renacer.com\/it\/wp-json\/wp\/v2\/pages"}],"about":[{"href":"https:\/\/nuevo-renacer.com\/it\/wp-json\/wp\/v2\/types\/page"}],"author":[{"embeddable":true,"href":"https:\/\/nuevo-renacer.com\/it\/wp-json\/wp\/v2\/users\/1"}],"replies":[{"embeddable":true,"href":"https:\/\/nuevo-renacer.com\/it\/wp-json\/wp\/v2\/comments?post=4555"}],"version-history":[{"count":3,"href":"https:\/\/nuevo-renacer.com\/it\/wp-json\/wp\/v2\/pages\/4555\/revisions"}],"predecessor-version":[{"id":4563,"href":"https:\/\/nuevo-renacer.com\/it\/wp-json\/wp\/v2\/pages\/4555\/revisions\/4563"}],"wp:featuredmedia":[{"embeddable":true,"href":"https:\/\/nuevo-renacer.com\/it\/wp-json\/wp\/v2\/media\/4559"}],"wp:attachment":[{"href":"https:\/\/nuevo-renacer.com\/it\/wp-json\/wp\/v2\/media?parent=4555"}],"curies":[{"name":"wp","href":"https:\/\/api.w.org\/{rel}","templated":true}]}}