{"id":4498,"date":"2024-09-05T08:10:01","date_gmt":"2024-09-05T08:10:01","guid":{"rendered":"https:\/\/nuevo-renacer.com\/?page_id=4498"},"modified":"2024-09-05T08:26:05","modified_gmt":"2024-09-05T08:26:05","slug":"paciencia-y-bondad","status":"publish","type":"page","link":"https:\/\/nuevo-renacer.com\/it\/paciencia-y-bondad\/","title":{"rendered":"Paciencia y Bondad"},"content":{"rendered":"<div class=\"wp-block-uagb-container uagb-block-c71b60de alignfull uagb-is-root-container\"><div class=\"uagb-container-inner-blocks-wrap\">\n<p class=\"has-black-color has-text-color has-link-color has-medium-font-size wp-elements-ab60c6a7cf6ac00ed24ee93088544a09\"><strong>Paciencia y Bondad<\/strong><\/p>\n<\/div><\/div>\n\n\n\n<div class=\"wp-block-uagb-container uagb-block-4a36f67b alignfull uagb-is-root-container\"><div class=\"uagb-container-inner-blocks-wrap\">\n<figure class=\"wp-block-image size-full is-resized\"><img fetchpriority=\"high\" decoding=\"async\" width=\"910\" height=\"607\" src=\"https:\/\/nuevo-renacer.com\/wp-content\/uploads\/2024\/09\/snail-girl-patience-ride.jpg\" alt=\"\" class=\"wp-image-4500\" style=\"width:400px;height:auto\" srcset=\"https:\/\/nuevo-renacer.com\/wp-content\/uploads\/2024\/09\/snail-girl-patience-ride.jpg 910w, https:\/\/nuevo-renacer.com\/wp-content\/uploads\/2024\/09\/snail-girl-patience-ride-300x200.jpg 300w, https:\/\/nuevo-renacer.com\/wp-content\/uploads\/2024\/09\/snail-girl-patience-ride-768x512.jpg 768w, https:\/\/nuevo-renacer.com\/wp-content\/uploads\/2024\/09\/snail-girl-patience-ride-18x12.jpg 18w\" sizes=\"(max-width: 910px) 100vw, 910px\" \/><\/figure>\n<\/div><\/div>\n\n\n\n<div class=\"wp-block-uagb-container uagb-block-b870f0dc alignfull uagb-is-root-container\"><div class=\"uagb-container-inner-blocks-wrap\">\n<p class=\"has-black-color has-text-color has-link-color has-small-font-size wp-elements-6fad09947746893121b271be97540189\">Si la soberbia es madre de una multitud de vicios, la caridad da nacimiento a muchas virtudes. La paciencia, la dulzura y la reserva en las conversaciones derivan de ella. Al hombre caritativo le es f\u00e1cil ser paciente y dulce y perdonar las ofensas que le son hechas. La misericordia es compa\u00f1era de la bondad. Un alma elevada no puede conocer el odio ni practicar la venganza. Se cierne por encima de los bajos rencores; ve las cosas desde lo alto. Comprendiendo que los errores de los hombres no son m\u00e1s que el resultado de su ignorancia, no concibe la hiel ni el resentimiento. S\u00f3lo sabe perdonar, olvidar las equivocaciones del pr\u00f3jimo, aniquilar todo germen de enemistad, borrar toda causa de discordia en el porvenir, tanto en la Tierra como en la vida del Espacio.<\/p>\n\n\n\n<p class=\"has-black-color has-text-color has-link-color has-small-font-size wp-elements-c84167df679665e52b3de5914f73fd12\">La caridad, la mansedumbre, el perd\u00f3n de las injurias nos hace invulnerables, insensibles a las bajezas y a las perfidias. Provocan nuestra emancipaci\u00f3n progresiva de las vanidades terrenales, y nos acostumbran a dirigir nuestras miradas hacia las cosas a las cuales la decepci\u00f3n no puede alcanzar.<\/p>\n\n\n\n<p class=\"has-black-color has-text-color has-link-color has-small-font-size wp-elements-95b21b8d6d8538461c176c3f85e96f5d\">Perdonar es el deber del alma que aspire a los cielos elevados. \u00bfCu\u00e1ntas veces no tenemos necesidad nosotros mismos de ese perd\u00f3n? \u00bfCu\u00e1ntas veces no lo hemos pedido? \u00a1Perdonemos, con el fin de que seamos perdonados! No podr\u00edamos obtener para nosotros lo que rehus\u00e1semos a los dem\u00e1s. Si queremos vengarnos, que sea por medio de buenas acciones. El bien hecho a quien nos ofende desarma a nuestro enemigo. Su odio s\u00e9 cambia en asombro, y su asombro en admiraci\u00f3n. Despertando su conciencia adormecida, esta lecci\u00f3n puede producir en \u00e9l una impresi\u00f3n profunda. Por este medio, quiz\u00e1 ilumin\u00e1ndola, hayamos arrancado un alma a la perversidad.<\/p>\n\n\n\n<p class=\"has-black-color has-text-color has-link-color has-small-font-size wp-elements-01a89cb734a68c401772a707b0b9a2f8\">El \u00fanico mal que se debe se\u00f1alar y combatir es el que recae sobre la sociedad. Cuando se presenta bajo la forma de la hipocresia, de la duplicidad, de la mentira, debemos desenmascararlo, pues otras personas podr\u00edan sufrirlo; pero es hermoso guardar silencio acerca de lo que ata\u00f1e s\u00f3lo a nuestros intereses o a nuestro amor propio. La venganza, bajo todas sus formas el duelo o la guerra, es el vestigio del salvajismo primitivo, la herencia de un mundo b\u00e1rbaro y atrasado. El que haya entrevisto el encadenamiento grandioso de las leyes superiores, de ese principio de justicia cuyos efectos repercuten a trav\u00e9s del tiempo, \u00bfpuede pensar en vengarse?<\/p>\n\n\n\n<p class=\"has-black-color has-text-color has-link-color has-small-font-size wp-elements-026ebbbf88c02270bdea335be2043618\">Vengarse es hacer dos faltas, dos cr\u00edmenes de uno solo: es hacerse tan culpable como el ofensor mismo. Cuando el ultraje o la injusticia nos hieran, impongamos silencio a nuestra dignidad herida, pensemos en aquel\u00edos que, en el pasado oscuro, fueron ofendidos, ultrajados, expoliados por nosotros mismos, y soportemos la injuria como una reparaci\u00f3n. No perdamos de vista la finalidad de la existencia, que tales accidentes nos har\u00edan olvidar. No abandonemos el camino recto y seguro; no nos dejemos arrastrar por la pasi\u00f3n hacia pendientes peligrosas que nos conducir\u00edan a la bestialidad; ascendamos, m\u00e1s bien, por estas pendientes con gran valor. La venganza es una locura que nos har\u00eda perder el fruto del bien, de los progresos, retroceder en el camino recorrido. Alg\u00fan d\u00eda, cuando hayamos abandonado la Tierra, tal vez bendigamos a aquellos que fueron duros y despiadados con nosotros, que nos despojaron y nos llenaron de amargura; les bendeciremos, porque de sus iniquidades habr\u00e1 salido nuestra felicidad espiritual. Cre\u00edan habernos hecho mal, y facilitaron nuestro adelanto y nuestra elevaci\u00f3n, al proporcionarnos la ocasi\u00f3n de que sufri\u00e9semos sin murmurar, perdonando y olvidando. La paciencia es aquella cualidad que nos ense\u00f1a a soportar con calma todas las contrariedades. No consiste en extinguir en nosotros toda sensaci\u00f3n, en dejarnos indiferentes e inertes, sino en buscar m\u00e1s all\u00e1 de los horizontes del presente los consuelos que nos hacen que consideremos como f\u00fatiles y secundarias las tribulaciones de la vida material.<\/p>\n\n\n\n<p class=\"has-black-color has-text-color has-link-color has-small-font-size wp-elements-a5b15b100e42556afd160f7e82c5eefc\">La paciencia conduce a la benevolencia. Como si fuesen unos espejos, las almas nos env\u00edan el reflejo de los sentimientos que nos ispiran. La simpat\u00eda llama a la simpat\u00eda, y la indiferencia engendra la acritud.<\/p>\n\n\n\n<p class=\"has-black-color has-text-color has-link-color has-small-font-size wp-elements-2fbce7d201a7396b0f4eecc51c064f15\">Sepamos, cuando sea necesario, reprender dulzura, discutir sin exaltaci\u00f3n, juzgar todas las cosas con moderaci\u00f3n y benevolencia; huyamos de todo lo que apasiona y sobreexcita.<\/p>\n\n\n\n<p class=\"has-black-color has-text-color has-link-color has-small-font-size wp-elements-0ce1d64b65ea58e7ac7e68ffc9733f87\">Guard\u00e9monos, sobre todo, de la c\u00f3lera, que es el despertar de todos los instintos salvajes amortiguados por el progreso y la civilizaci\u00f3n, una reminiscencia de nuestras vidas oscuras. En todo hombre, la bestia subsiste a\u00fan en ciertos aspectos: la bestia que debemos domar a fuerza de energ\u00eda, si no queremos ser dominados y esclavizados por ella. En la c\u00f3lera, esos instintos adormecidos se despiertan y hacen una fiera del hombre. Entonces, se desvanecen toda dignidad, toda raz\u00f3n y todo respeto de uno mismo. La c\u00f3lera nos ciega, nos hace perder la conciencia de nuestros actos, y, en sus furores, puede conducirnos hasta el crimen.<\/p>\n\n\n\n<p class=\"has-black-color has-text-color has-link-color has-small-font-size wp-elements-98e28a56e3e77925669b810317a14aee\">La naturaleza del hombre sensato consiste en contenerse siempre, y la c\u00f3lera es indicio de un car\u00e1cter atrasado. El que sienta inclinaci\u00f3n a ella, deber\u00e1 velar con cuidado por sus emociones, ahogar en s\u00ed el sentimiento de la personalidad, procurar no hacer ni dar nada, en tanto que se sienta bajo el imperio de esa pasi\u00f3n temible.<\/p>\n\n\n\n<p class=\"has-black-color has-text-color has-link-color has-small-font-size wp-elements-c52504eae8fd101463ffc19589c1b637\">Esforc\u00e9monos en adquirir la bondad, cualidad inefable y aureola de la vejez; la bondad, que supone para su poseedor ese culto del coraz\u00f3n, rendido por los humildes y los d\u00e9biles a sus sostenes y a sus protectores.<\/p>\n\n\n\n<p class=\"has-black-color has-text-color has-link-color has-small-font-size wp-elements-888508d5a0f1382e049526c18fadbe2d\">La indulgencia, la simpat\u00eda y la bondad apaciguan a los hombres, los atraen hacia nosotros, los disponen a prestar a nuestra opini\u00f3n o\u00eddo confiado, en tanto que la severidad les rechaza y les aleja. La bondad nos crea as\u00ed una especie de austeridad moral sobre las almas, nos proporciona m\u00e1s medios de conmoverlas y de orientarlas hacia el bien. Hagamos, pues, de esta virtud una antorcha con cuya ayuda podamos llevar la luz a las inteligencias m\u00e1s oscuras, tarea delicada, pero que har\u00e1 m\u00e1s f\u00e1cil un poco de amor hacia nuestros hermanos unido al sentimiento profundo de la solidaridad.<\/p>\n\n\n\n<p class=\"has-black-color has-text-color has-link-color has-small-font-size wp-elements-e0b0166bb06370235e49319a88b27dba\"><strong><em>Le\u00f3n Denis <\/em><\/strong>&#8211;<em> El Camino Recto \u2503 Concepto esp\u00edrita de la ley moral<\/em><\/p>\n<\/div><\/div>","protected":false},"excerpt":{"rendered":"<p>Paciencia y Bondad Si la soberbia es madre de una multitud de vicios, la caridad da nacimiento a muchas virtudes. La paciencia, la dulzura y la reserva en las conversaciones derivan de ella. Al hombre caritativo le es f\u00e1cil ser paciente y dulce y perdonar las ofensas que le son hechas. La misericordia es compa\u00f1era [&hellip;]<\/p>","protected":false},"author":1,"featured_media":4500,"parent":0,"menu_order":0,"comment_status":"closed","ping_status":"closed","template":"","meta":{"_uag_custom_page_level_css":"","site-sidebar-layout":"default","site-content-layout":"","ast-site-content-layout":"default","site-content-style":"default","site-sidebar-style":"default","ast-global-header-display":"","ast-banner-title-visibility":"","ast-main-header-display":"","ast-hfb-above-header-display":"","ast-hfb-below-header-display":"","ast-hfb-mobile-header-display":"","site-post-title":"","ast-breadcrumbs-content":"","ast-featured-img":"","footer-sml-layout":"","theme-transparent-header-meta":"","adv-header-id-meta":"","stick-header-meta":"","header-above-stick-meta":"","header-main-stick-meta":"","header-below-stick-meta":"","astra-migrate-meta-layouts":"set","ast-page-background-enabled":"default","ast-page-background-meta":{"desktop":{"background-color":"var(--ast-global-color-4)","background-image":"","background-repeat":"repeat","background-position":"center center","background-size":"auto","background-attachment":"scroll","background-type":"","background-media":"","overlay-type":"","overlay-color":"","overlay-opacity":"","overlay-gradient":""},"tablet":{"background-color":"","background-image":"","background-repeat":"repeat","background-position":"center center","background-size":"auto","background-attachment":"scroll","background-type":"","background-media":"","overlay-type":"","overlay-color":"","overlay-opacity":"","overlay-gradient":""},"mobile":{"background-color":"","background-image":"","background-repeat":"repeat","background-position":"center center","background-size":"auto","background-attachment":"scroll","background-type":"","background-media":"","overlay-type":"","overlay-color":"","overlay-opacity":"","overlay-gradient":""}},"ast-content-background-meta":{"desktop":{"background-color":"var(--ast-global-color-5)","background-image":"","background-repeat":"repeat","background-position":"center center","background-size":"auto","background-attachment":"scroll","background-type":"","background-media":"","overlay-type":"","overlay-color":"","overlay-opacity":"","overlay-gradient":""},"tablet":{"background-color":"var(--ast-global-color-5)","background-image":"","background-repeat":"repeat","background-position":"center center","background-size":"auto","background-attachment":"scroll","background-type":"","background-media":"","overlay-type":"","overlay-color":"","overlay-opacity":"","overlay-gradient":""},"mobile":{"background-color":"var(--ast-global-color-5)","background-image":"","background-repeat":"repeat","background-position":"center center","background-size":"auto","background-attachment":"scroll","background-type":"","background-media":"","overlay-type":"","overlay-color":"","overlay-opacity":"","overlay-gradient":""}},"footnotes":""},"class_list":["post-4498","page","type-page","status-publish","has-post-thumbnail","hentry"],"yoast_head":"<!-- This site is optimized with the Yoast SEO Premium plugin v24.2 (Yoast SEO v24.6) - https:\/\/yoast.com\/wordpress\/plugins\/seo\/ -->\n<title>Paciencia y Bondad - Uni\u00f3n Esp\u00edrita<\/title>\n<meta name=\"robots\" content=\"index, follow, max-snippet:-1, max-image-preview:large, max-video-preview:-1\" \/>\n<link rel=\"canonical\" href=\"https:\/\/nuevo-renacer.com\/it\/paciencia-y-bondad\/\" \/>\n<meta property=\"og:locale\" content=\"it_IT\" \/>\n<meta property=\"og:type\" content=\"article\" \/>\n<meta property=\"og:title\" content=\"Paciencia y Bondad\" \/>\n<meta property=\"og:description\" content=\"Paciencia y Bondad Si la soberbia es madre de una multitud de vicios, la caridad da nacimiento a muchas virtudes. La paciencia, la dulzura y la reserva en las conversaciones derivan de ella. Al hombre caritativo le es f\u00e1cil ser paciente y dulce y perdonar las ofensas que le son hechas. La misericordia es compa\u00f1era [&hellip;]\" \/>\n<meta property=\"og:url\" content=\"https:\/\/nuevo-renacer.com\/it\/paciencia-y-bondad\/\" \/>\n<meta property=\"og:site_name\" content=\"Uni\u00f3n Esp\u00edrita\" \/>\n<meta property=\"article:publisher\" content=\"https:\/\/www.facebook.com\/groups\/3431398063740829\" \/>\n<meta property=\"article:modified_time\" content=\"2024-09-05T08:26:05+00:00\" \/>\n<meta property=\"og:image\" content=\"https:\/\/nuevo-renacer.com\/wp-content\/uploads\/2024\/09\/snail-girl-patience-ride.jpg\" \/>\n\t<meta property=\"og:image:width\" content=\"910\" \/>\n\t<meta property=\"og:image:height\" content=\"607\" \/>\n\t<meta property=\"og:image:type\" content=\"image\/jpeg\" \/>\n<meta name=\"twitter:card\" content=\"summary_large_image\" \/>\n<meta name=\"twitter:label1\" content=\"Tempo di lettura stimato\" \/>\n\t<meta name=\"twitter:data1\" content=\"5 minuti\" \/>\n<script type=\"application\/ld+json\" class=\"yoast-schema-graph\">{\"@context\":\"https:\/\/schema.org\",\"@graph\":[{\"@type\":\"WebPage\",\"@id\":\"https:\/\/nuevo-renacer.com\/paciencia-y-bondad\/\",\"url\":\"https:\/\/nuevo-renacer.com\/paciencia-y-bondad\/\",\"name\":\"Paciencia y Bondad - Uni\u00f3n Esp\u00edrita\",\"isPartOf\":{\"@id\":\"https:\/\/nuevo-renacer.com\/#website\"},\"primaryImageOfPage\":{\"@id\":\"https:\/\/nuevo-renacer.com\/paciencia-y-bondad\/#primaryimage\"},\"image\":{\"@id\":\"https:\/\/nuevo-renacer.com\/paciencia-y-bondad\/#primaryimage\"},\"thumbnailUrl\":\"https:\/\/nuevo-renacer.com\/wp-content\/uploads\/2024\/09\/snail-girl-patience-ride.jpg\",\"datePublished\":\"2024-09-05T08:10:01+00:00\",\"dateModified\":\"2024-09-05T08:26:05+00:00\",\"breadcrumb\":{\"@id\":\"https:\/\/nuevo-renacer.com\/paciencia-y-bondad\/#breadcrumb\"},\"inLanguage\":\"it-IT\",\"potentialAction\":[{\"@type\":\"ReadAction\",\"target\":[\"https:\/\/nuevo-renacer.com\/paciencia-y-bondad\/\"]}]},{\"@type\":\"ImageObject\",\"inLanguage\":\"it-IT\",\"@id\":\"https:\/\/nuevo-renacer.com\/paciencia-y-bondad\/#primaryimage\",\"url\":\"https:\/\/nuevo-renacer.com\/wp-content\/uploads\/2024\/09\/snail-girl-patience-ride.jpg\",\"contentUrl\":\"https:\/\/nuevo-renacer.com\/wp-content\/uploads\/2024\/09\/snail-girl-patience-ride.jpg\",\"width\":910,\"height\":607},{\"@type\":\"BreadcrumbList\",\"@id\":\"https:\/\/nuevo-renacer.com\/paciencia-y-bondad\/#breadcrumb\",\"itemListElement\":[{\"@type\":\"ListItem\",\"position\":1,\"name\":\"Startseite\",\"item\":\"https:\/\/nuevo-renacer.com\/\"},{\"@type\":\"ListItem\",\"position\":2,\"name\":\"Paciencia y Bondad\"}]},{\"@type\":\"WebSite\",\"@id\":\"https:\/\/nuevo-renacer.com\/#website\",\"url\":\"https:\/\/nuevo-renacer.com\/\",\"name\":\"Uni\u00f3n Esp\u00edrita\",\"description\":\"Nuevo Renacer\",\"publisher\":{\"@id\":\"https:\/\/nuevo-renacer.com\/#organization\"},\"potentialAction\":[{\"@type\":\"SearchAction\",\"target\":{\"@type\":\"EntryPoint\",\"urlTemplate\":\"https:\/\/nuevo-renacer.com\/?s={search_term_string}\"},\"query-input\":{\"@type\":\"PropertyValueSpecification\",\"valueRequired\":true,\"valueName\":\"search_term_string\"}}],\"inLanguage\":\"it-IT\"},{\"@type\":\"Organization\",\"@id\":\"https:\/\/nuevo-renacer.com\/#organization\",\"name\":\"UFEC\",\"url\":\"https:\/\/nuevo-renacer.com\/\",\"logo\":{\"@type\":\"ImageObject\",\"inLanguage\":\"it-IT\",\"@id\":\"https:\/\/nuevo-renacer.com\/#\/schema\/logo\/image\/\",\"url\":\"https:\/\/nuevo-renacer.com\/wp-content\/uploads\/2024\/05\/cropped-LOGO-TERMINADO1-3-3.png\",\"contentUrl\":\"https:\/\/nuevo-renacer.com\/wp-content\/uploads\/2024\/05\/cropped-LOGO-TERMINADO1-3-3.png\",\"width\":512,\"height\":512,\"caption\":\"UFEC\"},\"image\":{\"@id\":\"https:\/\/nuevo-renacer.com\/#\/schema\/logo\/image\/\"},\"sameAs\":[\"https:\/\/www.facebook.com\/groups\/3431398063740829\"]}]}<\/script>\n<!-- \/ Yoast SEO Premium plugin. -->","yoast_head_json":{"title":"Paciencia y Bondad - Uni\u00f3n Esp\u00edrita","robots":{"index":"index","follow":"follow","max-snippet":"max-snippet:-1","max-image-preview":"max-image-preview:large","max-video-preview":"max-video-preview:-1"},"canonical":"https:\/\/nuevo-renacer.com\/it\/paciencia-y-bondad\/","og_locale":"it_IT","og_type":"article","og_title":"Paciencia y Bondad","og_description":"Paciencia y Bondad Si la soberbia es madre de una multitud de vicios, la caridad da nacimiento a muchas virtudes. La paciencia, la dulzura y la reserva en las conversaciones derivan de ella. Al hombre caritativo le es f\u00e1cil ser paciente y dulce y perdonar las ofensas que le son hechas. La misericordia es compa\u00f1era [&hellip;]","og_url":"https:\/\/nuevo-renacer.com\/it\/paciencia-y-bondad\/","og_site_name":"Uni\u00f3n Esp\u00edrita","article_publisher":"https:\/\/www.facebook.com\/groups\/3431398063740829","article_modified_time":"2024-09-05T08:26:05+00:00","og_image":[{"width":910,"height":607,"url":"https:\/\/nuevo-renacer.com\/wp-content\/uploads\/2024\/09\/snail-girl-patience-ride.jpg","type":"image\/jpeg"}],"twitter_card":"summary_large_image","twitter_misc":{"Tempo di lettura stimato":"5 minuti"},"schema":{"@context":"https:\/\/schema.org","@graph":[{"@type":"WebPage","@id":"https:\/\/nuevo-renacer.com\/paciencia-y-bondad\/","url":"https:\/\/nuevo-renacer.com\/paciencia-y-bondad\/","name":"Paciencia y Bondad - Uni\u00f3n Esp\u00edrita","isPartOf":{"@id":"https:\/\/nuevo-renacer.com\/#website"},"primaryImageOfPage":{"@id":"https:\/\/nuevo-renacer.com\/paciencia-y-bondad\/#primaryimage"},"image":{"@id":"https:\/\/nuevo-renacer.com\/paciencia-y-bondad\/#primaryimage"},"thumbnailUrl":"https:\/\/nuevo-renacer.com\/wp-content\/uploads\/2024\/09\/snail-girl-patience-ride.jpg","datePublished":"2024-09-05T08:10:01+00:00","dateModified":"2024-09-05T08:26:05+00:00","breadcrumb":{"@id":"https:\/\/nuevo-renacer.com\/paciencia-y-bondad\/#breadcrumb"},"inLanguage":"it-IT","potentialAction":[{"@type":"ReadAction","target":["https:\/\/nuevo-renacer.com\/paciencia-y-bondad\/"]}]},{"@type":"ImageObject","inLanguage":"it-IT","@id":"https:\/\/nuevo-renacer.com\/paciencia-y-bondad\/#primaryimage","url":"https:\/\/nuevo-renacer.com\/wp-content\/uploads\/2024\/09\/snail-girl-patience-ride.jpg","contentUrl":"https:\/\/nuevo-renacer.com\/wp-content\/uploads\/2024\/09\/snail-girl-patience-ride.jpg","width":910,"height":607},{"@type":"BreadcrumbList","@id":"https:\/\/nuevo-renacer.com\/paciencia-y-bondad\/#breadcrumb","itemListElement":[{"@type":"ListItem","position":1,"name":"Startseite","item":"https:\/\/nuevo-renacer.com\/"},{"@type":"ListItem","position":2,"name":"Paciencia y Bondad"}]},{"@type":"WebSite","@id":"https:\/\/nuevo-renacer.com\/#website","url":"https:\/\/nuevo-renacer.com\/","name":"Uni\u00f3n Esp\u00edrita","description":"Nuevo Renacer","publisher":{"@id":"https:\/\/nuevo-renacer.com\/#organization"},"potentialAction":[{"@type":"SearchAction","target":{"@type":"EntryPoint","urlTemplate":"https:\/\/nuevo-renacer.com\/?s={search_term_string}"},"query-input":{"@type":"PropertyValueSpecification","valueRequired":true,"valueName":"search_term_string"}}],"inLanguage":"it-IT"},{"@type":"Organization","@id":"https:\/\/nuevo-renacer.com\/#organization","name":"UFEC","url":"https:\/\/nuevo-renacer.com\/","logo":{"@type":"ImageObject","inLanguage":"it-IT","@id":"https:\/\/nuevo-renacer.com\/#\/schema\/logo\/image\/","url":"https:\/\/nuevo-renacer.com\/wp-content\/uploads\/2024\/05\/cropped-LOGO-TERMINADO1-3-3.png","contentUrl":"https:\/\/nuevo-renacer.com\/wp-content\/uploads\/2024\/05\/cropped-LOGO-TERMINADO1-3-3.png","width":512,"height":512,"caption":"UFEC"},"image":{"@id":"https:\/\/nuevo-renacer.com\/#\/schema\/logo\/image\/"},"sameAs":["https:\/\/www.facebook.com\/groups\/3431398063740829"]}]}},"uagb_featured_image_src":{"full":["https:\/\/nuevo-renacer.com\/wp-content\/uploads\/2024\/09\/snail-girl-patience-ride.jpg",910,607,false],"thumbnail":["https:\/\/nuevo-renacer.com\/wp-content\/uploads\/2024\/09\/snail-girl-patience-ride-150x150.jpg",150,150,true],"medium":["https:\/\/nuevo-renacer.com\/wp-content\/uploads\/2024\/09\/snail-girl-patience-ride-300x200.jpg",300,200,true],"medium_large":["https:\/\/nuevo-renacer.com\/wp-content\/uploads\/2024\/09\/snail-girl-patience-ride-768x512.jpg",768,512,true],"large":["https:\/\/nuevo-renacer.com\/wp-content\/uploads\/2024\/09\/snail-girl-patience-ride.jpg",910,607,false],"1536x1536":["https:\/\/nuevo-renacer.com\/wp-content\/uploads\/2024\/09\/snail-girl-patience-ride.jpg",910,607,false],"2048x2048":["https:\/\/nuevo-renacer.com\/wp-content\/uploads\/2024\/09\/snail-girl-patience-ride.jpg",910,607,false],"trp-custom-language-flag":["https:\/\/nuevo-renacer.com\/wp-content\/uploads\/2024\/09\/snail-girl-patience-ride-18x12.jpg",18,12,true]},"uagb_author_info":{"display_name":"adbv0","author_link":"https:\/\/nuevo-renacer.com\/it\/author\/adbv0\/"},"uagb_comment_info":0,"uagb_excerpt":"Paciencia y Bondad Si la soberbia es madre de una multitud de vicios, la caridad da nacimiento a muchas virtudes. La paciencia, la dulzura y la reserva en las conversaciones derivan de ella. Al hombre caritativo le es f\u00e1cil ser paciente y dulce y perdonar las ofensas que le son hechas. La misericordia es compa\u00f1era&hellip;","jetpack_sharing_enabled":true,"_links":{"self":[{"href":"https:\/\/nuevo-renacer.com\/it\/wp-json\/wp\/v2\/pages\/4498","targetHints":{"allow":["GET"]}}],"collection":[{"href":"https:\/\/nuevo-renacer.com\/it\/wp-json\/wp\/v2\/pages"}],"about":[{"href":"https:\/\/nuevo-renacer.com\/it\/wp-json\/wp\/v2\/types\/page"}],"author":[{"embeddable":true,"href":"https:\/\/nuevo-renacer.com\/it\/wp-json\/wp\/v2\/users\/1"}],"replies":[{"embeddable":true,"href":"https:\/\/nuevo-renacer.com\/it\/wp-json\/wp\/v2\/comments?post=4498"}],"version-history":[{"count":3,"href":"https:\/\/nuevo-renacer.com\/it\/wp-json\/wp\/v2\/pages\/4498\/revisions"}],"predecessor-version":[{"id":4505,"href":"https:\/\/nuevo-renacer.com\/it\/wp-json\/wp\/v2\/pages\/4498\/revisions\/4505"}],"wp:featuredmedia":[{"embeddable":true,"href":"https:\/\/nuevo-renacer.com\/it\/wp-json\/wp\/v2\/media\/4500"}],"wp:attachment":[{"href":"https:\/\/nuevo-renacer.com\/it\/wp-json\/wp\/v2\/media?parent=4498"}],"curies":[{"name":"wp","href":"https:\/\/api.w.org\/{rel}","templated":true}]}}