{"id":4476,"date":"2024-09-04T12:09:42","date_gmt":"2024-09-04T12:09:42","guid":{"rendered":"https:\/\/nuevo-renacer.com\/?page_id=4476"},"modified":"2024-09-04T12:11:01","modified_gmt":"2024-09-04T12:11:01","slug":"fe-esperanza-y-consuelos","status":"publish","type":"page","link":"https:\/\/nuevo-renacer.com\/it\/fe-esperanza-y-consuelos\/","title":{"rendered":"Fe, Esperanza y Consuelos"},"content":{"rendered":"<div class=\"wp-block-uagb-container uagb-block-72fc214a alignfull uagb-is-root-container\"><div class=\"uagb-container-inner-blocks-wrap\">\n<p class=\"has-black-color has-text-color has-link-color has-medium-font-size wp-elements-86a785202b5f889a09d0fb74ea821c68\"><strong>Fe, Esperanza y Consuelos<\/strong><\/p>\n<\/div><\/div>\n\n\n\n<div class=\"wp-block-uagb-container uagb-block-bf87f872 alignfull uagb-is-root-container\"><div class=\"uagb-container-inner-blocks-wrap\">\n<figure class=\"wp-block-image size-full\"><img fetchpriority=\"high\" decoding=\"async\" width=\"380\" height=\"253\" src=\"https:\/\/nuevo-renacer.com\/wp-content\/uploads\/2024\/09\/depositphotos_265407638-stock-photo-the-man-on-the-background.jpg\" alt=\"\" class=\"wp-image-4478\" srcset=\"https:\/\/nuevo-renacer.com\/wp-content\/uploads\/2024\/09\/depositphotos_265407638-stock-photo-the-man-on-the-background.jpg 380w, https:\/\/nuevo-renacer.com\/wp-content\/uploads\/2024\/09\/depositphotos_265407638-stock-photo-the-man-on-the-background-300x200.jpg 300w, https:\/\/nuevo-renacer.com\/wp-content\/uploads\/2024\/09\/depositphotos_265407638-stock-photo-the-man-on-the-background-18x12.jpg 18w\" sizes=\"(max-width: 380px) 100vw, 380px\" \/><\/figure>\n<\/div><\/div>\n\n\n\n<div class=\"wp-block-uagb-container uagb-block-6b7bbc3e alignfull uagb-is-root-container\"><div class=\"uagb-container-inner-blocks-wrap\">\n<p class=\"has-black-color has-text-color has-link-color has-small-font-size wp-elements-25c0e8512e7a264aa90d78ddf66472fd\">La fe es la confianza del hombre en sus destinos, el sentimiento que le lleva hacia el Poder infinito; es la certidumbre de haber entrado en el camino que conduce a la verdad. La fe ciega es como un farol cuyo rojo resplandor no puede traspasar la niebla; la fe esclarecida es un faro poderoso que ilumina con una viva claridad el camino que se ha de recorrer.<\/p>\n\n\n\n<p class=\"has-black-color has-text-color has-link-color has-small-font-size wp-elements-9af68d7d30d6f13cafceca0bcb80a959\">No se adquiere esta fe sin haber pasado por los tormentos de la duda, por todas las torturas que vienen a sitiar a los investigadores. \u00c9stos no obtienen m\u00e1s que una abrumadora incertidumbre, y flotan durante mucho tiempo entre dos corrientes contrarias. \u00a1Dichoso el que cree, sabe, ve y camina de un modo seguro! Su fe es profunda, inquebrantable. Le hace capaz de salvar los mayores obst\u00e1culos. En este sentido, se ha podido decir, en forma figurada, que la fe levanta las monta\u00f1as, representando las monta\u00f1as, en este caso, las dificultades acumuladas en el camino de los innovadores, las pasiones, la ignorancia, los prejuicios y el inter\u00e9s material.<\/p>\n\n\n\n<p class=\"has-black-color has-text-color has-link-color has-small-font-size wp-elements-9b14eef466bba21808156c25fe755509\">S\u00f3lo se ve com\u00fanmente en la fe la creencia en ciertos dogmas religiosos aceptados sin examen. Pero la fe es tambi\u00e9n la convicci\u00f3n que anima al hombre y le orienta hacia otras finalidades. Existe la fe en uno mismo o en una obra material cualquiera, la fe pol\u00edtica y la fe en la patria. Para el artista, el poeta y el pensador, la fe es el sentimiento del ideal, la visi\u00f3n de ese foco sublime, encendido por la mano divina en las cimas eternas para guiar a la humanidad hacia la Belleza y la Verdad.<\/p>\n\n\n\n<p class=\"has-black-color has-text-color has-link-color has-small-font-size wp-elements-9dfd4d79da2c648df9dfcafc147d12c0\">La fe religiosa, la cual prescinde de la raz\u00f3n y se refiere al juicio de los dem\u00e1s, que acepta un cuerpo de doctrina verdadera o falsa y se somete a \u00e9l sin comprobaci\u00f3n, es la fe ciega. En su impaciencia, en sus excesos, recurre c\u00f3modamente a la opresi\u00f3n y conduce al fanatismo. Considerada bajo este aspecto, la fe es todav\u00eda un m\u00f3vil poderoso. Ha ense\u00f1ado a los hombres a humillarse y a sufrir. Pervertida por el esp\u00edritu de dominaci\u00f3n, ha sido la causa de muchos cr\u00edmenes; pero, en sus consecuencias funestas, nos pone a\u00fan de manifiesto la multitud de recursos que existen en ella.<\/p>\n\n\n\n<p class=\"has-black-color has-text-color has-link-color has-small-font-size wp-elements-e0adb00bdb693afca5addb545ef0c6dc\">Ahora bien, si la fe ciega puede producir tales efectos, \u00bfqu\u00e9 no har\u00e1 la fe basada en la raz\u00f3n, la fe que juzga, discierne y comprende? Algunos te\u00f3logos nos invitan a despreciar la raz\u00f3n, a renegar de ella, a hollarla con los pies. Objetan todos los errores en los cuales ha ca\u00eddo, y parecen olvidar que es la raz\u00f3n misma la que nos ha ayudado a corregirlos. \u00bfDebemos, pues, renegar de ella, cuando es ella misma la que nos revela lo que es bueno y bello?<\/p>\n\n\n\n<p class=\"has-black-color has-text-color has-link-color has-small-font-size wp-elements-f9dd0637be1622c1b0c2942c78afd33b\">La raz\u00f3n es una facultad superior destinada a esclarecernos todas las cosas; se desarrolla y aumenta con el ejercicio, como todas nuestras facultades. La raz\u00f3n humana es un reflejo de la Raz\u00f3n eterna. \u201cEs Dios en nosotros\u201d, ha dicho San Pablo. Desconocer su valor y su utilidad es desconocer la naturaleza humana y ultrajar a la Divinidad misma. Querer reemplazar la raz\u00f3n por la fe es ignorar que ambas sor solidarias. Se afirman y se vivifican la una a la otra. Su uni\u00f3n abre al pensamiento un campo m\u00e1s vasto; armoniza nuestras facultades y nos proporciona la paz interior.<\/p>\n\n\n\n<p class=\"has-black-color has-text-color has-link-color has-small-font-size wp-elements-68e37c3cf9935512b6f4e69b7d862229\">La fe es madre de los nobles sentimientos y de las grandes acciones. El hombre profundamente convencido permanece inquebrantable ante el peligro, como en medio de los sufrimientos. Por encima de las seducciones, de las adulaciones y de las amenazas, m\u00e1s alta que la voz de la pasi\u00f3n, oye una voz que resuena en las profundidades de su conciencia, y cuyos acentos le reaniman en la lucha y le advierten en las horas peligrosas.<\/p>\n\n\n\n<p class=\"has-black-color has-text-color has-link-color has-small-font-size wp-elements-dee4f389ca935d3a651aad7332e2a2e2\">Para producir tales resultados, la fe ha de reposar sobre el fondo s\u00f3lido que le ofrecen el libre examen y la libertad de pensamiento. En lugar de dogmas y misterios, s\u00f3lo debe reconocer los principios que se deduzcan de la observaci\u00f3n directa y del estudio de las leyes naturales. Tal es el car\u00e1cter de la fe espiritista.<\/p>\n\n\n\n<p class=\"has-black-color has-text-color has-link-color has-small-font-size wp-elements-80a9a42fe9c1dada9776acaaac0d9662\">La Filosof\u00eda de los Esp\u00edritus nos ofrece una creencia que no por ser racional deja de ser robusta. El conocimiento del Mundo Invisible, la confianza en una ley superior de justicia y progreso imprime a la fe un doble car\u00e1cter de calma y de seguridad.<\/p>\n\n\n\n<p class=\"has-black-color has-text-color has-link-color has-small-font-size wp-elements-38cd1c2c733f7845b31303d74025f7be\">\u00bfQu\u00e9 puede temerse, en efecto, cuando se sabe que ninguna alma puede perecer, que despu\u00e9s de las tempestades y de los desgarramientos de la vida, m\u00e1s all\u00e1 de la sombr\u00eda noche donde todo parece abismarse, se ve apuntar el resplandor encantado de los d\u00edas que no han de terminar nunca?<\/p>\n\n\n\n<p class=\"has-black-color has-text-color has-link-color has-small-font-size wp-elements-555320fecc24639b622b752f91691189\">Cuando avanza la vejez helada, poni\u00e9ndonos su estigma sobre la frente, apagando nuestros ojos, arrugando nuestros miembros, encorv\u00e1ndonos bajo su peso, entonces vienen con ella la tristeza, el disgusto de todo y una gran sensaci\u00f3n de fatiga, una necesidad de reposo como una sed de la nada. \u00a1Oh! En esa hora de turbaci\u00f3n, en ese crep\u00fasculo de la vida, \u00a1c\u00f3mo regocija y reconforta la lucecita que brilla en el alma del creyente, la fe en el porvenir infinito, la fe en la justicia, en la Suprema Bondad!<\/p>\n\n\n\n<p class=\"has-black-color has-text-color has-link-color has-small-font-size wp-elements-efd294d21b57f185802b33e9a452b22c\">Penetrados de la idea de que esta vida no es m\u00e1s que un instante en el conjunto de nuestra existencia inmortal, recibamos con paciencia los males inevitables que enfrentamos. Las perspectivas de las \u00e9pocas que nos esperan nos dar\u00e1 fuerza para dominar las miserias presentes y para colocarnos por encima de las fluctuaciones de la fortuna. Nos sentiremos m\u00e1s libres y mejor armados para la lucha. Al conocer la causa de sus males, el espiritista comprende la necesidad de ellos. Sabe que el sufrimiento es leg\u00edtimo, y lo acepta sin protestar. Para \u00e9l, la muerte no supone la nada; los lazos de afecto persisten en la vida de ultratumba, y todos los que son amados en la Tierra vuelven a encontrarse, emancipados de las miserias terrenales, lejos de esta dura mansi\u00f3n; s\u00f3lo hay separaci\u00f3n para los malos. De estas convicciones deducen consuelos desconocidos los indiferentes y los esc\u00e9pticos. Si de un extremo al otro del globo todas las almas comulgasen en esta fe poderosa, asistir\u00edamos a la transformaci\u00f3n moral m\u00e1s grande que hubiera de registrar la historia.<\/p>\n\n\n\n<p class=\"has-black-color has-text-color has-link-color has-small-font-size wp-elements-64a4f526ff211d9fe382c273d8589068\">Sin embargo, muy pocos hombres poseen esta fe a\u00fan. El Esp\u00edritu de Verdad ha hablado a la Tierra, pero \u00e9sta no ha prestado o\u00eddo atento a sus acentos. No son los poderosos los que han escuchado, sino m\u00e1s bien los hu mildes, los peque\u00f1os, los desheredados, todos los que tienen sed de esperanza. La Revoluci\u00f3n Espiritista encontr\u00f3 en un principio una viva oposici\u00f3n en los ambientes religiosos y cient\u00edficos. Esto estado de cosas tiende a atenuarse. Muy pocos hombres tienen el valor de desdecirse y confesar que se han equivocado; la mayor\u00eda prefiere combatir durante toda la vida una verdad que puede comprometer sus intereses o echar por tierra sus afirmaciones. Otros, en secreto, reconocen la bondad y la grandeza de esta doctrina, pero sus exigencias morales les espantan. Aferrados a sus placeres, deseando vivir a su gusto y sin cuidarse del M\u00e1s All\u00e1, alejan de su pensamiento todo lo que les lleve a romper con las costumbres perniciosas que les son queridas. Estas teor\u00edas constituir\u00e1n para ellos, por consiguiente, un venero de amargos pesares.<\/p>\n\n\n\n<p class=\"has-black-color has-text-color has-link-color has-small-font-size wp-elements-24099c7953e7e3a5a3a67c743a6df9cf\">Nuestra sociedad febril se cuida muy poco de una ense\u00f1anza moral. Demasiadas opiniones contradictorias tropiezan y se entrechocan; en medio de este estado confuso, empujado por el torbellino de la vida material, el hombre reflexiona poco. Pero todo Esp\u00edritu sincero que busque la fe y la verdad las encontrar\u00e1 en la Revelaci\u00f3n Nueva. Una influencia de lo Alto se esparcir\u00e1 sobre \u00e9l y le guiar\u00e1 hacia esta luz naciente que alg\u00fan d\u00eda iluminar\u00e1 a la humanidad entera.<\/p>\n\n\n\n<p class=\"has-small-font-size\"><em><strong>Le\u00f3n Denis <\/strong>&#8211; El Camino Recto<\/em> \u2503 <em>Concepto esp\u00edrita de la ley moral<\/em><\/p>\n\n\n\n<p class=\"has-small-font-size\"><\/p>\n<\/div><\/div>","protected":false},"excerpt":{"rendered":"<p>Fe, Esperanza y Consuelos La fe es la confianza del hombre en sus destinos, el sentimiento que le lleva hacia el Poder infinito; es la certidumbre de haber entrado en el camino que conduce a la verdad. La fe ciega es como un farol cuyo rojo resplandor no puede traspasar la niebla; la fe esclarecida [&hellip;]<\/p>","protected":false},"author":1,"featured_media":4478,"parent":0,"menu_order":0,"comment_status":"closed","ping_status":"closed","template":"","meta":{"_uag_custom_page_level_css":"","site-sidebar-layout":"default","site-content-layout":"","ast-site-content-layout":"default","site-content-style":"default","site-sidebar-style":"default","ast-global-header-display":"","ast-banner-title-visibility":"","ast-main-header-display":"","ast-hfb-above-header-display":"","ast-hfb-below-header-display":"","ast-hfb-mobile-header-display":"","site-post-title":"","ast-breadcrumbs-content":"","ast-featured-img":"","footer-sml-layout":"","theme-transparent-header-meta":"","adv-header-id-meta":"","stick-header-meta":"","header-above-stick-meta":"","header-main-stick-meta":"","header-below-stick-meta":"","astra-migrate-meta-layouts":"set","ast-page-background-enabled":"default","ast-page-background-meta":{"desktop":{"background-color":"var(--ast-global-color-4)","background-image":"","background-repeat":"repeat","background-position":"center center","background-size":"auto","background-attachment":"scroll","background-type":"","background-media":"","overlay-type":"","overlay-color":"","overlay-opacity":"","overlay-gradient":""},"tablet":{"background-color":"","background-image":"","background-repeat":"repeat","background-position":"center center","background-size":"auto","background-attachment":"scroll","background-type":"","background-media":"","overlay-type":"","overlay-color":"","overlay-opacity":"","overlay-gradient":""},"mobile":{"background-color":"","background-image":"","background-repeat":"repeat","background-position":"center center","background-size":"auto","background-attachment":"scroll","background-type":"","background-media":"","overlay-type":"","overlay-color":"","overlay-opacity":"","overlay-gradient":""}},"ast-content-background-meta":{"desktop":{"background-color":"var(--ast-global-color-5)","background-image":"","background-repeat":"repeat","background-position":"center center","background-size":"auto","background-attachment":"scroll","background-type":"","background-media":"","overlay-type":"","overlay-color":"","overlay-opacity":"","overlay-gradient":""},"tablet":{"background-color":"var(--ast-global-color-5)","background-image":"","background-repeat":"repeat","background-position":"center center","background-size":"auto","background-attachment":"scroll","background-type":"","background-media":"","overlay-type":"","overlay-color":"","overlay-opacity":"","overlay-gradient":""},"mobile":{"background-color":"var(--ast-global-color-5)","background-image":"","background-repeat":"repeat","background-position":"center center","background-size":"auto","background-attachment":"scroll","background-type":"","background-media":"","overlay-type":"","overlay-color":"","overlay-opacity":"","overlay-gradient":""}},"footnotes":""},"class_list":["post-4476","page","type-page","status-publish","has-post-thumbnail","hentry"],"yoast_head":"<!-- This site is optimized with the Yoast SEO Premium plugin v24.2 (Yoast SEO v24.6) - https:\/\/yoast.com\/wordpress\/plugins\/seo\/ -->\n<title>Fe, Esperanza y Consuelos - Uni\u00f3n Esp\u00edrita<\/title>\n<meta name=\"robots\" content=\"index, follow, max-snippet:-1, max-image-preview:large, max-video-preview:-1\" \/>\n<link rel=\"canonical\" href=\"https:\/\/nuevo-renacer.com\/it\/fe-esperanza-y-consuelos\/\" \/>\n<meta property=\"og:locale\" content=\"it_IT\" \/>\n<meta property=\"og:type\" content=\"article\" \/>\n<meta property=\"og:title\" content=\"Fe, Esperanza y Consuelos\" \/>\n<meta property=\"og:description\" content=\"Fe, Esperanza y Consuelos La fe es la confianza del hombre en sus destinos, el sentimiento que le lleva hacia el Poder infinito; es la certidumbre de haber entrado en el camino que conduce a la verdad. La fe ciega es como un farol cuyo rojo resplandor no puede traspasar la niebla; la fe esclarecida [&hellip;]\" \/>\n<meta property=\"og:url\" content=\"https:\/\/nuevo-renacer.com\/it\/fe-esperanza-y-consuelos\/\" \/>\n<meta property=\"og:site_name\" content=\"Uni\u00f3n Esp\u00edrita\" \/>\n<meta property=\"article:publisher\" content=\"https:\/\/www.facebook.com\/groups\/3431398063740829\" \/>\n<meta property=\"article:modified_time\" content=\"2024-09-04T12:11:01+00:00\" \/>\n<meta property=\"og:image\" content=\"https:\/\/nuevo-renacer.com\/wp-content\/uploads\/2024\/09\/depositphotos_265407638-stock-photo-the-man-on-the-background.jpg\" \/>\n\t<meta property=\"og:image:width\" content=\"380\" \/>\n\t<meta property=\"og:image:height\" content=\"253\" \/>\n\t<meta property=\"og:image:type\" content=\"image\/jpeg\" \/>\n<meta name=\"twitter:card\" content=\"summary_large_image\" \/>\n<meta name=\"twitter:label1\" content=\"Tempo di lettura stimato\" \/>\n\t<meta name=\"twitter:data1\" content=\"7 minuti\" \/>\n<script type=\"application\/ld+json\" class=\"yoast-schema-graph\">{\"@context\":\"https:\/\/schema.org\",\"@graph\":[{\"@type\":\"WebPage\",\"@id\":\"https:\/\/nuevo-renacer.com\/fe-esperanza-y-consuelos\/\",\"url\":\"https:\/\/nuevo-renacer.com\/fe-esperanza-y-consuelos\/\",\"name\":\"Fe, Esperanza y Consuelos - Uni\u00f3n Esp\u00edrita\",\"isPartOf\":{\"@id\":\"https:\/\/nuevo-renacer.com\/#website\"},\"primaryImageOfPage\":{\"@id\":\"https:\/\/nuevo-renacer.com\/fe-esperanza-y-consuelos\/#primaryimage\"},\"image\":{\"@id\":\"https:\/\/nuevo-renacer.com\/fe-esperanza-y-consuelos\/#primaryimage\"},\"thumbnailUrl\":\"https:\/\/nuevo-renacer.com\/wp-content\/uploads\/2024\/09\/depositphotos_265407638-stock-photo-the-man-on-the-background.jpg\",\"datePublished\":\"2024-09-04T12:09:42+00:00\",\"dateModified\":\"2024-09-04T12:11:01+00:00\",\"breadcrumb\":{\"@id\":\"https:\/\/nuevo-renacer.com\/fe-esperanza-y-consuelos\/#breadcrumb\"},\"inLanguage\":\"it-IT\",\"potentialAction\":[{\"@type\":\"ReadAction\",\"target\":[\"https:\/\/nuevo-renacer.com\/fe-esperanza-y-consuelos\/\"]}]},{\"@type\":\"ImageObject\",\"inLanguage\":\"it-IT\",\"@id\":\"https:\/\/nuevo-renacer.com\/fe-esperanza-y-consuelos\/#primaryimage\",\"url\":\"https:\/\/nuevo-renacer.com\/wp-content\/uploads\/2024\/09\/depositphotos_265407638-stock-photo-the-man-on-the-background.jpg\",\"contentUrl\":\"https:\/\/nuevo-renacer.com\/wp-content\/uploads\/2024\/09\/depositphotos_265407638-stock-photo-the-man-on-the-background.jpg\",\"width\":380,\"height\":253},{\"@type\":\"BreadcrumbList\",\"@id\":\"https:\/\/nuevo-renacer.com\/fe-esperanza-y-consuelos\/#breadcrumb\",\"itemListElement\":[{\"@type\":\"ListItem\",\"position\":1,\"name\":\"Startseite\",\"item\":\"https:\/\/nuevo-renacer.com\/\"},{\"@type\":\"ListItem\",\"position\":2,\"name\":\"Fe, Esperanza y Consuelos\"}]},{\"@type\":\"WebSite\",\"@id\":\"https:\/\/nuevo-renacer.com\/#website\",\"url\":\"https:\/\/nuevo-renacer.com\/\",\"name\":\"Uni\u00f3n Esp\u00edrita\",\"description\":\"Nuevo Renacer\",\"publisher\":{\"@id\":\"https:\/\/nuevo-renacer.com\/#organization\"},\"potentialAction\":[{\"@type\":\"SearchAction\",\"target\":{\"@type\":\"EntryPoint\",\"urlTemplate\":\"https:\/\/nuevo-renacer.com\/?s={search_term_string}\"},\"query-input\":{\"@type\":\"PropertyValueSpecification\",\"valueRequired\":true,\"valueName\":\"search_term_string\"}}],\"inLanguage\":\"it-IT\"},{\"@type\":\"Organization\",\"@id\":\"https:\/\/nuevo-renacer.com\/#organization\",\"name\":\"UFEC\",\"url\":\"https:\/\/nuevo-renacer.com\/\",\"logo\":{\"@type\":\"ImageObject\",\"inLanguage\":\"it-IT\",\"@id\":\"https:\/\/nuevo-renacer.com\/#\/schema\/logo\/image\/\",\"url\":\"https:\/\/nuevo-renacer.com\/wp-content\/uploads\/2024\/05\/cropped-LOGO-TERMINADO1-3-3.png\",\"contentUrl\":\"https:\/\/nuevo-renacer.com\/wp-content\/uploads\/2024\/05\/cropped-LOGO-TERMINADO1-3-3.png\",\"width\":512,\"height\":512,\"caption\":\"UFEC\"},\"image\":{\"@id\":\"https:\/\/nuevo-renacer.com\/#\/schema\/logo\/image\/\"},\"sameAs\":[\"https:\/\/www.facebook.com\/groups\/3431398063740829\"]}]}<\/script>\n<!-- \/ Yoast SEO Premium plugin. -->","yoast_head_json":{"title":"Fe, Esperanza y Consuelos - Uni\u00f3n Esp\u00edrita","robots":{"index":"index","follow":"follow","max-snippet":"max-snippet:-1","max-image-preview":"max-image-preview:large","max-video-preview":"max-video-preview:-1"},"canonical":"https:\/\/nuevo-renacer.com\/it\/fe-esperanza-y-consuelos\/","og_locale":"it_IT","og_type":"article","og_title":"Fe, Esperanza y Consuelos","og_description":"Fe, Esperanza y Consuelos La fe es la confianza del hombre en sus destinos, el sentimiento que le lleva hacia el Poder infinito; es la certidumbre de haber entrado en el camino que conduce a la verdad. La fe ciega es como un farol cuyo rojo resplandor no puede traspasar la niebla; la fe esclarecida [&hellip;]","og_url":"https:\/\/nuevo-renacer.com\/it\/fe-esperanza-y-consuelos\/","og_site_name":"Uni\u00f3n Esp\u00edrita","article_publisher":"https:\/\/www.facebook.com\/groups\/3431398063740829","article_modified_time":"2024-09-04T12:11:01+00:00","og_image":[{"width":380,"height":253,"url":"https:\/\/nuevo-renacer.com\/wp-content\/uploads\/2024\/09\/depositphotos_265407638-stock-photo-the-man-on-the-background.jpg","type":"image\/jpeg"}],"twitter_card":"summary_large_image","twitter_misc":{"Tempo di lettura stimato":"7 minuti"},"schema":{"@context":"https:\/\/schema.org","@graph":[{"@type":"WebPage","@id":"https:\/\/nuevo-renacer.com\/fe-esperanza-y-consuelos\/","url":"https:\/\/nuevo-renacer.com\/fe-esperanza-y-consuelos\/","name":"Fe, Esperanza y Consuelos - Uni\u00f3n Esp\u00edrita","isPartOf":{"@id":"https:\/\/nuevo-renacer.com\/#website"},"primaryImageOfPage":{"@id":"https:\/\/nuevo-renacer.com\/fe-esperanza-y-consuelos\/#primaryimage"},"image":{"@id":"https:\/\/nuevo-renacer.com\/fe-esperanza-y-consuelos\/#primaryimage"},"thumbnailUrl":"https:\/\/nuevo-renacer.com\/wp-content\/uploads\/2024\/09\/depositphotos_265407638-stock-photo-the-man-on-the-background.jpg","datePublished":"2024-09-04T12:09:42+00:00","dateModified":"2024-09-04T12:11:01+00:00","breadcrumb":{"@id":"https:\/\/nuevo-renacer.com\/fe-esperanza-y-consuelos\/#breadcrumb"},"inLanguage":"it-IT","potentialAction":[{"@type":"ReadAction","target":["https:\/\/nuevo-renacer.com\/fe-esperanza-y-consuelos\/"]}]},{"@type":"ImageObject","inLanguage":"it-IT","@id":"https:\/\/nuevo-renacer.com\/fe-esperanza-y-consuelos\/#primaryimage","url":"https:\/\/nuevo-renacer.com\/wp-content\/uploads\/2024\/09\/depositphotos_265407638-stock-photo-the-man-on-the-background.jpg","contentUrl":"https:\/\/nuevo-renacer.com\/wp-content\/uploads\/2024\/09\/depositphotos_265407638-stock-photo-the-man-on-the-background.jpg","width":380,"height":253},{"@type":"BreadcrumbList","@id":"https:\/\/nuevo-renacer.com\/fe-esperanza-y-consuelos\/#breadcrumb","itemListElement":[{"@type":"ListItem","position":1,"name":"Startseite","item":"https:\/\/nuevo-renacer.com\/"},{"@type":"ListItem","position":2,"name":"Fe, Esperanza y Consuelos"}]},{"@type":"WebSite","@id":"https:\/\/nuevo-renacer.com\/#website","url":"https:\/\/nuevo-renacer.com\/","name":"Uni\u00f3n Esp\u00edrita","description":"Nuevo Renacer","publisher":{"@id":"https:\/\/nuevo-renacer.com\/#organization"},"potentialAction":[{"@type":"SearchAction","target":{"@type":"EntryPoint","urlTemplate":"https:\/\/nuevo-renacer.com\/?s={search_term_string}"},"query-input":{"@type":"PropertyValueSpecification","valueRequired":true,"valueName":"search_term_string"}}],"inLanguage":"it-IT"},{"@type":"Organization","@id":"https:\/\/nuevo-renacer.com\/#organization","name":"UFEC","url":"https:\/\/nuevo-renacer.com\/","logo":{"@type":"ImageObject","inLanguage":"it-IT","@id":"https:\/\/nuevo-renacer.com\/#\/schema\/logo\/image\/","url":"https:\/\/nuevo-renacer.com\/wp-content\/uploads\/2024\/05\/cropped-LOGO-TERMINADO1-3-3.png","contentUrl":"https:\/\/nuevo-renacer.com\/wp-content\/uploads\/2024\/05\/cropped-LOGO-TERMINADO1-3-3.png","width":512,"height":512,"caption":"UFEC"},"image":{"@id":"https:\/\/nuevo-renacer.com\/#\/schema\/logo\/image\/"},"sameAs":["https:\/\/www.facebook.com\/groups\/3431398063740829"]}]}},"uagb_featured_image_src":{"full":["https:\/\/nuevo-renacer.com\/wp-content\/uploads\/2024\/09\/depositphotos_265407638-stock-photo-the-man-on-the-background.jpg",380,253,false],"thumbnail":["https:\/\/nuevo-renacer.com\/wp-content\/uploads\/2024\/09\/depositphotos_265407638-stock-photo-the-man-on-the-background-150x150.jpg",150,150,true],"medium":["https:\/\/nuevo-renacer.com\/wp-content\/uploads\/2024\/09\/depositphotos_265407638-stock-photo-the-man-on-the-background-300x200.jpg",300,200,true],"medium_large":["https:\/\/nuevo-renacer.com\/wp-content\/uploads\/2024\/09\/depositphotos_265407638-stock-photo-the-man-on-the-background.jpg",380,253,false],"large":["https:\/\/nuevo-renacer.com\/wp-content\/uploads\/2024\/09\/depositphotos_265407638-stock-photo-the-man-on-the-background.jpg",380,253,false],"1536x1536":["https:\/\/nuevo-renacer.com\/wp-content\/uploads\/2024\/09\/depositphotos_265407638-stock-photo-the-man-on-the-background.jpg",380,253,false],"2048x2048":["https:\/\/nuevo-renacer.com\/wp-content\/uploads\/2024\/09\/depositphotos_265407638-stock-photo-the-man-on-the-background.jpg",380,253,false],"trp-custom-language-flag":["https:\/\/nuevo-renacer.com\/wp-content\/uploads\/2024\/09\/depositphotos_265407638-stock-photo-the-man-on-the-background-18x12.jpg",18,12,true]},"uagb_author_info":{"display_name":"adbv0","author_link":"https:\/\/nuevo-renacer.com\/it\/author\/adbv0\/"},"uagb_comment_info":0,"uagb_excerpt":"Fe, Esperanza y Consuelos La fe es la confianza del hombre en sus destinos, el sentimiento que le lleva hacia el Poder infinito; es la certidumbre de haber entrado en el camino que conduce a la verdad. La fe ciega es como un farol cuyo rojo resplandor no puede traspasar la niebla; la fe esclarecida&hellip;","jetpack_sharing_enabled":true,"_links":{"self":[{"href":"https:\/\/nuevo-renacer.com\/it\/wp-json\/wp\/v2\/pages\/4476","targetHints":{"allow":["GET"]}}],"collection":[{"href":"https:\/\/nuevo-renacer.com\/it\/wp-json\/wp\/v2\/pages"}],"about":[{"href":"https:\/\/nuevo-renacer.com\/it\/wp-json\/wp\/v2\/types\/page"}],"author":[{"embeddable":true,"href":"https:\/\/nuevo-renacer.com\/it\/wp-json\/wp\/v2\/users\/1"}],"replies":[{"embeddable":true,"href":"https:\/\/nuevo-renacer.com\/it\/wp-json\/wp\/v2\/comments?post=4476"}],"version-history":[{"count":3,"href":"https:\/\/nuevo-renacer.com\/it\/wp-json\/wp\/v2\/pages\/4476\/revisions"}],"predecessor-version":[{"id":4480,"href":"https:\/\/nuevo-renacer.com\/it\/wp-json\/wp\/v2\/pages\/4476\/revisions\/4480"}],"wp:featuredmedia":[{"embeddable":true,"href":"https:\/\/nuevo-renacer.com\/it\/wp-json\/wp\/v2\/media\/4478"}],"wp:attachment":[{"href":"https:\/\/nuevo-renacer.com\/it\/wp-json\/wp\/v2\/media?parent=4476"}],"curies":[{"name":"wp","href":"https:\/\/api.w.org\/{rel}","templated":true}]}}