{"id":4464,"date":"2024-09-04T08:00:34","date_gmt":"2024-09-04T08:00:34","guid":{"rendered":"https:\/\/nuevo-renacer.com\/?page_id=4464"},"modified":"2024-09-04T08:11:56","modified_gmt":"2024-09-04T08:11:56","slug":"el-deber","status":"publish","type":"page","link":"https:\/\/nuevo-renacer.com\/it\/el-deber\/","title":{"rendered":"El deber"},"content":{"rendered":"<div class=\"wp-block-uagb-container uagb-block-60335df4 alignfull uagb-is-root-container\"><div class=\"uagb-container-inner-blocks-wrap\">\n<p class=\"has-black-color has-text-color has-link-color has-medium-font-size wp-elements-858f579b522f901d81df1e9dae410edf\"><strong>El deber<\/strong><\/p>\n<\/div><\/div>\n\n\n\n<div class=\"wp-block-uagb-container uagb-block-8b99482b alignfull uagb-is-root-container\"><div class=\"uagb-container-inner-blocks-wrap\">\n<figure class=\"wp-block-image size-large is-resized\"><img fetchpriority=\"high\" decoding=\"async\" width=\"1024\" height=\"576\" src=\"https:\/\/nuevo-renacer.com\/wp-content\/uploads\/2024\/09\/wp2268960-1024x576.jpg\" alt=\"\" class=\"wp-image-4466\" style=\"width:348px;height:auto\" srcset=\"https:\/\/nuevo-renacer.com\/wp-content\/uploads\/2024\/09\/wp2268960-1024x576.jpg 1024w, https:\/\/nuevo-renacer.com\/wp-content\/uploads\/2024\/09\/wp2268960-300x169.jpg 300w, https:\/\/nuevo-renacer.com\/wp-content\/uploads\/2024\/09\/wp2268960-768x432.jpg 768w, https:\/\/nuevo-renacer.com\/wp-content\/uploads\/2024\/09\/wp2268960-1536x864.jpg 1536w, https:\/\/nuevo-renacer.com\/wp-content\/uploads\/2024\/09\/wp2268960-18x10.jpg 18w, https:\/\/nuevo-renacer.com\/wp-content\/uploads\/2024\/09\/wp2268960.jpg 1920w\" sizes=\"(max-width: 1024px) 100vw, 1024px\" \/><\/figure>\n<\/div><\/div>\n\n\n\n<div class=\"wp-block-uagb-container uagb-block-c0505d80 alignfull uagb-is-root-container\"><div class=\"uagb-container-inner-blocks-wrap\">\n<p class=\"has-black-color has-text-color has-link-color has-small-font-size wp-elements-5f05d84e09059ad6e7ed1af5990df36d\">El deber es el conjunto de prescripciones de la ley moral, la regla de conducta del hombre en sus relaciones con sus semejantes y con el Universo entero. Noble y santa figura, se cierne por encima de la humanidad, inspira los grandes sacrificios, las puras abnegaciones y los hermosos entusiasmos. Sonriente para unos, temible para otros, siempre inflexible se alza ante nosotros y nos muestra la escala del progreso cuyas gradas se pierden en las alturas inconmensurables.<\/p>\n\n\n\n<p class=\"has-black-color has-text-color has-link-color has-small-font-size wp-elements-5410bfb8292cee365849f0a267e45971\">El deber no es id\u00e9ntico para todos. Var\u00eda, seg\u00fan nuestra condici\u00f3n y nuestro saber. Cuanto m\u00e1s nos elevamos, m\u00e1s grandeza, majestad y extensi\u00f3n adquiere a nuestros ojos. Y siempre su culto es dulce y bueno, y la sumisi\u00f3n a sus leyes es f\u00e9rtil en goces \u00edntimos a los que nada puede igualar.<\/p>\n\n\n\n<p class=\"has-black-color has-text-color has-link-color has-small-font-size wp-elements-00c864e4622eee6b03b900e7b1956862\">Por muy oscura que sea la condici\u00f3n del hombre, por muy humilde que sea su suerte, el deber domina y ennoblece su vida. A \u00e9l debemos esa serenidad del Esp\u00edritu, esa calma interior, m\u00e1s preciosa que todos los bienes de la Tierra, que podemos gustar hasta en el seno de los sufrimientos, y que nuestro destino debe seguir su l\u00ednea rigurosa; pero podemos siempre, aun en medio de las tempestades, asegurarnos la paz de la conciencia, la satisfacci\u00f3n que a nosotros mismos brinda el cumplimiento del deber.<\/p>\n\n\n\n<p class=\"has-black-color has-text-color has-link-color has-small-font-size wp-elements-6b2f173602b6574cace4896eebbbbec3\">El sentimiento del deber echa ra\u00edces profundas en todo Esp\u00edritu elevado. \u00c9ste recorre su camino sin esfuerzo; por una tendencia natural, resultado de los progresos adquiridos, se aparta de las cosas viles y orienta hacia el bien los impulsos de su Ser. El deber se convierte entonces en una obligaci\u00f3n de todos los instantes, en la condici\u00f3n misma de la existencia, en un poder al cual nos sentimos indisolublemente ligados, tanto en la vida como en la muerte.<\/p>\n\n\n\n<p class=\"has-black-color has-text-color has-link-color has-small-font-size wp-elements-18a37a1e2e8d38563fa5a1154d7447d2\">El deber tiene formas m\u00faltiples. Existe el deber para con nosotros mismos, que consiste en respetarnos, en gobernarnos con cordura, en no querer, en no realizar sino lo que es digno, \u00fatil y bueno. Existe el deber profesional, el cual exige que cumplamos con conciencia las obligaciones de nuestro cargo. Existe el deber social, que nos invita a amar a los hombres, a trabajar por ellos, a servir fielmente a nuestro pa\u00eds y a la humanidad. Existe el deber para con Dios. El deber no tiene l\u00edmites. Siempre puede mejorarse, y en la inmolaci\u00f3n de s\u00ed mismo el Ser encuentra el medio m\u00e1s seguro de engrandecerse y de purificarse.<\/p>\n\n\n\n<p class=\"has-black-color has-text-color has-link-color has-small-font-size wp-elements-c527fb31e39444ac7c8035e3b1e45fd3\">La honradez es la esencia misma del hombre moral. En cuanto se aparta de ella, es desgraciado. El hombre honrado hace el bien por el bien, sin buscar aprobaci\u00f3n ni recompensa. Ignorando el odio y la venganza, olvida las ofensas y perdona a sus enemigos. Es bienhechor para todos y caritativo para con los humildes. En todo hombre ve a un hermano, cualquiera sea su pa\u00eds y cualquiera sea su fe. Lleno de tolerancia, respeta las creencias sinceras, disculpa los defectos de los dem\u00e1s, hace resaltar sus virtudes y no murmura nunca. Usa con moderaci\u00f3n de los bienes que la vida le concede, los consagra al mejoramiento social, y, en la pobreza, no envidia a nadie.<\/p>\n\n\n\n<p class=\"has-black-color has-text-color has-link-color has-small-font-size wp-elements-baec94e1fa4c9b8aadfe72423c8c328c\">La honradez ante el mundo no es siempre la honradez seg\u00fan las leyes divinas. La opini\u00f3n p\u00fablica tiene su valor; hace m\u00e1s dulce la pr\u00e1ctica del bien, per no se la puede considerar como infalible. El hombre sensato no la desde\u00f1a, sin duda; pero cuando es injusta o insuficiente, prescinde de ella y ajusta su deber a una regla m\u00e1s segura. El m\u00e9rito y la virtud quedan a veces desconocidos en la Tierra y los juicios de la muchedumbre son influidos con frecuencia por sus pasiones y por sus intereses materiales. Ante todo, el hombre honrado busca su propia estimaci\u00f3n y la aprobaci\u00f3n de su conciencia.<\/p>\n\n\n\n<p class=\"has-black-color has-text-color has-link-color has-small-font-size wp-elements-9b4fcd46b4aaedf8c61065ec9728e307\">El que ha sabido comprender todo el alcance moral de la ense\u00f1anza de los Esp\u00edritus tiene del deber una concepci\u00f3n m\u00e1s alta a\u00fan. Sabe que la responsabilidad es correlativa con el saber; que la posesi\u00f3n de los secretos de ultratumba le impone la obligaci\u00f3n de trabajar con m\u00e1s energ\u00eda por su mejoramiento y e de sus hermanos. Las voces de lo alto han hecho vibrar en \u00e9l sus ecos y han despertado fuerzas que duermen en la mayor parte de los hombres, solicit\u00e1ndole poderosamente en su marcha ascensional. Un noble ideal le estimula y le atormenta a la vez, y hace de \u00e9l la irrisi\u00f3n de los malos, pero \u00e9l no lo cambiar\u00eda por todos los tesoros de un imperio. La pr\u00e1ctica de la caridad se le ha hecho f\u00e1cil. Le ha ense\u00f1ado a desarrollar su sensibilidad y sus cualidades afectivas. Compasivo y bueno, sufre por todos los males de la humanidad; quiere compartir con sus compa\u00f1eros de infortunio las esperanzas que a \u00e9l le sostienen; quisiera enjugar todas las l\u00e1grimas, curar todas las llagas, suprimir todos los dolores\u2026<\/p>\n\n\n\n<p class=\"has-black-color has-text-color has-link-color has-small-font-size wp-elements-9c31219bac0eb9cd647ff266e5c882a5\">La pr\u00e1ctica constante del deber nos conduce al perfeccionamiento. Para acelerar \u00e9ste, conviene primero estudiarse a s\u00ed mismo con atenci\u00f3n y someter nuestros actos a un juicio escrupuloso. No se puede remediar el mal sin conocerlo.<\/p>\n\n\n\n<p class=\"has-black-color has-text-color has-link-color has-small-font-size wp-elements-4844fdf0cdef65cbd0bd8f24c8f5dc09\">Podemos, incluso, estudiarnos en los dem\u00e1s hombres. Si cualquier vicio, si cualquier enojoso defecto nos choca en ellos, indaguemos con cuidado si existe en nosotros un germen id\u00e9ntico, y, si lo descubrimos, dediqu\u00e9monos a arranc\u00e1rnoslo.<\/p>\n\n\n\n<p class=\"has-black-color has-text-color has-link-color has-small-font-size wp-elements-ae82c9f260e7c8a5bbf6cdc22ee5db43\">Consideremos nuestra alma como lo que es realmente, es decir, una obra admirable, aunque muy imperfecta, y hemos de notar que estamos en el deber de embellecerla y adornarla sin cesar. Este pensamiento de nuestra imperfecci\u00f3n nos har\u00e1 m\u00e1s modestos y alejar\u00e1 de nosotros la presunci\u00f3n y la necia vanidad.<\/p>\n\n\n\n<p class=\"has-black-color has-text-color has-link-color has-small-font-size wp-elements-7d6b7df6a67180d4533410733aefe87b\">Somet\u00e1monos a una disciplina rigurosa. Como se dan al arbusto la forma y la direcci\u00f3n convenientes, podemos tambi\u00e9n modificar las tendencias de nuestro Ser moral. La costumbre del bien hace c\u00f3moda su pr\u00e1ctica. S\u00f3lo los primeros esfuerzos son penosos. Aprendamos, ante todo, a dominarnos. Las impresiones son fugitivas y cambiantes; la voluntad es el fondo s\u00f3lido del alma. Aprendamos a gobernar esa voluntad, a hacernos due\u00f1os de nuestras impresiones, a no dejarnos nunca dominar por ellas.<\/p>\n\n\n\n<p class=\"has-black-color has-text-color has-link-color has-small-font-size wp-elements-83a883e1e2039b6fc2dc7cee58620ea4\">El hombre no debe aislarse de sus semejantes. Le importa, sin embargo, escoger sus relaciones, sus amigos, decidirse a vivir en un ambiente honrado y puro donde no reinen m\u00e1s que las buenas influencias, donde s\u00f3lo existan fluidos tranquilos y bienhechores.<\/p>\n\n\n\n<p class=\"has-black-color has-text-color has-link-color has-small-font-size wp-elements-ef05a2a6830a57707bd8e4121163ae2a\">Evitemos las conversaciones fr\u00edvolas, las charlas ociosas que conducen a la maledicencia. Cualquiera que pueda ser el resultado, digamos siempre la verdad. Sumerj\u00e1monos con frecuencia en el estudio y el recogimiento. El alma encuentra as\u00ed nuevas fuerzas y nuevas luces. Que podamos decirnos al final da cada d\u00eda: \u201cHe hecho una obra \u00fatil, he logrado un \u00e9xito sobre m\u00ed mismo, he socorrido, he consolado a los desgraciados, he esclarecido a mis hermanos, he trabajado por hacerlos mejores, he cumplido con mi deber\u201d.<\/p>\n\n\n\n<p class=\"has-black-color has-text-color has-link-color has-small-font-size wp-elements-09dae45045db68bcba0af65ffd159c25\"><strong><em>Le\u00f3n Denis <\/em><\/strong>&#8211; <em>El Camino Recto \u2503 Concepto esp\u00edrita de la ley moral<\/em><\/p>\n<\/div><\/div>","protected":false},"excerpt":{"rendered":"<p>El deber El deber es el conjunto de prescripciones de la ley moral, la regla de conducta del hombre en sus relaciones con sus semejantes y con el Universo entero. Noble y santa figura, se cierne por encima de la humanidad, inspira los grandes sacrificios, las puras abnegaciones y los hermosos entusiasmos. Sonriente para unos, [&hellip;]<\/p>","protected":false},"author":1,"featured_media":4466,"parent":0,"menu_order":0,"comment_status":"closed","ping_status":"closed","template":"","meta":{"_uag_custom_page_level_css":"","site-sidebar-layout":"default","site-content-layout":"","ast-site-content-layout":"default","site-content-style":"default","site-sidebar-style":"default","ast-global-header-display":"","ast-banner-title-visibility":"","ast-main-header-display":"","ast-hfb-above-header-display":"","ast-hfb-below-header-display":"","ast-hfb-mobile-header-display":"","site-post-title":"","ast-breadcrumbs-content":"","ast-featured-img":"","footer-sml-layout":"","theme-transparent-header-meta":"","adv-header-id-meta":"","stick-header-meta":"","header-above-stick-meta":"","header-main-stick-meta":"","header-below-stick-meta":"","astra-migrate-meta-layouts":"set","ast-page-background-enabled":"default","ast-page-background-meta":{"desktop":{"background-color":"var(--ast-global-color-4)","background-image":"","background-repeat":"repeat","background-position":"center center","background-size":"auto","background-attachment":"scroll","background-type":"","background-media":"","overlay-type":"","overlay-color":"","overlay-opacity":"","overlay-gradient":""},"tablet":{"background-color":"","background-image":"","background-repeat":"repeat","background-position":"center center","background-size":"auto","background-attachment":"scroll","background-type":"","background-media":"","overlay-type":"","overlay-color":"","overlay-opacity":"","overlay-gradient":""},"mobile":{"background-color":"","background-image":"","background-repeat":"repeat","background-position":"center center","background-size":"auto","background-attachment":"scroll","background-type":"","background-media":"","overlay-type":"","overlay-color":"","overlay-opacity":"","overlay-gradient":""}},"ast-content-background-meta":{"desktop":{"background-color":"var(--ast-global-color-5)","background-image":"","background-repeat":"repeat","background-position":"center center","background-size":"auto","background-attachment":"scroll","background-type":"","background-media":"","overlay-type":"","overlay-color":"","overlay-opacity":"","overlay-gradient":""},"tablet":{"background-color":"var(--ast-global-color-5)","background-image":"","background-repeat":"repeat","background-position":"center center","background-size":"auto","background-attachment":"scroll","background-type":"","background-media":"","overlay-type":"","overlay-color":"","overlay-opacity":"","overlay-gradient":""},"mobile":{"background-color":"var(--ast-global-color-5)","background-image":"","background-repeat":"repeat","background-position":"center center","background-size":"auto","background-attachment":"scroll","background-type":"","background-media":"","overlay-type":"","overlay-color":"","overlay-opacity":"","overlay-gradient":""}},"footnotes":""},"class_list":["post-4464","page","type-page","status-publish","has-post-thumbnail","hentry"],"yoast_head":"<!-- This site is optimized with the Yoast SEO Premium plugin v24.2 (Yoast SEO v24.6) - https:\/\/yoast.com\/wordpress\/plugins\/seo\/ -->\n<title>El deber - Uni\u00f3n Esp\u00edrita<\/title>\n<meta name=\"robots\" content=\"index, follow, max-snippet:-1, max-image-preview:large, max-video-preview:-1\" \/>\n<link rel=\"canonical\" href=\"https:\/\/nuevo-renacer.com\/it\/el-deber\/\" \/>\n<meta property=\"og:locale\" content=\"it_IT\" \/>\n<meta property=\"og:type\" content=\"article\" \/>\n<meta property=\"og:title\" content=\"El deber\" \/>\n<meta property=\"og:description\" content=\"El deber El deber es el conjunto de prescripciones de la ley moral, la regla de conducta del hombre en sus relaciones con sus semejantes y con el Universo entero. Noble y santa figura, se cierne por encima de la humanidad, inspira los grandes sacrificios, las puras abnegaciones y los hermosos entusiasmos. Sonriente para unos, [&hellip;]\" \/>\n<meta property=\"og:url\" content=\"https:\/\/nuevo-renacer.com\/it\/el-deber\/\" \/>\n<meta property=\"og:site_name\" content=\"Uni\u00f3n Esp\u00edrita\" \/>\n<meta property=\"article:publisher\" content=\"https:\/\/www.facebook.com\/groups\/3431398063740829\" \/>\n<meta property=\"article:modified_time\" content=\"2024-09-04T08:11:56+00:00\" \/>\n<meta property=\"og:image\" content=\"https:\/\/nuevo-renacer.com\/wp-content\/uploads\/2024\/09\/wp2268960.jpg\" \/>\n\t<meta property=\"og:image:width\" content=\"1920\" \/>\n\t<meta property=\"og:image:height\" content=\"1080\" \/>\n\t<meta property=\"og:image:type\" content=\"image\/jpeg\" \/>\n<meta name=\"twitter:card\" content=\"summary_large_image\" \/>\n<meta name=\"twitter:label1\" content=\"Tempo di lettura stimato\" \/>\n\t<meta name=\"twitter:data1\" content=\"6 minuti\" \/>\n<script type=\"application\/ld+json\" class=\"yoast-schema-graph\">{\"@context\":\"https:\/\/schema.org\",\"@graph\":[{\"@type\":\"WebPage\",\"@id\":\"https:\/\/nuevo-renacer.com\/el-deber\/\",\"url\":\"https:\/\/nuevo-renacer.com\/el-deber\/\",\"name\":\"El deber - Uni\u00f3n Esp\u00edrita\",\"isPartOf\":{\"@id\":\"https:\/\/nuevo-renacer.com\/#website\"},\"primaryImageOfPage\":{\"@id\":\"https:\/\/nuevo-renacer.com\/el-deber\/#primaryimage\"},\"image\":{\"@id\":\"https:\/\/nuevo-renacer.com\/el-deber\/#primaryimage\"},\"thumbnailUrl\":\"https:\/\/nuevo-renacer.com\/wp-content\/uploads\/2024\/09\/wp2268960.jpg\",\"datePublished\":\"2024-09-04T08:00:34+00:00\",\"dateModified\":\"2024-09-04T08:11:56+00:00\",\"breadcrumb\":{\"@id\":\"https:\/\/nuevo-renacer.com\/el-deber\/#breadcrumb\"},\"inLanguage\":\"it-IT\",\"potentialAction\":[{\"@type\":\"ReadAction\",\"target\":[\"https:\/\/nuevo-renacer.com\/el-deber\/\"]}]},{\"@type\":\"ImageObject\",\"inLanguage\":\"it-IT\",\"@id\":\"https:\/\/nuevo-renacer.com\/el-deber\/#primaryimage\",\"url\":\"https:\/\/nuevo-renacer.com\/wp-content\/uploads\/2024\/09\/wp2268960.jpg\",\"contentUrl\":\"https:\/\/nuevo-renacer.com\/wp-content\/uploads\/2024\/09\/wp2268960.jpg\",\"width\":1920,\"height\":1080},{\"@type\":\"BreadcrumbList\",\"@id\":\"https:\/\/nuevo-renacer.com\/el-deber\/#breadcrumb\",\"itemListElement\":[{\"@type\":\"ListItem\",\"position\":1,\"name\":\"Startseite\",\"item\":\"https:\/\/nuevo-renacer.com\/\"},{\"@type\":\"ListItem\",\"position\":2,\"name\":\"El deber\"}]},{\"@type\":\"WebSite\",\"@id\":\"https:\/\/nuevo-renacer.com\/#website\",\"url\":\"https:\/\/nuevo-renacer.com\/\",\"name\":\"Uni\u00f3n Esp\u00edrita\",\"description\":\"Nuevo Renacer\",\"publisher\":{\"@id\":\"https:\/\/nuevo-renacer.com\/#organization\"},\"potentialAction\":[{\"@type\":\"SearchAction\",\"target\":{\"@type\":\"EntryPoint\",\"urlTemplate\":\"https:\/\/nuevo-renacer.com\/?s={search_term_string}\"},\"query-input\":{\"@type\":\"PropertyValueSpecification\",\"valueRequired\":true,\"valueName\":\"search_term_string\"}}],\"inLanguage\":\"it-IT\"},{\"@type\":\"Organization\",\"@id\":\"https:\/\/nuevo-renacer.com\/#organization\",\"name\":\"UFEC\",\"url\":\"https:\/\/nuevo-renacer.com\/\",\"logo\":{\"@type\":\"ImageObject\",\"inLanguage\":\"it-IT\",\"@id\":\"https:\/\/nuevo-renacer.com\/#\/schema\/logo\/image\/\",\"url\":\"https:\/\/nuevo-renacer.com\/wp-content\/uploads\/2024\/05\/cropped-LOGO-TERMINADO1-3-3.png\",\"contentUrl\":\"https:\/\/nuevo-renacer.com\/wp-content\/uploads\/2024\/05\/cropped-LOGO-TERMINADO1-3-3.png\",\"width\":512,\"height\":512,\"caption\":\"UFEC\"},\"image\":{\"@id\":\"https:\/\/nuevo-renacer.com\/#\/schema\/logo\/image\/\"},\"sameAs\":[\"https:\/\/www.facebook.com\/groups\/3431398063740829\"]}]}<\/script>\n<!-- \/ Yoast SEO Premium plugin. -->","yoast_head_json":{"title":"El deber - Uni\u00f3n Esp\u00edrita","robots":{"index":"index","follow":"follow","max-snippet":"max-snippet:-1","max-image-preview":"max-image-preview:large","max-video-preview":"max-video-preview:-1"},"canonical":"https:\/\/nuevo-renacer.com\/it\/el-deber\/","og_locale":"it_IT","og_type":"article","og_title":"El deber","og_description":"El deber El deber es el conjunto de prescripciones de la ley moral, la regla de conducta del hombre en sus relaciones con sus semejantes y con el Universo entero. Noble y santa figura, se cierne por encima de la humanidad, inspira los grandes sacrificios, las puras abnegaciones y los hermosos entusiasmos. Sonriente para unos, [&hellip;]","og_url":"https:\/\/nuevo-renacer.com\/it\/el-deber\/","og_site_name":"Uni\u00f3n Esp\u00edrita","article_publisher":"https:\/\/www.facebook.com\/groups\/3431398063740829","article_modified_time":"2024-09-04T08:11:56+00:00","og_image":[{"width":1920,"height":1080,"url":"https:\/\/nuevo-renacer.com\/wp-content\/uploads\/2024\/09\/wp2268960.jpg","type":"image\/jpeg"}],"twitter_card":"summary_large_image","twitter_misc":{"Tempo di lettura stimato":"6 minuti"},"schema":{"@context":"https:\/\/schema.org","@graph":[{"@type":"WebPage","@id":"https:\/\/nuevo-renacer.com\/el-deber\/","url":"https:\/\/nuevo-renacer.com\/el-deber\/","name":"El deber - Uni\u00f3n Esp\u00edrita","isPartOf":{"@id":"https:\/\/nuevo-renacer.com\/#website"},"primaryImageOfPage":{"@id":"https:\/\/nuevo-renacer.com\/el-deber\/#primaryimage"},"image":{"@id":"https:\/\/nuevo-renacer.com\/el-deber\/#primaryimage"},"thumbnailUrl":"https:\/\/nuevo-renacer.com\/wp-content\/uploads\/2024\/09\/wp2268960.jpg","datePublished":"2024-09-04T08:00:34+00:00","dateModified":"2024-09-04T08:11:56+00:00","breadcrumb":{"@id":"https:\/\/nuevo-renacer.com\/el-deber\/#breadcrumb"},"inLanguage":"it-IT","potentialAction":[{"@type":"ReadAction","target":["https:\/\/nuevo-renacer.com\/el-deber\/"]}]},{"@type":"ImageObject","inLanguage":"it-IT","@id":"https:\/\/nuevo-renacer.com\/el-deber\/#primaryimage","url":"https:\/\/nuevo-renacer.com\/wp-content\/uploads\/2024\/09\/wp2268960.jpg","contentUrl":"https:\/\/nuevo-renacer.com\/wp-content\/uploads\/2024\/09\/wp2268960.jpg","width":1920,"height":1080},{"@type":"BreadcrumbList","@id":"https:\/\/nuevo-renacer.com\/el-deber\/#breadcrumb","itemListElement":[{"@type":"ListItem","position":1,"name":"Startseite","item":"https:\/\/nuevo-renacer.com\/"},{"@type":"ListItem","position":2,"name":"El deber"}]},{"@type":"WebSite","@id":"https:\/\/nuevo-renacer.com\/#website","url":"https:\/\/nuevo-renacer.com\/","name":"Uni\u00f3n Esp\u00edrita","description":"Nuevo Renacer","publisher":{"@id":"https:\/\/nuevo-renacer.com\/#organization"},"potentialAction":[{"@type":"SearchAction","target":{"@type":"EntryPoint","urlTemplate":"https:\/\/nuevo-renacer.com\/?s={search_term_string}"},"query-input":{"@type":"PropertyValueSpecification","valueRequired":true,"valueName":"search_term_string"}}],"inLanguage":"it-IT"},{"@type":"Organization","@id":"https:\/\/nuevo-renacer.com\/#organization","name":"UFEC","url":"https:\/\/nuevo-renacer.com\/","logo":{"@type":"ImageObject","inLanguage":"it-IT","@id":"https:\/\/nuevo-renacer.com\/#\/schema\/logo\/image\/","url":"https:\/\/nuevo-renacer.com\/wp-content\/uploads\/2024\/05\/cropped-LOGO-TERMINADO1-3-3.png","contentUrl":"https:\/\/nuevo-renacer.com\/wp-content\/uploads\/2024\/05\/cropped-LOGO-TERMINADO1-3-3.png","width":512,"height":512,"caption":"UFEC"},"image":{"@id":"https:\/\/nuevo-renacer.com\/#\/schema\/logo\/image\/"},"sameAs":["https:\/\/www.facebook.com\/groups\/3431398063740829"]}]}},"uagb_featured_image_src":{"full":["https:\/\/nuevo-renacer.com\/wp-content\/uploads\/2024\/09\/wp2268960.jpg",1920,1080,false],"thumbnail":["https:\/\/nuevo-renacer.com\/wp-content\/uploads\/2024\/09\/wp2268960-150x150.jpg",150,150,true],"medium":["https:\/\/nuevo-renacer.com\/wp-content\/uploads\/2024\/09\/wp2268960-300x169.jpg",300,169,true],"medium_large":["https:\/\/nuevo-renacer.com\/wp-content\/uploads\/2024\/09\/wp2268960-768x432.jpg",768,432,true],"large":["https:\/\/nuevo-renacer.com\/wp-content\/uploads\/2024\/09\/wp2268960-1024x576.jpg",1024,576,true],"1536x1536":["https:\/\/nuevo-renacer.com\/wp-content\/uploads\/2024\/09\/wp2268960-1536x864.jpg",1536,864,true],"2048x2048":["https:\/\/nuevo-renacer.com\/wp-content\/uploads\/2024\/09\/wp2268960.jpg",1920,1080,false],"trp-custom-language-flag":["https:\/\/nuevo-renacer.com\/wp-content\/uploads\/2024\/09\/wp2268960-18x10.jpg",18,10,true]},"uagb_author_info":{"display_name":"adbv0","author_link":"https:\/\/nuevo-renacer.com\/it\/author\/adbv0\/"},"uagb_comment_info":0,"uagb_excerpt":"El deber El deber es el conjunto de prescripciones de la ley moral, la regla de conducta del hombre en sus relaciones con sus semejantes y con el Universo entero. Noble y santa figura, se cierne por encima de la humanidad, inspira los grandes sacrificios, las puras abnegaciones y los hermosos entusiasmos. Sonriente para unos,&hellip;","jetpack_sharing_enabled":true,"_links":{"self":[{"href":"https:\/\/nuevo-renacer.com\/it\/wp-json\/wp\/v2\/pages\/4464","targetHints":{"allow":["GET"]}}],"collection":[{"href":"https:\/\/nuevo-renacer.com\/it\/wp-json\/wp\/v2\/pages"}],"about":[{"href":"https:\/\/nuevo-renacer.com\/it\/wp-json\/wp\/v2\/types\/page"}],"author":[{"embeddable":true,"href":"https:\/\/nuevo-renacer.com\/it\/wp-json\/wp\/v2\/users\/1"}],"replies":[{"embeddable":true,"href":"https:\/\/nuevo-renacer.com\/it\/wp-json\/wp\/v2\/comments?post=4464"}],"version-history":[{"count":3,"href":"https:\/\/nuevo-renacer.com\/it\/wp-json\/wp\/v2\/pages\/4464\/revisions"}],"predecessor-version":[{"id":4470,"href":"https:\/\/nuevo-renacer.com\/it\/wp-json\/wp\/v2\/pages\/4464\/revisions\/4470"}],"wp:featuredmedia":[{"embeddable":true,"href":"https:\/\/nuevo-renacer.com\/it\/wp-json\/wp\/v2\/media\/4466"}],"wp:attachment":[{"href":"https:\/\/nuevo-renacer.com\/it\/wp-json\/wp\/v2\/media?parent=4464"}],"curies":[{"name":"wp","href":"https:\/\/api.w.org\/{rel}","templated":true}]}}