{"id":4456,"date":"2024-09-04T06:43:50","date_gmt":"2024-09-04T06:43:50","guid":{"rendered":"https:\/\/nuevo-renacer.com\/?page_id=4456"},"modified":"2024-09-04T08:01:25","modified_gmt":"2024-09-04T08:01:25","slug":"la-vida-moral","status":"publish","type":"page","link":"https:\/\/nuevo-renacer.com\/it\/la-vida-moral\/","title":{"rendered":"La vida moral"},"content":{"rendered":"<div class=\"wp-block-uagb-container uagb-block-e2c27170 alignfull uagb-is-root-container\"><div class=\"uagb-container-inner-blocks-wrap\">\n<p class=\"has-black-color has-text-color has-link-color has-medium-font-size wp-elements-838ca5b867b8c3c8ee7c90a7cd844b7d\"><strong>La vida moral<\/strong><\/p>\n<\/div><\/div>\n\n\n\n<div class=\"wp-block-uagb-container uagb-block-9017ff8d alignfull uagb-is-root-container\"><div class=\"uagb-container-inner-blocks-wrap\">\n<figure class=\"wp-block-image size-large is-resized\"><img fetchpriority=\"high\" decoding=\"async\" width=\"1024\" height=\"576\" src=\"https:\/\/nuevo-renacer.com\/wp-content\/uploads\/2024\/09\/High_resolution_wallpaper_background_ID_77700646079-1024x576.webp\" alt=\"\" class=\"wp-image-4458\" style=\"width:379px;height:auto\" srcset=\"https:\/\/nuevo-renacer.com\/wp-content\/uploads\/2024\/09\/High_resolution_wallpaper_background_ID_77700646079-1024x576.webp 1024w, https:\/\/nuevo-renacer.com\/wp-content\/uploads\/2024\/09\/High_resolution_wallpaper_background_ID_77700646079-300x169.webp 300w, https:\/\/nuevo-renacer.com\/wp-content\/uploads\/2024\/09\/High_resolution_wallpaper_background_ID_77700646079-768x432.webp 768w, https:\/\/nuevo-renacer.com\/wp-content\/uploads\/2024\/09\/High_resolution_wallpaper_background_ID_77700646079-1536x864.webp 1536w, https:\/\/nuevo-renacer.com\/wp-content\/uploads\/2024\/09\/High_resolution_wallpaper_background_ID_77700646079-18x10.webp 18w, https:\/\/nuevo-renacer.com\/wp-content\/uploads\/2024\/09\/High_resolution_wallpaper_background_ID_77700646079.webp 1920w\" sizes=\"(max-width: 1024px) 100vw, 1024px\" \/><\/figure>\n<\/div><\/div>\n\n\n\n<div class=\"wp-block-uagb-container uagb-block-cc31bab9 alignfull uagb-is-root-container\"><div class=\"uagb-container-inner-blocks-wrap\">\n<p class=\"has-small-font-size\">Todo ser humano lleva grabados en s\u00ed, en su conciencia, en su raz\u00f3n, los rudimentos de la ley moral. Esta ley recibe en este mismo mundo un comienzo de sanci\u00f3n. Una buena acci\u00f3n proporciona a su autor una satisfacci\u00f3n \u00edntima, una especie de dilataci\u00f3n, de esparcimiento del alma. Nuestras faltas, por el contrario, producen con frecuencia amargura y pesares. Sin embargo, esta sanci\u00f3n, tan variable seg\u00fan los individuos, es demasiada vaga, demasiado insuficiente, desde el punto de vista de la justicia absoluta. Por eso es por lo que las religiones han colocado en la vida futura, en las penas y en las recompensas que nos reserva, la sanci\u00f3n capital de nuestros actos. Ahora bien, como quiera que a sus informaciones les falta base positiva, son puestas en duda por la mayor\u00eda. Despu\u00e9s de haber ejercido una influencia importante en las sociedades de la Edad Media, no bastan ya para apartar al hombre del camino de la sensualidad.<\/p>\n\n\n\n<p class=\"has-small-font-size\">Antes del drama del G\u00f3lgota, Jes\u00fas hab\u00eda anunciado a los hombres a otro consolador el -Esp\u00edritu de Verdad- que deb\u00eda restablecer y completar su ense\u00f1anza. Este Esp\u00edritu de Verdad ha llegado y ha hablado a la Tierra; por todas partes hace o\u00edr su voz. Dieciocho siglos despu\u00e9s de la muerte de Cristo, habi\u00e9ndose esparcido por el mundo la libertad de palabra y de pensamiento, habiendo sondado los cielos la ciencia, habi\u00e9ndose desarrollado la inteligencia humana, la hora ha sido considerada como favorable. Los Esp\u00edritus han acudido en multitud para ense\u00f1ar a, sus hermanos de la Tierra la ley del progreso infinito y realizar la promesa de Jes\u00fas restableciendo su doctrina y comentando sus palabras.<\/p>\n\n\n\n<p class=\"has-small-font-size\">El Espiritismo nos da la clave del Evangelio. Explica su sentido oscuro u oculto; nos proporciona la moral superior, la moral definitiva, cuya grandeza y hermosura revelan su origen sobrehumano.<\/p>\n\n\n\n<p class=\"has-small-font-size\">Con el fin de que la verdad se extienda a la vez por todos los pueblos, con el fin de que nadie pueda desnaturalizar\u00eda o destruirla, ya no es un hombre, ya no es un grupo de ap\u00f3stoles el que est\u00e1 encargado de darla a conocer a la humanidad. Las voces de los Esp\u00edritus la proclaman en los diversos puntos del mundo civilizado, y gracias a este car\u00e1cter universal y permanente, esta revelaci\u00f3n desaf\u00eda a todas las hostilidades y a todas las inquisiciones. Se puede suprimir la ense\u00f1anza de un hombre, falsificar y aniquilar sus obras; pero \u00bfqui\u00e9n puede atacar y rebatir a los habitantes del Espacio? Saben deshacer todas las malas interpretaciones y llevar la preciosa semilla hasta las regiones m\u00e1s retrasadas. A esto se debe el poder, la rapidez de difusi\u00f3n del Espiritismo y su superioridad sobre todas las doctrinas que le han precedido y preparado su advenimiento.<\/p>\n\n\n\n<p class=\"has-small-font-size\">En lo que se basa la moral espiritista es, pues, en los testimonios de millares de almas que vienen a todos los lugares para describir, vali\u00e9ndose de los m\u00e9diums, la vida de ultratumba y sus propias sensaciones, sus goces y sus dolores.<\/p>\n\n\n\n<p class=\"has-small-font-size\">La moral independiente, la que los materialistas han intentado edificar, vacila al soplo de todos los vientos, falta de s\u00f3lida base. La moral de las iglesias tiene sobre todo recurso el miedo, el temor a los castigos infernales; sentimiento falso que nos rebaja y nos empeque\u00f1ece. La Filosof\u00eda de los Esp\u00edritus viene a ofrecer a la humanidad una sanci\u00f3n moral m\u00e1s elevada, un ideal m\u00e1s noble y generoso. Ya no hay suplicios eternos, sino la justa consecuencia de los actos que recae sobre su autor.<\/p>\n\n\n\n<p class=\"has-small-font-size\">El Esp\u00edritu se encuentra en todos los lugares seg\u00fan \u00e9l se ha hecho. Si viola la ley moral, entenebrece su conciencia y sus facultades; se materializa, se encadena con sus propias manos. Practicando la ley del bien, dominando las pasiones brutales, se ag\u00fcera y se aproxima cada vez m\u00e1s a los mundos felices.<\/p>\n\n\n\n<p class=\"has-small-font-size\">Desde este punto de vista, la vida moral se impone como una obligaci\u00f3n rigurosa para todos aquellos a quienes preocupe algo de su destino; de aqu\u00ed la necesidad de una higiene del alma que se aplique a todos nuestros actos, ahora que nuestras fuerzas espirituales se hallan en estado de equilibrio y armon\u00eda. Si conviene someter el cuerpo &#8211; envoltura mortal, instrumento perecedero &#8211; a las prescripciones de la ley f\u00edsica que asegura su mantenimiento y su funcionamiento, importa mucho m\u00e1s a\u00fan velar por el perfeccionamiento del alma, que es nuestro imperecedero yo, y a la cual est\u00e1 unida nuestra suerte en el porvenir. El Espiritismo nos ha proporcionado los elementos de esta higiene del alma.<\/p>\n\n\n\n<p class=\"has-small-font-size\">El conocimiento del objeto real de la existencia tiene consecuencias incalculables para el mejoramiento y la elevaci\u00f3n del hombre. Saber ad\u00f3nde va tiene por resultado el afirmar sus pasos, el imprimir a sus actos un impulso vigoroso hacia el ideal concebido.<\/p>\n\n\n\n<p class=\"has-small-font-size\">Las doctrinas de la nada hacen de esta vida un callej\u00f3n sin salida, y conducen, l\u00f3gicamente, al sensualismo y al desorden. Las religiones, al hacer de la existencia una obra de salvaci\u00f3n personal muy problem\u00e1tica, la consideran desde un punto de vista ego\u00edsta y estrecho.<\/p>\n\n\n\n<p class=\"has-small-font-size\">Con la Filosof\u00eda de los Esp\u00edritus, este punto de vista cambia y se ensancha la perspectiva. Lo que debemos buscar no es ya la felicidad terrena la felicidad, en la Tierra, es escasa y precaria, sino un mejoramiento continuo; y el medio de realizarlo es con la observaci\u00f3n de la moral bajo todas sus formas.<\/p>\n\n\n\n<p class=\"has-small-font-size\">Con semejante ideal, una sociedad es indestructible; desaf\u00eda a todas las vicisitudes y a todos los acontecimientos. Se engrandece con la desgracia y encuentra en la adversidad los medios de elevarse por encima de s\u00ed misma. Desprovista de ideal, arrullada por los sofismas de los sensualistas, una sociedad no puede hacer m\u00e1s que corromperse y debilitarse; su fe en el progreso y en la justicia se extingue con su virilidad; bien pronto se convierte en un cuerpo sin alma, y, fatalmente, en la presa de sus enemigos.<\/p>\n\n\n\n<p class=\"has-small-font-size\">\u00a1Dichoso el hombre que en esta vida llena de oscuridad y de obst\u00e1culos camina constantemente hacia el fin elevado que distingue, que conoce y del cual est\u00e1 seguro! \u00a1Feliz aquel al que un soplo de lo alto inspira sus obras y empuja hacia adelante! Los placeres le dejan indiferente; las tentaciones de la carne, los espejismos enga\u00f1osos de la fortuna no hacen presa de \u00e9l. Viajero en marcha, el fin le llama, y \u00e9l se precipita por alcanzarlo.<\/p>\n\n\n\n<p class=\"has-black-color has-text-color has-link-color has-small-font-size wp-elements-9b4626f338aaf639064af36f2f8701eb\"><em><strong>Le\u00f3n Denis<\/strong> &#8211; El Camino Recto \u2503 Concepto esp\u00edrita de la ley moral<\/em><\/p>\n<\/div><\/div>","protected":false},"excerpt":{"rendered":"<p>La vida moral Todo ser humano lleva grabados en s\u00ed, en su conciencia, en su raz\u00f3n, los rudimentos de la ley moral. Esta ley recibe en este mismo mundo un comienzo de sanci\u00f3n. Una buena acci\u00f3n proporciona a su autor una satisfacci\u00f3n \u00edntima, una especie de dilataci\u00f3n, de esparcimiento del alma. Nuestras faltas, por el [&hellip;]<\/p>","protected":false},"author":1,"featured_media":4458,"parent":0,"menu_order":0,"comment_status":"closed","ping_status":"closed","template":"","meta":{"_uag_custom_page_level_css":"","site-sidebar-layout":"default","site-content-layout":"","ast-site-content-layout":"default","site-content-style":"default","site-sidebar-style":"default","ast-global-header-display":"","ast-banner-title-visibility":"","ast-main-header-display":"","ast-hfb-above-header-display":"","ast-hfb-below-header-display":"","ast-hfb-mobile-header-display":"","site-post-title":"","ast-breadcrumbs-content":"","ast-featured-img":"","footer-sml-layout":"","theme-transparent-header-meta":"","adv-header-id-meta":"","stick-header-meta":"","header-above-stick-meta":"","header-main-stick-meta":"","header-below-stick-meta":"","astra-migrate-meta-layouts":"set","ast-page-background-enabled":"default","ast-page-background-meta":{"desktop":{"background-color":"var(--ast-global-color-4)","background-image":"","background-repeat":"repeat","background-position":"center center","background-size":"auto","background-attachment":"scroll","background-type":"","background-media":"","overlay-type":"","overlay-color":"","overlay-opacity":"","overlay-gradient":""},"tablet":{"background-color":"","background-image":"","background-repeat":"repeat","background-position":"center center","background-size":"auto","background-attachment":"scroll","background-type":"","background-media":"","overlay-type":"","overlay-color":"","overlay-opacity":"","overlay-gradient":""},"mobile":{"background-color":"","background-image":"","background-repeat":"repeat","background-position":"center center","background-size":"auto","background-attachment":"scroll","background-type":"","background-media":"","overlay-type":"","overlay-color":"","overlay-opacity":"","overlay-gradient":""}},"ast-content-background-meta":{"desktop":{"background-color":"var(--ast-global-color-5)","background-image":"","background-repeat":"repeat","background-position":"center center","background-size":"auto","background-attachment":"scroll","background-type":"","background-media":"","overlay-type":"","overlay-color":"","overlay-opacity":"","overlay-gradient":""},"tablet":{"background-color":"var(--ast-global-color-5)","background-image":"","background-repeat":"repeat","background-position":"center center","background-size":"auto","background-attachment":"scroll","background-type":"","background-media":"","overlay-type":"","overlay-color":"","overlay-opacity":"","overlay-gradient":""},"mobile":{"background-color":"var(--ast-global-color-5)","background-image":"","background-repeat":"repeat","background-position":"center center","background-size":"auto","background-attachment":"scroll","background-type":"","background-media":"","overlay-type":"","overlay-color":"","overlay-opacity":"","overlay-gradient":""}},"footnotes":""},"class_list":["post-4456","page","type-page","status-publish","has-post-thumbnail","hentry"],"yoast_head":"<!-- This site is optimized with the Yoast SEO Premium plugin v24.2 (Yoast SEO v24.6) - https:\/\/yoast.com\/wordpress\/plugins\/seo\/ -->\n<title>La vida moral - Uni\u00f3n Esp\u00edrita<\/title>\n<meta name=\"robots\" content=\"index, follow, max-snippet:-1, max-image-preview:large, max-video-preview:-1\" \/>\n<link rel=\"canonical\" href=\"https:\/\/nuevo-renacer.com\/it\/la-vida-moral\/\" \/>\n<meta property=\"og:locale\" content=\"it_IT\" \/>\n<meta property=\"og:type\" content=\"article\" \/>\n<meta property=\"og:title\" content=\"La vida moral\" \/>\n<meta property=\"og:description\" content=\"La vida moral Todo ser humano lleva grabados en s\u00ed, en su conciencia, en su raz\u00f3n, los rudimentos de la ley moral. Esta ley recibe en este mismo mundo un comienzo de sanci\u00f3n. Una buena acci\u00f3n proporciona a su autor una satisfacci\u00f3n \u00edntima, una especie de dilataci\u00f3n, de esparcimiento del alma. Nuestras faltas, por el [&hellip;]\" \/>\n<meta property=\"og:url\" content=\"https:\/\/nuevo-renacer.com\/it\/la-vida-moral\/\" \/>\n<meta property=\"og:site_name\" content=\"Uni\u00f3n Esp\u00edrita\" \/>\n<meta property=\"article:publisher\" content=\"https:\/\/www.facebook.com\/groups\/3431398063740829\" \/>\n<meta property=\"article:modified_time\" content=\"2024-09-04T08:01:25+00:00\" \/>\n<meta property=\"og:image\" content=\"https:\/\/nuevo-renacer.com\/wp-content\/uploads\/2024\/09\/High_resolution_wallpaper_background_ID_77700646079.webp\" \/>\n\t<meta property=\"og:image:width\" content=\"1920\" \/>\n\t<meta property=\"og:image:height\" content=\"1080\" \/>\n\t<meta property=\"og:image:type\" content=\"image\/webp\" \/>\n<meta name=\"twitter:card\" content=\"summary_large_image\" \/>\n<meta name=\"twitter:label1\" content=\"Tempo di lettura stimato\" \/>\n\t<meta name=\"twitter:data1\" content=\"6 minuti\" \/>\n<script type=\"application\/ld+json\" class=\"yoast-schema-graph\">{\"@context\":\"https:\/\/schema.org\",\"@graph\":[{\"@type\":\"WebPage\",\"@id\":\"https:\/\/nuevo-renacer.com\/la-vida-moral\/\",\"url\":\"https:\/\/nuevo-renacer.com\/la-vida-moral\/\",\"name\":\"La vida moral - Uni\u00f3n Esp\u00edrita\",\"isPartOf\":{\"@id\":\"https:\/\/nuevo-renacer.com\/#website\"},\"primaryImageOfPage\":{\"@id\":\"https:\/\/nuevo-renacer.com\/la-vida-moral\/#primaryimage\"},\"image\":{\"@id\":\"https:\/\/nuevo-renacer.com\/la-vida-moral\/#primaryimage\"},\"thumbnailUrl\":\"https:\/\/nuevo-renacer.com\/wp-content\/uploads\/2024\/09\/High_resolution_wallpaper_background_ID_77700646079.webp\",\"datePublished\":\"2024-09-04T06:43:50+00:00\",\"dateModified\":\"2024-09-04T08:01:25+00:00\",\"breadcrumb\":{\"@id\":\"https:\/\/nuevo-renacer.com\/la-vida-moral\/#breadcrumb\"},\"inLanguage\":\"it-IT\",\"potentialAction\":[{\"@type\":\"ReadAction\",\"target\":[\"https:\/\/nuevo-renacer.com\/la-vida-moral\/\"]}]},{\"@type\":\"ImageObject\",\"inLanguage\":\"it-IT\",\"@id\":\"https:\/\/nuevo-renacer.com\/la-vida-moral\/#primaryimage\",\"url\":\"https:\/\/nuevo-renacer.com\/wp-content\/uploads\/2024\/09\/High_resolution_wallpaper_background_ID_77700646079.webp\",\"contentUrl\":\"https:\/\/nuevo-renacer.com\/wp-content\/uploads\/2024\/09\/High_resolution_wallpaper_background_ID_77700646079.webp\",\"width\":1920,\"height\":1080},{\"@type\":\"BreadcrumbList\",\"@id\":\"https:\/\/nuevo-renacer.com\/la-vida-moral\/#breadcrumb\",\"itemListElement\":[{\"@type\":\"ListItem\",\"position\":1,\"name\":\"Startseite\",\"item\":\"https:\/\/nuevo-renacer.com\/\"},{\"@type\":\"ListItem\",\"position\":2,\"name\":\"La vida moral\"}]},{\"@type\":\"WebSite\",\"@id\":\"https:\/\/nuevo-renacer.com\/#website\",\"url\":\"https:\/\/nuevo-renacer.com\/\",\"name\":\"Uni\u00f3n Esp\u00edrita\",\"description\":\"Nuevo Renacer\",\"publisher\":{\"@id\":\"https:\/\/nuevo-renacer.com\/#organization\"},\"potentialAction\":[{\"@type\":\"SearchAction\",\"target\":{\"@type\":\"EntryPoint\",\"urlTemplate\":\"https:\/\/nuevo-renacer.com\/?s={search_term_string}\"},\"query-input\":{\"@type\":\"PropertyValueSpecification\",\"valueRequired\":true,\"valueName\":\"search_term_string\"}}],\"inLanguage\":\"it-IT\"},{\"@type\":\"Organization\",\"@id\":\"https:\/\/nuevo-renacer.com\/#organization\",\"name\":\"UFEC\",\"url\":\"https:\/\/nuevo-renacer.com\/\",\"logo\":{\"@type\":\"ImageObject\",\"inLanguage\":\"it-IT\",\"@id\":\"https:\/\/nuevo-renacer.com\/#\/schema\/logo\/image\/\",\"url\":\"https:\/\/nuevo-renacer.com\/wp-content\/uploads\/2024\/05\/cropped-LOGO-TERMINADO1-3-3.png\",\"contentUrl\":\"https:\/\/nuevo-renacer.com\/wp-content\/uploads\/2024\/05\/cropped-LOGO-TERMINADO1-3-3.png\",\"width\":512,\"height\":512,\"caption\":\"UFEC\"},\"image\":{\"@id\":\"https:\/\/nuevo-renacer.com\/#\/schema\/logo\/image\/\"},\"sameAs\":[\"https:\/\/www.facebook.com\/groups\/3431398063740829\"]}]}<\/script>\n<!-- \/ Yoast SEO Premium plugin. -->","yoast_head_json":{"title":"La vida moral - Uni\u00f3n Esp\u00edrita","robots":{"index":"index","follow":"follow","max-snippet":"max-snippet:-1","max-image-preview":"max-image-preview:large","max-video-preview":"max-video-preview:-1"},"canonical":"https:\/\/nuevo-renacer.com\/it\/la-vida-moral\/","og_locale":"it_IT","og_type":"article","og_title":"La vida moral","og_description":"La vida moral Todo ser humano lleva grabados en s\u00ed, en su conciencia, en su raz\u00f3n, los rudimentos de la ley moral. Esta ley recibe en este mismo mundo un comienzo de sanci\u00f3n. Una buena acci\u00f3n proporciona a su autor una satisfacci\u00f3n \u00edntima, una especie de dilataci\u00f3n, de esparcimiento del alma. Nuestras faltas, por el [&hellip;]","og_url":"https:\/\/nuevo-renacer.com\/it\/la-vida-moral\/","og_site_name":"Uni\u00f3n Esp\u00edrita","article_publisher":"https:\/\/www.facebook.com\/groups\/3431398063740829","article_modified_time":"2024-09-04T08:01:25+00:00","og_image":[{"width":1920,"height":1080,"url":"https:\/\/nuevo-renacer.com\/wp-content\/uploads\/2024\/09\/High_resolution_wallpaper_background_ID_77700646079.webp","type":"image\/webp"}],"twitter_card":"summary_large_image","twitter_misc":{"Tempo di lettura stimato":"6 minuti"},"schema":{"@context":"https:\/\/schema.org","@graph":[{"@type":"WebPage","@id":"https:\/\/nuevo-renacer.com\/la-vida-moral\/","url":"https:\/\/nuevo-renacer.com\/la-vida-moral\/","name":"La vida moral - Uni\u00f3n Esp\u00edrita","isPartOf":{"@id":"https:\/\/nuevo-renacer.com\/#website"},"primaryImageOfPage":{"@id":"https:\/\/nuevo-renacer.com\/la-vida-moral\/#primaryimage"},"image":{"@id":"https:\/\/nuevo-renacer.com\/la-vida-moral\/#primaryimage"},"thumbnailUrl":"https:\/\/nuevo-renacer.com\/wp-content\/uploads\/2024\/09\/High_resolution_wallpaper_background_ID_77700646079.webp","datePublished":"2024-09-04T06:43:50+00:00","dateModified":"2024-09-04T08:01:25+00:00","breadcrumb":{"@id":"https:\/\/nuevo-renacer.com\/la-vida-moral\/#breadcrumb"},"inLanguage":"it-IT","potentialAction":[{"@type":"ReadAction","target":["https:\/\/nuevo-renacer.com\/la-vida-moral\/"]}]},{"@type":"ImageObject","inLanguage":"it-IT","@id":"https:\/\/nuevo-renacer.com\/la-vida-moral\/#primaryimage","url":"https:\/\/nuevo-renacer.com\/wp-content\/uploads\/2024\/09\/High_resolution_wallpaper_background_ID_77700646079.webp","contentUrl":"https:\/\/nuevo-renacer.com\/wp-content\/uploads\/2024\/09\/High_resolution_wallpaper_background_ID_77700646079.webp","width":1920,"height":1080},{"@type":"BreadcrumbList","@id":"https:\/\/nuevo-renacer.com\/la-vida-moral\/#breadcrumb","itemListElement":[{"@type":"ListItem","position":1,"name":"Startseite","item":"https:\/\/nuevo-renacer.com\/"},{"@type":"ListItem","position":2,"name":"La vida moral"}]},{"@type":"WebSite","@id":"https:\/\/nuevo-renacer.com\/#website","url":"https:\/\/nuevo-renacer.com\/","name":"Uni\u00f3n Esp\u00edrita","description":"Nuevo Renacer","publisher":{"@id":"https:\/\/nuevo-renacer.com\/#organization"},"potentialAction":[{"@type":"SearchAction","target":{"@type":"EntryPoint","urlTemplate":"https:\/\/nuevo-renacer.com\/?s={search_term_string}"},"query-input":{"@type":"PropertyValueSpecification","valueRequired":true,"valueName":"search_term_string"}}],"inLanguage":"it-IT"},{"@type":"Organization","@id":"https:\/\/nuevo-renacer.com\/#organization","name":"UFEC","url":"https:\/\/nuevo-renacer.com\/","logo":{"@type":"ImageObject","inLanguage":"it-IT","@id":"https:\/\/nuevo-renacer.com\/#\/schema\/logo\/image\/","url":"https:\/\/nuevo-renacer.com\/wp-content\/uploads\/2024\/05\/cropped-LOGO-TERMINADO1-3-3.png","contentUrl":"https:\/\/nuevo-renacer.com\/wp-content\/uploads\/2024\/05\/cropped-LOGO-TERMINADO1-3-3.png","width":512,"height":512,"caption":"UFEC"},"image":{"@id":"https:\/\/nuevo-renacer.com\/#\/schema\/logo\/image\/"},"sameAs":["https:\/\/www.facebook.com\/groups\/3431398063740829"]}]}},"uagb_featured_image_src":{"full":["https:\/\/nuevo-renacer.com\/wp-content\/uploads\/2024\/09\/High_resolution_wallpaper_background_ID_77700646079.webp",1920,1080,false],"thumbnail":["https:\/\/nuevo-renacer.com\/wp-content\/uploads\/2024\/09\/High_resolution_wallpaper_background_ID_77700646079-150x150.webp",150,150,true],"medium":["https:\/\/nuevo-renacer.com\/wp-content\/uploads\/2024\/09\/High_resolution_wallpaper_background_ID_77700646079-300x169.webp",300,169,true],"medium_large":["https:\/\/nuevo-renacer.com\/wp-content\/uploads\/2024\/09\/High_resolution_wallpaper_background_ID_77700646079-768x432.webp",768,432,true],"large":["https:\/\/nuevo-renacer.com\/wp-content\/uploads\/2024\/09\/High_resolution_wallpaper_background_ID_77700646079-1024x576.webp",1024,576,true],"1536x1536":["https:\/\/nuevo-renacer.com\/wp-content\/uploads\/2024\/09\/High_resolution_wallpaper_background_ID_77700646079-1536x864.webp",1536,864,true],"2048x2048":["https:\/\/nuevo-renacer.com\/wp-content\/uploads\/2024\/09\/High_resolution_wallpaper_background_ID_77700646079.webp",1920,1080,false],"trp-custom-language-flag":["https:\/\/nuevo-renacer.com\/wp-content\/uploads\/2024\/09\/High_resolution_wallpaper_background_ID_77700646079-18x10.webp",18,10,true]},"uagb_author_info":{"display_name":"adbv0","author_link":"https:\/\/nuevo-renacer.com\/it\/author\/adbv0\/"},"uagb_comment_info":0,"uagb_excerpt":"La vida moral Todo ser humano lleva grabados en s\u00ed, en su conciencia, en su raz\u00f3n, los rudimentos de la ley moral. Esta ley recibe en este mismo mundo un comienzo de sanci\u00f3n. Una buena acci\u00f3n proporciona a su autor una satisfacci\u00f3n \u00edntima, una especie de dilataci\u00f3n, de esparcimiento del alma. Nuestras faltas, por el&hellip;","jetpack_sharing_enabled":true,"_links":{"self":[{"href":"https:\/\/nuevo-renacer.com\/it\/wp-json\/wp\/v2\/pages\/4456","targetHints":{"allow":["GET"]}}],"collection":[{"href":"https:\/\/nuevo-renacer.com\/it\/wp-json\/wp\/v2\/pages"}],"about":[{"href":"https:\/\/nuevo-renacer.com\/it\/wp-json\/wp\/v2\/types\/page"}],"author":[{"embeddable":true,"href":"https:\/\/nuevo-renacer.com\/it\/wp-json\/wp\/v2\/users\/1"}],"replies":[{"embeddable":true,"href":"https:\/\/nuevo-renacer.com\/it\/wp-json\/wp\/v2\/comments?post=4456"}],"version-history":[{"count":4,"href":"https:\/\/nuevo-renacer.com\/it\/wp-json\/wp\/v2\/pages\/4456\/revisions"}],"predecessor-version":[{"id":4468,"href":"https:\/\/nuevo-renacer.com\/it\/wp-json\/wp\/v2\/pages\/4456\/revisions\/4468"}],"wp:featuredmedia":[{"embeddable":true,"href":"https:\/\/nuevo-renacer.com\/it\/wp-json\/wp\/v2\/media\/4458"}],"wp:attachment":[{"href":"https:\/\/nuevo-renacer.com\/it\/wp-json\/wp\/v2\/media?parent=4456"}],"curies":[{"name":"wp","href":"https:\/\/api.w.org\/{rel}","templated":true}]}}