{"id":4407,"date":"2024-09-03T08:15:39","date_gmt":"2024-09-03T08:15:39","guid":{"rendered":"https:\/\/nuevo-renacer.com\/?page_id=4407"},"modified":"2024-09-03T08:15:41","modified_gmt":"2024-09-03T08:15:41","slug":"juana-de-arco","status":"publish","type":"page","link":"https:\/\/nuevo-renacer.com\/it\/juana-de-arco\/","title":{"rendered":"Juana de Arco"},"content":{"rendered":"<div class=\"wp-block-uagb-container uagb-block-f4634d29 alignfull uagb-is-root-container\"><div class=\"uagb-container-inner-blocks-wrap\">\n<p class=\"has-black-color has-text-color has-link-color has-medium-font-size wp-elements-e80af57ebb19efe42e734ae1dd686d32\"><strong>Juana de Arco<\/strong><\/p>\n<\/div><\/div>\n\n\n\n<div class=\"wp-block-uagb-container uagb-block-e1510548 alignfull uagb-is-root-container\"><div class=\"uagb-container-inner-blocks-wrap\">\n<figure class=\"wp-block-image size-full is-resized\"><img fetchpriority=\"high\" decoding=\"async\" width=\"550\" height=\"757\" src=\"https:\/\/nuevo-renacer.com\/wp-content\/uploads\/2024\/09\/los-ultimos-instantes-en-el-panteon-de-paris-se-exhibe-esta-pintura-en-la-que-jules-eugene-lenepveu-evoco-con-afan-realista-los-ultimos-minutos-de-la-vida-de-juana-de-arco-siglo-xix_b8cfd2e4_550x757.jpg\" alt=\"\" class=\"wp-image-4410\" style=\"width:251px;height:auto\" srcset=\"https:\/\/nuevo-renacer.com\/wp-content\/uploads\/2024\/09\/los-ultimos-instantes-en-el-panteon-de-paris-se-exhibe-esta-pintura-en-la-que-jules-eugene-lenepveu-evoco-con-afan-realista-los-ultimos-minutos-de-la-vida-de-juana-de-arco-siglo-xix_b8cfd2e4_550x757.jpg 550w, https:\/\/nuevo-renacer.com\/wp-content\/uploads\/2024\/09\/los-ultimos-instantes-en-el-panteon-de-paris-se-exhibe-esta-pintura-en-la-que-jules-eugene-lenepveu-evoco-con-afan-realista-los-ultimos-minutos-de-la-vida-de-juana-de-arco-siglo-xix_b8cfd2e4_550x757-218x300.jpg 218w, https:\/\/nuevo-renacer.com\/wp-content\/uploads\/2024\/09\/los-ultimos-instantes-en-el-panteon-de-paris-se-exhibe-esta-pintura-en-la-que-jules-eugene-lenepveu-evoco-con-afan-realista-los-ultimos-minutos-de-la-vida-de-juana-de-arco-siglo-xix_b8cfd2e4_550x757-9x12.jpg 9w\" sizes=\"(max-width: 550px) 100vw, 550px\" \/><\/figure>\n<\/div><\/div>\n\n\n\n<div class=\"wp-block-uagb-container uagb-block-1405f0fd alignfull uagb-is-root-container\"><div class=\"uagb-container-inner-blocks-wrap\">\n<p class=\"has-black-color has-text-color has-link-color has-small-font-size wp-elements-dee2990e251e549c01fdda1aebacb556\">Francia fue un pa\u00eds que se dobleg\u00f3 ante el poder ingl\u00e9s. No era exactamente un pa\u00eds como se conoce hoy en d\u00eda. Estaba formado por varios feudos. Y fue en un pueblo ignorado hasta entonces donde, en 1412, naci\u00f3 una ni\u00f1a que se convertir\u00eda en una famosa y c\u00e9lebre Domremy.<\/p>\n\n\n\n<p class=\"has-black-color has-text-color has-link-color has-small-font-size wp-elements-95fbad4078f72ed703a48dd3be00bdc8\">Hija de campesinos pobres, aprendi\u00f3 a hilar lana con su madre y cuidaba el reba\u00f1o de ovejas. Ten\u00eda tres hermanos y una hermana. No aprendi\u00f3 a leer ni a escribir, ya que el trabajo pronto ocup\u00f3 todas sus horas. El pueblo estaba bastante alejado y los rumores de guerra tardaron en llegarle. Finalmente, un d\u00eda, Juana de Arco se encontr\u00f3 cara a cara con los horrores de la guerra cuando las tropas inglesas se acercaron y toda la familia tuvo que huir y esconderse.<\/p>\n\n\n\n<p class=\"has-black-color has-text-color has-link-color has-small-font-size wp-elements-49e65a468bacf00abfda0806e559895b\">A los 12 a\u00f1os, empez\u00f3 a tener visiones. Era un d\u00eda de verano a mediod\u00eda. Juana estaba rezando en el jard\u00edn cercano a su casa cuando oy\u00f3 una voz que le dec\u00eda que confiara en el Se\u00f1or. La figura que vio la identific\u00f3 como el Arc\u00e1ngel San Miguel. Las dos mensajeras espirituales que le acompa\u00f1aban, Catalina y Margarita, santas seg\u00fan la Iglesia a la que ella asist\u00eda.<\/p>\n\n\n\n<p class=\"has-black-color has-text-color has-link-color has-small-font-size wp-elements-45202835b2936fd152d4bdcb99deb567\">Le hablaron de la situaci\u00f3n del pa\u00eds y le revelaron su misi\u00f3n. Ella deb\u00eda acudir en ayuda del Delf\u00edn y coronarle rey de Francia. Durante cuatro a\u00f1os, dud\u00f3 y la historia de sus visiones comenz\u00f3 a difundirse. Al amanecer de un d\u00eda de invierno, se levanta. Estaba decidida. Prepara un peque\u00f1o equipaje, un peque\u00f1o paquete, un bast\u00f3n de viaje, se despide de sus padres y parte. Ese pueblo de Lorena no volver\u00e1 a verla.<\/p>\n\n\n\n<p class=\"has-black-color has-text-color has-link-color has-small-font-size wp-elements-108b590d61ed65ff22e7b08697bacc72\">Fue a Vaucouleurs, donde viv\u00eda uno de sus t\u00edos, que crey\u00f3 en ella y la acompa\u00f1\u00f3 a Chinon, al Palacio Real. La situaci\u00f3n era muy grave. La Guerra de los Cien A\u00f1os estaba en un momento decisivo. El Delf\u00edn Carlos estaba demasiado d\u00e9bil para tomar una decisi\u00f3n. Las fuerzas inglesas hab\u00edan tomado casi todo el pa\u00eds y ten\u00eda que enviar refuerzos a Orleans. Sin embargo, tiene pocos soldados a su disposici\u00f3n y ning\u00fan l\u00edder para dirigirlos.<\/p>\n\n\n\n<p class=\"has-black-color has-text-color has-link-color has-small-font-size wp-elements-1445048f9f24084bb64f8398636777d0\">Es precisamente entonces cuando Juana aparece en Palacio. La campesina analfabeta hab\u00eda viajado diez d\u00edas y diez noches para llegar a Chinon. Afirma que la env\u00edan mensajeros celestiales. Debe ver al Delf\u00edn y luego dirigir el ej\u00e9rcito para liberar Orleans. Carlos recibe la noticia con asombro y decide poner a prueba a la muchacha. Se esconde entre sus cortesanos, pero en cuanto ella entra en la habitaci\u00f3n, no duda en dirigirse a \u00e9l y le saluda como leg\u00edtimo heredero al trono de Francia.<\/p>\n\n\n\n<p class=\"has-black-color has-text-color has-link-color has-small-font-size wp-elements-c87cae98a901f01fa8389d8425991c91\">Era una prueba, por supuesto. Al fin y al cabo, el rumor que los ingleses difund\u00edan para desacreditar al heredero era que no era hijo leg\u00edtimo del viejo rey Carlos VI. Luego, en una entrevista privada, le record\u00f3 las palabras de la oraci\u00f3n que hab\u00eda dirigido a Dios a solas en su oratorio, justo antes de llegar a Chinon.<\/p>\n\n\n\n<p class=\"has-black-color has-text-color has-link-color has-small-font-size wp-elements-36fb8c06857e19ae38e985a6fd6049cc\">Las voces la gu\u00edan en todo. La espada que utilizar\u00e1 en la batalla aparece enterrada en la iglesia de Santa Catalina de Fierbois. Las voces la despiertan cuando est\u00e1 descansando en Orleans, ignorante del ataque perpetrado sin su consentimiento. Sus gu\u00edas espirituales le dicen que ser\u00e1 herida el 7 de mayo de 1429 y que no deber\u00eda durar m\u00e1s de un a\u00f1o.<\/p>\n\n\n\n<p class=\"has-black-color has-text-color has-link-color has-small-font-size wp-elements-321b654ad54faefd93e43ee4166ee784\">As\u00ed que se da prisa. Toma Orleans, pide al Delf\u00edn que vaya a Reims y \u00e9ste es coronado rey. Ahora coronado, Charles no quiere nada m\u00e1s. Pero Juana sabe que su misi\u00f3n no ha terminado y contin\u00faa sus batallas. Las voces le advierten de que ser\u00e1 arrestada, as\u00ed como de su tr\u00e1gico final.<\/p>\n\n\n\n<p class=\"has-black-color has-text-color has-link-color has-small-font-size wp-elements-7e2ea1c20fd95e961495cefe6f7165d6\">Traicionada, es vendida a los ingleses, que la entregan al Tribunal de la Inquisici\u00f3n. Todo el proceso es una farsa. La acusada no tiene ning\u00fan derecho, ni siquiera un abogado defensor. S\u00f3lo testigos de cargo. La acusan de hechicera y hereje. Todo se presenta como sacrilegio e inmoralidad: el hecho de que vistiera ropas de hombre, que hablara directamente con los santos y no respetara a la Iglesia, que se relacionara con hombres en los campos de batalla, que empu\u00f1ara una espada.<\/p>\n\n\n\n<p class=\"has-black-color has-text-color has-link-color has-small-font-size wp-elements-cc79eb5cd518f2a5b0199d9a390aba6c\">El objetivo era demostrar que Juana era una enviada del diablo. Como resultado, el rey Carlos VII se desmoralizar\u00eda. Despu\u00e9s de todo, \u00bfqu\u00e9 clase de rey era aquel que se hab\u00eda dejado enga\u00f1ar por una bruja? Durante seis meses es sometida a una verdadera tortura moral. Los interrogatorios son largos y penosos. Finalmente, la ejecuci\u00f3n tiene lugar en la plaza central de Roeun el 30 de mayo de 1431.<\/p>\n\n\n\n<p class=\"has-black-color has-text-color has-link-color has-small-font-size wp-elements-d48b147fd6677ecdf019de552b629f26\">Le rapan el pelo y, temiendo la reacci\u00f3n del pueblo, 120 hombres armados la escoltan hasta el lugar. La atan a un poste y encienden una hoguera. Cuando las llamas la envuelven y muerden su carne, exclama: \u00ab\u00a1S\u00ed, mis voces ven\u00edan de Dios! Mis voces no me enga\u00f1aban\u00bb.<\/p>\n\n\n\n<p class=\"has-black-color has-text-color has-link-color has-small-font-size wp-elements-71892df3d16b27a5eb64e2d481a8351d\">Era una prueba inequ\u00edvoca de la mediumnidad que hab\u00eda guiado su viaje terrenal.<\/p>\n\n\n\n<p class=\"has-black-color has-text-color has-link-color has-small-font-size wp-elements-bdeee566758dc731b15fe0534903d13e\">En el cap\u00edtulo XXXI del Libro de los M\u00e9diums, publicado en 1861, cuando el Codificador reuni\u00f3 las Disertaciones Esp\u00edritas, atribuy\u00f3 a Juana de Arco el n\u00famero 12, donde se dirige especialmente a los m\u00e9diums, exhort\u00e1ndolos a ejercer la mediumnidad.<\/p>\n\n\n\n<p class=\"has-black-color has-text-color has-link-color has-small-font-size wp-elements-b8e32b9b0d8631660e35c96558d09db7\">Tambi\u00e9n les recomienda que conf\u00eden en su \u00e1ngel de la guarda y que luchen contra el escollo de la mediumnidad, que es el orgullo.<\/p>\n\n\n\n<p class=\"has-black-color has-text-color has-link-color has-small-font-size wp-elements-482787ad57489d79a4aadac756f6d681\">Consejo que ella hab\u00eda seguido muy bien en su vida terrenal como m\u00e9dium.<\/p>\n<\/div><\/div>","protected":false},"excerpt":{"rendered":"<p>Juana de Arco Francia fue un pa\u00eds que se dobleg\u00f3 ante el poder ingl\u00e9s. No era exactamente un pa\u00eds como se conoce hoy en d\u00eda. Estaba formado por varios feudos. Y fue en un pueblo ignorado hasta entonces donde, en 1412, naci\u00f3 una ni\u00f1a que se convertir\u00eda en una famosa y c\u00e9lebre Domremy. Hija de [&hellip;]<\/p>","protected":false},"author":1,"featured_media":4411,"parent":0,"menu_order":0,"comment_status":"closed","ping_status":"closed","template":"","meta":{"_uag_custom_page_level_css":"","site-sidebar-layout":"default","site-content-layout":"","ast-site-content-layout":"default","site-content-style":"default","site-sidebar-style":"default","ast-global-header-display":"","ast-banner-title-visibility":"","ast-main-header-display":"","ast-hfb-above-header-display":"","ast-hfb-below-header-display":"","ast-hfb-mobile-header-display":"","site-post-title":"","ast-breadcrumbs-content":"","ast-featured-img":"","footer-sml-layout":"","theme-transparent-header-meta":"","adv-header-id-meta":"","stick-header-meta":"","header-above-stick-meta":"","header-main-stick-meta":"","header-below-stick-meta":"","astra-migrate-meta-layouts":"set","ast-page-background-enabled":"default","ast-page-background-meta":{"desktop":{"background-color":"var(--ast-global-color-4)","background-image":"","background-repeat":"repeat","background-position":"center center","background-size":"auto","background-attachment":"scroll","background-type":"","background-media":"","overlay-type":"","overlay-color":"","overlay-opacity":"","overlay-gradient":""},"tablet":{"background-color":"","background-image":"","background-repeat":"repeat","background-position":"center center","background-size":"auto","background-attachment":"scroll","background-type":"","background-media":"","overlay-type":"","overlay-color":"","overlay-opacity":"","overlay-gradient":""},"mobile":{"background-color":"","background-image":"","background-repeat":"repeat","background-position":"center center","background-size":"auto","background-attachment":"scroll","background-type":"","background-media":"","overlay-type":"","overlay-color":"","overlay-opacity":"","overlay-gradient":""}},"ast-content-background-meta":{"desktop":{"background-color":"var(--ast-global-color-5)","background-image":"","background-repeat":"repeat","background-position":"center center","background-size":"auto","background-attachment":"scroll","background-type":"","background-media":"","overlay-type":"","overlay-color":"","overlay-opacity":"","overlay-gradient":""},"tablet":{"background-color":"var(--ast-global-color-5)","background-image":"","background-repeat":"repeat","background-position":"center center","background-size":"auto","background-attachment":"scroll","background-type":"","background-media":"","overlay-type":"","overlay-color":"","overlay-opacity":"","overlay-gradient":""},"mobile":{"background-color":"var(--ast-global-color-5)","background-image":"","background-repeat":"repeat","background-position":"center center","background-size":"auto","background-attachment":"scroll","background-type":"","background-media":"","overlay-type":"","overlay-color":"","overlay-opacity":"","overlay-gradient":""}},"footnotes":""},"class_list":["post-4407","page","type-page","status-publish","has-post-thumbnail","hentry"],"yoast_head":"<!-- This site is optimized with the Yoast SEO Premium plugin v24.2 (Yoast SEO v24.6) - https:\/\/yoast.com\/wordpress\/plugins\/seo\/ -->\n<title>Juana de Arco - Uni\u00f3n Esp\u00edrita<\/title>\n<meta name=\"robots\" content=\"index, follow, max-snippet:-1, max-image-preview:large, max-video-preview:-1\" \/>\n<link rel=\"canonical\" href=\"https:\/\/nuevo-renacer.com\/it\/juana-de-arco\/\" \/>\n<meta property=\"og:locale\" content=\"it_IT\" \/>\n<meta property=\"og:type\" content=\"article\" \/>\n<meta property=\"og:title\" content=\"Juana de Arco\" \/>\n<meta property=\"og:description\" content=\"Juana de Arco Francia fue un pa\u00eds que se dobleg\u00f3 ante el poder ingl\u00e9s. No era exactamente un pa\u00eds como se conoce hoy en d\u00eda. Estaba formado por varios feudos. Y fue en un pueblo ignorado hasta entonces donde, en 1412, naci\u00f3 una ni\u00f1a que se convertir\u00eda en una famosa y c\u00e9lebre Domremy. Hija de [&hellip;]\" \/>\n<meta property=\"og:url\" content=\"https:\/\/nuevo-renacer.com\/it\/juana-de-arco\/\" \/>\n<meta property=\"og:site_name\" content=\"Uni\u00f3n Esp\u00edrita\" \/>\n<meta property=\"article:publisher\" content=\"https:\/\/www.facebook.com\/groups\/3431398063740829\" \/>\n<meta property=\"article:modified_time\" content=\"2024-09-03T08:15:41+00:00\" \/>\n<meta property=\"og:image\" content=\"https:\/\/nuevo-renacer.com\/wp-content\/uploads\/2024\/09\/que-le-pasaba-a-juana-de-arco.webp\" \/>\n\t<meta property=\"og:image:width\" content=\"1200\" \/>\n\t<meta property=\"og:image:height\" content=\"630\" \/>\n\t<meta property=\"og:image:type\" content=\"image\/webp\" \/>\n<meta name=\"twitter:card\" content=\"summary_large_image\" \/>\n<meta name=\"twitter:label1\" content=\"Tempo di lettura stimato\" \/>\n\t<meta name=\"twitter:data1\" content=\"5 minuti\" \/>\n<script type=\"application\/ld+json\" class=\"yoast-schema-graph\">{\"@context\":\"https:\/\/schema.org\",\"@graph\":[{\"@type\":\"WebPage\",\"@id\":\"https:\/\/nuevo-renacer.com\/juana-de-arco\/\",\"url\":\"https:\/\/nuevo-renacer.com\/juana-de-arco\/\",\"name\":\"Juana de Arco - Uni\u00f3n Esp\u00edrita\",\"isPartOf\":{\"@id\":\"https:\/\/nuevo-renacer.com\/#website\"},\"primaryImageOfPage\":{\"@id\":\"https:\/\/nuevo-renacer.com\/juana-de-arco\/#primaryimage\"},\"image\":{\"@id\":\"https:\/\/nuevo-renacer.com\/juana-de-arco\/#primaryimage\"},\"thumbnailUrl\":\"https:\/\/nuevo-renacer.com\/wp-content\/uploads\/2024\/09\/que-le-pasaba-a-juana-de-arco.webp\",\"datePublished\":\"2024-09-03T08:15:39+00:00\",\"dateModified\":\"2024-09-03T08:15:41+00:00\",\"breadcrumb\":{\"@id\":\"https:\/\/nuevo-renacer.com\/juana-de-arco\/#breadcrumb\"},\"inLanguage\":\"it-IT\",\"potentialAction\":[{\"@type\":\"ReadAction\",\"target\":[\"https:\/\/nuevo-renacer.com\/juana-de-arco\/\"]}]},{\"@type\":\"ImageObject\",\"inLanguage\":\"it-IT\",\"@id\":\"https:\/\/nuevo-renacer.com\/juana-de-arco\/#primaryimage\",\"url\":\"https:\/\/nuevo-renacer.com\/wp-content\/uploads\/2024\/09\/que-le-pasaba-a-juana-de-arco.webp\",\"contentUrl\":\"https:\/\/nuevo-renacer.com\/wp-content\/uploads\/2024\/09\/que-le-pasaba-a-juana-de-arco.webp\",\"width\":1200,\"height\":630},{\"@type\":\"BreadcrumbList\",\"@id\":\"https:\/\/nuevo-renacer.com\/juana-de-arco\/#breadcrumb\",\"itemListElement\":[{\"@type\":\"ListItem\",\"position\":1,\"name\":\"Startseite\",\"item\":\"https:\/\/nuevo-renacer.com\/\"},{\"@type\":\"ListItem\",\"position\":2,\"name\":\"Juana de Arco\"}]},{\"@type\":\"WebSite\",\"@id\":\"https:\/\/nuevo-renacer.com\/#website\",\"url\":\"https:\/\/nuevo-renacer.com\/\",\"name\":\"Uni\u00f3n Esp\u00edrita\",\"description\":\"Nuevo Renacer\",\"publisher\":{\"@id\":\"https:\/\/nuevo-renacer.com\/#organization\"},\"potentialAction\":[{\"@type\":\"SearchAction\",\"target\":{\"@type\":\"EntryPoint\",\"urlTemplate\":\"https:\/\/nuevo-renacer.com\/?s={search_term_string}\"},\"query-input\":{\"@type\":\"PropertyValueSpecification\",\"valueRequired\":true,\"valueName\":\"search_term_string\"}}],\"inLanguage\":\"it-IT\"},{\"@type\":\"Organization\",\"@id\":\"https:\/\/nuevo-renacer.com\/#organization\",\"name\":\"UFEC\",\"url\":\"https:\/\/nuevo-renacer.com\/\",\"logo\":{\"@type\":\"ImageObject\",\"inLanguage\":\"it-IT\",\"@id\":\"https:\/\/nuevo-renacer.com\/#\/schema\/logo\/image\/\",\"url\":\"https:\/\/nuevo-renacer.com\/wp-content\/uploads\/2024\/05\/cropped-LOGO-TERMINADO1-3-3.png\",\"contentUrl\":\"https:\/\/nuevo-renacer.com\/wp-content\/uploads\/2024\/05\/cropped-LOGO-TERMINADO1-3-3.png\",\"width\":512,\"height\":512,\"caption\":\"UFEC\"},\"image\":{\"@id\":\"https:\/\/nuevo-renacer.com\/#\/schema\/logo\/image\/\"},\"sameAs\":[\"https:\/\/www.facebook.com\/groups\/3431398063740829\"]}]}<\/script>\n<!-- \/ Yoast SEO Premium plugin. -->","yoast_head_json":{"title":"Juana de Arco - Uni\u00f3n Esp\u00edrita","robots":{"index":"index","follow":"follow","max-snippet":"max-snippet:-1","max-image-preview":"max-image-preview:large","max-video-preview":"max-video-preview:-1"},"canonical":"https:\/\/nuevo-renacer.com\/it\/juana-de-arco\/","og_locale":"it_IT","og_type":"article","og_title":"Juana de Arco","og_description":"Juana de Arco Francia fue un pa\u00eds que se dobleg\u00f3 ante el poder ingl\u00e9s. No era exactamente un pa\u00eds como se conoce hoy en d\u00eda. Estaba formado por varios feudos. Y fue en un pueblo ignorado hasta entonces donde, en 1412, naci\u00f3 una ni\u00f1a que se convertir\u00eda en una famosa y c\u00e9lebre Domremy. Hija de [&hellip;]","og_url":"https:\/\/nuevo-renacer.com\/it\/juana-de-arco\/","og_site_name":"Uni\u00f3n Esp\u00edrita","article_publisher":"https:\/\/www.facebook.com\/groups\/3431398063740829","article_modified_time":"2024-09-03T08:15:41+00:00","og_image":[{"width":1200,"height":630,"url":"https:\/\/nuevo-renacer.com\/wp-content\/uploads\/2024\/09\/que-le-pasaba-a-juana-de-arco.webp","type":"image\/webp"}],"twitter_card":"summary_large_image","twitter_misc":{"Tempo di lettura stimato":"5 minuti"},"schema":{"@context":"https:\/\/schema.org","@graph":[{"@type":"WebPage","@id":"https:\/\/nuevo-renacer.com\/juana-de-arco\/","url":"https:\/\/nuevo-renacer.com\/juana-de-arco\/","name":"Juana de Arco - Uni\u00f3n Esp\u00edrita","isPartOf":{"@id":"https:\/\/nuevo-renacer.com\/#website"},"primaryImageOfPage":{"@id":"https:\/\/nuevo-renacer.com\/juana-de-arco\/#primaryimage"},"image":{"@id":"https:\/\/nuevo-renacer.com\/juana-de-arco\/#primaryimage"},"thumbnailUrl":"https:\/\/nuevo-renacer.com\/wp-content\/uploads\/2024\/09\/que-le-pasaba-a-juana-de-arco.webp","datePublished":"2024-09-03T08:15:39+00:00","dateModified":"2024-09-03T08:15:41+00:00","breadcrumb":{"@id":"https:\/\/nuevo-renacer.com\/juana-de-arco\/#breadcrumb"},"inLanguage":"it-IT","potentialAction":[{"@type":"ReadAction","target":["https:\/\/nuevo-renacer.com\/juana-de-arco\/"]}]},{"@type":"ImageObject","inLanguage":"it-IT","@id":"https:\/\/nuevo-renacer.com\/juana-de-arco\/#primaryimage","url":"https:\/\/nuevo-renacer.com\/wp-content\/uploads\/2024\/09\/que-le-pasaba-a-juana-de-arco.webp","contentUrl":"https:\/\/nuevo-renacer.com\/wp-content\/uploads\/2024\/09\/que-le-pasaba-a-juana-de-arco.webp","width":1200,"height":630},{"@type":"BreadcrumbList","@id":"https:\/\/nuevo-renacer.com\/juana-de-arco\/#breadcrumb","itemListElement":[{"@type":"ListItem","position":1,"name":"Startseite","item":"https:\/\/nuevo-renacer.com\/"},{"@type":"ListItem","position":2,"name":"Juana de Arco"}]},{"@type":"WebSite","@id":"https:\/\/nuevo-renacer.com\/#website","url":"https:\/\/nuevo-renacer.com\/","name":"Uni\u00f3n Esp\u00edrita","description":"Nuevo Renacer","publisher":{"@id":"https:\/\/nuevo-renacer.com\/#organization"},"potentialAction":[{"@type":"SearchAction","target":{"@type":"EntryPoint","urlTemplate":"https:\/\/nuevo-renacer.com\/?s={search_term_string}"},"query-input":{"@type":"PropertyValueSpecification","valueRequired":true,"valueName":"search_term_string"}}],"inLanguage":"it-IT"},{"@type":"Organization","@id":"https:\/\/nuevo-renacer.com\/#organization","name":"UFEC","url":"https:\/\/nuevo-renacer.com\/","logo":{"@type":"ImageObject","inLanguage":"it-IT","@id":"https:\/\/nuevo-renacer.com\/#\/schema\/logo\/image\/","url":"https:\/\/nuevo-renacer.com\/wp-content\/uploads\/2024\/05\/cropped-LOGO-TERMINADO1-3-3.png","contentUrl":"https:\/\/nuevo-renacer.com\/wp-content\/uploads\/2024\/05\/cropped-LOGO-TERMINADO1-3-3.png","width":512,"height":512,"caption":"UFEC"},"image":{"@id":"https:\/\/nuevo-renacer.com\/#\/schema\/logo\/image\/"},"sameAs":["https:\/\/www.facebook.com\/groups\/3431398063740829"]}]}},"uagb_featured_image_src":{"full":["https:\/\/nuevo-renacer.com\/wp-content\/uploads\/2024\/09\/que-le-pasaba-a-juana-de-arco.webp",1200,630,false],"thumbnail":["https:\/\/nuevo-renacer.com\/wp-content\/uploads\/2024\/09\/que-le-pasaba-a-juana-de-arco-150x150.webp",150,150,true],"medium":["https:\/\/nuevo-renacer.com\/wp-content\/uploads\/2024\/09\/que-le-pasaba-a-juana-de-arco-300x158.webp",300,158,true],"medium_large":["https:\/\/nuevo-renacer.com\/wp-content\/uploads\/2024\/09\/que-le-pasaba-a-juana-de-arco-768x403.webp",768,403,true],"large":["https:\/\/nuevo-renacer.com\/wp-content\/uploads\/2024\/09\/que-le-pasaba-a-juana-de-arco-1024x538.webp",1024,538,true],"1536x1536":["https:\/\/nuevo-renacer.com\/wp-content\/uploads\/2024\/09\/que-le-pasaba-a-juana-de-arco.webp",1200,630,false],"2048x2048":["https:\/\/nuevo-renacer.com\/wp-content\/uploads\/2024\/09\/que-le-pasaba-a-juana-de-arco.webp",1200,630,false],"trp-custom-language-flag":["https:\/\/nuevo-renacer.com\/wp-content\/uploads\/2024\/09\/que-le-pasaba-a-juana-de-arco-18x9.webp",18,9,true]},"uagb_author_info":{"display_name":"adbv0","author_link":"https:\/\/nuevo-renacer.com\/it\/author\/adbv0\/"},"uagb_comment_info":0,"uagb_excerpt":"Juana de Arco Francia fue un pa\u00eds que se dobleg\u00f3 ante el poder ingl\u00e9s. No era exactamente un pa\u00eds como se conoce hoy en d\u00eda. Estaba formado por varios feudos. Y fue en un pueblo ignorado hasta entonces donde, en 1412, naci\u00f3 una ni\u00f1a que se convertir\u00eda en una famosa y c\u00e9lebre Domremy. Hija de&hellip;","jetpack_sharing_enabled":true,"_links":{"self":[{"href":"https:\/\/nuevo-renacer.com\/it\/wp-json\/wp\/v2\/pages\/4407","targetHints":{"allow":["GET"]}}],"collection":[{"href":"https:\/\/nuevo-renacer.com\/it\/wp-json\/wp\/v2\/pages"}],"about":[{"href":"https:\/\/nuevo-renacer.com\/it\/wp-json\/wp\/v2\/types\/page"}],"author":[{"embeddable":true,"href":"https:\/\/nuevo-renacer.com\/it\/wp-json\/wp\/v2\/users\/1"}],"replies":[{"embeddable":true,"href":"https:\/\/nuevo-renacer.com\/it\/wp-json\/wp\/v2\/comments?post=4407"}],"version-history":[{"count":2,"href":"https:\/\/nuevo-renacer.com\/it\/wp-json\/wp\/v2\/pages\/4407\/revisions"}],"predecessor-version":[{"id":4412,"href":"https:\/\/nuevo-renacer.com\/it\/wp-json\/wp\/v2\/pages\/4407\/revisions\/4412"}],"wp:featuredmedia":[{"embeddable":true,"href":"https:\/\/nuevo-renacer.com\/it\/wp-json\/wp\/v2\/media\/4411"}],"wp:attachment":[{"href":"https:\/\/nuevo-renacer.com\/it\/wp-json\/wp\/v2\/media?parent=4407"}],"curies":[{"name":"wp","href":"https:\/\/api.w.org\/{rel}","templated":true}]}}