{"id":4321,"date":"2024-09-02T07:05:55","date_gmt":"2024-09-02T07:05:55","guid":{"rendered":"https:\/\/nuevo-renacer.com\/?page_id=4321"},"modified":"2025-11-20T10:25:20","modified_gmt":"2025-11-20T10:25:20","slug":"la-irresponsabilidad-y-sus-frutos","status":"publish","type":"page","link":"https:\/\/nuevo-renacer.com\/it\/la-irresponsabilidad-y-sus-frutos\/","title":{"rendered":"L'irresponsabilit\u00e0 e i suoi frutti"},"content":{"rendered":"<div class=\"wp-block-uagb-container uagb-block-a6797f41 alignfull uagb-is-root-container\"><div class=\"uagb-container-inner-blocks-wrap\">\n<p class=\"has-black-color has-text-color has-link-color has-medium-font-size wp-elements-1a3c151f4b495a4706274d07e37a3387\"><strong>L'irresponsabilit\u00e0 e i suoi frutti<\/strong><\/p>\n<\/div><\/div>\n\n\n\n<div class=\"wp-block-uagb-container uagb-block-77d2a1f6 alignfull uagb-is-root-container\"><div class=\"uagb-container-inner-blocks-wrap\">\n<figure class=\"wp-block-image size-large is-resized\"><img fetchpriority=\"high\" decoding=\"async\" width=\"1024\" height=\"640\" src=\"https:\/\/nuevo-renacer.com\/wp-content\/uploads\/2024\/09\/ideogram-2-1024x640.jpg\" alt=\"\" class=\"wp-image-4323\" style=\"width:394px;height:auto\" srcset=\"https:\/\/nuevo-renacer.com\/wp-content\/uploads\/2024\/09\/ideogram-2-1024x640.jpg 1024w, https:\/\/nuevo-renacer.com\/wp-content\/uploads\/2024\/09\/ideogram-2-300x187.jpg 300w, https:\/\/nuevo-renacer.com\/wp-content\/uploads\/2024\/09\/ideogram-2-768x480.jpg 768w, https:\/\/nuevo-renacer.com\/wp-content\/uploads\/2024\/09\/ideogram-2-1536x960.jpg 1536w, https:\/\/nuevo-renacer.com\/wp-content\/uploads\/2024\/09\/ideogram-2-18x12.jpg 18w, https:\/\/nuevo-renacer.com\/wp-content\/uploads\/2024\/09\/ideogram-2.jpg 1546w\" sizes=\"(max-width: 1024px) 100vw, 1024px\" \/><\/figure>\n<\/div><\/div>\n\n\n\n<div class=\"wp-block-uagb-container uagb-block-23ecb1db alignfull uagb-is-root-container\"><div class=\"uagb-container-inner-blocks-wrap\">\n<p class=\"has-black-color has-text-color has-link-color has-small-font-size wp-elements-dc6f3d9937036c279e00352e7b8a6864\">La responsabilit\u00e0 per ci\u00f2 che diciamo e facciamo \u00e8 una conseguenza diretta del libero arbitrio, quella libert\u00e0 di scelta che Dio ci ha concesso e che si amplia man mano che evolviamo. Alla luce di ci\u00f2, l'irresponsabilit\u00e0 non potrebbe diffondersi nel nostro ambiente. Giornalisti, editori, medium - pi\u00f9 di chiunque altro - dovrebbero sempre tenere presente questo fatto, in base all'impatto che il loro lavoro pu\u00f2 avere sulla societ\u00e0.<\/p>\n\n\n\n<p class=\"has-black-color has-text-color has-link-color has-small-font-size wp-elements-bc9784acb9bba75cdf24b506723ef88a\">\u00abAttualmente stiamo vivendo momenti difficili nel movimento spiritista, ma i responsabili di ci\u00f2 siamo noi stessi\u00bb.<\/p>\n\n\n\n<p class=\"has-black-color has-text-color has-link-color has-small-font-size wp-elements-0a4538f7660105b2c49c89e671e8dafe\">Abbiamo confuso il significato della parola tolleranza. La tolleranza, senza dubbio, \u00e8 un nostro dovere nei confronti di tutte le persone, ma mai nei confronti degli errori da loro commessi. Segnalare l'inganno, l'errore, l'equivoco \u00e8 un bene che facciamo a chi sbaglia, poich\u00e9, avvertito dei propri errori, potr\u00e0 raggiungere un nuovo stato di comprensione. Ovviamente, nel farlo non dobbiamo esporre nessuno al ridicolo o alla derisione, perch\u00e9 ci\u00f2 viola il principio della carit\u00e0, che \u00e8 un bene prezioso che noi spiritisti non possiamo ignorare.<\/p>\n\n\n\n<p class=\"has-black-color has-text-color has-link-color has-small-font-size wp-elements-4561ef181da7403902ec9951f8b4dfc7\">Il nostro secondo errore \u00e8 l'irresponsabilit\u00e0 che ha portato molte persone, non solo i medium, a disprezzare i fondamenti su cui \u00e8 stata codificata la Dottrina Spiritista. Sembra quasi che abbiamo dimenticato la lezione che Emmanuel impart\u00ec a Chico Xavier all'inizio del suo lavoro, tanto ammirato dagli spiritisti brasiliani. Era necessario, disse al caro mentore, confrontare gli scritti medianici con l'opera di Kardec e gli insegnamenti di Ges\u00f9. In caso di discordanza, il destino degli scritti sarebbe stato il cestino della spazzatura, anche se l'autore della comunicazione fosse stato lui stesso.<\/p>\n\n\n\n<p class=\"has-black-color has-text-color has-link-color has-small-font-size wp-elements-398fcc3033f368f6d4d48ec39a62b6b5\">Nella principale opera rivolta ai medium e ai leader spiritisti, Kardec ha inserito due lezioni fondamentali e ancora attuali, una firmata da Erasto e l'altra da San Luigi. La prima costituisce il punto 230 di&nbsp;<em>Il libro dei medium<\/em>:<\/p>\n\n\n\n<p class=\"has-black-color has-text-color has-link-color has-small-font-size wp-elements-76f260261cab10a8357a44c3b2c41669\">Nel dubbio, astienvi, dice uno dei vostri antichi proverbi. Non accettate, quindi, se non ci\u00f2 che ai vostri occhi \u00e8 di manifesta evidenza. Non appena viene espressa una nuova opinione, per quanto vi sembri dubbia, sottoponetela al vaglio della ragione e della logica e respingete senza timore ci\u00f2 che la ragione e il buon senso disapprovano. \u00c8 meglio respingere dieci verit\u00e0  che accettare una sola falsit\u00e0, una sola teoria errata. Infatti, su quella teoria potreste costruire un sistema completo, che crollerebbe al primo soffio della verit\u00e0, come un monumento costruito sulla sabbia mobile, mentre se oggi rifiutaste alcune verit\u00e0 perch\u00e9 non vi sono dimostrate in modo chiaro e logico, pi\u00f9 tardi un fatto brutale o una dimostrazione inconfutabile ne confermeranno l'autenticit\u00e0.<\/p>\n\n\n\n<p class=\"has-black-color has-text-color has-link-color has-small-font-size wp-elements-0cffcb5ec2b10118bf71074b1a34e9b3\">Ricordatevi, tuttavia, o spiritisti, che per Dio e per gli spiriti buoni esiste solo un impossibile: l'ingiustizia e l'iniquit\u00e0. Lo spiritismo \u00e8 gi\u00e0 abbastanza diffuso tra gli uomini e ha gi\u00e0 moralizzato a sufficienza i sinceri adepti della sua santa dottrina, affinch\u00e9 gli spiriti non siano pi\u00f9 costretti a ricorrere a strumenti malvagi, a medium imperfetti. Se dunque ora un medium, chiunque esso sia, diventa oggetto di legittimo sospetto per il suo comportamento, per i suoi costumi, per il suo orgoglio, per la sua mancanza di amore e di carit\u00e0, respingete, respingete le sue comunicazioni, perch\u00e9 l\u00ec ci sar\u00e0 un serpente nascosto tra l'erba.<\/p>\n\n\n\n<p class=\"has-black-color has-text-color has-link-color has-small-font-size wp-elements-d9150a898195891d9ccb638ad6d1ded2\">La seconda lezione pu\u00f2 essere consultata al punto 266 dell'opera citata:<\/p>\n\n\n\n<p class=\"has-black-color has-text-color has-link-color has-small-font-size wp-elements-bb8323f9645b0cc129a504bfa3b98269\">Sottoponendo tutte le comunicazioni a un esame scrupoloso, scrutando e analizzando il pensiero e le espressioni, come si usa fare quando si tratta di giudicare un'opera letteraria, rifiutando senza esitazione tutto ci\u00f2 che pecca contro la logica e il buon senso, tutto ci\u00f2 che smentisce il carattere dello Spirito che si suppone si stia manifestando, si scoraggiano gli Spiriti bugiardi, che finiscono per ritirarsi, una volta convinti che non riusciranno a ingannare. Ripetiamo: questo mezzo \u00e8 unico, ma \u00e8 infallibile, perch\u00e9 non c'\u00e8 comunicazione cattiva che resista a una critica rigorosa. Gli spiriti buoni non si offendono mai per questo, poich\u00e9 essi stessi lo consigliano e perch\u00e9 non hanno nulla da temere dall'esame. Solo quelli cattivi si formalizzano e cercano di evitarlo, perch\u00e9 tutti hanno da perdere. Solo con questo dimostrano ci\u00f2 che sono. Ecco il consiglio che ci ha dato San Luigi a questo proposito:&nbsp;<\/p>\n\n\n\n<p class=\"has-black-color has-text-color has-link-color has-small-font-size wp-elements-c2d5c4b8695300ad42617346ff9eb6c8\"><em>Qualunque sia la legittima fiducia che vi ispirano gli Spiriti che presiedono  i vostri lavori, c'\u00e8 una raccomandazione che non sar\u00e0 mai troppo ripetere e che dovreste tenere sempre presente nella vostra memoria quando vi dedicate ai vostri studi: \u00e8 quella di riflettere e meditare, \u00e8 quella di sottoporre al vaglio della ragione pi\u00f9 severa tutte le comunicazioni che ricevete; di non mancare di chiedere le spiegazioni necessarie per formare un'opinione sicura, non appena un punto vi sembri sospetto, dubbio o oscuro.<\/em><\/p>\n\n\n\n<p class=\"has-black-color has-text-color has-link-color has-small-font-size wp-elements-04d4f80964a11651effb739f05abfda8\">Herculano Pires, che secondo Emmanuel e Chico Xavier era colui che meglio comprendeva l'opera di Kardec, non ha mai smesso di segnalare gli errori, indipendentemente da chi li commettesse, perch\u00e9 prima di tutto dobbiamo preservare la Dottrina e non permettere che ci usino per denigrarla.<\/p>\n<\/div><\/div>\n\n\n\n<div class=\"wp-block-uagb-container uagb-block-ffe1c91c alignfull uagb-is-root-container\"><div class=\"uagb-container-inner-blocks-wrap\"><\/div><\/div>\n\n\n\n<div class=\"wp-block-uagb-container uagb-block-047ca7e8 alignfull uagb-is-root-container\"><div class=\"uagb-container-inner-blocks-wrap\"><\/div><\/div>","protected":false},"excerpt":{"rendered":"<p>La irresponsabilidad y sus frutos La responsabilidad por lo que hablamos y hacemos es consecuencia directa del libre albedr\u00edo, esa libertad de elecci\u00f3n que Dios nos concedi\u00f3 y que se ampl\u00eda a medida que evolucionamos. A la vista de eso, la irresponsabilidad no podr\u00eda propagarse en nuestro medio. Periodistas, editores, m\u00e9diums \u2013 m\u00e1s que cualquier [&hellip;]<\/p>","protected":false},"author":1,"featured_media":4323,"parent":0,"menu_order":0,"comment_status":"closed","ping_status":"closed","template":"","meta":{"_uag_custom_page_level_css":"","site-sidebar-layout":"default","site-content-layout":"","ast-site-content-layout":"default","site-content-style":"default","site-sidebar-style":"default","ast-global-header-display":"","ast-banner-title-visibility":"","ast-main-header-display":"","ast-hfb-above-header-display":"","ast-hfb-below-header-display":"","ast-hfb-mobile-header-display":"","site-post-title":"","ast-breadcrumbs-content":"","ast-featured-img":"","footer-sml-layout":"","theme-transparent-header-meta":"","adv-header-id-meta":"","stick-header-meta":"","header-above-stick-meta":"","header-main-stick-meta":"","header-below-stick-meta":"","astra-migrate-meta-layouts":"set","ast-page-background-enabled":"default","ast-page-background-meta":{"desktop":{"background-color":"var(--ast-global-color-4)","background-image":"","background-repeat":"repeat","background-position":"center center","background-size":"auto","background-attachment":"scroll","background-type":"","background-media":"","overlay-type":"","overlay-color":"","overlay-opacity":"","overlay-gradient":""},"tablet":{"background-color":"","background-image":"","background-repeat":"repeat","background-position":"center center","background-size":"auto","background-attachment":"scroll","background-type":"","background-media":"","overlay-type":"","overlay-color":"","overlay-opacity":"","overlay-gradient":""},"mobile":{"background-color":"","background-image":"","background-repeat":"repeat","background-position":"center center","background-size":"auto","background-attachment":"scroll","background-type":"","background-media":"","overlay-type":"","overlay-color":"","overlay-opacity":"","overlay-gradient":""}},"ast-content-background-meta":{"desktop":{"background-color":"var(--ast-global-color-5)","background-image":"","background-repeat":"repeat","background-position":"center center","background-size":"auto","background-attachment":"scroll","background-type":"","background-media":"","overlay-type":"","overlay-color":"","overlay-opacity":"","overlay-gradient":""},"tablet":{"background-color":"var(--ast-global-color-5)","background-image":"","background-repeat":"repeat","background-position":"center center","background-size":"auto","background-attachment":"scroll","background-type":"","background-media":"","overlay-type":"","overlay-color":"","overlay-opacity":"","overlay-gradient":""},"mobile":{"background-color":"var(--ast-global-color-5)","background-image":"","background-repeat":"repeat","background-position":"center center","background-size":"auto","background-attachment":"scroll","background-type":"","background-media":"","overlay-type":"","overlay-color":"","overlay-opacity":"","overlay-gradient":""}},"footnotes":""},"class_list":["post-4321","page","type-page","status-publish","has-post-thumbnail","hentry"],"yoast_head":"<!-- This site is optimized with the Yoast SEO Premium plugin v24.2 (Yoast SEO v24.6) - https:\/\/yoast.com\/wordpress\/plugins\/seo\/ -->\n<title>La irresponsabilidad y sus frutos - Uni\u00f3n Esp\u00edrita<\/title>\n<meta name=\"robots\" content=\"index, follow, max-snippet:-1, max-image-preview:large, max-video-preview:-1\" \/>\n<link rel=\"canonical\" href=\"https:\/\/nuevo-renacer.com\/it\/la-irresponsabilidad-y-sus-frutos\/\" \/>\n<meta property=\"og:locale\" content=\"it_IT\" \/>\n<meta property=\"og:type\" content=\"article\" \/>\n<meta property=\"og:title\" content=\"La irresponsabilidad y sus frutos\" \/>\n<meta property=\"og:description\" content=\"La irresponsabilidad y sus frutos La responsabilidad por lo que hablamos y hacemos es consecuencia directa del libre albedr\u00edo, esa libertad de elecci\u00f3n que Dios nos concedi\u00f3 y que se ampl\u00eda a medida que evolucionamos. A la vista de eso, la irresponsabilidad no podr\u00eda propagarse en nuestro medio. Periodistas, editores, m\u00e9diums \u2013 m\u00e1s que cualquier [&hellip;]\" \/>\n<meta property=\"og:url\" content=\"https:\/\/nuevo-renacer.com\/it\/la-irresponsabilidad-y-sus-frutos\/\" \/>\n<meta property=\"og:site_name\" content=\"Uni\u00f3n Esp\u00edrita\" \/>\n<meta property=\"article:publisher\" content=\"https:\/\/www.facebook.com\/groups\/3431398063740829\" \/>\n<meta property=\"article:modified_time\" content=\"2025-11-20T10:25:20+00:00\" \/>\n<meta property=\"og:image\" content=\"https:\/\/nuevo-renacer.com\/wp-content\/uploads\/2024\/09\/ideogram-2.jpg\" \/>\n\t<meta property=\"og:image:width\" content=\"1546\" \/>\n\t<meta property=\"og:image:height\" content=\"966\" \/>\n\t<meta property=\"og:image:type\" content=\"image\/jpeg\" \/>\n<meta name=\"twitter:card\" content=\"summary_large_image\" \/>\n<meta name=\"twitter:label1\" content=\"Tempo di lettura stimato\" \/>\n\t<meta name=\"twitter:data1\" content=\"6 minuti\" \/>\n<script type=\"application\/ld+json\" class=\"yoast-schema-graph\">{\"@context\":\"https:\/\/schema.org\",\"@graph\":[{\"@type\":\"WebPage\",\"@id\":\"https:\/\/nuevo-renacer.com\/la-irresponsabilidad-y-sus-frutos\/\",\"url\":\"https:\/\/nuevo-renacer.com\/la-irresponsabilidad-y-sus-frutos\/\",\"name\":\"La irresponsabilidad y sus frutos - Uni\u00f3n Esp\u00edrita\",\"isPartOf\":{\"@id\":\"https:\/\/nuevo-renacer.com\/#website\"},\"primaryImageOfPage\":{\"@id\":\"https:\/\/nuevo-renacer.com\/la-irresponsabilidad-y-sus-frutos\/#primaryimage\"},\"image\":{\"@id\":\"https:\/\/nuevo-renacer.com\/la-irresponsabilidad-y-sus-frutos\/#primaryimage\"},\"thumbnailUrl\":\"https:\/\/nuevo-renacer.com\/wp-content\/uploads\/2024\/09\/ideogram-2.jpg\",\"datePublished\":\"2024-09-02T07:05:55+00:00\",\"dateModified\":\"2025-11-20T10:25:20+00:00\",\"breadcrumb\":{\"@id\":\"https:\/\/nuevo-renacer.com\/la-irresponsabilidad-y-sus-frutos\/#breadcrumb\"},\"inLanguage\":\"it-IT\",\"potentialAction\":[{\"@type\":\"ReadAction\",\"target\":[\"https:\/\/nuevo-renacer.com\/la-irresponsabilidad-y-sus-frutos\/\"]}]},{\"@type\":\"ImageObject\",\"inLanguage\":\"it-IT\",\"@id\":\"https:\/\/nuevo-renacer.com\/la-irresponsabilidad-y-sus-frutos\/#primaryimage\",\"url\":\"https:\/\/nuevo-renacer.com\/wp-content\/uploads\/2024\/09\/ideogram-2.jpg\",\"contentUrl\":\"https:\/\/nuevo-renacer.com\/wp-content\/uploads\/2024\/09\/ideogram-2.jpg\",\"width\":1546,\"height\":966},{\"@type\":\"BreadcrumbList\",\"@id\":\"https:\/\/nuevo-renacer.com\/la-irresponsabilidad-y-sus-frutos\/#breadcrumb\",\"itemListElement\":[{\"@type\":\"ListItem\",\"position\":1,\"name\":\"Startseite\",\"item\":\"https:\/\/nuevo-renacer.com\/\"},{\"@type\":\"ListItem\",\"position\":2,\"name\":\"La irresponsabilidad y sus frutos\"}]},{\"@type\":\"WebSite\",\"@id\":\"https:\/\/nuevo-renacer.com\/#website\",\"url\":\"https:\/\/nuevo-renacer.com\/\",\"name\":\"Uni\u00f3n Esp\u00edrita\",\"description\":\"Nuevo Renacer\",\"publisher\":{\"@id\":\"https:\/\/nuevo-renacer.com\/#organization\"},\"potentialAction\":[{\"@type\":\"SearchAction\",\"target\":{\"@type\":\"EntryPoint\",\"urlTemplate\":\"https:\/\/nuevo-renacer.com\/?s={search_term_string}\"},\"query-input\":{\"@type\":\"PropertyValueSpecification\",\"valueRequired\":true,\"valueName\":\"search_term_string\"}}],\"inLanguage\":\"it-IT\"},{\"@type\":\"Organization\",\"@id\":\"https:\/\/nuevo-renacer.com\/#organization\",\"name\":\"UFEC\",\"url\":\"https:\/\/nuevo-renacer.com\/\",\"logo\":{\"@type\":\"ImageObject\",\"inLanguage\":\"it-IT\",\"@id\":\"https:\/\/nuevo-renacer.com\/#\/schema\/logo\/image\/\",\"url\":\"https:\/\/nuevo-renacer.com\/wp-content\/uploads\/2024\/05\/cropped-LOGO-TERMINADO1-3-3.png\",\"contentUrl\":\"https:\/\/nuevo-renacer.com\/wp-content\/uploads\/2024\/05\/cropped-LOGO-TERMINADO1-3-3.png\",\"width\":512,\"height\":512,\"caption\":\"UFEC\"},\"image\":{\"@id\":\"https:\/\/nuevo-renacer.com\/#\/schema\/logo\/image\/\"},\"sameAs\":[\"https:\/\/www.facebook.com\/groups\/3431398063740829\"]}]}<\/script>\n<!-- \/ Yoast SEO Premium plugin. -->","yoast_head_json":{"title":"La irresponsabilidad y sus frutos - Uni\u00f3n Esp\u00edrita","robots":{"index":"index","follow":"follow","max-snippet":"max-snippet:-1","max-image-preview":"max-image-preview:large","max-video-preview":"max-video-preview:-1"},"canonical":"https:\/\/nuevo-renacer.com\/it\/la-irresponsabilidad-y-sus-frutos\/","og_locale":"it_IT","og_type":"article","og_title":"La irresponsabilidad y sus frutos","og_description":"La irresponsabilidad y sus frutos La responsabilidad por lo que hablamos y hacemos es consecuencia directa del libre albedr\u00edo, esa libertad de elecci\u00f3n que Dios nos concedi\u00f3 y que se ampl\u00eda a medida que evolucionamos. A la vista de eso, la irresponsabilidad no podr\u00eda propagarse en nuestro medio. Periodistas, editores, m\u00e9diums \u2013 m\u00e1s que cualquier [&hellip;]","og_url":"https:\/\/nuevo-renacer.com\/it\/la-irresponsabilidad-y-sus-frutos\/","og_site_name":"Uni\u00f3n Esp\u00edrita","article_publisher":"https:\/\/www.facebook.com\/groups\/3431398063740829","article_modified_time":"2025-11-20T10:25:20+00:00","og_image":[{"width":1546,"height":966,"url":"https:\/\/nuevo-renacer.com\/wp-content\/uploads\/2024\/09\/ideogram-2.jpg","type":"image\/jpeg"}],"twitter_card":"summary_large_image","twitter_misc":{"Tempo di lettura stimato":"6 minuti"},"schema":{"@context":"https:\/\/schema.org","@graph":[{"@type":"WebPage","@id":"https:\/\/nuevo-renacer.com\/la-irresponsabilidad-y-sus-frutos\/","url":"https:\/\/nuevo-renacer.com\/la-irresponsabilidad-y-sus-frutos\/","name":"La irresponsabilidad y sus frutos - Uni\u00f3n Esp\u00edrita","isPartOf":{"@id":"https:\/\/nuevo-renacer.com\/#website"},"primaryImageOfPage":{"@id":"https:\/\/nuevo-renacer.com\/la-irresponsabilidad-y-sus-frutos\/#primaryimage"},"image":{"@id":"https:\/\/nuevo-renacer.com\/la-irresponsabilidad-y-sus-frutos\/#primaryimage"},"thumbnailUrl":"https:\/\/nuevo-renacer.com\/wp-content\/uploads\/2024\/09\/ideogram-2.jpg","datePublished":"2024-09-02T07:05:55+00:00","dateModified":"2025-11-20T10:25:20+00:00","breadcrumb":{"@id":"https:\/\/nuevo-renacer.com\/la-irresponsabilidad-y-sus-frutos\/#breadcrumb"},"inLanguage":"it-IT","potentialAction":[{"@type":"ReadAction","target":["https:\/\/nuevo-renacer.com\/la-irresponsabilidad-y-sus-frutos\/"]}]},{"@type":"ImageObject","inLanguage":"it-IT","@id":"https:\/\/nuevo-renacer.com\/la-irresponsabilidad-y-sus-frutos\/#primaryimage","url":"https:\/\/nuevo-renacer.com\/wp-content\/uploads\/2024\/09\/ideogram-2.jpg","contentUrl":"https:\/\/nuevo-renacer.com\/wp-content\/uploads\/2024\/09\/ideogram-2.jpg","width":1546,"height":966},{"@type":"BreadcrumbList","@id":"https:\/\/nuevo-renacer.com\/la-irresponsabilidad-y-sus-frutos\/#breadcrumb","itemListElement":[{"@type":"ListItem","position":1,"name":"Startseite","item":"https:\/\/nuevo-renacer.com\/"},{"@type":"ListItem","position":2,"name":"La irresponsabilidad y sus frutos"}]},{"@type":"WebSite","@id":"https:\/\/nuevo-renacer.com\/#website","url":"https:\/\/nuevo-renacer.com\/","name":"Uni\u00f3n Esp\u00edrita","description":"Nuevo Renacer","publisher":{"@id":"https:\/\/nuevo-renacer.com\/#organization"},"potentialAction":[{"@type":"SearchAction","target":{"@type":"EntryPoint","urlTemplate":"https:\/\/nuevo-renacer.com\/?s={search_term_string}"},"query-input":{"@type":"PropertyValueSpecification","valueRequired":true,"valueName":"search_term_string"}}],"inLanguage":"it-IT"},{"@type":"Organization","@id":"https:\/\/nuevo-renacer.com\/#organization","name":"UFEC","url":"https:\/\/nuevo-renacer.com\/","logo":{"@type":"ImageObject","inLanguage":"it-IT","@id":"https:\/\/nuevo-renacer.com\/#\/schema\/logo\/image\/","url":"https:\/\/nuevo-renacer.com\/wp-content\/uploads\/2024\/05\/cropped-LOGO-TERMINADO1-3-3.png","contentUrl":"https:\/\/nuevo-renacer.com\/wp-content\/uploads\/2024\/05\/cropped-LOGO-TERMINADO1-3-3.png","width":512,"height":512,"caption":"UFEC"},"image":{"@id":"https:\/\/nuevo-renacer.com\/#\/schema\/logo\/image\/"},"sameAs":["https:\/\/www.facebook.com\/groups\/3431398063740829"]}]}},"uagb_featured_image_src":{"full":["https:\/\/nuevo-renacer.com\/wp-content\/uploads\/2024\/09\/ideogram-2.jpg",1546,966,false],"thumbnail":["https:\/\/nuevo-renacer.com\/wp-content\/uploads\/2024\/09\/ideogram-2-150x150.jpg",150,150,true],"medium":["https:\/\/nuevo-renacer.com\/wp-content\/uploads\/2024\/09\/ideogram-2-300x187.jpg",300,187,true],"medium_large":["https:\/\/nuevo-renacer.com\/wp-content\/uploads\/2024\/09\/ideogram-2-768x480.jpg",768,480,true],"large":["https:\/\/nuevo-renacer.com\/wp-content\/uploads\/2024\/09\/ideogram-2-1024x640.jpg",1024,640,true],"1536x1536":["https:\/\/nuevo-renacer.com\/wp-content\/uploads\/2024\/09\/ideogram-2-1536x960.jpg",1536,960,true],"2048x2048":["https:\/\/nuevo-renacer.com\/wp-content\/uploads\/2024\/09\/ideogram-2.jpg",1546,966,false],"trp-custom-language-flag":["https:\/\/nuevo-renacer.com\/wp-content\/uploads\/2024\/09\/ideogram-2-18x12.jpg",18,12,true]},"uagb_author_info":{"display_name":"adbv0","author_link":"https:\/\/nuevo-renacer.com\/it\/author\/adbv0\/"},"uagb_comment_info":0,"uagb_excerpt":"La irresponsabilidad y sus frutos La responsabilidad por lo que hablamos y hacemos es consecuencia directa del libre albedr\u00edo, esa libertad de elecci\u00f3n que Dios nos concedi\u00f3 y que se ampl\u00eda a medida que evolucionamos. A la vista de eso, la irresponsabilidad no podr\u00eda propagarse en nuestro medio. Periodistas, editores, m\u00e9diums \u2013 m\u00e1s que cualquier&hellip;","jetpack_sharing_enabled":true,"_links":{"self":[{"href":"https:\/\/nuevo-renacer.com\/it\/wp-json\/wp\/v2\/pages\/4321","targetHints":{"allow":["GET"]}}],"collection":[{"href":"https:\/\/nuevo-renacer.com\/it\/wp-json\/wp\/v2\/pages"}],"about":[{"href":"https:\/\/nuevo-renacer.com\/it\/wp-json\/wp\/v2\/types\/page"}],"author":[{"embeddable":true,"href":"https:\/\/nuevo-renacer.com\/it\/wp-json\/wp\/v2\/users\/1"}],"replies":[{"embeddable":true,"href":"https:\/\/nuevo-renacer.com\/it\/wp-json\/wp\/v2\/comments?post=4321"}],"version-history":[{"count":14,"href":"https:\/\/nuevo-renacer.com\/it\/wp-json\/wp\/v2\/pages\/4321\/revisions"}],"predecessor-version":[{"id":8704,"href":"https:\/\/nuevo-renacer.com\/it\/wp-json\/wp\/v2\/pages\/4321\/revisions\/8704"}],"wp:featuredmedia":[{"embeddable":true,"href":"https:\/\/nuevo-renacer.com\/it\/wp-json\/wp\/v2\/media\/4323"}],"wp:attachment":[{"href":"https:\/\/nuevo-renacer.com\/it\/wp-json\/wp\/v2\/media?parent=4321"}],"curies":[{"name":"wp","href":"https:\/\/api.w.org\/{rel}","templated":true}]}}