{"id":4156,"date":"2024-08-27T12:14:43","date_gmt":"2024-08-27T12:14:43","guid":{"rendered":"https:\/\/ufec-mundial.com\/?page_id=4156"},"modified":"2025-01-03T12:51:30","modified_gmt":"2025-01-03T12:51:30","slug":"phillis-wheatley","status":"publish","type":"page","link":"https:\/\/nuevo-renacer.com\/it\/phillis-wheatley\/","title":{"rendered":"Phillis Wheatley"},"content":{"rendered":"<div class=\"wp-block-uagb-container uagb-block-8ad90be7 alignfull uagb-is-root-container\"><div class=\"uagb-container-inner-blocks-wrap\">\n<p class=\"has-black-color has-text-color has-link-color has-medium-font-size wp-elements-9cb6edabd3c1904eeca27db4aa5de16e\"><strong>Phillis Wheatley<\/strong> <strong>&#8211; Era mujer, era negra, era esclava, pero era poeta<\/strong><\/p>\n<\/div><\/div>\n\n\n\n<div class=\"wp-block-uagb-container uagb-block-241082c4 alignfull uagb-is-root-container\"><div class=\"uagb-container-inner-blocks-wrap\">\n<figure class=\"wp-block-image size-full is-resized\"><img fetchpriority=\"high\" decoding=\"async\" width=\"220\" height=\"305\" src=\"https:\/\/ufec-mundial.com\/wp-content\/uploads\/2024\/08\/Phyllis_Wheatley_Waters-1.jpg\" alt=\"\" class=\"wp-image-4158\" style=\"width:279px;height:auto\" srcset=\"https:\/\/nuevo-renacer.com\/wp-content\/uploads\/2024\/08\/Phyllis_Wheatley_Waters-1.jpg 220w, https:\/\/nuevo-renacer.com\/wp-content\/uploads\/2024\/08\/Phyllis_Wheatley_Waters-1-216x300.jpg 216w, https:\/\/nuevo-renacer.com\/wp-content\/uploads\/2024\/08\/Phyllis_Wheatley_Waters-1-9x12.jpg 9w\" sizes=\"(max-width: 220px) 100vw, 220px\" \/><\/figure>\n<\/div><\/div>\n\n\n\n<div class=\"wp-block-uagb-container uagb-block-d852808b alignfull uagb-is-root-container\"><div class=\"uagb-container-inner-blocks-wrap\">\n<p class=\"has-black-color has-text-color has-link-color has-small-font-size wp-elements-245ab23b90b43c1075d8efe145b4694c\">Phillis Wheatley (1753 &#8211; 5 de diciembre de 1784), fue la primera escritora afroamericana en publicar un libro en los Estados Unidos. Su obra Poems on Various Subjects (Poemas sobre Varios Asuntos) fue publicada en 1773, dos a\u00f1os antes de que comenzara la Guerra de Independencia de los Estados Unidos, y es vista como uno de los primeros ejemplos de la literatura de g\u00e9nero afro.<br>Nacida en lo que ser\u00eda Senegal, m\u00e1s tarde instalada en lo que ser\u00eda Gambia, fue capturada y sometida a la esclavitud cuando ten\u00eda siete a\u00f1os de edad. La llevaron a Am\u00e9rica sobre el 1760.<\/p>\n\n\n\n<p class=\"has-black-color has-text-color has-link-color has-small-font-size wp-elements-8088719c154274ba23564b19205a1c19\">En Boston, los negreros la pusieron en venta:<br><strong>-\u00a1Tiene siete a\u00f1os! \u00a1Ser\u00e1 una buena yegua!<\/strong><br>Muchas manos la palparon, desnuda.<\/p>\n\n\n\n<p class=\"has-black-color has-text-color has-link-color has-small-font-size wp-elements-8ae0d509816c326f6b173015ba3191d9\">Finalmente John y Susannah Wheatley de Boston, Massachusetts la compraron y la educaron. Era una familia de comerciantes que se aseguraron de que la chica intelectualmente dotada recibiera una buena educaci\u00f3n, incluyendo estudios de lat\u00edn, griego, mitolog\u00eda e historia. Pronto dominar\u00eda el ingl\u00e9s, con su primer poema publicado hacia 1767 a la edad de 13, en el Newport Mercury.<br>Fue llamada Phillips, porque as\u00ed se llamaba el barco que la trajo, y Wheatley, por ser el apellido de los compradores.<br><br>A los trece a\u00f1os, ya escrib\u00eda poemas en una lengua que no era la suya. Nadie cre\u00eda que ella fuera la autora.<\/p>\n\n\n\n<p class=\"has-black-color has-text-color has-link-color has-small-font-size wp-elements-2a8347377341ecb2a06ae744c83b083e\">A los veinte a\u00f1os, Wheatley tuvo que defender su capacidad literaria en las cortes. Fue examinada por un grupo de intelectuales de Boston, entre ellos John Erving, el reverendo Charles Chauncey, John Hancock, Thomas Hutchinson, el gobernador de Massachusetts, y su teniente gobernador Andrew Oliver. Tuvo que recitar textos de Virgilio y Milton y algunos pasajes de la Biblia, y tambi\u00e9n tuvo que jurar que los poemas que hab\u00eda escrito no eran plagiados. Desde una silla, rindi\u00f3 su largo examen, hasta que el tribunal la acept\u00f3: era mujer, era negra, era esclava, pero era poeta.<\/p>\n\n\n\n<p class=\"has-black-color has-text-color has-link-color has-small-font-size wp-elements-2165828529a1c780cf6e86e93d2c1ee6\">Concluyeron que, ella era la autora de los poemas adscriptos a su persona y firmaron un certificado que fue publicado en el prefacio a su libro de Poems on Various Subjects, Religious and Moral, editado en Aldgate, Londres en 1773.<\/p>\n\n\n\n<p class=\"has-black-color has-text-color has-link-color has-small-font-size wp-elements-dc71b136eb6059e3903a2fc1f1325706\">Este hecho supuso el primer reconocimiento en la historia de los Estados Unidos de la igualdad intelectual entre blancos y negros. Un hecho que parece nimio en nuestros d\u00edas, pero que en su momento supuso todo una revelaci\u00f3n, y la chispa que origin\u00f3 multitud de reivindicaciones que no ped\u00edan nada m\u00e1s que algo que ca\u00eda por su propio peso, el reconocimiento de los mismos derechos que, como persona, les correspond\u00eda.<br>George Washington admiraba su poes\u00eda, lleg\u00e1ndose a referir a ella por su \u00abgran genio po\u00e9tico\u00bb. Y si esta se caracterizaba muchas veces por su contenido cristiano, se debe a que fue convertida a esta fe a trav\u00e9s de John y Susannah Wheatley, sus compradores.<\/p>\n\n\n\n<p class=\"has-black-color has-text-color has-link-color has-small-font-size wp-elements-83d967eb07a142991cd70aa8d83da671\">Phillis se convirti\u00f3 en una escritora reconocida. Viaj\u00f3 a Inglaterra en 1773 junto a Nathaniel Wheatley y all\u00ed conoci\u00f3 a un n\u00famero de notables como Benjamin Franklin, el conde de Darthmouth y el alcalde de Londres. Adem\u00e1s, recibi\u00f3 una copia de Paradise Lost de John Milton, la traducci\u00f3n de Don Quijote de Smollett, y Selina Hastings, condesa de Huntingdon y famosa misionera abolicionista, le mostr\u00f3 su apoyo para que continuara publicando poemas. Ese mismo a\u00f1o Phillis Wheatley regres\u00f3 a Am\u00e9rica, donde compr\u00f3 su libertad y public\u00f3 Poems of a Various Subjects, Religion and Moral.<\/p>\n\n\n\n<p class=\"has-black-color has-text-color has-link-color has-small-font-size wp-elements-224a1d0c8a3820a40d9d66376ba2fafb\">Tras la muerte de John y Susannah Wheatley, Phillis contrajo matrimonio con un negro liberto llamado John Peters. Luego de que su marido la abandonara, realiz\u00f3 tareas dom\u00e9sticas como sirvienta. Ni el trabajo duro ni su habilidad art\u00edstica le brindar\u00edan prosperidad, lo que desembocar\u00eda en su temprano deceso a la edad de 31, sumida en la pobreza, y muriendo su tercer hijo unas horas despu\u00e9s.<br>Muchos de sus poemas est\u00e1n dedicados a personalidades famosas. Escasa vez menciona su propia situaci\u00f3n en los poemas que escribe. Uno de los pocos que tratan la esclavitud es \u00abOn being brought from Africa to America\u00bb :<\/p>\n\n\n\n<p class=\"has-black-color has-text-color has-link-color has-medium-font-size wp-elements-63dba12d72d9336c1b9b76653e50a2e0\"><strong>Sobre el ser tra\u00edda desde \u00c1frica hasta Am\u00e9rica<\/strong><\/p>\n\n\n\n<p class=\"has-black-color has-text-color has-link-color has-small-font-size wp-elements-cddd7c28794b0fbf643e2fceb0bc9f40\"><strong>Fue la gracia la que me trajo desde mi tierra pagana,<br>le ense\u00f1\u00f3 a mi ignorante alma a entender<br>que hay un Dios, que hay un Salvador tambi\u00e9n:<br>Una vez no he buscado ni sab\u00eda de la redenci\u00f3n.<br>Algunos ven a nuestra oscura raza con ojo desde\u00f1oso,<br>\u00abSu color es un hito diab\u00f3lico.\u00bb<br>Recordad, cristianos, negros, tanto como Ca\u00edn,<br>Podr\u00e1n ser refinados, y unirse al ang\u00e9lico tren.<\/strong><\/p>\n\n\n\n<p class=\"has-black-color has-text-color has-link-color has-medium-font-size wp-elements-9a222677c8bb8a47d679d11d87d066e8\"><strong>Imaginaci\u00f3n<\/strong><\/p>\n\n\n\n<p class=\"has-black-color has-text-color has-link-color has-small-font-size wp-elements-41ffa5a64500e779ca668ff8496649d6\"><strong>\u00a1Imaginaci\u00f3n! \u00bfQui\u00e9n podr\u00eda cantar tu poder\u00edo?<br>\u00bfY qui\u00e9n describir\u00eda la velocidad de tu carrera?<br>Elev\u00e1ndonos a trav\u00e9s del aire para encontrar la radiante morada,<br>El emp\u00edreo palacio del tronante Dios,<br>Sobre tus alas aventajamos al viento,<br>Y dejamos atr\u00e1s el rodante universo.<br>De estrella a estrella el ojo mental vaga,<br>Mide los cielos y recorre las regiones superiores;<br>All\u00ed en un panorama abarcamos el magn\u00edfico todo,<br>O con nuevos mundos asombramos el alma infinita.<br>Sus poes\u00edas son una continua oda a la muerte, que en definitiva era d\u00f3nde ella colocaba sus esperanzas de una verdadera libertad y un mundo mejor.<\/strong><\/p>\n\n\n\n<p class=\"has-black-color has-text-color has-link-color has-small-font-size wp-elements-20c130d724e9b6005db04bba0c62b7bf\"><strong>\u00a1He aqu\u00ed tu hermano con los muertos!<br>De la esclavitud liberada, el esp\u00edritu exultante vuela.<br>Sonr\u00ede en la tumba, y calma el dolor furioso.<br>En las regiones m\u00e1s abiertas fija tu mirada anhelante<\/strong><\/p>\n\n\n\n<p class=\"has-black-color has-text-color has-link-color has-small-font-size wp-elements-913a49af18c7899c380ae93bcf62ed2f\">Historias como esta muestran que nuestro genio no est\u00e1 restringido a nuestro origen, donde nacemos, y que independientemente de las dificultades que pasemos, o gracias a ellas, el ser milenario que llevamos dentro, brota, evidenciando sutilmente la realidad de la reencarnaci\u00f3n.<\/p>\n\n\n\n<p class=\"has-black-color has-text-color has-link-color has-small-font-size wp-elements-76bc2c06c03774ed9eb1964482536279\">Era mujer, era negra, era esclava, pero era poeta\u2026<\/p>\n<\/div><\/div>\n\n\n\n<div class=\"wp-block-uagb-container uagb-block-183781b1 alignfull uagb-is-root-container\"><div class=\"uagb-container-inner-blocks-wrap\"><\/div><\/div>\n\n\n\n<div class=\"wp-block-uagb-container uagb-block-19e7a0f9 alignfull uagb-is-root-container\"><div class=\"uagb-container-inner-blocks-wrap\"><\/div><\/div>","protected":false},"excerpt":{"rendered":"<p>Phillis Wheatley &#8211; Era mujer, era negra, era esclava, pero era poeta Phillis Wheatley (1753 &#8211; 5 de diciembre de 1784), fue la primera escritora afroamericana en publicar un libro en los Estados Unidos. Su obra Poems on Various Subjects (Poemas sobre Varios Asuntos) fue publicada en 1773, dos a\u00f1os antes de que comenzara la [&hellip;]<\/p>","protected":false},"author":1,"featured_media":4150,"parent":0,"menu_order":0,"comment_status":"closed","ping_status":"closed","template":"","meta":{"_uag_custom_page_level_css":"","site-sidebar-layout":"default","site-content-layout":"","ast-site-content-layout":"default","site-content-style":"default","site-sidebar-style":"default","ast-global-header-display":"","ast-banner-title-visibility":"","ast-main-header-display":"","ast-hfb-above-header-display":"","ast-hfb-below-header-display":"","ast-hfb-mobile-header-display":"","site-post-title":"","ast-breadcrumbs-content":"","ast-featured-img":"","footer-sml-layout":"","theme-transparent-header-meta":"","adv-header-id-meta":"","stick-header-meta":"","header-above-stick-meta":"","header-main-stick-meta":"","header-below-stick-meta":"","astra-migrate-meta-layouts":"set","ast-page-background-enabled":"default","ast-page-background-meta":{"desktop":{"background-color":"var(--ast-global-color-4)","background-image":"","background-repeat":"repeat","background-position":"center center","background-size":"auto","background-attachment":"scroll","background-type":"","background-media":"","overlay-type":"","overlay-color":"","overlay-opacity":"","overlay-gradient":""},"tablet":{"background-color":"","background-image":"","background-repeat":"repeat","background-position":"center center","background-size":"auto","background-attachment":"scroll","background-type":"","background-media":"","overlay-type":"","overlay-color":"","overlay-opacity":"","overlay-gradient":""},"mobile":{"background-color":"","background-image":"","background-repeat":"repeat","background-position":"center center","background-size":"auto","background-attachment":"scroll","background-type":"","background-media":"","overlay-type":"","overlay-color":"","overlay-opacity":"","overlay-gradient":""}},"ast-content-background-meta":{"desktop":{"background-color":"var(--ast-global-color-5)","background-image":"","background-repeat":"repeat","background-position":"center center","background-size":"auto","background-attachment":"scroll","background-type":"","background-media":"","overlay-type":"","overlay-color":"","overlay-opacity":"","overlay-gradient":""},"tablet":{"background-color":"var(--ast-global-color-5)","background-image":"","background-repeat":"repeat","background-position":"center center","background-size":"auto","background-attachment":"scroll","background-type":"","background-media":"","overlay-type":"","overlay-color":"","overlay-opacity":"","overlay-gradient":""},"mobile":{"background-color":"var(--ast-global-color-5)","background-image":"","background-repeat":"repeat","background-position":"center center","background-size":"auto","background-attachment":"scroll","background-type":"","background-media":"","overlay-type":"","overlay-color":"","overlay-opacity":"","overlay-gradient":""}},"footnotes":""},"class_list":["post-4156","page","type-page","status-publish","has-post-thumbnail","hentry"],"yoast_head":"<!-- This site is optimized with the Yoast SEO Premium plugin v24.2 (Yoast SEO v24.6) - https:\/\/yoast.com\/wordpress\/plugins\/seo\/ -->\n<title>Phillis Wheatley - Uni\u00f3n Esp\u00edrita<\/title>\n<meta name=\"robots\" content=\"index, follow, max-snippet:-1, max-image-preview:large, max-video-preview:-1\" \/>\n<link rel=\"canonical\" href=\"https:\/\/nuevo-renacer.com\/it\/phillis-wheatley\/\" \/>\n<meta property=\"og:locale\" content=\"it_IT\" \/>\n<meta property=\"og:type\" content=\"article\" \/>\n<meta property=\"og:title\" content=\"Phillis Wheatley\" \/>\n<meta property=\"og:description\" content=\"Phillis Wheatley &#8211; Era mujer, era negra, era esclava, pero era poeta Phillis Wheatley (1753 &#8211; 5 de diciembre de 1784), fue la primera escritora afroamericana en publicar un libro en los Estados Unidos. Su obra Poems on Various Subjects (Poemas sobre Varios Asuntos) fue publicada en 1773, dos a\u00f1os antes de que comenzara la [&hellip;]\" \/>\n<meta property=\"og:url\" content=\"https:\/\/nuevo-renacer.com\/it\/phillis-wheatley\/\" \/>\n<meta property=\"og:site_name\" content=\"Uni\u00f3n Esp\u00edrita\" \/>\n<meta property=\"article:publisher\" content=\"https:\/\/www.facebook.com\/groups\/3431398063740829\" \/>\n<meta property=\"article:modified_time\" content=\"2025-01-03T12:51:30+00:00\" \/>\n<meta property=\"og:image\" content=\"https:\/\/nuevo-renacer.com\/wp-content\/uploads\/2024\/08\/Phyllis_Wheatley_Waters.jpg\" \/>\n\t<meta property=\"og:image:width\" content=\"220\" \/>\n\t<meta property=\"og:image:height\" content=\"305\" \/>\n\t<meta property=\"og:image:type\" content=\"image\/jpeg\" \/>\n<meta name=\"twitter:card\" content=\"summary_large_image\" \/>\n<meta name=\"twitter:label1\" content=\"Tempo di lettura stimato\" \/>\n\t<meta name=\"twitter:data1\" content=\"5 minuti\" \/>\n<script type=\"application\/ld+json\" class=\"yoast-schema-graph\">{\"@context\":\"https:\/\/schema.org\",\"@graph\":[{\"@type\":\"WebPage\",\"@id\":\"https:\/\/nuevo-renacer.com\/phillis-wheatley\/\",\"url\":\"https:\/\/nuevo-renacer.com\/phillis-wheatley\/\",\"name\":\"Phillis Wheatley - Uni\u00f3n Esp\u00edrita\",\"isPartOf\":{\"@id\":\"https:\/\/nuevo-renacer.com\/#website\"},\"primaryImageOfPage\":{\"@id\":\"https:\/\/nuevo-renacer.com\/phillis-wheatley\/#primaryimage\"},\"image\":{\"@id\":\"https:\/\/nuevo-renacer.com\/phillis-wheatley\/#primaryimage\"},\"thumbnailUrl\":\"https:\/\/nuevo-renacer.com\/wp-content\/uploads\/2024\/08\/Phyllis_Wheatley_Waters.jpg\",\"datePublished\":\"2024-08-27T12:14:43+00:00\",\"dateModified\":\"2025-01-03T12:51:30+00:00\",\"breadcrumb\":{\"@id\":\"https:\/\/nuevo-renacer.com\/phillis-wheatley\/#breadcrumb\"},\"inLanguage\":\"it-IT\",\"potentialAction\":[{\"@type\":\"ReadAction\",\"target\":[\"https:\/\/nuevo-renacer.com\/phillis-wheatley\/\"]}]},{\"@type\":\"ImageObject\",\"inLanguage\":\"it-IT\",\"@id\":\"https:\/\/nuevo-renacer.com\/phillis-wheatley\/#primaryimage\",\"url\":\"https:\/\/nuevo-renacer.com\/wp-content\/uploads\/2024\/08\/Phyllis_Wheatley_Waters.jpg\",\"contentUrl\":\"https:\/\/nuevo-renacer.com\/wp-content\/uploads\/2024\/08\/Phyllis_Wheatley_Waters.jpg\",\"width\":220,\"height\":305},{\"@type\":\"BreadcrumbList\",\"@id\":\"https:\/\/nuevo-renacer.com\/phillis-wheatley\/#breadcrumb\",\"itemListElement\":[{\"@type\":\"ListItem\",\"position\":1,\"name\":\"Startseite\",\"item\":\"https:\/\/nuevo-renacer.com\/\"},{\"@type\":\"ListItem\",\"position\":2,\"name\":\"Phillis Wheatley\"}]},{\"@type\":\"WebSite\",\"@id\":\"https:\/\/nuevo-renacer.com\/#website\",\"url\":\"https:\/\/nuevo-renacer.com\/\",\"name\":\"Uni\u00f3n Esp\u00edrita\",\"description\":\"Nuevo Renacer\",\"publisher\":{\"@id\":\"https:\/\/nuevo-renacer.com\/#organization\"},\"potentialAction\":[{\"@type\":\"SearchAction\",\"target\":{\"@type\":\"EntryPoint\",\"urlTemplate\":\"https:\/\/nuevo-renacer.com\/?s={search_term_string}\"},\"query-input\":{\"@type\":\"PropertyValueSpecification\",\"valueRequired\":true,\"valueName\":\"search_term_string\"}}],\"inLanguage\":\"it-IT\"},{\"@type\":\"Organization\",\"@id\":\"https:\/\/nuevo-renacer.com\/#organization\",\"name\":\"UFEC\",\"url\":\"https:\/\/nuevo-renacer.com\/\",\"logo\":{\"@type\":\"ImageObject\",\"inLanguage\":\"it-IT\",\"@id\":\"https:\/\/nuevo-renacer.com\/#\/schema\/logo\/image\/\",\"url\":\"https:\/\/nuevo-renacer.com\/wp-content\/uploads\/2024\/05\/cropped-LOGO-TERMINADO1-3-3.png\",\"contentUrl\":\"https:\/\/nuevo-renacer.com\/wp-content\/uploads\/2024\/05\/cropped-LOGO-TERMINADO1-3-3.png\",\"width\":512,\"height\":512,\"caption\":\"UFEC\"},\"image\":{\"@id\":\"https:\/\/nuevo-renacer.com\/#\/schema\/logo\/image\/\"},\"sameAs\":[\"https:\/\/www.facebook.com\/groups\/3431398063740829\"]}]}<\/script>\n<!-- \/ Yoast SEO Premium plugin. -->","yoast_head_json":{"title":"Phillis Wheatley - Uni\u00f3n Esp\u00edrita","robots":{"index":"index","follow":"follow","max-snippet":"max-snippet:-1","max-image-preview":"max-image-preview:large","max-video-preview":"max-video-preview:-1"},"canonical":"https:\/\/nuevo-renacer.com\/it\/phillis-wheatley\/","og_locale":"it_IT","og_type":"article","og_title":"Phillis Wheatley","og_description":"Phillis Wheatley &#8211; Era mujer, era negra, era esclava, pero era poeta Phillis Wheatley (1753 &#8211; 5 de diciembre de 1784), fue la primera escritora afroamericana en publicar un libro en los Estados Unidos. Su obra Poems on Various Subjects (Poemas sobre Varios Asuntos) fue publicada en 1773, dos a\u00f1os antes de que comenzara la [&hellip;]","og_url":"https:\/\/nuevo-renacer.com\/it\/phillis-wheatley\/","og_site_name":"Uni\u00f3n Esp\u00edrita","article_publisher":"https:\/\/www.facebook.com\/groups\/3431398063740829","article_modified_time":"2025-01-03T12:51:30+00:00","og_image":[{"width":220,"height":305,"url":"https:\/\/nuevo-renacer.com\/wp-content\/uploads\/2024\/08\/Phyllis_Wheatley_Waters.jpg","type":"image\/jpeg"}],"twitter_card":"summary_large_image","twitter_misc":{"Tempo di lettura stimato":"5 minuti"},"schema":{"@context":"https:\/\/schema.org","@graph":[{"@type":"WebPage","@id":"https:\/\/nuevo-renacer.com\/phillis-wheatley\/","url":"https:\/\/nuevo-renacer.com\/phillis-wheatley\/","name":"Phillis Wheatley - Uni\u00f3n Esp\u00edrita","isPartOf":{"@id":"https:\/\/nuevo-renacer.com\/#website"},"primaryImageOfPage":{"@id":"https:\/\/nuevo-renacer.com\/phillis-wheatley\/#primaryimage"},"image":{"@id":"https:\/\/nuevo-renacer.com\/phillis-wheatley\/#primaryimage"},"thumbnailUrl":"https:\/\/nuevo-renacer.com\/wp-content\/uploads\/2024\/08\/Phyllis_Wheatley_Waters.jpg","datePublished":"2024-08-27T12:14:43+00:00","dateModified":"2025-01-03T12:51:30+00:00","breadcrumb":{"@id":"https:\/\/nuevo-renacer.com\/phillis-wheatley\/#breadcrumb"},"inLanguage":"it-IT","potentialAction":[{"@type":"ReadAction","target":["https:\/\/nuevo-renacer.com\/phillis-wheatley\/"]}]},{"@type":"ImageObject","inLanguage":"it-IT","@id":"https:\/\/nuevo-renacer.com\/phillis-wheatley\/#primaryimage","url":"https:\/\/nuevo-renacer.com\/wp-content\/uploads\/2024\/08\/Phyllis_Wheatley_Waters.jpg","contentUrl":"https:\/\/nuevo-renacer.com\/wp-content\/uploads\/2024\/08\/Phyllis_Wheatley_Waters.jpg","width":220,"height":305},{"@type":"BreadcrumbList","@id":"https:\/\/nuevo-renacer.com\/phillis-wheatley\/#breadcrumb","itemListElement":[{"@type":"ListItem","position":1,"name":"Startseite","item":"https:\/\/nuevo-renacer.com\/"},{"@type":"ListItem","position":2,"name":"Phillis Wheatley"}]},{"@type":"WebSite","@id":"https:\/\/nuevo-renacer.com\/#website","url":"https:\/\/nuevo-renacer.com\/","name":"Uni\u00f3n Esp\u00edrita","description":"Nuevo Renacer","publisher":{"@id":"https:\/\/nuevo-renacer.com\/#organization"},"potentialAction":[{"@type":"SearchAction","target":{"@type":"EntryPoint","urlTemplate":"https:\/\/nuevo-renacer.com\/?s={search_term_string}"},"query-input":{"@type":"PropertyValueSpecification","valueRequired":true,"valueName":"search_term_string"}}],"inLanguage":"it-IT"},{"@type":"Organization","@id":"https:\/\/nuevo-renacer.com\/#organization","name":"UFEC","url":"https:\/\/nuevo-renacer.com\/","logo":{"@type":"ImageObject","inLanguage":"it-IT","@id":"https:\/\/nuevo-renacer.com\/#\/schema\/logo\/image\/","url":"https:\/\/nuevo-renacer.com\/wp-content\/uploads\/2024\/05\/cropped-LOGO-TERMINADO1-3-3.png","contentUrl":"https:\/\/nuevo-renacer.com\/wp-content\/uploads\/2024\/05\/cropped-LOGO-TERMINADO1-3-3.png","width":512,"height":512,"caption":"UFEC"},"image":{"@id":"https:\/\/nuevo-renacer.com\/#\/schema\/logo\/image\/"},"sameAs":["https:\/\/www.facebook.com\/groups\/3431398063740829"]}]}},"uagb_featured_image_src":{"full":["https:\/\/nuevo-renacer.com\/wp-content\/uploads\/2024\/08\/Phyllis_Wheatley_Waters.jpg",220,305,false],"thumbnail":["https:\/\/nuevo-renacer.com\/wp-content\/uploads\/2024\/08\/Phyllis_Wheatley_Waters-150x150.jpg",150,150,true],"medium":["https:\/\/nuevo-renacer.com\/wp-content\/uploads\/2024\/08\/Phyllis_Wheatley_Waters-216x300.jpg",216,300,true],"medium_large":["https:\/\/nuevo-renacer.com\/wp-content\/uploads\/2024\/08\/Phyllis_Wheatley_Waters.jpg",220,305,false],"large":["https:\/\/nuevo-renacer.com\/wp-content\/uploads\/2024\/08\/Phyllis_Wheatley_Waters.jpg",220,305,false],"1536x1536":["https:\/\/nuevo-renacer.com\/wp-content\/uploads\/2024\/08\/Phyllis_Wheatley_Waters.jpg",220,305,false],"2048x2048":["https:\/\/nuevo-renacer.com\/wp-content\/uploads\/2024\/08\/Phyllis_Wheatley_Waters.jpg",220,305,false],"trp-custom-language-flag":["https:\/\/nuevo-renacer.com\/wp-content\/uploads\/2024\/08\/Phyllis_Wheatley_Waters-9x12.jpg",9,12,true]},"uagb_author_info":{"display_name":"adbv0","author_link":"https:\/\/nuevo-renacer.com\/it\/author\/adbv0\/"},"uagb_comment_info":0,"uagb_excerpt":"Phillis Wheatley &#8211; Era mujer, era negra, era esclava, pero era poeta Phillis Wheatley (1753 &#8211; 5 de diciembre de 1784), fue la primera escritora afroamericana en publicar un libro en los Estados Unidos. Su obra Poems on Various Subjects (Poemas sobre Varios Asuntos) fue publicada en 1773, dos a\u00f1os antes de que comenzara la&hellip;","jetpack_sharing_enabled":true,"_links":{"self":[{"href":"https:\/\/nuevo-renacer.com\/it\/wp-json\/wp\/v2\/pages\/4156","targetHints":{"allow":["GET"]}}],"collection":[{"href":"https:\/\/nuevo-renacer.com\/it\/wp-json\/wp\/v2\/pages"}],"about":[{"href":"https:\/\/nuevo-renacer.com\/it\/wp-json\/wp\/v2\/types\/page"}],"author":[{"embeddable":true,"href":"https:\/\/nuevo-renacer.com\/it\/wp-json\/wp\/v2\/users\/1"}],"replies":[{"embeddable":true,"href":"https:\/\/nuevo-renacer.com\/it\/wp-json\/wp\/v2\/comments?post=4156"}],"version-history":[{"count":9,"href":"https:\/\/nuevo-renacer.com\/it\/wp-json\/wp\/v2\/pages\/4156\/revisions"}],"predecessor-version":[{"id":6658,"href":"https:\/\/nuevo-renacer.com\/it\/wp-json\/wp\/v2\/pages\/4156\/revisions\/6658"}],"wp:featuredmedia":[{"embeddable":true,"href":"https:\/\/nuevo-renacer.com\/it\/wp-json\/wp\/v2\/media\/4150"}],"wp:attachment":[{"href":"https:\/\/nuevo-renacer.com\/it\/wp-json\/wp\/v2\/media?parent=4156"}],"curies":[{"name":"wp","href":"https:\/\/api.w.org\/{rel}","templated":true}]}}