{"id":4059,"date":"2024-07-19T06:24:47","date_gmt":"2024-07-19T06:24:47","guid":{"rendered":"https:\/\/ufec-mundial.com\/?page_id=4059"},"modified":"2024-07-19T06:24:49","modified_gmt":"2024-07-19T06:24:49","slug":"el-espirita-y-la-humanidad","status":"publish","type":"page","link":"https:\/\/nuevo-renacer.com\/it\/el-espirita-y-la-humanidad\/","title":{"rendered":"El Esp\u00edrita y la Humanidad"},"content":{"rendered":"<div class=\"wp-block-uagb-container uagb-block-7b123576 alignfull uagb-is-root-container\"><div class=\"uagb-container-inner-blocks-wrap\">\n<p class=\"has-black-color has-text-color has-link-color has-medium-font-size wp-elements-2cffe69f8a11fd6c294ac188e194be5d\"><strong>El Esp\u00edrita y la Humanidad<\/strong><\/p>\n<\/div><\/div>\n\n\n\n<div class=\"wp-block-uagb-container uagb-block-e84ca2a8 alignfull uagb-is-root-container\"><div class=\"uagb-container-inner-blocks-wrap\">\n<figure class=\"wp-block-image size-full is-resized\"><img fetchpriority=\"high\" decoding=\"async\" width=\"1284\" height=\"705\" src=\"https:\/\/ufec-mundial.com\/wp-content\/uploads\/2024\/07\/Design-ohne-Titel-3.png\" alt=\"\" class=\"wp-image-4063\" style=\"width:468px;height:auto\" srcset=\"https:\/\/nuevo-renacer.com\/wp-content\/uploads\/2024\/07\/Design-ohne-Titel-3.png 1284w, https:\/\/nuevo-renacer.com\/wp-content\/uploads\/2024\/07\/Design-ohne-Titel-3-300x165.png 300w, https:\/\/nuevo-renacer.com\/wp-content\/uploads\/2024\/07\/Design-ohne-Titel-3-768x422.png 768w, https:\/\/nuevo-renacer.com\/wp-content\/uploads\/2024\/07\/Design-ohne-Titel-3-1024x562.png 1024w, https:\/\/nuevo-renacer.com\/wp-content\/uploads\/2024\/07\/Design-ohne-Titel-3-18x10.png 18w\" sizes=\"(max-width: 1284px) 100vw, 1284px\" \/><\/figure>\n<\/div><\/div>\n\n\n\n<div class=\"wp-block-uagb-container uagb-block-c616f5e3 alignfull uagb-is-root-container\"><div class=\"uagb-container-inner-blocks-wrap\">\n<p class=\"has-black-color has-text-color has-link-color has-small-font-size wp-elements-e253fe823993daa4c2c62767a30e2724\">No se debe olvidar que uno de los primeros mandamientos de la Ley es: Amar\u00e1s al pr\u00f3jimo como a ti mismo. Si bien que es muy dif\u00edcil practicar este mandamiento al pie de la letra, no es menos verdad que los esp\u00edritas est\u00e1n obligados a practicar la caridad con sus hermanos de creencia. Ahora, si entre nosotros debemos ser indulgentes, ben\u00e9volos, y ,debemos de ayudar, cerrar los ojos y hasta perdonar, no hemos de hacer menos por la Humanidad. Los no esp\u00edritas se empe\u00f1an a veces en cuestiones, altercados, disputas, ri\u00f1as y no raramente se maltratan.<\/p>\n\n\n\n<p class=\"has-black-color has-text-color has-link-color has-small-font-size wp-elements-599f93f9547b434e65f1c8e7f790d524\">Debemos huir enteramente de todo eso. Si con buenas maneras podemos colocar las cosas en su lugar, es as\u00ed que debemos hacerlo. Mas si por tanto debemos apartarnos de las reglas prescritas, es preferible callar, buscando la mejor manera de salirnos de la dificultad. Y si, a pesar de ello, de nuestra prudencia y de nuestro amor, no pudi\u00e9ramos librarnos, debemos sufrir con paciencia las iras de la ignorancia y de la mala fe. Debemos perdonar sin reservas, desde el fondo de nuestra alma, y pagar el mal con el bien, siempre que sea posible.<\/p>\n\n\n\n<p class=\"has-black-color has-text-color has-link-color has-small-font-size wp-elements-6259ef62cc4a1c98d14f1cd1b8673507\">Por eso no podemos olvidar la figura del Maestro y Se\u00f1or. \u00c9l es el modelo, la verdad y la vida. \u00bfQu\u00e9 dijo \u00c9l, cuando lo insultaban, apostrofaban, maltrataban y escup\u00edan? Nada. Bajaba los ojos y perdonaba en su coraz\u00f3n. \u00bfPues si \u00c9l, que era tan elevado y tanto pod\u00eda, hizo exactamente como ense\u00f1\u00f3, haremos nosotros lo contrario? \u00a1Desgraciado del esp\u00edrita que tiene la oportunidad de devolver el bien como pago del mal y no lo hace! Desgraciado del esp\u00edrita que puede perdonar y no perdona! Pues d\u00eda vendr\u00e1 en que exclamar\u00e1, \u00bfDe que me sirvi\u00f3 saber lo que sab\u00eda, y de haberme llamado esp\u00edrita? \u00a1 M\u00e1s me valiera nada saber, para no cargar con tama\u00f1a responsabilidad!(\u2026) La Humanidad gime, llora, se desespera, por lo mucho que sufre; el ego\u00edsmo todo lo consume, las v\u00edctimas de la maldad se suceden sin parar, las religiones se desviaron del camino, los hombres de bien, intermediarios entre la Humanidad y la Providencia son escasos; los esp\u00edritas est\u00e1n encargados de traer la luz ya que saben por qu\u00e9 la Humanidad sufre, porque llora, por qu\u00e9 se desespera; sacrifiqu\u00e9monos, pues, para poder explicarle la causa de sus sufrimientos, de sus l\u00e1grimas, de su desesperaci\u00f3n; procedamos de manera para demostrar que el dolor depura, eleva, santifica, exalta, y as\u00ed cumpliremos nuestra misi\u00f3n.<\/p>\n\n\n\n<p class=\"has-black-color has-text-color has-link-color has-small-font-size wp-elements-893ca5daf45714db3ca64ef14f74dedd\">El esp\u00edrita que mucho quiere hacer por sus semejantes no debe perder de vista al Se\u00f1or cuando lo azotaban atado al pilar, cuando lo coronaban de espinas, cuando cargaba la cruz, cuando consumaba su sacrificio, para saber imitarle por sus actos de amor por la Humanidad, de su abnegaci\u00f3n y sacrificio. Vosotros sois la sal de la tierra; si la sal pierde su sabor, \u00bfcon qu\u00e9 se ha de salar?<\/p>\n<\/div><\/div>","protected":false},"excerpt":{"rendered":"<p>El Esp\u00edrita y la Humanidad No se debe olvidar que uno de los primeros mandamientos de la Ley es: Amar\u00e1s al pr\u00f3jimo como a ti mismo. Si bien que es muy dif\u00edcil practicar este mandamiento al pie de la letra, no es menos verdad que los esp\u00edritas est\u00e1n obligados a practicar la caridad con sus [&hellip;]<\/p>","protected":false},"author":1,"featured_media":4063,"parent":0,"menu_order":0,"comment_status":"closed","ping_status":"closed","template":"","meta":{"_uag_custom_page_level_css":"","site-sidebar-layout":"default","site-content-layout":"","ast-site-content-layout":"default","site-content-style":"default","site-sidebar-style":"default","ast-global-header-display":"","ast-banner-title-visibility":"","ast-main-header-display":"","ast-hfb-above-header-display":"","ast-hfb-below-header-display":"","ast-hfb-mobile-header-display":"","site-post-title":"","ast-breadcrumbs-content":"","ast-featured-img":"","footer-sml-layout":"","theme-transparent-header-meta":"","adv-header-id-meta":"","stick-header-meta":"","header-above-stick-meta":"","header-main-stick-meta":"","header-below-stick-meta":"","astra-migrate-meta-layouts":"set","ast-page-background-enabled":"default","ast-page-background-meta":{"desktop":{"background-color":"var(--ast-global-color-4)","background-image":"","background-repeat":"repeat","background-position":"center center","background-size":"auto","background-attachment":"scroll","background-type":"","background-media":"","overlay-type":"","overlay-color":"","overlay-opacity":"","overlay-gradient":""},"tablet":{"background-color":"","background-image":"","background-repeat":"repeat","background-position":"center center","background-size":"auto","background-attachment":"scroll","background-type":"","background-media":"","overlay-type":"","overlay-color":"","overlay-opacity":"","overlay-gradient":""},"mobile":{"background-color":"","background-image":"","background-repeat":"repeat","background-position":"center center","background-size":"auto","background-attachment":"scroll","background-type":"","background-media":"","overlay-type":"","overlay-color":"","overlay-opacity":"","overlay-gradient":""}},"ast-content-background-meta":{"desktop":{"background-color":"var(--ast-global-color-5)","background-image":"","background-repeat":"repeat","background-position":"center center","background-size":"auto","background-attachment":"scroll","background-type":"","background-media":"","overlay-type":"","overlay-color":"","overlay-opacity":"","overlay-gradient":""},"tablet":{"background-color":"var(--ast-global-color-5)","background-image":"","background-repeat":"repeat","background-position":"center center","background-size":"auto","background-attachment":"scroll","background-type":"","background-media":"","overlay-type":"","overlay-color":"","overlay-opacity":"","overlay-gradient":""},"mobile":{"background-color":"var(--ast-global-color-5)","background-image":"","background-repeat":"repeat","background-position":"center center","background-size":"auto","background-attachment":"scroll","background-type":"","background-media":"","overlay-type":"","overlay-color":"","overlay-opacity":"","overlay-gradient":""}},"footnotes":""},"class_list":["post-4059","page","type-page","status-publish","has-post-thumbnail","hentry"],"yoast_head":"<!-- This site is optimized with the Yoast SEO Premium plugin v24.2 (Yoast SEO v24.6) - https:\/\/yoast.com\/wordpress\/plugins\/seo\/ -->\n<title>El Esp\u00edrita y la Humanidad - Uni\u00f3n Esp\u00edrita<\/title>\n<meta name=\"robots\" content=\"index, follow, max-snippet:-1, max-image-preview:large, max-video-preview:-1\" \/>\n<link rel=\"canonical\" href=\"https:\/\/nuevo-renacer.com\/it\/el-espirita-y-la-humanidad\/\" \/>\n<meta property=\"og:locale\" content=\"it_IT\" \/>\n<meta property=\"og:type\" content=\"article\" \/>\n<meta property=\"og:title\" content=\"El Esp\u00edrita y la Humanidad\" \/>\n<meta property=\"og:description\" content=\"El Esp\u00edrita y la Humanidad No se debe olvidar que uno de los primeros mandamientos de la Ley es: Amar\u00e1s al pr\u00f3jimo como a ti mismo. Si bien que es muy dif\u00edcil practicar este mandamiento al pie de la letra, no es menos verdad que los esp\u00edritas est\u00e1n obligados a practicar la caridad con sus [&hellip;]\" \/>\n<meta property=\"og:url\" content=\"https:\/\/nuevo-renacer.com\/it\/el-espirita-y-la-humanidad\/\" \/>\n<meta property=\"og:site_name\" content=\"Uni\u00f3n Esp\u00edrita\" \/>\n<meta property=\"article:publisher\" content=\"https:\/\/www.facebook.com\/groups\/3431398063740829\" \/>\n<meta property=\"article:modified_time\" content=\"2024-07-19T06:24:49+00:00\" \/>\n<meta property=\"og:image\" content=\"https:\/\/nuevo-renacer.com\/wp-content\/uploads\/2024\/07\/Design-ohne-Titel-3.png\" \/>\n\t<meta property=\"og:image:width\" content=\"1284\" \/>\n\t<meta property=\"og:image:height\" content=\"705\" \/>\n\t<meta property=\"og:image:type\" content=\"image\/png\" \/>\n<meta name=\"twitter:card\" content=\"summary_large_image\" \/>\n<meta name=\"twitter:label1\" content=\"Tempo di lettura stimato\" \/>\n\t<meta name=\"twitter:data1\" content=\"3 minuti\" \/>\n<script type=\"application\/ld+json\" class=\"yoast-schema-graph\">{\"@context\":\"https:\/\/schema.org\",\"@graph\":[{\"@type\":\"WebPage\",\"@id\":\"https:\/\/nuevo-renacer.com\/el-espirita-y-la-humanidad\/\",\"url\":\"https:\/\/nuevo-renacer.com\/el-espirita-y-la-humanidad\/\",\"name\":\"El Esp\u00edrita y la Humanidad - Uni\u00f3n Esp\u00edrita\",\"isPartOf\":{\"@id\":\"https:\/\/nuevo-renacer.com\/#website\"},\"primaryImageOfPage\":{\"@id\":\"https:\/\/nuevo-renacer.com\/el-espirita-y-la-humanidad\/#primaryimage\"},\"image\":{\"@id\":\"https:\/\/nuevo-renacer.com\/el-espirita-y-la-humanidad\/#primaryimage\"},\"thumbnailUrl\":\"https:\/\/nuevo-renacer.com\/wp-content\/uploads\/2024\/07\/Design-ohne-Titel-3.png\",\"datePublished\":\"2024-07-19T06:24:47+00:00\",\"dateModified\":\"2024-07-19T06:24:49+00:00\",\"breadcrumb\":{\"@id\":\"https:\/\/nuevo-renacer.com\/el-espirita-y-la-humanidad\/#breadcrumb\"},\"inLanguage\":\"it-IT\",\"potentialAction\":[{\"@type\":\"ReadAction\",\"target\":[\"https:\/\/nuevo-renacer.com\/el-espirita-y-la-humanidad\/\"]}]},{\"@type\":\"ImageObject\",\"inLanguage\":\"it-IT\",\"@id\":\"https:\/\/nuevo-renacer.com\/el-espirita-y-la-humanidad\/#primaryimage\",\"url\":\"https:\/\/nuevo-renacer.com\/wp-content\/uploads\/2024\/07\/Design-ohne-Titel-3.png\",\"contentUrl\":\"https:\/\/nuevo-renacer.com\/wp-content\/uploads\/2024\/07\/Design-ohne-Titel-3.png\",\"width\":1284,\"height\":705},{\"@type\":\"BreadcrumbList\",\"@id\":\"https:\/\/nuevo-renacer.com\/el-espirita-y-la-humanidad\/#breadcrumb\",\"itemListElement\":[{\"@type\":\"ListItem\",\"position\":1,\"name\":\"Startseite\",\"item\":\"https:\/\/nuevo-renacer.com\/\"},{\"@type\":\"ListItem\",\"position\":2,\"name\":\"El Esp\u00edrita y la Humanidad\"}]},{\"@type\":\"WebSite\",\"@id\":\"https:\/\/nuevo-renacer.com\/#website\",\"url\":\"https:\/\/nuevo-renacer.com\/\",\"name\":\"Uni\u00f3n Esp\u00edrita\",\"description\":\"Nuevo Renacer\",\"publisher\":{\"@id\":\"https:\/\/nuevo-renacer.com\/#organization\"},\"potentialAction\":[{\"@type\":\"SearchAction\",\"target\":{\"@type\":\"EntryPoint\",\"urlTemplate\":\"https:\/\/nuevo-renacer.com\/?s={search_term_string}\"},\"query-input\":{\"@type\":\"PropertyValueSpecification\",\"valueRequired\":true,\"valueName\":\"search_term_string\"}}],\"inLanguage\":\"it-IT\"},{\"@type\":\"Organization\",\"@id\":\"https:\/\/nuevo-renacer.com\/#organization\",\"name\":\"UFEC\",\"url\":\"https:\/\/nuevo-renacer.com\/\",\"logo\":{\"@type\":\"ImageObject\",\"inLanguage\":\"it-IT\",\"@id\":\"https:\/\/nuevo-renacer.com\/#\/schema\/logo\/image\/\",\"url\":\"https:\/\/nuevo-renacer.com\/wp-content\/uploads\/2024\/05\/cropped-LOGO-TERMINADO1-3-3.png\",\"contentUrl\":\"https:\/\/nuevo-renacer.com\/wp-content\/uploads\/2024\/05\/cropped-LOGO-TERMINADO1-3-3.png\",\"width\":512,\"height\":512,\"caption\":\"UFEC\"},\"image\":{\"@id\":\"https:\/\/nuevo-renacer.com\/#\/schema\/logo\/image\/\"},\"sameAs\":[\"https:\/\/www.facebook.com\/groups\/3431398063740829\"]}]}<\/script>\n<!-- \/ Yoast SEO Premium plugin. -->","yoast_head_json":{"title":"El Esp\u00edrita y la Humanidad - Uni\u00f3n Esp\u00edrita","robots":{"index":"index","follow":"follow","max-snippet":"max-snippet:-1","max-image-preview":"max-image-preview:large","max-video-preview":"max-video-preview:-1"},"canonical":"https:\/\/nuevo-renacer.com\/it\/el-espirita-y-la-humanidad\/","og_locale":"it_IT","og_type":"article","og_title":"El Esp\u00edrita y la Humanidad","og_description":"El Esp\u00edrita y la Humanidad No se debe olvidar que uno de los primeros mandamientos de la Ley es: Amar\u00e1s al pr\u00f3jimo como a ti mismo. Si bien que es muy dif\u00edcil practicar este mandamiento al pie de la letra, no es menos verdad que los esp\u00edritas est\u00e1n obligados a practicar la caridad con sus [&hellip;]","og_url":"https:\/\/nuevo-renacer.com\/it\/el-espirita-y-la-humanidad\/","og_site_name":"Uni\u00f3n Esp\u00edrita","article_publisher":"https:\/\/www.facebook.com\/groups\/3431398063740829","article_modified_time":"2024-07-19T06:24:49+00:00","og_image":[{"width":1284,"height":705,"url":"https:\/\/nuevo-renacer.com\/wp-content\/uploads\/2024\/07\/Design-ohne-Titel-3.png","type":"image\/png"}],"twitter_card":"summary_large_image","twitter_misc":{"Tempo di lettura stimato":"3 minuti"},"schema":{"@context":"https:\/\/schema.org","@graph":[{"@type":"WebPage","@id":"https:\/\/nuevo-renacer.com\/el-espirita-y-la-humanidad\/","url":"https:\/\/nuevo-renacer.com\/el-espirita-y-la-humanidad\/","name":"El Esp\u00edrita y la Humanidad - Uni\u00f3n Esp\u00edrita","isPartOf":{"@id":"https:\/\/nuevo-renacer.com\/#website"},"primaryImageOfPage":{"@id":"https:\/\/nuevo-renacer.com\/el-espirita-y-la-humanidad\/#primaryimage"},"image":{"@id":"https:\/\/nuevo-renacer.com\/el-espirita-y-la-humanidad\/#primaryimage"},"thumbnailUrl":"https:\/\/nuevo-renacer.com\/wp-content\/uploads\/2024\/07\/Design-ohne-Titel-3.png","datePublished":"2024-07-19T06:24:47+00:00","dateModified":"2024-07-19T06:24:49+00:00","breadcrumb":{"@id":"https:\/\/nuevo-renacer.com\/el-espirita-y-la-humanidad\/#breadcrumb"},"inLanguage":"it-IT","potentialAction":[{"@type":"ReadAction","target":["https:\/\/nuevo-renacer.com\/el-espirita-y-la-humanidad\/"]}]},{"@type":"ImageObject","inLanguage":"it-IT","@id":"https:\/\/nuevo-renacer.com\/el-espirita-y-la-humanidad\/#primaryimage","url":"https:\/\/nuevo-renacer.com\/wp-content\/uploads\/2024\/07\/Design-ohne-Titel-3.png","contentUrl":"https:\/\/nuevo-renacer.com\/wp-content\/uploads\/2024\/07\/Design-ohne-Titel-3.png","width":1284,"height":705},{"@type":"BreadcrumbList","@id":"https:\/\/nuevo-renacer.com\/el-espirita-y-la-humanidad\/#breadcrumb","itemListElement":[{"@type":"ListItem","position":1,"name":"Startseite","item":"https:\/\/nuevo-renacer.com\/"},{"@type":"ListItem","position":2,"name":"El Esp\u00edrita y la Humanidad"}]},{"@type":"WebSite","@id":"https:\/\/nuevo-renacer.com\/#website","url":"https:\/\/nuevo-renacer.com\/","name":"Uni\u00f3n Esp\u00edrita","description":"Nuevo Renacer","publisher":{"@id":"https:\/\/nuevo-renacer.com\/#organization"},"potentialAction":[{"@type":"SearchAction","target":{"@type":"EntryPoint","urlTemplate":"https:\/\/nuevo-renacer.com\/?s={search_term_string}"},"query-input":{"@type":"PropertyValueSpecification","valueRequired":true,"valueName":"search_term_string"}}],"inLanguage":"it-IT"},{"@type":"Organization","@id":"https:\/\/nuevo-renacer.com\/#organization","name":"UFEC","url":"https:\/\/nuevo-renacer.com\/","logo":{"@type":"ImageObject","inLanguage":"it-IT","@id":"https:\/\/nuevo-renacer.com\/#\/schema\/logo\/image\/","url":"https:\/\/nuevo-renacer.com\/wp-content\/uploads\/2024\/05\/cropped-LOGO-TERMINADO1-3-3.png","contentUrl":"https:\/\/nuevo-renacer.com\/wp-content\/uploads\/2024\/05\/cropped-LOGO-TERMINADO1-3-3.png","width":512,"height":512,"caption":"UFEC"},"image":{"@id":"https:\/\/nuevo-renacer.com\/#\/schema\/logo\/image\/"},"sameAs":["https:\/\/www.facebook.com\/groups\/3431398063740829"]}]}},"uagb_featured_image_src":{"full":["https:\/\/nuevo-renacer.com\/wp-content\/uploads\/2024\/07\/Design-ohne-Titel-3.png",1284,705,false],"thumbnail":["https:\/\/nuevo-renacer.com\/wp-content\/uploads\/2024\/07\/Design-ohne-Titel-3-150x150.png",150,150,true],"medium":["https:\/\/nuevo-renacer.com\/wp-content\/uploads\/2024\/07\/Design-ohne-Titel-3-300x165.png",300,165,true],"medium_large":["https:\/\/nuevo-renacer.com\/wp-content\/uploads\/2024\/07\/Design-ohne-Titel-3-768x422.png",768,422,true],"large":["https:\/\/nuevo-renacer.com\/wp-content\/uploads\/2024\/07\/Design-ohne-Titel-3-1024x562.png",1024,562,true],"1536x1536":["https:\/\/nuevo-renacer.com\/wp-content\/uploads\/2024\/07\/Design-ohne-Titel-3.png",1284,705,false],"2048x2048":["https:\/\/nuevo-renacer.com\/wp-content\/uploads\/2024\/07\/Design-ohne-Titel-3.png",1284,705,false],"trp-custom-language-flag":["https:\/\/nuevo-renacer.com\/wp-content\/uploads\/2024\/07\/Design-ohne-Titel-3-18x10.png",18,10,true]},"uagb_author_info":{"display_name":"adbv0","author_link":"https:\/\/nuevo-renacer.com\/it\/author\/adbv0\/"},"uagb_comment_info":0,"uagb_excerpt":"El Esp\u00edrita y la Humanidad No se debe olvidar que uno de los primeros mandamientos de la Ley es: Amar\u00e1s al pr\u00f3jimo como a ti mismo. Si bien que es muy dif\u00edcil practicar este mandamiento al pie de la letra, no es menos verdad que los esp\u00edritas est\u00e1n obligados a practicar la caridad con sus&hellip;","jetpack_sharing_enabled":true,"_links":{"self":[{"href":"https:\/\/nuevo-renacer.com\/it\/wp-json\/wp\/v2\/pages\/4059","targetHints":{"allow":["GET"]}}],"collection":[{"href":"https:\/\/nuevo-renacer.com\/it\/wp-json\/wp\/v2\/pages"}],"about":[{"href":"https:\/\/nuevo-renacer.com\/it\/wp-json\/wp\/v2\/types\/page"}],"author":[{"embeddable":true,"href":"https:\/\/nuevo-renacer.com\/it\/wp-json\/wp\/v2\/users\/1"}],"replies":[{"embeddable":true,"href":"https:\/\/nuevo-renacer.com\/it\/wp-json\/wp\/v2\/comments?post=4059"}],"version-history":[{"count":2,"href":"https:\/\/nuevo-renacer.com\/it\/wp-json\/wp\/v2\/pages\/4059\/revisions"}],"predecessor-version":[{"id":4064,"href":"https:\/\/nuevo-renacer.com\/it\/wp-json\/wp\/v2\/pages\/4059\/revisions\/4064"}],"wp:featuredmedia":[{"embeddable":true,"href":"https:\/\/nuevo-renacer.com\/it\/wp-json\/wp\/v2\/media\/4063"}],"wp:attachment":[{"href":"https:\/\/nuevo-renacer.com\/it\/wp-json\/wp\/v2\/media?parent=4059"}],"curies":[{"name":"wp","href":"https:\/\/api.w.org\/{rel}","templated":true}]}}