{"id":4053,"date":"2024-07-19T05:52:11","date_gmt":"2024-07-19T05:52:11","guid":{"rendered":"https:\/\/ufec-mundial.com\/?page_id=4053"},"modified":"2024-07-19T05:52:12","modified_gmt":"2024-07-19T05:52:12","slug":"como-lograremos-ser-bienaventurados","status":"publish","type":"page","link":"https:\/\/nuevo-renacer.com\/it\/como-lograremos-ser-bienaventurados\/","title":{"rendered":"Come potremo diventare beati?"},"content":{"rendered":"<div class=\"wp-block-uagb-container uagb-block-c3830de0 alignfull uagb-is-root-container\"><div class=\"uagb-container-inner-blocks-wrap\">\n<p class=\"has-black-color has-text-color has-link-color has-medium-font-size wp-elements-d3f75370c1711ead84c9d93811be09c8\"><strong>Come potremo diventare beati?<\/strong><\/p>\n<\/div><\/div>\n\n\n\n<div class=\"wp-block-uagb-container uagb-block-bc3ff565 alignfull uagb-is-root-container\"><div class=\"uagb-container-inner-blocks-wrap\">\n<figure class=\"wp-block-image size-full is-resized\"><img fetchpriority=\"high\" decoding=\"async\" width=\"1125\" height=\"1046\" src=\"https:\/\/ufec-mundial.com\/wp-content\/uploads\/2024\/07\/400645926_7109491882404566_6709214791623379716_n.jpg\" alt=\"\" class=\"wp-image-4055\" style=\"width:382px;height:auto\" srcset=\"https:\/\/nuevo-renacer.com\/wp-content\/uploads\/2024\/07\/400645926_7109491882404566_6709214791623379716_n.jpg 1125w, https:\/\/nuevo-renacer.com\/wp-content\/uploads\/2024\/07\/400645926_7109491882404566_6709214791623379716_n-300x279.jpg 300w, https:\/\/nuevo-renacer.com\/wp-content\/uploads\/2024\/07\/400645926_7109491882404566_6709214791623379716_n-768x714.jpg 768w, https:\/\/nuevo-renacer.com\/wp-content\/uploads\/2024\/07\/400645926_7109491882404566_6709214791623379716_n-1024x952.jpg 1024w, https:\/\/nuevo-renacer.com\/wp-content\/uploads\/2024\/07\/400645926_7109491882404566_6709214791623379716_n-13x12.jpg 13w\" sizes=\"(max-width: 1125px) 100vw, 1125px\" \/><\/figure>\n<\/div><\/div>\n\n\n\n<div class=\"wp-block-uagb-container uagb-block-d9de15f2 alignfull uagb-is-root-container\"><div class=\"uagb-container-inner-blocks-wrap\">\n<p class=\"has-black-color has-text-color has-link-color has-small-font-size wp-elements-8b781d83a11176c1a41175d3abb33ebc\">E quando Ges\u00f9 vide una grande folla, sal\u00ec la montagna, e dopo la seduta si avvicin\u00f2 a Lui con i suoi discepoli e insegnava loro dicendo:<\/p>\n\n\n\n<p class=\"has-black-color has-text-color has-link-color has-small-font-size wp-elements-c2140c508f360dd37c4083acddc30e62\">1. &#034;Beati i poveri in Spirito, perch\u00e9 di essi \u00e8 il Regno dei Cieli.&#034; Il Regno dei Cieli \u00e8 per i poveri in Spirito, perch\u00e9 Dio non vuole che l&#039;orgoglioso. Essere orgogliosi significa arroganza, la vanit\u00e0 e l&#039;eccesso di autostima, che a volte disguisable nato di nobile causa e virtuosi; che un tale approccio rende difficile per noi arrivare al Padre. Per questo motivo, Ges\u00f9 chiama i poveri di spirito a tutti coloro che non hanno alcuna superbia.<\/p>\n\n\n\n<p class=\"has-black-color has-text-color has-link-color has-small-font-size wp-elements-16c0879141f332be42a6dc9d2afd6037\">2. &#034;Beati i miti, perch\u00e9 possederanno la Terra&#034;. Mite \u00e8 l&#039;equivalente di essere affabile, gentile, pia, docile e gentile, in contrasto, il violento tratta di avere un genio, strappato o impetuoso, trasportato facilmente da ira. Sappiamo che le persone violente dovr\u00e0 incarnato in mondi inferiori fino a diventare domare; pertanto, scartare qualsiasi tratto violento. Non dimentichiamo che a poco a poco i malvagi saranno cacciati fuori dal Paese, e qui solo di incarnare il bene.<\/p>\n\n\n\n<p class=\"has-black-color has-text-color has-link-color has-small-font-size wp-elements-0aeab66a51655eb6a3065310054c30f9\">3. &#034;Beati quelli che piangono, perch\u00e9 saranno consolati&#034;. La Terra \u00e8 un mondo di espiazione e di prove, che \u00e8 il motivo per cui c&#039;\u00e8 tanta sofferenza. In questo senso, soffrire, sopportare, tollerare o sostenere le prove; - correggere con il loro dolore, il loro dolore, l&#039;angoscia, il dolore, gli errori del passato. Modifica i loro errori soddisfare la divina giustizia. Quindi non perdere di vista che, quando ci liberiamo dei nostri errori, dovremo soffrire e riceveremo soft consolazioni nel mondo spirituale. Non invano, perch\u00e9 Ges\u00f9 ha detto che gli afflitti saranno consolati.<\/p>\n\n\n\n<p class=\"has-black-color has-text-color has-link-color has-small-font-size wp-elements-d2bf9ce69f42fdf8dbd6b8c8d5cd9ed5\">4. &#034;Beati quelli che hanno fame e sete della giustizia, perch\u00e9 saranno saziati&#034;. La giustizia divina \u00e8 incrollabile. Al momento opportuno compensa il giusto o innocente, semplice, e non dannoso per gli altri; tuttavia, punire i colpevoli, o per coloro che deliberatamente del male agli altri. Ecco perch\u00e9 Ges\u00f9 ha detto che il Padre tiene conto di tutti coloro che chiedono giustizia e di rettitudine, e che modo saranno soddisfatti pienamente con i loro desideri, che sopporta bene.<\/p>\n\n\n\n<p class=\"has-black-color has-text-color has-link-color has-small-font-size wp-elements-f9c0d5450bdacd5d1515f5fa96722840\">5. &#034;Beati i misericordiosi, perch\u00e9 otterranno misericordia.&#034; I misericordiosi sono felice perch\u00e9 non usare misericordia verso il prossimo. Chi \u00e8 il tuo vicino di casa con la misericordia oscilla dal lavoro, le miserie e le avversit\u00e0 che ne soffrono. Pertanto, se vogliamo raggiungere la divina misericordia, la mostra di fraternit\u00e0 e di carit\u00e0 per tutti.<\/p>\n\n\n\n<p class=\"has-black-color has-text-color has-link-color has-small-font-size wp-elements-5a03de3632a311f151d1def320d9be6d\">6. &#034;Beati i puri di cuore, perch\u00e9 vedranno Dio&#034;. Sappiamo che Dio \u00e8 puro spirito. Vedere Dio \u00e8 necessario essere noi, troppo puro e onesto, per essere libero ed esente da imperfezioni morali. Siamo consapevoli che una tale condizione di noi, se continuiamo a studiare e a praticare gli insegnamenti divini, che coinvolgono i nostri progressi spirituali e morali; questo \u00e8 l&#039;unico modo per il Padre si prender\u00e0 in considerazione le persone con un cuore puro e pura.<\/p>\n\n\n\n<p class=\"has-black-color has-text-color has-link-color has-small-font-size wp-elements-62db944091f539e0fd397f5f63a57987\">7. &#034;Beati gli operatori di pace, perch\u00e9 saranno chiamati Figli di Dio&#034;. Tranquillo, sono quelli che non fanno nulla di male, n\u00e9 da parole o azioni, che sono calmo e non causano combatte, o discordia. Quando il espirita lavora per la pace e la tranquillit\u00e0 dei dintorni, diventa una persona felice perch\u00e9 convivono in totale armonia l&#039;uno con l&#039;altro; e in vista di tale procedimento, egli deve essere un vero figlio di Dio.<\/p>\n<\/div><\/div>","protected":false},"excerpt":{"rendered":"<p>\u00bfC\u00f3mo lograremos ser bienaventurados? Y viendo Jes\u00fas a la gran multitud, subi\u00f3 el monte y despu\u00e9s de sentarse llegaron hasta \u00c9l sus disc\u00edpulos y \u00c9l les ense\u00f1aba diciendo: 1. \u00abBienaventurados los pobres de Esp\u00edritu; porque de ellos es el Reino de los Cielos\u00bb. El Reino de los Cielos es de los pobres de Esp\u00edritus, porque [&hellip;]<\/p>","protected":false},"author":1,"featured_media":4055,"parent":0,"menu_order":0,"comment_status":"closed","ping_status":"closed","template":"","meta":{"_uag_custom_page_level_css":"","site-sidebar-layout":"default","site-content-layout":"","ast-site-content-layout":"default","site-content-style":"default","site-sidebar-style":"default","ast-global-header-display":"","ast-banner-title-visibility":"","ast-main-header-display":"","ast-hfb-above-header-display":"","ast-hfb-below-header-display":"","ast-hfb-mobile-header-display":"","site-post-title":"","ast-breadcrumbs-content":"","ast-featured-img":"","footer-sml-layout":"","theme-transparent-header-meta":"","adv-header-id-meta":"","stick-header-meta":"","header-above-stick-meta":"","header-main-stick-meta":"","header-below-stick-meta":"","astra-migrate-meta-layouts":"set","ast-page-background-enabled":"default","ast-page-background-meta":{"desktop":{"background-color":"var(--ast-global-color-4)","background-image":"","background-repeat":"repeat","background-position":"center center","background-size":"auto","background-attachment":"scroll","background-type":"","background-media":"","overlay-type":"","overlay-color":"","overlay-opacity":"","overlay-gradient":""},"tablet":{"background-color":"","background-image":"","background-repeat":"repeat","background-position":"center center","background-size":"auto","background-attachment":"scroll","background-type":"","background-media":"","overlay-type":"","overlay-color":"","overlay-opacity":"","overlay-gradient":""},"mobile":{"background-color":"","background-image":"","background-repeat":"repeat","background-position":"center center","background-size":"auto","background-attachment":"scroll","background-type":"","background-media":"","overlay-type":"","overlay-color":"","overlay-opacity":"","overlay-gradient":""}},"ast-content-background-meta":{"desktop":{"background-color":"var(--ast-global-color-5)","background-image":"","background-repeat":"repeat","background-position":"center center","background-size":"auto","background-attachment":"scroll","background-type":"","background-media":"","overlay-type":"","overlay-color":"","overlay-opacity":"","overlay-gradient":""},"tablet":{"background-color":"var(--ast-global-color-5)","background-image":"","background-repeat":"repeat","background-position":"center center","background-size":"auto","background-attachment":"scroll","background-type":"","background-media":"","overlay-type":"","overlay-color":"","overlay-opacity":"","overlay-gradient":""},"mobile":{"background-color":"var(--ast-global-color-5)","background-image":"","background-repeat":"repeat","background-position":"center center","background-size":"auto","background-attachment":"scroll","background-type":"","background-media":"","overlay-type":"","overlay-color":"","overlay-opacity":"","overlay-gradient":""}},"footnotes":""},"class_list":["post-4053","page","type-page","status-publish","has-post-thumbnail","hentry"],"yoast_head":"<!-- This site is optimized with the Yoast SEO Premium plugin v24.2 (Yoast SEO v24.6) - https:\/\/yoast.com\/wordpress\/plugins\/seo\/ -->\n<title>\u00bfC\u00f3mo lograremos ser bienaventurados? - Uni\u00f3n Esp\u00edrita<\/title>\n<meta name=\"robots\" content=\"index, follow, max-snippet:-1, max-image-preview:large, max-video-preview:-1\" \/>\n<link rel=\"canonical\" href=\"https:\/\/nuevo-renacer.com\/it\/como-lograremos-ser-bienaventurados\/\" \/>\n<meta property=\"og:locale\" content=\"it_IT\" \/>\n<meta property=\"og:type\" content=\"article\" \/>\n<meta property=\"og:title\" content=\"\u00bfC\u00f3mo lograremos ser bienaventurados?\" \/>\n<meta property=\"og:description\" content=\"\u00bfC\u00f3mo lograremos ser bienaventurados? Y viendo Jes\u00fas a la gran multitud, subi\u00f3 el monte y despu\u00e9s de sentarse llegaron hasta \u00c9l sus disc\u00edpulos y \u00c9l les ense\u00f1aba diciendo: 1. \u00abBienaventurados los pobres de Esp\u00edritu; porque de ellos es el Reino de los Cielos\u00bb. El Reino de los Cielos es de los pobres de Esp\u00edritus, porque [&hellip;]\" \/>\n<meta property=\"og:url\" content=\"https:\/\/nuevo-renacer.com\/it\/como-lograremos-ser-bienaventurados\/\" \/>\n<meta property=\"og:site_name\" content=\"Uni\u00f3n Esp\u00edrita\" \/>\n<meta property=\"article:publisher\" content=\"https:\/\/www.facebook.com\/groups\/3431398063740829\" \/>\n<meta property=\"article:modified_time\" content=\"2024-07-19T05:52:12+00:00\" \/>\n<meta property=\"og:image\" content=\"https:\/\/nuevo-renacer.com\/wp-content\/uploads\/2024\/07\/400645926_7109491882404566_6709214791623379716_n.jpg\" \/>\n\t<meta property=\"og:image:width\" content=\"1125\" \/>\n\t<meta property=\"og:image:height\" content=\"1046\" \/>\n\t<meta property=\"og:image:type\" content=\"image\/jpeg\" \/>\n<meta name=\"twitter:card\" content=\"summary_large_image\" \/>\n<meta name=\"twitter:label1\" content=\"Tempo di lettura stimato\" \/>\n\t<meta name=\"twitter:data1\" content=\"3 minuti\" \/>\n<script type=\"application\/ld+json\" class=\"yoast-schema-graph\">{\"@context\":\"https:\/\/schema.org\",\"@graph\":[{\"@type\":\"WebPage\",\"@id\":\"https:\/\/nuevo-renacer.com\/como-lograremos-ser-bienaventurados\/\",\"url\":\"https:\/\/nuevo-renacer.com\/como-lograremos-ser-bienaventurados\/\",\"name\":\"\u00bfC\u00f3mo lograremos ser bienaventurados? - Uni\u00f3n Esp\u00edrita\",\"isPartOf\":{\"@id\":\"https:\/\/nuevo-renacer.com\/#website\"},\"primaryImageOfPage\":{\"@id\":\"https:\/\/nuevo-renacer.com\/como-lograremos-ser-bienaventurados\/#primaryimage\"},\"image\":{\"@id\":\"https:\/\/nuevo-renacer.com\/como-lograremos-ser-bienaventurados\/#primaryimage\"},\"thumbnailUrl\":\"https:\/\/nuevo-renacer.com\/wp-content\/uploads\/2024\/07\/400645926_7109491882404566_6709214791623379716_n.jpg\",\"datePublished\":\"2024-07-19T05:52:11+00:00\",\"dateModified\":\"2024-07-19T05:52:12+00:00\",\"breadcrumb\":{\"@id\":\"https:\/\/nuevo-renacer.com\/como-lograremos-ser-bienaventurados\/#breadcrumb\"},\"inLanguage\":\"it-IT\",\"potentialAction\":[{\"@type\":\"ReadAction\",\"target\":[\"https:\/\/nuevo-renacer.com\/como-lograremos-ser-bienaventurados\/\"]}]},{\"@type\":\"ImageObject\",\"inLanguage\":\"it-IT\",\"@id\":\"https:\/\/nuevo-renacer.com\/como-lograremos-ser-bienaventurados\/#primaryimage\",\"url\":\"https:\/\/nuevo-renacer.com\/wp-content\/uploads\/2024\/07\/400645926_7109491882404566_6709214791623379716_n.jpg\",\"contentUrl\":\"https:\/\/nuevo-renacer.com\/wp-content\/uploads\/2024\/07\/400645926_7109491882404566_6709214791623379716_n.jpg\",\"width\":1125,\"height\":1046},{\"@type\":\"BreadcrumbList\",\"@id\":\"https:\/\/nuevo-renacer.com\/como-lograremos-ser-bienaventurados\/#breadcrumb\",\"itemListElement\":[{\"@type\":\"ListItem\",\"position\":1,\"name\":\"Startseite\",\"item\":\"https:\/\/nuevo-renacer.com\/\"},{\"@type\":\"ListItem\",\"position\":2,\"name\":\"\u00bfC\u00f3mo lograremos ser bienaventurados?\"}]},{\"@type\":\"WebSite\",\"@id\":\"https:\/\/nuevo-renacer.com\/#website\",\"url\":\"https:\/\/nuevo-renacer.com\/\",\"name\":\"Uni\u00f3n Esp\u00edrita\",\"description\":\"Nuevo Renacer\",\"publisher\":{\"@id\":\"https:\/\/nuevo-renacer.com\/#organization\"},\"potentialAction\":[{\"@type\":\"SearchAction\",\"target\":{\"@type\":\"EntryPoint\",\"urlTemplate\":\"https:\/\/nuevo-renacer.com\/?s={search_term_string}\"},\"query-input\":{\"@type\":\"PropertyValueSpecification\",\"valueRequired\":true,\"valueName\":\"search_term_string\"}}],\"inLanguage\":\"it-IT\"},{\"@type\":\"Organization\",\"@id\":\"https:\/\/nuevo-renacer.com\/#organization\",\"name\":\"UFEC\",\"url\":\"https:\/\/nuevo-renacer.com\/\",\"logo\":{\"@type\":\"ImageObject\",\"inLanguage\":\"it-IT\",\"@id\":\"https:\/\/nuevo-renacer.com\/#\/schema\/logo\/image\/\",\"url\":\"https:\/\/nuevo-renacer.com\/wp-content\/uploads\/2024\/05\/cropped-LOGO-TERMINADO1-3-3.png\",\"contentUrl\":\"https:\/\/nuevo-renacer.com\/wp-content\/uploads\/2024\/05\/cropped-LOGO-TERMINADO1-3-3.png\",\"width\":512,\"height\":512,\"caption\":\"UFEC\"},\"image\":{\"@id\":\"https:\/\/nuevo-renacer.com\/#\/schema\/logo\/image\/\"},\"sameAs\":[\"https:\/\/www.facebook.com\/groups\/3431398063740829\"]}]}<\/script>\n<!-- \/ Yoast SEO Premium plugin. -->","yoast_head_json":{"title":"\u00bfC\u00f3mo lograremos ser bienaventurados? - Uni\u00f3n Esp\u00edrita","robots":{"index":"index","follow":"follow","max-snippet":"max-snippet:-1","max-image-preview":"max-image-preview:large","max-video-preview":"max-video-preview:-1"},"canonical":"https:\/\/nuevo-renacer.com\/it\/como-lograremos-ser-bienaventurados\/","og_locale":"it_IT","og_type":"article","og_title":"\u00bfC\u00f3mo lograremos ser bienaventurados?","og_description":"\u00bfC\u00f3mo lograremos ser bienaventurados? Y viendo Jes\u00fas a la gran multitud, subi\u00f3 el monte y despu\u00e9s de sentarse llegaron hasta \u00c9l sus disc\u00edpulos y \u00c9l les ense\u00f1aba diciendo: 1. \u00abBienaventurados los pobres de Esp\u00edritu; porque de ellos es el Reino de los Cielos\u00bb. El Reino de los Cielos es de los pobres de Esp\u00edritus, porque [&hellip;]","og_url":"https:\/\/nuevo-renacer.com\/it\/como-lograremos-ser-bienaventurados\/","og_site_name":"Uni\u00f3n Esp\u00edrita","article_publisher":"https:\/\/www.facebook.com\/groups\/3431398063740829","article_modified_time":"2024-07-19T05:52:12+00:00","og_image":[{"width":1125,"height":1046,"url":"https:\/\/nuevo-renacer.com\/wp-content\/uploads\/2024\/07\/400645926_7109491882404566_6709214791623379716_n.jpg","type":"image\/jpeg"}],"twitter_card":"summary_large_image","twitter_misc":{"Tempo di lettura stimato":"3 minuti"},"schema":{"@context":"https:\/\/schema.org","@graph":[{"@type":"WebPage","@id":"https:\/\/nuevo-renacer.com\/como-lograremos-ser-bienaventurados\/","url":"https:\/\/nuevo-renacer.com\/como-lograremos-ser-bienaventurados\/","name":"\u00bfC\u00f3mo lograremos ser bienaventurados? - Uni\u00f3n Esp\u00edrita","isPartOf":{"@id":"https:\/\/nuevo-renacer.com\/#website"},"primaryImageOfPage":{"@id":"https:\/\/nuevo-renacer.com\/como-lograremos-ser-bienaventurados\/#primaryimage"},"image":{"@id":"https:\/\/nuevo-renacer.com\/como-lograremos-ser-bienaventurados\/#primaryimage"},"thumbnailUrl":"https:\/\/nuevo-renacer.com\/wp-content\/uploads\/2024\/07\/400645926_7109491882404566_6709214791623379716_n.jpg","datePublished":"2024-07-19T05:52:11+00:00","dateModified":"2024-07-19T05:52:12+00:00","breadcrumb":{"@id":"https:\/\/nuevo-renacer.com\/como-lograremos-ser-bienaventurados\/#breadcrumb"},"inLanguage":"it-IT","potentialAction":[{"@type":"ReadAction","target":["https:\/\/nuevo-renacer.com\/como-lograremos-ser-bienaventurados\/"]}]},{"@type":"ImageObject","inLanguage":"it-IT","@id":"https:\/\/nuevo-renacer.com\/como-lograremos-ser-bienaventurados\/#primaryimage","url":"https:\/\/nuevo-renacer.com\/wp-content\/uploads\/2024\/07\/400645926_7109491882404566_6709214791623379716_n.jpg","contentUrl":"https:\/\/nuevo-renacer.com\/wp-content\/uploads\/2024\/07\/400645926_7109491882404566_6709214791623379716_n.jpg","width":1125,"height":1046},{"@type":"BreadcrumbList","@id":"https:\/\/nuevo-renacer.com\/como-lograremos-ser-bienaventurados\/#breadcrumb","itemListElement":[{"@type":"ListItem","position":1,"name":"Startseite","item":"https:\/\/nuevo-renacer.com\/"},{"@type":"ListItem","position":2,"name":"\u00bfC\u00f3mo lograremos ser bienaventurados?"}]},{"@type":"WebSite","@id":"https:\/\/nuevo-renacer.com\/#website","url":"https:\/\/nuevo-renacer.com\/","name":"Uni\u00f3n Esp\u00edrita","description":"Nuevo Renacer","publisher":{"@id":"https:\/\/nuevo-renacer.com\/#organization"},"potentialAction":[{"@type":"SearchAction","target":{"@type":"EntryPoint","urlTemplate":"https:\/\/nuevo-renacer.com\/?s={search_term_string}"},"query-input":{"@type":"PropertyValueSpecification","valueRequired":true,"valueName":"search_term_string"}}],"inLanguage":"it-IT"},{"@type":"Organization","@id":"https:\/\/nuevo-renacer.com\/#organization","name":"UFEC","url":"https:\/\/nuevo-renacer.com\/","logo":{"@type":"ImageObject","inLanguage":"it-IT","@id":"https:\/\/nuevo-renacer.com\/#\/schema\/logo\/image\/","url":"https:\/\/nuevo-renacer.com\/wp-content\/uploads\/2024\/05\/cropped-LOGO-TERMINADO1-3-3.png","contentUrl":"https:\/\/nuevo-renacer.com\/wp-content\/uploads\/2024\/05\/cropped-LOGO-TERMINADO1-3-3.png","width":512,"height":512,"caption":"UFEC"},"image":{"@id":"https:\/\/nuevo-renacer.com\/#\/schema\/logo\/image\/"},"sameAs":["https:\/\/www.facebook.com\/groups\/3431398063740829"]}]}},"uagb_featured_image_src":{"full":["https:\/\/nuevo-renacer.com\/wp-content\/uploads\/2024\/07\/400645926_7109491882404566_6709214791623379716_n.jpg",1125,1046,false],"thumbnail":["https:\/\/nuevo-renacer.com\/wp-content\/uploads\/2024\/07\/400645926_7109491882404566_6709214791623379716_n-150x150.jpg",150,150,true],"medium":["https:\/\/nuevo-renacer.com\/wp-content\/uploads\/2024\/07\/400645926_7109491882404566_6709214791623379716_n-300x279.jpg",300,279,true],"medium_large":["https:\/\/nuevo-renacer.com\/wp-content\/uploads\/2024\/07\/400645926_7109491882404566_6709214791623379716_n-768x714.jpg",768,714,true],"large":["https:\/\/nuevo-renacer.com\/wp-content\/uploads\/2024\/07\/400645926_7109491882404566_6709214791623379716_n-1024x952.jpg",1024,952,true],"1536x1536":["https:\/\/nuevo-renacer.com\/wp-content\/uploads\/2024\/07\/400645926_7109491882404566_6709214791623379716_n.jpg",1125,1046,false],"2048x2048":["https:\/\/nuevo-renacer.com\/wp-content\/uploads\/2024\/07\/400645926_7109491882404566_6709214791623379716_n.jpg",1125,1046,false],"trp-custom-language-flag":["https:\/\/nuevo-renacer.com\/wp-content\/uploads\/2024\/07\/400645926_7109491882404566_6709214791623379716_n-13x12.jpg",13,12,true]},"uagb_author_info":{"display_name":"adbv0","author_link":"https:\/\/nuevo-renacer.com\/it\/author\/adbv0\/"},"uagb_comment_info":0,"uagb_excerpt":"\u00bfC\u00f3mo lograremos ser bienaventurados? Y viendo Jes\u00fas a la gran multitud, subi\u00f3 el monte y despu\u00e9s de sentarse llegaron hasta \u00c9l sus disc\u00edpulos y \u00c9l les ense\u00f1aba diciendo: 1. \u00abBienaventurados los pobres de Esp\u00edritu; porque de ellos es el Reino de los Cielos\u00bb. El Reino de los Cielos es de los pobres de Esp\u00edritus, porque&hellip;","jetpack_sharing_enabled":true,"_links":{"self":[{"href":"https:\/\/nuevo-renacer.com\/it\/wp-json\/wp\/v2\/pages\/4053","targetHints":{"allow":["GET"]}}],"collection":[{"href":"https:\/\/nuevo-renacer.com\/it\/wp-json\/wp\/v2\/pages"}],"about":[{"href":"https:\/\/nuevo-renacer.com\/it\/wp-json\/wp\/v2\/types\/page"}],"author":[{"embeddable":true,"href":"https:\/\/nuevo-renacer.com\/it\/wp-json\/wp\/v2\/users\/1"}],"replies":[{"embeddable":true,"href":"https:\/\/nuevo-renacer.com\/it\/wp-json\/wp\/v2\/comments?post=4053"}],"version-history":[{"count":1,"href":"https:\/\/nuevo-renacer.com\/it\/wp-json\/wp\/v2\/pages\/4053\/revisions"}],"predecessor-version":[{"id":4056,"href":"https:\/\/nuevo-renacer.com\/it\/wp-json\/wp\/v2\/pages\/4053\/revisions\/4056"}],"wp:featuredmedia":[{"embeddable":true,"href":"https:\/\/nuevo-renacer.com\/it\/wp-json\/wp\/v2\/media\/4055"}],"wp:attachment":[{"href":"https:\/\/nuevo-renacer.com\/it\/wp-json\/wp\/v2\/media?parent=4053"}],"curies":[{"name":"wp","href":"https:\/\/api.w.org\/{rel}","templated":true}]}}