{"id":4045,"date":"2024-07-18T11:55:10","date_gmt":"2024-07-18T11:55:10","guid":{"rendered":"https:\/\/ufec-mundial.com\/?page_id=4045"},"modified":"2024-09-26T08:15:37","modified_gmt":"2024-09-26T08:15:37","slug":"pase-magnetico","status":"publish","type":"page","link":"https:\/\/nuevo-renacer.com\/it\/pase-magnetico\/","title":{"rendered":"Pase magn\u00e9tico"},"content":{"rendered":"<div class=\"wp-block-uagb-container uagb-block-e1efae8e alignfull uagb-is-root-container\"><div class=\"uagb-container-inner-blocks-wrap\">\n<p class=\"has-black-color has-text-color has-link-color has-medium-font-size wp-elements-0c7668909e21bd836063687b5b549bfc\"><strong>Pase magn\u00e9tico<\/strong><\/p>\n<\/div><\/div>\n\n\n\n<div class=\"wp-block-uagb-container uagb-block-937f6682 alignfull uagb-is-root-container\"><div class=\"uagb-container-inner-blocks-wrap\">\n<figure class=\"wp-block-image size-full is-resized\"><img fetchpriority=\"high\" decoding=\"async\" width=\"557\" height=\"477\" src=\"https:\/\/ufec-mundial.com\/wp-content\/uploads\/2024\/07\/passe-menor.jpg\" alt=\"\" class=\"wp-image-4047\" style=\"width:466px;height:auto\" srcset=\"https:\/\/nuevo-renacer.com\/wp-content\/uploads\/2024\/07\/passe-menor.jpg 557w, https:\/\/nuevo-renacer.com\/wp-content\/uploads\/2024\/07\/passe-menor-300x257.jpg 300w, https:\/\/nuevo-renacer.com\/wp-content\/uploads\/2024\/07\/passe-menor-14x12.jpg 14w\" sizes=\"(max-width: 557px) 100vw, 557px\" \/><\/figure>\n<\/div><\/div>\n\n\n\n<div class=\"wp-block-uagb-container uagb-block-5a96af20 alignfull uagb-is-root-container\"><div class=\"uagb-container-inner-blocks-wrap\">\n<p class=\"has-black-color has-text-color has-link-color has-small-font-size wp-elements-e2ae4b821ab4f8ecb1524c2fceef8342\">En su expresi\u00f3n m\u00e1s simple, es una donaci\u00f3n de energ\u00eda magn\u00e9tica, semejante a la transfusi\u00f3n sangu\u00ednea. Si el paciente est\u00e1 an\u00e9mico, la sangre transferida para sus venas lo revitaliza. Si hay problemas con su Alma, expres\u00e1ndose en angustias y perturbaciones, el pase lo ayuda a recomponerse.&nbsp;<\/p>\n\n\n\n<p class=\"has-black-color has-text-color has-link-color has-small-font-size wp-elements-bb3f021104826c3af78b6c228fd386d1\"><strong>\u00bfC\u00f3mo podemos definir ese magnetismo?&nbsp;<\/strong><\/p>\n\n\n\n<p class=\"has-black-color has-text-color has-link-color has-small-font-size wp-elements-2712ab88ac7491632252060a36f119f5\">Se trata de una forma de energ\u00eda a expandirse de los seres vivos. En el pase ella es controlada y exteriorizada por un acto de voluntad. Es lo que hace el pasista cuando se pone junto al paciente, guardando el prop\u00f3sito de beneficiarlo.&nbsp;<\/p>\n\n\n\n<p class=\"has-black-color has-text-color has-link-color has-small-font-size wp-elements-b3f6cc1fa7a72ae910598e50a68578bc\"><strong>\u00bfEl pasista, es un m\u00e9dium?<\/strong><\/p>\n\n\n\n<p class=\"has-black-color has-text-color has-link-color has-small-font-size wp-elements-7528c7df12d06b18b8aa5ca3a9b2b15a\">No en el sentido literal. El no entra en trance, no act\u00faa como intermediario. Cuenta, sin embargo, con la indispensable colaboraci\u00f3n de benefactores espirituales que controlan el servicio. Ellos emiten un magnetismo espiritual que, asoci\u00e1ndose al magnetismo humano, hace el pase m\u00e1s eficiente.<\/p>\n\n\n\n<p class=\"has-black-color has-text-color has-link-color has-small-font-size wp-elements-0c4b6e79d174ffdd5d50691db5d38562\"><strong>\u00bfEl pase se aplica s\u00f3lo a los problemas del alma?&nbsp;<\/strong><\/p>\n\n\n\n<p class=\"has-black-color has-text-color has-link-color has-small-font-size wp-elements-8fee23125d379e7a56b683b1a6803cce\">Atiende a todos nuestros males, tanto f\u00edsicos como ps\u00edquicos. Cuando la persona no consigue tratar con determinadas situaciones, poni\u00e9ndose tensa y nerviosa, sufre lo que llamar\u00edamos \u201chemorragia magn\u00e9tica\u201d. Pierde vitalidad, haci\u00e9ndose fr\u00e1gil. Se vuelve, entonces, vulnerable a influencias espirituales delet\u00e9reas. Revitaliz\u00e1ndola, el pase la ayuda a superarlos.&nbsp;<\/p>\n\n\n\n<p class=\"has-black-color has-text-color has-link-color has-small-font-size wp-elements-eb8386d2fbc0488c66d326be4a08cd2d\"><strong>\u00bfCu\u00e1l es la condici\u00f3n b\u00e1sica para que el paciente se beneficie?&nbsp;<\/strong><\/p>\n\n\n\n<p class=\"has-black-color has-text-color has-link-color has-small-font-size wp-elements-b57455d3259a0af8e79dcec3154a27ff\">La fe. Eso est\u00e1 bien claro en las lecciones de Jes\u00fas. El acostumbraba a dispensar a los beneficiarios de sus curas dici\u00e9ndoles: T\u00fa fe te salv\u00f3. El Maestro no premiaba la fe. Apenas demostraba que sin ella es dif\u00edcil establecer la indispensable sinton\u00eda con el pasista.&nbsp;<\/p>\n\n\n\n<p class=\"has-black-color has-text-color has-link-color has-small-font-size wp-elements-840a3945732f858f6e64493bfc17700d\"><strong>\u00bfCu\u00e1l debe ser la postura del paciente, en el momento del pase?&nbsp;<\/strong><\/p>\n\n\n\n<p class=\"has-black-color has-text-color has-link-color has-small-font-size wp-elements-157d72411ee1da8d928d92d5535d5c1f\">Orar con fervor, pidiendo la protecci\u00f3n divina. M\u00e1s all\u00e1 de la oraci\u00f3n y de la fe, hay otro factor importante: el merecimiento. Como ense\u00f1aba Jes\u00fas, \u201ca cada uno seg\u00fan sus obras\u201d. Si los sentimientos que cultivamos en aquel momento son importantes, fundamentalmente es el Bien que hagamos siempre.&nbsp;<\/p>\n\n\n\n<p class=\"has-black-color has-text-color has-link-color has-small-font-size wp-elements-6b30da7a36475ef2345fa91d8db9d467\"><strong>\u00bfEl pase corta la \u201chemorragia magn\u00e9tica\u201d?&nbsp;<\/strong><\/p>\n\n\n\n<p class=\"has-black-color has-text-color has-link-color has-small-font-size wp-elements-c614eb01cbac4ccc7d507aa241e4ea6a\">Si el paciente tiene una anemia, derivada de peque\u00f1as hemorragias internas, la transfusi\u00f3n de sangre ser\u00e1 un mero paliativo. Es preciso atacar ese problema, con medicamentos o cirug\u00eda. Algo semejante ocurre con la falta de vitalidad magn\u00e9tica. Las causas deben ser eliminadas. En caso contrario, el tratamiento no tendr\u00e1 efecto duradero.&nbsp;<\/p>\n\n\n\n<p class=\"has-black-color has-text-color has-link-color has-small-font-size wp-elements-be4bcdb936b3d11bdecc86ee10724400\"><strong>\u00bfC\u00f3mo enfrentarse con eso, teniendo en cuenta los problemas y contrariedades del d\u00eda a d\u00eda?&nbsp;<\/strong><\/p>\n\n\n\n<p class=\"has-black-color has-text-color has-link-color has-small-font-size wp-elements-bd334d4a21eceabb5c6a1465605db700\">Nuestros males no derivan de esos sinsabores, inherentes a la existencia humana. El origen est\u00e1 en la manera como tratamos con ellos. Si cultivamos la comprensi\u00f3n, la tolerancia, la paciencia, la caridad y los dem\u00e1s valores insistentemente predicados y ejemplificados por Jes\u00fas, evitaremos desequilibrios verbales y mentales que favorecen los desajustes que nos perturban.&nbsp;<\/p>\n<\/div><\/div>","protected":false},"excerpt":{"rendered":"<p>Pase magn\u00e9tico En su expresi\u00f3n m\u00e1s simple, es una donaci\u00f3n de energ\u00eda magn\u00e9tica, semejante a la transfusi\u00f3n sangu\u00ednea. Si el paciente est\u00e1 an\u00e9mico, la sangre transferida para sus venas lo revitaliza. Si hay problemas con su Alma, expres\u00e1ndose en angustias y perturbaciones, el pase lo ayuda a recomponerse.&nbsp; \u00bfC\u00f3mo podemos definir ese magnetismo?&nbsp; Se trata [&hellip;]<\/p>","protected":false},"author":1,"featured_media":4047,"parent":0,"menu_order":0,"comment_status":"closed","ping_status":"closed","template":"","meta":{"_uag_custom_page_level_css":"","site-sidebar-layout":"default","site-content-layout":"","ast-site-content-layout":"default","site-content-style":"default","site-sidebar-style":"default","ast-global-header-display":"","ast-banner-title-visibility":"","ast-main-header-display":"","ast-hfb-above-header-display":"","ast-hfb-below-header-display":"","ast-hfb-mobile-header-display":"","site-post-title":"","ast-breadcrumbs-content":"","ast-featured-img":"","footer-sml-layout":"","theme-transparent-header-meta":"","adv-header-id-meta":"","stick-header-meta":"","header-above-stick-meta":"","header-main-stick-meta":"","header-below-stick-meta":"","astra-migrate-meta-layouts":"set","ast-page-background-enabled":"default","ast-page-background-meta":{"desktop":{"background-color":"var(--ast-global-color-4)","background-image":"","background-repeat":"repeat","background-position":"center center","background-size":"auto","background-attachment":"scroll","background-type":"","background-media":"","overlay-type":"","overlay-color":"","overlay-opacity":"","overlay-gradient":""},"tablet":{"background-color":"","background-image":"","background-repeat":"repeat","background-position":"center center","background-size":"auto","background-attachment":"scroll","background-type":"","background-media":"","overlay-type":"","overlay-color":"","overlay-opacity":"","overlay-gradient":""},"mobile":{"background-color":"","background-image":"","background-repeat":"repeat","background-position":"center center","background-size":"auto","background-attachment":"scroll","background-type":"","background-media":"","overlay-type":"","overlay-color":"","overlay-opacity":"","overlay-gradient":""}},"ast-content-background-meta":{"desktop":{"background-color":"var(--ast-global-color-5)","background-image":"","background-repeat":"repeat","background-position":"center center","background-size":"auto","background-attachment":"scroll","background-type":"","background-media":"","overlay-type":"","overlay-color":"","overlay-opacity":"","overlay-gradient":""},"tablet":{"background-color":"var(--ast-global-color-5)","background-image":"","background-repeat":"repeat","background-position":"center center","background-size":"auto","background-attachment":"scroll","background-type":"","background-media":"","overlay-type":"","overlay-color":"","overlay-opacity":"","overlay-gradient":""},"mobile":{"background-color":"var(--ast-global-color-5)","background-image":"","background-repeat":"repeat","background-position":"center center","background-size":"auto","background-attachment":"scroll","background-type":"","background-media":"","overlay-type":"","overlay-color":"","overlay-opacity":"","overlay-gradient":""}},"footnotes":""},"class_list":["post-4045","page","type-page","status-publish","has-post-thumbnail","hentry"],"yoast_head":"<!-- This site is optimized with the Yoast SEO Premium plugin v24.2 (Yoast SEO v24.6) - https:\/\/yoast.com\/wordpress\/plugins\/seo\/ -->\n<title>Pase magn\u00e9tico - Uni\u00f3n Esp\u00edrita<\/title>\n<meta name=\"robots\" content=\"index, follow, max-snippet:-1, max-image-preview:large, max-video-preview:-1\" \/>\n<link rel=\"canonical\" href=\"https:\/\/nuevo-renacer.com\/it\/pase-magnetico\/\" \/>\n<meta property=\"og:locale\" content=\"it_IT\" \/>\n<meta property=\"og:type\" content=\"article\" \/>\n<meta property=\"og:title\" content=\"Pase magn\u00e9tico\" \/>\n<meta property=\"og:description\" content=\"Pase magn\u00e9tico En su expresi\u00f3n m\u00e1s simple, es una donaci\u00f3n de energ\u00eda magn\u00e9tica, semejante a la transfusi\u00f3n sangu\u00ednea. Si el paciente est\u00e1 an\u00e9mico, la sangre transferida para sus venas lo revitaliza. Si hay problemas con su Alma, expres\u00e1ndose en angustias y perturbaciones, el pase lo ayuda a recomponerse.&nbsp; \u00bfC\u00f3mo podemos definir ese magnetismo?&nbsp; Se trata [&hellip;]\" \/>\n<meta property=\"og:url\" content=\"https:\/\/nuevo-renacer.com\/it\/pase-magnetico\/\" \/>\n<meta property=\"og:site_name\" content=\"Uni\u00f3n Esp\u00edrita\" \/>\n<meta property=\"article:publisher\" content=\"https:\/\/www.facebook.com\/groups\/3431398063740829\" \/>\n<meta property=\"article:modified_time\" content=\"2024-09-26T08:15:37+00:00\" \/>\n<meta property=\"og:image\" content=\"https:\/\/nuevo-renacer.com\/wp-content\/uploads\/2024\/07\/passe-menor.jpg\" \/>\n\t<meta property=\"og:image:width\" content=\"557\" \/>\n\t<meta property=\"og:image:height\" content=\"477\" \/>\n\t<meta property=\"og:image:type\" content=\"image\/jpeg\" \/>\n<meta name=\"twitter:card\" content=\"summary_large_image\" \/>\n<meta name=\"twitter:label1\" content=\"Tempo di lettura stimato\" \/>\n\t<meta name=\"twitter:data1\" content=\"3 minuti\" \/>\n<script type=\"application\/ld+json\" class=\"yoast-schema-graph\">{\"@context\":\"https:\/\/schema.org\",\"@graph\":[{\"@type\":\"WebPage\",\"@id\":\"https:\/\/nuevo-renacer.com\/pase-magnetico\/\",\"url\":\"https:\/\/nuevo-renacer.com\/pase-magnetico\/\",\"name\":\"Pase magn\u00e9tico - Uni\u00f3n Esp\u00edrita\",\"isPartOf\":{\"@id\":\"https:\/\/nuevo-renacer.com\/#website\"},\"primaryImageOfPage\":{\"@id\":\"https:\/\/nuevo-renacer.com\/pase-magnetico\/#primaryimage\"},\"image\":{\"@id\":\"https:\/\/nuevo-renacer.com\/pase-magnetico\/#primaryimage\"},\"thumbnailUrl\":\"https:\/\/nuevo-renacer.com\/wp-content\/uploads\/2024\/07\/passe-menor.jpg\",\"datePublished\":\"2024-07-18T11:55:10+00:00\",\"dateModified\":\"2024-09-26T08:15:37+00:00\",\"breadcrumb\":{\"@id\":\"https:\/\/nuevo-renacer.com\/pase-magnetico\/#breadcrumb\"},\"inLanguage\":\"it-IT\",\"potentialAction\":[{\"@type\":\"ReadAction\",\"target\":[\"https:\/\/nuevo-renacer.com\/pase-magnetico\/\"]}]},{\"@type\":\"ImageObject\",\"inLanguage\":\"it-IT\",\"@id\":\"https:\/\/nuevo-renacer.com\/pase-magnetico\/#primaryimage\",\"url\":\"https:\/\/nuevo-renacer.com\/wp-content\/uploads\/2024\/07\/passe-menor.jpg\",\"contentUrl\":\"https:\/\/nuevo-renacer.com\/wp-content\/uploads\/2024\/07\/passe-menor.jpg\",\"width\":557,\"height\":477},{\"@type\":\"BreadcrumbList\",\"@id\":\"https:\/\/nuevo-renacer.com\/pase-magnetico\/#breadcrumb\",\"itemListElement\":[{\"@type\":\"ListItem\",\"position\":1,\"name\":\"Startseite\",\"item\":\"https:\/\/nuevo-renacer.com\/\"},{\"@type\":\"ListItem\",\"position\":2,\"name\":\"Pase magn\u00e9tico\"}]},{\"@type\":\"WebSite\",\"@id\":\"https:\/\/nuevo-renacer.com\/#website\",\"url\":\"https:\/\/nuevo-renacer.com\/\",\"name\":\"Uni\u00f3n Esp\u00edrita\",\"description\":\"Nuevo Renacer\",\"publisher\":{\"@id\":\"https:\/\/nuevo-renacer.com\/#organization\"},\"potentialAction\":[{\"@type\":\"SearchAction\",\"target\":{\"@type\":\"EntryPoint\",\"urlTemplate\":\"https:\/\/nuevo-renacer.com\/?s={search_term_string}\"},\"query-input\":{\"@type\":\"PropertyValueSpecification\",\"valueRequired\":true,\"valueName\":\"search_term_string\"}}],\"inLanguage\":\"it-IT\"},{\"@type\":\"Organization\",\"@id\":\"https:\/\/nuevo-renacer.com\/#organization\",\"name\":\"UFEC\",\"url\":\"https:\/\/nuevo-renacer.com\/\",\"logo\":{\"@type\":\"ImageObject\",\"inLanguage\":\"it-IT\",\"@id\":\"https:\/\/nuevo-renacer.com\/#\/schema\/logo\/image\/\",\"url\":\"https:\/\/nuevo-renacer.com\/wp-content\/uploads\/2024\/05\/cropped-LOGO-TERMINADO1-3-3.png\",\"contentUrl\":\"https:\/\/nuevo-renacer.com\/wp-content\/uploads\/2024\/05\/cropped-LOGO-TERMINADO1-3-3.png\",\"width\":512,\"height\":512,\"caption\":\"UFEC\"},\"image\":{\"@id\":\"https:\/\/nuevo-renacer.com\/#\/schema\/logo\/image\/\"},\"sameAs\":[\"https:\/\/www.facebook.com\/groups\/3431398063740829\"]}]}<\/script>\n<!-- \/ Yoast SEO Premium plugin. -->","yoast_head_json":{"title":"Pase magn\u00e9tico - Uni\u00f3n Esp\u00edrita","robots":{"index":"index","follow":"follow","max-snippet":"max-snippet:-1","max-image-preview":"max-image-preview:large","max-video-preview":"max-video-preview:-1"},"canonical":"https:\/\/nuevo-renacer.com\/it\/pase-magnetico\/","og_locale":"it_IT","og_type":"article","og_title":"Pase magn\u00e9tico","og_description":"Pase magn\u00e9tico En su expresi\u00f3n m\u00e1s simple, es una donaci\u00f3n de energ\u00eda magn\u00e9tica, semejante a la transfusi\u00f3n sangu\u00ednea. Si el paciente est\u00e1 an\u00e9mico, la sangre transferida para sus venas lo revitaliza. Si hay problemas con su Alma, expres\u00e1ndose en angustias y perturbaciones, el pase lo ayuda a recomponerse.&nbsp; \u00bfC\u00f3mo podemos definir ese magnetismo?&nbsp; Se trata [&hellip;]","og_url":"https:\/\/nuevo-renacer.com\/it\/pase-magnetico\/","og_site_name":"Uni\u00f3n Esp\u00edrita","article_publisher":"https:\/\/www.facebook.com\/groups\/3431398063740829","article_modified_time":"2024-09-26T08:15:37+00:00","og_image":[{"width":557,"height":477,"url":"https:\/\/nuevo-renacer.com\/wp-content\/uploads\/2024\/07\/passe-menor.jpg","type":"image\/jpeg"}],"twitter_card":"summary_large_image","twitter_misc":{"Tempo di lettura stimato":"3 minuti"},"schema":{"@context":"https:\/\/schema.org","@graph":[{"@type":"WebPage","@id":"https:\/\/nuevo-renacer.com\/pase-magnetico\/","url":"https:\/\/nuevo-renacer.com\/pase-magnetico\/","name":"Pase magn\u00e9tico - Uni\u00f3n Esp\u00edrita","isPartOf":{"@id":"https:\/\/nuevo-renacer.com\/#website"},"primaryImageOfPage":{"@id":"https:\/\/nuevo-renacer.com\/pase-magnetico\/#primaryimage"},"image":{"@id":"https:\/\/nuevo-renacer.com\/pase-magnetico\/#primaryimage"},"thumbnailUrl":"https:\/\/nuevo-renacer.com\/wp-content\/uploads\/2024\/07\/passe-menor.jpg","datePublished":"2024-07-18T11:55:10+00:00","dateModified":"2024-09-26T08:15:37+00:00","breadcrumb":{"@id":"https:\/\/nuevo-renacer.com\/pase-magnetico\/#breadcrumb"},"inLanguage":"it-IT","potentialAction":[{"@type":"ReadAction","target":["https:\/\/nuevo-renacer.com\/pase-magnetico\/"]}]},{"@type":"ImageObject","inLanguage":"it-IT","@id":"https:\/\/nuevo-renacer.com\/pase-magnetico\/#primaryimage","url":"https:\/\/nuevo-renacer.com\/wp-content\/uploads\/2024\/07\/passe-menor.jpg","contentUrl":"https:\/\/nuevo-renacer.com\/wp-content\/uploads\/2024\/07\/passe-menor.jpg","width":557,"height":477},{"@type":"BreadcrumbList","@id":"https:\/\/nuevo-renacer.com\/pase-magnetico\/#breadcrumb","itemListElement":[{"@type":"ListItem","position":1,"name":"Startseite","item":"https:\/\/nuevo-renacer.com\/"},{"@type":"ListItem","position":2,"name":"Pase magn\u00e9tico"}]},{"@type":"WebSite","@id":"https:\/\/nuevo-renacer.com\/#website","url":"https:\/\/nuevo-renacer.com\/","name":"Uni\u00f3n Esp\u00edrita","description":"Nuevo Renacer","publisher":{"@id":"https:\/\/nuevo-renacer.com\/#organization"},"potentialAction":[{"@type":"SearchAction","target":{"@type":"EntryPoint","urlTemplate":"https:\/\/nuevo-renacer.com\/?s={search_term_string}"},"query-input":{"@type":"PropertyValueSpecification","valueRequired":true,"valueName":"search_term_string"}}],"inLanguage":"it-IT"},{"@type":"Organization","@id":"https:\/\/nuevo-renacer.com\/#organization","name":"UFEC","url":"https:\/\/nuevo-renacer.com\/","logo":{"@type":"ImageObject","inLanguage":"it-IT","@id":"https:\/\/nuevo-renacer.com\/#\/schema\/logo\/image\/","url":"https:\/\/nuevo-renacer.com\/wp-content\/uploads\/2024\/05\/cropped-LOGO-TERMINADO1-3-3.png","contentUrl":"https:\/\/nuevo-renacer.com\/wp-content\/uploads\/2024\/05\/cropped-LOGO-TERMINADO1-3-3.png","width":512,"height":512,"caption":"UFEC"},"image":{"@id":"https:\/\/nuevo-renacer.com\/#\/schema\/logo\/image\/"},"sameAs":["https:\/\/www.facebook.com\/groups\/3431398063740829"]}]}},"uagb_featured_image_src":{"full":["https:\/\/nuevo-renacer.com\/wp-content\/uploads\/2024\/07\/passe-menor.jpg",557,477,false],"thumbnail":["https:\/\/nuevo-renacer.com\/wp-content\/uploads\/2024\/07\/passe-menor-150x150.jpg",150,150,true],"medium":["https:\/\/nuevo-renacer.com\/wp-content\/uploads\/2024\/07\/passe-menor-300x257.jpg",300,257,true],"medium_large":["https:\/\/nuevo-renacer.com\/wp-content\/uploads\/2024\/07\/passe-menor.jpg",557,477,false],"large":["https:\/\/nuevo-renacer.com\/wp-content\/uploads\/2024\/07\/passe-menor.jpg",557,477,false],"1536x1536":["https:\/\/nuevo-renacer.com\/wp-content\/uploads\/2024\/07\/passe-menor.jpg",557,477,false],"2048x2048":["https:\/\/nuevo-renacer.com\/wp-content\/uploads\/2024\/07\/passe-menor.jpg",557,477,false],"trp-custom-language-flag":["https:\/\/nuevo-renacer.com\/wp-content\/uploads\/2024\/07\/passe-menor-14x12.jpg",14,12,true]},"uagb_author_info":{"display_name":"adbv0","author_link":"https:\/\/nuevo-renacer.com\/it\/author\/adbv0\/"},"uagb_comment_info":0,"uagb_excerpt":"Pase magn\u00e9tico En su expresi\u00f3n m\u00e1s simple, es una donaci\u00f3n de energ\u00eda magn\u00e9tica, semejante a la transfusi\u00f3n sangu\u00ednea. Si el paciente est\u00e1 an\u00e9mico, la sangre transferida para sus venas lo revitaliza. Si hay problemas con su Alma, expres\u00e1ndose en angustias y perturbaciones, el pase lo ayuda a recomponerse.&nbsp; \u00bfC\u00f3mo podemos definir ese magnetismo?&nbsp; Se trata&hellip;","jetpack_sharing_enabled":true,"_links":{"self":[{"href":"https:\/\/nuevo-renacer.com\/it\/wp-json\/wp\/v2\/pages\/4045","targetHints":{"allow":["GET"]}}],"collection":[{"href":"https:\/\/nuevo-renacer.com\/it\/wp-json\/wp\/v2\/pages"}],"about":[{"href":"https:\/\/nuevo-renacer.com\/it\/wp-json\/wp\/v2\/types\/page"}],"author":[{"embeddable":true,"href":"https:\/\/nuevo-renacer.com\/it\/wp-json\/wp\/v2\/users\/1"}],"replies":[{"embeddable":true,"href":"https:\/\/nuevo-renacer.com\/it\/wp-json\/wp\/v2\/comments?post=4045"}],"version-history":[{"count":5,"href":"https:\/\/nuevo-renacer.com\/it\/wp-json\/wp\/v2\/pages\/4045\/revisions"}],"predecessor-version":[{"id":5170,"href":"https:\/\/nuevo-renacer.com\/it\/wp-json\/wp\/v2\/pages\/4045\/revisions\/5170"}],"wp:featuredmedia":[{"embeddable":true,"href":"https:\/\/nuevo-renacer.com\/it\/wp-json\/wp\/v2\/media\/4047"}],"wp:attachment":[{"href":"https:\/\/nuevo-renacer.com\/it\/wp-json\/wp\/v2\/media?parent=4045"}],"curies":[{"name":"wp","href":"https:\/\/api.w.org\/{rel}","templated":true}]}}