{"id":4034,"date":"2024-07-18T11:35:17","date_gmt":"2024-07-18T11:35:17","guid":{"rendered":"https:\/\/ufec-mundial.com\/?page_id=4034"},"modified":"2024-07-18T11:38:46","modified_gmt":"2024-07-18T11:38:46","slug":"influencias-ambientes","status":"publish","type":"page","link":"https:\/\/nuevo-renacer.com\/it\/influencias-ambientes\/","title":{"rendered":"Influencias Ambientes"},"content":{"rendered":"<div class=\"wp-block-uagb-container uagb-block-f0ba4ee8 alignfull uagb-is-root-container\"><div class=\"uagb-container-inner-blocks-wrap\">\n<p class=\"has-black-color has-text-color has-link-color has-medium-font-size wp-elements-d0f70c11828938a00d5b057c253262ba\"><strong>Influencias Ambientes<\/strong><\/p>\n<\/div><\/div>\n\n\n\n<div class=\"wp-block-uagb-container uagb-block-624955bb alignfull uagb-is-root-container\"><div class=\"uagb-container-inner-blocks-wrap\">\n<figure class=\"wp-block-image size-full is-resized\"><img fetchpriority=\"high\" decoding=\"async\" width=\"770\" height=\"433\" src=\"https:\/\/ufec-mundial.com\/wp-content\/uploads\/2024\/07\/0012762735-1.jpg\" alt=\"\" class=\"wp-image-4039\" style=\"width:407px;height:auto\" srcset=\"https:\/\/nuevo-renacer.com\/wp-content\/uploads\/2024\/07\/0012762735-1.jpg 770w, https:\/\/nuevo-renacer.com\/wp-content\/uploads\/2024\/07\/0012762735-1-300x169.jpg 300w, https:\/\/nuevo-renacer.com\/wp-content\/uploads\/2024\/07\/0012762735-1-768x432.jpg 768w, https:\/\/nuevo-renacer.com\/wp-content\/uploads\/2024\/07\/0012762735-1-18x10.jpg 18w\" sizes=\"(max-width: 770px) 100vw, 770px\" \/><\/figure>\n<\/div><\/div>\n\n\n\n<div class=\"wp-block-uagb-container uagb-block-b9ef915a alignfull uagb-is-root-container\"><div class=\"uagb-container-inner-blocks-wrap\">\n<p class=\"has-black-color has-text-color has-link-color has-small-font-size wp-elements-e5ed6d2becc8866a83b8fa5ca91c98f6\"><strong>Es dif\u00edcil encontrar personas que guardan perfecta estabilidad emocional y f\u00edsica. \u00bfTiene algo que ver con la sensibilidad medi\u00famnica?<\/strong><\/p>\n\n\n\n<p class=\"has-black-color has-text-color has-link-color has-small-font-size wp-elements-beae9c2c9029de86ea5738972b3a3d6c\">Tiene mucho que ver. Vivimos sumergidos en un oc\u00e9ano de vibraciones mentales, emitidas por Esp\u00edritus encarnados y desencarnados. As\u00ed como podemos ser contaminados por virus y bacterias, tambi\u00e9n sufrimos contaminaciones espirituales que generan alteraciones en nuestros estados de \u00e1nimo.<\/p>\n\n\n\n<p class=\"has-black-color has-text-color has-link-color has-small-font-size wp-elements-4f2d82d89bf40946131978c796662955\"><strong>\u00bfEso explica por qu\u00e9 las personas tienden a quedarse deprimidas en un velatorio y feliz en un casamiento?<\/strong><\/p>\n\n\n\n<p class=\"has-black-color has-text-color has-link-color has-small-font-size wp-elements-b8a28082a0f5419cf61431f0b38a1ada\">Sin duda. El ambiente y las situaciones ejercen gran influencia.<\/p>\n\n\n\n<p class=\"has-black-color has-text-color has-link-color has-small-font-size wp-elements-21ca1a3e6c9fa2637f42cf750b32080d\"><strong>\u00bfExplica, tambi\u00e9n, las atrocidades cometidas por soldados en una guerra?<\/strong><\/p>\n\n\n\n<p class=\"has-black-color has-text-color has-link-color has-small-font-size wp-elements-3c44968412247009b214ab4ba989c7c6\">La produce lamentables epidemias de maldad, en base a nuestra inferioridad. La crueldad tiene libre acceso en corazones aun dominados por los impulsos instintivos de la animalidad. Se propaga con la rapidez de una mecha de p\u00f3lvora.<\/p>\n\n\n\n<p class=\"has-black-color has-text-color has-link-color has-small-font-size wp-elements-ee76659042ee5e03073d3e8e92bef14d\"><strong>En el hogar parece ocurrir algo semejante, cuando las personas pierden el control y se agraden con gritos y palabrotas, no es de extra\u00f1ar que se d\u00e9 la agresi\u00f3n f\u00edsica\u2026<\/strong><\/p>\n\n\n\n<p class=\"has-black-color has-text-color has-link-color has-small-font-size wp-elements-58829125a3adad3a3a8350db14921c0d\">En ning\u00fan otro lugar demostramos con mayor propiedad nuestra inferioridad. En el hogar se rompe la m\u00e1scara social. Las personas muestran lo que son. Como no hay santos en la Tierra, se perturba el ambiente, favoreciendo contaminaciones de agresividad, que envuelven a los miembros de la casa.<\/p>\n\n\n\n<p class=\"has-black-color has-text-color has-link-color has-small-font-size wp-elements-6d6ab15f6496a6d16121ef27b2fe6f54\"><strong>\u00bfC\u00f3mo evitar eso?<\/strong><\/p>\n\n\n\n<p class=\"has-black-color has-text-color has-link-color has-small-font-size wp-elements-8f7a59260765a28ebfc5093f2d86695d\">Es necesario desarrollar y fortalecer defensas espirituales, elevando nuestro patr\u00f3n vibratorio, sintonizando en una frecuencia que nos coloque por encima de las perturbaciones del ambiente.<\/p>\n\n\n\n<p class=\"has-black-color has-text-color has-link-color has-small-font-size wp-elements-ee68f425f84cfdd56863fc14bed3eb95\"><strong>\u00bfC\u00f3mo funciona esa cuesti\u00f3n de sinton\u00eda?<\/strong><\/p>\n\n\n\n<p class=\"has-black-color has-text-color has-link-color has-small-font-size wp-elements-73b746d9c580094d33d4dd8987c830eb\">Tomemos, por ejemplo, las ondas hertzianas, en las transmisiones radiof\u00f3nicas. Ellas se expanden dentro de una frecuencia espec\u00edfica. Para o\u00edr una determinada emisora giramos el dial y la sintonizamos. Nuestra mente es un poderoso emisor y receptor de vibraciones y tendremos que sintonizar con multitudes que se afinan mentalmente con nosotros.<\/p>\n\n\n\n<p class=\"has-black-color has-text-color has-link-color has-small-font-size wp-elements-bd9e2cd0791ee6da115596f29e439265\"><strong>\u00bfQu\u00e9 providencias debemos tomar para tener una sinton\u00eda saludable?<\/strong><\/p>\n\n\n\n<p class=\"has-black-color has-text-color has-link-color has-small-font-size wp-elements-a9065829eec360da02612ef87345b1ad\">Consideremos, en principio, que ella es determinada por la naturaleza de nuestros pensamientos. Recordando al viejo dicho \u201cdime con qui\u00e9n andas y te dir\u00e9 qui\u00e9n eres\u201d, podemos afirmar \u201cdime la naturaleza de tus pensamientos y te dir\u00e9 que influencias ir\u00e1s asimilando\u201d.<\/p>\n\n\n\n<p class=\"has-black-color has-text-color has-link-color has-small-font-size wp-elements-c3c037cf5bc55d0ec62a4624e51f7f3c\">\u00bf<strong>Eso significa que equilibrio y desequilibrio, paz o inquietud, alegr\u00eda o tristeza, agresividad o mansedumbre, dependen esencialmente de nosotros?<\/strong><\/p>\n\n\n\n<p class=\"has-black-color has-text-color has-link-color has-small-font-size wp-elements-8484fcc9c3a0551747c6debcaea81478\">Exactamente. Aunque nuestros problemas f\u00edsicos y ps\u00edquicos puedan ser ampliados por influencias ambientes, el origen de ellos est\u00e1 en nuestra manera de pensar y obrar. Si queremos el Bien en nuestra vida, es fundamental que pensemos y realicemos el Bien.<\/p>\n<\/div><\/div>","protected":false},"excerpt":{"rendered":"<p>Influencias Ambientes Es dif\u00edcil encontrar personas que guardan perfecta estabilidad emocional y f\u00edsica. \u00bfTiene algo que ver con la sensibilidad medi\u00famnica? Tiene mucho que ver. Vivimos sumergidos en un oc\u00e9ano de vibraciones mentales, emitidas por Esp\u00edritus encarnados y desencarnados. As\u00ed como podemos ser contaminados por virus y bacterias, tambi\u00e9n sufrimos contaminaciones espirituales que generan alteraciones [&hellip;]<\/p>","protected":false},"author":1,"featured_media":4039,"parent":0,"menu_order":0,"comment_status":"closed","ping_status":"closed","template":"","meta":{"_uag_custom_page_level_css":"","site-sidebar-layout":"default","site-content-layout":"","ast-site-content-layout":"default","site-content-style":"default","site-sidebar-style":"default","ast-global-header-display":"","ast-banner-title-visibility":"","ast-main-header-display":"","ast-hfb-above-header-display":"","ast-hfb-below-header-display":"","ast-hfb-mobile-header-display":"","site-post-title":"","ast-breadcrumbs-content":"","ast-featured-img":"","footer-sml-layout":"","theme-transparent-header-meta":"","adv-header-id-meta":"","stick-header-meta":"","header-above-stick-meta":"","header-main-stick-meta":"","header-below-stick-meta":"","astra-migrate-meta-layouts":"set","ast-page-background-enabled":"default","ast-page-background-meta":{"desktop":{"background-color":"var(--ast-global-color-4)","background-image":"","background-repeat":"repeat","background-position":"center center","background-size":"auto","background-attachment":"scroll","background-type":"","background-media":"","overlay-type":"","overlay-color":"","overlay-opacity":"","overlay-gradient":""},"tablet":{"background-color":"","background-image":"","background-repeat":"repeat","background-position":"center center","background-size":"auto","background-attachment":"scroll","background-type":"","background-media":"","overlay-type":"","overlay-color":"","overlay-opacity":"","overlay-gradient":""},"mobile":{"background-color":"","background-image":"","background-repeat":"repeat","background-position":"center center","background-size":"auto","background-attachment":"scroll","background-type":"","background-media":"","overlay-type":"","overlay-color":"","overlay-opacity":"","overlay-gradient":""}},"ast-content-background-meta":{"desktop":{"background-color":"var(--ast-global-color-5)","background-image":"","background-repeat":"repeat","background-position":"center center","background-size":"auto","background-attachment":"scroll","background-type":"","background-media":"","overlay-type":"","overlay-color":"","overlay-opacity":"","overlay-gradient":""},"tablet":{"background-color":"var(--ast-global-color-5)","background-image":"","background-repeat":"repeat","background-position":"center center","background-size":"auto","background-attachment":"scroll","background-type":"","background-media":"","overlay-type":"","overlay-color":"","overlay-opacity":"","overlay-gradient":""},"mobile":{"background-color":"var(--ast-global-color-5)","background-image":"","background-repeat":"repeat","background-position":"center center","background-size":"auto","background-attachment":"scroll","background-type":"","background-media":"","overlay-type":"","overlay-color":"","overlay-opacity":"","overlay-gradient":""}},"footnotes":""},"class_list":["post-4034","page","type-page","status-publish","has-post-thumbnail","hentry"],"yoast_head":"<!-- This site is optimized with the Yoast SEO Premium plugin v24.2 (Yoast SEO v24.6) - https:\/\/yoast.com\/wordpress\/plugins\/seo\/ -->\n<title>Influencias Ambientes - Uni\u00f3n Esp\u00edrita<\/title>\n<meta name=\"robots\" content=\"index, follow, max-snippet:-1, max-image-preview:large, max-video-preview:-1\" \/>\n<link rel=\"canonical\" href=\"https:\/\/nuevo-renacer.com\/it\/influencias-ambientes\/\" \/>\n<meta property=\"og:locale\" content=\"it_IT\" \/>\n<meta property=\"og:type\" content=\"article\" \/>\n<meta property=\"og:title\" content=\"Influencias Ambientes\" \/>\n<meta property=\"og:description\" content=\"Influencias Ambientes Es dif\u00edcil encontrar personas que guardan perfecta estabilidad emocional y f\u00edsica. \u00bfTiene algo que ver con la sensibilidad medi\u00famnica? Tiene mucho que ver. Vivimos sumergidos en un oc\u00e9ano de vibraciones mentales, emitidas por Esp\u00edritus encarnados y desencarnados. As\u00ed como podemos ser contaminados por virus y bacterias, tambi\u00e9n sufrimos contaminaciones espirituales que generan alteraciones [&hellip;]\" \/>\n<meta property=\"og:url\" content=\"https:\/\/nuevo-renacer.com\/it\/influencias-ambientes\/\" \/>\n<meta property=\"og:site_name\" content=\"Uni\u00f3n Esp\u00edrita\" \/>\n<meta property=\"article:publisher\" content=\"https:\/\/www.facebook.com\/groups\/3431398063740829\" \/>\n<meta property=\"article:modified_time\" content=\"2024-07-18T11:38:46+00:00\" \/>\n<meta property=\"og:image\" content=\"https:\/\/nuevo-renacer.com\/wp-content\/uploads\/2024\/07\/0012762735-1.jpg\" \/>\n\t<meta property=\"og:image:width\" content=\"770\" \/>\n\t<meta property=\"og:image:height\" content=\"433\" \/>\n\t<meta property=\"og:image:type\" content=\"image\/jpeg\" \/>\n<meta name=\"twitter:card\" content=\"summary_large_image\" \/>\n<meta name=\"twitter:label1\" content=\"Tempo di lettura stimato\" \/>\n\t<meta name=\"twitter:data1\" content=\"2 minuti\" \/>\n<script type=\"application\/ld+json\" class=\"yoast-schema-graph\">{\"@context\":\"https:\/\/schema.org\",\"@graph\":[{\"@type\":\"WebPage\",\"@id\":\"https:\/\/nuevo-renacer.com\/influencias-ambientes\/\",\"url\":\"https:\/\/nuevo-renacer.com\/influencias-ambientes\/\",\"name\":\"Influencias Ambientes - Uni\u00f3n Esp\u00edrita\",\"isPartOf\":{\"@id\":\"https:\/\/nuevo-renacer.com\/#website\"},\"primaryImageOfPage\":{\"@id\":\"https:\/\/nuevo-renacer.com\/influencias-ambientes\/#primaryimage\"},\"image\":{\"@id\":\"https:\/\/nuevo-renacer.com\/influencias-ambientes\/#primaryimage\"},\"thumbnailUrl\":\"https:\/\/nuevo-renacer.com\/wp-content\/uploads\/2024\/07\/0012762735-1.jpg\",\"datePublished\":\"2024-07-18T11:35:17+00:00\",\"dateModified\":\"2024-07-18T11:38:46+00:00\",\"breadcrumb\":{\"@id\":\"https:\/\/nuevo-renacer.com\/influencias-ambientes\/#breadcrumb\"},\"inLanguage\":\"it-IT\",\"potentialAction\":[{\"@type\":\"ReadAction\",\"target\":[\"https:\/\/nuevo-renacer.com\/influencias-ambientes\/\"]}]},{\"@type\":\"ImageObject\",\"inLanguage\":\"it-IT\",\"@id\":\"https:\/\/nuevo-renacer.com\/influencias-ambientes\/#primaryimage\",\"url\":\"https:\/\/nuevo-renacer.com\/wp-content\/uploads\/2024\/07\/0012762735-1.jpg\",\"contentUrl\":\"https:\/\/nuevo-renacer.com\/wp-content\/uploads\/2024\/07\/0012762735-1.jpg\",\"width\":770,\"height\":433},{\"@type\":\"BreadcrumbList\",\"@id\":\"https:\/\/nuevo-renacer.com\/influencias-ambientes\/#breadcrumb\",\"itemListElement\":[{\"@type\":\"ListItem\",\"position\":1,\"name\":\"Startseite\",\"item\":\"https:\/\/nuevo-renacer.com\/\"},{\"@type\":\"ListItem\",\"position\":2,\"name\":\"Influencias Ambientes\"}]},{\"@type\":\"WebSite\",\"@id\":\"https:\/\/nuevo-renacer.com\/#website\",\"url\":\"https:\/\/nuevo-renacer.com\/\",\"name\":\"Uni\u00f3n Esp\u00edrita\",\"description\":\"Nuevo Renacer\",\"publisher\":{\"@id\":\"https:\/\/nuevo-renacer.com\/#organization\"},\"potentialAction\":[{\"@type\":\"SearchAction\",\"target\":{\"@type\":\"EntryPoint\",\"urlTemplate\":\"https:\/\/nuevo-renacer.com\/?s={search_term_string}\"},\"query-input\":{\"@type\":\"PropertyValueSpecification\",\"valueRequired\":true,\"valueName\":\"search_term_string\"}}],\"inLanguage\":\"it-IT\"},{\"@type\":\"Organization\",\"@id\":\"https:\/\/nuevo-renacer.com\/#organization\",\"name\":\"UFEC\",\"url\":\"https:\/\/nuevo-renacer.com\/\",\"logo\":{\"@type\":\"ImageObject\",\"inLanguage\":\"it-IT\",\"@id\":\"https:\/\/nuevo-renacer.com\/#\/schema\/logo\/image\/\",\"url\":\"https:\/\/nuevo-renacer.com\/wp-content\/uploads\/2024\/05\/cropped-LOGO-TERMINADO1-3-3.png\",\"contentUrl\":\"https:\/\/nuevo-renacer.com\/wp-content\/uploads\/2024\/05\/cropped-LOGO-TERMINADO1-3-3.png\",\"width\":512,\"height\":512,\"caption\":\"UFEC\"},\"image\":{\"@id\":\"https:\/\/nuevo-renacer.com\/#\/schema\/logo\/image\/\"},\"sameAs\":[\"https:\/\/www.facebook.com\/groups\/3431398063740829\"]}]}<\/script>\n<!-- \/ Yoast SEO Premium plugin. -->","yoast_head_json":{"title":"Influencias Ambientes - Uni\u00f3n Esp\u00edrita","robots":{"index":"index","follow":"follow","max-snippet":"max-snippet:-1","max-image-preview":"max-image-preview:large","max-video-preview":"max-video-preview:-1"},"canonical":"https:\/\/nuevo-renacer.com\/it\/influencias-ambientes\/","og_locale":"it_IT","og_type":"article","og_title":"Influencias Ambientes","og_description":"Influencias Ambientes Es dif\u00edcil encontrar personas que guardan perfecta estabilidad emocional y f\u00edsica. \u00bfTiene algo que ver con la sensibilidad medi\u00famnica? Tiene mucho que ver. Vivimos sumergidos en un oc\u00e9ano de vibraciones mentales, emitidas por Esp\u00edritus encarnados y desencarnados. As\u00ed como podemos ser contaminados por virus y bacterias, tambi\u00e9n sufrimos contaminaciones espirituales que generan alteraciones [&hellip;]","og_url":"https:\/\/nuevo-renacer.com\/it\/influencias-ambientes\/","og_site_name":"Uni\u00f3n Esp\u00edrita","article_publisher":"https:\/\/www.facebook.com\/groups\/3431398063740829","article_modified_time":"2024-07-18T11:38:46+00:00","og_image":[{"width":770,"height":433,"url":"https:\/\/nuevo-renacer.com\/wp-content\/uploads\/2024\/07\/0012762735-1.jpg","type":"image\/jpeg"}],"twitter_card":"summary_large_image","twitter_misc":{"Tempo di lettura stimato":"2 minuti"},"schema":{"@context":"https:\/\/schema.org","@graph":[{"@type":"WebPage","@id":"https:\/\/nuevo-renacer.com\/influencias-ambientes\/","url":"https:\/\/nuevo-renacer.com\/influencias-ambientes\/","name":"Influencias Ambientes - Uni\u00f3n Esp\u00edrita","isPartOf":{"@id":"https:\/\/nuevo-renacer.com\/#website"},"primaryImageOfPage":{"@id":"https:\/\/nuevo-renacer.com\/influencias-ambientes\/#primaryimage"},"image":{"@id":"https:\/\/nuevo-renacer.com\/influencias-ambientes\/#primaryimage"},"thumbnailUrl":"https:\/\/nuevo-renacer.com\/wp-content\/uploads\/2024\/07\/0012762735-1.jpg","datePublished":"2024-07-18T11:35:17+00:00","dateModified":"2024-07-18T11:38:46+00:00","breadcrumb":{"@id":"https:\/\/nuevo-renacer.com\/influencias-ambientes\/#breadcrumb"},"inLanguage":"it-IT","potentialAction":[{"@type":"ReadAction","target":["https:\/\/nuevo-renacer.com\/influencias-ambientes\/"]}]},{"@type":"ImageObject","inLanguage":"it-IT","@id":"https:\/\/nuevo-renacer.com\/influencias-ambientes\/#primaryimage","url":"https:\/\/nuevo-renacer.com\/wp-content\/uploads\/2024\/07\/0012762735-1.jpg","contentUrl":"https:\/\/nuevo-renacer.com\/wp-content\/uploads\/2024\/07\/0012762735-1.jpg","width":770,"height":433},{"@type":"BreadcrumbList","@id":"https:\/\/nuevo-renacer.com\/influencias-ambientes\/#breadcrumb","itemListElement":[{"@type":"ListItem","position":1,"name":"Startseite","item":"https:\/\/nuevo-renacer.com\/"},{"@type":"ListItem","position":2,"name":"Influencias Ambientes"}]},{"@type":"WebSite","@id":"https:\/\/nuevo-renacer.com\/#website","url":"https:\/\/nuevo-renacer.com\/","name":"Uni\u00f3n Esp\u00edrita","description":"Nuevo Renacer","publisher":{"@id":"https:\/\/nuevo-renacer.com\/#organization"},"potentialAction":[{"@type":"SearchAction","target":{"@type":"EntryPoint","urlTemplate":"https:\/\/nuevo-renacer.com\/?s={search_term_string}"},"query-input":{"@type":"PropertyValueSpecification","valueRequired":true,"valueName":"search_term_string"}}],"inLanguage":"it-IT"},{"@type":"Organization","@id":"https:\/\/nuevo-renacer.com\/#organization","name":"UFEC","url":"https:\/\/nuevo-renacer.com\/","logo":{"@type":"ImageObject","inLanguage":"it-IT","@id":"https:\/\/nuevo-renacer.com\/#\/schema\/logo\/image\/","url":"https:\/\/nuevo-renacer.com\/wp-content\/uploads\/2024\/05\/cropped-LOGO-TERMINADO1-3-3.png","contentUrl":"https:\/\/nuevo-renacer.com\/wp-content\/uploads\/2024\/05\/cropped-LOGO-TERMINADO1-3-3.png","width":512,"height":512,"caption":"UFEC"},"image":{"@id":"https:\/\/nuevo-renacer.com\/#\/schema\/logo\/image\/"},"sameAs":["https:\/\/www.facebook.com\/groups\/3431398063740829"]}]}},"uagb_featured_image_src":{"full":["https:\/\/nuevo-renacer.com\/wp-content\/uploads\/2024\/07\/0012762735-1.jpg",770,433,false],"thumbnail":["https:\/\/nuevo-renacer.com\/wp-content\/uploads\/2024\/07\/0012762735-1-150x150.jpg",150,150,true],"medium":["https:\/\/nuevo-renacer.com\/wp-content\/uploads\/2024\/07\/0012762735-1-300x169.jpg",300,169,true],"medium_large":["https:\/\/nuevo-renacer.com\/wp-content\/uploads\/2024\/07\/0012762735-1-768x432.jpg",768,432,true],"large":["https:\/\/nuevo-renacer.com\/wp-content\/uploads\/2024\/07\/0012762735-1.jpg",770,433,false],"1536x1536":["https:\/\/nuevo-renacer.com\/wp-content\/uploads\/2024\/07\/0012762735-1.jpg",770,433,false],"2048x2048":["https:\/\/nuevo-renacer.com\/wp-content\/uploads\/2024\/07\/0012762735-1.jpg",770,433,false],"trp-custom-language-flag":["https:\/\/nuevo-renacer.com\/wp-content\/uploads\/2024\/07\/0012762735-1-18x10.jpg",18,10,true]},"uagb_author_info":{"display_name":"adbv0","author_link":"https:\/\/nuevo-renacer.com\/it\/author\/adbv0\/"},"uagb_comment_info":0,"uagb_excerpt":"Influencias Ambientes Es dif\u00edcil encontrar personas que guardan perfecta estabilidad emocional y f\u00edsica. \u00bfTiene algo que ver con la sensibilidad medi\u00famnica? Tiene mucho que ver. Vivimos sumergidos en un oc\u00e9ano de vibraciones mentales, emitidas por Esp\u00edritus encarnados y desencarnados. As\u00ed como podemos ser contaminados por virus y bacterias, tambi\u00e9n sufrimos contaminaciones espirituales que generan alteraciones&hellip;","jetpack_sharing_enabled":true,"_links":{"self":[{"href":"https:\/\/nuevo-renacer.com\/it\/wp-json\/wp\/v2\/pages\/4034","targetHints":{"allow":["GET"]}}],"collection":[{"href":"https:\/\/nuevo-renacer.com\/it\/wp-json\/wp\/v2\/pages"}],"about":[{"href":"https:\/\/nuevo-renacer.com\/it\/wp-json\/wp\/v2\/types\/page"}],"author":[{"embeddable":true,"href":"https:\/\/nuevo-renacer.com\/it\/wp-json\/wp\/v2\/users\/1"}],"replies":[{"embeddable":true,"href":"https:\/\/nuevo-renacer.com\/it\/wp-json\/wp\/v2\/comments?post=4034"}],"version-history":[{"count":3,"href":"https:\/\/nuevo-renacer.com\/it\/wp-json\/wp\/v2\/pages\/4034\/revisions"}],"predecessor-version":[{"id":4041,"href":"https:\/\/nuevo-renacer.com\/it\/wp-json\/wp\/v2\/pages\/4034\/revisions\/4041"}],"wp:featuredmedia":[{"embeddable":true,"href":"https:\/\/nuevo-renacer.com\/it\/wp-json\/wp\/v2\/media\/4039"}],"wp:attachment":[{"href":"https:\/\/nuevo-renacer.com\/it\/wp-json\/wp\/v2\/media?parent=4034"}],"curies":[{"name":"wp","href":"https:\/\/api.w.org\/{rel}","templated":true}]}}