{"id":4021,"date":"2024-07-18T10:34:49","date_gmt":"2024-07-18T10:34:49","guid":{"rendered":"https:\/\/ufec-mundial.com\/?page_id=4021"},"modified":"2024-07-18T10:40:38","modified_gmt":"2024-07-18T10:40:38","slug":"influencias-espirituales","status":"publish","type":"page","link":"https:\/\/nuevo-renacer.com\/it\/influencias-espirituales\/","title":{"rendered":"Influencias Espirituales"},"content":{"rendered":"<div class=\"wp-block-uagb-container uagb-block-29346cad alignfull uagb-is-root-container\"><div class=\"uagb-container-inner-blocks-wrap\">\n<p class=\"has-black-color has-text-color has-link-color has-medium-font-size wp-elements-0382b94ed58e370d12d396a0b08b76db\"><strong>Influencias Espirituales<\/strong><\/p>\n<\/div><\/div>\n\n\n\n<div class=\"wp-block-uagb-container uagb-block-1ae25de6 alignfull uagb-is-root-container\"><div class=\"uagb-container-inner-blocks-wrap\">\n<figure class=\"wp-block-image size-full is-resized\"><img fetchpriority=\"high\" decoding=\"async\" width=\"1024\" height=\"1024\" src=\"https:\/\/ufec-mundial.com\/wp-content\/uploads\/2024\/07\/present-in-nol.jpg\" alt=\"\" class=\"wp-image-4024\" style=\"width:376px;height:auto\" srcset=\"https:\/\/nuevo-renacer.com\/wp-content\/uploads\/2024\/07\/present-in-nol.jpg 1024w, https:\/\/nuevo-renacer.com\/wp-content\/uploads\/2024\/07\/present-in-nol-150x150.jpg 150w, https:\/\/nuevo-renacer.com\/wp-content\/uploads\/2024\/07\/present-in-nol-300x300.jpg 300w, https:\/\/nuevo-renacer.com\/wp-content\/uploads\/2024\/07\/present-in-nol-768x768.jpg 768w, https:\/\/nuevo-renacer.com\/wp-content\/uploads\/2024\/07\/present-in-nol-12x12.jpg 12w\" sizes=\"(max-width: 1024px) 100vw, 1024px\" \/><\/figure>\n<\/div><\/div>\n\n\n\n<div class=\"wp-block-uagb-container uagb-block-9a7bf73b alignfull uagb-is-root-container\"><div class=\"uagb-container-inner-blocks-wrap\">\n<p class=\"has-black-color has-text-color has-link-color has-small-font-size wp-elements-2666fd4eb8ac5c6a0b1eb5485d186c02\"><strong>Generalmente las personas tienen dificultades para mantener la estabilidad emocional. Var\u00edan mucho, de la tristeza a la alegr\u00eda, de la depresi\u00f3n a la euforia, del buen \u00e1nimo al desaliento. No siempre esas emociones est\u00e1n asociadas al d\u00eda a d\u00eda. \u00bfTienen algo que ver con la mediumnidad?<\/strong><\/p>\n\n\n\n<p class=\"has-black-color has-text-color has-link-color has-small-font-size wp-elements-b8dc3038410f1047125d1f43d837da6d\">&nbsp;\u00a1Sin duda! Esa (psicosis maniaco-depresiva), es una diversificaci\u00f3n inexplicable de estados emocionales, est\u00e1 asociada a la naturaleza de los Esp\u00edritus que se aproximan a nosotros, de las influencias que sufrimos.<\/p>\n\n\n\n<p class=\"has-black-color has-text-color has-link-color has-small-font-size wp-elements-fad7adc57476f6b63c22a5facad25197\"><strong>\u00bfLas almas de los muertos?<\/strong><\/p>\n\n\n\n<p class=\"has-black-color has-text-color has-link-color has-small-font-size wp-elements-d2edc368eda52d7369a3051aed18022e\">S\u00ed. Hombres desencarnados, liberados de la materia, pero presos al inter\u00e9s humano. Permanecen entre nosotros y nos influencian, motivan y hasta nos dirigen. En la pregunta 459, del Libro de los Esp\u00edritus, los mentores espirituales que respondieron a Kardec, informan que esa influencia es tan intensa que no es raro, que sean ellos los que nos dirijan.<\/p>\n\n\n\n<p class=\"has-black-color has-text-color has-link-color has-small-font-size wp-elements-22ad0dae4db42d4020437ee0d29df8fe\"><strong>\u00bfPor qu\u00e9 hacen eso? \u00bfCu\u00e1l es su prop\u00f3sito?<\/strong><\/p>\n\n\n\n<p class=\"has-black-color has-text-color has-link-color has-small-font-size wp-elements-f9b415bde9efc1acd54a6eb65bc24b9a\">Las motivaciones de esos Esp\u00edritus atienden a su propia condici\u00f3n. Los hay que est\u00e1n perplejos y quieren ayuda; los que se divierten en atenazar a los encarnados; los que ejercen venganza; los que se vinculan a los vicios y desean intermediarios para satisfacerse\u2026<\/p>\n\n\n\n<p class=\"has-black-color has-text-color has-link-color has-small-font-size wp-elements-bd32bf54f16cfed2457f41f1f3c1b537\">\u00bf<strong>C\u00f3mo distinguir nuestro pensamiento de aquel que es inspirado por un desencarnado?<\/strong><\/p>\n\n\n\n<p class=\"has-black-color has-text-color has-link-color has-small-font-size wp-elements-fee7a187f0be04bcdf6da477cb5bd027\">En principio es dif\u00edcil, por cuanto el flujo mental de los Esp\u00edritus a los cuales nos asociamos se expresa en nuestra mente como si fuesen nuestros pensamientos, algo de nuestra intimidad.<\/p>\n\n\n\n<p class=\"has-black-color has-text-color has-link-color has-small-font-size wp-elements-25a54593ede603c99e096b1594f5427a\"><strong>\u00bfEso significa que tanto pensamiento como emociones pueden reflejar simplemente lo que pasa con el Esp\u00edritu que se aproxima?<\/strong><\/p>\n\n\n\n<p class=\"has-black-color has-text-color has-link-color has-small-font-size wp-elements-cd4c6b7205c470c2138dc45a5485c291\">Exactamente, pero es preciso considerar la cuesti\u00f3n de la sinton\u00eda. Generalmente esas entidades guardan compatibilidad con nuestra manera de ser, tendencias e ideas.<\/p>\n\n\n\n<p class=\"has-black-color has-text-color has-link-color has-small-font-size wp-elements-c38f67d2baa382752ffd7e3035c81856\"><strong>Seg\u00fan ese principio, \u00bfser\u00eda posible, por ejemplo, que un Esp\u00edritu impulsara al suicidio a alguien que jam\u00e1s pens\u00f3 tomar esa iniciativa?<\/strong><\/p>\n\n\n\n<p class=\"has-black-color has-text-color has-link-color has-small-font-size wp-elements-7acd1c80314ae3a825f0311ee0fe70b2\">S\u00ed, si el desencarnado consigue inducir en la persona el deseo de matarse, ciertamente ella ser\u00eda af\u00edn a esa idea, la admite y llega a aceptarla.<\/p>\n\n\n\n<p class=\"has-black-color has-text-color has-link-color has-small-font-size wp-elements-34ab789d86a3cf76877871b3948d4da5\"><strong>\u00bfC\u00f3mo podemos superar esas influencias negativas, habilit\u00e1ndonos a recibir s\u00f3lo buenas influencias?<\/strong><\/p>\n\n\n\n<p class=\"has-black-color has-text-color has-link-color has-small-font-size wp-elements-c6d7c6b2a19d415cddfdbd17fdcdf43c\">En la pregunta 469, de El Libro de los Esp\u00edritus, Kardec hace la misma pregunta. El mentor proclama, incisivamente: Practicando el Bien y poniendo en Dios vuestra confianza\u2026Tenemos ah\u00ed una preciosa br\u00fajula para librarnos de influencias negativas.<\/p>\n\n\n\n<p class=\"has-black-color has-text-color has-link-color has-small-font-size wp-elements-f186c349bc91178c58dd1cf8655f030b\"><strong>\u00bfC\u00f3mo funciona?<\/strong><\/p>\n\n\n\n<p class=\"has-black-color has-text-color has-link-color has-small-font-size wp-elements-00eae23053346140ce03cdf8c34faf45\">La confianza en Dios sustenta el equilibrio de las emociones, en las situaciones dif\u00edciles, evitando los estados depresivos que nos vuelven vulnerables a las influencias inferiores; la pr\u00e1ctica del Bien nos pone en sinton\u00eda con las fuentes de la Vida, facultando la infalible protecci\u00f3n de los benefactores espirituales.<\/p>\n<\/div><\/div>","protected":false},"excerpt":{"rendered":"<p>Influencias Espirituales Generalmente las personas tienen dificultades para mantener la estabilidad emocional. Var\u00edan mucho, de la tristeza a la alegr\u00eda, de la depresi\u00f3n a la euforia, del buen \u00e1nimo al desaliento. No siempre esas emociones est\u00e1n asociadas al d\u00eda a d\u00eda. \u00bfTienen algo que ver con la mediumnidad? &nbsp;\u00a1Sin duda! Esa (psicosis maniaco-depresiva), es una [&hellip;]<\/p>","protected":false},"author":1,"featured_media":4024,"parent":0,"menu_order":0,"comment_status":"closed","ping_status":"closed","template":"","meta":{"_uag_custom_page_level_css":"","site-sidebar-layout":"default","site-content-layout":"","ast-site-content-layout":"default","site-content-style":"default","site-sidebar-style":"default","ast-global-header-display":"","ast-banner-title-visibility":"","ast-main-header-display":"","ast-hfb-above-header-display":"","ast-hfb-below-header-display":"","ast-hfb-mobile-header-display":"","site-post-title":"","ast-breadcrumbs-content":"","ast-featured-img":"","footer-sml-layout":"","theme-transparent-header-meta":"","adv-header-id-meta":"","stick-header-meta":"","header-above-stick-meta":"","header-main-stick-meta":"","header-below-stick-meta":"","astra-migrate-meta-layouts":"set","ast-page-background-enabled":"default","ast-page-background-meta":{"desktop":{"background-color":"var(--ast-global-color-4)","background-image":"","background-repeat":"repeat","background-position":"center center","background-size":"auto","background-attachment":"scroll","background-type":"","background-media":"","overlay-type":"","overlay-color":"","overlay-opacity":"","overlay-gradient":""},"tablet":{"background-color":"","background-image":"","background-repeat":"repeat","background-position":"center center","background-size":"auto","background-attachment":"scroll","background-type":"","background-media":"","overlay-type":"","overlay-color":"","overlay-opacity":"","overlay-gradient":""},"mobile":{"background-color":"","background-image":"","background-repeat":"repeat","background-position":"center center","background-size":"auto","background-attachment":"scroll","background-type":"","background-media":"","overlay-type":"","overlay-color":"","overlay-opacity":"","overlay-gradient":""}},"ast-content-background-meta":{"desktop":{"background-color":"var(--ast-global-color-5)","background-image":"","background-repeat":"repeat","background-position":"center center","background-size":"auto","background-attachment":"scroll","background-type":"","background-media":"","overlay-type":"","overlay-color":"","overlay-opacity":"","overlay-gradient":""},"tablet":{"background-color":"var(--ast-global-color-5)","background-image":"","background-repeat":"repeat","background-position":"center center","background-size":"auto","background-attachment":"scroll","background-type":"","background-media":"","overlay-type":"","overlay-color":"","overlay-opacity":"","overlay-gradient":""},"mobile":{"background-color":"var(--ast-global-color-5)","background-image":"","background-repeat":"repeat","background-position":"center center","background-size":"auto","background-attachment":"scroll","background-type":"","background-media":"","overlay-type":"","overlay-color":"","overlay-opacity":"","overlay-gradient":""}},"footnotes":""},"class_list":["post-4021","page","type-page","status-publish","has-post-thumbnail","hentry"],"yoast_head":"<!-- This site is optimized with the Yoast SEO Premium plugin v24.2 (Yoast SEO v24.6) - https:\/\/yoast.com\/wordpress\/plugins\/seo\/ -->\n<title>Influencias Espirituales - Uni\u00f3n Esp\u00edrita<\/title>\n<meta name=\"robots\" content=\"index, follow, max-snippet:-1, max-image-preview:large, max-video-preview:-1\" \/>\n<link rel=\"canonical\" href=\"https:\/\/nuevo-renacer.com\/it\/influencias-espirituales\/\" \/>\n<meta property=\"og:locale\" content=\"it_IT\" \/>\n<meta property=\"og:type\" content=\"article\" \/>\n<meta property=\"og:title\" content=\"Influencias Espirituales\" \/>\n<meta property=\"og:description\" content=\"Influencias Espirituales Generalmente las personas tienen dificultades para mantener la estabilidad emocional. Var\u00edan mucho, de la tristeza a la alegr\u00eda, de la depresi\u00f3n a la euforia, del buen \u00e1nimo al desaliento. No siempre esas emociones est\u00e1n asociadas al d\u00eda a d\u00eda. \u00bfTienen algo que ver con la mediumnidad? &nbsp;\u00a1Sin duda! Esa (psicosis maniaco-depresiva), es una [&hellip;]\" \/>\n<meta property=\"og:url\" content=\"https:\/\/nuevo-renacer.com\/it\/influencias-espirituales\/\" \/>\n<meta property=\"og:site_name\" content=\"Uni\u00f3n Esp\u00edrita\" \/>\n<meta property=\"article:publisher\" content=\"https:\/\/www.facebook.com\/groups\/3431398063740829\" \/>\n<meta property=\"article:modified_time\" content=\"2024-07-18T10:40:38+00:00\" \/>\n<meta property=\"og:image\" content=\"https:\/\/nuevo-renacer.com\/wp-content\/uploads\/2024\/07\/present-in-nol.jpg\" \/>\n\t<meta property=\"og:image:width\" content=\"1024\" \/>\n\t<meta property=\"og:image:height\" content=\"1024\" \/>\n\t<meta property=\"og:image:type\" content=\"image\/jpeg\" \/>\n<meta name=\"twitter:card\" content=\"summary_large_image\" \/>\n<meta name=\"twitter:label1\" content=\"Tempo di lettura stimato\" \/>\n\t<meta name=\"twitter:data1\" content=\"2 minuti\" \/>\n<script type=\"application\/ld+json\" class=\"yoast-schema-graph\">{\"@context\":\"https:\/\/schema.org\",\"@graph\":[{\"@type\":\"WebPage\",\"@id\":\"https:\/\/nuevo-renacer.com\/influencias-espirituales\/\",\"url\":\"https:\/\/nuevo-renacer.com\/influencias-espirituales\/\",\"name\":\"Influencias Espirituales - Uni\u00f3n Esp\u00edrita\",\"isPartOf\":{\"@id\":\"https:\/\/nuevo-renacer.com\/#website\"},\"primaryImageOfPage\":{\"@id\":\"https:\/\/nuevo-renacer.com\/influencias-espirituales\/#primaryimage\"},\"image\":{\"@id\":\"https:\/\/nuevo-renacer.com\/influencias-espirituales\/#primaryimage\"},\"thumbnailUrl\":\"https:\/\/nuevo-renacer.com\/wp-content\/uploads\/2024\/07\/present-in-nol.jpg\",\"datePublished\":\"2024-07-18T10:34:49+00:00\",\"dateModified\":\"2024-07-18T10:40:38+00:00\",\"breadcrumb\":{\"@id\":\"https:\/\/nuevo-renacer.com\/influencias-espirituales\/#breadcrumb\"},\"inLanguage\":\"it-IT\",\"potentialAction\":[{\"@type\":\"ReadAction\",\"target\":[\"https:\/\/nuevo-renacer.com\/influencias-espirituales\/\"]}]},{\"@type\":\"ImageObject\",\"inLanguage\":\"it-IT\",\"@id\":\"https:\/\/nuevo-renacer.com\/influencias-espirituales\/#primaryimage\",\"url\":\"https:\/\/nuevo-renacer.com\/wp-content\/uploads\/2024\/07\/present-in-nol.jpg\",\"contentUrl\":\"https:\/\/nuevo-renacer.com\/wp-content\/uploads\/2024\/07\/present-in-nol.jpg\",\"width\":1024,\"height\":1024},{\"@type\":\"BreadcrumbList\",\"@id\":\"https:\/\/nuevo-renacer.com\/influencias-espirituales\/#breadcrumb\",\"itemListElement\":[{\"@type\":\"ListItem\",\"position\":1,\"name\":\"Startseite\",\"item\":\"https:\/\/nuevo-renacer.com\/\"},{\"@type\":\"ListItem\",\"position\":2,\"name\":\"Influencias Espirituales\"}]},{\"@type\":\"WebSite\",\"@id\":\"https:\/\/nuevo-renacer.com\/#website\",\"url\":\"https:\/\/nuevo-renacer.com\/\",\"name\":\"Uni\u00f3n Esp\u00edrita\",\"description\":\"Nuevo Renacer\",\"publisher\":{\"@id\":\"https:\/\/nuevo-renacer.com\/#organization\"},\"potentialAction\":[{\"@type\":\"SearchAction\",\"target\":{\"@type\":\"EntryPoint\",\"urlTemplate\":\"https:\/\/nuevo-renacer.com\/?s={search_term_string}\"},\"query-input\":{\"@type\":\"PropertyValueSpecification\",\"valueRequired\":true,\"valueName\":\"search_term_string\"}}],\"inLanguage\":\"it-IT\"},{\"@type\":\"Organization\",\"@id\":\"https:\/\/nuevo-renacer.com\/#organization\",\"name\":\"UFEC\",\"url\":\"https:\/\/nuevo-renacer.com\/\",\"logo\":{\"@type\":\"ImageObject\",\"inLanguage\":\"it-IT\",\"@id\":\"https:\/\/nuevo-renacer.com\/#\/schema\/logo\/image\/\",\"url\":\"https:\/\/nuevo-renacer.com\/wp-content\/uploads\/2024\/05\/cropped-LOGO-TERMINADO1-3-3.png\",\"contentUrl\":\"https:\/\/nuevo-renacer.com\/wp-content\/uploads\/2024\/05\/cropped-LOGO-TERMINADO1-3-3.png\",\"width\":512,\"height\":512,\"caption\":\"UFEC\"},\"image\":{\"@id\":\"https:\/\/nuevo-renacer.com\/#\/schema\/logo\/image\/\"},\"sameAs\":[\"https:\/\/www.facebook.com\/groups\/3431398063740829\"]}]}<\/script>\n<!-- \/ Yoast SEO Premium plugin. -->","yoast_head_json":{"title":"Influencias Espirituales - Uni\u00f3n Esp\u00edrita","robots":{"index":"index","follow":"follow","max-snippet":"max-snippet:-1","max-image-preview":"max-image-preview:large","max-video-preview":"max-video-preview:-1"},"canonical":"https:\/\/nuevo-renacer.com\/it\/influencias-espirituales\/","og_locale":"it_IT","og_type":"article","og_title":"Influencias Espirituales","og_description":"Influencias Espirituales Generalmente las personas tienen dificultades para mantener la estabilidad emocional. Var\u00edan mucho, de la tristeza a la alegr\u00eda, de la depresi\u00f3n a la euforia, del buen \u00e1nimo al desaliento. No siempre esas emociones est\u00e1n asociadas al d\u00eda a d\u00eda. \u00bfTienen algo que ver con la mediumnidad? &nbsp;\u00a1Sin duda! Esa (psicosis maniaco-depresiva), es una [&hellip;]","og_url":"https:\/\/nuevo-renacer.com\/it\/influencias-espirituales\/","og_site_name":"Uni\u00f3n Esp\u00edrita","article_publisher":"https:\/\/www.facebook.com\/groups\/3431398063740829","article_modified_time":"2024-07-18T10:40:38+00:00","og_image":[{"width":1024,"height":1024,"url":"https:\/\/nuevo-renacer.com\/wp-content\/uploads\/2024\/07\/present-in-nol.jpg","type":"image\/jpeg"}],"twitter_card":"summary_large_image","twitter_misc":{"Tempo di lettura stimato":"2 minuti"},"schema":{"@context":"https:\/\/schema.org","@graph":[{"@type":"WebPage","@id":"https:\/\/nuevo-renacer.com\/influencias-espirituales\/","url":"https:\/\/nuevo-renacer.com\/influencias-espirituales\/","name":"Influencias Espirituales - Uni\u00f3n Esp\u00edrita","isPartOf":{"@id":"https:\/\/nuevo-renacer.com\/#website"},"primaryImageOfPage":{"@id":"https:\/\/nuevo-renacer.com\/influencias-espirituales\/#primaryimage"},"image":{"@id":"https:\/\/nuevo-renacer.com\/influencias-espirituales\/#primaryimage"},"thumbnailUrl":"https:\/\/nuevo-renacer.com\/wp-content\/uploads\/2024\/07\/present-in-nol.jpg","datePublished":"2024-07-18T10:34:49+00:00","dateModified":"2024-07-18T10:40:38+00:00","breadcrumb":{"@id":"https:\/\/nuevo-renacer.com\/influencias-espirituales\/#breadcrumb"},"inLanguage":"it-IT","potentialAction":[{"@type":"ReadAction","target":["https:\/\/nuevo-renacer.com\/influencias-espirituales\/"]}]},{"@type":"ImageObject","inLanguage":"it-IT","@id":"https:\/\/nuevo-renacer.com\/influencias-espirituales\/#primaryimage","url":"https:\/\/nuevo-renacer.com\/wp-content\/uploads\/2024\/07\/present-in-nol.jpg","contentUrl":"https:\/\/nuevo-renacer.com\/wp-content\/uploads\/2024\/07\/present-in-nol.jpg","width":1024,"height":1024},{"@type":"BreadcrumbList","@id":"https:\/\/nuevo-renacer.com\/influencias-espirituales\/#breadcrumb","itemListElement":[{"@type":"ListItem","position":1,"name":"Startseite","item":"https:\/\/nuevo-renacer.com\/"},{"@type":"ListItem","position":2,"name":"Influencias Espirituales"}]},{"@type":"WebSite","@id":"https:\/\/nuevo-renacer.com\/#website","url":"https:\/\/nuevo-renacer.com\/","name":"Uni\u00f3n Esp\u00edrita","description":"Nuevo Renacer","publisher":{"@id":"https:\/\/nuevo-renacer.com\/#organization"},"potentialAction":[{"@type":"SearchAction","target":{"@type":"EntryPoint","urlTemplate":"https:\/\/nuevo-renacer.com\/?s={search_term_string}"},"query-input":{"@type":"PropertyValueSpecification","valueRequired":true,"valueName":"search_term_string"}}],"inLanguage":"it-IT"},{"@type":"Organization","@id":"https:\/\/nuevo-renacer.com\/#organization","name":"UFEC","url":"https:\/\/nuevo-renacer.com\/","logo":{"@type":"ImageObject","inLanguage":"it-IT","@id":"https:\/\/nuevo-renacer.com\/#\/schema\/logo\/image\/","url":"https:\/\/nuevo-renacer.com\/wp-content\/uploads\/2024\/05\/cropped-LOGO-TERMINADO1-3-3.png","contentUrl":"https:\/\/nuevo-renacer.com\/wp-content\/uploads\/2024\/05\/cropped-LOGO-TERMINADO1-3-3.png","width":512,"height":512,"caption":"UFEC"},"image":{"@id":"https:\/\/nuevo-renacer.com\/#\/schema\/logo\/image\/"},"sameAs":["https:\/\/www.facebook.com\/groups\/3431398063740829"]}]}},"uagb_featured_image_src":{"full":["https:\/\/nuevo-renacer.com\/wp-content\/uploads\/2024\/07\/present-in-nol.jpg",1024,1024,false],"thumbnail":["https:\/\/nuevo-renacer.com\/wp-content\/uploads\/2024\/07\/present-in-nol-150x150.jpg",150,150,true],"medium":["https:\/\/nuevo-renacer.com\/wp-content\/uploads\/2024\/07\/present-in-nol-300x300.jpg",300,300,true],"medium_large":["https:\/\/nuevo-renacer.com\/wp-content\/uploads\/2024\/07\/present-in-nol-768x768.jpg",768,768,true],"large":["https:\/\/nuevo-renacer.com\/wp-content\/uploads\/2024\/07\/present-in-nol.jpg",1024,1024,false],"1536x1536":["https:\/\/nuevo-renacer.com\/wp-content\/uploads\/2024\/07\/present-in-nol.jpg",1024,1024,false],"2048x2048":["https:\/\/nuevo-renacer.com\/wp-content\/uploads\/2024\/07\/present-in-nol.jpg",1024,1024,false],"trp-custom-language-flag":["https:\/\/nuevo-renacer.com\/wp-content\/uploads\/2024\/07\/present-in-nol-12x12.jpg",12,12,true]},"uagb_author_info":{"display_name":"adbv0","author_link":"https:\/\/nuevo-renacer.com\/it\/author\/adbv0\/"},"uagb_comment_info":0,"uagb_excerpt":"Influencias Espirituales Generalmente las personas tienen dificultades para mantener la estabilidad emocional. Var\u00edan mucho, de la tristeza a la alegr\u00eda, de la depresi\u00f3n a la euforia, del buen \u00e1nimo al desaliento. No siempre esas emociones est\u00e1n asociadas al d\u00eda a d\u00eda. \u00bfTienen algo que ver con la mediumnidad? &nbsp;\u00a1Sin duda! Esa (psicosis maniaco-depresiva), es una&hellip;","jetpack_sharing_enabled":true,"_links":{"self":[{"href":"https:\/\/nuevo-renacer.com\/it\/wp-json\/wp\/v2\/pages\/4021","targetHints":{"allow":["GET"]}}],"collection":[{"href":"https:\/\/nuevo-renacer.com\/it\/wp-json\/wp\/v2\/pages"}],"about":[{"href":"https:\/\/nuevo-renacer.com\/it\/wp-json\/wp\/v2\/types\/page"}],"author":[{"embeddable":true,"href":"https:\/\/nuevo-renacer.com\/it\/wp-json\/wp\/v2\/users\/1"}],"replies":[{"embeddable":true,"href":"https:\/\/nuevo-renacer.com\/it\/wp-json\/wp\/v2\/comments?post=4021"}],"version-history":[{"count":3,"href":"https:\/\/nuevo-renacer.com\/it\/wp-json\/wp\/v2\/pages\/4021\/revisions"}],"predecessor-version":[{"id":4026,"href":"https:\/\/nuevo-renacer.com\/it\/wp-json\/wp\/v2\/pages\/4021\/revisions\/4026"}],"wp:featuredmedia":[{"embeddable":true,"href":"https:\/\/nuevo-renacer.com\/it\/wp-json\/wp\/v2\/media\/4024"}],"wp:attachment":[{"href":"https:\/\/nuevo-renacer.com\/it\/wp-json\/wp\/v2\/media?parent=4021"}],"curies":[{"name":"wp","href":"https:\/\/api.w.org\/{rel}","templated":true}]}}