{"id":4003,"date":"2024-07-18T07:26:09","date_gmt":"2024-07-18T07:26:09","guid":{"rendered":"https:\/\/ufec-mundial.com\/?page_id=4003"},"modified":"2024-07-18T07:29:24","modified_gmt":"2024-07-18T07:29:24","slug":"los-muertos-son-los-invisibles-pero-no-los-ausentes","status":"publish","type":"page","link":"https:\/\/nuevo-renacer.com\/it\/los-muertos-son-los-invisibles-pero-no-los-ausentes\/","title":{"rendered":"Los muertos son los invisibles, pero no los ausentes"},"content":{"rendered":"<div class=\"wp-block-uagb-container uagb-block-509c5750 alignfull uagb-is-root-container\"><div class=\"uagb-container-inner-blocks-wrap\">\n<p class=\"has-black-color has-text-color has-link-color has-medium-font-size wp-elements-fdfe249e89a36fcbcb0ff11f86ba6800\"><strong>Los muertos son los invisibles, pero no los ausentes<\/strong><\/p>\n<\/div><\/div>\n\n\n\n<div class=\"wp-block-uagb-container uagb-block-af6aa265 alignfull uagb-is-root-container\"><div class=\"uagb-container-inner-blocks-wrap\">\n<figure class=\"wp-block-image size-full\"><img fetchpriority=\"high\" decoding=\"async\" width=\"410\" height=\"410\" src=\"https:\/\/ufec-mundial.com\/wp-content\/uploads\/2024\/07\/440889529_7788030851217329_6529675823081718258_n.jpg\" alt=\"\" class=\"wp-image-4007\" srcset=\"https:\/\/nuevo-renacer.com\/wp-content\/uploads\/2024\/07\/440889529_7788030851217329_6529675823081718258_n.jpg 410w, https:\/\/nuevo-renacer.com\/wp-content\/uploads\/2024\/07\/440889529_7788030851217329_6529675823081718258_n-150x150.jpg 150w, https:\/\/nuevo-renacer.com\/wp-content\/uploads\/2024\/07\/440889529_7788030851217329_6529675823081718258_n-300x300.jpg 300w, https:\/\/nuevo-renacer.com\/wp-content\/uploads\/2024\/07\/440889529_7788030851217329_6529675823081718258_n-12x12.jpg 12w\" sizes=\"(max-width: 410px) 100vw, 410px\" \/><\/figure>\n<\/div><\/div>\n\n\n\n<div class=\"wp-block-uagb-container uagb-block-539f0cda alignfull uagb-is-root-container\"><div class=\"uagb-container-inner-blocks-wrap\">\n<p class=\"has-black-color has-text-color has-link-color has-small-font-size wp-elements-aa6f7f9b00bf73fcf2ad2204a9a47a57\">En efecto. Pero como quiz\u00e1s Ud. Tenga una idea diferente o un pensamiento equivocado, lo invitamos a reflexionar sobre lo siguiente: Si Ud. Cree en la existencia de Dios Creador de todo lo que existe y fuente de sabidur\u00eda, de bondad y de justicia \u00bfporqu\u00e9 mira entonces ese proceso natural de la Vida, \u201cmal llamado muerte\u201d, como un da\u00f1o que se hace al que se va y como una p\u00e9rdida irreparable, para los que quedan? \u00bfNo ser\u00e1 quiz\u00e1s porque Ud. tiene una idea m\u00e1s sombr\u00eda de lo que realmente es y ning\u00fan conocimiento verdadero sobre su proyecci\u00f3n espiritual? Compare, imaginariamente por un segundo nada m\u00e1s que las personas fueran semejantes a un autom\u00f3vil, que se compone tambi\u00e9n de dos partes: Una esencial, el motor equivalente al Esp\u00edritu y otra secundaria, la carrocer\u00eda, equivalente al cuerpo f\u00edsico.<\/p>\n\n\n\n<p class=\"has-black-color has-text-color has-link-color has-small-font-size wp-elements-c548229e436f7aa86e367729cc646816\">El Esp\u00edritu est\u00e1 hecho de naturaleza Divina y es \u201cINMORTAL\u201d. De all\u00ed extraemos los peque\u00f1os o grandes valores espirituales (seg\u00fan el grado de evoluci\u00f3n alcanzado) en \u201ccontinua experiencia\u201d y \u201ccreciente adelanto\u201d como: Los sentimientos, la inteligencia, la voluntad, el raciocinio, la solidaridad. La parte secundaria, aunque indispensable, corresponde al cuerpo f\u00edsico y es la herramienta o instrumento al servicio del Esp\u00edritu. A diferencia de este \u00faltimo, el cuerpo es mortal, vale decir que tiene un plazo de existencia como todo lo que est\u00e1 hecho de sustancias materiales. Representa tambi\u00e9n la \u201cfuerza\u201d que es patrimonio de los irracionales y que, no obstante, adoptan algunos hombres para redimir sus problemas, descendiendo inconscientemente a la altura de aquellos.<\/p>\n\n\n\n<p class=\"has-black-color has-text-color has-link-color has-small-font-size wp-elements-6bd1511dd051bf8fc472a24154ca5bff\">Nuestro Planeta es la morada \u201csin fronteras ni discriminaci\u00f3n de razas, color o nacionalidad\u201d que nos alberga a todos transitoriamente, aunque muchas son las veces que venimos a este Mundo, en diferentes reencarnaciones y distintas \u00e9pocas de la historia de la humanidad. \u00bfCon qu\u00e9 fin? Con el objeto de \u201caprender\u201d, de \u201cadquirir experiencia\u201d, de pulirnos y as\u00ed evolucionar. La suma de los resultados, es decir, lo positivo en realizaciones solidarias y mejoramiento de nuestra moral, de nuestro ser. Nuestra personalidad, nos preparar\u00e1 para incursionar en direcci\u00f3n de otros Mundos o Planos de existencias m\u00e1s felices, a\u00fan no comprendidos por algunos seres humanos.<\/p>\n\n\n\n<p class=\"has-black-color has-text-color has-link-color has-small-font-size wp-elements-d79894c3643620e085a61205cd9f40c7\">En cambio, la suma de lo negativo en hechos y procederes inmorales, si bien no son regresivos, aunque s\u00ed estancamientos, le dejar\u00e1n la experiencia y ense\u00f1anza, pero para poder borrar esas \u201cmanchas morales\u201d que por ignorancia dej\u00f3 grabadas en su Esp\u00edritu, quiz\u00e1s necesite pasarlas por el \u201ccrisol del dolor\u201d, a semejanza de la acci\u00f3n que realiza el cirujano, cuando tiene que extraer un tumor maligno. Por ejemplo. Ese tumor son los destinos angustiosos y dolorosos como el nacer ciego, sordo, mudo, inv\u00e1lido, enfermedades incurables, accidentes etc.<\/p>\n\n\n\n<p class=\"has-black-color has-text-color has-link-color has-small-font-size wp-elements-40e773c6f5b5155d986748a2a01e9f14\">El Esp\u00edritu encerrado dentro del cuerpo, es como un preso dentro de su celda y la ventana de la celda, es como los cincos sentidos del cuerpo por medio de los cuales el Esp\u00edritu se comunica con el exterior. Cuando llega el momento de \u201cpartir\u201d o \u201cmuerte del cuerpo\u201d, \u00e9ste se disgrega porque est\u00e1 hecho de sustancias materiales y el Esp\u00edritu recobra su libertad. El proceso que se opera en esos instantes, es muy semejante a la trasformaci\u00f3n que tiene lugar cuando el gusano, sin\u00f3nimo de cuerpo muere, y su esencia interior, Esp\u00edritu se convierte en mariposa y vuela; deja su celda.<\/p>\n\n\n\n<p class=\"has-black-color has-text-color has-link-color has-small-font-size wp-elements-6464372251b570317d4c939af853d74d\">El Esp\u00edritu viene del \u201cMundo Espiritual\u201d y nace en nuestro \u201cMundo Material\u201d. Cumplida su existencia aqu\u00ed, regresa al \u201cMundo Espiritual\u201d.<\/p>\n<\/div><\/div>","protected":false},"excerpt":{"rendered":"<p>Los muertos son los invisibles, pero no los ausentes En efecto. Pero como quiz\u00e1s Ud. Tenga una idea diferente o un pensamiento equivocado, lo invitamos a reflexionar sobre lo siguiente: Si Ud. Cree en la existencia de Dios Creador de todo lo que existe y fuente de sabidur\u00eda, de bondad y de justicia \u00bfporqu\u00e9 mira [&hellip;]<\/p>","protected":false},"author":1,"featured_media":4007,"parent":0,"menu_order":0,"comment_status":"closed","ping_status":"closed","template":"","meta":{"_uag_custom_page_level_css":"","site-sidebar-layout":"default","site-content-layout":"","ast-site-content-layout":"default","site-content-style":"default","site-sidebar-style":"default","ast-global-header-display":"","ast-banner-title-visibility":"","ast-main-header-display":"","ast-hfb-above-header-display":"","ast-hfb-below-header-display":"","ast-hfb-mobile-header-display":"","site-post-title":"","ast-breadcrumbs-content":"","ast-featured-img":"","footer-sml-layout":"","theme-transparent-header-meta":"","adv-header-id-meta":"","stick-header-meta":"","header-above-stick-meta":"","header-main-stick-meta":"","header-below-stick-meta":"","astra-migrate-meta-layouts":"set","ast-page-background-enabled":"default","ast-page-background-meta":{"desktop":{"background-color":"var(--ast-global-color-4)","background-image":"","background-repeat":"repeat","background-position":"center center","background-size":"auto","background-attachment":"scroll","background-type":"","background-media":"","overlay-type":"","overlay-color":"","overlay-opacity":"","overlay-gradient":""},"tablet":{"background-color":"","background-image":"","background-repeat":"repeat","background-position":"center center","background-size":"auto","background-attachment":"scroll","background-type":"","background-media":"","overlay-type":"","overlay-color":"","overlay-opacity":"","overlay-gradient":""},"mobile":{"background-color":"","background-image":"","background-repeat":"repeat","background-position":"center center","background-size":"auto","background-attachment":"scroll","background-type":"","background-media":"","overlay-type":"","overlay-color":"","overlay-opacity":"","overlay-gradient":""}},"ast-content-background-meta":{"desktop":{"background-color":"var(--ast-global-color-5)","background-image":"","background-repeat":"repeat","background-position":"center center","background-size":"auto","background-attachment":"scroll","background-type":"","background-media":"","overlay-type":"","overlay-color":"","overlay-opacity":"","overlay-gradient":""},"tablet":{"background-color":"var(--ast-global-color-5)","background-image":"","background-repeat":"repeat","background-position":"center center","background-size":"auto","background-attachment":"scroll","background-type":"","background-media":"","overlay-type":"","overlay-color":"","overlay-opacity":"","overlay-gradient":""},"mobile":{"background-color":"var(--ast-global-color-5)","background-image":"","background-repeat":"repeat","background-position":"center center","background-size":"auto","background-attachment":"scroll","background-type":"","background-media":"","overlay-type":"","overlay-color":"","overlay-opacity":"","overlay-gradient":""}},"footnotes":""},"class_list":["post-4003","page","type-page","status-publish","has-post-thumbnail","hentry"],"yoast_head":"<!-- This site is optimized with the Yoast SEO Premium plugin v24.2 (Yoast SEO v24.6) - https:\/\/yoast.com\/wordpress\/plugins\/seo\/ -->\n<title>Los muertos son los invisibles, pero no los ausentes - Uni\u00f3n Esp\u00edrita<\/title>\n<meta name=\"robots\" content=\"index, follow, max-snippet:-1, max-image-preview:large, max-video-preview:-1\" \/>\n<link rel=\"canonical\" href=\"https:\/\/nuevo-renacer.com\/it\/los-muertos-son-los-invisibles-pero-no-los-ausentes\/\" \/>\n<meta property=\"og:locale\" content=\"it_IT\" \/>\n<meta property=\"og:type\" content=\"article\" \/>\n<meta property=\"og:title\" content=\"Los muertos son los invisibles, pero no los ausentes\" \/>\n<meta property=\"og:description\" content=\"Los muertos son los invisibles, pero no los ausentes En efecto. Pero como quiz\u00e1s Ud. Tenga una idea diferente o un pensamiento equivocado, lo invitamos a reflexionar sobre lo siguiente: Si Ud. Cree en la existencia de Dios Creador de todo lo que existe y fuente de sabidur\u00eda, de bondad y de justicia \u00bfporqu\u00e9 mira [&hellip;]\" \/>\n<meta property=\"og:url\" content=\"https:\/\/nuevo-renacer.com\/it\/los-muertos-son-los-invisibles-pero-no-los-ausentes\/\" \/>\n<meta property=\"og:site_name\" content=\"Uni\u00f3n Esp\u00edrita\" \/>\n<meta property=\"article:publisher\" content=\"https:\/\/www.facebook.com\/groups\/3431398063740829\" \/>\n<meta property=\"article:modified_time\" content=\"2024-07-18T07:29:24+00:00\" \/>\n<meta property=\"og:image\" content=\"https:\/\/nuevo-renacer.com\/wp-content\/uploads\/2024\/07\/440889529_7788030851217329_6529675823081718258_n.jpg\" \/>\n\t<meta property=\"og:image:width\" content=\"410\" \/>\n\t<meta property=\"og:image:height\" content=\"410\" \/>\n\t<meta property=\"og:image:type\" content=\"image\/jpeg\" \/>\n<meta name=\"twitter:card\" content=\"summary_large_image\" \/>\n<meta name=\"twitter:label1\" content=\"Tempo di lettura stimato\" \/>\n\t<meta name=\"twitter:data1\" content=\"3 minuti\" \/>\n<script type=\"application\/ld+json\" class=\"yoast-schema-graph\">{\"@context\":\"https:\/\/schema.org\",\"@graph\":[{\"@type\":\"WebPage\",\"@id\":\"https:\/\/nuevo-renacer.com\/los-muertos-son-los-invisibles-pero-no-los-ausentes\/\",\"url\":\"https:\/\/nuevo-renacer.com\/los-muertos-son-los-invisibles-pero-no-los-ausentes\/\",\"name\":\"Los muertos son los invisibles, pero no los ausentes - Uni\u00f3n Esp\u00edrita\",\"isPartOf\":{\"@id\":\"https:\/\/nuevo-renacer.com\/#website\"},\"primaryImageOfPage\":{\"@id\":\"https:\/\/nuevo-renacer.com\/los-muertos-son-los-invisibles-pero-no-los-ausentes\/#primaryimage\"},\"image\":{\"@id\":\"https:\/\/nuevo-renacer.com\/los-muertos-son-los-invisibles-pero-no-los-ausentes\/#primaryimage\"},\"thumbnailUrl\":\"https:\/\/nuevo-renacer.com\/wp-content\/uploads\/2024\/07\/440889529_7788030851217329_6529675823081718258_n.jpg\",\"datePublished\":\"2024-07-18T07:26:09+00:00\",\"dateModified\":\"2024-07-18T07:29:24+00:00\",\"breadcrumb\":{\"@id\":\"https:\/\/nuevo-renacer.com\/los-muertos-son-los-invisibles-pero-no-los-ausentes\/#breadcrumb\"},\"inLanguage\":\"it-IT\",\"potentialAction\":[{\"@type\":\"ReadAction\",\"target\":[\"https:\/\/nuevo-renacer.com\/los-muertos-son-los-invisibles-pero-no-los-ausentes\/\"]}]},{\"@type\":\"ImageObject\",\"inLanguage\":\"it-IT\",\"@id\":\"https:\/\/nuevo-renacer.com\/los-muertos-son-los-invisibles-pero-no-los-ausentes\/#primaryimage\",\"url\":\"https:\/\/nuevo-renacer.com\/wp-content\/uploads\/2024\/07\/440889529_7788030851217329_6529675823081718258_n.jpg\",\"contentUrl\":\"https:\/\/nuevo-renacer.com\/wp-content\/uploads\/2024\/07\/440889529_7788030851217329_6529675823081718258_n.jpg\",\"width\":410,\"height\":410},{\"@type\":\"BreadcrumbList\",\"@id\":\"https:\/\/nuevo-renacer.com\/los-muertos-son-los-invisibles-pero-no-los-ausentes\/#breadcrumb\",\"itemListElement\":[{\"@type\":\"ListItem\",\"position\":1,\"name\":\"Startseite\",\"item\":\"https:\/\/nuevo-renacer.com\/\"},{\"@type\":\"ListItem\",\"position\":2,\"name\":\"Los muertos son los invisibles, pero no los ausentes\"}]},{\"@type\":\"WebSite\",\"@id\":\"https:\/\/nuevo-renacer.com\/#website\",\"url\":\"https:\/\/nuevo-renacer.com\/\",\"name\":\"Uni\u00f3n Esp\u00edrita\",\"description\":\"Nuevo Renacer\",\"publisher\":{\"@id\":\"https:\/\/nuevo-renacer.com\/#organization\"},\"potentialAction\":[{\"@type\":\"SearchAction\",\"target\":{\"@type\":\"EntryPoint\",\"urlTemplate\":\"https:\/\/nuevo-renacer.com\/?s={search_term_string}\"},\"query-input\":{\"@type\":\"PropertyValueSpecification\",\"valueRequired\":true,\"valueName\":\"search_term_string\"}}],\"inLanguage\":\"it-IT\"},{\"@type\":\"Organization\",\"@id\":\"https:\/\/nuevo-renacer.com\/#organization\",\"name\":\"UFEC\",\"url\":\"https:\/\/nuevo-renacer.com\/\",\"logo\":{\"@type\":\"ImageObject\",\"inLanguage\":\"it-IT\",\"@id\":\"https:\/\/nuevo-renacer.com\/#\/schema\/logo\/image\/\",\"url\":\"https:\/\/nuevo-renacer.com\/wp-content\/uploads\/2024\/05\/cropped-LOGO-TERMINADO1-3-3.png\",\"contentUrl\":\"https:\/\/nuevo-renacer.com\/wp-content\/uploads\/2024\/05\/cropped-LOGO-TERMINADO1-3-3.png\",\"width\":512,\"height\":512,\"caption\":\"UFEC\"},\"image\":{\"@id\":\"https:\/\/nuevo-renacer.com\/#\/schema\/logo\/image\/\"},\"sameAs\":[\"https:\/\/www.facebook.com\/groups\/3431398063740829\"]}]}<\/script>\n<!-- \/ Yoast SEO Premium plugin. -->","yoast_head_json":{"title":"Los muertos son los invisibles, pero no los ausentes - Uni\u00f3n Esp\u00edrita","robots":{"index":"index","follow":"follow","max-snippet":"max-snippet:-1","max-image-preview":"max-image-preview:large","max-video-preview":"max-video-preview:-1"},"canonical":"https:\/\/nuevo-renacer.com\/it\/los-muertos-son-los-invisibles-pero-no-los-ausentes\/","og_locale":"it_IT","og_type":"article","og_title":"Los muertos son los invisibles, pero no los ausentes","og_description":"Los muertos son los invisibles, pero no los ausentes En efecto. Pero como quiz\u00e1s Ud. Tenga una idea diferente o un pensamiento equivocado, lo invitamos a reflexionar sobre lo siguiente: Si Ud. Cree en la existencia de Dios Creador de todo lo que existe y fuente de sabidur\u00eda, de bondad y de justicia \u00bfporqu\u00e9 mira [&hellip;]","og_url":"https:\/\/nuevo-renacer.com\/it\/los-muertos-son-los-invisibles-pero-no-los-ausentes\/","og_site_name":"Uni\u00f3n Esp\u00edrita","article_publisher":"https:\/\/www.facebook.com\/groups\/3431398063740829","article_modified_time":"2024-07-18T07:29:24+00:00","og_image":[{"width":410,"height":410,"url":"https:\/\/nuevo-renacer.com\/wp-content\/uploads\/2024\/07\/440889529_7788030851217329_6529675823081718258_n.jpg","type":"image\/jpeg"}],"twitter_card":"summary_large_image","twitter_misc":{"Tempo di lettura stimato":"3 minuti"},"schema":{"@context":"https:\/\/schema.org","@graph":[{"@type":"WebPage","@id":"https:\/\/nuevo-renacer.com\/los-muertos-son-los-invisibles-pero-no-los-ausentes\/","url":"https:\/\/nuevo-renacer.com\/los-muertos-son-los-invisibles-pero-no-los-ausentes\/","name":"Los muertos son los invisibles, pero no los ausentes - Uni\u00f3n Esp\u00edrita","isPartOf":{"@id":"https:\/\/nuevo-renacer.com\/#website"},"primaryImageOfPage":{"@id":"https:\/\/nuevo-renacer.com\/los-muertos-son-los-invisibles-pero-no-los-ausentes\/#primaryimage"},"image":{"@id":"https:\/\/nuevo-renacer.com\/los-muertos-son-los-invisibles-pero-no-los-ausentes\/#primaryimage"},"thumbnailUrl":"https:\/\/nuevo-renacer.com\/wp-content\/uploads\/2024\/07\/440889529_7788030851217329_6529675823081718258_n.jpg","datePublished":"2024-07-18T07:26:09+00:00","dateModified":"2024-07-18T07:29:24+00:00","breadcrumb":{"@id":"https:\/\/nuevo-renacer.com\/los-muertos-son-los-invisibles-pero-no-los-ausentes\/#breadcrumb"},"inLanguage":"it-IT","potentialAction":[{"@type":"ReadAction","target":["https:\/\/nuevo-renacer.com\/los-muertos-son-los-invisibles-pero-no-los-ausentes\/"]}]},{"@type":"ImageObject","inLanguage":"it-IT","@id":"https:\/\/nuevo-renacer.com\/los-muertos-son-los-invisibles-pero-no-los-ausentes\/#primaryimage","url":"https:\/\/nuevo-renacer.com\/wp-content\/uploads\/2024\/07\/440889529_7788030851217329_6529675823081718258_n.jpg","contentUrl":"https:\/\/nuevo-renacer.com\/wp-content\/uploads\/2024\/07\/440889529_7788030851217329_6529675823081718258_n.jpg","width":410,"height":410},{"@type":"BreadcrumbList","@id":"https:\/\/nuevo-renacer.com\/los-muertos-son-los-invisibles-pero-no-los-ausentes\/#breadcrumb","itemListElement":[{"@type":"ListItem","position":1,"name":"Startseite","item":"https:\/\/nuevo-renacer.com\/"},{"@type":"ListItem","position":2,"name":"Los muertos son los invisibles, pero no los ausentes"}]},{"@type":"WebSite","@id":"https:\/\/nuevo-renacer.com\/#website","url":"https:\/\/nuevo-renacer.com\/","name":"Uni\u00f3n Esp\u00edrita","description":"Nuevo Renacer","publisher":{"@id":"https:\/\/nuevo-renacer.com\/#organization"},"potentialAction":[{"@type":"SearchAction","target":{"@type":"EntryPoint","urlTemplate":"https:\/\/nuevo-renacer.com\/?s={search_term_string}"},"query-input":{"@type":"PropertyValueSpecification","valueRequired":true,"valueName":"search_term_string"}}],"inLanguage":"it-IT"},{"@type":"Organization","@id":"https:\/\/nuevo-renacer.com\/#organization","name":"UFEC","url":"https:\/\/nuevo-renacer.com\/","logo":{"@type":"ImageObject","inLanguage":"it-IT","@id":"https:\/\/nuevo-renacer.com\/#\/schema\/logo\/image\/","url":"https:\/\/nuevo-renacer.com\/wp-content\/uploads\/2024\/05\/cropped-LOGO-TERMINADO1-3-3.png","contentUrl":"https:\/\/nuevo-renacer.com\/wp-content\/uploads\/2024\/05\/cropped-LOGO-TERMINADO1-3-3.png","width":512,"height":512,"caption":"UFEC"},"image":{"@id":"https:\/\/nuevo-renacer.com\/#\/schema\/logo\/image\/"},"sameAs":["https:\/\/www.facebook.com\/groups\/3431398063740829"]}]}},"uagb_featured_image_src":{"full":["https:\/\/nuevo-renacer.com\/wp-content\/uploads\/2024\/07\/440889529_7788030851217329_6529675823081718258_n.jpg",410,410,false],"thumbnail":["https:\/\/nuevo-renacer.com\/wp-content\/uploads\/2024\/07\/440889529_7788030851217329_6529675823081718258_n-150x150.jpg",150,150,true],"medium":["https:\/\/nuevo-renacer.com\/wp-content\/uploads\/2024\/07\/440889529_7788030851217329_6529675823081718258_n-300x300.jpg",300,300,true],"medium_large":["https:\/\/nuevo-renacer.com\/wp-content\/uploads\/2024\/07\/440889529_7788030851217329_6529675823081718258_n.jpg",410,410,false],"large":["https:\/\/nuevo-renacer.com\/wp-content\/uploads\/2024\/07\/440889529_7788030851217329_6529675823081718258_n.jpg",410,410,false],"1536x1536":["https:\/\/nuevo-renacer.com\/wp-content\/uploads\/2024\/07\/440889529_7788030851217329_6529675823081718258_n.jpg",410,410,false],"2048x2048":["https:\/\/nuevo-renacer.com\/wp-content\/uploads\/2024\/07\/440889529_7788030851217329_6529675823081718258_n.jpg",410,410,false],"trp-custom-language-flag":["https:\/\/nuevo-renacer.com\/wp-content\/uploads\/2024\/07\/440889529_7788030851217329_6529675823081718258_n-12x12.jpg",12,12,true]},"uagb_author_info":{"display_name":"adbv0","author_link":"https:\/\/nuevo-renacer.com\/it\/author\/adbv0\/"},"uagb_comment_info":0,"uagb_excerpt":"Los muertos son los invisibles, pero no los ausentes En efecto. Pero como quiz\u00e1s Ud. Tenga una idea diferente o un pensamiento equivocado, lo invitamos a reflexionar sobre lo siguiente: Si Ud. Cree en la existencia de Dios Creador de todo lo que existe y fuente de sabidur\u00eda, de bondad y de justicia \u00bfporqu\u00e9 mira&hellip;","jetpack_sharing_enabled":true,"_links":{"self":[{"href":"https:\/\/nuevo-renacer.com\/it\/wp-json\/wp\/v2\/pages\/4003","targetHints":{"allow":["GET"]}}],"collection":[{"href":"https:\/\/nuevo-renacer.com\/it\/wp-json\/wp\/v2\/pages"}],"about":[{"href":"https:\/\/nuevo-renacer.com\/it\/wp-json\/wp\/v2\/types\/page"}],"author":[{"embeddable":true,"href":"https:\/\/nuevo-renacer.com\/it\/wp-json\/wp\/v2\/users\/1"}],"replies":[{"embeddable":true,"href":"https:\/\/nuevo-renacer.com\/it\/wp-json\/wp\/v2\/comments?post=4003"}],"version-history":[{"count":5,"href":"https:\/\/nuevo-renacer.com\/it\/wp-json\/wp\/v2\/pages\/4003\/revisions"}],"predecessor-version":[{"id":4009,"href":"https:\/\/nuevo-renacer.com\/it\/wp-json\/wp\/v2\/pages\/4003\/revisions\/4009"}],"wp:featuredmedia":[{"embeddable":true,"href":"https:\/\/nuevo-renacer.com\/it\/wp-json\/wp\/v2\/media\/4007"}],"wp:attachment":[{"href":"https:\/\/nuevo-renacer.com\/it\/wp-json\/wp\/v2\/media?parent=4003"}],"curies":[{"name":"wp","href":"https:\/\/api.w.org\/{rel}","templated":true}]}}