{"id":3940,"date":"2024-07-17T08:54:03","date_gmt":"2024-07-17T08:54:03","guid":{"rendered":"https:\/\/ufec-mundial.com\/?page_id=3940"},"modified":"2024-12-17T10:37:59","modified_gmt":"2024-12-17T10:37:59","slug":"antonio-lima","status":"publish","type":"page","link":"https:\/\/nuevo-renacer.com\/it\/antonio-lima\/","title":{"rendered":"Ant\u00f4nio Lima"},"content":{"rendered":"<div class=\"wp-block-uagb-container uagb-block-e787a7b1 alignfull uagb-is-root-container\"><div class=\"uagb-container-inner-blocks-wrap\">\n<p class=\"has-black-color has-text-color has-link-color has-medium-font-size wp-elements-1cfbea983fa2d4ff649ba0785cd4238d\"><strong>Ant\u00f4nio Lima<\/strong><\/p>\n<\/div><\/div>\n\n\n\n<div class=\"wp-block-uagb-container uagb-block-840cfe58 alignfull uagb-is-root-container\"><div class=\"uagb-container-inner-blocks-wrap\">\n<figure class=\"wp-block-image size-full is-resized\"><img fetchpriority=\"high\" decoding=\"async\" width=\"400\" height=\"576\" src=\"https:\/\/ufec-mundial.com\/wp-content\/uploads\/2024\/07\/antonio.jpg\" alt=\"\" class=\"wp-image-3942\" style=\"width:211px;height:auto\" srcset=\"https:\/\/nuevo-renacer.com\/wp-content\/uploads\/2024\/07\/antonio.jpg 400w, https:\/\/nuevo-renacer.com\/wp-content\/uploads\/2024\/07\/antonio-208x300.jpg 208w, https:\/\/nuevo-renacer.com\/wp-content\/uploads\/2024\/07\/antonio-8x12.jpg 8w\" sizes=\"(max-width: 400px) 100vw, 400px\" \/><\/figure>\n<\/div><\/div>\n\n\n\n<div class=\"wp-block-uagb-container uagb-block-6dae8df8 alignfull uagb-is-root-container\"><div class=\"uagb-container-inner-blocks-wrap\">\n<p class=\"has-black-color has-text-color has-link-color has-small-font-size wp-elements-21a9ab90e1af9ac8309550f8adf824c5\">Ant\u00f4nio Lima naci\u00f3 en la antigua capital del Imperio, R\u00edo de Janeiro, el 30 de marzo de 1864. Fue uno de los pioneros del Espiritismo en R\u00edo de Janeiro, y no se sabe exactamente c\u00f3mo conoci\u00f3 la Doctrina. En 1904, la Federaci\u00f3n Esp\u00edrita Brasile\u00f1a (FEB) public\u00f3 los libros de la Codificaci\u00f3n traducidos por \u00e9l, en edici\u00f3n especial conmemorativa del primer centenario del nacimiento de Allan Kardec.<\/p>\n\n\n\n<p class=\"has-black-color has-text-color has-link-color has-small-font-size wp-elements-b1ad00f51477aefac9a2649f86d3ea28\">Escritor, periodista y gran expositor de la Doctrina, Lima dej\u00f3 una vasta bibliograf\u00eda de obras esp\u00edritas y no esp\u00edritas, adem\u00e1s de varias traducciones del franc\u00e9s, ingl\u00e9s y espa\u00f1ol. Entre sus libros destacan: Belos, Flores Fanadas y Canto do Cisne (versos), Epopeia da Natureza (episodio l\u00edrico), O Cora\u00e7\u00e3o de Jesus (poema evang\u00e9lico), La Cruzada Redentora, compuesta por tres novelas: A Caminho do Abismo, Senda de Espinhos y Estrada de Damasco (cadena de vidas sucesivas, enfatizando la reencarnaci\u00f3n con Justicia Divina), y tambi\u00e9n La Son\u00e1mbula y La Vida de Jes\u00fas.<\/p>\n\n\n\n<p class=\"has-black-color has-text-color has-link-color has-small-font-size wp-elements-83ced91f0f1d5ea40a0f6c8625fdf131\">Colabor\u00f3 con toda la prensa espiritista de la \u00e9poca, siendo uno de los expositores m\u00e1s solicitados. Pose\u00eda mediumnidad intuitiva y dec\u00eda que todos sus libros ven\u00edan por inspiraci\u00f3n; sin embargo, no identificaba al autor o autores espirituales y, por eso, firmaba todos sus libros.<\/p>\n\n\n\n<p class=\"has-black-color has-text-color has-link-color has-small-font-size wp-elements-9ac4e602a35ec49401586550efe90a1b\">Defensor ac\u00e9rrimo de la pureza doctrinal, sus palabras eran escuchadas con respeto y admiraci\u00f3n, tanto en cuestiones doctrinales como evang\u00e9licas. Desde joven, fue un verdadero sembrador al servicio de Jes\u00fas, desempe\u00f1ando un papel significativo en la difusi\u00f3n del Espiritismo en diversos frentes de trabajo. Las ciudades de Tr\u00eas Rios, Te\u00f3filo Otoni, Astolfo Dutra, Bicas, Juiz de Fora y muchas otras fueron testigos de su oratoria en conferencias inolvidables.<\/p>\n\n\n\n<p class=\"has-black-color has-text-color has-link-color has-small-font-size wp-elements-ae8f1a32acc4cb1a5ecc9cd1fed19223\">Vivi\u00f3 muchos a\u00f1os en Belo Horizonte, donde dej\u00f3 una larga hoja de servicios a la comunidad esp\u00edrita, entre ellos el de ser uno de los fundadores y primer Presidente de la Uni\u00f3n Esp\u00edrita de Minas Gerais, donde dirigi\u00f3 una gran campa\u00f1a a favor del estudio sistematizado de las obras de Allan Kardec, estudio que atrajo a un gran n\u00famero de inscritos.<\/p>\n\n\n\n<p class=\"has-black-color has-text-color has-link-color has-small-font-size wp-elements-ae278467c24dd3e47f789d96b6f82f39\">Los resultados fueron muy prometedores y muchos de estos aprendices se incorporaron a la primera l\u00ednea de la Doctrina. De esta forma, Ant\u00f4nio Lima dej\u00f3 a su posteridad un registro de valiosos servicios prestados al Espiritismo, como periodista, poeta, escritor y en varios otros frentes de trabajo. Una vida larga y \u00fatil en todos los sentidos, especialmente como disc\u00edpulo de Cristo en la preparaci\u00f3n del terreno para el tercer milenio.<\/p>\n\n\n\n<p class=\"has-black-color has-text-color has-link-color has-small-font-size wp-elements-00d2083e87cd5ae8b6b01d2e69e01a5f\">Fue uno de los promotores del movimiento de Unificaci\u00f3n preconizado por el Dr. Bezerra de Menezes cuando era presidente de la Federaci\u00f3n Esp\u00edrita Brasile\u00f1a. En 1922, representantes de casi todas las Federaciones Estatales se reunieron en R\u00edo de Janeiro, en un anticipo del Pacto de Oro, que s\u00f3lo fructific\u00f3 en 1949.<\/p>\n\n\n\n<p class=\"has-black-color has-text-color has-link-color has-small-font-size wp-elements-053ab0a987b47d14831067c3acd7f2e4\">En la d\u00e9cada de 1940, el desaparecido peri\u00f3dico A Vanguarda, de gran tirada y prestigio en R\u00edo de Janeiro e incluso en todo Brasil, realiz\u00f3 una serie de entrevistas a destacadas figuras del Espiritismo sobre el tema \u00abLa influencia de la m\u00fasica en los medios esp\u00edritas\u00bb. \u00c1lvaro Brand\u00e3o da Rocha entrevist\u00f3 a Ant\u00f4nio Lima, que dijo: \u00abTodos conocemos las p\u00e1ginas de las Obras P\u00f3stumas del maestro de Kardec, en las que Bellini dice que \u201cla m\u00fasica del Cielo es una sublimidad comparada con la m\u00fasica de la Tierra\u201d y el inspirado autor de La Son\u00e1mbula a\u00f1ade \u201cque no encontramos bella la m\u00fasica terrestre, porque las voces m\u00e1s bellas o los instrumentos materiales no pueden darnos idea de la m\u00fasica celestial y de su suave armon\u00eda\u201d\u00bb.<\/p>\n\n\n\n<p class=\"has-black-color has-text-color has-link-color has-small-font-size wp-elements-44b1aa85b32efd8fd94d59fb114d8b72\">En 1944, el profesor Leopoldo Machado, debidamente autorizado por la direcci\u00f3n de A Vanguarda, public\u00f3 un libro titulado Um Inqu\u00e9rito Original (Una Investigaci\u00f3n Original), basado en una entrevista con Ant\u00f4nio Lima y en beneficio de O Lar de Jesus, instituci\u00f3n de beneficencia para ni\u00f1os hu\u00e9rfanos de Nova Igua\u00e7u, RJ.<\/p>\n\n\n\n<p class=\"has-black-color has-text-color has-link-color has-small-font-size wp-elements-a6e21696f68f92949d1968cc93503df7\">Con casi 80 a\u00f1os, tom\u00f3 la iniciativa de fundar la Sociedad Editora de los Libros de Allan Kardec, cuya sigla era \u00abSEAL\u00bb, con el objetivo de abaratar los libros b\u00e1sicos del Espiritismo. Uno de sus bi\u00f3grafos cuenta que Ant\u00f4nio Lima fue un verdadero autodidacta, pues aprendi\u00f3 a leer solo.<\/p>\n\n\n\n<p class=\"has-black-color has-text-color has-link-color has-small-font-size wp-elements-665a586974ce384d60f66b2143db41e0\">Ant\u00f4nio Lima muri\u00f3 en Para\u00edba do Sul, el 26 de marzo de 1946, apenas cuatro d\u00edas antes de cumplir 82 a\u00f1os. Estaba pasando una temporada en esa ciudad cuando, solo en una habitaci\u00f3n de hotel, volvi\u00f3 a la Espiritualidad.<\/p>\n\n\n\n<p class=\"has-black-color has-text-color has-link-color has-small-font-size wp-elements-11d5677d8f3675933029171dce81991f\">Gracias a hombres de su calibre, que enfrentaron todo tipo de hostilidades contra el Espiritismo, tanto de la ciencia como de las religiones dogm\u00e1ticas, hoy podemos respirar otro clima de respeto y simpat\u00eda por la Doctrina de los Esp\u00edritus.<\/p>\n<\/div><\/div>\n\n\n\n<div class=\"wp-block-uagb-container uagb-block-c5301b95 alignfull uagb-is-root-container\"><div class=\"uagb-container-inner-blocks-wrap\"><\/div><\/div>\n\n\n\n<div class=\"wp-block-uagb-container uagb-block-37a6c433 alignfull uagb-is-root-container\"><div class=\"uagb-container-inner-blocks-wrap\"><\/div><\/div>","protected":false},"excerpt":{"rendered":"<p>Ant\u00f4nio Lima Ant\u00f4nio Lima naci\u00f3 en la antigua capital del Imperio, R\u00edo de Janeiro, el 30 de marzo de 1864. Fue uno de los pioneros del Espiritismo en R\u00edo de Janeiro, y no se sabe exactamente c\u00f3mo conoci\u00f3 la Doctrina. En 1904, la Federaci\u00f3n Esp\u00edrita Brasile\u00f1a (FEB) public\u00f3 los libros de la Codificaci\u00f3n traducidos por [&hellip;]<\/p>","protected":false},"author":1,"featured_media":3942,"parent":0,"menu_order":0,"comment_status":"closed","ping_status":"closed","template":"","meta":{"_uag_custom_page_level_css":"","site-sidebar-layout":"default","site-content-layout":"","ast-site-content-layout":"default","site-content-style":"default","site-sidebar-style":"default","ast-global-header-display":"","ast-banner-title-visibility":"","ast-main-header-display":"","ast-hfb-above-header-display":"","ast-hfb-below-header-display":"","ast-hfb-mobile-header-display":"","site-post-title":"","ast-breadcrumbs-content":"","ast-featured-img":"","footer-sml-layout":"","theme-transparent-header-meta":"","adv-header-id-meta":"","stick-header-meta":"","header-above-stick-meta":"","header-main-stick-meta":"","header-below-stick-meta":"","astra-migrate-meta-layouts":"set","ast-page-background-enabled":"default","ast-page-background-meta":{"desktop":{"background-color":"var(--ast-global-color-4)","background-image":"","background-repeat":"repeat","background-position":"center center","background-size":"auto","background-attachment":"scroll","background-type":"","background-media":"","overlay-type":"","overlay-color":"","overlay-opacity":"","overlay-gradient":""},"tablet":{"background-color":"","background-image":"","background-repeat":"repeat","background-position":"center center","background-size":"auto","background-attachment":"scroll","background-type":"","background-media":"","overlay-type":"","overlay-color":"","overlay-opacity":"","overlay-gradient":""},"mobile":{"background-color":"","background-image":"","background-repeat":"repeat","background-position":"center center","background-size":"auto","background-attachment":"scroll","background-type":"","background-media":"","overlay-type":"","overlay-color":"","overlay-opacity":"","overlay-gradient":""}},"ast-content-background-meta":{"desktop":{"background-color":"var(--ast-global-color-5)","background-image":"","background-repeat":"repeat","background-position":"center center","background-size":"auto","background-attachment":"scroll","background-type":"","background-media":"","overlay-type":"","overlay-color":"","overlay-opacity":"","overlay-gradient":""},"tablet":{"background-color":"var(--ast-global-color-5)","background-image":"","background-repeat":"repeat","background-position":"center center","background-size":"auto","background-attachment":"scroll","background-type":"","background-media":"","overlay-type":"","overlay-color":"","overlay-opacity":"","overlay-gradient":""},"mobile":{"background-color":"var(--ast-global-color-5)","background-image":"","background-repeat":"repeat","background-position":"center center","background-size":"auto","background-attachment":"scroll","background-type":"","background-media":"","overlay-type":"","overlay-color":"","overlay-opacity":"","overlay-gradient":""}},"footnotes":""},"class_list":["post-3940","page","type-page","status-publish","has-post-thumbnail","hentry"],"yoast_head":"<!-- This site is optimized with the Yoast SEO Premium plugin v24.2 (Yoast SEO v24.6) - https:\/\/yoast.com\/wordpress\/plugins\/seo\/ -->\n<title>Ant\u00f4nio Lima - Uni\u00f3n Esp\u00edrita<\/title>\n<meta name=\"robots\" content=\"index, follow, max-snippet:-1, max-image-preview:large, max-video-preview:-1\" \/>\n<link rel=\"canonical\" href=\"https:\/\/nuevo-renacer.com\/it\/antonio-lima\/\" \/>\n<meta property=\"og:locale\" content=\"it_IT\" \/>\n<meta property=\"og:type\" content=\"article\" \/>\n<meta property=\"og:title\" content=\"Ant\u00f4nio Lima\" \/>\n<meta property=\"og:description\" content=\"Ant\u00f4nio Lima Ant\u00f4nio Lima naci\u00f3 en la antigua capital del Imperio, R\u00edo de Janeiro, el 30 de marzo de 1864. Fue uno de los pioneros del Espiritismo en R\u00edo de Janeiro, y no se sabe exactamente c\u00f3mo conoci\u00f3 la Doctrina. En 1904, la Federaci\u00f3n Esp\u00edrita Brasile\u00f1a (FEB) public\u00f3 los libros de la Codificaci\u00f3n traducidos por [&hellip;]\" \/>\n<meta property=\"og:url\" content=\"https:\/\/nuevo-renacer.com\/it\/antonio-lima\/\" \/>\n<meta property=\"og:site_name\" content=\"Uni\u00f3n Esp\u00edrita\" \/>\n<meta property=\"article:publisher\" content=\"https:\/\/www.facebook.com\/groups\/3431398063740829\" \/>\n<meta property=\"article:modified_time\" content=\"2024-12-17T10:37:59+00:00\" \/>\n<meta property=\"og:image\" content=\"https:\/\/nuevo-renacer.com\/wp-content\/uploads\/2024\/07\/antonio.jpg\" \/>\n\t<meta property=\"og:image:width\" content=\"400\" \/>\n\t<meta property=\"og:image:height\" content=\"576\" \/>\n\t<meta property=\"og:image:type\" content=\"image\/jpeg\" \/>\n<meta name=\"twitter:card\" content=\"summary_large_image\" \/>\n<meta name=\"twitter:label1\" content=\"Tempo di lettura stimato\" \/>\n\t<meta name=\"twitter:data1\" content=\"4 minuti\" \/>\n<script type=\"application\/ld+json\" class=\"yoast-schema-graph\">{\"@context\":\"https:\/\/schema.org\",\"@graph\":[{\"@type\":\"WebPage\",\"@id\":\"https:\/\/nuevo-renacer.com\/antonio-lima\/\",\"url\":\"https:\/\/nuevo-renacer.com\/antonio-lima\/\",\"name\":\"Ant\u00f4nio Lima - Uni\u00f3n Esp\u00edrita\",\"isPartOf\":{\"@id\":\"https:\/\/nuevo-renacer.com\/#website\"},\"primaryImageOfPage\":{\"@id\":\"https:\/\/nuevo-renacer.com\/antonio-lima\/#primaryimage\"},\"image\":{\"@id\":\"https:\/\/nuevo-renacer.com\/antonio-lima\/#primaryimage\"},\"thumbnailUrl\":\"https:\/\/nuevo-renacer.com\/wp-content\/uploads\/2024\/07\/antonio.jpg\",\"datePublished\":\"2024-07-17T08:54:03+00:00\",\"dateModified\":\"2024-12-17T10:37:59+00:00\",\"breadcrumb\":{\"@id\":\"https:\/\/nuevo-renacer.com\/antonio-lima\/#breadcrumb\"},\"inLanguage\":\"it-IT\",\"potentialAction\":[{\"@type\":\"ReadAction\",\"target\":[\"https:\/\/nuevo-renacer.com\/antonio-lima\/\"]}]},{\"@type\":\"ImageObject\",\"inLanguage\":\"it-IT\",\"@id\":\"https:\/\/nuevo-renacer.com\/antonio-lima\/#primaryimage\",\"url\":\"https:\/\/nuevo-renacer.com\/wp-content\/uploads\/2024\/07\/antonio.jpg\",\"contentUrl\":\"https:\/\/nuevo-renacer.com\/wp-content\/uploads\/2024\/07\/antonio.jpg\",\"width\":400,\"height\":576},{\"@type\":\"BreadcrumbList\",\"@id\":\"https:\/\/nuevo-renacer.com\/antonio-lima\/#breadcrumb\",\"itemListElement\":[{\"@type\":\"ListItem\",\"position\":1,\"name\":\"Startseite\",\"item\":\"https:\/\/nuevo-renacer.com\/\"},{\"@type\":\"ListItem\",\"position\":2,\"name\":\"Ant\u00f4nio Lima\"}]},{\"@type\":\"WebSite\",\"@id\":\"https:\/\/nuevo-renacer.com\/#website\",\"url\":\"https:\/\/nuevo-renacer.com\/\",\"name\":\"Uni\u00f3n Esp\u00edrita\",\"description\":\"Nuevo Renacer\",\"publisher\":{\"@id\":\"https:\/\/nuevo-renacer.com\/#organization\"},\"potentialAction\":[{\"@type\":\"SearchAction\",\"target\":{\"@type\":\"EntryPoint\",\"urlTemplate\":\"https:\/\/nuevo-renacer.com\/?s={search_term_string}\"},\"query-input\":{\"@type\":\"PropertyValueSpecification\",\"valueRequired\":true,\"valueName\":\"search_term_string\"}}],\"inLanguage\":\"it-IT\"},{\"@type\":\"Organization\",\"@id\":\"https:\/\/nuevo-renacer.com\/#organization\",\"name\":\"UFEC\",\"url\":\"https:\/\/nuevo-renacer.com\/\",\"logo\":{\"@type\":\"ImageObject\",\"inLanguage\":\"it-IT\",\"@id\":\"https:\/\/nuevo-renacer.com\/#\/schema\/logo\/image\/\",\"url\":\"https:\/\/nuevo-renacer.com\/wp-content\/uploads\/2024\/05\/cropped-LOGO-TERMINADO1-3-3.png\",\"contentUrl\":\"https:\/\/nuevo-renacer.com\/wp-content\/uploads\/2024\/05\/cropped-LOGO-TERMINADO1-3-3.png\",\"width\":512,\"height\":512,\"caption\":\"UFEC\"},\"image\":{\"@id\":\"https:\/\/nuevo-renacer.com\/#\/schema\/logo\/image\/\"},\"sameAs\":[\"https:\/\/www.facebook.com\/groups\/3431398063740829\"]}]}<\/script>\n<!-- \/ Yoast SEO Premium plugin. -->","yoast_head_json":{"title":"Ant\u00f4nio Lima - Uni\u00f3n Esp\u00edrita","robots":{"index":"index","follow":"follow","max-snippet":"max-snippet:-1","max-image-preview":"max-image-preview:large","max-video-preview":"max-video-preview:-1"},"canonical":"https:\/\/nuevo-renacer.com\/it\/antonio-lima\/","og_locale":"it_IT","og_type":"article","og_title":"Ant\u00f4nio Lima","og_description":"Ant\u00f4nio Lima Ant\u00f4nio Lima naci\u00f3 en la antigua capital del Imperio, R\u00edo de Janeiro, el 30 de marzo de 1864. Fue uno de los pioneros del Espiritismo en R\u00edo de Janeiro, y no se sabe exactamente c\u00f3mo conoci\u00f3 la Doctrina. En 1904, la Federaci\u00f3n Esp\u00edrita Brasile\u00f1a (FEB) public\u00f3 los libros de la Codificaci\u00f3n traducidos por [&hellip;]","og_url":"https:\/\/nuevo-renacer.com\/it\/antonio-lima\/","og_site_name":"Uni\u00f3n Esp\u00edrita","article_publisher":"https:\/\/www.facebook.com\/groups\/3431398063740829","article_modified_time":"2024-12-17T10:37:59+00:00","og_image":[{"width":400,"height":576,"url":"https:\/\/nuevo-renacer.com\/wp-content\/uploads\/2024\/07\/antonio.jpg","type":"image\/jpeg"}],"twitter_card":"summary_large_image","twitter_misc":{"Tempo di lettura stimato":"4 minuti"},"schema":{"@context":"https:\/\/schema.org","@graph":[{"@type":"WebPage","@id":"https:\/\/nuevo-renacer.com\/antonio-lima\/","url":"https:\/\/nuevo-renacer.com\/antonio-lima\/","name":"Ant\u00f4nio Lima - Uni\u00f3n Esp\u00edrita","isPartOf":{"@id":"https:\/\/nuevo-renacer.com\/#website"},"primaryImageOfPage":{"@id":"https:\/\/nuevo-renacer.com\/antonio-lima\/#primaryimage"},"image":{"@id":"https:\/\/nuevo-renacer.com\/antonio-lima\/#primaryimage"},"thumbnailUrl":"https:\/\/nuevo-renacer.com\/wp-content\/uploads\/2024\/07\/antonio.jpg","datePublished":"2024-07-17T08:54:03+00:00","dateModified":"2024-12-17T10:37:59+00:00","breadcrumb":{"@id":"https:\/\/nuevo-renacer.com\/antonio-lima\/#breadcrumb"},"inLanguage":"it-IT","potentialAction":[{"@type":"ReadAction","target":["https:\/\/nuevo-renacer.com\/antonio-lima\/"]}]},{"@type":"ImageObject","inLanguage":"it-IT","@id":"https:\/\/nuevo-renacer.com\/antonio-lima\/#primaryimage","url":"https:\/\/nuevo-renacer.com\/wp-content\/uploads\/2024\/07\/antonio.jpg","contentUrl":"https:\/\/nuevo-renacer.com\/wp-content\/uploads\/2024\/07\/antonio.jpg","width":400,"height":576},{"@type":"BreadcrumbList","@id":"https:\/\/nuevo-renacer.com\/antonio-lima\/#breadcrumb","itemListElement":[{"@type":"ListItem","position":1,"name":"Startseite","item":"https:\/\/nuevo-renacer.com\/"},{"@type":"ListItem","position":2,"name":"Ant\u00f4nio Lima"}]},{"@type":"WebSite","@id":"https:\/\/nuevo-renacer.com\/#website","url":"https:\/\/nuevo-renacer.com\/","name":"Uni\u00f3n Esp\u00edrita","description":"Nuevo Renacer","publisher":{"@id":"https:\/\/nuevo-renacer.com\/#organization"},"potentialAction":[{"@type":"SearchAction","target":{"@type":"EntryPoint","urlTemplate":"https:\/\/nuevo-renacer.com\/?s={search_term_string}"},"query-input":{"@type":"PropertyValueSpecification","valueRequired":true,"valueName":"search_term_string"}}],"inLanguage":"it-IT"},{"@type":"Organization","@id":"https:\/\/nuevo-renacer.com\/#organization","name":"UFEC","url":"https:\/\/nuevo-renacer.com\/","logo":{"@type":"ImageObject","inLanguage":"it-IT","@id":"https:\/\/nuevo-renacer.com\/#\/schema\/logo\/image\/","url":"https:\/\/nuevo-renacer.com\/wp-content\/uploads\/2024\/05\/cropped-LOGO-TERMINADO1-3-3.png","contentUrl":"https:\/\/nuevo-renacer.com\/wp-content\/uploads\/2024\/05\/cropped-LOGO-TERMINADO1-3-3.png","width":512,"height":512,"caption":"UFEC"},"image":{"@id":"https:\/\/nuevo-renacer.com\/#\/schema\/logo\/image\/"},"sameAs":["https:\/\/www.facebook.com\/groups\/3431398063740829"]}]}},"uagb_featured_image_src":{"full":["https:\/\/nuevo-renacer.com\/wp-content\/uploads\/2024\/07\/antonio.jpg",400,576,false],"thumbnail":["https:\/\/nuevo-renacer.com\/wp-content\/uploads\/2024\/07\/antonio-150x150.jpg",150,150,true],"medium":["https:\/\/nuevo-renacer.com\/wp-content\/uploads\/2024\/07\/antonio-208x300.jpg",208,300,true],"medium_large":["https:\/\/nuevo-renacer.com\/wp-content\/uploads\/2024\/07\/antonio.jpg",400,576,false],"large":["https:\/\/nuevo-renacer.com\/wp-content\/uploads\/2024\/07\/antonio.jpg",400,576,false],"1536x1536":["https:\/\/nuevo-renacer.com\/wp-content\/uploads\/2024\/07\/antonio.jpg",400,576,false],"2048x2048":["https:\/\/nuevo-renacer.com\/wp-content\/uploads\/2024\/07\/antonio.jpg",400,576,false],"trp-custom-language-flag":["https:\/\/nuevo-renacer.com\/wp-content\/uploads\/2024\/07\/antonio-8x12.jpg",8,12,true]},"uagb_author_info":{"display_name":"adbv0","author_link":"https:\/\/nuevo-renacer.com\/it\/author\/adbv0\/"},"uagb_comment_info":0,"uagb_excerpt":"Ant\u00f4nio Lima Ant\u00f4nio Lima naci\u00f3 en la antigua capital del Imperio, R\u00edo de Janeiro, el 30 de marzo de 1864. Fue uno de los pioneros del Espiritismo en R\u00edo de Janeiro, y no se sabe exactamente c\u00f3mo conoci\u00f3 la Doctrina. En 1904, la Federaci\u00f3n Esp\u00edrita Brasile\u00f1a (FEB) public\u00f3 los libros de la Codificaci\u00f3n traducidos por&hellip;","jetpack_sharing_enabled":true,"_links":{"self":[{"href":"https:\/\/nuevo-renacer.com\/it\/wp-json\/wp\/v2\/pages\/3940","targetHints":{"allow":["GET"]}}],"collection":[{"href":"https:\/\/nuevo-renacer.com\/it\/wp-json\/wp\/v2\/pages"}],"about":[{"href":"https:\/\/nuevo-renacer.com\/it\/wp-json\/wp\/v2\/types\/page"}],"author":[{"embeddable":true,"href":"https:\/\/nuevo-renacer.com\/it\/wp-json\/wp\/v2\/users\/1"}],"replies":[{"embeddable":true,"href":"https:\/\/nuevo-renacer.com\/it\/wp-json\/wp\/v2\/comments?post=3940"}],"version-history":[{"count":3,"href":"https:\/\/nuevo-renacer.com\/it\/wp-json\/wp\/v2\/pages\/3940\/revisions"}],"predecessor-version":[{"id":6547,"href":"https:\/\/nuevo-renacer.com\/it\/wp-json\/wp\/v2\/pages\/3940\/revisions\/6547"}],"wp:featuredmedia":[{"embeddable":true,"href":"https:\/\/nuevo-renacer.com\/it\/wp-json\/wp\/v2\/media\/3942"}],"wp:attachment":[{"href":"https:\/\/nuevo-renacer.com\/it\/wp-json\/wp\/v2\/media?parent=3940"}],"curies":[{"name":"wp","href":"https:\/\/api.w.org\/{rel}","templated":true}]}}