{"id":3928,"date":"2024-07-17T08:15:01","date_gmt":"2024-07-17T08:15:01","guid":{"rendered":"https:\/\/ufec-mundial.com\/?page_id=3928"},"modified":"2024-07-17T08:15:05","modified_gmt":"2024-07-17T08:15:05","slug":"amelia-rodrigues","status":"publish","type":"page","link":"https:\/\/nuevo-renacer.com\/it\/amelia-rodrigues\/","title":{"rendered":"Am\u00e9lia Rodrigues"},"content":{"rendered":"<div class=\"wp-block-uagb-container uagb-block-a180046c alignfull uagb-is-root-container\"><div class=\"uagb-container-inner-blocks-wrap\">\n<p class=\"has-medium-font-size\"><strong>Am\u00e9lia Rodrigues<\/strong><\/p>\n<\/div><\/div>\n\n\n\n<div class=\"wp-block-uagb-container uagb-block-ff4656c6 alignfull uagb-is-root-container\"><div class=\"uagb-container-inner-blocks-wrap\">\n<figure class=\"wp-block-image size-full is-resized\"><img fetchpriority=\"high\" decoding=\"async\" width=\"500\" height=\"708\" src=\"https:\/\/ufec-mundial.com\/wp-content\/uploads\/2024\/07\/foto_amelia.jpg\" alt=\"\" class=\"wp-image-3930\" style=\"width:253px;height:auto\" srcset=\"https:\/\/nuevo-renacer.com\/wp-content\/uploads\/2024\/07\/foto_amelia.jpg 500w, https:\/\/nuevo-renacer.com\/wp-content\/uploads\/2024\/07\/foto_amelia-212x300.jpg 212w, https:\/\/nuevo-renacer.com\/wp-content\/uploads\/2024\/07\/foto_amelia-8x12.jpg 8w\" sizes=\"(max-width: 500px) 100vw, 500px\" \/><\/figure>\n<\/div><\/div>\n\n\n\n<div class=\"wp-block-uagb-container uagb-block-4b0a6c6a alignfull uagb-is-root-container\"><div class=\"uagb-container-inner-blocks-wrap\">\n<p class=\"has-black-color has-text-color has-link-color has-small-font-size wp-elements-b5fcdfa9c71f33b14813c0db3a8236b6\">Am\u00e9lia Augusta do Sacramento Rodrigues naci\u00f3 el 26 de mayo de 1861 en Fazenda Campos, situada en la parroquia de Oliveira dos Campinhos, en el municipio de Santo Amaro da Purifica\u00e7\u00e3o, en el estado de Bah\u00eda. Hija de F\u00e9lix Rodrigues y de do\u00f1a Maria Raquelina Rodrigues, ya desde la infancia mostr\u00f3 una elevada condici\u00f3n espiritual, habiendo comenzado a escribir poes\u00eda a los 12 a\u00f1os.<\/p>\n\n\n\n<p class=\"has-black-color has-text-color has-link-color has-small-font-size wp-elements-da12c4fcab1d5d83057709500f41f396\">Estudi\u00f3 con el can\u00f3nigo Alexandrino do Prado y fue alumna de los profesores Ant\u00f4nio de Ara\u00fajo Gomes de S\u00e1 y Manuel Rodrigues M. de Almeida. Su vocaci\u00f3n por la ense\u00f1anza era innata. Se matricul\u00f3 en la escuela de la profesora C\u00e2ndida \u00c1lvares dos Santos y comenz\u00f3 a dar clases en Arraial da Lapa.<\/p>\n\n\n\n<p class=\"has-black-color has-text-color has-link-color has-small-font-size wp-elements-6dfafabafa4f18973f99a416d05e7489\">Unos a\u00f1os m\u00e1s tarde, solicit\u00f3 una plaza en Santo Amaro da Purifica\u00e7\u00e3o. Tuvo \u00e9xito y ense\u00f1\u00f3 all\u00ed durante ocho a\u00f1os consecutivos. En 1891, gracias a su capacidad pedag\u00f3gica y a su amor por la causa de la educaci\u00f3n, fue trasladada a Salvador y destinada a la Escuela Central del barrio de Santo Ant\u00f4nio.<\/p>\n\n\n\n<p class=\"has-black-color has-text-color has-link-color has-small-font-size wp-elements-acce882e50dc1ecd23561d145673aaf5\">En 1905, una de sus alumnas, a\u00fan adolescente, fue seleccionada para ense\u00f1ar ingl\u00e9s utilizando el sistema del fil\u00f3sofo Spencer. Am\u00e9lia Rodrigues no s\u00f3lo le ayud\u00f3 a comprender el pensamiento del fil\u00f3sofo, sino que complement\u00f3 su aprendizaje. Le dijo: \u00abLos j\u00f3venes necesitan educaci\u00f3n moral, que es el principio fundamental de la disciplina social; sin apelar al coraz\u00f3n, educar es formar en el hombre las fuerzas m\u00e1s duraderas del orden social.\u00bb<\/p>\n\n\n\n<p class=\"has-black-color has-text-color has-link-color has-small-font-size wp-elements-ff0861bf0f8cfdc4edff976834c58410\">El pensamiento de Am\u00e9lia Rodrigues coincide con el de F\u00e9nelon en El Evangelio seg\u00fan el Espiritismo: \u00abEducar es formar hombres de bien, no s\u00f3lo instruirlos\u00bb. Notable profesora, fue tambi\u00e9n poetisa em\u00e9rita, adem\u00e1s de consagrada escritora y teatrista, es decir, leg\u00edtima exponente cultural de las Letras de Bah\u00eda. Entre las obras de teatro que escribi\u00f3 se encuentran \u00abFausta\u00bb y \u00abLa Natividad\u00bb. Tambi\u00e9n escribi\u00f3 obras de literatura infantil, did\u00e1ctica y novelas.<\/p>\n\n\n\n<p class=\"has-black-color has-text-color has-link-color has-small-font-size wp-elements-e1ff88375c7faa9a100d89886f505475\">Cuando se jubil\u00f3, le cost\u00f3 descansar. Su ideal de ense\u00f1ar segu\u00eda vivo. Una vez recuperadas sus energ\u00edas, volvi\u00f3 a la ense\u00f1anza de forma a\u00fan m\u00e1s marcada y fund\u00f3 el Instituto Maternal Mar\u00eda Auxiliadora, que m\u00e1s tarde se convertir\u00eda en la \u00abAcci\u00f3n por los Expuestos\u00bb.<\/p>\n\n\n\n<p class=\"has-black-color has-text-color has-link-color has-small-font-size wp-elements-4fe3ed9fa0b265721c70ab0b074c1b93\">Adem\u00e1s de mostrar claramente su ideolog\u00eda abolicionista, aprovechando el tiempo disponible, se dedic\u00f3 a la literatura y al periodismo, colaborando en publicaciones religiosas, entre ellas \u00abO Mensageiro da F\u00e9\u00bb. Luego en la revista A Paladina y, m\u00e1s tarde, en A Voz.<\/p>\n\n\n\n<p class=\"has-black-color has-text-color has-link-color has-small-font-size wp-elements-b85cf98a0b79ed9a0b0fe9e19c8c9f9f\">Am\u00e9lia Rodrigues desencarn\u00f3 el 22 de agosto de 1926, a los 65 a\u00f1os, en Salvador, dejando su huella de obra inigualable, tanto en la Educaci\u00f3n como en la Literatura y en la Asistencia Social.<\/p>\n\n\n\n<p class=\"has-black-color has-text-color has-link-color has-small-font-size wp-elements-93c4bbd0d92320c24f51eed143f3b89c\">En el Plano Espiritual, prosigui\u00f3 su obra esclarecedora y educativa, basada en el Evangelio de Jes\u00fas, fuente inspiradora de sus obras cuando estaba encarnada. Encontr\u00f3 en la Espiritualidad &#8211; la cosecha infinita de la inmortalidad &#8211; mayor expansi\u00f3n para su esp\u00edritu, sediento de conocimiento y hambriento de amor, dando rienda suelta a sus m\u00e1s nobles deseos.<\/p>\n\n\n\n<p class=\"has-black-color has-text-color has-link-color has-small-font-size wp-elements-882663872711125ce1ffbdd8c7ec926b\">Profundiz\u00f3 en el mensaje de Jes\u00fas y actualmente es miembro de la falange de Joanna de \u00c2ngelis, mentora de Divaldo Pereira Franco. A trav\u00e9s de la psicograf\u00eda del desinteresado m\u00e9dium, ha aportado p\u00e1ginas de una belleza intraducible, que abordan los m\u00e1s variados temas del Evangelio -su tema preferido-, de las que extrae lecciones edificantes para quienes est\u00e1n cansados y abrumados, necesitados de orientaci\u00f3n y consuelo.<\/p>\n\n\n\n<p class=\"has-black-color has-text-color has-link-color has-small-font-size wp-elements-ba27b46bc42d2c36af0979233543d501\">A trav\u00e9s de la psicograf\u00eda de Divaldo, Am\u00e9lia Rodrigues trajo las siguientes obras: Hasta el fin de los tiempos; Hay flores en el camino; Luz del mundo; El sembrador (para ni\u00f1os); Por los caminos de Jes\u00fas; Primicias del Reino; Cuando vuelva la primavera, y Trigo de Dios.<\/p>\n<\/div><\/div>","protected":false},"excerpt":{"rendered":"<p>Am\u00e9lia Rodrigues Am\u00e9lia Augusta do Sacramento Rodrigues naci\u00f3 el 26 de mayo de 1861 en Fazenda Campos, situada en la parroquia de Oliveira dos Campinhos, en el municipio de Santo Amaro da Purifica\u00e7\u00e3o, en el estado de Bah\u00eda. Hija de F\u00e9lix Rodrigues y de do\u00f1a Maria Raquelina Rodrigues, ya desde la infancia mostr\u00f3 una elevada [&hellip;]<\/p>","protected":false},"author":1,"featured_media":3930,"parent":0,"menu_order":0,"comment_status":"closed","ping_status":"closed","template":"","meta":{"_uag_custom_page_level_css":"","site-sidebar-layout":"default","site-content-layout":"","ast-site-content-layout":"default","site-content-style":"default","site-sidebar-style":"default","ast-global-header-display":"","ast-banner-title-visibility":"","ast-main-header-display":"","ast-hfb-above-header-display":"","ast-hfb-below-header-display":"","ast-hfb-mobile-header-display":"","site-post-title":"","ast-breadcrumbs-content":"","ast-featured-img":"","footer-sml-layout":"","theme-transparent-header-meta":"","adv-header-id-meta":"","stick-header-meta":"","header-above-stick-meta":"","header-main-stick-meta":"","header-below-stick-meta":"","astra-migrate-meta-layouts":"set","ast-page-background-enabled":"default","ast-page-background-meta":{"desktop":{"background-color":"var(--ast-global-color-4)","background-image":"","background-repeat":"repeat","background-position":"center center","background-size":"auto","background-attachment":"scroll","background-type":"","background-media":"","overlay-type":"","overlay-color":"","overlay-opacity":"","overlay-gradient":""},"tablet":{"background-color":"","background-image":"","background-repeat":"repeat","background-position":"center center","background-size":"auto","background-attachment":"scroll","background-type":"","background-media":"","overlay-type":"","overlay-color":"","overlay-opacity":"","overlay-gradient":""},"mobile":{"background-color":"","background-image":"","background-repeat":"repeat","background-position":"center center","background-size":"auto","background-attachment":"scroll","background-type":"","background-media":"","overlay-type":"","overlay-color":"","overlay-opacity":"","overlay-gradient":""}},"ast-content-background-meta":{"desktop":{"background-color":"var(--ast-global-color-5)","background-image":"","background-repeat":"repeat","background-position":"center center","background-size":"auto","background-attachment":"scroll","background-type":"","background-media":"","overlay-type":"","overlay-color":"","overlay-opacity":"","overlay-gradient":""},"tablet":{"background-color":"var(--ast-global-color-5)","background-image":"","background-repeat":"repeat","background-position":"center center","background-size":"auto","background-attachment":"scroll","background-type":"","background-media":"","overlay-type":"","overlay-color":"","overlay-opacity":"","overlay-gradient":""},"mobile":{"background-color":"var(--ast-global-color-5)","background-image":"","background-repeat":"repeat","background-position":"center center","background-size":"auto","background-attachment":"scroll","background-type":"","background-media":"","overlay-type":"","overlay-color":"","overlay-opacity":"","overlay-gradient":""}},"footnotes":""},"class_list":["post-3928","page","type-page","status-publish","has-post-thumbnail","hentry"],"yoast_head":"<!-- This site is optimized with the Yoast SEO Premium plugin v24.2 (Yoast SEO v24.6) - https:\/\/yoast.com\/wordpress\/plugins\/seo\/ -->\n<title>Am\u00e9lia Rodrigues - Uni\u00f3n Esp\u00edrita<\/title>\n<meta name=\"robots\" content=\"index, follow, max-snippet:-1, max-image-preview:large, max-video-preview:-1\" \/>\n<link rel=\"canonical\" href=\"https:\/\/nuevo-renacer.com\/it\/amelia-rodrigues\/\" \/>\n<meta property=\"og:locale\" content=\"it_IT\" \/>\n<meta property=\"og:type\" content=\"article\" \/>\n<meta property=\"og:title\" content=\"Am\u00e9lia Rodrigues\" \/>\n<meta property=\"og:description\" content=\"Am\u00e9lia Rodrigues Am\u00e9lia Augusta do Sacramento Rodrigues naci\u00f3 el 26 de mayo de 1861 en Fazenda Campos, situada en la parroquia de Oliveira dos Campinhos, en el municipio de Santo Amaro da Purifica\u00e7\u00e3o, en el estado de Bah\u00eda. Hija de F\u00e9lix Rodrigues y de do\u00f1a Maria Raquelina Rodrigues, ya desde la infancia mostr\u00f3 una elevada [&hellip;]\" \/>\n<meta property=\"og:url\" content=\"https:\/\/nuevo-renacer.com\/it\/amelia-rodrigues\/\" \/>\n<meta property=\"og:site_name\" content=\"Uni\u00f3n Esp\u00edrita\" \/>\n<meta property=\"article:publisher\" content=\"https:\/\/www.facebook.com\/groups\/3431398063740829\" \/>\n<meta property=\"article:modified_time\" content=\"2024-07-17T08:15:05+00:00\" \/>\n<meta property=\"og:image\" content=\"https:\/\/nuevo-renacer.com\/wp-content\/uploads\/2024\/07\/foto_amelia.jpg\" \/>\n\t<meta property=\"og:image:width\" content=\"500\" \/>\n\t<meta property=\"og:image:height\" content=\"708\" \/>\n\t<meta property=\"og:image:type\" content=\"image\/jpeg\" \/>\n<meta name=\"twitter:card\" content=\"summary_large_image\" \/>\n<meta name=\"twitter:label1\" content=\"Tempo di lettura stimato\" \/>\n\t<meta name=\"twitter:data1\" content=\"3 minuti\" \/>\n<script type=\"application\/ld+json\" class=\"yoast-schema-graph\">{\"@context\":\"https:\/\/schema.org\",\"@graph\":[{\"@type\":\"WebPage\",\"@id\":\"https:\/\/nuevo-renacer.com\/de\/amelia-rodrigues\/\",\"url\":\"https:\/\/nuevo-renacer.com\/de\/amelia-rodrigues\/\",\"name\":\"Am\u00e9lia Rodrigues - Uni\u00f3n Esp\u00edrita\",\"isPartOf\":{\"@id\":\"https:\/\/nuevo-renacer.com\/#website\"},\"primaryImageOfPage\":{\"@id\":\"https:\/\/nuevo-renacer.com\/de\/amelia-rodrigues\/#primaryimage\"},\"image\":{\"@id\":\"https:\/\/nuevo-renacer.com\/de\/amelia-rodrigues\/#primaryimage\"},\"thumbnailUrl\":\"https:\/\/nuevo-renacer.com\/wp-content\/uploads\/2024\/07\/foto_amelia.jpg\",\"datePublished\":\"2024-07-17T08:15:01+00:00\",\"dateModified\":\"2024-07-17T08:15:05+00:00\",\"breadcrumb\":{\"@id\":\"https:\/\/nuevo-renacer.com\/de\/amelia-rodrigues\/#breadcrumb\"},\"inLanguage\":\"it-IT\",\"potentialAction\":[{\"@type\":\"ReadAction\",\"target\":[\"https:\/\/nuevo-renacer.com\/de\/amelia-rodrigues\/\"]}]},{\"@type\":\"ImageObject\",\"inLanguage\":\"it-IT\",\"@id\":\"https:\/\/nuevo-renacer.com\/de\/amelia-rodrigues\/#primaryimage\",\"url\":\"https:\/\/nuevo-renacer.com\/wp-content\/uploads\/2024\/07\/foto_amelia.jpg\",\"contentUrl\":\"https:\/\/nuevo-renacer.com\/wp-content\/uploads\/2024\/07\/foto_amelia.jpg\",\"width\":500,\"height\":708},{\"@type\":\"BreadcrumbList\",\"@id\":\"https:\/\/nuevo-renacer.com\/de\/amelia-rodrigues\/#breadcrumb\",\"itemListElement\":[{\"@type\":\"ListItem\",\"position\":1,\"name\":\"Startseite\",\"item\":\"https:\/\/nuevo-renacer.com\/\"},{\"@type\":\"ListItem\",\"position\":2,\"name\":\"Am\u00e9lia Rodrigues\"}]},{\"@type\":\"WebSite\",\"@id\":\"https:\/\/nuevo-renacer.com\/#website\",\"url\":\"https:\/\/nuevo-renacer.com\/\",\"name\":\"Uni\u00f3n Esp\u00edrita\",\"description\":\"Nuevo Renacer\",\"publisher\":{\"@id\":\"https:\/\/nuevo-renacer.com\/#organization\"},\"potentialAction\":[{\"@type\":\"SearchAction\",\"target\":{\"@type\":\"EntryPoint\",\"urlTemplate\":\"https:\/\/nuevo-renacer.com\/?s={search_term_string}\"},\"query-input\":{\"@type\":\"PropertyValueSpecification\",\"valueRequired\":true,\"valueName\":\"search_term_string\"}}],\"inLanguage\":\"it-IT\"},{\"@type\":\"Organization\",\"@id\":\"https:\/\/nuevo-renacer.com\/#organization\",\"name\":\"UFEC\",\"url\":\"https:\/\/nuevo-renacer.com\/\",\"logo\":{\"@type\":\"ImageObject\",\"inLanguage\":\"it-IT\",\"@id\":\"https:\/\/nuevo-renacer.com\/#\/schema\/logo\/image\/\",\"url\":\"https:\/\/nuevo-renacer.com\/wp-content\/uploads\/2024\/05\/cropped-LOGO-TERMINADO1-3-3.png\",\"contentUrl\":\"https:\/\/nuevo-renacer.com\/wp-content\/uploads\/2024\/05\/cropped-LOGO-TERMINADO1-3-3.png\",\"width\":512,\"height\":512,\"caption\":\"UFEC\"},\"image\":{\"@id\":\"https:\/\/nuevo-renacer.com\/#\/schema\/logo\/image\/\"},\"sameAs\":[\"https:\/\/www.facebook.com\/groups\/3431398063740829\"]}]}<\/script>\n<!-- \/ Yoast SEO Premium plugin. -->","yoast_head_json":{"title":"Am\u00e9lia Rodrigues - Uni\u00f3n Esp\u00edrita","robots":{"index":"index","follow":"follow","max-snippet":"max-snippet:-1","max-image-preview":"max-image-preview:large","max-video-preview":"max-video-preview:-1"},"canonical":"https:\/\/nuevo-renacer.com\/it\/amelia-rodrigues\/","og_locale":"it_IT","og_type":"article","og_title":"Am\u00e9lia Rodrigues","og_description":"Am\u00e9lia Rodrigues Am\u00e9lia Augusta do Sacramento Rodrigues naci\u00f3 el 26 de mayo de 1861 en Fazenda Campos, situada en la parroquia de Oliveira dos Campinhos, en el municipio de Santo Amaro da Purifica\u00e7\u00e3o, en el estado de Bah\u00eda. Hija de F\u00e9lix Rodrigues y de do\u00f1a Maria Raquelina Rodrigues, ya desde la infancia mostr\u00f3 una elevada [&hellip;]","og_url":"https:\/\/nuevo-renacer.com\/it\/amelia-rodrigues\/","og_site_name":"Uni\u00f3n Esp\u00edrita","article_publisher":"https:\/\/www.facebook.com\/groups\/3431398063740829","article_modified_time":"2024-07-17T08:15:05+00:00","og_image":[{"width":500,"height":708,"url":"https:\/\/nuevo-renacer.com\/wp-content\/uploads\/2024\/07\/foto_amelia.jpg","type":"image\/jpeg"}],"twitter_card":"summary_large_image","twitter_misc":{"Tempo di lettura stimato":"3 minuti"},"schema":{"@context":"https:\/\/schema.org","@graph":[{"@type":"WebPage","@id":"https:\/\/nuevo-renacer.com\/de\/amelia-rodrigues\/","url":"https:\/\/nuevo-renacer.com\/de\/amelia-rodrigues\/","name":"Am\u00e9lia Rodrigues - Uni\u00f3n Esp\u00edrita","isPartOf":{"@id":"https:\/\/nuevo-renacer.com\/#website"},"primaryImageOfPage":{"@id":"https:\/\/nuevo-renacer.com\/de\/amelia-rodrigues\/#primaryimage"},"image":{"@id":"https:\/\/nuevo-renacer.com\/de\/amelia-rodrigues\/#primaryimage"},"thumbnailUrl":"https:\/\/nuevo-renacer.com\/wp-content\/uploads\/2024\/07\/foto_amelia.jpg","datePublished":"2024-07-17T08:15:01+00:00","dateModified":"2024-07-17T08:15:05+00:00","breadcrumb":{"@id":"https:\/\/nuevo-renacer.com\/de\/amelia-rodrigues\/#breadcrumb"},"inLanguage":"it-IT","potentialAction":[{"@type":"ReadAction","target":["https:\/\/nuevo-renacer.com\/de\/amelia-rodrigues\/"]}]},{"@type":"ImageObject","inLanguage":"it-IT","@id":"https:\/\/nuevo-renacer.com\/de\/amelia-rodrigues\/#primaryimage","url":"https:\/\/nuevo-renacer.com\/wp-content\/uploads\/2024\/07\/foto_amelia.jpg","contentUrl":"https:\/\/nuevo-renacer.com\/wp-content\/uploads\/2024\/07\/foto_amelia.jpg","width":500,"height":708},{"@type":"BreadcrumbList","@id":"https:\/\/nuevo-renacer.com\/de\/amelia-rodrigues\/#breadcrumb","itemListElement":[{"@type":"ListItem","position":1,"name":"Startseite","item":"https:\/\/nuevo-renacer.com\/"},{"@type":"ListItem","position":2,"name":"Am\u00e9lia Rodrigues"}]},{"@type":"WebSite","@id":"https:\/\/nuevo-renacer.com\/#website","url":"https:\/\/nuevo-renacer.com\/","name":"Uni\u00f3n Esp\u00edrita","description":"Nuevo Renacer","publisher":{"@id":"https:\/\/nuevo-renacer.com\/#organization"},"potentialAction":[{"@type":"SearchAction","target":{"@type":"EntryPoint","urlTemplate":"https:\/\/nuevo-renacer.com\/?s={search_term_string}"},"query-input":{"@type":"PropertyValueSpecification","valueRequired":true,"valueName":"search_term_string"}}],"inLanguage":"it-IT"},{"@type":"Organization","@id":"https:\/\/nuevo-renacer.com\/#organization","name":"UFEC","url":"https:\/\/nuevo-renacer.com\/","logo":{"@type":"ImageObject","inLanguage":"it-IT","@id":"https:\/\/nuevo-renacer.com\/#\/schema\/logo\/image\/","url":"https:\/\/nuevo-renacer.com\/wp-content\/uploads\/2024\/05\/cropped-LOGO-TERMINADO1-3-3.png","contentUrl":"https:\/\/nuevo-renacer.com\/wp-content\/uploads\/2024\/05\/cropped-LOGO-TERMINADO1-3-3.png","width":512,"height":512,"caption":"UFEC"},"image":{"@id":"https:\/\/nuevo-renacer.com\/#\/schema\/logo\/image\/"},"sameAs":["https:\/\/www.facebook.com\/groups\/3431398063740829"]}]}},"uagb_featured_image_src":{"full":["https:\/\/nuevo-renacer.com\/wp-content\/uploads\/2024\/07\/foto_amelia.jpg",500,708,false],"thumbnail":["https:\/\/nuevo-renacer.com\/wp-content\/uploads\/2024\/07\/foto_amelia-150x150.jpg",150,150,true],"medium":["https:\/\/nuevo-renacer.com\/wp-content\/uploads\/2024\/07\/foto_amelia-212x300.jpg",212,300,true],"medium_large":["https:\/\/nuevo-renacer.com\/wp-content\/uploads\/2024\/07\/foto_amelia.jpg",500,708,false],"large":["https:\/\/nuevo-renacer.com\/wp-content\/uploads\/2024\/07\/foto_amelia.jpg",500,708,false],"1536x1536":["https:\/\/nuevo-renacer.com\/wp-content\/uploads\/2024\/07\/foto_amelia.jpg",500,708,false],"2048x2048":["https:\/\/nuevo-renacer.com\/wp-content\/uploads\/2024\/07\/foto_amelia.jpg",500,708,false],"trp-custom-language-flag":["https:\/\/nuevo-renacer.com\/wp-content\/uploads\/2024\/07\/foto_amelia-8x12.jpg",8,12,true]},"uagb_author_info":{"display_name":"adbv0","author_link":"https:\/\/nuevo-renacer.com\/it\/author\/adbv0\/"},"uagb_comment_info":0,"uagb_excerpt":"Am\u00e9lia Rodrigues Am\u00e9lia Augusta do Sacramento Rodrigues naci\u00f3 el 26 de mayo de 1861 en Fazenda Campos, situada en la parroquia de Oliveira dos Campinhos, en el municipio de Santo Amaro da Purifica\u00e7\u00e3o, en el estado de Bah\u00eda. Hija de F\u00e9lix Rodrigues y de do\u00f1a Maria Raquelina Rodrigues, ya desde la infancia mostr\u00f3 una elevada&hellip;","jetpack_sharing_enabled":true,"_links":{"self":[{"href":"https:\/\/nuevo-renacer.com\/it\/wp-json\/wp\/v2\/pages\/3928","targetHints":{"allow":["GET"]}}],"collection":[{"href":"https:\/\/nuevo-renacer.com\/it\/wp-json\/wp\/v2\/pages"}],"about":[{"href":"https:\/\/nuevo-renacer.com\/it\/wp-json\/wp\/v2\/types\/page"}],"author":[{"embeddable":true,"href":"https:\/\/nuevo-renacer.com\/it\/wp-json\/wp\/v2\/users\/1"}],"replies":[{"embeddable":true,"href":"https:\/\/nuevo-renacer.com\/it\/wp-json\/wp\/v2\/comments?post=3928"}],"version-history":[{"count":2,"href":"https:\/\/nuevo-renacer.com\/it\/wp-json\/wp\/v2\/pages\/3928\/revisions"}],"predecessor-version":[{"id":3931,"href":"https:\/\/nuevo-renacer.com\/it\/wp-json\/wp\/v2\/pages\/3928\/revisions\/3931"}],"wp:featuredmedia":[{"embeddable":true,"href":"https:\/\/nuevo-renacer.com\/it\/wp-json\/wp\/v2\/media\/3930"}],"wp:attachment":[{"href":"https:\/\/nuevo-renacer.com\/it\/wp-json\/wp\/v2\/media?parent=3928"}],"curies":[{"name":"wp","href":"https:\/\/api.w.org\/{rel}","templated":true}]}}