{"id":3921,"date":"2024-07-17T07:47:00","date_gmt":"2024-07-17T07:47:00","guid":{"rendered":"https:\/\/ufec-mundial.com\/?page_id=3921"},"modified":"2024-12-18T13:47:28","modified_gmt":"2024-12-18T13:47:28","slug":"breve-ensayo-sobre-los-estados-del-alma","status":"publish","type":"page","link":"https:\/\/nuevo-renacer.com\/it\/breve-ensayo-sobre-los-estados-del-alma\/","title":{"rendered":"Breve ensayo sobre los estados del alma"},"content":{"rendered":"<div class=\"wp-block-uagb-container uagb-block-3076a10b alignfull uagb-is-root-container\"><div class=\"uagb-container-inner-blocks-wrap\">\n<p class=\"has-black-color has-text-color has-link-color has-medium-font-size wp-elements-9dd737c190bec2055b19f3b3e854a7ea\"><strong>Breve ensayo sobre los estados del alma&nbsp;<\/strong><\/p>\n<\/div><\/div>\n\n\n\n<div class=\"wp-block-uagb-container uagb-block-d53c0716 alignfull uagb-is-root-container\"><div class=\"uagb-container-inner-blocks-wrap\">\n<figure class=\"wp-block-image size-full is-resized\"><img fetchpriority=\"high\" decoding=\"async\" width=\"338\" height=\"383\" src=\"https:\/\/ufec-mundial.com\/wp-content\/uploads\/2024\/07\/HD-wallpaper-soul-light-alma-aura-light-luz-myself-soul-spirit-spiritual-univers-white-thumbnail-1.jpg\" alt=\"\" class=\"wp-image-3924\" style=\"width:353px;height:auto\" srcset=\"https:\/\/nuevo-renacer.com\/wp-content\/uploads\/2024\/07\/HD-wallpaper-soul-light-alma-aura-light-luz-myself-soul-spirit-spiritual-univers-white-thumbnail-1.jpg 338w, https:\/\/nuevo-renacer.com\/wp-content\/uploads\/2024\/07\/HD-wallpaper-soul-light-alma-aura-light-luz-myself-soul-spirit-spiritual-univers-white-thumbnail-1-265x300.jpg 265w, https:\/\/nuevo-renacer.com\/wp-content\/uploads\/2024\/07\/HD-wallpaper-soul-light-alma-aura-light-luz-myself-soul-spirit-spiritual-univers-white-thumbnail-1-11x12.jpg 11w\" sizes=\"(max-width: 338px) 100vw, 338px\" \/><\/figure>\n<\/div><\/div>\n\n\n\n<div class=\"wp-block-uagb-container uagb-block-6d8058a6 alignfull uagb-is-root-container\"><div class=\"uagb-container-inner-blocks-wrap\">\n<p class=\"has-black-color has-text-color has-link-color has-small-font-size wp-elements-6385e2461273dcfd9acc0885c0c0dc43\">La vida es justa, fiable y aut\u00e9ntica y no deber\u00edamos quejarnos de la forma en que vivimos, es decir, de lo que nos pasa, porque fue lo que originalmente creamos para ahora &#8211; nadie m\u00e1s es responsable de nuestra vida, nunca lo ha sido y nunca lo ser\u00e1. Realmente creamos todo en nuestras vidas a trav\u00e9s de nuestros pensamientos, sentimientos, actitudes, palabras, todas las afinidades que mantenemos persistentemente; incluso hay m\u00e1s personas infelices que felices. Sin embargo, podemos cambiar el contexto ahora mismo, lo \u00fanico que hace falta es nuestra voluntad para avanzar, porque ya hemos pasado mucho tiempo en estados pueriles del alma.&nbsp;<\/p>\n\n\n\n<p class=\"has-black-color has-text-color has-link-color has-small-font-size wp-elements-02b348571aeb83a0e548aa410dee5336\">Si observamos, incluso en varios momentos del d\u00eda hay una percepci\u00f3n de un estado diferente, o nos volvemos m\u00e1s felices, m\u00e1s irritables, m\u00e1s esperanzados, o nos sentimos liquidados durante unos segundos y luego se acerca otro estado. Si hay tantas percepciones en un solo d\u00eda, imag\u00ednense las vivencias de innumerables experiencias. Sin embargo, en medio de tantas ocurrencias y del tiempo transcurrido, lo que se debe tener en cuenta es cu\u00e1l es la sensaci\u00f3n que deseamos sentir, ya que cada sentimiento que se alimenta crear\u00e1 el mismo reflejo que se siente; tambi\u00e9n sin olvidar nunca que hay un mar de esp\u00edritus observ\u00e1ndonos y esto es decisivo en el transcurso de nuestros d\u00edas, recordando que los atraemos de acuerdo con nuestra vibraci\u00f3n.&nbsp;<\/p>\n\n\n\n<p class=\"has-black-color has-text-color has-link-color has-small-font-size wp-elements-20b3c913f0994a15bcaada0c9e4132f6\">Cuanto m\u00e1s nos analizamos, m\u00e1s nos damos cuenta de los m\u00faltiples estados del alma que podemos sentir; nos queda la mejor elecci\u00f3n. Y lo m\u00e1s notable es que tenemos el impulso de querer delegar nuestra responsabilidad, pero no es posible y, adem\u00e1s, en nuestra creaci\u00f3n se nos ha dado la distinci\u00f3n entre lo que es beneficioso y lo que no lo es. En cuanto decidimos algo, se desencadena el estado correspondiente y su reacci\u00f3n crea vida y no se puede negar. Esto es obligatorio para todos.&nbsp;<\/p>\n\n\n\n<p class=\"has-black-color has-text-color has-link-color has-small-font-size wp-elements-227d00e445efe28c9732dfd10139d64b\">Cuando hablamos de estados del alma, tenemos que reflexionar sobre estos estados en funci\u00f3n de nuestras existencias, de nuestra vida cotidiana en una experiencia viva y durante el mundo err\u00e1tico. Estemos donde estemos, nuestro esp\u00edritu est\u00e1 despierto de forma natural en todo momento, pensando, creando y sintiendo.&nbsp;<\/p>\n\n\n\n<p class=\"has-black-color has-text-color has-link-color has-small-font-size wp-elements-4d1e305ac13795032a6d38700bddf6af\">Y como el libre albedr\u00edo es inherente a todos, es nuestra decisi\u00f3n de crecer o estancarnos la que preparar\u00e1 los estados m\u00e1s afortunados de nuestros d\u00edas, o no. Y esto es tan esencial que basta un pensamiento desafortunado para desencadenar momentos de angustia e inquietud que pueden consumir grandes cantidades de energ\u00eda, recordando que ciertos gastos no siempre pueden reponerse por completo. Por otro lado, hay momentos tan preciosos que creamos mediante la conexi\u00f3n de buenos sentimientos, pensamientos y actitudes que pueden salvarnos la vida.&nbsp;<\/p>\n\n\n\n<p class=\"has-black-color has-text-color has-link-color has-small-font-size wp-elements-13112024349425382351e19a2cd94586\">En otras palabras, nuestra elecci\u00f3n acercar\u00e1 o alejar\u00e1 el cielo de nosotros.&nbsp;<\/p>\n<\/div><\/div>\n\n\n\n<div class=\"wp-block-uagb-container uagb-block-0f92416a alignfull uagb-is-root-container\"><div class=\"uagb-container-inner-blocks-wrap\"><\/div><\/div>\n\n\n\n<div class=\"wp-block-uagb-container uagb-block-e416ba4e alignfull uagb-is-root-container\"><div class=\"uagb-container-inner-blocks-wrap\"><\/div><\/div>","protected":false},"excerpt":{"rendered":"<p>Breve ensayo sobre los estados del alma&nbsp; La vida es justa, fiable y aut\u00e9ntica y no deber\u00edamos quejarnos de la forma en que vivimos, es decir, de lo que nos pasa, porque fue lo que originalmente creamos para ahora &#8211; nadie m\u00e1s es responsable de nuestra vida, nunca lo ha sido y nunca lo ser\u00e1. [&hellip;]<\/p>","protected":false},"author":1,"featured_media":3924,"parent":0,"menu_order":0,"comment_status":"closed","ping_status":"closed","template":"","meta":{"_uag_custom_page_level_css":"","site-sidebar-layout":"default","site-content-layout":"","ast-site-content-layout":"default","site-content-style":"default","site-sidebar-style":"default","ast-global-header-display":"","ast-banner-title-visibility":"","ast-main-header-display":"","ast-hfb-above-header-display":"","ast-hfb-below-header-display":"","ast-hfb-mobile-header-display":"","site-post-title":"","ast-breadcrumbs-content":"","ast-featured-img":"","footer-sml-layout":"","theme-transparent-header-meta":"","adv-header-id-meta":"","stick-header-meta":"","header-above-stick-meta":"","header-main-stick-meta":"","header-below-stick-meta":"","astra-migrate-meta-layouts":"set","ast-page-background-enabled":"default","ast-page-background-meta":{"desktop":{"background-color":"var(--ast-global-color-4)","background-image":"","background-repeat":"repeat","background-position":"center center","background-size":"auto","background-attachment":"scroll","background-type":"","background-media":"","overlay-type":"","overlay-color":"","overlay-opacity":"","overlay-gradient":""},"tablet":{"background-color":"","background-image":"","background-repeat":"repeat","background-position":"center center","background-size":"auto","background-attachment":"scroll","background-type":"","background-media":"","overlay-type":"","overlay-color":"","overlay-opacity":"","overlay-gradient":""},"mobile":{"background-color":"","background-image":"","background-repeat":"repeat","background-position":"center center","background-size":"auto","background-attachment":"scroll","background-type":"","background-media":"","overlay-type":"","overlay-color":"","overlay-opacity":"","overlay-gradient":""}},"ast-content-background-meta":{"desktop":{"background-color":"var(--ast-global-color-5)","background-image":"","background-repeat":"repeat","background-position":"center center","background-size":"auto","background-attachment":"scroll","background-type":"","background-media":"","overlay-type":"","overlay-color":"","overlay-opacity":"","overlay-gradient":""},"tablet":{"background-color":"var(--ast-global-color-5)","background-image":"","background-repeat":"repeat","background-position":"center center","background-size":"auto","background-attachment":"scroll","background-type":"","background-media":"","overlay-type":"","overlay-color":"","overlay-opacity":"","overlay-gradient":""},"mobile":{"background-color":"var(--ast-global-color-5)","background-image":"","background-repeat":"repeat","background-position":"center center","background-size":"auto","background-attachment":"scroll","background-type":"","background-media":"","overlay-type":"","overlay-color":"","overlay-opacity":"","overlay-gradient":""}},"footnotes":""},"class_list":["post-3921","page","type-page","status-publish","has-post-thumbnail","hentry"],"yoast_head":"<!-- This site is optimized with the Yoast SEO Premium plugin v24.2 (Yoast SEO v24.6) - https:\/\/yoast.com\/wordpress\/plugins\/seo\/ -->\n<title>Breve ensayo sobre los estados del alma - Uni\u00f3n Esp\u00edrita<\/title>\n<meta name=\"robots\" content=\"index, follow, max-snippet:-1, max-image-preview:large, max-video-preview:-1\" \/>\n<link rel=\"canonical\" href=\"https:\/\/nuevo-renacer.com\/it\/breve-ensayo-sobre-los-estados-del-alma\/\" \/>\n<meta property=\"og:locale\" content=\"it_IT\" \/>\n<meta property=\"og:type\" content=\"article\" \/>\n<meta property=\"og:title\" content=\"Breve ensayo sobre los estados del alma\" \/>\n<meta property=\"og:description\" content=\"Breve ensayo sobre los estados del alma&nbsp; La vida es justa, fiable y aut\u00e9ntica y no deber\u00edamos quejarnos de la forma en que vivimos, es decir, de lo que nos pasa, porque fue lo que originalmente creamos para ahora &#8211; nadie m\u00e1s es responsable de nuestra vida, nunca lo ha sido y nunca lo ser\u00e1. [&hellip;]\" \/>\n<meta property=\"og:url\" content=\"https:\/\/nuevo-renacer.com\/it\/breve-ensayo-sobre-los-estados-del-alma\/\" \/>\n<meta property=\"og:site_name\" content=\"Uni\u00f3n Esp\u00edrita\" \/>\n<meta property=\"article:publisher\" content=\"https:\/\/www.facebook.com\/groups\/3431398063740829\" \/>\n<meta property=\"article:modified_time\" content=\"2024-12-18T13:47:28+00:00\" \/>\n<meta property=\"og:image\" content=\"https:\/\/nuevo-renacer.com\/wp-content\/uploads\/2024\/07\/HD-wallpaper-soul-light-alma-aura-light-luz-myself-soul-spirit-spiritual-univers-white-thumbnail-1.jpg\" \/>\n\t<meta property=\"og:image:width\" content=\"338\" \/>\n\t<meta property=\"og:image:height\" content=\"383\" \/>\n\t<meta property=\"og:image:type\" content=\"image\/jpeg\" \/>\n<meta name=\"twitter:card\" content=\"summary_large_image\" \/>\n<meta name=\"twitter:label1\" content=\"Tempo di lettura stimato\" \/>\n\t<meta name=\"twitter:data1\" content=\"3 minuti\" \/>\n<script type=\"application\/ld+json\" class=\"yoast-schema-graph\">{\"@context\":\"https:\/\/schema.org\",\"@graph\":[{\"@type\":\"WebPage\",\"@id\":\"https:\/\/nuevo-renacer.com\/breve-ensayo-sobre-los-estados-del-alma\/\",\"url\":\"https:\/\/nuevo-renacer.com\/breve-ensayo-sobre-los-estados-del-alma\/\",\"name\":\"Breve ensayo sobre los estados del alma - Uni\u00f3n Esp\u00edrita\",\"isPartOf\":{\"@id\":\"https:\/\/nuevo-renacer.com\/#website\"},\"primaryImageOfPage\":{\"@id\":\"https:\/\/nuevo-renacer.com\/breve-ensayo-sobre-los-estados-del-alma\/#primaryimage\"},\"image\":{\"@id\":\"https:\/\/nuevo-renacer.com\/breve-ensayo-sobre-los-estados-del-alma\/#primaryimage\"},\"thumbnailUrl\":\"https:\/\/nuevo-renacer.com\/wp-content\/uploads\/2024\/07\/HD-wallpaper-soul-light-alma-aura-light-luz-myself-soul-spirit-spiritual-univers-white-thumbnail-1.jpg\",\"datePublished\":\"2024-07-17T07:47:00+00:00\",\"dateModified\":\"2024-12-18T13:47:28+00:00\",\"breadcrumb\":{\"@id\":\"https:\/\/nuevo-renacer.com\/breve-ensayo-sobre-los-estados-del-alma\/#breadcrumb\"},\"inLanguage\":\"it-IT\",\"potentialAction\":[{\"@type\":\"ReadAction\",\"target\":[\"https:\/\/nuevo-renacer.com\/breve-ensayo-sobre-los-estados-del-alma\/\"]}]},{\"@type\":\"ImageObject\",\"inLanguage\":\"it-IT\",\"@id\":\"https:\/\/nuevo-renacer.com\/breve-ensayo-sobre-los-estados-del-alma\/#primaryimage\",\"url\":\"https:\/\/nuevo-renacer.com\/wp-content\/uploads\/2024\/07\/HD-wallpaper-soul-light-alma-aura-light-luz-myself-soul-spirit-spiritual-univers-white-thumbnail-1.jpg\",\"contentUrl\":\"https:\/\/nuevo-renacer.com\/wp-content\/uploads\/2024\/07\/HD-wallpaper-soul-light-alma-aura-light-luz-myself-soul-spirit-spiritual-univers-white-thumbnail-1.jpg\",\"width\":338,\"height\":383},{\"@type\":\"BreadcrumbList\",\"@id\":\"https:\/\/nuevo-renacer.com\/breve-ensayo-sobre-los-estados-del-alma\/#breadcrumb\",\"itemListElement\":[{\"@type\":\"ListItem\",\"position\":1,\"name\":\"Startseite\",\"item\":\"https:\/\/nuevo-renacer.com\/\"},{\"@type\":\"ListItem\",\"position\":2,\"name\":\"Breve ensayo sobre los estados del alma\"}]},{\"@type\":\"WebSite\",\"@id\":\"https:\/\/nuevo-renacer.com\/#website\",\"url\":\"https:\/\/nuevo-renacer.com\/\",\"name\":\"Uni\u00f3n Esp\u00edrita\",\"description\":\"Nuevo Renacer\",\"publisher\":{\"@id\":\"https:\/\/nuevo-renacer.com\/#organization\"},\"potentialAction\":[{\"@type\":\"SearchAction\",\"target\":{\"@type\":\"EntryPoint\",\"urlTemplate\":\"https:\/\/nuevo-renacer.com\/?s={search_term_string}\"},\"query-input\":{\"@type\":\"PropertyValueSpecification\",\"valueRequired\":true,\"valueName\":\"search_term_string\"}}],\"inLanguage\":\"it-IT\"},{\"@type\":\"Organization\",\"@id\":\"https:\/\/nuevo-renacer.com\/#organization\",\"name\":\"UFEC\",\"url\":\"https:\/\/nuevo-renacer.com\/\",\"logo\":{\"@type\":\"ImageObject\",\"inLanguage\":\"it-IT\",\"@id\":\"https:\/\/nuevo-renacer.com\/#\/schema\/logo\/image\/\",\"url\":\"https:\/\/nuevo-renacer.com\/wp-content\/uploads\/2024\/05\/cropped-LOGO-TERMINADO1-3-3.png\",\"contentUrl\":\"https:\/\/nuevo-renacer.com\/wp-content\/uploads\/2024\/05\/cropped-LOGO-TERMINADO1-3-3.png\",\"width\":512,\"height\":512,\"caption\":\"UFEC\"},\"image\":{\"@id\":\"https:\/\/nuevo-renacer.com\/#\/schema\/logo\/image\/\"},\"sameAs\":[\"https:\/\/www.facebook.com\/groups\/3431398063740829\"]}]}<\/script>\n<!-- \/ Yoast SEO Premium plugin. -->","yoast_head_json":{"title":"Breve ensayo sobre los estados del alma - Uni\u00f3n Esp\u00edrita","robots":{"index":"index","follow":"follow","max-snippet":"max-snippet:-1","max-image-preview":"max-image-preview:large","max-video-preview":"max-video-preview:-1"},"canonical":"https:\/\/nuevo-renacer.com\/it\/breve-ensayo-sobre-los-estados-del-alma\/","og_locale":"it_IT","og_type":"article","og_title":"Breve ensayo sobre los estados del alma","og_description":"Breve ensayo sobre los estados del alma&nbsp; La vida es justa, fiable y aut\u00e9ntica y no deber\u00edamos quejarnos de la forma en que vivimos, es decir, de lo que nos pasa, porque fue lo que originalmente creamos para ahora &#8211; nadie m\u00e1s es responsable de nuestra vida, nunca lo ha sido y nunca lo ser\u00e1. [&hellip;]","og_url":"https:\/\/nuevo-renacer.com\/it\/breve-ensayo-sobre-los-estados-del-alma\/","og_site_name":"Uni\u00f3n Esp\u00edrita","article_publisher":"https:\/\/www.facebook.com\/groups\/3431398063740829","article_modified_time":"2024-12-18T13:47:28+00:00","og_image":[{"width":338,"height":383,"url":"https:\/\/nuevo-renacer.com\/wp-content\/uploads\/2024\/07\/HD-wallpaper-soul-light-alma-aura-light-luz-myself-soul-spirit-spiritual-univers-white-thumbnail-1.jpg","type":"image\/jpeg"}],"twitter_card":"summary_large_image","twitter_misc":{"Tempo di lettura stimato":"3 minuti"},"schema":{"@context":"https:\/\/schema.org","@graph":[{"@type":"WebPage","@id":"https:\/\/nuevo-renacer.com\/breve-ensayo-sobre-los-estados-del-alma\/","url":"https:\/\/nuevo-renacer.com\/breve-ensayo-sobre-los-estados-del-alma\/","name":"Breve ensayo sobre los estados del alma - Uni\u00f3n Esp\u00edrita","isPartOf":{"@id":"https:\/\/nuevo-renacer.com\/#website"},"primaryImageOfPage":{"@id":"https:\/\/nuevo-renacer.com\/breve-ensayo-sobre-los-estados-del-alma\/#primaryimage"},"image":{"@id":"https:\/\/nuevo-renacer.com\/breve-ensayo-sobre-los-estados-del-alma\/#primaryimage"},"thumbnailUrl":"https:\/\/nuevo-renacer.com\/wp-content\/uploads\/2024\/07\/HD-wallpaper-soul-light-alma-aura-light-luz-myself-soul-spirit-spiritual-univers-white-thumbnail-1.jpg","datePublished":"2024-07-17T07:47:00+00:00","dateModified":"2024-12-18T13:47:28+00:00","breadcrumb":{"@id":"https:\/\/nuevo-renacer.com\/breve-ensayo-sobre-los-estados-del-alma\/#breadcrumb"},"inLanguage":"it-IT","potentialAction":[{"@type":"ReadAction","target":["https:\/\/nuevo-renacer.com\/breve-ensayo-sobre-los-estados-del-alma\/"]}]},{"@type":"ImageObject","inLanguage":"it-IT","@id":"https:\/\/nuevo-renacer.com\/breve-ensayo-sobre-los-estados-del-alma\/#primaryimage","url":"https:\/\/nuevo-renacer.com\/wp-content\/uploads\/2024\/07\/HD-wallpaper-soul-light-alma-aura-light-luz-myself-soul-spirit-spiritual-univers-white-thumbnail-1.jpg","contentUrl":"https:\/\/nuevo-renacer.com\/wp-content\/uploads\/2024\/07\/HD-wallpaper-soul-light-alma-aura-light-luz-myself-soul-spirit-spiritual-univers-white-thumbnail-1.jpg","width":338,"height":383},{"@type":"BreadcrumbList","@id":"https:\/\/nuevo-renacer.com\/breve-ensayo-sobre-los-estados-del-alma\/#breadcrumb","itemListElement":[{"@type":"ListItem","position":1,"name":"Startseite","item":"https:\/\/nuevo-renacer.com\/"},{"@type":"ListItem","position":2,"name":"Breve ensayo sobre los estados del alma"}]},{"@type":"WebSite","@id":"https:\/\/nuevo-renacer.com\/#website","url":"https:\/\/nuevo-renacer.com\/","name":"Uni\u00f3n Esp\u00edrita","description":"Nuevo Renacer","publisher":{"@id":"https:\/\/nuevo-renacer.com\/#organization"},"potentialAction":[{"@type":"SearchAction","target":{"@type":"EntryPoint","urlTemplate":"https:\/\/nuevo-renacer.com\/?s={search_term_string}"},"query-input":{"@type":"PropertyValueSpecification","valueRequired":true,"valueName":"search_term_string"}}],"inLanguage":"it-IT"},{"@type":"Organization","@id":"https:\/\/nuevo-renacer.com\/#organization","name":"UFEC","url":"https:\/\/nuevo-renacer.com\/","logo":{"@type":"ImageObject","inLanguage":"it-IT","@id":"https:\/\/nuevo-renacer.com\/#\/schema\/logo\/image\/","url":"https:\/\/nuevo-renacer.com\/wp-content\/uploads\/2024\/05\/cropped-LOGO-TERMINADO1-3-3.png","contentUrl":"https:\/\/nuevo-renacer.com\/wp-content\/uploads\/2024\/05\/cropped-LOGO-TERMINADO1-3-3.png","width":512,"height":512,"caption":"UFEC"},"image":{"@id":"https:\/\/nuevo-renacer.com\/#\/schema\/logo\/image\/"},"sameAs":["https:\/\/www.facebook.com\/groups\/3431398063740829"]}]}},"uagb_featured_image_src":{"full":["https:\/\/nuevo-renacer.com\/wp-content\/uploads\/2024\/07\/HD-wallpaper-soul-light-alma-aura-light-luz-myself-soul-spirit-spiritual-univers-white-thumbnail-1.jpg",338,383,false],"thumbnail":["https:\/\/nuevo-renacer.com\/wp-content\/uploads\/2024\/07\/HD-wallpaper-soul-light-alma-aura-light-luz-myself-soul-spirit-spiritual-univers-white-thumbnail-1-150x150.jpg",150,150,true],"medium":["https:\/\/nuevo-renacer.com\/wp-content\/uploads\/2024\/07\/HD-wallpaper-soul-light-alma-aura-light-luz-myself-soul-spirit-spiritual-univers-white-thumbnail-1-265x300.jpg",265,300,true],"medium_large":["https:\/\/nuevo-renacer.com\/wp-content\/uploads\/2024\/07\/HD-wallpaper-soul-light-alma-aura-light-luz-myself-soul-spirit-spiritual-univers-white-thumbnail-1.jpg",338,383,false],"large":["https:\/\/nuevo-renacer.com\/wp-content\/uploads\/2024\/07\/HD-wallpaper-soul-light-alma-aura-light-luz-myself-soul-spirit-spiritual-univers-white-thumbnail-1.jpg",338,383,false],"1536x1536":["https:\/\/nuevo-renacer.com\/wp-content\/uploads\/2024\/07\/HD-wallpaper-soul-light-alma-aura-light-luz-myself-soul-spirit-spiritual-univers-white-thumbnail-1.jpg",338,383,false],"2048x2048":["https:\/\/nuevo-renacer.com\/wp-content\/uploads\/2024\/07\/HD-wallpaper-soul-light-alma-aura-light-luz-myself-soul-spirit-spiritual-univers-white-thumbnail-1.jpg",338,383,false],"trp-custom-language-flag":["https:\/\/nuevo-renacer.com\/wp-content\/uploads\/2024\/07\/HD-wallpaper-soul-light-alma-aura-light-luz-myself-soul-spirit-spiritual-univers-white-thumbnail-1-11x12.jpg",11,12,true]},"uagb_author_info":{"display_name":"adbv0","author_link":"https:\/\/nuevo-renacer.com\/it\/author\/adbv0\/"},"uagb_comment_info":0,"uagb_excerpt":"Breve ensayo sobre los estados del alma&nbsp; La vida es justa, fiable y aut\u00e9ntica y no deber\u00edamos quejarnos de la forma en que vivimos, es decir, de lo que nos pasa, porque fue lo que originalmente creamos para ahora &#8211; nadie m\u00e1s es responsable de nuestra vida, nunca lo ha sido y nunca lo ser\u00e1.&hellip;","jetpack_sharing_enabled":true,"_links":{"self":[{"href":"https:\/\/nuevo-renacer.com\/it\/wp-json\/wp\/v2\/pages\/3921","targetHints":{"allow":["GET"]}}],"collection":[{"href":"https:\/\/nuevo-renacer.com\/it\/wp-json\/wp\/v2\/pages"}],"about":[{"href":"https:\/\/nuevo-renacer.com\/it\/wp-json\/wp\/v2\/types\/page"}],"author":[{"embeddable":true,"href":"https:\/\/nuevo-renacer.com\/it\/wp-json\/wp\/v2\/users\/1"}],"replies":[{"embeddable":true,"href":"https:\/\/nuevo-renacer.com\/it\/wp-json\/wp\/v2\/comments?post=3921"}],"version-history":[{"count":3,"href":"https:\/\/nuevo-renacer.com\/it\/wp-json\/wp\/v2\/pages\/3921\/revisions"}],"predecessor-version":[{"id":6570,"href":"https:\/\/nuevo-renacer.com\/it\/wp-json\/wp\/v2\/pages\/3921\/revisions\/6570"}],"wp:featuredmedia":[{"embeddable":true,"href":"https:\/\/nuevo-renacer.com\/it\/wp-json\/wp\/v2\/media\/3924"}],"wp:attachment":[{"href":"https:\/\/nuevo-renacer.com\/it\/wp-json\/wp\/v2\/media?parent=3921"}],"curies":[{"name":"wp","href":"https:\/\/api.w.org\/{rel}","templated":true}]}}