{"id":3891,"date":"2024-07-17T06:04:15","date_gmt":"2024-07-17T06:04:15","guid":{"rendered":"https:\/\/ufec-mundial.com\/?page_id=3891"},"modified":"2024-07-17T06:16:20","modified_gmt":"2024-07-17T06:16:20","slug":"parientes-fisicos-y-espirituales","status":"publish","type":"page","link":"https:\/\/nuevo-renacer.com\/it\/parientes-fisicos-y-espirituales\/","title":{"rendered":"Parientes f\u00edsicos y espirituales"},"content":{"rendered":"<div class=\"wp-block-uagb-container uagb-block-b3bd2f14 alignfull uagb-is-root-container\"><div class=\"uagb-container-inner-blocks-wrap\">\n<p class=\"has-black-color has-text-color has-medium-font-size\"><strong>Parientes f\u00edsicos y espirituales<\/strong><\/p>\n<\/div><\/div>\n\n\n\n<div class=\"wp-block-uagb-container uagb-block-529f8c13 alignfull uagb-is-root-container\"><div class=\"uagb-container-inner-blocks-wrap\">\n<figure class=\"wp-block-image size-full is-resized\"><img fetchpriority=\"high\" decoding=\"async\" width=\"539\" height=\"360\" src=\"https:\/\/ufec-mundial.com\/wp-content\/uploads\/2024\/07\/440907408_7801407443213003_184456287909870618_n.jpg\" alt=\"\" class=\"wp-image-3892\" style=\"width:406px;height:auto\" srcset=\"https:\/\/nuevo-renacer.com\/wp-content\/uploads\/2024\/07\/440907408_7801407443213003_184456287909870618_n.jpg 539w, https:\/\/nuevo-renacer.com\/wp-content\/uploads\/2024\/07\/440907408_7801407443213003_184456287909870618_n-300x200.jpg 300w, https:\/\/nuevo-renacer.com\/wp-content\/uploads\/2024\/07\/440907408_7801407443213003_184456287909870618_n-18x12.jpg 18w\" sizes=\"(max-width: 539px) 100vw, 539px\" \/><\/figure>\n<\/div><\/div>\n\n\n\n<div class=\"wp-block-uagb-container uagb-block-62941f73 alignfull uagb-is-root-container\"><div class=\"uagb-container-inner-blocks-wrap\">\n<p class=\"has-black-color has-text-color has-small-font-size\">El parentesco de sangre no es necesariamente parentesco espiritual. El cuerpo surge del cuerpo, pero el esp\u00edritu no surge del esp\u00edritu, porque el esp\u00edritu ya exist\u00eda antes de que se creara el cuerpo. No es el padre quien crea el esp\u00edritu de su hijo, s\u00f3lo le da la envoltura f\u00edsica, pero debe ayudarle a desarrollarse intelectual y moralmente para que progrese.<\/p>\n\n\n\n<p class=\"has-black-color has-text-color has-small-font-size\">Los Esp\u00edritus que encarnan en una misma familia, especialmente como parientes pr\u00f3ximos, son generalmente Esp\u00edritus simp\u00e1ticos, unidos por relaciones anteriores expresadas por el afecto durante la vida terrestre; pero puede suceder tambi\u00e9n que estos Esp\u00edritus sean completamente extra\u00f1os entre s\u00ed, separados por antipat\u00edas anteriores, que se expresan de la misma manera por su oposici\u00f3n en la Tierra para servirles de prueba. Los verdaderos lazos de familia no son, pues, los de consanguinidad, sino los de simpat\u00eda y concordancia de pensamiento, que unen a los Esp\u00edritus antes, durante y despu\u00e9s de su encarnaci\u00f3n. De esto resulta que dos seres nacidos de padres diferentes pueden ser hermanos m\u00e1s pr\u00f3ximos por el esp\u00edritu que si lo fuesen por la sangre. Pueden atraerse, buscarse, agradarse; mientras que dos hermanos emparentados por la sangre pueden repelerse, como lo experimentamos diariamente; problema moral que s\u00f3lo el Espiritismo podr\u00eda resolver a trav\u00e9s de la pluralidad de existencias.<\/p>\n\n\n\n<p class=\"has-black-color has-text-color has-small-font-size\">As\u00ed pues, hay dos tipos de familia: la familia a trav\u00e9s de los v\u00ednculos espirituales y la familia a trav\u00e9s de los v\u00ednculos f\u00edsicos. La primera es permanente, se fortalece mediante la purificaci\u00f3n y se perpet\u00faa en el mundo espiritual a trav\u00e9s de los diversos vagabundeos del alma. El segundo, tan fr\u00e1gil como la materia, se extingue con el tiempo y muy a menudo se disuelve moralmente, incluso en la vida presente. Jes\u00fas quiso dejarlo claro al decir a sus disc\u00edpulos: \u201eAqu\u00ed est\u00e1n mi madre y mis hermanos, es decir, mi familia por los v\u00ednculos espirituales, pues todo el que cumple la voluntad de mi Padre que est\u00e1 en los cielos es mi hermano, mi hermana y mi madre.\u00bb<\/p>\n\n\n\n<p class=\"has-black-color has-text-color has-small-font-size\">La hostilidad de Sus hermanos y hermanas se muestra claramente en el relato del ap\u00f3stol Marcos, porque dice que pretend\u00edan prenderle con el pretexto de que estaba fuera de s\u00ed. Ante el anuncio de su llegada, y conociendo sus sentimientos hacia \u00c9l, era natural que dijera desde el punto de vista espiritual respecto a Sus disc\u00edpulos: \u00abEstos son Mis verdaderos hermanos y hermanas\u00bb. Aunque Su madre les acompa\u00f1aba, \u00c9l generaliz\u00f3 la ense\u00f1anza, lo que en modo alguno significaba que pretendiera decir que Su madre f\u00edsica no significaba nada para \u00c9l como esp\u00edritu y que le era indiferente. Su comportamiento en otras ocasiones demostr\u00f3 suficientemente lo contrario.<\/p>\n<\/div><\/div>","protected":false},"excerpt":{"rendered":"<p>Parientes f\u00edsicos y espirituales El parentesco de sangre no es necesariamente parentesco espiritual. El cuerpo surge del cuerpo, pero el esp\u00edritu no surge del esp\u00edritu, porque el esp\u00edritu ya exist\u00eda antes de que se creara el cuerpo. No es el padre quien crea el esp\u00edritu de su hijo, s\u00f3lo le da la envoltura f\u00edsica, pero [&hellip;]<\/p>","protected":false},"author":1,"featured_media":3892,"parent":0,"menu_order":0,"comment_status":"closed","ping_status":"closed","template":"","meta":{"_uag_custom_page_level_css":"","site-sidebar-layout":"default","site-content-layout":"","ast-site-content-layout":"default","site-content-style":"default","site-sidebar-style":"default","ast-global-header-display":"","ast-banner-title-visibility":"","ast-main-header-display":"","ast-hfb-above-header-display":"","ast-hfb-below-header-display":"","ast-hfb-mobile-header-display":"","site-post-title":"","ast-breadcrumbs-content":"","ast-featured-img":"","footer-sml-layout":"","theme-transparent-header-meta":"","adv-header-id-meta":"","stick-header-meta":"","header-above-stick-meta":"","header-main-stick-meta":"","header-below-stick-meta":"","astra-migrate-meta-layouts":"set","ast-page-background-enabled":"default","ast-page-background-meta":{"desktop":{"background-color":"var(--ast-global-color-4)","background-image":"","background-repeat":"repeat","background-position":"center center","background-size":"auto","background-attachment":"scroll","background-type":"","background-media":"","overlay-type":"","overlay-color":"","overlay-opacity":"","overlay-gradient":""},"tablet":{"background-color":"","background-image":"","background-repeat":"repeat","background-position":"center center","background-size":"auto","background-attachment":"scroll","background-type":"","background-media":"","overlay-type":"","overlay-color":"","overlay-opacity":"","overlay-gradient":""},"mobile":{"background-color":"","background-image":"","background-repeat":"repeat","background-position":"center center","background-size":"auto","background-attachment":"scroll","background-type":"","background-media":"","overlay-type":"","overlay-color":"","overlay-opacity":"","overlay-gradient":""}},"ast-content-background-meta":{"desktop":{"background-color":"var(--ast-global-color-5)","background-image":"","background-repeat":"repeat","background-position":"center center","background-size":"auto","background-attachment":"scroll","background-type":"","background-media":"","overlay-type":"","overlay-color":"","overlay-opacity":"","overlay-gradient":""},"tablet":{"background-color":"var(--ast-global-color-5)","background-image":"","background-repeat":"repeat","background-position":"center center","background-size":"auto","background-attachment":"scroll","background-type":"","background-media":"","overlay-type":"","overlay-color":"","overlay-opacity":"","overlay-gradient":""},"mobile":{"background-color":"var(--ast-global-color-5)","background-image":"","background-repeat":"repeat","background-position":"center center","background-size":"auto","background-attachment":"scroll","background-type":"","background-media":"","overlay-type":"","overlay-color":"","overlay-opacity":"","overlay-gradient":""}},"footnotes":""},"class_list":["post-3891","page","type-page","status-publish","has-post-thumbnail","hentry"],"yoast_head":"<!-- This site is optimized with the Yoast SEO Premium plugin v24.2 (Yoast SEO v24.6) - https:\/\/yoast.com\/wordpress\/plugins\/seo\/ -->\n<title>Parientes f\u00edsicos y espirituales - Uni\u00f3n Esp\u00edrita<\/title>\n<meta name=\"robots\" content=\"index, follow, max-snippet:-1, max-image-preview:large, max-video-preview:-1\" \/>\n<link rel=\"canonical\" href=\"https:\/\/nuevo-renacer.com\/it\/parientes-fisicos-y-espirituales\/\" \/>\n<meta property=\"og:locale\" content=\"it_IT\" \/>\n<meta property=\"og:type\" content=\"article\" \/>\n<meta property=\"og:title\" content=\"Parientes f\u00edsicos y espirituales\" \/>\n<meta property=\"og:description\" content=\"Parientes f\u00edsicos y espirituales El parentesco de sangre no es necesariamente parentesco espiritual. El cuerpo surge del cuerpo, pero el esp\u00edritu no surge del esp\u00edritu, porque el esp\u00edritu ya exist\u00eda antes de que se creara el cuerpo. No es el padre quien crea el esp\u00edritu de su hijo, s\u00f3lo le da la envoltura f\u00edsica, pero [&hellip;]\" \/>\n<meta property=\"og:url\" content=\"https:\/\/nuevo-renacer.com\/it\/parientes-fisicos-y-espirituales\/\" \/>\n<meta property=\"og:site_name\" content=\"Uni\u00f3n Esp\u00edrita\" \/>\n<meta property=\"article:publisher\" content=\"https:\/\/www.facebook.com\/groups\/3431398063740829\" \/>\n<meta property=\"article:modified_time\" content=\"2024-07-17T06:16:20+00:00\" \/>\n<meta property=\"og:image\" content=\"https:\/\/nuevo-renacer.com\/wp-content\/uploads\/2024\/07\/440907408_7801407443213003_184456287909870618_n.jpg\" \/>\n\t<meta property=\"og:image:width\" content=\"539\" \/>\n\t<meta property=\"og:image:height\" content=\"360\" \/>\n\t<meta property=\"og:image:type\" content=\"image\/jpeg\" \/>\n<meta name=\"twitter:card\" content=\"summary_large_image\" \/>\n<meta name=\"twitter:label1\" content=\"Tempo di lettura stimato\" \/>\n\t<meta name=\"twitter:data1\" content=\"2 minuti\" \/>\n<script type=\"application\/ld+json\" class=\"yoast-schema-graph\">{\"@context\":\"https:\/\/schema.org\",\"@graph\":[{\"@type\":\"WebPage\",\"@id\":\"https:\/\/nuevo-renacer.com\/parientes-fisicos-y-espirituales\/\",\"url\":\"https:\/\/nuevo-renacer.com\/parientes-fisicos-y-espirituales\/\",\"name\":\"Parientes f\u00edsicos y espirituales - Uni\u00f3n Esp\u00edrita\",\"isPartOf\":{\"@id\":\"https:\/\/nuevo-renacer.com\/#website\"},\"primaryImageOfPage\":{\"@id\":\"https:\/\/nuevo-renacer.com\/parientes-fisicos-y-espirituales\/#primaryimage\"},\"image\":{\"@id\":\"https:\/\/nuevo-renacer.com\/parientes-fisicos-y-espirituales\/#primaryimage\"},\"thumbnailUrl\":\"https:\/\/nuevo-renacer.com\/wp-content\/uploads\/2024\/07\/440907408_7801407443213003_184456287909870618_n.jpg\",\"datePublished\":\"2024-07-17T06:04:15+00:00\",\"dateModified\":\"2024-07-17T06:16:20+00:00\",\"breadcrumb\":{\"@id\":\"https:\/\/nuevo-renacer.com\/parientes-fisicos-y-espirituales\/#breadcrumb\"},\"inLanguage\":\"it-IT\",\"potentialAction\":[{\"@type\":\"ReadAction\",\"target\":[\"https:\/\/nuevo-renacer.com\/parientes-fisicos-y-espirituales\/\"]}]},{\"@type\":\"ImageObject\",\"inLanguage\":\"it-IT\",\"@id\":\"https:\/\/nuevo-renacer.com\/parientes-fisicos-y-espirituales\/#primaryimage\",\"url\":\"https:\/\/nuevo-renacer.com\/wp-content\/uploads\/2024\/07\/440907408_7801407443213003_184456287909870618_n.jpg\",\"contentUrl\":\"https:\/\/nuevo-renacer.com\/wp-content\/uploads\/2024\/07\/440907408_7801407443213003_184456287909870618_n.jpg\",\"width\":539,\"height\":360},{\"@type\":\"BreadcrumbList\",\"@id\":\"https:\/\/nuevo-renacer.com\/parientes-fisicos-y-espirituales\/#breadcrumb\",\"itemListElement\":[{\"@type\":\"ListItem\",\"position\":1,\"name\":\"Startseite\",\"item\":\"https:\/\/nuevo-renacer.com\/\"},{\"@type\":\"ListItem\",\"position\":2,\"name\":\"Parientes f\u00edsicos y espirituales\"}]},{\"@type\":\"WebSite\",\"@id\":\"https:\/\/nuevo-renacer.com\/#website\",\"url\":\"https:\/\/nuevo-renacer.com\/\",\"name\":\"Uni\u00f3n Esp\u00edrita\",\"description\":\"Nuevo Renacer\",\"publisher\":{\"@id\":\"https:\/\/nuevo-renacer.com\/#organization\"},\"potentialAction\":[{\"@type\":\"SearchAction\",\"target\":{\"@type\":\"EntryPoint\",\"urlTemplate\":\"https:\/\/nuevo-renacer.com\/?s={search_term_string}\"},\"query-input\":{\"@type\":\"PropertyValueSpecification\",\"valueRequired\":true,\"valueName\":\"search_term_string\"}}],\"inLanguage\":\"it-IT\"},{\"@type\":\"Organization\",\"@id\":\"https:\/\/nuevo-renacer.com\/#organization\",\"name\":\"UFEC\",\"url\":\"https:\/\/nuevo-renacer.com\/\",\"logo\":{\"@type\":\"ImageObject\",\"inLanguage\":\"it-IT\",\"@id\":\"https:\/\/nuevo-renacer.com\/#\/schema\/logo\/image\/\",\"url\":\"https:\/\/nuevo-renacer.com\/wp-content\/uploads\/2024\/05\/cropped-LOGO-TERMINADO1-3-3.png\",\"contentUrl\":\"https:\/\/nuevo-renacer.com\/wp-content\/uploads\/2024\/05\/cropped-LOGO-TERMINADO1-3-3.png\",\"width\":512,\"height\":512,\"caption\":\"UFEC\"},\"image\":{\"@id\":\"https:\/\/nuevo-renacer.com\/#\/schema\/logo\/image\/\"},\"sameAs\":[\"https:\/\/www.facebook.com\/groups\/3431398063740829\"]}]}<\/script>\n<!-- \/ Yoast SEO Premium plugin. -->","yoast_head_json":{"title":"Parientes f\u00edsicos y espirituales - Uni\u00f3n Esp\u00edrita","robots":{"index":"index","follow":"follow","max-snippet":"max-snippet:-1","max-image-preview":"max-image-preview:large","max-video-preview":"max-video-preview:-1"},"canonical":"https:\/\/nuevo-renacer.com\/it\/parientes-fisicos-y-espirituales\/","og_locale":"it_IT","og_type":"article","og_title":"Parientes f\u00edsicos y espirituales","og_description":"Parientes f\u00edsicos y espirituales El parentesco de sangre no es necesariamente parentesco espiritual. El cuerpo surge del cuerpo, pero el esp\u00edritu no surge del esp\u00edritu, porque el esp\u00edritu ya exist\u00eda antes de que se creara el cuerpo. No es el padre quien crea el esp\u00edritu de su hijo, s\u00f3lo le da la envoltura f\u00edsica, pero [&hellip;]","og_url":"https:\/\/nuevo-renacer.com\/it\/parientes-fisicos-y-espirituales\/","og_site_name":"Uni\u00f3n Esp\u00edrita","article_publisher":"https:\/\/www.facebook.com\/groups\/3431398063740829","article_modified_time":"2024-07-17T06:16:20+00:00","og_image":[{"width":539,"height":360,"url":"https:\/\/nuevo-renacer.com\/wp-content\/uploads\/2024\/07\/440907408_7801407443213003_184456287909870618_n.jpg","type":"image\/jpeg"}],"twitter_card":"summary_large_image","twitter_misc":{"Tempo di lettura stimato":"2 minuti"},"schema":{"@context":"https:\/\/schema.org","@graph":[{"@type":"WebPage","@id":"https:\/\/nuevo-renacer.com\/parientes-fisicos-y-espirituales\/","url":"https:\/\/nuevo-renacer.com\/parientes-fisicos-y-espirituales\/","name":"Parientes f\u00edsicos y espirituales - Uni\u00f3n Esp\u00edrita","isPartOf":{"@id":"https:\/\/nuevo-renacer.com\/#website"},"primaryImageOfPage":{"@id":"https:\/\/nuevo-renacer.com\/parientes-fisicos-y-espirituales\/#primaryimage"},"image":{"@id":"https:\/\/nuevo-renacer.com\/parientes-fisicos-y-espirituales\/#primaryimage"},"thumbnailUrl":"https:\/\/nuevo-renacer.com\/wp-content\/uploads\/2024\/07\/440907408_7801407443213003_184456287909870618_n.jpg","datePublished":"2024-07-17T06:04:15+00:00","dateModified":"2024-07-17T06:16:20+00:00","breadcrumb":{"@id":"https:\/\/nuevo-renacer.com\/parientes-fisicos-y-espirituales\/#breadcrumb"},"inLanguage":"it-IT","potentialAction":[{"@type":"ReadAction","target":["https:\/\/nuevo-renacer.com\/parientes-fisicos-y-espirituales\/"]}]},{"@type":"ImageObject","inLanguage":"it-IT","@id":"https:\/\/nuevo-renacer.com\/parientes-fisicos-y-espirituales\/#primaryimage","url":"https:\/\/nuevo-renacer.com\/wp-content\/uploads\/2024\/07\/440907408_7801407443213003_184456287909870618_n.jpg","contentUrl":"https:\/\/nuevo-renacer.com\/wp-content\/uploads\/2024\/07\/440907408_7801407443213003_184456287909870618_n.jpg","width":539,"height":360},{"@type":"BreadcrumbList","@id":"https:\/\/nuevo-renacer.com\/parientes-fisicos-y-espirituales\/#breadcrumb","itemListElement":[{"@type":"ListItem","position":1,"name":"Startseite","item":"https:\/\/nuevo-renacer.com\/"},{"@type":"ListItem","position":2,"name":"Parientes f\u00edsicos y espirituales"}]},{"@type":"WebSite","@id":"https:\/\/nuevo-renacer.com\/#website","url":"https:\/\/nuevo-renacer.com\/","name":"Uni\u00f3n Esp\u00edrita","description":"Nuevo Renacer","publisher":{"@id":"https:\/\/nuevo-renacer.com\/#organization"},"potentialAction":[{"@type":"SearchAction","target":{"@type":"EntryPoint","urlTemplate":"https:\/\/nuevo-renacer.com\/?s={search_term_string}"},"query-input":{"@type":"PropertyValueSpecification","valueRequired":true,"valueName":"search_term_string"}}],"inLanguage":"it-IT"},{"@type":"Organization","@id":"https:\/\/nuevo-renacer.com\/#organization","name":"UFEC","url":"https:\/\/nuevo-renacer.com\/","logo":{"@type":"ImageObject","inLanguage":"it-IT","@id":"https:\/\/nuevo-renacer.com\/#\/schema\/logo\/image\/","url":"https:\/\/nuevo-renacer.com\/wp-content\/uploads\/2024\/05\/cropped-LOGO-TERMINADO1-3-3.png","contentUrl":"https:\/\/nuevo-renacer.com\/wp-content\/uploads\/2024\/05\/cropped-LOGO-TERMINADO1-3-3.png","width":512,"height":512,"caption":"UFEC"},"image":{"@id":"https:\/\/nuevo-renacer.com\/#\/schema\/logo\/image\/"},"sameAs":["https:\/\/www.facebook.com\/groups\/3431398063740829"]}]}},"uagb_featured_image_src":{"full":["https:\/\/nuevo-renacer.com\/wp-content\/uploads\/2024\/07\/440907408_7801407443213003_184456287909870618_n.jpg",539,360,false],"thumbnail":["https:\/\/nuevo-renacer.com\/wp-content\/uploads\/2024\/07\/440907408_7801407443213003_184456287909870618_n-150x150.jpg",150,150,true],"medium":["https:\/\/nuevo-renacer.com\/wp-content\/uploads\/2024\/07\/440907408_7801407443213003_184456287909870618_n-300x200.jpg",300,200,true],"medium_large":["https:\/\/nuevo-renacer.com\/wp-content\/uploads\/2024\/07\/440907408_7801407443213003_184456287909870618_n.jpg",539,360,false],"large":["https:\/\/nuevo-renacer.com\/wp-content\/uploads\/2024\/07\/440907408_7801407443213003_184456287909870618_n.jpg",539,360,false],"1536x1536":["https:\/\/nuevo-renacer.com\/wp-content\/uploads\/2024\/07\/440907408_7801407443213003_184456287909870618_n.jpg",539,360,false],"2048x2048":["https:\/\/nuevo-renacer.com\/wp-content\/uploads\/2024\/07\/440907408_7801407443213003_184456287909870618_n.jpg",539,360,false],"trp-custom-language-flag":["https:\/\/nuevo-renacer.com\/wp-content\/uploads\/2024\/07\/440907408_7801407443213003_184456287909870618_n-18x12.jpg",18,12,true]},"uagb_author_info":{"display_name":"adbv0","author_link":"https:\/\/nuevo-renacer.com\/it\/author\/adbv0\/"},"uagb_comment_info":0,"uagb_excerpt":"Parientes f\u00edsicos y espirituales El parentesco de sangre no es necesariamente parentesco espiritual. El cuerpo surge del cuerpo, pero el esp\u00edritu no surge del esp\u00edritu, porque el esp\u00edritu ya exist\u00eda antes de que se creara el cuerpo. No es el padre quien crea el esp\u00edritu de su hijo, s\u00f3lo le da la envoltura f\u00edsica, pero&hellip;","jetpack_sharing_enabled":true,"_links":{"self":[{"href":"https:\/\/nuevo-renacer.com\/it\/wp-json\/wp\/v2\/pages\/3891","targetHints":{"allow":["GET"]}}],"collection":[{"href":"https:\/\/nuevo-renacer.com\/it\/wp-json\/wp\/v2\/pages"}],"about":[{"href":"https:\/\/nuevo-renacer.com\/it\/wp-json\/wp\/v2\/types\/page"}],"author":[{"embeddable":true,"href":"https:\/\/nuevo-renacer.com\/it\/wp-json\/wp\/v2\/users\/1"}],"replies":[{"embeddable":true,"href":"https:\/\/nuevo-renacer.com\/it\/wp-json\/wp\/v2\/comments?post=3891"}],"version-history":[{"count":8,"href":"https:\/\/nuevo-renacer.com\/it\/wp-json\/wp\/v2\/pages\/3891\/revisions"}],"predecessor-version":[{"id":3901,"href":"https:\/\/nuevo-renacer.com\/it\/wp-json\/wp\/v2\/pages\/3891\/revisions\/3901"}],"wp:featuredmedia":[{"embeddable":true,"href":"https:\/\/nuevo-renacer.com\/it\/wp-json\/wp\/v2\/media\/3892"}],"wp:attachment":[{"href":"https:\/\/nuevo-renacer.com\/it\/wp-json\/wp\/v2\/media?parent=3891"}],"curies":[{"name":"wp","href":"https:\/\/api.w.org\/{rel}","templated":true}]}}