{"id":3883,"date":"2024-07-16T13:23:19","date_gmt":"2024-07-16T13:23:19","guid":{"rendered":"https:\/\/ufec-mundial.com\/?page_id=3883"},"modified":"2024-07-16T13:23:22","modified_gmt":"2024-07-16T13:23:22","slug":"no-os-olvideis-del-projimo","status":"publish","type":"page","link":"https:\/\/nuevo-renacer.com\/it\/no-os-olvideis-del-projimo\/","title":{"rendered":"No os olvid\u00e9is del pr\u00f3jimo"},"content":{"rendered":"<div class=\"wp-block-uagb-container uagb-block-ad51c05d alignfull uagb-is-root-container\"><div class=\"uagb-container-inner-blocks-wrap\">\n<p class=\"has-black-color has-text-color has-link-color has-medium-font-size wp-elements-8362b2475011629b231858556d5f84c8\"><strong>No os olvid\u00e9is del pr\u00f3jimo<\/strong><\/p>\n<\/div><\/div>\n\n\n\n<div class=\"wp-block-uagb-container uagb-block-40eeb480 alignfull uagb-is-root-container\"><div class=\"uagb-container-inner-blocks-wrap\">\n<figure class=\"wp-block-image size-full is-resized\"><img fetchpriority=\"high\" decoding=\"async\" width=\"404\" height=\"480\" src=\"https:\/\/ufec-mundial.com\/wp-content\/uploads\/2024\/07\/35b7cc775a2a3683095b0e3fb44deb74.jpg\" alt=\"\" class=\"wp-image-3884\" style=\"width:364px;height:auto\" srcset=\"https:\/\/nuevo-renacer.com\/wp-content\/uploads\/2024\/07\/35b7cc775a2a3683095b0e3fb44deb74.jpg 404w, https:\/\/nuevo-renacer.com\/wp-content\/uploads\/2024\/07\/35b7cc775a2a3683095b0e3fb44deb74-253x300.jpg 253w, https:\/\/nuevo-renacer.com\/wp-content\/uploads\/2024\/07\/35b7cc775a2a3683095b0e3fb44deb74-10x12.jpg 10w\" sizes=\"(max-width: 404px) 100vw, 404px\" \/><\/figure>\n<\/div><\/div>\n\n\n\n<div class=\"wp-block-uagb-container uagb-block-34ecf07c alignfull uagb-is-root-container\"><div class=\"uagb-container-inner-blocks-wrap\">\n<p class=\"has-black-color has-text-color has-link-color has-small-font-size wp-elements-2a355ccfbab24292731459d7b48f4b4b\">No se\u00e1is obstinados en el ego\u00edsmo. El ego\u00edsmo hace sufrir, con reflejos en el cuerpo f\u00edsico, que padece con la concentraci\u00f3n de elementos corrosivos. El pr\u00f3jimo, que Jes\u00fas tanto amaba, precisa de vosotros, tanto como precis\u00e1is de \u00e9l. Ese intercambio es la vida de todos nosotros, uni\u00e9ndonos con la vida de Dios.<\/p>\n\n\n\n<p class=\"has-black-color has-text-color has-link-color has-small-font-size wp-elements-f9f16ba37e96078963e206bb1a04940a\">No os olvid\u00e9is del pr\u00f3jimo a despecho de vuestras obligaciones, porque cuando no intentamos amar a alguien, inventamos disculpas de toda orden y nos distanciamos de mil maneras y a trav\u00e9s de varios disfraces. Acord\u00e9monos de lo que dijo el Divino Maestro, reduciendo los diez mandamientos en solo dos: amar a Dios sobre todas las cosas y al pr\u00f3jimo como a nosotros mismos. Y el ego\u00edsmo, en la forma de amor propio, nos induce a olvidar al pr\u00f3jimo, aquellos que conviven con nosotros en la gran jornada evolutiva.<\/p>\n\n\n\n<p class=\"has-black-color has-text-color has-link-color has-small-font-size wp-elements-df26b6926ed09a7e12ffa9d4eeb2ea55\">Si quer\u00e9is saber qui\u00e9n es vuestro pr\u00f3jimo, observaros a vosotros mismos, porque \u00e9l es vuestra continuaci\u00f3n, que se extiende al infinito. Procurad dedicaros m\u00e1s a los semejantes, d\u00e1ndoles m\u00e1s atenci\u00f3n en aquello que ellos representan, en lo que ellos os hablan, hacen o escriben, porque pod\u00e9is aprender mucho con los otros, por el intercambio de experiencias.<\/p>\n\n\n\n<p class=\"has-black-color has-text-color has-link-color has-small-font-size wp-elements-4401c5263037883e3ea95852e85f669b\">Seamos fieles a las leyes del Se\u00f1or, comulgando con las leyes de amor y ambient\u00e1ndonos con el clima de caridad, que el bienestar se aproximar\u00e1 a nosotros, como fuerza divina, en la divina expresi\u00f3n de todas las cosas. \u00bfYa observasteis, hermano m\u00edo, cuanto os sirve el pr\u00f3jimo? En todos los caminos, se notan sus manos ayud\u00e1ndonos a ayudar, ayud\u00e1ndonos a servir, ayud\u00e1ndonos a comprender. Ese pr\u00f3jimo merece nuestro respeto, nuestra estima y nuestro amor. Todos juntos formaremos la gran corriente de vida que sustenta la gran esperanza por un mundo mejor.<\/p>\n\n\n\n<p class=\"has-black-color has-text-color has-link-color has-small-font-size wp-elements-83d960fc6bf4e81b6e361c6155d1b3df\">Aquel inter\u00e9s que ten\u00e9is en demas\u00eda por vosotros mismos, gastando todo el tiempo en causa propia, en el propio sustento, en vuestro cuidado, sin pensar en los otros, os lleva a las profundidades del orgullo y de la vanidad y os hace olvidar que existe m\u00e1s gente viviendo en el mismo mundo en que viv\u00eds. Salid de dentro de vosotros mismo, aunque sea por unos instantes y observar lo que pasa a vuestro alrededor, las dificultades de vuestros compa\u00f1eros de jornada y ayudadlos con vuestras posibilidades, comprendi\u00e9ndolos con el discernimiento y confort\u00e1ndolos con el saber.<\/p>\n\n\n\n<p class=\"has-black-color has-text-color has-link-color has-small-font-size wp-elements-8d416aeba9364c8a2d15042e667b9365\">No deb\u00e9is acumular sabidur\u00eda ego\u00edstamente. No deb\u00e9is desperdiciar las fuerzas que os sobran, ni deb\u00e9is reprimir el don de amar y la gentileza conquistada. Ese acervo de luces es para ser usado a favor de vuestro pr\u00f3jimo, pues, cuanto m\u00e1s don\u00e9is, m\u00e1s tendr\u00e9is en vuestro beneficio, por el suplemento universal. Y quien se olvide de los compa\u00f1eros, atrofia los valores del coraz\u00f3n, pasando a la condici\u00f3n de enfermo, por falta de intercambio de los tesoros divinos. Ajustaos a la ley, que ella se ajustar\u00e1 a vosotros, por el bien que deb\u00e9is hacer.<\/p>\n\n\n\n<p class=\"has-black-color has-text-color has-link-color has-small-font-size wp-elements-22ffb57aa63509881c4d51ab16f1aa2e\">S\u00e9 que busc\u00e1is la salud. Pues ella est\u00e1 donde permanece la armon\u00eda, aquella nacida del deber cumplido, de la alegr\u00eda de ser \u00fatil a las criaturas de Dios.<\/p>\n\n\n\n<p class=\"has-black-color has-text-color has-link-color has-small-font-size wp-elements-bf619d5bad2d7cd64ed9b2dd043183ee\">Trabajemos de manos dadas y esforc\u00e9monos para comprender a nuestro semejante en todos los instantes y Dios har\u00e1 el resto que est\u00e9 fuera de nuestro alcance.<\/p>\n\n\n\n<p class=\"has-black-color has-text-color has-link-color has-small-font-size wp-elements-e27f6129083944b68478da306cfd78bb\">Vamos acordarnos de nuestro pr\u00f3jimo, como nos cuidamos a nosotros mismos, mientras \u00e9l est\u00e1 en nuestro camino y Jes\u00fas estar\u00e1 sonriendo dentro de nuestro coraz\u00f3n.<\/p>\n<\/div><\/div>","protected":false},"excerpt":{"rendered":"<p>No os olvid\u00e9is del pr\u00f3jimo No se\u00e1is obstinados en el ego\u00edsmo. El ego\u00edsmo hace sufrir, con reflejos en el cuerpo f\u00edsico, que padece con la concentraci\u00f3n de elementos corrosivos. El pr\u00f3jimo, que Jes\u00fas tanto amaba, precisa de vosotros, tanto como precis\u00e1is de \u00e9l. Ese intercambio es la vida de todos nosotros, uni\u00e9ndonos con la vida [&hellip;]<\/p>","protected":false},"author":1,"featured_media":3884,"parent":0,"menu_order":0,"comment_status":"closed","ping_status":"closed","template":"","meta":{"_uag_custom_page_level_css":"","site-sidebar-layout":"default","site-content-layout":"","ast-site-content-layout":"default","site-content-style":"default","site-sidebar-style":"default","ast-global-header-display":"","ast-banner-title-visibility":"","ast-main-header-display":"","ast-hfb-above-header-display":"","ast-hfb-below-header-display":"","ast-hfb-mobile-header-display":"","site-post-title":"disabled","ast-breadcrumbs-content":"","ast-featured-img":"","footer-sml-layout":"","theme-transparent-header-meta":"","adv-header-id-meta":"","stick-header-meta":"","header-above-stick-meta":"","header-main-stick-meta":"","header-below-stick-meta":"","astra-migrate-meta-layouts":"set","ast-page-background-enabled":"default","ast-page-background-meta":{"desktop":{"background-color":"var(--ast-global-color-4)","background-image":"","background-repeat":"repeat","background-position":"center center","background-size":"auto","background-attachment":"scroll","background-type":"","background-media":"","overlay-type":"","overlay-color":"","overlay-opacity":"","overlay-gradient":""},"tablet":{"background-color":"","background-image":"","background-repeat":"repeat","background-position":"center center","background-size":"auto","background-attachment":"scroll","background-type":"","background-media":"","overlay-type":"","overlay-color":"","overlay-opacity":"","overlay-gradient":""},"mobile":{"background-color":"","background-image":"","background-repeat":"repeat","background-position":"center center","background-size":"auto","background-attachment":"scroll","background-type":"","background-media":"","overlay-type":"","overlay-color":"","overlay-opacity":"","overlay-gradient":""}},"ast-content-background-meta":{"desktop":{"background-color":"var(--ast-global-color-5)","background-image":"","background-repeat":"repeat","background-position":"center center","background-size":"auto","background-attachment":"scroll","background-type":"","background-media":"","overlay-type":"","overlay-color":"","overlay-opacity":"","overlay-gradient":""},"tablet":{"background-color":"var(--ast-global-color-5)","background-image":"","background-repeat":"repeat","background-position":"center center","background-size":"auto","background-attachment":"scroll","background-type":"","background-media":"","overlay-type":"","overlay-color":"","overlay-opacity":"","overlay-gradient":""},"mobile":{"background-color":"var(--ast-global-color-5)","background-image":"","background-repeat":"repeat","background-position":"center center","background-size":"auto","background-attachment":"scroll","background-type":"","background-media":"","overlay-type":"","overlay-color":"","overlay-opacity":"","overlay-gradient":""}},"footnotes":""},"class_list":["post-3883","page","type-page","status-publish","has-post-thumbnail","hentry"],"yoast_head":"<!-- This site is optimized with the Yoast SEO Premium plugin v24.2 (Yoast SEO v24.6) - https:\/\/yoast.com\/wordpress\/plugins\/seo\/ -->\n<title>No os olvid\u00e9is del pr\u00f3jimo - Uni\u00f3n Esp\u00edrita<\/title>\n<meta name=\"robots\" content=\"index, follow, max-snippet:-1, max-image-preview:large, max-video-preview:-1\" \/>\n<link rel=\"canonical\" href=\"https:\/\/nuevo-renacer.com\/it\/no-os-olvideis-del-projimo\/\" \/>\n<meta property=\"og:locale\" content=\"it_IT\" \/>\n<meta property=\"og:type\" content=\"article\" \/>\n<meta property=\"og:title\" content=\"No os olvid\u00e9is del pr\u00f3jimo\" \/>\n<meta property=\"og:description\" content=\"No os olvid\u00e9is del pr\u00f3jimo No se\u00e1is obstinados en el ego\u00edsmo. El ego\u00edsmo hace sufrir, con reflejos en el cuerpo f\u00edsico, que padece con la concentraci\u00f3n de elementos corrosivos. El pr\u00f3jimo, que Jes\u00fas tanto amaba, precisa de vosotros, tanto como precis\u00e1is de \u00e9l. Ese intercambio es la vida de todos nosotros, uni\u00e9ndonos con la vida [&hellip;]\" \/>\n<meta property=\"og:url\" content=\"https:\/\/nuevo-renacer.com\/it\/no-os-olvideis-del-projimo\/\" \/>\n<meta property=\"og:site_name\" content=\"Uni\u00f3n Esp\u00edrita\" \/>\n<meta property=\"article:publisher\" content=\"https:\/\/www.facebook.com\/groups\/3431398063740829\" \/>\n<meta property=\"article:modified_time\" content=\"2024-07-16T13:23:22+00:00\" \/>\n<meta property=\"og:image\" content=\"https:\/\/nuevo-renacer.com\/wp-content\/uploads\/2024\/07\/35b7cc775a2a3683095b0e3fb44deb74.jpg\" \/>\n\t<meta property=\"og:image:width\" content=\"404\" \/>\n\t<meta property=\"og:image:height\" content=\"480\" \/>\n\t<meta property=\"og:image:type\" content=\"image\/jpeg\" \/>\n<meta name=\"twitter:card\" content=\"summary_large_image\" \/>\n<meta name=\"twitter:label1\" content=\"Tempo di lettura stimato\" \/>\n\t<meta name=\"twitter:data1\" content=\"3 minuti\" \/>\n<script type=\"application\/ld+json\" class=\"yoast-schema-graph\">{\"@context\":\"https:\/\/schema.org\",\"@graph\":[{\"@type\":\"WebPage\",\"@id\":\"https:\/\/nuevo-renacer.com\/no-os-olvideis-del-projimo\/\",\"url\":\"https:\/\/nuevo-renacer.com\/no-os-olvideis-del-projimo\/\",\"name\":\"No os olvid\u00e9is del pr\u00f3jimo - Uni\u00f3n Esp\u00edrita\",\"isPartOf\":{\"@id\":\"https:\/\/nuevo-renacer.com\/#website\"},\"primaryImageOfPage\":{\"@id\":\"https:\/\/nuevo-renacer.com\/no-os-olvideis-del-projimo\/#primaryimage\"},\"image\":{\"@id\":\"https:\/\/nuevo-renacer.com\/no-os-olvideis-del-projimo\/#primaryimage\"},\"thumbnailUrl\":\"https:\/\/nuevo-renacer.com\/wp-content\/uploads\/2024\/07\/35b7cc775a2a3683095b0e3fb44deb74.jpg\",\"datePublished\":\"2024-07-16T13:23:19+00:00\",\"dateModified\":\"2024-07-16T13:23:22+00:00\",\"breadcrumb\":{\"@id\":\"https:\/\/nuevo-renacer.com\/no-os-olvideis-del-projimo\/#breadcrumb\"},\"inLanguage\":\"it-IT\",\"potentialAction\":[{\"@type\":\"ReadAction\",\"target\":[\"https:\/\/nuevo-renacer.com\/no-os-olvideis-del-projimo\/\"]}]},{\"@type\":\"ImageObject\",\"inLanguage\":\"it-IT\",\"@id\":\"https:\/\/nuevo-renacer.com\/no-os-olvideis-del-projimo\/#primaryimage\",\"url\":\"https:\/\/nuevo-renacer.com\/wp-content\/uploads\/2024\/07\/35b7cc775a2a3683095b0e3fb44deb74.jpg\",\"contentUrl\":\"https:\/\/nuevo-renacer.com\/wp-content\/uploads\/2024\/07\/35b7cc775a2a3683095b0e3fb44deb74.jpg\",\"width\":404,\"height\":480},{\"@type\":\"BreadcrumbList\",\"@id\":\"https:\/\/nuevo-renacer.com\/no-os-olvideis-del-projimo\/#breadcrumb\",\"itemListElement\":[{\"@type\":\"ListItem\",\"position\":1,\"name\":\"Startseite\",\"item\":\"https:\/\/nuevo-renacer.com\/\"},{\"@type\":\"ListItem\",\"position\":2,\"name\":\"No os olvid\u00e9is del pr\u00f3jimo\"}]},{\"@type\":\"WebSite\",\"@id\":\"https:\/\/nuevo-renacer.com\/#website\",\"url\":\"https:\/\/nuevo-renacer.com\/\",\"name\":\"Uni\u00f3n Esp\u00edrita\",\"description\":\"Nuevo Renacer\",\"publisher\":{\"@id\":\"https:\/\/nuevo-renacer.com\/#organization\"},\"potentialAction\":[{\"@type\":\"SearchAction\",\"target\":{\"@type\":\"EntryPoint\",\"urlTemplate\":\"https:\/\/nuevo-renacer.com\/?s={search_term_string}\"},\"query-input\":{\"@type\":\"PropertyValueSpecification\",\"valueRequired\":true,\"valueName\":\"search_term_string\"}}],\"inLanguage\":\"it-IT\"},{\"@type\":\"Organization\",\"@id\":\"https:\/\/nuevo-renacer.com\/#organization\",\"name\":\"UFEC\",\"url\":\"https:\/\/nuevo-renacer.com\/\",\"logo\":{\"@type\":\"ImageObject\",\"inLanguage\":\"it-IT\",\"@id\":\"https:\/\/nuevo-renacer.com\/#\/schema\/logo\/image\/\",\"url\":\"https:\/\/nuevo-renacer.com\/wp-content\/uploads\/2024\/05\/cropped-LOGO-TERMINADO1-3-3.png\",\"contentUrl\":\"https:\/\/nuevo-renacer.com\/wp-content\/uploads\/2024\/05\/cropped-LOGO-TERMINADO1-3-3.png\",\"width\":512,\"height\":512,\"caption\":\"UFEC\"},\"image\":{\"@id\":\"https:\/\/nuevo-renacer.com\/#\/schema\/logo\/image\/\"},\"sameAs\":[\"https:\/\/www.facebook.com\/groups\/3431398063740829\"]}]}<\/script>\n<!-- \/ Yoast SEO Premium plugin. -->","yoast_head_json":{"title":"No os olvid\u00e9is del pr\u00f3jimo - Uni\u00f3n Esp\u00edrita","robots":{"index":"index","follow":"follow","max-snippet":"max-snippet:-1","max-image-preview":"max-image-preview:large","max-video-preview":"max-video-preview:-1"},"canonical":"https:\/\/nuevo-renacer.com\/it\/no-os-olvideis-del-projimo\/","og_locale":"it_IT","og_type":"article","og_title":"No os olvid\u00e9is del pr\u00f3jimo","og_description":"No os olvid\u00e9is del pr\u00f3jimo No se\u00e1is obstinados en el ego\u00edsmo. El ego\u00edsmo hace sufrir, con reflejos en el cuerpo f\u00edsico, que padece con la concentraci\u00f3n de elementos corrosivos. El pr\u00f3jimo, que Jes\u00fas tanto amaba, precisa de vosotros, tanto como precis\u00e1is de \u00e9l. Ese intercambio es la vida de todos nosotros, uni\u00e9ndonos con la vida [&hellip;]","og_url":"https:\/\/nuevo-renacer.com\/it\/no-os-olvideis-del-projimo\/","og_site_name":"Uni\u00f3n Esp\u00edrita","article_publisher":"https:\/\/www.facebook.com\/groups\/3431398063740829","article_modified_time":"2024-07-16T13:23:22+00:00","og_image":[{"width":404,"height":480,"url":"https:\/\/nuevo-renacer.com\/wp-content\/uploads\/2024\/07\/35b7cc775a2a3683095b0e3fb44deb74.jpg","type":"image\/jpeg"}],"twitter_card":"summary_large_image","twitter_misc":{"Tempo di lettura stimato":"3 minuti"},"schema":{"@context":"https:\/\/schema.org","@graph":[{"@type":"WebPage","@id":"https:\/\/nuevo-renacer.com\/no-os-olvideis-del-projimo\/","url":"https:\/\/nuevo-renacer.com\/no-os-olvideis-del-projimo\/","name":"No os olvid\u00e9is del pr\u00f3jimo - Uni\u00f3n Esp\u00edrita","isPartOf":{"@id":"https:\/\/nuevo-renacer.com\/#website"},"primaryImageOfPage":{"@id":"https:\/\/nuevo-renacer.com\/no-os-olvideis-del-projimo\/#primaryimage"},"image":{"@id":"https:\/\/nuevo-renacer.com\/no-os-olvideis-del-projimo\/#primaryimage"},"thumbnailUrl":"https:\/\/nuevo-renacer.com\/wp-content\/uploads\/2024\/07\/35b7cc775a2a3683095b0e3fb44deb74.jpg","datePublished":"2024-07-16T13:23:19+00:00","dateModified":"2024-07-16T13:23:22+00:00","breadcrumb":{"@id":"https:\/\/nuevo-renacer.com\/no-os-olvideis-del-projimo\/#breadcrumb"},"inLanguage":"it-IT","potentialAction":[{"@type":"ReadAction","target":["https:\/\/nuevo-renacer.com\/no-os-olvideis-del-projimo\/"]}]},{"@type":"ImageObject","inLanguage":"it-IT","@id":"https:\/\/nuevo-renacer.com\/no-os-olvideis-del-projimo\/#primaryimage","url":"https:\/\/nuevo-renacer.com\/wp-content\/uploads\/2024\/07\/35b7cc775a2a3683095b0e3fb44deb74.jpg","contentUrl":"https:\/\/nuevo-renacer.com\/wp-content\/uploads\/2024\/07\/35b7cc775a2a3683095b0e3fb44deb74.jpg","width":404,"height":480},{"@type":"BreadcrumbList","@id":"https:\/\/nuevo-renacer.com\/no-os-olvideis-del-projimo\/#breadcrumb","itemListElement":[{"@type":"ListItem","position":1,"name":"Startseite","item":"https:\/\/nuevo-renacer.com\/"},{"@type":"ListItem","position":2,"name":"No os olvid\u00e9is del pr\u00f3jimo"}]},{"@type":"WebSite","@id":"https:\/\/nuevo-renacer.com\/#website","url":"https:\/\/nuevo-renacer.com\/","name":"Uni\u00f3n Esp\u00edrita","description":"Nuevo Renacer","publisher":{"@id":"https:\/\/nuevo-renacer.com\/#organization"},"potentialAction":[{"@type":"SearchAction","target":{"@type":"EntryPoint","urlTemplate":"https:\/\/nuevo-renacer.com\/?s={search_term_string}"},"query-input":{"@type":"PropertyValueSpecification","valueRequired":true,"valueName":"search_term_string"}}],"inLanguage":"it-IT"},{"@type":"Organization","@id":"https:\/\/nuevo-renacer.com\/#organization","name":"UFEC","url":"https:\/\/nuevo-renacer.com\/","logo":{"@type":"ImageObject","inLanguage":"it-IT","@id":"https:\/\/nuevo-renacer.com\/#\/schema\/logo\/image\/","url":"https:\/\/nuevo-renacer.com\/wp-content\/uploads\/2024\/05\/cropped-LOGO-TERMINADO1-3-3.png","contentUrl":"https:\/\/nuevo-renacer.com\/wp-content\/uploads\/2024\/05\/cropped-LOGO-TERMINADO1-3-3.png","width":512,"height":512,"caption":"UFEC"},"image":{"@id":"https:\/\/nuevo-renacer.com\/#\/schema\/logo\/image\/"},"sameAs":["https:\/\/www.facebook.com\/groups\/3431398063740829"]}]}},"uagb_featured_image_src":{"full":["https:\/\/nuevo-renacer.com\/wp-content\/uploads\/2024\/07\/35b7cc775a2a3683095b0e3fb44deb74.jpg",404,480,false],"thumbnail":["https:\/\/nuevo-renacer.com\/wp-content\/uploads\/2024\/07\/35b7cc775a2a3683095b0e3fb44deb74-150x150.jpg",150,150,true],"medium":["https:\/\/nuevo-renacer.com\/wp-content\/uploads\/2024\/07\/35b7cc775a2a3683095b0e3fb44deb74-253x300.jpg",253,300,true],"medium_large":["https:\/\/nuevo-renacer.com\/wp-content\/uploads\/2024\/07\/35b7cc775a2a3683095b0e3fb44deb74.jpg",404,480,false],"large":["https:\/\/nuevo-renacer.com\/wp-content\/uploads\/2024\/07\/35b7cc775a2a3683095b0e3fb44deb74.jpg",404,480,false],"1536x1536":["https:\/\/nuevo-renacer.com\/wp-content\/uploads\/2024\/07\/35b7cc775a2a3683095b0e3fb44deb74.jpg",404,480,false],"2048x2048":["https:\/\/nuevo-renacer.com\/wp-content\/uploads\/2024\/07\/35b7cc775a2a3683095b0e3fb44deb74.jpg",404,480,false],"trp-custom-language-flag":["https:\/\/nuevo-renacer.com\/wp-content\/uploads\/2024\/07\/35b7cc775a2a3683095b0e3fb44deb74-10x12.jpg",10,12,true]},"uagb_author_info":{"display_name":"adbv0","author_link":"https:\/\/nuevo-renacer.com\/it\/author\/adbv0\/"},"uagb_comment_info":0,"uagb_excerpt":"No os olvid\u00e9is del pr\u00f3jimo No se\u00e1is obstinados en el ego\u00edsmo. El ego\u00edsmo hace sufrir, con reflejos en el cuerpo f\u00edsico, que padece con la concentraci\u00f3n de elementos corrosivos. El pr\u00f3jimo, que Jes\u00fas tanto amaba, precisa de vosotros, tanto como precis\u00e1is de \u00e9l. Ese intercambio es la vida de todos nosotros, uni\u00e9ndonos con la vida&hellip;","jetpack_sharing_enabled":true,"_links":{"self":[{"href":"https:\/\/nuevo-renacer.com\/it\/wp-json\/wp\/v2\/pages\/3883","targetHints":{"allow":["GET"]}}],"collection":[{"href":"https:\/\/nuevo-renacer.com\/it\/wp-json\/wp\/v2\/pages"}],"about":[{"href":"https:\/\/nuevo-renacer.com\/it\/wp-json\/wp\/v2\/types\/page"}],"author":[{"embeddable":true,"href":"https:\/\/nuevo-renacer.com\/it\/wp-json\/wp\/v2\/users\/1"}],"replies":[{"embeddable":true,"href":"https:\/\/nuevo-renacer.com\/it\/wp-json\/wp\/v2\/comments?post=3883"}],"version-history":[{"count":1,"href":"https:\/\/nuevo-renacer.com\/it\/wp-json\/wp\/v2\/pages\/3883\/revisions"}],"predecessor-version":[{"id":3885,"href":"https:\/\/nuevo-renacer.com\/it\/wp-json\/wp\/v2\/pages\/3883\/revisions\/3885"}],"wp:featuredmedia":[{"embeddable":true,"href":"https:\/\/nuevo-renacer.com\/it\/wp-json\/wp\/v2\/media\/3884"}],"wp:attachment":[{"href":"https:\/\/nuevo-renacer.com\/it\/wp-json\/wp\/v2\/media?parent=3883"}],"curies":[{"name":"wp","href":"https:\/\/api.w.org\/{rel}","templated":true}]}}