{"id":3865,"date":"2024-07-16T11:57:49","date_gmt":"2024-07-16T11:57:49","guid":{"rendered":"https:\/\/ufec-mundial.com\/?page_id=3865"},"modified":"2024-07-16T11:58:02","modified_gmt":"2024-07-16T11:58:02","slug":"las-personas-manipuladoras","status":"publish","type":"page","link":"https:\/\/nuevo-renacer.com\/it\/las-personas-manipuladoras\/","title":{"rendered":"Las personas manipuladoras"},"content":{"rendered":"<div class=\"wp-block-uagb-container uagb-block-95478ae0 alignfull uagb-is-root-container\"><div class=\"uagb-container-inner-blocks-wrap\">\n<p class=\"has-black-color has-text-color has-link-color has-medium-font-size wp-elements-572baf4a8dcd5adb0a240224b93d7694\"><strong>Las personas manipuladoras<\/strong><\/p>\n<\/div><\/div>\n\n\n\n<div class=\"wp-block-uagb-container uagb-block-2f1bcb55 alignfull uagb-is-root-container\"><div class=\"uagb-container-inner-blocks-wrap\">\n<figure class=\"wp-block-image size-full is-resized\"><img fetchpriority=\"high\" decoding=\"async\" width=\"1600\" height=\"1280\" src=\"https:\/\/ufec-mundial.com\/wp-content\/uploads\/2024\/07\/manipulation-hirn-bild.jpeg\" alt=\"\" class=\"wp-image-3868\" style=\"width:479px;height:auto\" srcset=\"https:\/\/nuevo-renacer.com\/wp-content\/uploads\/2024\/07\/manipulation-hirn-bild.jpeg 1600w, https:\/\/nuevo-renacer.com\/wp-content\/uploads\/2024\/07\/manipulation-hirn-bild-300x240.jpeg 300w, https:\/\/nuevo-renacer.com\/wp-content\/uploads\/2024\/07\/manipulation-hirn-bild-768x614.jpeg 768w, https:\/\/nuevo-renacer.com\/wp-content\/uploads\/2024\/07\/manipulation-hirn-bild-1024x819.jpeg 1024w, https:\/\/nuevo-renacer.com\/wp-content\/uploads\/2024\/07\/manipulation-hirn-bild-1536x1229.jpeg 1536w, https:\/\/nuevo-renacer.com\/wp-content\/uploads\/2024\/07\/manipulation-hirn-bild-15x12.jpeg 15w\" sizes=\"(max-width: 1600px) 100vw, 1600px\" \/><\/figure>\n<\/div><\/div>\n\n\n\n<div class=\"wp-block-uagb-container uagb-block-41c1cb56 alignfull uagb-is-root-container\"><div class=\"uagb-container-inner-blocks-wrap\">\n<p class=\"has-black-color has-text-color has-link-color has-small-font-size wp-elements-fe42858a4411ba9298f613aeb10dff48\">Una personas manipuladora es aquella que utiliza a los dem\u00e1s para conseguir sus propios intereses. Se sirven de los dem\u00e1s para conseguir sus objetivos y no cesan hasta que lo logran.<\/p>\n\n\n\n<p class=\"has-black-color has-text-color has-link-color has-small-font-size wp-elements-e3977bf8f0cfd49b15b55b15c9f3dadd\">La manipulaci\u00f3n es la actitud de una persona dirigida a influenciar a otra persona para conseguir determinados objetivos. Es la forma en la que un individuo se sirve de otro para que de forma inconsciente, debido a la sutileza del manipulador, o conscientemente por temor, compromiso o culpa, \u00e9ste le ayude a lograr su deseo o aquello que le interesa. Las personas manipuladas ceden a los caprichos de otra a pesar de sus propios deseos. Suele producirse entre amigos, en la familia o en el trabajo.<\/p>\n\n\n\n<p class=\"has-black-color has-text-color has-link-color has-small-font-size wp-elements-e51c07af2c44a0d9c99732579e9846a3\">Las personas que constantemente tratan de ejercer control sobre otros son muy sutiles y h\u00e1biles con las artima\u00f1as que utilizan para lograr sus objetivos y, rara vez, se les notan sus intenciones. Saben perfectamente lo que quieren y nada ni nadie les impedir\u00e1 conseguirlo. Act\u00faan sin pensar si sus actos son buenos o malos, y poco les importa lo que los dem\u00e1s sientan al respecto. En la mayor\u00eda de los casos se trata de personas con habilidades sociales. Son divertidos, amables, imaginativos y poseen un gran encanto.<\/p>\n\n\n\n<p class=\"has-black-color has-text-color has-link-color has-small-font-size wp-elements-eff26cabc0e38dccc17cbea6bd31eeef\">Para el manipulador es imprescindible conseguir que el otro act\u00fae como \u00e9l desea o que est\u00e9 de acuerdo con \u00e9l. En caso contrario, rechaza su amistad, no le interesa seguir teniendo trato con \u00e9l. A pesar de ello, sigue siendo cordial en el trato aunque no le aprecie. No son de fiar, es muy probable que a la espalda extiendan rumores. Este tipo de actos refuerzan su autoestima, les hacen sentirse valientes, importantes y seguros, aunque, por lo general, son personas bastante inseguras e inmaduras emocionalmente, que sienten temor al rechazo y tienen necesidad de afecto. En el fondo subyace un problema de confianza en s\u00ed mismo y de dependencia de los dem\u00e1s. Necesitan que otros le apoyen y le faciliten su cometido.<\/p>\n\n\n\n<p class=\"has-black-color has-text-color has-link-color has-small-font-size wp-elements-856d4f8839218101c443d20805cc322b\">Todos podemos convertirnos en un momento determinado de nuestra vida en personas manipuladoras. La necesidad de control que sentimos en algunas ocasiones o en determinadas circunstancias, puede hacer que en momentos concretos de nuestra vida tratemos de manipular a los dem\u00e1s.<\/p>\n\n\n\n<p class=\"has-black-color has-text-color has-link-color has-small-font-size wp-elements-87bfb387721e6d47118e8dc286b89874\">Las personas que han sido manipuladas no suelen darse cuenta de que lo est\u00e1n siendo hasta despu\u00e9s de ocurrido el hecho. Es entonces cuando se sienten impotentes, enfadadas, y frustradas por haber actuado de forma contraria a sus deseos y por haberse dejado enga\u00f1ar. Se han dejado atraer y convencer por personas que ellos consideraban de su confianza y de quienes esperaban una gran amistad. Pero el resultado es que han sido utilizadas para los intereses del manipulador y, una vez que ya no les necesitan les dan la espalda, ya no son \u00fatiles para ellos.<\/p>\n\n\n\n<p class=\"has-black-color has-text-color has-link-color has-small-font-size wp-elements-8d996be19ba374ebe5d1660052803245\">El efecto hipnotizador que estas personas suelen tener sobre los dem\u00e1s hace que quienes est\u00e1n siendo manipuladas, act\u00faen o lleguen a actuar o hacer comentarios con los que no est\u00e1n de acuerdo y que no habr\u00edan hecho si no hubiesen estado bajo su efecto hipnotizador. Todas las personas manipuladoras son conscientes de su necesidad de controlar a los dem\u00e1s. Sin embargo esto un acto deplorable que atenta contra la dignidad de las dem\u00e1s personas. Por eso, no debemos permitir que esto nos ocurra, para lo cual, en cualquier situaci\u00f3n, debemos pensar en nuestra integridad como persona y no dejar que nos utilicen. Para combatirlos, no hay que ceder a sus presiones. Sin embargo el mejor consejo es evitar la compa\u00f1\u00eda de una persona manipuladora, deshacerse de ella tan pronto como sea posible, o hacerle frente. No permitas que te revisan el tel\u00e9fono celular, te controlen el horario, tus compa\u00f1\u00edas, tus quehaceres, tu tiempo libre, etc.<\/p>\n<\/div><\/div>","protected":false},"excerpt":{"rendered":"<p>Las personas manipuladoras Una personas manipuladora es aquella que utiliza a los dem\u00e1s para conseguir sus propios intereses. Se sirven de los dem\u00e1s para conseguir sus objetivos y no cesan hasta que lo logran. La manipulaci\u00f3n es la actitud de una persona dirigida a influenciar a otra persona para conseguir determinados objetivos. Es la forma [&hellip;]<\/p>","protected":false},"author":1,"featured_media":3868,"parent":0,"menu_order":0,"comment_status":"closed","ping_status":"closed","template":"","meta":{"_uag_custom_page_level_css":"","site-sidebar-layout":"default","site-content-layout":"","ast-site-content-layout":"default","site-content-style":"default","site-sidebar-style":"default","ast-global-header-display":"","ast-banner-title-visibility":"","ast-main-header-display":"","ast-hfb-above-header-display":"","ast-hfb-below-header-display":"","ast-hfb-mobile-header-display":"","site-post-title":"disabled","ast-breadcrumbs-content":"","ast-featured-img":"","footer-sml-layout":"","theme-transparent-header-meta":"","adv-header-id-meta":"","stick-header-meta":"","header-above-stick-meta":"","header-main-stick-meta":"","header-below-stick-meta":"","astra-migrate-meta-layouts":"set","ast-page-background-enabled":"default","ast-page-background-meta":{"desktop":{"background-color":"var(--ast-global-color-4)","background-image":"","background-repeat":"repeat","background-position":"center center","background-size":"auto","background-attachment":"scroll","background-type":"","background-media":"","overlay-type":"","overlay-color":"","overlay-opacity":"","overlay-gradient":""},"tablet":{"background-color":"","background-image":"","background-repeat":"repeat","background-position":"center center","background-size":"auto","background-attachment":"scroll","background-type":"","background-media":"","overlay-type":"","overlay-color":"","overlay-opacity":"","overlay-gradient":""},"mobile":{"background-color":"","background-image":"","background-repeat":"repeat","background-position":"center center","background-size":"auto","background-attachment":"scroll","background-type":"","background-media":"","overlay-type":"","overlay-color":"","overlay-opacity":"","overlay-gradient":""}},"ast-content-background-meta":{"desktop":{"background-color":"var(--ast-global-color-5)","background-image":"","background-repeat":"repeat","background-position":"center center","background-size":"auto","background-attachment":"scroll","background-type":"","background-media":"","overlay-type":"","overlay-color":"","overlay-opacity":"","overlay-gradient":""},"tablet":{"background-color":"var(--ast-global-color-5)","background-image":"","background-repeat":"repeat","background-position":"center center","background-size":"auto","background-attachment":"scroll","background-type":"","background-media":"","overlay-type":"","overlay-color":"","overlay-opacity":"","overlay-gradient":""},"mobile":{"background-color":"var(--ast-global-color-5)","background-image":"","background-repeat":"repeat","background-position":"center center","background-size":"auto","background-attachment":"scroll","background-type":"","background-media":"","overlay-type":"","overlay-color":"","overlay-opacity":"","overlay-gradient":""}},"footnotes":""},"class_list":["post-3865","page","type-page","status-publish","has-post-thumbnail","hentry"],"yoast_head":"<!-- This site is optimized with the Yoast SEO Premium plugin v24.2 (Yoast SEO v24.6) - https:\/\/yoast.com\/wordpress\/plugins\/seo\/ -->\n<title>Las personas manipuladoras - Uni\u00f3n Esp\u00edrita<\/title>\n<meta name=\"robots\" content=\"index, follow, max-snippet:-1, max-image-preview:large, max-video-preview:-1\" \/>\n<link rel=\"canonical\" href=\"https:\/\/nuevo-renacer.com\/it\/las-personas-manipuladoras\/\" \/>\n<meta property=\"og:locale\" content=\"it_IT\" \/>\n<meta property=\"og:type\" content=\"article\" \/>\n<meta property=\"og:title\" content=\"Las personas manipuladoras\" \/>\n<meta property=\"og:description\" content=\"Las personas manipuladoras Una personas manipuladora es aquella que utiliza a los dem\u00e1s para conseguir sus propios intereses. Se sirven de los dem\u00e1s para conseguir sus objetivos y no cesan hasta que lo logran. La manipulaci\u00f3n es la actitud de una persona dirigida a influenciar a otra persona para conseguir determinados objetivos. Es la forma [&hellip;]\" \/>\n<meta property=\"og:url\" content=\"https:\/\/nuevo-renacer.com\/it\/las-personas-manipuladoras\/\" \/>\n<meta property=\"og:site_name\" content=\"Uni\u00f3n Esp\u00edrita\" \/>\n<meta property=\"article:publisher\" content=\"https:\/\/www.facebook.com\/groups\/3431398063740829\" \/>\n<meta property=\"article:modified_time\" content=\"2024-07-16T11:58:02+00:00\" \/>\n<meta property=\"og:image\" content=\"https:\/\/nuevo-renacer.com\/wp-content\/uploads\/2024\/07\/manipulation-hirn-bild.jpeg\" \/>\n\t<meta property=\"og:image:width\" content=\"1600\" \/>\n\t<meta property=\"og:image:height\" content=\"1280\" \/>\n\t<meta property=\"og:image:type\" content=\"image\/jpeg\" \/>\n<meta name=\"twitter:card\" content=\"summary_large_image\" \/>\n<meta name=\"twitter:label1\" content=\"Tempo di lettura stimato\" \/>\n\t<meta name=\"twitter:data1\" content=\"3 minuti\" \/>\n<script type=\"application\/ld+json\" class=\"yoast-schema-graph\">{\"@context\":\"https:\/\/schema.org\",\"@graph\":[{\"@type\":\"WebPage\",\"@id\":\"https:\/\/nuevo-renacer.com\/las-personas-manipuladoras\/\",\"url\":\"https:\/\/nuevo-renacer.com\/las-personas-manipuladoras\/\",\"name\":\"Las personas manipuladoras - Uni\u00f3n Esp\u00edrita\",\"isPartOf\":{\"@id\":\"https:\/\/nuevo-renacer.com\/#website\"},\"primaryImageOfPage\":{\"@id\":\"https:\/\/nuevo-renacer.com\/las-personas-manipuladoras\/#primaryimage\"},\"image\":{\"@id\":\"https:\/\/nuevo-renacer.com\/las-personas-manipuladoras\/#primaryimage\"},\"thumbnailUrl\":\"https:\/\/nuevo-renacer.com\/wp-content\/uploads\/2024\/07\/manipulation-hirn-bild.jpeg\",\"datePublished\":\"2024-07-16T11:57:49+00:00\",\"dateModified\":\"2024-07-16T11:58:02+00:00\",\"breadcrumb\":{\"@id\":\"https:\/\/nuevo-renacer.com\/las-personas-manipuladoras\/#breadcrumb\"},\"inLanguage\":\"it-IT\",\"potentialAction\":[{\"@type\":\"ReadAction\",\"target\":[\"https:\/\/nuevo-renacer.com\/las-personas-manipuladoras\/\"]}]},{\"@type\":\"ImageObject\",\"inLanguage\":\"it-IT\",\"@id\":\"https:\/\/nuevo-renacer.com\/las-personas-manipuladoras\/#primaryimage\",\"url\":\"https:\/\/nuevo-renacer.com\/wp-content\/uploads\/2024\/07\/manipulation-hirn-bild.jpeg\",\"contentUrl\":\"https:\/\/nuevo-renacer.com\/wp-content\/uploads\/2024\/07\/manipulation-hirn-bild.jpeg\",\"width\":1600,\"height\":1280},{\"@type\":\"BreadcrumbList\",\"@id\":\"https:\/\/nuevo-renacer.com\/las-personas-manipuladoras\/#breadcrumb\",\"itemListElement\":[{\"@type\":\"ListItem\",\"position\":1,\"name\":\"Startseite\",\"item\":\"https:\/\/nuevo-renacer.com\/\"},{\"@type\":\"ListItem\",\"position\":2,\"name\":\"Las personas manipuladoras\"}]},{\"@type\":\"WebSite\",\"@id\":\"https:\/\/nuevo-renacer.com\/#website\",\"url\":\"https:\/\/nuevo-renacer.com\/\",\"name\":\"Uni\u00f3n Esp\u00edrita\",\"description\":\"Nuevo Renacer\",\"publisher\":{\"@id\":\"https:\/\/nuevo-renacer.com\/#organization\"},\"potentialAction\":[{\"@type\":\"SearchAction\",\"target\":{\"@type\":\"EntryPoint\",\"urlTemplate\":\"https:\/\/nuevo-renacer.com\/?s={search_term_string}\"},\"query-input\":{\"@type\":\"PropertyValueSpecification\",\"valueRequired\":true,\"valueName\":\"search_term_string\"}}],\"inLanguage\":\"it-IT\"},{\"@type\":\"Organization\",\"@id\":\"https:\/\/nuevo-renacer.com\/#organization\",\"name\":\"UFEC\",\"url\":\"https:\/\/nuevo-renacer.com\/\",\"logo\":{\"@type\":\"ImageObject\",\"inLanguage\":\"it-IT\",\"@id\":\"https:\/\/nuevo-renacer.com\/#\/schema\/logo\/image\/\",\"url\":\"https:\/\/nuevo-renacer.com\/wp-content\/uploads\/2024\/05\/cropped-LOGO-TERMINADO1-3-3.png\",\"contentUrl\":\"https:\/\/nuevo-renacer.com\/wp-content\/uploads\/2024\/05\/cropped-LOGO-TERMINADO1-3-3.png\",\"width\":512,\"height\":512,\"caption\":\"UFEC\"},\"image\":{\"@id\":\"https:\/\/nuevo-renacer.com\/#\/schema\/logo\/image\/\"},\"sameAs\":[\"https:\/\/www.facebook.com\/groups\/3431398063740829\"]}]}<\/script>\n<!-- \/ Yoast SEO Premium plugin. -->","yoast_head_json":{"title":"Las personas manipuladoras - Uni\u00f3n Esp\u00edrita","robots":{"index":"index","follow":"follow","max-snippet":"max-snippet:-1","max-image-preview":"max-image-preview:large","max-video-preview":"max-video-preview:-1"},"canonical":"https:\/\/nuevo-renacer.com\/it\/las-personas-manipuladoras\/","og_locale":"it_IT","og_type":"article","og_title":"Las personas manipuladoras","og_description":"Las personas manipuladoras Una personas manipuladora es aquella que utiliza a los dem\u00e1s para conseguir sus propios intereses. Se sirven de los dem\u00e1s para conseguir sus objetivos y no cesan hasta que lo logran. La manipulaci\u00f3n es la actitud de una persona dirigida a influenciar a otra persona para conseguir determinados objetivos. Es la forma [&hellip;]","og_url":"https:\/\/nuevo-renacer.com\/it\/las-personas-manipuladoras\/","og_site_name":"Uni\u00f3n Esp\u00edrita","article_publisher":"https:\/\/www.facebook.com\/groups\/3431398063740829","article_modified_time":"2024-07-16T11:58:02+00:00","og_image":[{"width":1600,"height":1280,"url":"https:\/\/nuevo-renacer.com\/wp-content\/uploads\/2024\/07\/manipulation-hirn-bild.jpeg","type":"image\/jpeg"}],"twitter_card":"summary_large_image","twitter_misc":{"Tempo di lettura stimato":"3 minuti"},"schema":{"@context":"https:\/\/schema.org","@graph":[{"@type":"WebPage","@id":"https:\/\/nuevo-renacer.com\/las-personas-manipuladoras\/","url":"https:\/\/nuevo-renacer.com\/las-personas-manipuladoras\/","name":"Las personas manipuladoras - Uni\u00f3n Esp\u00edrita","isPartOf":{"@id":"https:\/\/nuevo-renacer.com\/#website"},"primaryImageOfPage":{"@id":"https:\/\/nuevo-renacer.com\/las-personas-manipuladoras\/#primaryimage"},"image":{"@id":"https:\/\/nuevo-renacer.com\/las-personas-manipuladoras\/#primaryimage"},"thumbnailUrl":"https:\/\/nuevo-renacer.com\/wp-content\/uploads\/2024\/07\/manipulation-hirn-bild.jpeg","datePublished":"2024-07-16T11:57:49+00:00","dateModified":"2024-07-16T11:58:02+00:00","breadcrumb":{"@id":"https:\/\/nuevo-renacer.com\/las-personas-manipuladoras\/#breadcrumb"},"inLanguage":"it-IT","potentialAction":[{"@type":"ReadAction","target":["https:\/\/nuevo-renacer.com\/las-personas-manipuladoras\/"]}]},{"@type":"ImageObject","inLanguage":"it-IT","@id":"https:\/\/nuevo-renacer.com\/las-personas-manipuladoras\/#primaryimage","url":"https:\/\/nuevo-renacer.com\/wp-content\/uploads\/2024\/07\/manipulation-hirn-bild.jpeg","contentUrl":"https:\/\/nuevo-renacer.com\/wp-content\/uploads\/2024\/07\/manipulation-hirn-bild.jpeg","width":1600,"height":1280},{"@type":"BreadcrumbList","@id":"https:\/\/nuevo-renacer.com\/las-personas-manipuladoras\/#breadcrumb","itemListElement":[{"@type":"ListItem","position":1,"name":"Startseite","item":"https:\/\/nuevo-renacer.com\/"},{"@type":"ListItem","position":2,"name":"Las personas manipuladoras"}]},{"@type":"WebSite","@id":"https:\/\/nuevo-renacer.com\/#website","url":"https:\/\/nuevo-renacer.com\/","name":"Uni\u00f3n Esp\u00edrita","description":"Nuevo Renacer","publisher":{"@id":"https:\/\/nuevo-renacer.com\/#organization"},"potentialAction":[{"@type":"SearchAction","target":{"@type":"EntryPoint","urlTemplate":"https:\/\/nuevo-renacer.com\/?s={search_term_string}"},"query-input":{"@type":"PropertyValueSpecification","valueRequired":true,"valueName":"search_term_string"}}],"inLanguage":"it-IT"},{"@type":"Organization","@id":"https:\/\/nuevo-renacer.com\/#organization","name":"UFEC","url":"https:\/\/nuevo-renacer.com\/","logo":{"@type":"ImageObject","inLanguage":"it-IT","@id":"https:\/\/nuevo-renacer.com\/#\/schema\/logo\/image\/","url":"https:\/\/nuevo-renacer.com\/wp-content\/uploads\/2024\/05\/cropped-LOGO-TERMINADO1-3-3.png","contentUrl":"https:\/\/nuevo-renacer.com\/wp-content\/uploads\/2024\/05\/cropped-LOGO-TERMINADO1-3-3.png","width":512,"height":512,"caption":"UFEC"},"image":{"@id":"https:\/\/nuevo-renacer.com\/#\/schema\/logo\/image\/"},"sameAs":["https:\/\/www.facebook.com\/groups\/3431398063740829"]}]}},"uagb_featured_image_src":{"full":["https:\/\/nuevo-renacer.com\/wp-content\/uploads\/2024\/07\/manipulation-hirn-bild.jpeg",1600,1280,false],"thumbnail":["https:\/\/nuevo-renacer.com\/wp-content\/uploads\/2024\/07\/manipulation-hirn-bild-150x150.jpeg",150,150,true],"medium":["https:\/\/nuevo-renacer.com\/wp-content\/uploads\/2024\/07\/manipulation-hirn-bild-300x240.jpeg",300,240,true],"medium_large":["https:\/\/nuevo-renacer.com\/wp-content\/uploads\/2024\/07\/manipulation-hirn-bild-768x614.jpeg",768,614,true],"large":["https:\/\/nuevo-renacer.com\/wp-content\/uploads\/2024\/07\/manipulation-hirn-bild-1024x819.jpeg",1024,819,true],"1536x1536":["https:\/\/nuevo-renacer.com\/wp-content\/uploads\/2024\/07\/manipulation-hirn-bild-1536x1229.jpeg",1536,1229,true],"2048x2048":["https:\/\/nuevo-renacer.com\/wp-content\/uploads\/2024\/07\/manipulation-hirn-bild.jpeg",1600,1280,false],"trp-custom-language-flag":["https:\/\/nuevo-renacer.com\/wp-content\/uploads\/2024\/07\/manipulation-hirn-bild-15x12.jpeg",15,12,true]},"uagb_author_info":{"display_name":"adbv0","author_link":"https:\/\/nuevo-renacer.com\/it\/author\/adbv0\/"},"uagb_comment_info":0,"uagb_excerpt":"Las personas manipuladoras Una personas manipuladora es aquella que utiliza a los dem\u00e1s para conseguir sus propios intereses. Se sirven de los dem\u00e1s para conseguir sus objetivos y no cesan hasta que lo logran. La manipulaci\u00f3n es la actitud de una persona dirigida a influenciar a otra persona para conseguir determinados objetivos. Es la forma&hellip;","jetpack_sharing_enabled":true,"_links":{"self":[{"href":"https:\/\/nuevo-renacer.com\/it\/wp-json\/wp\/v2\/pages\/3865","targetHints":{"allow":["GET"]}}],"collection":[{"href":"https:\/\/nuevo-renacer.com\/it\/wp-json\/wp\/v2\/pages"}],"about":[{"href":"https:\/\/nuevo-renacer.com\/it\/wp-json\/wp\/v2\/types\/page"}],"author":[{"embeddable":true,"href":"https:\/\/nuevo-renacer.com\/it\/wp-json\/wp\/v2\/users\/1"}],"replies":[{"embeddable":true,"href":"https:\/\/nuevo-renacer.com\/it\/wp-json\/wp\/v2\/comments?post=3865"}],"version-history":[{"count":1,"href":"https:\/\/nuevo-renacer.com\/it\/wp-json\/wp\/v2\/pages\/3865\/revisions"}],"predecessor-version":[{"id":3869,"href":"https:\/\/nuevo-renacer.com\/it\/wp-json\/wp\/v2\/pages\/3865\/revisions\/3869"}],"wp:featuredmedia":[{"embeddable":true,"href":"https:\/\/nuevo-renacer.com\/it\/wp-json\/wp\/v2\/media\/3868"}],"wp:attachment":[{"href":"https:\/\/nuevo-renacer.com\/it\/wp-json\/wp\/v2\/media?parent=3865"}],"curies":[{"name":"wp","href":"https:\/\/api.w.org\/{rel}","templated":true}]}}