{"id":3847,"date":"2024-07-16T10:53:38","date_gmt":"2024-07-16T10:53:38","guid":{"rendered":"https:\/\/ufec-mundial.com\/?page_id=3847"},"modified":"2024-07-16T10:53:41","modified_gmt":"2024-07-16T10:53:41","slug":"las-guerras","status":"publish","type":"page","link":"https:\/\/nuevo-renacer.com\/it\/las-guerras\/","title":{"rendered":"Las Guerras"},"content":{"rendered":"<div class=\"wp-block-uagb-container uagb-block-619f0544 alignfull uagb-is-root-container\"><div class=\"uagb-container-inner-blocks-wrap\">\n<p class=\"has-black-color has-text-color has-link-color has-medium-font-size wp-elements-6cb0d9505d9f48bf377e4d6c2b2c90e0\"><strong>Las Guerras<\/strong><\/p>\n<\/div><\/div>\n\n\n\n<div class=\"wp-block-uagb-container uagb-block-ecfc577b alignfull uagb-is-root-container\"><div class=\"uagb-container-inner-blocks-wrap\">\n<figure class=\"wp-block-image size-full is-resized\"><img fetchpriority=\"high\" decoding=\"async\" width=\"626\" height=\"351\" src=\"https:\/\/ufec-mundial.com\/wp-content\/uploads\/2024\/07\/medium-shot-soldier-war-zone_23-2150804357.avif\" alt=\"\" class=\"wp-image-3849\" style=\"width:382px;height:auto\"\/><\/figure>\n<\/div><\/div>\n\n\n\n<div class=\"wp-block-uagb-container uagb-block-52651a7f alignfull uagb-is-root-container\"><div class=\"uagb-container-inner-blocks-wrap\">\n<p class=\"has-black-color has-text-color has-link-color has-small-font-size wp-elements-84b89acb587821a62b9c5a0740067119\">La tremenda lucha entre naciones y razas y las convulsiones que vive el mundo plantean los problemas m\u00e1s graves. Ante el gran drama que se presenta, la inquieta mente humana se hace mil preguntas. Y hay momentos en que la duda, la ansiedad y el pesimismo abruman a las mentes m\u00e1s decididas. \u00bfEs el progreso s\u00f3lo una ilusi\u00f3n? \u00bfSe hundir\u00e1 la civilizaci\u00f3n en la marea creciente de las pasiones brutales? \u00bfSer\u00e1n vanos los esfuerzos seculares por la justicia, la solidaridad y la paz en la armon\u00eda social? \u00bfSer\u00e1n devastadas en la tormenta las ideas del arte y el genio del hombre, frutos del duro e inmenso trabajo de millones de mentes y de pobres?<\/p>\n\n\n\n<p class=\"has-black-color has-text-color has-link-color has-small-font-size wp-elements-0ed4874101a4d9895fda295f9a1d3afd\">El pensador espiritual explora este abismo del mal sin sentir v\u00e9rtigo. Del caos de los acontecimientos extrae la gran ley que lo rige todo. Sobre todo, recuerda que nuestro planeta es una morada muy subordinada, un laboratorio en el que se esbozan las almas a\u00fan j\u00f3venes con sus aspiraciones confusas y sus pasiones desorganizadas.<\/p>\n\n\n\n<p class=\"has-black-color has-text-color has-link-color has-small-font-size wp-elements-a2241113f7d18845feb0a32ad4c94e76\">El sentido profundo de la vida aparece al pensador esp\u00edrita con las duras necesidades que le son inherentes: Se trata de la realizaci\u00f3n de las cualidades y poderes que reposan en el interior de cada ser. Las l\u00e1grimas, los miedos y los desgarros son necesarios para que salgan a la luz las energ\u00edas que duermen sin saberlo y en silencio en la oscuridad del alma. No puede haber grandeza sin sufrimiento, ni exaltaci\u00f3n sin pruebas.<\/p>\n\n\n\n<p class=\"has-black-color has-text-color has-link-color has-small-font-size wp-elements-3abc835888153bb7c37a9505155ff240\">Si el hombre en la tierra estuviera libre de las vicisitudes del destino, sin las duras lecciones de la adversidad, \u00bfpodr\u00eda templar su car\u00e1cter, desarrollar su experiencia, apreciar las riquezas ocultas de su alma? Puesto que el mal es un destino en nuestro mundo, \u00bfno hay responsabilidad para los malvados? Creer que no la hay ser\u00eda un error fatal: en su ignorancia y ceguera, el hombre siembra el mal, y las consecuencias de ello pesan sobre s\u00ed mismo y sobre todos los que participan en sus maldades. Tal como est\u00e1 sucediendo en esta hora.<\/p>\n\n\n\n<p class=\"has-black-color has-text-color has-link-color has-small-font-size wp-elements-bba97c4fa302a69909104eeb6aa19104\">Pero (todo esp\u00edrita lo sabe), la muerte es s\u00f3lo una apariencia: cuando el alma se desprende de su envoltura material, recibe una fuerza mayor, una percepci\u00f3n m\u00e1s justa de las cosas, y el ser se encuentra a\u00fan m\u00e1s vivo en el m\u00e1s all\u00e1. El dolor purifica la mente, ning\u00fan dolor se pierde, ninguna prueba queda sin compensaci\u00f3n. Los que han muerto por su patria recogen los frutos de su sacrificio, y los sufrimientos de los que han sobrevivido transmiten a su periesp\u00edritu trazas de luz y g\u00e9rmenes de dicha futura.<\/p>\n\n\n\n<p class=\"has-black-color has-text-color has-link-color has-small-font-size wp-elements-27aad5ef1b795bf52e17832d8db012f2\">En cuanto al progreso moral, es lento y apenas perceptible en la Tierra, pues la poblaci\u00f3n mundial crece constantemente con seres que proceden de mundos inferiores al nuestro. Y los esp\u00edritus que avanzan entre nosotros hasta cierto grado pueden evolucionar con provecho hacia mejores humanidades. En consecuencia, el nivel general apenas var\u00eda y las cualidades morales del individuo permanecen raras y ocultas.<\/p>\n\n\n\n<p class=\"has-black-color has-text-color has-link-color has-small-font-size wp-elements-7333ca275a4015a1fc775aa6a31191ac\">En los mundos m\u00e1s desarrollados, entre las humanidades m\u00e1s elevadas que la nuestra, las cat\u00e1strofes ya no tienen derecho a existir. La guerra no existe all\u00ed, pues la sabidur\u00eda del esp\u00edritu ha puesto fin a toda causa de conflicto. Los que moran en las esferas audaces, iluminados por las verdades eternas y poseedores de los poderes de la mente y del coraz\u00f3n, ya no necesitan esos terribles estimulantes para despertar y cultivar los tesoros ocultos del alma. En la gran escala de la evoluci\u00f3n, las causas del dolor disminuyen con la elevaci\u00f3n del esp\u00edritu, pues se vuelven cada vez menos necesarias para una ascensi\u00f3n de libre funcionamiento en medio de la paz y la luz.<\/p>\n\n\n\n<p class=\"has-black-color has-text-color has-link-color has-small-font-size wp-elements-142185666b126bc44feabf21f737db7e\">El sufrimiento es el gran educador, tanto de los individuos como de las naciones. Cuando unos y otros se desv\u00edan del camino recto y se deslizan hacia la sensualidad y la decadencia moral, el sufrimiento los devuelve a la senda del bien con su aguij\u00f3n. Debemos sufrir para desarrollar en nosotros la sensibilidad y la vida. Esta es una ley seria y estricta que es fruct\u00edfera en sus resultados. Hay que sufrir para sentir y amar, para crecer y ascender. S\u00f3lo el dolor pone fin a la c\u00f3lera de la pasi\u00f3n, despierta en nosotros pensamientos profundos, revela a las almas las cosas m\u00e1s grandes, m\u00e1s bellas y m\u00e1s nobles del universo: la piedad, el amor y la bondad&#8230;<\/p>\n<\/div><\/div>","protected":false},"excerpt":{"rendered":"<p>Las Guerras La tremenda lucha entre naciones y razas y las convulsiones que vive el mundo plantean los problemas m\u00e1s graves. Ante el gran drama que se presenta, la inquieta mente humana se hace mil preguntas. Y hay momentos en que la duda, la ansiedad y el pesimismo abruman a las mentes m\u00e1s decididas. \u00bfEs [&hellip;]<\/p>","protected":false},"author":1,"featured_media":3849,"parent":0,"menu_order":0,"comment_status":"closed","ping_status":"closed","template":"","meta":{"_uag_custom_page_level_css":"","site-sidebar-layout":"default","site-content-layout":"","ast-site-content-layout":"default","site-content-style":"default","site-sidebar-style":"default","ast-global-header-display":"","ast-banner-title-visibility":"","ast-main-header-display":"","ast-hfb-above-header-display":"","ast-hfb-below-header-display":"","ast-hfb-mobile-header-display":"","site-post-title":"disabled","ast-breadcrumbs-content":"","ast-featured-img":"","footer-sml-layout":"","theme-transparent-header-meta":"","adv-header-id-meta":"","stick-header-meta":"","header-above-stick-meta":"","header-main-stick-meta":"","header-below-stick-meta":"","astra-migrate-meta-layouts":"set","ast-page-background-enabled":"default","ast-page-background-meta":{"desktop":{"background-color":"var(--ast-global-color-4)","background-image":"","background-repeat":"repeat","background-position":"center center","background-size":"auto","background-attachment":"scroll","background-type":"","background-media":"","overlay-type":"","overlay-color":"","overlay-opacity":"","overlay-gradient":""},"tablet":{"background-color":"","background-image":"","background-repeat":"repeat","background-position":"center center","background-size":"auto","background-attachment":"scroll","background-type":"","background-media":"","overlay-type":"","overlay-color":"","overlay-opacity":"","overlay-gradient":""},"mobile":{"background-color":"","background-image":"","background-repeat":"repeat","background-position":"center center","background-size":"auto","background-attachment":"scroll","background-type":"","background-media":"","overlay-type":"","overlay-color":"","overlay-opacity":"","overlay-gradient":""}},"ast-content-background-meta":{"desktop":{"background-color":"var(--ast-global-color-5)","background-image":"","background-repeat":"repeat","background-position":"center center","background-size":"auto","background-attachment":"scroll","background-type":"","background-media":"","overlay-type":"","overlay-color":"","overlay-opacity":"","overlay-gradient":""},"tablet":{"background-color":"var(--ast-global-color-5)","background-image":"","background-repeat":"repeat","background-position":"center center","background-size":"auto","background-attachment":"scroll","background-type":"","background-media":"","overlay-type":"","overlay-color":"","overlay-opacity":"","overlay-gradient":""},"mobile":{"background-color":"var(--ast-global-color-5)","background-image":"","background-repeat":"repeat","background-position":"center center","background-size":"auto","background-attachment":"scroll","background-type":"","background-media":"","overlay-type":"","overlay-color":"","overlay-opacity":"","overlay-gradient":""}},"footnotes":""},"class_list":["post-3847","page","type-page","status-publish","has-post-thumbnail","hentry"],"yoast_head":"<!-- This site is optimized with the Yoast SEO Premium plugin v24.2 (Yoast SEO v24.6) - https:\/\/yoast.com\/wordpress\/plugins\/seo\/ -->\n<title>Las Guerras - Uni\u00f3n Esp\u00edrita<\/title>\n<meta name=\"robots\" content=\"index, follow, max-snippet:-1, max-image-preview:large, max-video-preview:-1\" \/>\n<link rel=\"canonical\" href=\"https:\/\/nuevo-renacer.com\/it\/las-guerras\/\" \/>\n<meta property=\"og:locale\" content=\"it_IT\" \/>\n<meta property=\"og:type\" content=\"article\" \/>\n<meta property=\"og:title\" content=\"Las Guerras\" \/>\n<meta property=\"og:description\" content=\"Las Guerras La tremenda lucha entre naciones y razas y las convulsiones que vive el mundo plantean los problemas m\u00e1s graves. Ante el gran drama que se presenta, la inquieta mente humana se hace mil preguntas. Y hay momentos en que la duda, la ansiedad y el pesimismo abruman a las mentes m\u00e1s decididas. \u00bfEs [&hellip;]\" \/>\n<meta property=\"og:url\" content=\"https:\/\/nuevo-renacer.com\/it\/las-guerras\/\" \/>\n<meta property=\"og:site_name\" content=\"Uni\u00f3n Esp\u00edrita\" \/>\n<meta property=\"article:publisher\" content=\"https:\/\/www.facebook.com\/groups\/3431398063740829\" \/>\n<meta property=\"article:modified_time\" content=\"2024-07-16T10:53:41+00:00\" \/>\n<meta name=\"twitter:card\" content=\"summary_large_image\" \/>\n<meta name=\"twitter:label1\" content=\"Tempo di lettura stimato\" \/>\n\t<meta name=\"twitter:data1\" content=\"4 minuti\" \/>\n<script type=\"application\/ld+json\" class=\"yoast-schema-graph\">{\"@context\":\"https:\/\/schema.org\",\"@graph\":[{\"@type\":\"WebPage\",\"@id\":\"https:\/\/nuevo-renacer.com\/las-guerras\/\",\"url\":\"https:\/\/nuevo-renacer.com\/las-guerras\/\",\"name\":\"Las Guerras - Uni\u00f3n Esp\u00edrita\",\"isPartOf\":{\"@id\":\"https:\/\/nuevo-renacer.com\/#website\"},\"primaryImageOfPage\":{\"@id\":\"https:\/\/nuevo-renacer.com\/las-guerras\/#primaryimage\"},\"image\":{\"@id\":\"https:\/\/nuevo-renacer.com\/las-guerras\/#primaryimage\"},\"thumbnailUrl\":\"https:\/\/nuevo-renacer.com\/wp-content\/uploads\/2024\/07\/medium-shot-soldier-war-zone_23-2150804357.avif\",\"datePublished\":\"2024-07-16T10:53:38+00:00\",\"dateModified\":\"2024-07-16T10:53:41+00:00\",\"breadcrumb\":{\"@id\":\"https:\/\/nuevo-renacer.com\/las-guerras\/#breadcrumb\"},\"inLanguage\":\"it-IT\",\"potentialAction\":[{\"@type\":\"ReadAction\",\"target\":[\"https:\/\/nuevo-renacer.com\/las-guerras\/\"]}]},{\"@type\":\"ImageObject\",\"inLanguage\":\"it-IT\",\"@id\":\"https:\/\/nuevo-renacer.com\/las-guerras\/#primaryimage\",\"url\":\"https:\/\/nuevo-renacer.com\/wp-content\/uploads\/2024\/07\/medium-shot-soldier-war-zone_23-2150804357.avif\",\"contentUrl\":\"https:\/\/nuevo-renacer.com\/wp-content\/uploads\/2024\/07\/medium-shot-soldier-war-zone_23-2150804357.avif\",\"width\":626,\"height\":351},{\"@type\":\"BreadcrumbList\",\"@id\":\"https:\/\/nuevo-renacer.com\/las-guerras\/#breadcrumb\",\"itemListElement\":[{\"@type\":\"ListItem\",\"position\":1,\"name\":\"Startseite\",\"item\":\"https:\/\/nuevo-renacer.com\/\"},{\"@type\":\"ListItem\",\"position\":2,\"name\":\"Las Guerras\"}]},{\"@type\":\"WebSite\",\"@id\":\"https:\/\/nuevo-renacer.com\/#website\",\"url\":\"https:\/\/nuevo-renacer.com\/\",\"name\":\"Uni\u00f3n Esp\u00edrita\",\"description\":\"Nuevo Renacer\",\"publisher\":{\"@id\":\"https:\/\/nuevo-renacer.com\/#organization\"},\"potentialAction\":[{\"@type\":\"SearchAction\",\"target\":{\"@type\":\"EntryPoint\",\"urlTemplate\":\"https:\/\/nuevo-renacer.com\/?s={search_term_string}\"},\"query-input\":{\"@type\":\"PropertyValueSpecification\",\"valueRequired\":true,\"valueName\":\"search_term_string\"}}],\"inLanguage\":\"it-IT\"},{\"@type\":\"Organization\",\"@id\":\"https:\/\/nuevo-renacer.com\/#organization\",\"name\":\"UFEC\",\"url\":\"https:\/\/nuevo-renacer.com\/\",\"logo\":{\"@type\":\"ImageObject\",\"inLanguage\":\"it-IT\",\"@id\":\"https:\/\/nuevo-renacer.com\/#\/schema\/logo\/image\/\",\"url\":\"https:\/\/nuevo-renacer.com\/wp-content\/uploads\/2024\/05\/cropped-LOGO-TERMINADO1-3-3.png\",\"contentUrl\":\"https:\/\/nuevo-renacer.com\/wp-content\/uploads\/2024\/05\/cropped-LOGO-TERMINADO1-3-3.png\",\"width\":512,\"height\":512,\"caption\":\"UFEC\"},\"image\":{\"@id\":\"https:\/\/nuevo-renacer.com\/#\/schema\/logo\/image\/\"},\"sameAs\":[\"https:\/\/www.facebook.com\/groups\/3431398063740829\"]}]}<\/script>\n<!-- \/ Yoast SEO Premium plugin. -->","yoast_head_json":{"title":"Las Guerras - Uni\u00f3n Esp\u00edrita","robots":{"index":"index","follow":"follow","max-snippet":"max-snippet:-1","max-image-preview":"max-image-preview:large","max-video-preview":"max-video-preview:-1"},"canonical":"https:\/\/nuevo-renacer.com\/it\/las-guerras\/","og_locale":"it_IT","og_type":"article","og_title":"Las Guerras","og_description":"Las Guerras La tremenda lucha entre naciones y razas y las convulsiones que vive el mundo plantean los problemas m\u00e1s graves. Ante el gran drama que se presenta, la inquieta mente humana se hace mil preguntas. Y hay momentos en que la duda, la ansiedad y el pesimismo abruman a las mentes m\u00e1s decididas. \u00bfEs [&hellip;]","og_url":"https:\/\/nuevo-renacer.com\/it\/las-guerras\/","og_site_name":"Uni\u00f3n Esp\u00edrita","article_publisher":"https:\/\/www.facebook.com\/groups\/3431398063740829","article_modified_time":"2024-07-16T10:53:41+00:00","twitter_card":"summary_large_image","twitter_misc":{"Tempo di lettura stimato":"4 minuti"},"schema":{"@context":"https:\/\/schema.org","@graph":[{"@type":"WebPage","@id":"https:\/\/nuevo-renacer.com\/las-guerras\/","url":"https:\/\/nuevo-renacer.com\/las-guerras\/","name":"Las Guerras - Uni\u00f3n Esp\u00edrita","isPartOf":{"@id":"https:\/\/nuevo-renacer.com\/#website"},"primaryImageOfPage":{"@id":"https:\/\/nuevo-renacer.com\/las-guerras\/#primaryimage"},"image":{"@id":"https:\/\/nuevo-renacer.com\/las-guerras\/#primaryimage"},"thumbnailUrl":"https:\/\/nuevo-renacer.com\/wp-content\/uploads\/2024\/07\/medium-shot-soldier-war-zone_23-2150804357.avif","datePublished":"2024-07-16T10:53:38+00:00","dateModified":"2024-07-16T10:53:41+00:00","breadcrumb":{"@id":"https:\/\/nuevo-renacer.com\/las-guerras\/#breadcrumb"},"inLanguage":"it-IT","potentialAction":[{"@type":"ReadAction","target":["https:\/\/nuevo-renacer.com\/las-guerras\/"]}]},{"@type":"ImageObject","inLanguage":"it-IT","@id":"https:\/\/nuevo-renacer.com\/las-guerras\/#primaryimage","url":"https:\/\/nuevo-renacer.com\/wp-content\/uploads\/2024\/07\/medium-shot-soldier-war-zone_23-2150804357.avif","contentUrl":"https:\/\/nuevo-renacer.com\/wp-content\/uploads\/2024\/07\/medium-shot-soldier-war-zone_23-2150804357.avif","width":626,"height":351},{"@type":"BreadcrumbList","@id":"https:\/\/nuevo-renacer.com\/las-guerras\/#breadcrumb","itemListElement":[{"@type":"ListItem","position":1,"name":"Startseite","item":"https:\/\/nuevo-renacer.com\/"},{"@type":"ListItem","position":2,"name":"Las Guerras"}]},{"@type":"WebSite","@id":"https:\/\/nuevo-renacer.com\/#website","url":"https:\/\/nuevo-renacer.com\/","name":"Uni\u00f3n Esp\u00edrita","description":"Nuevo Renacer","publisher":{"@id":"https:\/\/nuevo-renacer.com\/#organization"},"potentialAction":[{"@type":"SearchAction","target":{"@type":"EntryPoint","urlTemplate":"https:\/\/nuevo-renacer.com\/?s={search_term_string}"},"query-input":{"@type":"PropertyValueSpecification","valueRequired":true,"valueName":"search_term_string"}}],"inLanguage":"it-IT"},{"@type":"Organization","@id":"https:\/\/nuevo-renacer.com\/#organization","name":"UFEC","url":"https:\/\/nuevo-renacer.com\/","logo":{"@type":"ImageObject","inLanguage":"it-IT","@id":"https:\/\/nuevo-renacer.com\/#\/schema\/logo\/image\/","url":"https:\/\/nuevo-renacer.com\/wp-content\/uploads\/2024\/05\/cropped-LOGO-TERMINADO1-3-3.png","contentUrl":"https:\/\/nuevo-renacer.com\/wp-content\/uploads\/2024\/05\/cropped-LOGO-TERMINADO1-3-3.png","width":512,"height":512,"caption":"UFEC"},"image":{"@id":"https:\/\/nuevo-renacer.com\/#\/schema\/logo\/image\/"},"sameAs":["https:\/\/www.facebook.com\/groups\/3431398063740829"]}]}},"uagb_featured_image_src":{"full":["https:\/\/nuevo-renacer.com\/wp-content\/uploads\/2024\/07\/medium-shot-soldier-war-zone_23-2150804357.avif",626,351,false],"thumbnail":["https:\/\/nuevo-renacer.com\/wp-content\/uploads\/2024\/07\/medium-shot-soldier-war-zone_23-2150804357.avif",150,84,false],"medium":["https:\/\/nuevo-renacer.com\/wp-content\/uploads\/2024\/07\/medium-shot-soldier-war-zone_23-2150804357.avif",300,168,false],"medium_large":["https:\/\/nuevo-renacer.com\/wp-content\/uploads\/2024\/07\/medium-shot-soldier-war-zone_23-2150804357.avif",626,351,false],"large":["https:\/\/nuevo-renacer.com\/wp-content\/uploads\/2024\/07\/medium-shot-soldier-war-zone_23-2150804357.avif",626,351,false],"1536x1536":["https:\/\/nuevo-renacer.com\/wp-content\/uploads\/2024\/07\/medium-shot-soldier-war-zone_23-2150804357.avif",626,351,false],"2048x2048":["https:\/\/nuevo-renacer.com\/wp-content\/uploads\/2024\/07\/medium-shot-soldier-war-zone_23-2150804357.avif",626,351,false],"trp-custom-language-flag":["https:\/\/nuevo-renacer.com\/wp-content\/uploads\/2024\/07\/medium-shot-soldier-war-zone_23-2150804357.avif",18,10,false]},"uagb_author_info":{"display_name":"adbv0","author_link":"https:\/\/nuevo-renacer.com\/it\/author\/adbv0\/"},"uagb_comment_info":0,"uagb_excerpt":"Las Guerras La tremenda lucha entre naciones y razas y las convulsiones que vive el mundo plantean los problemas m\u00e1s graves. Ante el gran drama que se presenta, la inquieta mente humana se hace mil preguntas. Y hay momentos en que la duda, la ansiedad y el pesimismo abruman a las mentes m\u00e1s decididas. \u00bfEs&hellip;","jetpack_sharing_enabled":true,"_links":{"self":[{"href":"https:\/\/nuevo-renacer.com\/it\/wp-json\/wp\/v2\/pages\/3847","targetHints":{"allow":["GET"]}}],"collection":[{"href":"https:\/\/nuevo-renacer.com\/it\/wp-json\/wp\/v2\/pages"}],"about":[{"href":"https:\/\/nuevo-renacer.com\/it\/wp-json\/wp\/v2\/types\/page"}],"author":[{"embeddable":true,"href":"https:\/\/nuevo-renacer.com\/it\/wp-json\/wp\/v2\/users\/1"}],"replies":[{"embeddable":true,"href":"https:\/\/nuevo-renacer.com\/it\/wp-json\/wp\/v2\/comments?post=3847"}],"version-history":[{"count":1,"href":"https:\/\/nuevo-renacer.com\/it\/wp-json\/wp\/v2\/pages\/3847\/revisions"}],"predecessor-version":[{"id":3850,"href":"https:\/\/nuevo-renacer.com\/it\/wp-json\/wp\/v2\/pages\/3847\/revisions\/3850"}],"wp:featuredmedia":[{"embeddable":true,"href":"https:\/\/nuevo-renacer.com\/it\/wp-json\/wp\/v2\/media\/3849"}],"wp:attachment":[{"href":"https:\/\/nuevo-renacer.com\/it\/wp-json\/wp\/v2\/media?parent=3847"}],"curies":[{"name":"wp","href":"https:\/\/api.w.org\/{rel}","templated":true}]}}