{"id":3840,"date":"2024-07-16T09:11:25","date_gmt":"2024-07-16T09:11:25","guid":{"rendered":"https:\/\/ufec-mundial.com\/?page_id=3840"},"modified":"2024-07-16T09:11:27","modified_gmt":"2024-07-16T09:11:27","slug":"atributos-de-la-divinidad","status":"publish","type":"page","link":"https:\/\/nuevo-renacer.com\/it\/atributos-de-la-divinidad\/","title":{"rendered":"Gli attributi della Divinit\u00e0"},"content":{"rendered":"<div class=\"wp-block-uagb-container uagb-block-7c80131f alignfull uagb-is-root-container\"><div class=\"uagb-container-inner-blocks-wrap\">\n<p class=\"has-black-color has-text-color has-link-color has-medium-font-size wp-elements-8c1f8b264968ce7d57ba4d4138db81f6\"><strong>Gli attributi della Divinit\u00e0<\/strong><\/p>\n<\/div><\/div>\n\n\n\n<div class=\"wp-block-uagb-container uagb-block-6a98fe8a alignfull uagb-is-root-container\"><div class=\"uagb-container-inner-blocks-wrap\">\n<figure class=\"wp-block-image size-full is-resized\"><img fetchpriority=\"high\" decoding=\"async\" width=\"575\" height=\"385\" src=\"https:\/\/ufec-mundial.com\/wp-content\/uploads\/2024\/07\/The_Bible_Denies_the_Divinity_of_Jesus_part_1_of_7_001.jpg\" alt=\"\" class=\"wp-image-3841\" style=\"width:438px;height:auto\" srcset=\"https:\/\/nuevo-renacer.com\/wp-content\/uploads\/2024\/07\/The_Bible_Denies_the_Divinity_of_Jesus_part_1_of_7_001.jpg 575w, https:\/\/nuevo-renacer.com\/wp-content\/uploads\/2024\/07\/The_Bible_Denies_the_Divinity_of_Jesus_part_1_of_7_001-300x201.jpg 300w, https:\/\/nuevo-renacer.com\/wp-content\/uploads\/2024\/07\/The_Bible_Denies_the_Divinity_of_Jesus_part_1_of_7_001-18x12.jpg 18w\" sizes=\"(max-width: 575px) 100vw, 575px\" \/><\/figure>\n<\/div><\/div>\n\n\n\n<div class=\"wp-block-uagb-container uagb-block-fbfd99f8 alignfull uagb-is-root-container\"><div class=\"uagb-container-inner-blocks-wrap\">\n<p class=\"has-black-color has-text-color has-link-color has-small-font-size wp-elements-f200a288ae518604be20012ef0cf1ac8\"><strong>L&#039;uomo, si pu\u00f2 comprendere l&#039;intima natura di Dio?<\/strong><\/p>\n\n\n\n<p class=\"has-black-color has-text-color has-link-color has-small-font-size wp-elements-ed0613f969919f9725b74a70c27b13ef\">&nbsp;\u201cNo, \u00e8 la mancanza di un senso.\u201d<\/p>\n\n\n\n<p class=\"has-black-color has-text-color has-link-color has-small-font-size wp-elements-f12c14795143dd958d1bda6e089097d2\"><strong>Che cosa sar\u00e0, un giorno, dato all&#039;uomo di comprendere il mistero della Divinit\u00e0?<\/strong><\/p>\n\n\n\n<p class=\"has-black-color has-text-color has-link-color has-small-font-size wp-elements-cfcb4ca4990c5c92717a6028b4215f2b\">&nbsp;\u201cQuando il tuo spirito non \u00e8 pi\u00f9 oscurato dalla materia e, a causa della sua perfezione, \u00e8 la Divinit\u00e0, quindi sar\u00e0 possibile vedere e capire.\u201d<\/p>\n\n\n\n<p class=\"has-black-color has-text-color has-link-color has-small-font-size wp-elements-dfbbb8316dedcea72fb5ea1df7bd358f\">A causa dell&#039;inferiorit\u00e0 dei suoi poteri, l&#039;uomo non pu\u00f2 comprendere l&#039;intima natura di Dio. Nell&#039;infanzia dell&#039;umanit\u00e0, \u00e8 spesso confuso con la creatura, le cui imperfezioni a lui attribuito. Ma come il senso morale si sviluppa in lui, il suo pensiero, penetra meglio nel fondo delle cose e forma un&#039;idea di Dio che \u00e8 pi\u00f9 giusto e in conformit\u00e0 con la sana ragione, ma pur sempre incompleta.<\/p>\n\n\n\n<p class=\"has-black-color has-text-color has-link-color has-small-font-size wp-elements-d78197d99836efc2fee4e9465b41d453\"><strong>Se non riusciamo a capire la natura intima di Dio, possiamo avere un&#039;idea di alcune delle sue perfezioni?<\/strong><\/p>\n\n\n\n<p class=\"has-black-color has-text-color has-link-color has-small-font-size wp-elements-732a6a1e892a5b823f05dbfe83fbffe6\">\u201cAlcuni s\u00ec. L&#039;uomo \u00e8 inteso come meglio si eleva al di sopra del materiale, gli scorci con il pensiero.\u201d<\/p>\n\n\n\n<p class=\"has-black-color has-text-color has-link-color has-small-font-size wp-elements-bc9d6e5fcd57861d43421258a3310e42\"><strong>Quando diciamo che Dio \u00e8 eterno, infinito, immutabile, immateriale, unico, potente, supremamente giusto e buono, quello che non abbiamo un idea dei suoi attributi?<\/strong><\/p>\n\n\n\n<p class=\"has-black-color has-text-color has-link-color has-small-font-size wp-elements-c822d189375f6205f9b48891b9424968\">\u201cDal tuo punto di vista, s\u00ec, perch\u00e9 voi credete a tutte le cose a tutte le persone. Tuttavia, sapere che ci sono cose di cui sopra l&#039;intelligenza dei pi\u00f9 intelligenti degli uomini, per i quali la lingua, limitata alle vostre idee e sentimenti, privo di espressioni. Il motivo per cui dico, in effetti, che Dio deve avere queste perfezioni in sommo grado, perch\u00e9 se manca uno solo di loro, o se non si possiede un infinito, non sarebbe superiore a tutti e, pertanto, non sarebbe Dio. Per essere al di sopra di tutte le cose, Dio non deve subire nessuna storia n\u00e9 sono delle imperfezioni che la fantasia pu\u00f2 concepire.\u201d<\/p>\n\n\n\n<p class=\"has-black-color has-text-color has-link-color has-small-font-size wp-elements-fa955f4d15d292a9f1bd8c68f8f9d9fe\">Dio \u00e8 eterno. Se avesse avuto un inizio sarebbe venuto dal nulla, o per essere stato creato da un precedente. Cos\u00ec, da una classe all&#039;altra, siamo tornati verso l&#039;infinito e l&#039;eternit\u00e0. Che \u00e8 immutabile. Se sei soggetto a modifica, le leggi che governano l&#039;universo non avrebbe alcuna stabilit\u00e0. \u00c8 intangibile. Questo significa che la sua natura \u00e8 diversa da tutto ci\u00f2 che noi chiamiamo materia. Altrimenti non sarebbe immutabile, come sarebbe soggetto alle trasformazioni della materia. \u00c8 l&#039;unico. Se ci sono stati molti D\u00e8i non hanno unit\u00e0 di mente o unit\u00e0 di potenza nell&#039;ordine dell&#039;universo. \u00c8 onnipotente. Perch\u00e9 \u00e8 unico. Se non avete il potere sovrano, non ci sarebbe qualcosa di pi\u00f9 potente di Lui, o potente come Lui. Non avrebbe fatto tutte le cose, e che io non avevo fatto potrebbe essere il lavoro di un altro Dio. \u00c8 supremamente giusto e buono. La sapienza e provvidenza delle leggi divine \u00e8 rivelato sia nelle piccole cose come nelle grandi. Questa saggezza non dare adito a dubbi circa la sua giustizia e la sua bont\u00e0.<\/p>\n<\/div><\/div>","protected":false},"excerpt":{"rendered":"<p>Atributos de la Divinidad El hombre, \u00bfpuede comprender la naturaleza \u00edntima de Dios? &nbsp;\u201cNo; le falta un sentido.\u201d \u00bfSer\u00e1 alg\u00fan d\u00eda dado al hombre comprender el misterio de la Divinidad? &nbsp;\u201cCuando su esp\u00edritu ya no est\u00e9 oscurecido por la materia y, por su perfecci\u00f3n, se haya acercado a la Divinidad, entonces la ver\u00e1 y la [&hellip;]<\/p>","protected":false},"author":1,"featured_media":3841,"parent":0,"menu_order":0,"comment_status":"closed","ping_status":"closed","template":"","meta":{"_uag_custom_page_level_css":"","site-sidebar-layout":"default","site-content-layout":"","ast-site-content-layout":"default","site-content-style":"default","site-sidebar-style":"default","ast-global-header-display":"","ast-banner-title-visibility":"","ast-main-header-display":"","ast-hfb-above-header-display":"","ast-hfb-below-header-display":"","ast-hfb-mobile-header-display":"","site-post-title":"disabled","ast-breadcrumbs-content":"","ast-featured-img":"","footer-sml-layout":"","theme-transparent-header-meta":"","adv-header-id-meta":"","stick-header-meta":"","header-above-stick-meta":"","header-main-stick-meta":"","header-below-stick-meta":"","astra-migrate-meta-layouts":"set","ast-page-background-enabled":"default","ast-page-background-meta":{"desktop":{"background-color":"var(--ast-global-color-4)","background-image":"","background-repeat":"repeat","background-position":"center center","background-size":"auto","background-attachment":"scroll","background-type":"","background-media":"","overlay-type":"","overlay-color":"","overlay-opacity":"","overlay-gradient":""},"tablet":{"background-color":"","background-image":"","background-repeat":"repeat","background-position":"center center","background-size":"auto","background-attachment":"scroll","background-type":"","background-media":"","overlay-type":"","overlay-color":"","overlay-opacity":"","overlay-gradient":""},"mobile":{"background-color":"","background-image":"","background-repeat":"repeat","background-position":"center center","background-size":"auto","background-attachment":"scroll","background-type":"","background-media":"","overlay-type":"","overlay-color":"","overlay-opacity":"","overlay-gradient":""}},"ast-content-background-meta":{"desktop":{"background-color":"var(--ast-global-color-5)","background-image":"","background-repeat":"repeat","background-position":"center center","background-size":"auto","background-attachment":"scroll","background-type":"","background-media":"","overlay-type":"","overlay-color":"","overlay-opacity":"","overlay-gradient":""},"tablet":{"background-color":"var(--ast-global-color-5)","background-image":"","background-repeat":"repeat","background-position":"center center","background-size":"auto","background-attachment":"scroll","background-type":"","background-media":"","overlay-type":"","overlay-color":"","overlay-opacity":"","overlay-gradient":""},"mobile":{"background-color":"var(--ast-global-color-5)","background-image":"","background-repeat":"repeat","background-position":"center center","background-size":"auto","background-attachment":"scroll","background-type":"","background-media":"","overlay-type":"","overlay-color":"","overlay-opacity":"","overlay-gradient":""}},"footnotes":""},"class_list":["post-3840","page","type-page","status-publish","has-post-thumbnail","hentry"],"yoast_head":"<!-- This site is optimized with the Yoast SEO Premium plugin v24.2 (Yoast SEO v24.6) - https:\/\/yoast.com\/wordpress\/plugins\/seo\/ -->\n<title>Atributos de la Divinidad - Uni\u00f3n Esp\u00edrita<\/title>\n<meta name=\"robots\" content=\"index, follow, max-snippet:-1, max-image-preview:large, max-video-preview:-1\" \/>\n<link rel=\"canonical\" href=\"https:\/\/nuevo-renacer.com\/it\/atributos-de-la-divinidad\/\" \/>\n<meta property=\"og:locale\" content=\"it_IT\" \/>\n<meta property=\"og:type\" content=\"article\" \/>\n<meta property=\"og:title\" content=\"Atributos de la Divinidad\" \/>\n<meta property=\"og:description\" content=\"Atributos de la Divinidad El hombre, \u00bfpuede comprender la naturaleza \u00edntima de Dios? &nbsp;\u201cNo; le falta un sentido.\u201d \u00bfSer\u00e1 alg\u00fan d\u00eda dado al hombre comprender el misterio de la Divinidad? &nbsp;\u201cCuando su esp\u00edritu ya no est\u00e9 oscurecido por la materia y, por su perfecci\u00f3n, se haya acercado a la Divinidad, entonces la ver\u00e1 y la [&hellip;]\" \/>\n<meta property=\"og:url\" content=\"https:\/\/nuevo-renacer.com\/it\/atributos-de-la-divinidad\/\" \/>\n<meta property=\"og:site_name\" content=\"Uni\u00f3n Esp\u00edrita\" \/>\n<meta property=\"article:publisher\" content=\"https:\/\/www.facebook.com\/groups\/3431398063740829\" \/>\n<meta property=\"article:modified_time\" content=\"2024-07-16T09:11:27+00:00\" \/>\n<meta property=\"og:image\" content=\"https:\/\/nuevo-renacer.com\/wp-content\/uploads\/2024\/07\/The_Bible_Denies_the_Divinity_of_Jesus_part_1_of_7_001.jpg\" \/>\n\t<meta property=\"og:image:width\" content=\"575\" \/>\n\t<meta property=\"og:image:height\" content=\"385\" \/>\n\t<meta property=\"og:image:type\" content=\"image\/jpeg\" \/>\n<meta name=\"twitter:card\" content=\"summary_large_image\" \/>\n<meta name=\"twitter:label1\" content=\"Tempo di lettura stimato\" \/>\n\t<meta name=\"twitter:data1\" content=\"3 minuti\" \/>\n<script type=\"application\/ld+json\" class=\"yoast-schema-graph\">{\"@context\":\"https:\/\/schema.org\",\"@graph\":[{\"@type\":\"WebPage\",\"@id\":\"https:\/\/nuevo-renacer.com\/de\/atributos-de-la-divinidad\/\",\"url\":\"https:\/\/nuevo-renacer.com\/de\/atributos-de-la-divinidad\/\",\"name\":\"Atributos de la Divinidad - Uni\u00f3n Esp\u00edrita\",\"isPartOf\":{\"@id\":\"https:\/\/nuevo-renacer.com\/#website\"},\"primaryImageOfPage\":{\"@id\":\"https:\/\/nuevo-renacer.com\/de\/atributos-de-la-divinidad\/#primaryimage\"},\"image\":{\"@id\":\"https:\/\/nuevo-renacer.com\/de\/atributos-de-la-divinidad\/#primaryimage\"},\"thumbnailUrl\":\"https:\/\/nuevo-renacer.com\/wp-content\/uploads\/2024\/07\/The_Bible_Denies_the_Divinity_of_Jesus_part_1_of_7_001.jpg\",\"datePublished\":\"2024-07-16T09:11:25+00:00\",\"dateModified\":\"2024-07-16T09:11:27+00:00\",\"breadcrumb\":{\"@id\":\"https:\/\/nuevo-renacer.com\/de\/atributos-de-la-divinidad\/#breadcrumb\"},\"inLanguage\":\"it-IT\",\"potentialAction\":[{\"@type\":\"ReadAction\",\"target\":[\"https:\/\/nuevo-renacer.com\/de\/atributos-de-la-divinidad\/\"]}]},{\"@type\":\"ImageObject\",\"inLanguage\":\"it-IT\",\"@id\":\"https:\/\/nuevo-renacer.com\/de\/atributos-de-la-divinidad\/#primaryimage\",\"url\":\"https:\/\/nuevo-renacer.com\/wp-content\/uploads\/2024\/07\/The_Bible_Denies_the_Divinity_of_Jesus_part_1_of_7_001.jpg\",\"contentUrl\":\"https:\/\/nuevo-renacer.com\/wp-content\/uploads\/2024\/07\/The_Bible_Denies_the_Divinity_of_Jesus_part_1_of_7_001.jpg\",\"width\":575,\"height\":385},{\"@type\":\"BreadcrumbList\",\"@id\":\"https:\/\/nuevo-renacer.com\/de\/atributos-de-la-divinidad\/#breadcrumb\",\"itemListElement\":[{\"@type\":\"ListItem\",\"position\":1,\"name\":\"Startseite\",\"item\":\"https:\/\/nuevo-renacer.com\/\"},{\"@type\":\"ListItem\",\"position\":2,\"name\":\"Atributos de la Divinidad\"}]},{\"@type\":\"WebSite\",\"@id\":\"https:\/\/nuevo-renacer.com\/#website\",\"url\":\"https:\/\/nuevo-renacer.com\/\",\"name\":\"Uni\u00f3n Esp\u00edrita\",\"description\":\"Nuevo Renacer\",\"publisher\":{\"@id\":\"https:\/\/nuevo-renacer.com\/#organization\"},\"potentialAction\":[{\"@type\":\"SearchAction\",\"target\":{\"@type\":\"EntryPoint\",\"urlTemplate\":\"https:\/\/nuevo-renacer.com\/?s={search_term_string}\"},\"query-input\":{\"@type\":\"PropertyValueSpecification\",\"valueRequired\":true,\"valueName\":\"search_term_string\"}}],\"inLanguage\":\"it-IT\"},{\"@type\":\"Organization\",\"@id\":\"https:\/\/nuevo-renacer.com\/#organization\",\"name\":\"UFEC\",\"url\":\"https:\/\/nuevo-renacer.com\/\",\"logo\":{\"@type\":\"ImageObject\",\"inLanguage\":\"it-IT\",\"@id\":\"https:\/\/nuevo-renacer.com\/#\/schema\/logo\/image\/\",\"url\":\"https:\/\/nuevo-renacer.com\/wp-content\/uploads\/2024\/05\/cropped-LOGO-TERMINADO1-3-3.png\",\"contentUrl\":\"https:\/\/nuevo-renacer.com\/wp-content\/uploads\/2024\/05\/cropped-LOGO-TERMINADO1-3-3.png\",\"width\":512,\"height\":512,\"caption\":\"UFEC\"},\"image\":{\"@id\":\"https:\/\/nuevo-renacer.com\/#\/schema\/logo\/image\/\"},\"sameAs\":[\"https:\/\/www.facebook.com\/groups\/3431398063740829\"]}]}<\/script>\n<!-- \/ Yoast SEO Premium plugin. -->","yoast_head_json":{"title":"Atributos de la Divinidad - Uni\u00f3n Esp\u00edrita","robots":{"index":"index","follow":"follow","max-snippet":"max-snippet:-1","max-image-preview":"max-image-preview:large","max-video-preview":"max-video-preview:-1"},"canonical":"https:\/\/nuevo-renacer.com\/it\/atributos-de-la-divinidad\/","og_locale":"it_IT","og_type":"article","og_title":"Atributos de la Divinidad","og_description":"Atributos de la Divinidad El hombre, \u00bfpuede comprender la naturaleza \u00edntima de Dios? &nbsp;\u201cNo; le falta un sentido.\u201d \u00bfSer\u00e1 alg\u00fan d\u00eda dado al hombre comprender el misterio de la Divinidad? &nbsp;\u201cCuando su esp\u00edritu ya no est\u00e9 oscurecido por la materia y, por su perfecci\u00f3n, se haya acercado a la Divinidad, entonces la ver\u00e1 y la [&hellip;]","og_url":"https:\/\/nuevo-renacer.com\/it\/atributos-de-la-divinidad\/","og_site_name":"Uni\u00f3n Esp\u00edrita","article_publisher":"https:\/\/www.facebook.com\/groups\/3431398063740829","article_modified_time":"2024-07-16T09:11:27+00:00","og_image":[{"width":575,"height":385,"url":"https:\/\/nuevo-renacer.com\/wp-content\/uploads\/2024\/07\/The_Bible_Denies_the_Divinity_of_Jesus_part_1_of_7_001.jpg","type":"image\/jpeg"}],"twitter_card":"summary_large_image","twitter_misc":{"Tempo di lettura stimato":"3 minuti"},"schema":{"@context":"https:\/\/schema.org","@graph":[{"@type":"WebPage","@id":"https:\/\/nuevo-renacer.com\/de\/atributos-de-la-divinidad\/","url":"https:\/\/nuevo-renacer.com\/de\/atributos-de-la-divinidad\/","name":"Atributos de la Divinidad - Uni\u00f3n Esp\u00edrita","isPartOf":{"@id":"https:\/\/nuevo-renacer.com\/#website"},"primaryImageOfPage":{"@id":"https:\/\/nuevo-renacer.com\/de\/atributos-de-la-divinidad\/#primaryimage"},"image":{"@id":"https:\/\/nuevo-renacer.com\/de\/atributos-de-la-divinidad\/#primaryimage"},"thumbnailUrl":"https:\/\/nuevo-renacer.com\/wp-content\/uploads\/2024\/07\/The_Bible_Denies_the_Divinity_of_Jesus_part_1_of_7_001.jpg","datePublished":"2024-07-16T09:11:25+00:00","dateModified":"2024-07-16T09:11:27+00:00","breadcrumb":{"@id":"https:\/\/nuevo-renacer.com\/de\/atributos-de-la-divinidad\/#breadcrumb"},"inLanguage":"it-IT","potentialAction":[{"@type":"ReadAction","target":["https:\/\/nuevo-renacer.com\/de\/atributos-de-la-divinidad\/"]}]},{"@type":"ImageObject","inLanguage":"it-IT","@id":"https:\/\/nuevo-renacer.com\/de\/atributos-de-la-divinidad\/#primaryimage","url":"https:\/\/nuevo-renacer.com\/wp-content\/uploads\/2024\/07\/The_Bible_Denies_the_Divinity_of_Jesus_part_1_of_7_001.jpg","contentUrl":"https:\/\/nuevo-renacer.com\/wp-content\/uploads\/2024\/07\/The_Bible_Denies_the_Divinity_of_Jesus_part_1_of_7_001.jpg","width":575,"height":385},{"@type":"BreadcrumbList","@id":"https:\/\/nuevo-renacer.com\/de\/atributos-de-la-divinidad\/#breadcrumb","itemListElement":[{"@type":"ListItem","position":1,"name":"Startseite","item":"https:\/\/nuevo-renacer.com\/"},{"@type":"ListItem","position":2,"name":"Atributos de la Divinidad"}]},{"@type":"WebSite","@id":"https:\/\/nuevo-renacer.com\/#website","url":"https:\/\/nuevo-renacer.com\/","name":"Uni\u00f3n Esp\u00edrita","description":"Nuevo Renacer","publisher":{"@id":"https:\/\/nuevo-renacer.com\/#organization"},"potentialAction":[{"@type":"SearchAction","target":{"@type":"EntryPoint","urlTemplate":"https:\/\/nuevo-renacer.com\/?s={search_term_string}"},"query-input":{"@type":"PropertyValueSpecification","valueRequired":true,"valueName":"search_term_string"}}],"inLanguage":"it-IT"},{"@type":"Organization","@id":"https:\/\/nuevo-renacer.com\/#organization","name":"UFEC","url":"https:\/\/nuevo-renacer.com\/","logo":{"@type":"ImageObject","inLanguage":"it-IT","@id":"https:\/\/nuevo-renacer.com\/#\/schema\/logo\/image\/","url":"https:\/\/nuevo-renacer.com\/wp-content\/uploads\/2024\/05\/cropped-LOGO-TERMINADO1-3-3.png","contentUrl":"https:\/\/nuevo-renacer.com\/wp-content\/uploads\/2024\/05\/cropped-LOGO-TERMINADO1-3-3.png","width":512,"height":512,"caption":"UFEC"},"image":{"@id":"https:\/\/nuevo-renacer.com\/#\/schema\/logo\/image\/"},"sameAs":["https:\/\/www.facebook.com\/groups\/3431398063740829"]}]}},"uagb_featured_image_src":{"full":["https:\/\/nuevo-renacer.com\/wp-content\/uploads\/2024\/07\/The_Bible_Denies_the_Divinity_of_Jesus_part_1_of_7_001.jpg",575,385,false],"thumbnail":["https:\/\/nuevo-renacer.com\/wp-content\/uploads\/2024\/07\/The_Bible_Denies_the_Divinity_of_Jesus_part_1_of_7_001-150x150.jpg",150,150,true],"medium":["https:\/\/nuevo-renacer.com\/wp-content\/uploads\/2024\/07\/The_Bible_Denies_the_Divinity_of_Jesus_part_1_of_7_001-300x201.jpg",300,201,true],"medium_large":["https:\/\/nuevo-renacer.com\/wp-content\/uploads\/2024\/07\/The_Bible_Denies_the_Divinity_of_Jesus_part_1_of_7_001.jpg",575,385,false],"large":["https:\/\/nuevo-renacer.com\/wp-content\/uploads\/2024\/07\/The_Bible_Denies_the_Divinity_of_Jesus_part_1_of_7_001.jpg",575,385,false],"1536x1536":["https:\/\/nuevo-renacer.com\/wp-content\/uploads\/2024\/07\/The_Bible_Denies_the_Divinity_of_Jesus_part_1_of_7_001.jpg",575,385,false],"2048x2048":["https:\/\/nuevo-renacer.com\/wp-content\/uploads\/2024\/07\/The_Bible_Denies_the_Divinity_of_Jesus_part_1_of_7_001.jpg",575,385,false],"trp-custom-language-flag":["https:\/\/nuevo-renacer.com\/wp-content\/uploads\/2024\/07\/The_Bible_Denies_the_Divinity_of_Jesus_part_1_of_7_001-18x12.jpg",18,12,true]},"uagb_author_info":{"display_name":"adbv0","author_link":"https:\/\/nuevo-renacer.com\/it\/author\/adbv0\/"},"uagb_comment_info":0,"uagb_excerpt":"Atributos de la Divinidad El hombre, \u00bfpuede comprender la naturaleza \u00edntima de Dios? &nbsp;\u201cNo; le falta un sentido.\u201d \u00bfSer\u00e1 alg\u00fan d\u00eda dado al hombre comprender el misterio de la Divinidad? &nbsp;\u201cCuando su esp\u00edritu ya no est\u00e9 oscurecido por la materia y, por su perfecci\u00f3n, se haya acercado a la Divinidad, entonces la ver\u00e1 y la&hellip;","jetpack_sharing_enabled":true,"_links":{"self":[{"href":"https:\/\/nuevo-renacer.com\/it\/wp-json\/wp\/v2\/pages\/3840","targetHints":{"allow":["GET"]}}],"collection":[{"href":"https:\/\/nuevo-renacer.com\/it\/wp-json\/wp\/v2\/pages"}],"about":[{"href":"https:\/\/nuevo-renacer.com\/it\/wp-json\/wp\/v2\/types\/page"}],"author":[{"embeddable":true,"href":"https:\/\/nuevo-renacer.com\/it\/wp-json\/wp\/v2\/users\/1"}],"replies":[{"embeddable":true,"href":"https:\/\/nuevo-renacer.com\/it\/wp-json\/wp\/v2\/comments?post=3840"}],"version-history":[{"count":1,"href":"https:\/\/nuevo-renacer.com\/it\/wp-json\/wp\/v2\/pages\/3840\/revisions"}],"predecessor-version":[{"id":3842,"href":"https:\/\/nuevo-renacer.com\/it\/wp-json\/wp\/v2\/pages\/3840\/revisions\/3842"}],"wp:featuredmedia":[{"embeddable":true,"href":"https:\/\/nuevo-renacer.com\/it\/wp-json\/wp\/v2\/media\/3841"}],"wp:attachment":[{"href":"https:\/\/nuevo-renacer.com\/it\/wp-json\/wp\/v2\/media?parent=3840"}],"curies":[{"name":"wp","href":"https:\/\/api.w.org\/{rel}","templated":true}]}}