{"id":3824,"date":"2024-07-16T07:43:04","date_gmt":"2024-07-16T07:43:04","guid":{"rendered":"https:\/\/ufec-mundial.com\/?page_id=3824"},"modified":"2025-05-23T09:42:27","modified_gmt":"2025-05-23T09:42:27","slug":"una-mirada-consoladora-a-la-depresion","status":"publish","type":"page","link":"https:\/\/nuevo-renacer.com\/it\/una-mirada-consoladora-a-la-depresion\/","title":{"rendered":"Una mirada consoladora a la depresi\u00f3n"},"content":{"rendered":"<div class=\"wp-block-uagb-container uagb-block-6d2a2975 alignfull uagb-is-root-container\"><div class=\"uagb-container-inner-blocks-wrap\">\n<p class=\"has-black-color has-text-color has-link-color has-medium-font-size wp-elements-ff5d12c74633d9908723d4b0ce5d092b\"><strong>Una mirada consoladora a la depresi\u00f3n<\/strong><\/p>\n<\/div><\/div>\n\n\n\n<div class=\"wp-block-uagb-container uagb-block-a9fae335 alignfull uagb-is-root-container\"><div class=\"uagb-container-inner-blocks-wrap\">\n<figure class=\"wp-block-image size-full is-resized\"><img fetchpriority=\"high\" decoding=\"async\" width=\"626\" height=\"417\" src=\"https:\/\/nuevo-renacer.com\/wp-content\/uploads\/2024\/07\/depression-abstract-background_982005-26827.avif\" alt=\"\" class=\"wp-image-3825\" style=\"width:290px;height:auto\"\/><\/figure>\n<\/div><\/div>\n\n\n\n<div class=\"wp-block-uagb-container uagb-block-7c190c4b alignfull uagb-is-root-container\"><div class=\"uagb-container-inner-blocks-wrap\">\n<p class=\"has-black-color has-text-color has-link-color has-small-font-size wp-elements-07488a44c00cab4932efbb1a0cb06f68\">Hay muchos prejuicios contra las personas que sufren trastornos mentales. La depresi\u00f3n es uno de ellos. Es una enfermedad que requiere tratamiento m\u00e9dico y no tiene cura. Una persona deprimida tiene periodos de altibajos en su vida diaria. Lo ideal es que el tratamiento se lleve a cabo de forma multidisciplinar. Terapia con un psic\u00f3logo, seguimiento con un psiquiatra -porque hay casos de medicaci\u00f3n-, actividad f\u00edsica regular, una dieta sana y una generosa red de apoyo. Sin embargo, no todo el mundo tiene todo este acceso. A veces la persona tiene medios econ\u00f3micos, seguro m\u00e9dico, pero el contexto familiar no ayuda. Hay casos en los que la persona es adulta y la depresi\u00f3n puede incapacitarla, caus\u00e1ndole bajas laborales y dej\u00e1ndola incapacitada para costearse un tratamiento adecuado.<\/p>\n\n\n\n<p class=\"has-black-color has-text-color has-link-color has-small-font-size wp-elements-960bc9ac4e8b6414b1c3aae3b88d59d2\"><strong>\u00bfC\u00f3mo puede la Doctrina Esp\u00edrita consolar a una persona con depresi\u00f3n?<\/strong><\/p>\n\n\n\n<p class=\"has-black-color has-text-color has-link-color has-small-font-size wp-elements-e4e789dc4fb14725670b5f3c97336fdd\">En primer lugar, es importante mencionar que ir a un Centro Esp\u00edrita s\u00f3lo para entender por qu\u00e9 se est\u00e1 deprimido puede llevar a la frustraci\u00f3n. En una situaci\u00f3n en la que estamos sufriendo &#8211; y ese dolor est\u00e1 en el alma &#8211; el b\u00e1lsamo es diferente. Tal vez por eso las personas buscan un Centro Esp\u00edrita. Sin embargo, la Doctrina Esp\u00edrita busca quitar el velo del victimismo y la externalizaci\u00f3n de la culpa. Las desgracias de la vida no son penitencias eternas. Cuando miramos la depresi\u00f3n con una mirada de misericordia, la vemos como un desierto que atraviesa nuestra alma. \u00bfY qui\u00e9n quiere contemplar el vac\u00edo? \u00bfQui\u00e9n quiere ver el tenue reflejo del alma? A veces, metaf\u00f3ricamente, necesitamos prepararle a la depresi\u00f3n un caf\u00e9 por la tarde, sacarle una silla para que se siente, hornear un pastel, poner la mesa con nuestro mejor mantel y charlar.<\/p>\n\n\n\n<p class=\"has-black-color has-text-color has-link-color has-small-font-size wp-elements-999cb4ff2cbb8ffddb56e05c611659a7\">La doctrina esp\u00edrita no fomenta la huida ni glorifica el problema. \u00bfCu\u00e1l es el camino del medio? El autoconocimiento a trav\u00e9s de la reforma \u00edntima. Si no puede hacerlo solo, el Centro Esp\u00edrita puede serle de gran ayuda. De hecho, un Centro Esp\u00edrita ofrece tratamiento espiritual. Pero antes, una conversaci\u00f3n fraterna y asesoramiento con el fin de disciplinar su asistencia para asistir a las conferencias y recibir el beneficio del pase. Se recomienda el estudio en grupo de las obras espiritistas. La literatura esp\u00edrita es vasta, con obras que tratan de la depresi\u00f3n. Sin embargo, est\u00e1 claro que es necesario un movimiento. Buscar la mejora. El papel del Espiritismo no es se\u00f1alar culpables o inocentes, v\u00edctimas o verdugos. No hay lugar para juicios. \u00abProponer una cura, o al menos ponerse a disposici\u00f3n del progreso, es tambi\u00e9n descubrirse de nuevo, conocer y desvelar territorios a\u00fan desconocidos dentro de uno mismo.<\/p>\n\n\n\n<p class=\"has-black-color has-text-color has-link-color has-small-font-size wp-elements-342d0f3d6005125239a43763ac21befe\"><strong>\u00bfQu\u00e9 hacer en los momentos de reca\u00edda, cuando la depresi\u00f3n parece m\u00e1s fuerte que la voluntad de luchar?<\/strong><\/p>\n\n\n\n<p class=\"has-black-color has-text-color has-link-color has-small-font-size wp-elements-9d49ba19aa100c9b7b7f5d62081a2140\">Se recomienda rezar. La oraci\u00f3n es la ayuda del alma al Cielo. El ser humano tiene en su interior una red invisible que lo conecta con el Creador. Esta comunicaci\u00f3n es libre y directa. Y si a\u00fan as\u00ed no te sientes digno, puedes recurrir a los Buenos Esp\u00edritus para que intercedan por ti. Nadie se queda sin apoyo.<\/p>\n\n\n\n<p class=\"has-black-color has-text-color has-link-color has-small-font-size wp-elements-33ea7d0c09d55207646106a8a24ccd89\">Las Lecturas Esp\u00edritas son esclarecedoras. El autor Rossano Sobrinho, en su libro El Prisionero de las Tinieblas, aborda este mismo tema. De forma simple, nos muestra que, infelizmente, cuando permitimos que el Esp\u00edritu sea dominado por el cuerpo, es cuesta abajo, pero si permitimos que el cuerpo sea comandado por el Esp\u00edritu, realinearemos la ruta para la auto-iluminaci\u00f3n.<\/p>\n\n\n\n<div class=\"wp-block-group is-layout-constrained wp-block-group-is-layout-constrained\">\n<p class=\"has-black-color has-text-color has-link-color has-small-font-size wp-elements-6167cab77730af84b4427348dd9c1d36\">Siguiendo con el tema de la depresi\u00f3n, el autor ense\u00f1a:<\/p>\n\n\n\n<p class=\"has-black-color has-text-color has-link-color has-small-font-size wp-elements-466e6a0b99cce5b6f978e24c813d93c3\">\u00abDesde un punto de vista psicoespiritual, un depresivo es alguien atrapado en el pasado, en pensamientos tortuosos, a menudo repetitivos, en angustiosas dudas, inseguridades, fobias, traumas y apegos. Quien vive en el pasado pierde su conexi\u00f3n con la vida, que s\u00f3lo se realiza en el ahora, en el momento presente\u00bb<\/p>\n<\/div>\n\n\n\n<p class=\"has-black-color has-text-color has-link-color has-small-font-size wp-elements-d85be8859650a44b06a6fd2ed28407cd\">Es dif\u00edcil lidiar con la depresi\u00f3n, por eso la Doctrina Esp\u00edrita no descarta en ning\u00fan momento la atenci\u00f3n m\u00e9dica o las pr\u00e1cticas terap\u00e9uticas. La propuesta es conectar con Dios, conocer el Evangelio de Jes\u00fas, que vino a la Tierra especialmente para los enfermos, los afligidos y los cansados. Jes\u00fas es el modelo de ser humano enviado por el Creador y experiment\u00f3 el amor, la caridad, la amistad, la traici\u00f3n y la muerte en nuestro planeta. Cuando Jes\u00fas dice que venci\u00f3 al mundo, venci\u00f3 a la materialidad. Demostr\u00f3 ser nuestro Esp\u00edritu liberado y eterno. Tenemos que aprender a confiar en el Maestro.<\/p>\n\n\n\n<p class=\"has-black-color has-text-color has-link-color has-small-font-size wp-elements-e45afda9f69974e675589782aa1f7946\">Suyas son las palabras para que recojamos nuestra cruz y caminemos con \u00c9l. Suya es la invitaci\u00f3n del Serm\u00f3n de la Monta\u00f1a para que encontremos en \u00c9l el punto de apoyo en las adversidades de la vida. Tomemos posesi\u00f3n de la paz del Maestro Nazareno.<\/p>\n<\/div><\/div>\n\n\n\n<div class=\"wp-block-uagb-container uagb-block-99711a6d alignfull uagb-is-root-container\"><div class=\"uagb-container-inner-blocks-wrap\"><\/div><\/div>\n\n\n\n<div class=\"wp-block-uagb-container uagb-block-e2122781 alignfull uagb-is-root-container\"><div class=\"uagb-container-inner-blocks-wrap\"><\/div><\/div>","protected":false},"excerpt":{"rendered":"<p>Una mirada consoladora a la depresi\u00f3n Hay muchos prejuicios contra las personas que sufren trastornos mentales. La depresi\u00f3n es uno de ellos. Es una enfermedad que requiere tratamiento m\u00e9dico y no tiene cura. Una persona deprimida tiene periodos de altibajos en su vida diaria. Lo ideal es que el tratamiento se lleve a cabo de [&hellip;]<\/p>","protected":false},"author":1,"featured_media":3825,"parent":0,"menu_order":0,"comment_status":"closed","ping_status":"closed","template":"","meta":{"_uag_custom_page_level_css":"","site-sidebar-layout":"default","site-content-layout":"","ast-site-content-layout":"default","site-content-style":"default","site-sidebar-style":"default","ast-global-header-display":"","ast-banner-title-visibility":"","ast-main-header-display":"","ast-hfb-above-header-display":"","ast-hfb-below-header-display":"","ast-hfb-mobile-header-display":"","site-post-title":"disabled","ast-breadcrumbs-content":"","ast-featured-img":"","footer-sml-layout":"","theme-transparent-header-meta":"","adv-header-id-meta":"","stick-header-meta":"","header-above-stick-meta":"","header-main-stick-meta":"","header-below-stick-meta":"","astra-migrate-meta-layouts":"set","ast-page-background-enabled":"default","ast-page-background-meta":{"desktop":{"background-color":"var(--ast-global-color-4)","background-image":"","background-repeat":"repeat","background-position":"center center","background-size":"auto","background-attachment":"scroll","background-type":"","background-media":"","overlay-type":"","overlay-color":"","overlay-opacity":"","overlay-gradient":""},"tablet":{"background-color":"","background-image":"","background-repeat":"repeat","background-position":"center center","background-size":"auto","background-attachment":"scroll","background-type":"","background-media":"","overlay-type":"","overlay-color":"","overlay-opacity":"","overlay-gradient":""},"mobile":{"background-color":"","background-image":"","background-repeat":"repeat","background-position":"center center","background-size":"auto","background-attachment":"scroll","background-type":"","background-media":"","overlay-type":"","overlay-color":"","overlay-opacity":"","overlay-gradient":""}},"ast-content-background-meta":{"desktop":{"background-color":"var(--ast-global-color-5)","background-image":"","background-repeat":"repeat","background-position":"center center","background-size":"auto","background-attachment":"scroll","background-type":"","background-media":"","overlay-type":"","overlay-color":"","overlay-opacity":"","overlay-gradient":""},"tablet":{"background-color":"var(--ast-global-color-5)","background-image":"","background-repeat":"repeat","background-position":"center center","background-size":"auto","background-attachment":"scroll","background-type":"","background-media":"","overlay-type":"","overlay-color":"","overlay-opacity":"","overlay-gradient":""},"mobile":{"background-color":"var(--ast-global-color-5)","background-image":"","background-repeat":"repeat","background-position":"center center","background-size":"auto","background-attachment":"scroll","background-type":"","background-media":"","overlay-type":"","overlay-color":"","overlay-opacity":"","overlay-gradient":""}},"footnotes":""},"class_list":["post-3824","page","type-page","status-publish","has-post-thumbnail","hentry"],"yoast_head":"<!-- This site is optimized with the Yoast SEO Premium plugin v24.2 (Yoast SEO v24.6) - https:\/\/yoast.com\/wordpress\/plugins\/seo\/ -->\n<title>Una mirada consoladora a la depresi\u00f3n - Uni\u00f3n Esp\u00edrita<\/title>\n<meta name=\"robots\" content=\"index, follow, max-snippet:-1, max-image-preview:large, max-video-preview:-1\" \/>\n<link rel=\"canonical\" href=\"https:\/\/nuevo-renacer.com\/it\/una-mirada-consoladora-a-la-depresion\/\" \/>\n<meta property=\"og:locale\" content=\"it_IT\" \/>\n<meta property=\"og:type\" content=\"article\" \/>\n<meta property=\"og:title\" content=\"Una mirada consoladora a la depresi\u00f3n\" \/>\n<meta property=\"og:description\" content=\"Una mirada consoladora a la depresi\u00f3n Hay muchos prejuicios contra las personas que sufren trastornos mentales. La depresi\u00f3n es uno de ellos. Es una enfermedad que requiere tratamiento m\u00e9dico y no tiene cura. Una persona deprimida tiene periodos de altibajos en su vida diaria. Lo ideal es que el tratamiento se lleve a cabo de [&hellip;]\" \/>\n<meta property=\"og:url\" content=\"https:\/\/nuevo-renacer.com\/it\/una-mirada-consoladora-a-la-depresion\/\" \/>\n<meta property=\"og:site_name\" content=\"Uni\u00f3n Esp\u00edrita\" \/>\n<meta property=\"article:publisher\" content=\"https:\/\/www.facebook.com\/groups\/3431398063740829\" \/>\n<meta property=\"article:modified_time\" content=\"2025-05-23T09:42:27+00:00\" \/>\n<meta name=\"twitter:card\" content=\"summary_large_image\" \/>\n<meta name=\"twitter:label1\" content=\"Tempo di lettura stimato\" \/>\n\t<meta name=\"twitter:data1\" content=\"5 minuti\" \/>\n<script type=\"application\/ld+json\" class=\"yoast-schema-graph\">{\"@context\":\"https:\/\/schema.org\",\"@graph\":[{\"@type\":\"WebPage\",\"@id\":\"https:\/\/nuevo-renacer.com\/una-mirada-consoladora-a-la-depresion\/\",\"url\":\"https:\/\/nuevo-renacer.com\/una-mirada-consoladora-a-la-depresion\/\",\"name\":\"Una mirada consoladora a la depresi\u00f3n - Uni\u00f3n Esp\u00edrita\",\"isPartOf\":{\"@id\":\"https:\/\/nuevo-renacer.com\/#website\"},\"primaryImageOfPage\":{\"@id\":\"https:\/\/nuevo-renacer.com\/una-mirada-consoladora-a-la-depresion\/#primaryimage\"},\"image\":{\"@id\":\"https:\/\/nuevo-renacer.com\/una-mirada-consoladora-a-la-depresion\/#primaryimage\"},\"thumbnailUrl\":\"https:\/\/nuevo-renacer.com\/wp-content\/uploads\/2024\/07\/depression-abstract-background_982005-26827.avif\",\"datePublished\":\"2024-07-16T07:43:04+00:00\",\"dateModified\":\"2025-05-23T09:42:27+00:00\",\"breadcrumb\":{\"@id\":\"https:\/\/nuevo-renacer.com\/una-mirada-consoladora-a-la-depresion\/#breadcrumb\"},\"inLanguage\":\"it-IT\",\"potentialAction\":[{\"@type\":\"ReadAction\",\"target\":[\"https:\/\/nuevo-renacer.com\/una-mirada-consoladora-a-la-depresion\/\"]}]},{\"@type\":\"ImageObject\",\"inLanguage\":\"it-IT\",\"@id\":\"https:\/\/nuevo-renacer.com\/una-mirada-consoladora-a-la-depresion\/#primaryimage\",\"url\":\"https:\/\/nuevo-renacer.com\/wp-content\/uploads\/2024\/07\/depression-abstract-background_982005-26827.avif\",\"contentUrl\":\"https:\/\/nuevo-renacer.com\/wp-content\/uploads\/2024\/07\/depression-abstract-background_982005-26827.avif\",\"width\":626,\"height\":417},{\"@type\":\"BreadcrumbList\",\"@id\":\"https:\/\/nuevo-renacer.com\/una-mirada-consoladora-a-la-depresion\/#breadcrumb\",\"itemListElement\":[{\"@type\":\"ListItem\",\"position\":1,\"name\":\"Startseite\",\"item\":\"https:\/\/nuevo-renacer.com\/\"},{\"@type\":\"ListItem\",\"position\":2,\"name\":\"Una mirada consoladora a la depresi\u00f3n\"}]},{\"@type\":\"WebSite\",\"@id\":\"https:\/\/nuevo-renacer.com\/#website\",\"url\":\"https:\/\/nuevo-renacer.com\/\",\"name\":\"Uni\u00f3n Esp\u00edrita\",\"description\":\"Nuevo Renacer\",\"publisher\":{\"@id\":\"https:\/\/nuevo-renacer.com\/#organization\"},\"potentialAction\":[{\"@type\":\"SearchAction\",\"target\":{\"@type\":\"EntryPoint\",\"urlTemplate\":\"https:\/\/nuevo-renacer.com\/?s={search_term_string}\"},\"query-input\":{\"@type\":\"PropertyValueSpecification\",\"valueRequired\":true,\"valueName\":\"search_term_string\"}}],\"inLanguage\":\"it-IT\"},{\"@type\":\"Organization\",\"@id\":\"https:\/\/nuevo-renacer.com\/#organization\",\"name\":\"UFEC\",\"url\":\"https:\/\/nuevo-renacer.com\/\",\"logo\":{\"@type\":\"ImageObject\",\"inLanguage\":\"it-IT\",\"@id\":\"https:\/\/nuevo-renacer.com\/#\/schema\/logo\/image\/\",\"url\":\"https:\/\/nuevo-renacer.com\/wp-content\/uploads\/2024\/05\/cropped-LOGO-TERMINADO1-3-3.png\",\"contentUrl\":\"https:\/\/nuevo-renacer.com\/wp-content\/uploads\/2024\/05\/cropped-LOGO-TERMINADO1-3-3.png\",\"width\":512,\"height\":512,\"caption\":\"UFEC\"},\"image\":{\"@id\":\"https:\/\/nuevo-renacer.com\/#\/schema\/logo\/image\/\"},\"sameAs\":[\"https:\/\/www.facebook.com\/groups\/3431398063740829\"]}]}<\/script>\n<!-- \/ Yoast SEO Premium plugin. -->","yoast_head_json":{"title":"Una mirada consoladora a la depresi\u00f3n - Uni\u00f3n Esp\u00edrita","robots":{"index":"index","follow":"follow","max-snippet":"max-snippet:-1","max-image-preview":"max-image-preview:large","max-video-preview":"max-video-preview:-1"},"canonical":"https:\/\/nuevo-renacer.com\/it\/una-mirada-consoladora-a-la-depresion\/","og_locale":"it_IT","og_type":"article","og_title":"Una mirada consoladora a la depresi\u00f3n","og_description":"Una mirada consoladora a la depresi\u00f3n Hay muchos prejuicios contra las personas que sufren trastornos mentales. La depresi\u00f3n es uno de ellos. Es una enfermedad que requiere tratamiento m\u00e9dico y no tiene cura. Una persona deprimida tiene periodos de altibajos en su vida diaria. Lo ideal es que el tratamiento se lleve a cabo de [&hellip;]","og_url":"https:\/\/nuevo-renacer.com\/it\/una-mirada-consoladora-a-la-depresion\/","og_site_name":"Uni\u00f3n Esp\u00edrita","article_publisher":"https:\/\/www.facebook.com\/groups\/3431398063740829","article_modified_time":"2025-05-23T09:42:27+00:00","twitter_card":"summary_large_image","twitter_misc":{"Tempo di lettura stimato":"5 minuti"},"schema":{"@context":"https:\/\/schema.org","@graph":[{"@type":"WebPage","@id":"https:\/\/nuevo-renacer.com\/una-mirada-consoladora-a-la-depresion\/","url":"https:\/\/nuevo-renacer.com\/una-mirada-consoladora-a-la-depresion\/","name":"Una mirada consoladora a la depresi\u00f3n - Uni\u00f3n Esp\u00edrita","isPartOf":{"@id":"https:\/\/nuevo-renacer.com\/#website"},"primaryImageOfPage":{"@id":"https:\/\/nuevo-renacer.com\/una-mirada-consoladora-a-la-depresion\/#primaryimage"},"image":{"@id":"https:\/\/nuevo-renacer.com\/una-mirada-consoladora-a-la-depresion\/#primaryimage"},"thumbnailUrl":"https:\/\/nuevo-renacer.com\/wp-content\/uploads\/2024\/07\/depression-abstract-background_982005-26827.avif","datePublished":"2024-07-16T07:43:04+00:00","dateModified":"2025-05-23T09:42:27+00:00","breadcrumb":{"@id":"https:\/\/nuevo-renacer.com\/una-mirada-consoladora-a-la-depresion\/#breadcrumb"},"inLanguage":"it-IT","potentialAction":[{"@type":"ReadAction","target":["https:\/\/nuevo-renacer.com\/una-mirada-consoladora-a-la-depresion\/"]}]},{"@type":"ImageObject","inLanguage":"it-IT","@id":"https:\/\/nuevo-renacer.com\/una-mirada-consoladora-a-la-depresion\/#primaryimage","url":"https:\/\/nuevo-renacer.com\/wp-content\/uploads\/2024\/07\/depression-abstract-background_982005-26827.avif","contentUrl":"https:\/\/nuevo-renacer.com\/wp-content\/uploads\/2024\/07\/depression-abstract-background_982005-26827.avif","width":626,"height":417},{"@type":"BreadcrumbList","@id":"https:\/\/nuevo-renacer.com\/una-mirada-consoladora-a-la-depresion\/#breadcrumb","itemListElement":[{"@type":"ListItem","position":1,"name":"Startseite","item":"https:\/\/nuevo-renacer.com\/"},{"@type":"ListItem","position":2,"name":"Una mirada consoladora a la depresi\u00f3n"}]},{"@type":"WebSite","@id":"https:\/\/nuevo-renacer.com\/#website","url":"https:\/\/nuevo-renacer.com\/","name":"Uni\u00f3n Esp\u00edrita","description":"Nuevo Renacer","publisher":{"@id":"https:\/\/nuevo-renacer.com\/#organization"},"potentialAction":[{"@type":"SearchAction","target":{"@type":"EntryPoint","urlTemplate":"https:\/\/nuevo-renacer.com\/?s={search_term_string}"},"query-input":{"@type":"PropertyValueSpecification","valueRequired":true,"valueName":"search_term_string"}}],"inLanguage":"it-IT"},{"@type":"Organization","@id":"https:\/\/nuevo-renacer.com\/#organization","name":"UFEC","url":"https:\/\/nuevo-renacer.com\/","logo":{"@type":"ImageObject","inLanguage":"it-IT","@id":"https:\/\/nuevo-renacer.com\/#\/schema\/logo\/image\/","url":"https:\/\/nuevo-renacer.com\/wp-content\/uploads\/2024\/05\/cropped-LOGO-TERMINADO1-3-3.png","contentUrl":"https:\/\/nuevo-renacer.com\/wp-content\/uploads\/2024\/05\/cropped-LOGO-TERMINADO1-3-3.png","width":512,"height":512,"caption":"UFEC"},"image":{"@id":"https:\/\/nuevo-renacer.com\/#\/schema\/logo\/image\/"},"sameAs":["https:\/\/www.facebook.com\/groups\/3431398063740829"]}]}},"uagb_featured_image_src":{"full":["https:\/\/nuevo-renacer.com\/wp-content\/uploads\/2024\/07\/depression-abstract-background_982005-26827.avif",626,417,false],"thumbnail":["https:\/\/nuevo-renacer.com\/wp-content\/uploads\/2024\/07\/depression-abstract-background_982005-26827.avif",150,100,false],"medium":["https:\/\/nuevo-renacer.com\/wp-content\/uploads\/2024\/07\/depression-abstract-background_982005-26827.avif",300,200,false],"medium_large":["https:\/\/nuevo-renacer.com\/wp-content\/uploads\/2024\/07\/depression-abstract-background_982005-26827.avif",626,417,false],"large":["https:\/\/nuevo-renacer.com\/wp-content\/uploads\/2024\/07\/depression-abstract-background_982005-26827.avif",626,417,false],"1536x1536":["https:\/\/nuevo-renacer.com\/wp-content\/uploads\/2024\/07\/depression-abstract-background_982005-26827.avif",626,417,false],"2048x2048":["https:\/\/nuevo-renacer.com\/wp-content\/uploads\/2024\/07\/depression-abstract-background_982005-26827.avif",626,417,false],"trp-custom-language-flag":["https:\/\/nuevo-renacer.com\/wp-content\/uploads\/2024\/07\/depression-abstract-background_982005-26827.avif",18,12,false]},"uagb_author_info":{"display_name":"adbv0","author_link":"https:\/\/nuevo-renacer.com\/it\/author\/adbv0\/"},"uagb_comment_info":0,"uagb_excerpt":"Una mirada consoladora a la depresi\u00f3n Hay muchos prejuicios contra las personas que sufren trastornos mentales. La depresi\u00f3n es uno de ellos. Es una enfermedad que requiere tratamiento m\u00e9dico y no tiene cura. Una persona deprimida tiene periodos de altibajos en su vida diaria. Lo ideal es que el tratamiento se lleve a cabo de&hellip;","jetpack_sharing_enabled":true,"_links":{"self":[{"href":"https:\/\/nuevo-renacer.com\/it\/wp-json\/wp\/v2\/pages\/3824","targetHints":{"allow":["GET"]}}],"collection":[{"href":"https:\/\/nuevo-renacer.com\/it\/wp-json\/wp\/v2\/pages"}],"about":[{"href":"https:\/\/nuevo-renacer.com\/it\/wp-json\/wp\/v2\/types\/page"}],"author":[{"embeddable":true,"href":"https:\/\/nuevo-renacer.com\/it\/wp-json\/wp\/v2\/users\/1"}],"replies":[{"embeddable":true,"href":"https:\/\/nuevo-renacer.com\/it\/wp-json\/wp\/v2\/comments?post=3824"}],"version-history":[{"count":5,"href":"https:\/\/nuevo-renacer.com\/it\/wp-json\/wp\/v2\/pages\/3824\/revisions"}],"predecessor-version":[{"id":8180,"href":"https:\/\/nuevo-renacer.com\/it\/wp-json\/wp\/v2\/pages\/3824\/revisions\/8180"}],"wp:featuredmedia":[{"embeddable":true,"href":"https:\/\/nuevo-renacer.com\/it\/wp-json\/wp\/v2\/media\/3825"}],"wp:attachment":[{"href":"https:\/\/nuevo-renacer.com\/it\/wp-json\/wp\/v2\/media?parent=3824"}],"curies":[{"name":"wp","href":"https:\/\/api.w.org\/{rel}","templated":true}]}}