{"id":3781,"date":"2024-07-15T09:28:21","date_gmt":"2024-07-15T09:28:21","guid":{"rendered":"https:\/\/ufec-mundial.com\/?page_id=3781"},"modified":"2024-07-15T09:28:23","modified_gmt":"2024-07-15T09:28:23","slug":"me-puedo-reencarnar-en-un-animal-como-dicen-algunas-religiones","status":"publish","type":"page","link":"https:\/\/nuevo-renacer.com\/it\/me-puedo-reencarnar-en-un-animal-como-dicen-algunas-religiones\/","title":{"rendered":"Posso reincarnarmi in un animale, come sostengono alcune religioni?"},"content":{"rendered":"<div class=\"wp-block-uagb-container uagb-block-bf693db3 alignfull uagb-is-root-container\"><div class=\"uagb-container-inner-blocks-wrap\">\n<p class=\"has-black-color has-text-color has-link-color has-medium-font-size wp-elements-29bc8b483d7e4f2b9dd048f34dabfdf2\"><strong>Posso reincarnarmi in un animale, come sostengono alcune religioni?<\/strong><\/p>\n<\/div><\/div>\n\n\n\n<div class=\"wp-block-uagb-container uagb-block-08994f9e alignfull uagb-is-root-container\"><div class=\"uagb-container-inner-blocks-wrap\">\n<figure class=\"wp-block-image size-full\"><img fetchpriority=\"high\" decoding=\"async\" width=\"540\" height=\"360\" src=\"https:\/\/ufec-mundial.com\/wp-content\/uploads\/2024\/07\/360_F_568198305_QNmh0dG9SBdkN9307LGaiwfv2NusB2u7.webp\" alt=\"\" class=\"wp-image-3782\" srcset=\"https:\/\/nuevo-renacer.com\/wp-content\/uploads\/2024\/07\/360_F_568198305_QNmh0dG9SBdkN9307LGaiwfv2NusB2u7.webp 540w, https:\/\/nuevo-renacer.com\/wp-content\/uploads\/2024\/07\/360_F_568198305_QNmh0dG9SBdkN9307LGaiwfv2NusB2u7-300x200.webp 300w, https:\/\/nuevo-renacer.com\/wp-content\/uploads\/2024\/07\/360_F_568198305_QNmh0dG9SBdkN9307LGaiwfv2NusB2u7-18x12.webp 18w\" sizes=\"(max-width: 540px) 100vw, 540px\" \/><\/figure>\n<\/div><\/div>\n\n\n\n<div class=\"wp-block-uagb-container uagb-block-537638e3 alignfull uagb-is-root-container\"><div class=\"uagb-container-inner-blocks-wrap\">\n<p class=\"has-black-color has-text-color has-link-color has-small-font-size wp-elements-8031f9d9b5c25d5d7265e5a297fe3803\">No! Esiste una legge progressiva! E anche se il nostro Spirito si \u00e8 evoluto nei regni inferiori, non vi faremo ritorno.<\/p>\n\n\n\n<p class=\"has-black-color has-text-color has-link-color has-small-font-size wp-elements-03de017edf8237102f76330d9b7895e7\"><em>\u00abL'anima dorme nel minerale, sogna nel vegetale, si muove nell'animale e si risveglia nell'uomo\u00bb<\/em>, dec\u00eda L\u00e9on Denis.<\/p>\n\n\n\n<p class=\"has-black-color has-text-color has-link-color has-small-font-size wp-elements-14043bd6cd0c22dd2b984672099ab35d\">Il Libro degli Spiriti, nelle domande 607 e 609, spiega che lo Spirito proviene dal principio intelligente che si sviluppa in questi regni inferiori e che nelle prime incarnazioni come Spirito conserva tracce di quella animalit\u00e0. Il principio intelligente per diventare spirito passa attraverso altre specie, altre forme e vite che siamo ancora lontani dal conoscere, perch\u00e9 ci sono anelli mancanti, ci mancano pezzi in questo puzzle evolutivo, che oggi non esistono pi\u00f9 perch\u00e9 hanno lasciato il posto ad altri per selezione naturale, e perch\u00e9 questa evoluzione non avviene solo su questo pianeta.<\/p>\n\n\n\n<p class=\"has-black-color has-text-color has-link-color has-small-font-size wp-elements-a4bcf5ae9ef1070539037fa2243ef2b1\">Considerando solo il nostro pianeta e ci\u00f2 che dice la scienza oggi, esiste un'evidente evoluzione biologica, una selezione naturale, che \u00e8 ci\u00f2 che oggi \u00e8 conosciuto come la teoria sintetica che riunisce le teorie di Darwin e Wallace con quelle di Mendel. E ci\u00f2 che dice lo Spiritismo \u00e8 che il principio intelligente si sviluppa in queste e altre specie diverse di questo e altri mondi, che sono anch'essi abitati in diversi processi evolutivi, come quelli che ha attraversato il nostro pianeta a partire dalla cellula procariotica. Esiste quindi un'evoluzione fisica soggetta alle leggi fisiche e un'evoluzione spirituale che si avvale di tale evoluzione fisica per far evolvere il principio intelligente, ovvero lo Spirito, attraverso la reincarnazione.<\/p>\n\n\n\n<p class=\"has-black-color has-text-color has-link-color has-small-font-size wp-elements-bed89291df1c128032abb2c9014adf2a\">Molte religioni hanno e hanno avuto nella reincarnazione uno dei loro principi fondamentali, anche se sotto aspetti errati come quello della metempsicosi (che sarebbe la possibilit\u00e0 di incarnarsi in animali). Altre religioni hanno avuto la reincarnazione solo all'inizio, per poi sradicarla in seguito, come nel caso del Cristianesimo.<\/p>\n<\/div><\/div>","protected":false},"excerpt":{"rendered":"<p>\u00bfMe puedo reencarnar en un animal como dicen algunas religiones? \u00a1No!, \u00a1hay una ley progresiva!, y si bien nuestro Esp\u00edritu se ha elaborado en reinos inferiores, no volvemos a ellos. \u00abEl alma duerme en el mineral, sue\u00f1a en el vegetal, se mueve en el animal y despierta en el hombre\u00bb, dec\u00eda L\u00e9on Denis. El Libro [&hellip;]<\/p>","protected":false},"author":1,"featured_media":3782,"parent":0,"menu_order":0,"comment_status":"closed","ping_status":"closed","template":"","meta":{"_uag_custom_page_level_css":"","site-sidebar-layout":"default","site-content-layout":"","ast-site-content-layout":"default","site-content-style":"default","site-sidebar-style":"default","ast-global-header-display":"","ast-banner-title-visibility":"","ast-main-header-display":"","ast-hfb-above-header-display":"","ast-hfb-below-header-display":"","ast-hfb-mobile-header-display":"","site-post-title":"disabled","ast-breadcrumbs-content":"","ast-featured-img":"","footer-sml-layout":"","theme-transparent-header-meta":"","adv-header-id-meta":"","stick-header-meta":"","header-above-stick-meta":"","header-main-stick-meta":"","header-below-stick-meta":"","astra-migrate-meta-layouts":"set","ast-page-background-enabled":"default","ast-page-background-meta":{"desktop":{"background-color":"var(--ast-global-color-4)","background-image":"","background-repeat":"repeat","background-position":"center center","background-size":"auto","background-attachment":"scroll","background-type":"","background-media":"","overlay-type":"","overlay-color":"","overlay-opacity":"","overlay-gradient":""},"tablet":{"background-color":"","background-image":"","background-repeat":"repeat","background-position":"center center","background-size":"auto","background-attachment":"scroll","background-type":"","background-media":"","overlay-type":"","overlay-color":"","overlay-opacity":"","overlay-gradient":""},"mobile":{"background-color":"","background-image":"","background-repeat":"repeat","background-position":"center center","background-size":"auto","background-attachment":"scroll","background-type":"","background-media":"","overlay-type":"","overlay-color":"","overlay-opacity":"","overlay-gradient":""}},"ast-content-background-meta":{"desktop":{"background-color":"var(--ast-global-color-5)","background-image":"","background-repeat":"repeat","background-position":"center center","background-size":"auto","background-attachment":"scroll","background-type":"","background-media":"","overlay-type":"","overlay-color":"","overlay-opacity":"","overlay-gradient":""},"tablet":{"background-color":"var(--ast-global-color-5)","background-image":"","background-repeat":"repeat","background-position":"center center","background-size":"auto","background-attachment":"scroll","background-type":"","background-media":"","overlay-type":"","overlay-color":"","overlay-opacity":"","overlay-gradient":""},"mobile":{"background-color":"var(--ast-global-color-5)","background-image":"","background-repeat":"repeat","background-position":"center center","background-size":"auto","background-attachment":"scroll","background-type":"","background-media":"","overlay-type":"","overlay-color":"","overlay-opacity":"","overlay-gradient":""}},"footnotes":""},"class_list":["post-3781","page","type-page","status-publish","has-post-thumbnail","hentry"],"yoast_head":"<!-- This site is optimized with the Yoast SEO Premium plugin v24.2 (Yoast SEO v24.6) - https:\/\/yoast.com\/wordpress\/plugins\/seo\/ -->\n<title>\u00bfMe puedo reencarnar en un animal como dicen algunas religiones? - Uni\u00f3n Esp\u00edrita<\/title>\n<meta name=\"robots\" content=\"index, follow, max-snippet:-1, max-image-preview:large, max-video-preview:-1\" \/>\n<link rel=\"canonical\" href=\"https:\/\/nuevo-renacer.com\/it\/me-puedo-reencarnar-en-un-animal-como-dicen-algunas-religiones\/\" \/>\n<meta property=\"og:locale\" content=\"it_IT\" \/>\n<meta property=\"og:type\" content=\"article\" \/>\n<meta property=\"og:title\" content=\"\u00bfMe puedo reencarnar en un animal como dicen algunas religiones?\" \/>\n<meta property=\"og:description\" content=\"\u00bfMe puedo reencarnar en un animal como dicen algunas religiones? \u00a1No!, \u00a1hay una ley progresiva!, y si bien nuestro Esp\u00edritu se ha elaborado en reinos inferiores, no volvemos a ellos. \u00abEl alma duerme en el mineral, sue\u00f1a en el vegetal, se mueve en el animal y despierta en el hombre\u00bb, dec\u00eda L\u00e9on Denis. El Libro [&hellip;]\" \/>\n<meta property=\"og:url\" content=\"https:\/\/nuevo-renacer.com\/it\/me-puedo-reencarnar-en-un-animal-como-dicen-algunas-religiones\/\" \/>\n<meta property=\"og:site_name\" content=\"Uni\u00f3n Esp\u00edrita\" \/>\n<meta property=\"article:publisher\" content=\"https:\/\/www.facebook.com\/groups\/3431398063740829\" \/>\n<meta property=\"article:modified_time\" content=\"2024-07-15T09:28:23+00:00\" \/>\n<meta property=\"og:image\" content=\"https:\/\/nuevo-renacer.com\/wp-content\/uploads\/2024\/07\/360_F_568198305_QNmh0dG9SBdkN9307LGaiwfv2NusB2u7.webp\" \/>\n\t<meta property=\"og:image:width\" content=\"540\" \/>\n\t<meta property=\"og:image:height\" content=\"360\" \/>\n\t<meta property=\"og:image:type\" content=\"image\/webp\" \/>\n<meta name=\"twitter:card\" content=\"summary_large_image\" \/>\n<meta name=\"twitter:label1\" content=\"Tempo di lettura stimato\" \/>\n\t<meta name=\"twitter:data1\" content=\"2 minuti\" \/>\n<script type=\"application\/ld+json\" class=\"yoast-schema-graph\">{\"@context\":\"https:\/\/schema.org\",\"@graph\":[{\"@type\":\"WebPage\",\"@id\":\"https:\/\/nuevo-renacer.com\/me-puedo-reencarnar-en-un-animal-como-dicen-algunas-religiones\/\",\"url\":\"https:\/\/nuevo-renacer.com\/me-puedo-reencarnar-en-un-animal-como-dicen-algunas-religiones\/\",\"name\":\"\u00bfMe puedo reencarnar en un animal como dicen algunas religiones? - Uni\u00f3n Esp\u00edrita\",\"isPartOf\":{\"@id\":\"https:\/\/nuevo-renacer.com\/#website\"},\"primaryImageOfPage\":{\"@id\":\"https:\/\/nuevo-renacer.com\/me-puedo-reencarnar-en-un-animal-como-dicen-algunas-religiones\/#primaryimage\"},\"image\":{\"@id\":\"https:\/\/nuevo-renacer.com\/me-puedo-reencarnar-en-un-animal-como-dicen-algunas-religiones\/#primaryimage\"},\"thumbnailUrl\":\"https:\/\/nuevo-renacer.com\/wp-content\/uploads\/2024\/07\/360_F_568198305_QNmh0dG9SBdkN9307LGaiwfv2NusB2u7.webp\",\"datePublished\":\"2024-07-15T09:28:21+00:00\",\"dateModified\":\"2024-07-15T09:28:23+00:00\",\"breadcrumb\":{\"@id\":\"https:\/\/nuevo-renacer.com\/me-puedo-reencarnar-en-un-animal-como-dicen-algunas-religiones\/#breadcrumb\"},\"inLanguage\":\"it-IT\",\"potentialAction\":[{\"@type\":\"ReadAction\",\"target\":[\"https:\/\/nuevo-renacer.com\/me-puedo-reencarnar-en-un-animal-como-dicen-algunas-religiones\/\"]}]},{\"@type\":\"ImageObject\",\"inLanguage\":\"it-IT\",\"@id\":\"https:\/\/nuevo-renacer.com\/me-puedo-reencarnar-en-un-animal-como-dicen-algunas-religiones\/#primaryimage\",\"url\":\"https:\/\/nuevo-renacer.com\/wp-content\/uploads\/2024\/07\/360_F_568198305_QNmh0dG9SBdkN9307LGaiwfv2NusB2u7.webp\",\"contentUrl\":\"https:\/\/nuevo-renacer.com\/wp-content\/uploads\/2024\/07\/360_F_568198305_QNmh0dG9SBdkN9307LGaiwfv2NusB2u7.webp\",\"width\":540,\"height\":360},{\"@type\":\"BreadcrumbList\",\"@id\":\"https:\/\/nuevo-renacer.com\/me-puedo-reencarnar-en-un-animal-como-dicen-algunas-religiones\/#breadcrumb\",\"itemListElement\":[{\"@type\":\"ListItem\",\"position\":1,\"name\":\"Startseite\",\"item\":\"https:\/\/nuevo-renacer.com\/\"},{\"@type\":\"ListItem\",\"position\":2,\"name\":\"\u00bfMe puedo reencarnar en un animal como dicen algunas religiones?\"}]},{\"@type\":\"WebSite\",\"@id\":\"https:\/\/nuevo-renacer.com\/#website\",\"url\":\"https:\/\/nuevo-renacer.com\/\",\"name\":\"Uni\u00f3n Esp\u00edrita\",\"description\":\"Nuevo Renacer\",\"publisher\":{\"@id\":\"https:\/\/nuevo-renacer.com\/#organization\"},\"potentialAction\":[{\"@type\":\"SearchAction\",\"target\":{\"@type\":\"EntryPoint\",\"urlTemplate\":\"https:\/\/nuevo-renacer.com\/?s={search_term_string}\"},\"query-input\":{\"@type\":\"PropertyValueSpecification\",\"valueRequired\":true,\"valueName\":\"search_term_string\"}}],\"inLanguage\":\"it-IT\"},{\"@type\":\"Organization\",\"@id\":\"https:\/\/nuevo-renacer.com\/#organization\",\"name\":\"UFEC\",\"url\":\"https:\/\/nuevo-renacer.com\/\",\"logo\":{\"@type\":\"ImageObject\",\"inLanguage\":\"it-IT\",\"@id\":\"https:\/\/nuevo-renacer.com\/#\/schema\/logo\/image\/\",\"url\":\"https:\/\/nuevo-renacer.com\/wp-content\/uploads\/2024\/05\/cropped-LOGO-TERMINADO1-3-3.png\",\"contentUrl\":\"https:\/\/nuevo-renacer.com\/wp-content\/uploads\/2024\/05\/cropped-LOGO-TERMINADO1-3-3.png\",\"width\":512,\"height\":512,\"caption\":\"UFEC\"},\"image\":{\"@id\":\"https:\/\/nuevo-renacer.com\/#\/schema\/logo\/image\/\"},\"sameAs\":[\"https:\/\/www.facebook.com\/groups\/3431398063740829\"]}]}<\/script>\n<!-- \/ Yoast SEO Premium plugin. -->","yoast_head_json":{"title":"\u00bfMe puedo reencarnar en un animal como dicen algunas religiones? - Uni\u00f3n Esp\u00edrita","robots":{"index":"index","follow":"follow","max-snippet":"max-snippet:-1","max-image-preview":"max-image-preview:large","max-video-preview":"max-video-preview:-1"},"canonical":"https:\/\/nuevo-renacer.com\/it\/me-puedo-reencarnar-en-un-animal-como-dicen-algunas-religiones\/","og_locale":"it_IT","og_type":"article","og_title":"\u00bfMe puedo reencarnar en un animal como dicen algunas religiones?","og_description":"\u00bfMe puedo reencarnar en un animal como dicen algunas religiones? \u00a1No!, \u00a1hay una ley progresiva!, y si bien nuestro Esp\u00edritu se ha elaborado en reinos inferiores, no volvemos a ellos. \u00abEl alma duerme en el mineral, sue\u00f1a en el vegetal, se mueve en el animal y despierta en el hombre\u00bb, dec\u00eda L\u00e9on Denis. El Libro [&hellip;]","og_url":"https:\/\/nuevo-renacer.com\/it\/me-puedo-reencarnar-en-un-animal-como-dicen-algunas-religiones\/","og_site_name":"Uni\u00f3n Esp\u00edrita","article_publisher":"https:\/\/www.facebook.com\/groups\/3431398063740829","article_modified_time":"2024-07-15T09:28:23+00:00","og_image":[{"width":540,"height":360,"url":"https:\/\/nuevo-renacer.com\/wp-content\/uploads\/2024\/07\/360_F_568198305_QNmh0dG9SBdkN9307LGaiwfv2NusB2u7.webp","type":"image\/webp"}],"twitter_card":"summary_large_image","twitter_misc":{"Tempo di lettura stimato":"2 minuti"},"schema":{"@context":"https:\/\/schema.org","@graph":[{"@type":"WebPage","@id":"https:\/\/nuevo-renacer.com\/me-puedo-reencarnar-en-un-animal-como-dicen-algunas-religiones\/","url":"https:\/\/nuevo-renacer.com\/me-puedo-reencarnar-en-un-animal-como-dicen-algunas-religiones\/","name":"\u00bfMe puedo reencarnar en un animal como dicen algunas religiones? - Uni\u00f3n Esp\u00edrita","isPartOf":{"@id":"https:\/\/nuevo-renacer.com\/#website"},"primaryImageOfPage":{"@id":"https:\/\/nuevo-renacer.com\/me-puedo-reencarnar-en-un-animal-como-dicen-algunas-religiones\/#primaryimage"},"image":{"@id":"https:\/\/nuevo-renacer.com\/me-puedo-reencarnar-en-un-animal-como-dicen-algunas-religiones\/#primaryimage"},"thumbnailUrl":"https:\/\/nuevo-renacer.com\/wp-content\/uploads\/2024\/07\/360_F_568198305_QNmh0dG9SBdkN9307LGaiwfv2NusB2u7.webp","datePublished":"2024-07-15T09:28:21+00:00","dateModified":"2024-07-15T09:28:23+00:00","breadcrumb":{"@id":"https:\/\/nuevo-renacer.com\/me-puedo-reencarnar-en-un-animal-como-dicen-algunas-religiones\/#breadcrumb"},"inLanguage":"it-IT","potentialAction":[{"@type":"ReadAction","target":["https:\/\/nuevo-renacer.com\/me-puedo-reencarnar-en-un-animal-como-dicen-algunas-religiones\/"]}]},{"@type":"ImageObject","inLanguage":"it-IT","@id":"https:\/\/nuevo-renacer.com\/me-puedo-reencarnar-en-un-animal-como-dicen-algunas-religiones\/#primaryimage","url":"https:\/\/nuevo-renacer.com\/wp-content\/uploads\/2024\/07\/360_F_568198305_QNmh0dG9SBdkN9307LGaiwfv2NusB2u7.webp","contentUrl":"https:\/\/nuevo-renacer.com\/wp-content\/uploads\/2024\/07\/360_F_568198305_QNmh0dG9SBdkN9307LGaiwfv2NusB2u7.webp","width":540,"height":360},{"@type":"BreadcrumbList","@id":"https:\/\/nuevo-renacer.com\/me-puedo-reencarnar-en-un-animal-como-dicen-algunas-religiones\/#breadcrumb","itemListElement":[{"@type":"ListItem","position":1,"name":"Startseite","item":"https:\/\/nuevo-renacer.com\/"},{"@type":"ListItem","position":2,"name":"\u00bfMe puedo reencarnar en un animal como dicen algunas religiones?"}]},{"@type":"WebSite","@id":"https:\/\/nuevo-renacer.com\/#website","url":"https:\/\/nuevo-renacer.com\/","name":"Uni\u00f3n Esp\u00edrita","description":"Nuevo Renacer","publisher":{"@id":"https:\/\/nuevo-renacer.com\/#organization"},"potentialAction":[{"@type":"SearchAction","target":{"@type":"EntryPoint","urlTemplate":"https:\/\/nuevo-renacer.com\/?s={search_term_string}"},"query-input":{"@type":"PropertyValueSpecification","valueRequired":true,"valueName":"search_term_string"}}],"inLanguage":"it-IT"},{"@type":"Organization","@id":"https:\/\/nuevo-renacer.com\/#organization","name":"UFEC","url":"https:\/\/nuevo-renacer.com\/","logo":{"@type":"ImageObject","inLanguage":"it-IT","@id":"https:\/\/nuevo-renacer.com\/#\/schema\/logo\/image\/","url":"https:\/\/nuevo-renacer.com\/wp-content\/uploads\/2024\/05\/cropped-LOGO-TERMINADO1-3-3.png","contentUrl":"https:\/\/nuevo-renacer.com\/wp-content\/uploads\/2024\/05\/cropped-LOGO-TERMINADO1-3-3.png","width":512,"height":512,"caption":"UFEC"},"image":{"@id":"https:\/\/nuevo-renacer.com\/#\/schema\/logo\/image\/"},"sameAs":["https:\/\/www.facebook.com\/groups\/3431398063740829"]}]}},"uagb_featured_image_src":{"full":["https:\/\/nuevo-renacer.com\/wp-content\/uploads\/2024\/07\/360_F_568198305_QNmh0dG9SBdkN9307LGaiwfv2NusB2u7.webp",540,360,false],"thumbnail":["https:\/\/nuevo-renacer.com\/wp-content\/uploads\/2024\/07\/360_F_568198305_QNmh0dG9SBdkN9307LGaiwfv2NusB2u7-150x150.webp",150,150,true],"medium":["https:\/\/nuevo-renacer.com\/wp-content\/uploads\/2024\/07\/360_F_568198305_QNmh0dG9SBdkN9307LGaiwfv2NusB2u7-300x200.webp",300,200,true],"medium_large":["https:\/\/nuevo-renacer.com\/wp-content\/uploads\/2024\/07\/360_F_568198305_QNmh0dG9SBdkN9307LGaiwfv2NusB2u7.webp",540,360,false],"large":["https:\/\/nuevo-renacer.com\/wp-content\/uploads\/2024\/07\/360_F_568198305_QNmh0dG9SBdkN9307LGaiwfv2NusB2u7.webp",540,360,false],"1536x1536":["https:\/\/nuevo-renacer.com\/wp-content\/uploads\/2024\/07\/360_F_568198305_QNmh0dG9SBdkN9307LGaiwfv2NusB2u7.webp",540,360,false],"2048x2048":["https:\/\/nuevo-renacer.com\/wp-content\/uploads\/2024\/07\/360_F_568198305_QNmh0dG9SBdkN9307LGaiwfv2NusB2u7.webp",540,360,false],"trp-custom-language-flag":["https:\/\/nuevo-renacer.com\/wp-content\/uploads\/2024\/07\/360_F_568198305_QNmh0dG9SBdkN9307LGaiwfv2NusB2u7-18x12.webp",18,12,true]},"uagb_author_info":{"display_name":"adbv0","author_link":"https:\/\/nuevo-renacer.com\/it\/author\/adbv0\/"},"uagb_comment_info":0,"uagb_excerpt":"\u00bfMe puedo reencarnar en un animal como dicen algunas religiones? \u00a1No!, \u00a1hay una ley progresiva!, y si bien nuestro Esp\u00edritu se ha elaborado en reinos inferiores, no volvemos a ellos. \u00abEl alma duerme en el mineral, sue\u00f1a en el vegetal, se mueve en el animal y despierta en el hombre\u00bb, dec\u00eda L\u00e9on Denis. El Libro&hellip;","jetpack_sharing_enabled":true,"_links":{"self":[{"href":"https:\/\/nuevo-renacer.com\/it\/wp-json\/wp\/v2\/pages\/3781","targetHints":{"allow":["GET"]}}],"collection":[{"href":"https:\/\/nuevo-renacer.com\/it\/wp-json\/wp\/v2\/pages"}],"about":[{"href":"https:\/\/nuevo-renacer.com\/it\/wp-json\/wp\/v2\/types\/page"}],"author":[{"embeddable":true,"href":"https:\/\/nuevo-renacer.com\/it\/wp-json\/wp\/v2\/users\/1"}],"replies":[{"embeddable":true,"href":"https:\/\/nuevo-renacer.com\/it\/wp-json\/wp\/v2\/comments?post=3781"}],"version-history":[{"count":1,"href":"https:\/\/nuevo-renacer.com\/it\/wp-json\/wp\/v2\/pages\/3781\/revisions"}],"predecessor-version":[{"id":3783,"href":"https:\/\/nuevo-renacer.com\/it\/wp-json\/wp\/v2\/pages\/3781\/revisions\/3783"}],"wp:featuredmedia":[{"embeddable":true,"href":"https:\/\/nuevo-renacer.com\/it\/wp-json\/wp\/v2\/media\/3782"}],"wp:attachment":[{"href":"https:\/\/nuevo-renacer.com\/it\/wp-json\/wp\/v2\/media?parent=3781"}],"curies":[{"name":"wp","href":"https:\/\/api.w.org\/{rel}","templated":true}]}}