{"id":3763,"date":"2024-07-15T08:38:37","date_gmt":"2024-07-15T08:38:37","guid":{"rendered":"https:\/\/ufec-mundial.com\/?page_id=3763"},"modified":"2024-07-15T08:39:01","modified_gmt":"2024-07-15T08:39:01","slug":"que-finalidad-tiene-la-mediumnidad","status":"publish","type":"page","link":"https:\/\/nuevo-renacer.com\/it\/que-finalidad-tiene-la-mediumnidad\/","title":{"rendered":"\u00bfQu\u00e9 finalidad tiene la mediumnidad?"},"content":{"rendered":"<div class=\"wp-block-uagb-container uagb-block-4128485a alignfull uagb-is-root-container\"><div class=\"uagb-container-inner-blocks-wrap\">\n<p class=\"has-black-color has-text-color has-link-color has-medium-font-size wp-elements-0ebf7015040ce9892b2a622b6434542a\"><strong>\u00bfQu\u00e9 finalidad tiene la mediumnidad?<\/strong><\/p>\n<\/div><\/div>\n\n\n\n<div class=\"wp-block-uagb-container uagb-block-3ce99bd0 alignfull uagb-is-root-container\"><div class=\"uagb-container-inner-blocks-wrap\">\n<figure class=\"wp-block-image size-large is-resized\"><img fetchpriority=\"high\" decoding=\"async\" width=\"1024\" height=\"691\" src=\"https:\/\/ufec-mundial.com\/wp-content\/uploads\/2024\/07\/mediunidade-espirita-1024x691.jpg\" alt=\"\" class=\"wp-image-3764\" style=\"width:384px;height:auto\" srcset=\"https:\/\/nuevo-renacer.com\/wp-content\/uploads\/2024\/07\/mediunidade-espirita-1024x691.jpg 1024w, https:\/\/nuevo-renacer.com\/wp-content\/uploads\/2024\/07\/mediunidade-espirita-300x202.jpg 300w, https:\/\/nuevo-renacer.com\/wp-content\/uploads\/2024\/07\/mediunidade-espirita-768x518.jpg 768w, https:\/\/nuevo-renacer.com\/wp-content\/uploads\/2024\/07\/mediunidade-espirita-18x12.jpg 18w, https:\/\/nuevo-renacer.com\/wp-content\/uploads\/2024\/07\/mediunidade-espirita.jpg 1273w\" sizes=\"(max-width: 1024px) 100vw, 1024px\" \/><\/figure>\n<\/div><\/div>\n\n\n\n<div class=\"wp-block-uagb-container uagb-block-1b924a30 alignfull uagb-is-root-container\"><div class=\"uagb-container-inner-blocks-wrap\">\n<p class=\"has-black-color has-text-color has-link-color has-small-font-size wp-elements-79d196fc88f28798e362fb9c730fdc97\">Mostrar la posibilidad de comunicaci\u00f3n con los seres del mundo espiritual, demostrarnos fehacientemente la prueba de la inmortalidad. El simple hecho de que el ser humano se pueda comunicar con los seres del mundo espiritual trae consecuencias incalculables de la mayor gravedad, se nos revela un mundo nuevo al que todos iremos sin excepci\u00f3n. El conocimiento de ese hecho no puede dejar de acarrear, al generalizarse, una profunda modificaci\u00f3n en las costumbres, el car\u00e1cter, los h\u00e1bitos y las creencias. Es una revoluci\u00f3n total la que se opera en las ideas, revoluci\u00f3n tanto mayor y m\u00e1s poderosa cuanto que no est\u00e1 circunscripta a un pueblo ni a una casta, visto que alcanza simult\u00e1neamente a todas las clases, a todas las nacionalidades y a todos los cultos.<\/p>\n\n\n\n<p class=\"has-black-color has-text-color has-link-color has-small-font-size wp-elements-403712b1032a2d435c79a7809380cd10\">Aunque los fen\u00f3menos medi\u00famnicos han existido en todos los siglos y \u00e9pocas, es ahora con el desarrollo de la ciencia que podemos desembarazarlos de la superstici\u00f3n y las interpretaciones rid\u00edculas. Y al no estar ya sometidos bajo el yugo de la religi\u00f3n, que durante siglos ha condenado y perseguido inquisitorialmente la mediumnidad, es solo cuesti\u00f3n de tiempo que estos hechos se evidencien cada vez m\u00e1s.<\/p>\n\n\n\n<p class=\"has-black-color has-text-color has-link-color has-small-font-size wp-elements-d88b667c365b5313825833bb056c76b9\">Por la mediumnidad obtenemos no solo la prueba material de la existencia y de la individualidad del alma, sino que tambi\u00e9n comprendemos la solidaridad que vincula a los vivos con los muertos de este mundo, y a los de este mundo con los de otros planetas. Conocemos la situaci\u00f3n de ellos en el mundo de los Esp\u00edritus; los acompa\u00f1amos en sus migraciones; somos testigos de sus alegr\u00edas y sus penas; sabemos por qu\u00e9 son felices o desdichados, y conocemos la suerte que a nosotros mismos nos est\u00e1 reservada, seg\u00fan el bien o el mal que hayamos hecho. Esta comunicaci\u00f3n nos inicia en la vida futura, que podemos observar en todas sus fases, en todas sus peripecias; el porvenir ya no es una vaga esperanza, sino un hecho positivo, una certeza matem\u00e1tica. A partir de entonces, la muerte ya no tiene nada de aterrador para nosotros, porque significa la liberaci\u00f3n, la puerta de la verdadera vida.<\/p>\n\n\n\n<p class=\"has-black-color has-text-color has-link-color has-small-font-size wp-elements-0c8c898a757e3f8dfeca40c2b95cf192\">A trav\u00e9s del estudio de la situaci\u00f3n de los Esp\u00edritus, sabemos que la felicidad y la desdicha en la vida espiritual son inherentes al grado de perfecci\u00f3n o de imperfecci\u00f3n; que cada uno sufre las consecuencias directas y naturales de sus faltas y esas consecuencias negativas cesan con el arrepentimiento y la reparaci\u00f3n. Que el perfeccionamiento depende exclusivamente de uno mismo, y a trav\u00e9s del libre albedr\u00edo, uno puede prolongar o abreviar los padecimientos, del mismo modo que el enfermo sufre por sus excesos hasta que no les pone t\u00e9rmino.<\/p>\n\n\n\n<p class=\"has-black-color has-text-color has-link-color has-small-font-size wp-elements-62c9879c017a8821c555e9a1b8b40faa\">Pero los Esp\u00edritus no siempre saben m\u00e1s que nosotros, o no nos dicen todo lo que saben, y a menudo se abstienen de darnos aquello que podemos obtener mediante el trabajo; porque hay cuestiones que no les est\u00e1 permitido revelarnos. Si pueden iniciarnos en lo relativo a la vida futura, a un gran n\u00famero de cuestiones que ignoramos y que no podemos aprender en el \u00e1mbito en que nos hallamos. En asuntos que de otra forma solo podr\u00edamos formular hip\u00f3tesis, o interpretaciones err\u00f3neas como la del cielo y el infierno. Por la mediumnidad son los testigos oculares, los protagonistas mismos de la vida de ultratumba quienes vienen a decirnos en qu\u00e9 consiste esa vida, y s\u00f3lo ellos pod\u00edan hacerlo. Por consiguiente, sus manifestaciones han servido para darnos a conocer el mundo invisible que nos rodea y del cual ni siquiera sospech\u00e1bamos; y ese \u00fanico conocimiento ser\u00eda de capital importancia, en el supuesto de que los Esp\u00edritus no pudiesen ense\u00f1arnos nada m\u00e1s.<\/p>\n\n\n\n<p class=\"has-black-color has-text-color has-link-color has-small-font-size wp-elements-9cad1734e070439b949d0396564ea542\">La mediumnidad en sus m\u00faltiples manifestaciones y tipos se puede convertir tambi\u00e9n en una herramienta para ayudar y hacer el bien. Esta facultad es un pr\u00e9stamo temporal para el m\u00e9dium que si quiere hacer buen uso de ella debe entender la necesidad de estudio y pr\u00e1ctica en las condiciones m\u00e1s adecuadas, desde la humildad, comprendiendo la gran falibilidad que tiene todo m\u00e9dium. Ya que el mejor m\u00e9dium es el que menos veces es enga\u00f1ado, pues todos lo son en alg\u00fan momento, aunque sea como prueba y aprendizaje, de ah\u00ed la necesidad de un trabajo en grupo, con estudio y an\u00e1lisis de las comunicaciones. El buen m\u00e9dium no es el que est\u00e1 preocupado en dar m\u00e1s o menos comunicaciones, es el que sirve de intermediario del bien, haciendo o no uso de la mediumnidad; y a cada instante m\u00e9diums y no m\u00e9diums pueden hacer mucho bien sin necesidad de entrar en trance.<\/p>\n<\/div><\/div>","protected":false},"excerpt":{"rendered":"<p>\u00bfQu\u00e9 finalidad tiene la mediumnidad? Mostrar la posibilidad de comunicaci\u00f3n con los seres del mundo espiritual, demostrarnos fehacientemente la prueba de la inmortalidad. El simple hecho de que el ser humano se pueda comunicar con los seres del mundo espiritual trae consecuencias incalculables de la mayor gravedad, se nos revela un mundo nuevo al que [&hellip;]<\/p>","protected":false},"author":1,"featured_media":3764,"parent":0,"menu_order":0,"comment_status":"closed","ping_status":"closed","template":"","meta":{"_uag_custom_page_level_css":"","site-sidebar-layout":"default","site-content-layout":"","ast-site-content-layout":"default","site-content-style":"default","site-sidebar-style":"default","ast-global-header-display":"","ast-banner-title-visibility":"","ast-main-header-display":"","ast-hfb-above-header-display":"","ast-hfb-below-header-display":"","ast-hfb-mobile-header-display":"","site-post-title":"disabled","ast-breadcrumbs-content":"","ast-featured-img":"","footer-sml-layout":"","theme-transparent-header-meta":"","adv-header-id-meta":"","stick-header-meta":"","header-above-stick-meta":"","header-main-stick-meta":"","header-below-stick-meta":"","astra-migrate-meta-layouts":"set","ast-page-background-enabled":"default","ast-page-background-meta":{"desktop":{"background-color":"var(--ast-global-color-4)","background-image":"","background-repeat":"repeat","background-position":"center center","background-size":"auto","background-attachment":"scroll","background-type":"","background-media":"","overlay-type":"","overlay-color":"","overlay-opacity":"","overlay-gradient":""},"tablet":{"background-color":"","background-image":"","background-repeat":"repeat","background-position":"center center","background-size":"auto","background-attachment":"scroll","background-type":"","background-media":"","overlay-type":"","overlay-color":"","overlay-opacity":"","overlay-gradient":""},"mobile":{"background-color":"","background-image":"","background-repeat":"repeat","background-position":"center center","background-size":"auto","background-attachment":"scroll","background-type":"","background-media":"","overlay-type":"","overlay-color":"","overlay-opacity":"","overlay-gradient":""}},"ast-content-background-meta":{"desktop":{"background-color":"var(--ast-global-color-5)","background-image":"","background-repeat":"repeat","background-position":"center center","background-size":"auto","background-attachment":"scroll","background-type":"","background-media":"","overlay-type":"","overlay-color":"","overlay-opacity":"","overlay-gradient":""},"tablet":{"background-color":"var(--ast-global-color-5)","background-image":"","background-repeat":"repeat","background-position":"center center","background-size":"auto","background-attachment":"scroll","background-type":"","background-media":"","overlay-type":"","overlay-color":"","overlay-opacity":"","overlay-gradient":""},"mobile":{"background-color":"var(--ast-global-color-5)","background-image":"","background-repeat":"repeat","background-position":"center center","background-size":"auto","background-attachment":"scroll","background-type":"","background-media":"","overlay-type":"","overlay-color":"","overlay-opacity":"","overlay-gradient":""}},"footnotes":""},"class_list":["post-3763","page","type-page","status-publish","has-post-thumbnail","hentry"],"yoast_head":"<!-- This site is optimized with the Yoast SEO Premium plugin v24.2 (Yoast SEO v24.6) - https:\/\/yoast.com\/wordpress\/plugins\/seo\/ -->\n<title>\u00bfQu\u00e9 finalidad tiene la mediumnidad? - Uni\u00f3n Esp\u00edrita<\/title>\n<meta name=\"robots\" content=\"index, follow, max-snippet:-1, max-image-preview:large, max-video-preview:-1\" \/>\n<link rel=\"canonical\" href=\"https:\/\/nuevo-renacer.com\/it\/que-finalidad-tiene-la-mediumnidad\/\" \/>\n<meta property=\"og:locale\" content=\"it_IT\" \/>\n<meta property=\"og:type\" content=\"article\" \/>\n<meta property=\"og:title\" content=\"\u00bfQu\u00e9 finalidad tiene la mediumnidad?\" \/>\n<meta property=\"og:description\" content=\"\u00bfQu\u00e9 finalidad tiene la mediumnidad? Mostrar la posibilidad de comunicaci\u00f3n con los seres del mundo espiritual, demostrarnos fehacientemente la prueba de la inmortalidad. El simple hecho de que el ser humano se pueda comunicar con los seres del mundo espiritual trae consecuencias incalculables de la mayor gravedad, se nos revela un mundo nuevo al que [&hellip;]\" \/>\n<meta property=\"og:url\" content=\"https:\/\/nuevo-renacer.com\/it\/que-finalidad-tiene-la-mediumnidad\/\" \/>\n<meta property=\"og:site_name\" content=\"Uni\u00f3n Esp\u00edrita\" \/>\n<meta property=\"article:publisher\" content=\"https:\/\/www.facebook.com\/groups\/3431398063740829\" \/>\n<meta property=\"article:modified_time\" content=\"2024-07-15T08:39:01+00:00\" \/>\n<meta property=\"og:image\" content=\"https:\/\/nuevo-renacer.com\/wp-content\/uploads\/2024\/07\/mediunidade-espirita.jpg\" \/>\n\t<meta property=\"og:image:width\" content=\"1273\" \/>\n\t<meta property=\"og:image:height\" content=\"859\" \/>\n\t<meta property=\"og:image:type\" content=\"image\/jpeg\" \/>\n<meta name=\"twitter:card\" content=\"summary_large_image\" \/>\n<meta name=\"twitter:label1\" content=\"Tempo di lettura stimato\" \/>\n\t<meta name=\"twitter:data1\" content=\"4 minuti\" \/>\n<script type=\"application\/ld+json\" class=\"yoast-schema-graph\">{\"@context\":\"https:\/\/schema.org\",\"@graph\":[{\"@type\":\"WebPage\",\"@id\":\"https:\/\/nuevo-renacer.com\/que-finalidad-tiene-la-mediumnidad\/\",\"url\":\"https:\/\/nuevo-renacer.com\/que-finalidad-tiene-la-mediumnidad\/\",\"name\":\"\u00bfQu\u00e9 finalidad tiene la mediumnidad? - Uni\u00f3n Esp\u00edrita\",\"isPartOf\":{\"@id\":\"https:\/\/nuevo-renacer.com\/#website\"},\"primaryImageOfPage\":{\"@id\":\"https:\/\/nuevo-renacer.com\/que-finalidad-tiene-la-mediumnidad\/#primaryimage\"},\"image\":{\"@id\":\"https:\/\/nuevo-renacer.com\/que-finalidad-tiene-la-mediumnidad\/#primaryimage\"},\"thumbnailUrl\":\"https:\/\/nuevo-renacer.com\/wp-content\/uploads\/2024\/07\/mediunidade-espirita.jpg\",\"datePublished\":\"2024-07-15T08:38:37+00:00\",\"dateModified\":\"2024-07-15T08:39:01+00:00\",\"breadcrumb\":{\"@id\":\"https:\/\/nuevo-renacer.com\/que-finalidad-tiene-la-mediumnidad\/#breadcrumb\"},\"inLanguage\":\"it-IT\",\"potentialAction\":[{\"@type\":\"ReadAction\",\"target\":[\"https:\/\/nuevo-renacer.com\/que-finalidad-tiene-la-mediumnidad\/\"]}]},{\"@type\":\"ImageObject\",\"inLanguage\":\"it-IT\",\"@id\":\"https:\/\/nuevo-renacer.com\/que-finalidad-tiene-la-mediumnidad\/#primaryimage\",\"url\":\"https:\/\/nuevo-renacer.com\/wp-content\/uploads\/2024\/07\/mediunidade-espirita.jpg\",\"contentUrl\":\"https:\/\/nuevo-renacer.com\/wp-content\/uploads\/2024\/07\/mediunidade-espirita.jpg\",\"width\":1273,\"height\":859},{\"@type\":\"BreadcrumbList\",\"@id\":\"https:\/\/nuevo-renacer.com\/que-finalidad-tiene-la-mediumnidad\/#breadcrumb\",\"itemListElement\":[{\"@type\":\"ListItem\",\"position\":1,\"name\":\"Startseite\",\"item\":\"https:\/\/nuevo-renacer.com\/\"},{\"@type\":\"ListItem\",\"position\":2,\"name\":\"\u00bfQu\u00e9 finalidad tiene la mediumnidad?\"}]},{\"@type\":\"WebSite\",\"@id\":\"https:\/\/nuevo-renacer.com\/#website\",\"url\":\"https:\/\/nuevo-renacer.com\/\",\"name\":\"Uni\u00f3n Esp\u00edrita\",\"description\":\"Nuevo Renacer\",\"publisher\":{\"@id\":\"https:\/\/nuevo-renacer.com\/#organization\"},\"potentialAction\":[{\"@type\":\"SearchAction\",\"target\":{\"@type\":\"EntryPoint\",\"urlTemplate\":\"https:\/\/nuevo-renacer.com\/?s={search_term_string}\"},\"query-input\":{\"@type\":\"PropertyValueSpecification\",\"valueRequired\":true,\"valueName\":\"search_term_string\"}}],\"inLanguage\":\"it-IT\"},{\"@type\":\"Organization\",\"@id\":\"https:\/\/nuevo-renacer.com\/#organization\",\"name\":\"UFEC\",\"url\":\"https:\/\/nuevo-renacer.com\/\",\"logo\":{\"@type\":\"ImageObject\",\"inLanguage\":\"it-IT\",\"@id\":\"https:\/\/nuevo-renacer.com\/#\/schema\/logo\/image\/\",\"url\":\"https:\/\/nuevo-renacer.com\/wp-content\/uploads\/2024\/05\/cropped-LOGO-TERMINADO1-3-3.png\",\"contentUrl\":\"https:\/\/nuevo-renacer.com\/wp-content\/uploads\/2024\/05\/cropped-LOGO-TERMINADO1-3-3.png\",\"width\":512,\"height\":512,\"caption\":\"UFEC\"},\"image\":{\"@id\":\"https:\/\/nuevo-renacer.com\/#\/schema\/logo\/image\/\"},\"sameAs\":[\"https:\/\/www.facebook.com\/groups\/3431398063740829\"]}]}<\/script>\n<!-- \/ Yoast SEO Premium plugin. -->","yoast_head_json":{"title":"\u00bfQu\u00e9 finalidad tiene la mediumnidad? - Uni\u00f3n Esp\u00edrita","robots":{"index":"index","follow":"follow","max-snippet":"max-snippet:-1","max-image-preview":"max-image-preview:large","max-video-preview":"max-video-preview:-1"},"canonical":"https:\/\/nuevo-renacer.com\/it\/que-finalidad-tiene-la-mediumnidad\/","og_locale":"it_IT","og_type":"article","og_title":"\u00bfQu\u00e9 finalidad tiene la mediumnidad?","og_description":"\u00bfQu\u00e9 finalidad tiene la mediumnidad? Mostrar la posibilidad de comunicaci\u00f3n con los seres del mundo espiritual, demostrarnos fehacientemente la prueba de la inmortalidad. El simple hecho de que el ser humano se pueda comunicar con los seres del mundo espiritual trae consecuencias incalculables de la mayor gravedad, se nos revela un mundo nuevo al que [&hellip;]","og_url":"https:\/\/nuevo-renacer.com\/it\/que-finalidad-tiene-la-mediumnidad\/","og_site_name":"Uni\u00f3n Esp\u00edrita","article_publisher":"https:\/\/www.facebook.com\/groups\/3431398063740829","article_modified_time":"2024-07-15T08:39:01+00:00","og_image":[{"width":1273,"height":859,"url":"https:\/\/nuevo-renacer.com\/wp-content\/uploads\/2024\/07\/mediunidade-espirita.jpg","type":"image\/jpeg"}],"twitter_card":"summary_large_image","twitter_misc":{"Tempo di lettura stimato":"4 minuti"},"schema":{"@context":"https:\/\/schema.org","@graph":[{"@type":"WebPage","@id":"https:\/\/nuevo-renacer.com\/que-finalidad-tiene-la-mediumnidad\/","url":"https:\/\/nuevo-renacer.com\/que-finalidad-tiene-la-mediumnidad\/","name":"\u00bfQu\u00e9 finalidad tiene la mediumnidad? - Uni\u00f3n Esp\u00edrita","isPartOf":{"@id":"https:\/\/nuevo-renacer.com\/#website"},"primaryImageOfPage":{"@id":"https:\/\/nuevo-renacer.com\/que-finalidad-tiene-la-mediumnidad\/#primaryimage"},"image":{"@id":"https:\/\/nuevo-renacer.com\/que-finalidad-tiene-la-mediumnidad\/#primaryimage"},"thumbnailUrl":"https:\/\/nuevo-renacer.com\/wp-content\/uploads\/2024\/07\/mediunidade-espirita.jpg","datePublished":"2024-07-15T08:38:37+00:00","dateModified":"2024-07-15T08:39:01+00:00","breadcrumb":{"@id":"https:\/\/nuevo-renacer.com\/que-finalidad-tiene-la-mediumnidad\/#breadcrumb"},"inLanguage":"it-IT","potentialAction":[{"@type":"ReadAction","target":["https:\/\/nuevo-renacer.com\/que-finalidad-tiene-la-mediumnidad\/"]}]},{"@type":"ImageObject","inLanguage":"it-IT","@id":"https:\/\/nuevo-renacer.com\/que-finalidad-tiene-la-mediumnidad\/#primaryimage","url":"https:\/\/nuevo-renacer.com\/wp-content\/uploads\/2024\/07\/mediunidade-espirita.jpg","contentUrl":"https:\/\/nuevo-renacer.com\/wp-content\/uploads\/2024\/07\/mediunidade-espirita.jpg","width":1273,"height":859},{"@type":"BreadcrumbList","@id":"https:\/\/nuevo-renacer.com\/que-finalidad-tiene-la-mediumnidad\/#breadcrumb","itemListElement":[{"@type":"ListItem","position":1,"name":"Startseite","item":"https:\/\/nuevo-renacer.com\/"},{"@type":"ListItem","position":2,"name":"\u00bfQu\u00e9 finalidad tiene la mediumnidad?"}]},{"@type":"WebSite","@id":"https:\/\/nuevo-renacer.com\/#website","url":"https:\/\/nuevo-renacer.com\/","name":"Uni\u00f3n Esp\u00edrita","description":"Nuevo Renacer","publisher":{"@id":"https:\/\/nuevo-renacer.com\/#organization"},"potentialAction":[{"@type":"SearchAction","target":{"@type":"EntryPoint","urlTemplate":"https:\/\/nuevo-renacer.com\/?s={search_term_string}"},"query-input":{"@type":"PropertyValueSpecification","valueRequired":true,"valueName":"search_term_string"}}],"inLanguage":"it-IT"},{"@type":"Organization","@id":"https:\/\/nuevo-renacer.com\/#organization","name":"UFEC","url":"https:\/\/nuevo-renacer.com\/","logo":{"@type":"ImageObject","inLanguage":"it-IT","@id":"https:\/\/nuevo-renacer.com\/#\/schema\/logo\/image\/","url":"https:\/\/nuevo-renacer.com\/wp-content\/uploads\/2024\/05\/cropped-LOGO-TERMINADO1-3-3.png","contentUrl":"https:\/\/nuevo-renacer.com\/wp-content\/uploads\/2024\/05\/cropped-LOGO-TERMINADO1-3-3.png","width":512,"height":512,"caption":"UFEC"},"image":{"@id":"https:\/\/nuevo-renacer.com\/#\/schema\/logo\/image\/"},"sameAs":["https:\/\/www.facebook.com\/groups\/3431398063740829"]}]}},"uagb_featured_image_src":{"full":["https:\/\/nuevo-renacer.com\/wp-content\/uploads\/2024\/07\/mediunidade-espirita.jpg",1273,859,false],"thumbnail":["https:\/\/nuevo-renacer.com\/wp-content\/uploads\/2024\/07\/mediunidade-espirita-150x150.jpg",150,150,true],"medium":["https:\/\/nuevo-renacer.com\/wp-content\/uploads\/2024\/07\/mediunidade-espirita-300x202.jpg",300,202,true],"medium_large":["https:\/\/nuevo-renacer.com\/wp-content\/uploads\/2024\/07\/mediunidade-espirita-768x518.jpg",768,518,true],"large":["https:\/\/nuevo-renacer.com\/wp-content\/uploads\/2024\/07\/mediunidade-espirita-1024x691.jpg",1024,691,true],"1536x1536":["https:\/\/nuevo-renacer.com\/wp-content\/uploads\/2024\/07\/mediunidade-espirita.jpg",1273,859,false],"2048x2048":["https:\/\/nuevo-renacer.com\/wp-content\/uploads\/2024\/07\/mediunidade-espirita.jpg",1273,859,false],"trp-custom-language-flag":["https:\/\/nuevo-renacer.com\/wp-content\/uploads\/2024\/07\/mediunidade-espirita-18x12.jpg",18,12,true]},"uagb_author_info":{"display_name":"adbv0","author_link":"https:\/\/nuevo-renacer.com\/it\/author\/adbv0\/"},"uagb_comment_info":0,"uagb_excerpt":"\u00bfQu\u00e9 finalidad tiene la mediumnidad? Mostrar la posibilidad de comunicaci\u00f3n con los seres del mundo espiritual, demostrarnos fehacientemente la prueba de la inmortalidad. El simple hecho de que el ser humano se pueda comunicar con los seres del mundo espiritual trae consecuencias incalculables de la mayor gravedad, se nos revela un mundo nuevo al que&hellip;","jetpack_sharing_enabled":true,"_links":{"self":[{"href":"https:\/\/nuevo-renacer.com\/it\/wp-json\/wp\/v2\/pages\/3763","targetHints":{"allow":["GET"]}}],"collection":[{"href":"https:\/\/nuevo-renacer.com\/it\/wp-json\/wp\/v2\/pages"}],"about":[{"href":"https:\/\/nuevo-renacer.com\/it\/wp-json\/wp\/v2\/types\/page"}],"author":[{"embeddable":true,"href":"https:\/\/nuevo-renacer.com\/it\/wp-json\/wp\/v2\/users\/1"}],"replies":[{"embeddable":true,"href":"https:\/\/nuevo-renacer.com\/it\/wp-json\/wp\/v2\/comments?post=3763"}],"version-history":[{"count":1,"href":"https:\/\/nuevo-renacer.com\/it\/wp-json\/wp\/v2\/pages\/3763\/revisions"}],"predecessor-version":[{"id":3765,"href":"https:\/\/nuevo-renacer.com\/it\/wp-json\/wp\/v2\/pages\/3763\/revisions\/3765"}],"wp:featuredmedia":[{"embeddable":true,"href":"https:\/\/nuevo-renacer.com\/it\/wp-json\/wp\/v2\/media\/3764"}],"wp:attachment":[{"href":"https:\/\/nuevo-renacer.com\/it\/wp-json\/wp\/v2\/media?parent=3763"}],"curies":[{"name":"wp","href":"https:\/\/api.w.org\/{rel}","templated":true}]}}