{"id":3756,"date":"2024-07-15T06:27:23","date_gmt":"2024-07-15T06:27:23","guid":{"rendered":"https:\/\/ufec-mundial.com\/?page_id=3756"},"modified":"2025-10-21T12:56:21","modified_gmt":"2025-10-21T12:56:21","slug":"la-mision-del-espiritismo","status":"publish","type":"page","link":"https:\/\/nuevo-renacer.com\/it\/la-mision-del-espiritismo\/","title":{"rendered":"La Misi\u00f3n del Espiritismo"},"content":{"rendered":"<div class=\"wp-block-uagb-container uagb-block-a7795f3e alignfull uagb-is-root-container\"><div class=\"uagb-container-inner-blocks-wrap\">\n<p class=\"has-black-color has-text-color has-link-color has-medium-font-size wp-elements-fd0895642d0e4522e12e435239940f82\"><strong>La Misi\u00f3n del Espiritismo<\/strong><\/p>\n<\/div><\/div>\n\n\n\n<div class=\"wp-block-uagb-container uagb-block-dff6aeec alignfull uagb-is-root-container\"><div class=\"uagb-container-inner-blocks-wrap\">\n<figure class=\"wp-block-image size-full is-resized\"><img fetchpriority=\"high\" decoding=\"async\" width=\"1000\" height=\"500\" src=\"https:\/\/nuevo-renacer.com\/wp-content\/uploads\/2024\/07\/1000_F_144195189_OrmBsEtnJ5fyODQgeqEpfmisrwOGasIo.jpg\" alt=\"\" class=\"wp-image-3757\" style=\"width:380px;height:auto\" srcset=\"https:\/\/nuevo-renacer.com\/wp-content\/uploads\/2024\/07\/1000_F_144195189_OrmBsEtnJ5fyODQgeqEpfmisrwOGasIo.jpg 1000w, https:\/\/nuevo-renacer.com\/wp-content\/uploads\/2024\/07\/1000_F_144195189_OrmBsEtnJ5fyODQgeqEpfmisrwOGasIo-300x150.jpg 300w, https:\/\/nuevo-renacer.com\/wp-content\/uploads\/2024\/07\/1000_F_144195189_OrmBsEtnJ5fyODQgeqEpfmisrwOGasIo-768x384.jpg 768w, https:\/\/nuevo-renacer.com\/wp-content\/uploads\/2024\/07\/1000_F_144195189_OrmBsEtnJ5fyODQgeqEpfmisrwOGasIo-18x9.jpg 18w\" sizes=\"(max-width: 1000px) 100vw, 1000px\" \/><\/figure>\n<\/div><\/div>\n\n\n\n<div class=\"wp-block-uagb-container uagb-block-75f2cbc2 alignfull uagb-is-root-container\"><div class=\"uagb-container-inner-blocks-wrap\">\n<p class=\"has-black-color has-text-color has-link-color has-small-font-size wp-elements-017afeb0be65d2ca0fe86fd7446c8779\">No viene el Espiritismo a derribar templo alguno, ni a conquistar uno a uno fieles del catolicismo; que entonces har\u00eda lo mismo que las dem\u00e1s religiones, que se disputan santones y milagrosas leyendas; canonj\u00edas y prebendas; cuentos y tradiciones. \u00a1Ah! No; est\u00e1 muy lejos de eso; porque la Escuela Espiritista, es harto racionalista y no quiere el retroceso; sue\u00f1a con el progreso, con la redenci\u00f3n humana, cree que el ayer y el ma\u00f1ana y el presente, todo es uno; y que no hay hombre alguno que sea su aspiraci\u00f3n vana.<\/p>\n\n\n\n<p class=\"has-black-color has-text-color has-link-color has-small-font-size wp-elements-677ccdf870bebf369590bf992a5be1a6\">Todos pueden ascender y hasta los cielos subir, siendo iguales el porvenir del hombre y de la mujer, creen que querer es poder, que una firme voluntad, yendo en pos de la verdad y abrigando un gran deseo, se hace gigante un pigmeo ansiando su libertad. Esta es la noble misi\u00f3n que tiene el Espiritismo, decirle al hombre: t\u00fa mismo, has de hacer tu redenci\u00f3n.<\/p>\n\n\n\n<p class=\"has-black-color has-text-color has-link-color has-small-font-size wp-elements-57c1c039753828b092770ca4cf8048e7\">No hay ninguna religi\u00f3n que te pueda redimir; t\u00fa mismo tienes que ir cultivando tu terreno, y s\u00f3lo siendo muy bueno, tendr\u00e1s un buen porvenir. Es in\u00fatil que tus bienes repartas entre santones, no alcanzan sus oraciones celestiales para bienes, \u00bfQuieres la gloria? Pues tienes que ir conquistando los cielos, prodigando tus consuelos a infelices afligidos, y dando a los desvalidos tus compasivos desvelos.<\/p>\n\n\n\n<p class=\"has-black-color has-text-color has-link-color has-small-font-size wp-elements-87ac4c46aec24203787c7ac5d0d01b6f\">\u00bfQuieres gastar tu riqueza en alzar un Santuario? \u00a1Ah!\u2026 pues es m\u00e1s necesario que veles por la pobreza. El pueblo hambriento no reza, que sus ocios ejercita buscando en la dinamita los horrores del estrago; el que por la fuerza es vago, s\u00f3lo en el crimen medita. Protege la agricultura, levanta granjas modelo, y haz fecundo el duro suelo que el buen arado tritura, despu\u00e9s, mirando a la altura tras telescopios potentes, preg\u00fantate qu\u00e9 sientes all\u00ed, donde tu alma m\u00e1s se eleva, si dentro de una triste cueva o ante mundos esplendentes.<\/p>\n\n\n\n<p class=\"has-black-color has-text-color has-link-color has-small-font-size wp-elements-6f7f551c978cf05f595cb9bcff5a2b8c\">No repartas tus caudales, pero haz que sean productivos, y redimir\u00e1s cautivos de las infamias sociales. Os afligen grandes males, mas ninguna religi\u00f3n os dar\u00e1 la salvaci\u00f3n ni tampoco el ate\u00edsmo; es s\u00f3lo el Espiritismo el que dar\u00e1 la soluci\u00f3n. Al gran problema social, el descontento de todos; que unos y otros, cual beodos en impura bacanal, hac\u00e9is el mal por el mal, viv\u00eds\u2026 sin saber vivir, bajando\u2026 quer\u00e9is subir, huyendo\u2026 quer\u00e9is llegar; \u00a1Qu\u00e9 modo de delirar y qu\u00e9 modo de sufrir!\u2026<\/p>\n\n\n\n<p class=\"has-black-color has-text-color has-link-color has-small-font-size wp-elements-a586c264fca89221e8fdbc43f99a7a7b\">Los ricos temen al pobre, creyendo que \u00e9ste, alg\u00fan d\u00eda dir\u00e1 con fiera iron\u00eda: no me d\u00e9is, no, lo que os sobre, quiero vuestro oro y no vuestro cobre es lo que quiero en mi encono, que harto tiempo en abandono por mi mal me hab\u00e9is tenido; si no me dais lo que os pido \u00a1Temblad!\u2026 porque no os perdono.<\/p>\n\n\n\n<p class=\"has-black-color has-text-color has-link-color has-small-font-size wp-elements-75f589143de9d17e81b2d20b4f16b7b1\">Y el pobre \u00a1Con qu\u00e9 tristeza ve pasar al potentado en su coche reclinado insultando su pobreza!\u2026 De este desnivel, empieza a surgir la tempestad, viviendo la humanidad entre enga\u00f1os y perfidias, entre rencores y envidias en horrible oscuridad. Para este mal (que es a\u00f1ejo), no hay medicina en la Tierra; suele atajarle la guerra, pero este remedio es viejo.<\/p>\n\n\n\n<p class=\"has-black-color has-text-color has-link-color has-small-font-size wp-elements-2399af92d1fd287fba323efa83c1043b\">M\u00e1s que armas, de buen consejo necesit\u00e1is los terrenales; saber porqu\u00e9 vuestros males os abruman con su peso, y de qu\u00e9 modo el progreso vence en las luchas sociales. Pues, el Espiritismo os viene a revelar, el modo de progresar y redimirse uno mismo. Sin que ning\u00fan fanatismo venga a perturbar la mente, sin que la fe del creyente robe a la raz\u00f3n su imperio, sin milagroso misterio que a su buen sentido atente.<\/p>\n\n\n\n<p class=\"has-black-color has-text-color has-link-color has-small-font-size wp-elements-67be3304cb9c6e571ee77e0846305944\">Un estudio razonado de sana filosof\u00eda, un examen d\u00eda tras d\u00eda del presente y del pasado. De todo hecho consumado la consecuencia esperar, y as\u00ed podr\u00e9is cosechar los frutos que dese\u00e9is, de los que cr\u00edmenes sembr\u00e9is, cuentas tendr\u00e9is que saldar. Los que en santa abnegaci\u00f3n llegu\u00e9is hasta el sacrificio, y apart\u00e9is del precipicio la espantosa tentaci\u00f3n, al que en la loca obcecaci\u00f3n quiera por violencia hallar, lo que no puede encontrar, (porque nunca sembr\u00f3 el bien) sirvi\u00e9ndole de sost\u00e9n, \u00a1Cu\u00e1nto podr\u00e9is progresar!<\/p>\n\n\n\n<p class=\"has-black-color has-text-color has-link-color has-small-font-size wp-elements-f1cf640f962f2f7676f4bd8fee4349a0\">De tal siembra, tal cosecha, esto es la vida; no hay m\u00e1s; a tu paso encontrar\u00e1s lo que hiciste en otra fecha. \u00bfSospechastes? La sospecha ir\u00e1 tus huellas siguiendo, \u00a1Calumniastes? Pues sufriendo ir\u00e1s calumnias de otro; cada cu\u00e1l se forma el potro en el que vive muriendo. No es una sola existencia en la que el alma vacila, su organismo se aniquila, pero no su inteligencia, \u00e9sta, adquiriendo experiencia va tomando encarnaciones, y a las civilizaciones va su concurso prestando, y trabajando y luchando va venciendo sus pasiones.<\/p>\n\n\n\n<p class=\"has-black-color has-text-color has-link-color has-small-font-size wp-elements-53d47d82a52634da4c38040556cfaa63\">\u00c9sta s\u00ed, \u00e9sta es la verdad, \u00a1Redimirse uno a s\u00ed mismo! \u00c9ste es el Espiritismo \u00a1Puerto de la humanidad! \u00c9sta es la hermosa igualdad en la cual todos so\u00f1aron; pero todos deliraron, porque en sus sue\u00f1os no vieron, que jam\u00e1s iguales fueron los que por vivir lucharon. He aqu\u00ed la noble misi\u00f3n que tiene el Espiritismo; decirle al hombre: t\u00fa mismo lograr\u00e1s tu redenci\u00f3n. \u00a1No hay ninguna religi\u00f3n ni ning\u00fan cambio social que te quite de tu mal ni un \u00e1tomo de su peso; obra tuya es tu progreso, y el progreso universal!<\/p>\n\n\n\n<p class=\"has-black-color has-text-color has-link-color has-small-font-size wp-elements-d6d30a24092b9316abe9fff8f5eb81d9\"><em>Amalia Domingo Soler<\/em><\/p>\n<\/div><\/div>","protected":false},"excerpt":{"rendered":"<p>La Misi\u00f3n del Espiritismo No viene el Espiritismo a derribar templo alguno, ni a conquistar uno a uno fieles del catolicismo; que entonces har\u00eda lo mismo que las dem\u00e1s religiones, que se disputan santones y milagrosas leyendas; canonj\u00edas y prebendas; cuentos y tradiciones. \u00a1Ah! No; est\u00e1 muy lejos de eso; porque la Escuela Espiritista, es [&hellip;]<\/p>","protected":false},"author":1,"featured_media":3757,"parent":0,"menu_order":0,"comment_status":"closed","ping_status":"closed","template":"","meta":{"_uag_custom_page_level_css":"","site-sidebar-layout":"default","site-content-layout":"","ast-site-content-layout":"default","site-content-style":"default","site-sidebar-style":"default","ast-global-header-display":"","ast-banner-title-visibility":"","ast-main-header-display":"","ast-hfb-above-header-display":"","ast-hfb-below-header-display":"","ast-hfb-mobile-header-display":"","site-post-title":"disabled","ast-breadcrumbs-content":"","ast-featured-img":"","footer-sml-layout":"","theme-transparent-header-meta":"","adv-header-id-meta":"","stick-header-meta":"","header-above-stick-meta":"","header-main-stick-meta":"","header-below-stick-meta":"","astra-migrate-meta-layouts":"set","ast-page-background-enabled":"default","ast-page-background-meta":{"desktop":{"background-color":"var(--ast-global-color-4)","background-image":"","background-repeat":"repeat","background-position":"center center","background-size":"auto","background-attachment":"scroll","background-type":"","background-media":"","overlay-type":"","overlay-color":"","overlay-opacity":"","overlay-gradient":""},"tablet":{"background-color":"","background-image":"","background-repeat":"repeat","background-position":"center center","background-size":"auto","background-attachment":"scroll","background-type":"","background-media":"","overlay-type":"","overlay-color":"","overlay-opacity":"","overlay-gradient":""},"mobile":{"background-color":"","background-image":"","background-repeat":"repeat","background-position":"center center","background-size":"auto","background-attachment":"scroll","background-type":"","background-media":"","overlay-type":"","overlay-color":"","overlay-opacity":"","overlay-gradient":""}},"ast-content-background-meta":{"desktop":{"background-color":"var(--ast-global-color-5)","background-image":"","background-repeat":"repeat","background-position":"center center","background-size":"auto","background-attachment":"scroll","background-type":"","background-media":"","overlay-type":"","overlay-color":"","overlay-opacity":"","overlay-gradient":""},"tablet":{"background-color":"var(--ast-global-color-5)","background-image":"","background-repeat":"repeat","background-position":"center center","background-size":"auto","background-attachment":"scroll","background-type":"","background-media":"","overlay-type":"","overlay-color":"","overlay-opacity":"","overlay-gradient":""},"mobile":{"background-color":"var(--ast-global-color-5)","background-image":"","background-repeat":"repeat","background-position":"center center","background-size":"auto","background-attachment":"scroll","background-type":"","background-media":"","overlay-type":"","overlay-color":"","overlay-opacity":"","overlay-gradient":""}},"footnotes":""},"class_list":["post-3756","page","type-page","status-publish","has-post-thumbnail","hentry"],"yoast_head":"<!-- This site is optimized with the Yoast SEO Premium plugin v24.2 (Yoast SEO v24.6) - https:\/\/yoast.com\/wordpress\/plugins\/seo\/ -->\n<title>La Misi\u00f3n del Espiritismo - Uni\u00f3n Esp\u00edrita<\/title>\n<meta name=\"robots\" content=\"index, follow, max-snippet:-1, max-image-preview:large, max-video-preview:-1\" \/>\n<link rel=\"canonical\" href=\"https:\/\/nuevo-renacer.com\/it\/la-mision-del-espiritismo\/\" \/>\n<meta property=\"og:locale\" content=\"it_IT\" \/>\n<meta property=\"og:type\" content=\"article\" \/>\n<meta property=\"og:title\" content=\"La Misi\u00f3n del Espiritismo\" \/>\n<meta property=\"og:description\" content=\"La Misi\u00f3n del Espiritismo No viene el Espiritismo a derribar templo alguno, ni a conquistar uno a uno fieles del catolicismo; que entonces har\u00eda lo mismo que las dem\u00e1s religiones, que se disputan santones y milagrosas leyendas; canonj\u00edas y prebendas; cuentos y tradiciones. \u00a1Ah! No; est\u00e1 muy lejos de eso; porque la Escuela Espiritista, es [&hellip;]\" \/>\n<meta property=\"og:url\" content=\"https:\/\/nuevo-renacer.com\/it\/la-mision-del-espiritismo\/\" \/>\n<meta property=\"og:site_name\" content=\"Uni\u00f3n Esp\u00edrita\" \/>\n<meta property=\"article:publisher\" content=\"https:\/\/www.facebook.com\/groups\/3431398063740829\" \/>\n<meta property=\"article:modified_time\" content=\"2025-10-21T12:56:21+00:00\" \/>\n<meta property=\"og:image\" content=\"https:\/\/nuevo-renacer.com\/wp-content\/uploads\/2024\/07\/1000_F_144195189_OrmBsEtnJ5fyODQgeqEpfmisrwOGasIo.jpg\" \/>\n\t<meta property=\"og:image:width\" content=\"1000\" \/>\n\t<meta property=\"og:image:height\" content=\"500\" \/>\n\t<meta property=\"og:image:type\" content=\"image\/jpeg\" \/>\n<meta name=\"twitter:card\" content=\"summary_large_image\" \/>\n<meta name=\"twitter:label1\" content=\"Tempo di lettura stimato\" \/>\n\t<meta name=\"twitter:data1\" content=\"6 minuti\" \/>\n<script type=\"application\/ld+json\" class=\"yoast-schema-graph\">{\"@context\":\"https:\/\/schema.org\",\"@graph\":[{\"@type\":\"WebPage\",\"@id\":\"https:\/\/nuevo-renacer.com\/la-mision-del-espiritismo\/\",\"url\":\"https:\/\/nuevo-renacer.com\/la-mision-del-espiritismo\/\",\"name\":\"La Misi\u00f3n del Espiritismo - Uni\u00f3n Esp\u00edrita\",\"isPartOf\":{\"@id\":\"https:\/\/nuevo-renacer.com\/#website\"},\"primaryImageOfPage\":{\"@id\":\"https:\/\/nuevo-renacer.com\/la-mision-del-espiritismo\/#primaryimage\"},\"image\":{\"@id\":\"https:\/\/nuevo-renacer.com\/la-mision-del-espiritismo\/#primaryimage\"},\"thumbnailUrl\":\"https:\/\/nuevo-renacer.com\/wp-content\/uploads\/2024\/07\/1000_F_144195189_OrmBsEtnJ5fyODQgeqEpfmisrwOGasIo.jpg\",\"datePublished\":\"2024-07-15T06:27:23+00:00\",\"dateModified\":\"2025-10-21T12:56:21+00:00\",\"breadcrumb\":{\"@id\":\"https:\/\/nuevo-renacer.com\/la-mision-del-espiritismo\/#breadcrumb\"},\"inLanguage\":\"it-IT\",\"potentialAction\":[{\"@type\":\"ReadAction\",\"target\":[\"https:\/\/nuevo-renacer.com\/la-mision-del-espiritismo\/\"]}]},{\"@type\":\"ImageObject\",\"inLanguage\":\"it-IT\",\"@id\":\"https:\/\/nuevo-renacer.com\/la-mision-del-espiritismo\/#primaryimage\",\"url\":\"https:\/\/nuevo-renacer.com\/wp-content\/uploads\/2024\/07\/1000_F_144195189_OrmBsEtnJ5fyODQgeqEpfmisrwOGasIo.jpg\",\"contentUrl\":\"https:\/\/nuevo-renacer.com\/wp-content\/uploads\/2024\/07\/1000_F_144195189_OrmBsEtnJ5fyODQgeqEpfmisrwOGasIo.jpg\",\"width\":1000,\"height\":500},{\"@type\":\"BreadcrumbList\",\"@id\":\"https:\/\/nuevo-renacer.com\/la-mision-del-espiritismo\/#breadcrumb\",\"itemListElement\":[{\"@type\":\"ListItem\",\"position\":1,\"name\":\"Startseite\",\"item\":\"https:\/\/nuevo-renacer.com\/\"},{\"@type\":\"ListItem\",\"position\":2,\"name\":\"La Misi\u00f3n del Espiritismo\"}]},{\"@type\":\"WebSite\",\"@id\":\"https:\/\/nuevo-renacer.com\/#website\",\"url\":\"https:\/\/nuevo-renacer.com\/\",\"name\":\"Uni\u00f3n Esp\u00edrita\",\"description\":\"Nuevo Renacer\",\"publisher\":{\"@id\":\"https:\/\/nuevo-renacer.com\/#organization\"},\"potentialAction\":[{\"@type\":\"SearchAction\",\"target\":{\"@type\":\"EntryPoint\",\"urlTemplate\":\"https:\/\/nuevo-renacer.com\/?s={search_term_string}\"},\"query-input\":{\"@type\":\"PropertyValueSpecification\",\"valueRequired\":true,\"valueName\":\"search_term_string\"}}],\"inLanguage\":\"it-IT\"},{\"@type\":\"Organization\",\"@id\":\"https:\/\/nuevo-renacer.com\/#organization\",\"name\":\"UFEC\",\"url\":\"https:\/\/nuevo-renacer.com\/\",\"logo\":{\"@type\":\"ImageObject\",\"inLanguage\":\"it-IT\",\"@id\":\"https:\/\/nuevo-renacer.com\/#\/schema\/logo\/image\/\",\"url\":\"https:\/\/nuevo-renacer.com\/wp-content\/uploads\/2024\/05\/cropped-LOGO-TERMINADO1-3-3.png\",\"contentUrl\":\"https:\/\/nuevo-renacer.com\/wp-content\/uploads\/2024\/05\/cropped-LOGO-TERMINADO1-3-3.png\",\"width\":512,\"height\":512,\"caption\":\"UFEC\"},\"image\":{\"@id\":\"https:\/\/nuevo-renacer.com\/#\/schema\/logo\/image\/\"},\"sameAs\":[\"https:\/\/www.facebook.com\/groups\/3431398063740829\"]}]}<\/script>\n<!-- \/ Yoast SEO Premium plugin. -->","yoast_head_json":{"title":"La Misi\u00f3n del Espiritismo - Uni\u00f3n Esp\u00edrita","robots":{"index":"index","follow":"follow","max-snippet":"max-snippet:-1","max-image-preview":"max-image-preview:large","max-video-preview":"max-video-preview:-1"},"canonical":"https:\/\/nuevo-renacer.com\/it\/la-mision-del-espiritismo\/","og_locale":"it_IT","og_type":"article","og_title":"La Misi\u00f3n del Espiritismo","og_description":"La Misi\u00f3n del Espiritismo No viene el Espiritismo a derribar templo alguno, ni a conquistar uno a uno fieles del catolicismo; que entonces har\u00eda lo mismo que las dem\u00e1s religiones, que se disputan santones y milagrosas leyendas; canonj\u00edas y prebendas; cuentos y tradiciones. \u00a1Ah! No; est\u00e1 muy lejos de eso; porque la Escuela Espiritista, es [&hellip;]","og_url":"https:\/\/nuevo-renacer.com\/it\/la-mision-del-espiritismo\/","og_site_name":"Uni\u00f3n Esp\u00edrita","article_publisher":"https:\/\/www.facebook.com\/groups\/3431398063740829","article_modified_time":"2025-10-21T12:56:21+00:00","og_image":[{"width":1000,"height":500,"url":"https:\/\/nuevo-renacer.com\/wp-content\/uploads\/2024\/07\/1000_F_144195189_OrmBsEtnJ5fyODQgeqEpfmisrwOGasIo.jpg","type":"image\/jpeg"}],"twitter_card":"summary_large_image","twitter_misc":{"Tempo di lettura stimato":"6 minuti"},"schema":{"@context":"https:\/\/schema.org","@graph":[{"@type":"WebPage","@id":"https:\/\/nuevo-renacer.com\/la-mision-del-espiritismo\/","url":"https:\/\/nuevo-renacer.com\/la-mision-del-espiritismo\/","name":"La Misi\u00f3n del Espiritismo - Uni\u00f3n Esp\u00edrita","isPartOf":{"@id":"https:\/\/nuevo-renacer.com\/#website"},"primaryImageOfPage":{"@id":"https:\/\/nuevo-renacer.com\/la-mision-del-espiritismo\/#primaryimage"},"image":{"@id":"https:\/\/nuevo-renacer.com\/la-mision-del-espiritismo\/#primaryimage"},"thumbnailUrl":"https:\/\/nuevo-renacer.com\/wp-content\/uploads\/2024\/07\/1000_F_144195189_OrmBsEtnJ5fyODQgeqEpfmisrwOGasIo.jpg","datePublished":"2024-07-15T06:27:23+00:00","dateModified":"2025-10-21T12:56:21+00:00","breadcrumb":{"@id":"https:\/\/nuevo-renacer.com\/la-mision-del-espiritismo\/#breadcrumb"},"inLanguage":"it-IT","potentialAction":[{"@type":"ReadAction","target":["https:\/\/nuevo-renacer.com\/la-mision-del-espiritismo\/"]}]},{"@type":"ImageObject","inLanguage":"it-IT","@id":"https:\/\/nuevo-renacer.com\/la-mision-del-espiritismo\/#primaryimage","url":"https:\/\/nuevo-renacer.com\/wp-content\/uploads\/2024\/07\/1000_F_144195189_OrmBsEtnJ5fyODQgeqEpfmisrwOGasIo.jpg","contentUrl":"https:\/\/nuevo-renacer.com\/wp-content\/uploads\/2024\/07\/1000_F_144195189_OrmBsEtnJ5fyODQgeqEpfmisrwOGasIo.jpg","width":1000,"height":500},{"@type":"BreadcrumbList","@id":"https:\/\/nuevo-renacer.com\/la-mision-del-espiritismo\/#breadcrumb","itemListElement":[{"@type":"ListItem","position":1,"name":"Startseite","item":"https:\/\/nuevo-renacer.com\/"},{"@type":"ListItem","position":2,"name":"La Misi\u00f3n del Espiritismo"}]},{"@type":"WebSite","@id":"https:\/\/nuevo-renacer.com\/#website","url":"https:\/\/nuevo-renacer.com\/","name":"Uni\u00f3n Esp\u00edrita","description":"Nuevo Renacer","publisher":{"@id":"https:\/\/nuevo-renacer.com\/#organization"},"potentialAction":[{"@type":"SearchAction","target":{"@type":"EntryPoint","urlTemplate":"https:\/\/nuevo-renacer.com\/?s={search_term_string}"},"query-input":{"@type":"PropertyValueSpecification","valueRequired":true,"valueName":"search_term_string"}}],"inLanguage":"it-IT"},{"@type":"Organization","@id":"https:\/\/nuevo-renacer.com\/#organization","name":"UFEC","url":"https:\/\/nuevo-renacer.com\/","logo":{"@type":"ImageObject","inLanguage":"it-IT","@id":"https:\/\/nuevo-renacer.com\/#\/schema\/logo\/image\/","url":"https:\/\/nuevo-renacer.com\/wp-content\/uploads\/2024\/05\/cropped-LOGO-TERMINADO1-3-3.png","contentUrl":"https:\/\/nuevo-renacer.com\/wp-content\/uploads\/2024\/05\/cropped-LOGO-TERMINADO1-3-3.png","width":512,"height":512,"caption":"UFEC"},"image":{"@id":"https:\/\/nuevo-renacer.com\/#\/schema\/logo\/image\/"},"sameAs":["https:\/\/www.facebook.com\/groups\/3431398063740829"]}]}},"uagb_featured_image_src":{"full":["https:\/\/nuevo-renacer.com\/wp-content\/uploads\/2024\/07\/1000_F_144195189_OrmBsEtnJ5fyODQgeqEpfmisrwOGasIo.jpg",1000,500,false],"thumbnail":["https:\/\/nuevo-renacer.com\/wp-content\/uploads\/2024\/07\/1000_F_144195189_OrmBsEtnJ5fyODQgeqEpfmisrwOGasIo-150x150.jpg",150,150,true],"medium":["https:\/\/nuevo-renacer.com\/wp-content\/uploads\/2024\/07\/1000_F_144195189_OrmBsEtnJ5fyODQgeqEpfmisrwOGasIo-300x150.jpg",300,150,true],"medium_large":["https:\/\/nuevo-renacer.com\/wp-content\/uploads\/2024\/07\/1000_F_144195189_OrmBsEtnJ5fyODQgeqEpfmisrwOGasIo-768x384.jpg",768,384,true],"large":["https:\/\/nuevo-renacer.com\/wp-content\/uploads\/2024\/07\/1000_F_144195189_OrmBsEtnJ5fyODQgeqEpfmisrwOGasIo.jpg",1000,500,false],"1536x1536":["https:\/\/nuevo-renacer.com\/wp-content\/uploads\/2024\/07\/1000_F_144195189_OrmBsEtnJ5fyODQgeqEpfmisrwOGasIo.jpg",1000,500,false],"2048x2048":["https:\/\/nuevo-renacer.com\/wp-content\/uploads\/2024\/07\/1000_F_144195189_OrmBsEtnJ5fyODQgeqEpfmisrwOGasIo.jpg",1000,500,false],"trp-custom-language-flag":["https:\/\/nuevo-renacer.com\/wp-content\/uploads\/2024\/07\/1000_F_144195189_OrmBsEtnJ5fyODQgeqEpfmisrwOGasIo-18x9.jpg",18,9,true]},"uagb_author_info":{"display_name":"adbv0","author_link":"https:\/\/nuevo-renacer.com\/it\/author\/adbv0\/"},"uagb_comment_info":0,"uagb_excerpt":"La Misi\u00f3n del Espiritismo No viene el Espiritismo a derribar templo alguno, ni a conquistar uno a uno fieles del catolicismo; que entonces har\u00eda lo mismo que las dem\u00e1s religiones, que se disputan santones y milagrosas leyendas; canonj\u00edas y prebendas; cuentos y tradiciones. \u00a1Ah! No; est\u00e1 muy lejos de eso; porque la Escuela Espiritista, es&hellip;","jetpack_sharing_enabled":true,"_links":{"self":[{"href":"https:\/\/nuevo-renacer.com\/it\/wp-json\/wp\/v2\/pages\/3756","targetHints":{"allow":["GET"]}}],"collection":[{"href":"https:\/\/nuevo-renacer.com\/it\/wp-json\/wp\/v2\/pages"}],"about":[{"href":"https:\/\/nuevo-renacer.com\/it\/wp-json\/wp\/v2\/types\/page"}],"author":[{"embeddable":true,"href":"https:\/\/nuevo-renacer.com\/it\/wp-json\/wp\/v2\/users\/1"}],"replies":[{"embeddable":true,"href":"https:\/\/nuevo-renacer.com\/it\/wp-json\/wp\/v2\/comments?post=3756"}],"version-history":[{"count":2,"href":"https:\/\/nuevo-renacer.com\/it\/wp-json\/wp\/v2\/pages\/3756\/revisions"}],"predecessor-version":[{"id":8571,"href":"https:\/\/nuevo-renacer.com\/it\/wp-json\/wp\/v2\/pages\/3756\/revisions\/8571"}],"wp:featuredmedia":[{"embeddable":true,"href":"https:\/\/nuevo-renacer.com\/it\/wp-json\/wp\/v2\/media\/3757"}],"wp:attachment":[{"href":"https:\/\/nuevo-renacer.com\/it\/wp-json\/wp\/v2\/media?parent=3756"}],"curies":[{"name":"wp","href":"https:\/\/api.w.org\/{rel}","templated":true}]}}