{"id":3730,"date":"2024-07-12T08:56:05","date_gmt":"2024-07-12T08:56:05","guid":{"rendered":"https:\/\/ufec-mundial.com\/?page_id=3730"},"modified":"2024-07-12T08:56:08","modified_gmt":"2024-07-12T08:56:08","slug":"las-muertes-subitas","status":"publish","type":"page","link":"https:\/\/nuevo-renacer.com\/it\/las-muertes-subitas\/","title":{"rendered":"Las muertes s\u00fabitas"},"content":{"rendered":"<div class=\"wp-block-uagb-container uagb-block-d6e97165 alignfull uagb-is-root-container\"><div class=\"uagb-container-inner-blocks-wrap\">\n<p class=\"has-black-color has-text-color has-link-color has-medium-font-size wp-elements-bef8c44eb51a9016d8e9d802091fcbe1\"><strong>Las muertes s\u00fabitas<\/strong><\/p>\n<\/div><\/div>\n\n\n\n<div class=\"wp-block-uagb-container uagb-block-f898f5ec alignfull uagb-is-root-container\"><div class=\"uagb-container-inner-blocks-wrap\">\n<figure class=\"wp-block-image size-full is-resized\"><img fetchpriority=\"high\" decoding=\"async\" width=\"700\" height=\"400\" src=\"https:\/\/ufec-mundial.com\/wp-content\/uploads\/2024\/07\/11197_4761594_aihelpdaughter_updates.jpg\" alt=\"\" class=\"wp-image-3731\" style=\"width:448px;height:auto\" srcset=\"https:\/\/nuevo-renacer.com\/wp-content\/uploads\/2024\/07\/11197_4761594_aihelpdaughter_updates.jpg 700w, https:\/\/nuevo-renacer.com\/wp-content\/uploads\/2024\/07\/11197_4761594_aihelpdaughter_updates-300x171.jpg 300w, https:\/\/nuevo-renacer.com\/wp-content\/uploads\/2024\/07\/11197_4761594_aihelpdaughter_updates-18x10.jpg 18w\" sizes=\"(max-width: 700px) 100vw, 700px\" \/><\/figure>\n<\/div><\/div>\n\n\n\n<div class=\"wp-block-uagb-container uagb-block-e7d8156a alignfull uagb-is-root-container\"><div class=\"uagb-container-inner-blocks-wrap\">\n<p class=\"has-black-color has-text-color has-link-color has-small-font-size wp-elements-4537a8ffe0efaa090030cf69becff6bb\">Las muertes s\u00fabitas representan un duro golpe para familiares y amigos del fallecido. Pero sirven tambi\u00e9n de advertencia. Si bien es verdad que debemos vivir la vida con alegr\u00eda y Buena disposici\u00f3n, a\u00fan bajo los golpes de pruebas y dificultades, no por eso debemos olvidarnos de que no somos del mundo. S\u00ed, la verdad final es que no pertenecemos al mundo terreno, material. Pasamos r\u00e1pidamente por aqu\u00ed y seguimos nuestro camino espiritual. La muerte, seg\u00fan dec\u00eda el fil\u00f3sofo alem\u00e1n Martin Heidegger, es el momento en que el ser se completa. En el Espiritismo no es el ser, sino la existencia que se completa con la muerte.<\/p>\n\n\n\n<p class=\"has-black-color has-text-color has-link-color has-small-font-size wp-elements-d16627703edb8e9a8e417c17f50ec56f\">Cada vida en la Tierra, cada existencia del hombre en la Tierra es un proceso que se inicia en la cuna y termina en la sepultura. Muy bien lo dicen las Filosof\u00edas de la Existencia: el hombre es un proyecto. Unos alcanzan r\u00e1pido el blanco a trav\u00e9s de la Muerte s\u00fabita, otros lo alcanzan m\u00e1s lentamente, pero todos tendr\u00e1n que alcanzarlo, hoy o ma\u00f1ana. Es in\u00fatil pues, asustarnos o aturdirnos con el fen\u00f3meno de la muerte, que no es m\u00e1s que un fen\u00f3meno biol\u00f3gico. Todo lo que vive muere. Todo, no solo el hombre.<\/p>\n\n\n\n<p class=\"has-black-color has-text-color has-link-color has-small-font-size wp-elements-4b29cd5c110f941f8b871751a2abe222\">Algunos creen que la muerte s\u00fabita es peligrosa. Kardec muri\u00f3 as\u00ed, en pleno trabajo. Cuando la criatura vivi\u00f3 bien, la Muerte s\u00fabita es buena, es una liberaci\u00f3n inmediata del esp\u00edritu. Cuando la criatura no supo vivir, la muerte es siempre dif\u00edcil, representa una crisis en la vida del esp\u00edritu. Y en este caso, vivir bien es cumplir los deberes que le corresponden al hombre en la Tierra, no apegarse a las cosas materiales, como ense\u00f1a el Evangelio. Vivir bien, dec\u00eda el m\u00edstico hind\u00fa Ramakrishna, es vivir como la ama de leche en la casa del patrono. Vivir sabiendo que la casa y las personas no nos pertenecen.<\/p>\n\n\n\n<p class=\"has-black-color has-text-color has-link-color has-small-font-size wp-elements-5438b37914ee317341d37b2621c414d1\">S\u00f3lo el Espiritismo, hasta hoy, entre todas las doctrinas filos\u00f3ficas, religiosas y cient\u00edficas, investig\u00f3 objetivamente el fen\u00f3meno de la muerte y puede esclarecerlo. Muchas personas no creen en eso. Creen que los esp\u00edritas son unos lun\u00e1ticos, lo que hasta ahora no es malo, pues la luna tambi\u00e9n est\u00e1 dispuesta a ser conquistada. Esas personas no conocen la doctrina y no saben que ella se basa en las m\u00e1s rigurosas investigaciones cient\u00edficas. Los que quieran saber que es la muerte, como se procesa y lo que representa para el hombre, no tienen otro camino que estudiar el Espiritismo. Y eso no cuesta mucho, pues el Espiritismo ni siquiera exige que los que lo estudian se hagan esp\u00edritas.<\/p>\n<\/div><\/div>","protected":false},"excerpt":{"rendered":"<p>Las muertes s\u00fabitas Las muertes s\u00fabitas representan un duro golpe para familiares y amigos del fallecido. Pero sirven tambi\u00e9n de advertencia. Si bien es verdad que debemos vivir la vida con alegr\u00eda y Buena disposici\u00f3n, a\u00fan bajo los golpes de pruebas y dificultades, no por eso debemos olvidarnos de que no somos del mundo. S\u00ed, [&hellip;]<\/p>","protected":false},"author":1,"featured_media":3731,"parent":0,"menu_order":0,"comment_status":"closed","ping_status":"closed","template":"","meta":{"_uag_custom_page_level_css":"","site-sidebar-layout":"default","site-content-layout":"","ast-site-content-layout":"default","site-content-style":"default","site-sidebar-style":"default","ast-global-header-display":"","ast-banner-title-visibility":"","ast-main-header-display":"","ast-hfb-above-header-display":"","ast-hfb-below-header-display":"","ast-hfb-mobile-header-display":"","site-post-title":"disabled","ast-breadcrumbs-content":"","ast-featured-img":"","footer-sml-layout":"","theme-transparent-header-meta":"","adv-header-id-meta":"","stick-header-meta":"","header-above-stick-meta":"","header-main-stick-meta":"","header-below-stick-meta":"","astra-migrate-meta-layouts":"set","ast-page-background-enabled":"default","ast-page-background-meta":{"desktop":{"background-color":"var(--ast-global-color-4)","background-image":"","background-repeat":"repeat","background-position":"center center","background-size":"auto","background-attachment":"scroll","background-type":"","background-media":"","overlay-type":"","overlay-color":"","overlay-opacity":"","overlay-gradient":""},"tablet":{"background-color":"","background-image":"","background-repeat":"repeat","background-position":"center center","background-size":"auto","background-attachment":"scroll","background-type":"","background-media":"","overlay-type":"","overlay-color":"","overlay-opacity":"","overlay-gradient":""},"mobile":{"background-color":"","background-image":"","background-repeat":"repeat","background-position":"center center","background-size":"auto","background-attachment":"scroll","background-type":"","background-media":"","overlay-type":"","overlay-color":"","overlay-opacity":"","overlay-gradient":""}},"ast-content-background-meta":{"desktop":{"background-color":"var(--ast-global-color-5)","background-image":"","background-repeat":"repeat","background-position":"center center","background-size":"auto","background-attachment":"scroll","background-type":"","background-media":"","overlay-type":"","overlay-color":"","overlay-opacity":"","overlay-gradient":""},"tablet":{"background-color":"var(--ast-global-color-5)","background-image":"","background-repeat":"repeat","background-position":"center center","background-size":"auto","background-attachment":"scroll","background-type":"","background-media":"","overlay-type":"","overlay-color":"","overlay-opacity":"","overlay-gradient":""},"mobile":{"background-color":"var(--ast-global-color-5)","background-image":"","background-repeat":"repeat","background-position":"center center","background-size":"auto","background-attachment":"scroll","background-type":"","background-media":"","overlay-type":"","overlay-color":"","overlay-opacity":"","overlay-gradient":""}},"footnotes":""},"class_list":["post-3730","page","type-page","status-publish","has-post-thumbnail","hentry"],"yoast_head":"<!-- This site is optimized with the Yoast SEO Premium plugin v24.2 (Yoast SEO v24.6) - https:\/\/yoast.com\/wordpress\/plugins\/seo\/ -->\n<title>Las muertes s\u00fabitas - Uni\u00f3n Esp\u00edrita<\/title>\n<meta name=\"robots\" content=\"index, follow, max-snippet:-1, max-image-preview:large, max-video-preview:-1\" \/>\n<link rel=\"canonical\" href=\"https:\/\/nuevo-renacer.com\/it\/las-muertes-subitas\/\" \/>\n<meta property=\"og:locale\" content=\"it_IT\" \/>\n<meta property=\"og:type\" content=\"article\" \/>\n<meta property=\"og:title\" content=\"Las muertes s\u00fabitas\" \/>\n<meta property=\"og:description\" content=\"Las muertes s\u00fabitas Las muertes s\u00fabitas representan un duro golpe para familiares y amigos del fallecido. Pero sirven tambi\u00e9n de advertencia. Si bien es verdad que debemos vivir la vida con alegr\u00eda y Buena disposici\u00f3n, a\u00fan bajo los golpes de pruebas y dificultades, no por eso debemos olvidarnos de que no somos del mundo. S\u00ed, [&hellip;]\" \/>\n<meta property=\"og:url\" content=\"https:\/\/nuevo-renacer.com\/it\/las-muertes-subitas\/\" \/>\n<meta property=\"og:site_name\" content=\"Uni\u00f3n Esp\u00edrita\" \/>\n<meta property=\"article:publisher\" content=\"https:\/\/www.facebook.com\/groups\/3431398063740829\" \/>\n<meta property=\"article:modified_time\" content=\"2024-07-12T08:56:08+00:00\" \/>\n<meta property=\"og:image\" content=\"https:\/\/nuevo-renacer.com\/wp-content\/uploads\/2024\/07\/11197_4761594_aihelpdaughter_updates.jpg\" \/>\n\t<meta property=\"og:image:width\" content=\"700\" \/>\n\t<meta property=\"og:image:height\" content=\"400\" \/>\n\t<meta property=\"og:image:type\" content=\"image\/jpeg\" \/>\n<meta name=\"twitter:card\" content=\"summary_large_image\" \/>\n<meta name=\"twitter:label1\" content=\"Tempo di lettura stimato\" \/>\n\t<meta name=\"twitter:data1\" content=\"2 minuti\" \/>\n<script type=\"application\/ld+json\" class=\"yoast-schema-graph\">{\"@context\":\"https:\/\/schema.org\",\"@graph\":[{\"@type\":\"WebPage\",\"@id\":\"https:\/\/nuevo-renacer.com\/las-muertes-subitas\/\",\"url\":\"https:\/\/nuevo-renacer.com\/las-muertes-subitas\/\",\"name\":\"Las muertes s\u00fabitas - Uni\u00f3n Esp\u00edrita\",\"isPartOf\":{\"@id\":\"https:\/\/nuevo-renacer.com\/#website\"},\"primaryImageOfPage\":{\"@id\":\"https:\/\/nuevo-renacer.com\/las-muertes-subitas\/#primaryimage\"},\"image\":{\"@id\":\"https:\/\/nuevo-renacer.com\/las-muertes-subitas\/#primaryimage\"},\"thumbnailUrl\":\"https:\/\/nuevo-renacer.com\/wp-content\/uploads\/2024\/07\/11197_4761594_aihelpdaughter_updates.jpg\",\"datePublished\":\"2024-07-12T08:56:05+00:00\",\"dateModified\":\"2024-07-12T08:56:08+00:00\",\"breadcrumb\":{\"@id\":\"https:\/\/nuevo-renacer.com\/las-muertes-subitas\/#breadcrumb\"},\"inLanguage\":\"it-IT\",\"potentialAction\":[{\"@type\":\"ReadAction\",\"target\":[\"https:\/\/nuevo-renacer.com\/las-muertes-subitas\/\"]}]},{\"@type\":\"ImageObject\",\"inLanguage\":\"it-IT\",\"@id\":\"https:\/\/nuevo-renacer.com\/las-muertes-subitas\/#primaryimage\",\"url\":\"https:\/\/nuevo-renacer.com\/wp-content\/uploads\/2024\/07\/11197_4761594_aihelpdaughter_updates.jpg\",\"contentUrl\":\"https:\/\/nuevo-renacer.com\/wp-content\/uploads\/2024\/07\/11197_4761594_aihelpdaughter_updates.jpg\",\"width\":700,\"height\":400},{\"@type\":\"BreadcrumbList\",\"@id\":\"https:\/\/nuevo-renacer.com\/las-muertes-subitas\/#breadcrumb\",\"itemListElement\":[{\"@type\":\"ListItem\",\"position\":1,\"name\":\"Startseite\",\"item\":\"https:\/\/nuevo-renacer.com\/\"},{\"@type\":\"ListItem\",\"position\":2,\"name\":\"Las muertes s\u00fabitas\"}]},{\"@type\":\"WebSite\",\"@id\":\"https:\/\/nuevo-renacer.com\/#website\",\"url\":\"https:\/\/nuevo-renacer.com\/\",\"name\":\"Uni\u00f3n Esp\u00edrita\",\"description\":\"Nuevo Renacer\",\"publisher\":{\"@id\":\"https:\/\/nuevo-renacer.com\/#organization\"},\"potentialAction\":[{\"@type\":\"SearchAction\",\"target\":{\"@type\":\"EntryPoint\",\"urlTemplate\":\"https:\/\/nuevo-renacer.com\/?s={search_term_string}\"},\"query-input\":{\"@type\":\"PropertyValueSpecification\",\"valueRequired\":true,\"valueName\":\"search_term_string\"}}],\"inLanguage\":\"it-IT\"},{\"@type\":\"Organization\",\"@id\":\"https:\/\/nuevo-renacer.com\/#organization\",\"name\":\"UFEC\",\"url\":\"https:\/\/nuevo-renacer.com\/\",\"logo\":{\"@type\":\"ImageObject\",\"inLanguage\":\"it-IT\",\"@id\":\"https:\/\/nuevo-renacer.com\/#\/schema\/logo\/image\/\",\"url\":\"https:\/\/nuevo-renacer.com\/wp-content\/uploads\/2024\/05\/cropped-LOGO-TERMINADO1-3-3.png\",\"contentUrl\":\"https:\/\/nuevo-renacer.com\/wp-content\/uploads\/2024\/05\/cropped-LOGO-TERMINADO1-3-3.png\",\"width\":512,\"height\":512,\"caption\":\"UFEC\"},\"image\":{\"@id\":\"https:\/\/nuevo-renacer.com\/#\/schema\/logo\/image\/\"},\"sameAs\":[\"https:\/\/www.facebook.com\/groups\/3431398063740829\"]}]}<\/script>\n<!-- \/ Yoast SEO Premium plugin. -->","yoast_head_json":{"title":"Las muertes s\u00fabitas - Uni\u00f3n Esp\u00edrita","robots":{"index":"index","follow":"follow","max-snippet":"max-snippet:-1","max-image-preview":"max-image-preview:large","max-video-preview":"max-video-preview:-1"},"canonical":"https:\/\/nuevo-renacer.com\/it\/las-muertes-subitas\/","og_locale":"it_IT","og_type":"article","og_title":"Las muertes s\u00fabitas","og_description":"Las muertes s\u00fabitas Las muertes s\u00fabitas representan un duro golpe para familiares y amigos del fallecido. Pero sirven tambi\u00e9n de advertencia. Si bien es verdad que debemos vivir la vida con alegr\u00eda y Buena disposici\u00f3n, a\u00fan bajo los golpes de pruebas y dificultades, no por eso debemos olvidarnos de que no somos del mundo. S\u00ed, [&hellip;]","og_url":"https:\/\/nuevo-renacer.com\/it\/las-muertes-subitas\/","og_site_name":"Uni\u00f3n Esp\u00edrita","article_publisher":"https:\/\/www.facebook.com\/groups\/3431398063740829","article_modified_time":"2024-07-12T08:56:08+00:00","og_image":[{"width":700,"height":400,"url":"https:\/\/nuevo-renacer.com\/wp-content\/uploads\/2024\/07\/11197_4761594_aihelpdaughter_updates.jpg","type":"image\/jpeg"}],"twitter_card":"summary_large_image","twitter_misc":{"Tempo di lettura stimato":"2 minuti"},"schema":{"@context":"https:\/\/schema.org","@graph":[{"@type":"WebPage","@id":"https:\/\/nuevo-renacer.com\/las-muertes-subitas\/","url":"https:\/\/nuevo-renacer.com\/las-muertes-subitas\/","name":"Las muertes s\u00fabitas - Uni\u00f3n Esp\u00edrita","isPartOf":{"@id":"https:\/\/nuevo-renacer.com\/#website"},"primaryImageOfPage":{"@id":"https:\/\/nuevo-renacer.com\/las-muertes-subitas\/#primaryimage"},"image":{"@id":"https:\/\/nuevo-renacer.com\/las-muertes-subitas\/#primaryimage"},"thumbnailUrl":"https:\/\/nuevo-renacer.com\/wp-content\/uploads\/2024\/07\/11197_4761594_aihelpdaughter_updates.jpg","datePublished":"2024-07-12T08:56:05+00:00","dateModified":"2024-07-12T08:56:08+00:00","breadcrumb":{"@id":"https:\/\/nuevo-renacer.com\/las-muertes-subitas\/#breadcrumb"},"inLanguage":"it-IT","potentialAction":[{"@type":"ReadAction","target":["https:\/\/nuevo-renacer.com\/las-muertes-subitas\/"]}]},{"@type":"ImageObject","inLanguage":"it-IT","@id":"https:\/\/nuevo-renacer.com\/las-muertes-subitas\/#primaryimage","url":"https:\/\/nuevo-renacer.com\/wp-content\/uploads\/2024\/07\/11197_4761594_aihelpdaughter_updates.jpg","contentUrl":"https:\/\/nuevo-renacer.com\/wp-content\/uploads\/2024\/07\/11197_4761594_aihelpdaughter_updates.jpg","width":700,"height":400},{"@type":"BreadcrumbList","@id":"https:\/\/nuevo-renacer.com\/las-muertes-subitas\/#breadcrumb","itemListElement":[{"@type":"ListItem","position":1,"name":"Startseite","item":"https:\/\/nuevo-renacer.com\/"},{"@type":"ListItem","position":2,"name":"Las muertes s\u00fabitas"}]},{"@type":"WebSite","@id":"https:\/\/nuevo-renacer.com\/#website","url":"https:\/\/nuevo-renacer.com\/","name":"Uni\u00f3n Esp\u00edrita","description":"Nuevo Renacer","publisher":{"@id":"https:\/\/nuevo-renacer.com\/#organization"},"potentialAction":[{"@type":"SearchAction","target":{"@type":"EntryPoint","urlTemplate":"https:\/\/nuevo-renacer.com\/?s={search_term_string}"},"query-input":{"@type":"PropertyValueSpecification","valueRequired":true,"valueName":"search_term_string"}}],"inLanguage":"it-IT"},{"@type":"Organization","@id":"https:\/\/nuevo-renacer.com\/#organization","name":"UFEC","url":"https:\/\/nuevo-renacer.com\/","logo":{"@type":"ImageObject","inLanguage":"it-IT","@id":"https:\/\/nuevo-renacer.com\/#\/schema\/logo\/image\/","url":"https:\/\/nuevo-renacer.com\/wp-content\/uploads\/2024\/05\/cropped-LOGO-TERMINADO1-3-3.png","contentUrl":"https:\/\/nuevo-renacer.com\/wp-content\/uploads\/2024\/05\/cropped-LOGO-TERMINADO1-3-3.png","width":512,"height":512,"caption":"UFEC"},"image":{"@id":"https:\/\/nuevo-renacer.com\/#\/schema\/logo\/image\/"},"sameAs":["https:\/\/www.facebook.com\/groups\/3431398063740829"]}]}},"uagb_featured_image_src":{"full":["https:\/\/nuevo-renacer.com\/wp-content\/uploads\/2024\/07\/11197_4761594_aihelpdaughter_updates.jpg",700,400,false],"thumbnail":["https:\/\/nuevo-renacer.com\/wp-content\/uploads\/2024\/07\/11197_4761594_aihelpdaughter_updates-150x150.jpg",150,150,true],"medium":["https:\/\/nuevo-renacer.com\/wp-content\/uploads\/2024\/07\/11197_4761594_aihelpdaughter_updates-300x171.jpg",300,171,true],"medium_large":["https:\/\/nuevo-renacer.com\/wp-content\/uploads\/2024\/07\/11197_4761594_aihelpdaughter_updates.jpg",700,400,false],"large":["https:\/\/nuevo-renacer.com\/wp-content\/uploads\/2024\/07\/11197_4761594_aihelpdaughter_updates.jpg",700,400,false],"1536x1536":["https:\/\/nuevo-renacer.com\/wp-content\/uploads\/2024\/07\/11197_4761594_aihelpdaughter_updates.jpg",700,400,false],"2048x2048":["https:\/\/nuevo-renacer.com\/wp-content\/uploads\/2024\/07\/11197_4761594_aihelpdaughter_updates.jpg",700,400,false],"trp-custom-language-flag":["https:\/\/nuevo-renacer.com\/wp-content\/uploads\/2024\/07\/11197_4761594_aihelpdaughter_updates-18x10.jpg",18,10,true]},"uagb_author_info":{"display_name":"adbv0","author_link":"https:\/\/nuevo-renacer.com\/it\/author\/adbv0\/"},"uagb_comment_info":0,"uagb_excerpt":"Las muertes s\u00fabitas Las muertes s\u00fabitas representan un duro golpe para familiares y amigos del fallecido. Pero sirven tambi\u00e9n de advertencia. Si bien es verdad que debemos vivir la vida con alegr\u00eda y Buena disposici\u00f3n, a\u00fan bajo los golpes de pruebas y dificultades, no por eso debemos olvidarnos de que no somos del mundo. S\u00ed,&hellip;","jetpack_sharing_enabled":true,"_links":{"self":[{"href":"https:\/\/nuevo-renacer.com\/it\/wp-json\/wp\/v2\/pages\/3730","targetHints":{"allow":["GET"]}}],"collection":[{"href":"https:\/\/nuevo-renacer.com\/it\/wp-json\/wp\/v2\/pages"}],"about":[{"href":"https:\/\/nuevo-renacer.com\/it\/wp-json\/wp\/v2\/types\/page"}],"author":[{"embeddable":true,"href":"https:\/\/nuevo-renacer.com\/it\/wp-json\/wp\/v2\/users\/1"}],"replies":[{"embeddable":true,"href":"https:\/\/nuevo-renacer.com\/it\/wp-json\/wp\/v2\/comments?post=3730"}],"version-history":[{"count":1,"href":"https:\/\/nuevo-renacer.com\/it\/wp-json\/wp\/v2\/pages\/3730\/revisions"}],"predecessor-version":[{"id":3732,"href":"https:\/\/nuevo-renacer.com\/it\/wp-json\/wp\/v2\/pages\/3730\/revisions\/3732"}],"wp:featuredmedia":[{"embeddable":true,"href":"https:\/\/nuevo-renacer.com\/it\/wp-json\/wp\/v2\/media\/3731"}],"wp:attachment":[{"href":"https:\/\/nuevo-renacer.com\/it\/wp-json\/wp\/v2\/media?parent=3730"}],"curies":[{"name":"wp","href":"https:\/\/api.w.org\/{rel}","templated":true}]}}