{"id":3667,"date":"2024-07-11T11:06:05","date_gmt":"2024-07-11T11:06:05","guid":{"rendered":"https:\/\/ufec-mundial.com\/?page_id=3667"},"modified":"2025-05-23T09:48:45","modified_gmt":"2025-05-23T09:48:45","slug":"la-verdadera-caridad-segun-el-espiritismo","status":"publish","type":"page","link":"https:\/\/nuevo-renacer.com\/it\/la-verdadera-caridad-segun-el-espiritismo\/","title":{"rendered":"La verdadera caridad, seg\u00fan el Espiritismo"},"content":{"rendered":"<div class=\"wp-block-uagb-container uagb-block-6f2098b7 alignfull uagb-is-root-container\"><div class=\"uagb-container-inner-blocks-wrap\">\n<p class=\"has-black-color has-text-color has-link-color has-medium-font-size wp-elements-5a9a27f92373d60b1b52e59e14214c51\"><strong>La verdadera caridad, seg\u00fan el Espiritismo<\/strong><\/p>\n<\/div><\/div>\n\n\n\n<div class=\"wp-block-uagb-container uagb-block-7963da1f alignfull uagb-is-root-container\"><div class=\"uagb-container-inner-blocks-wrap\">\n<div class=\"wp-block-uagb-image alignleft uagb-block-9ad24a57 wp-block-uagb-image--layout-default wp-block-uagb-image--effect-static wp-block-uagb-image--align-left\"><figure class=\"wp-block-uagb-image__figure\"><img loading=\"lazy\" decoding=\"async\" srcset=\"https:\/\/nuevo-renacer.com\/wp-content\/uploads\/2024\/07\/Download-1.jpg ,https:\/\/ufec-mundial.com\/wp-content\/uploads\/2024\/07\/Download-1.jpg 780w, https:\/\/nuevo-renacer.com\/wp-content\/uploads\/2024\/07\/Download-1.jpg 360w\" sizes=\"auto, (max-width: 480px) 150px\" src=\"https:\/\/nuevo-renacer.com\/wp-content\/uploads\/2024\/07\/Download-1.jpg\" alt=\"\" class=\"uag-image-3668\" width=\"395\" height=\"181\" title=\"Download-1\" role=\"img\"\/><\/figure><\/div>\n<\/div><\/div>\n\n\n\n<div class=\"wp-block-uagb-container uagb-block-4fe15303 alignfull uagb-is-root-container\"><div class=\"uagb-container-inner-blocks-wrap\">\n<p class=\"has-black-color has-text-color has-link-color has-small-font-size wp-elements-c67230389e26cccc62f99763abcd92c3\">Caridad: t\u00e9rmino tan usado en todas partes, pero a\u00fan&nbsp;tan incomprendido.<\/p>\n\n\n\n<p class=\"has-black-color has-text-color has-link-color has-small-font-size wp-elements-5cebd9c80753f8fbd1579f1140523acc\">\u00bfQu\u00e9 ser\u00eda la verdadera Caridad, seg\u00fan el Espiritismo?<\/p>\n\n\n\n<p class=\"has-black-color has-text-color has-link-color has-small-font-size wp-elements-56a0ead3aeb65c0523bbafa00ecb52f2\">Para nosotros, los espiritistas, aparece en todas partes, en toda la literatura. Kardec la hizo base necesaria para toda felicidad, diciendo: \u201cfuera de la caridad no hay salvaci\u00f3n\u201d. La afirmaci\u00f3n, por supuesto, naci\u00f3 de una cierta oposici\u00f3n al dogmatismo religioso, que intentaba proclamar que la salvaci\u00f3n estaba en cada secta, de forma exclusivista e incluso ego\u00edsta, pero sigue siendo cierta, porque, sin caridad, no hay amor. para otros..<\/p>\n\n\n\n<p class=\"has-black-color has-text-color has-link-color has-small-font-size wp-elements-73598ff9ef1f8dca8ef17497de282873\">Sin embargo, el t\u00e9rmino&nbsp;caridad&nbsp;ha adquirido ahora la connotaci\u00f3n de asistencialismo, casi exclusivamente, convirti\u00e9ndose en sin\u00f3nimo de donaci\u00f3n material. Pero, para que podamos entenderlo realmente dentro del contexto esp\u00edrita, necesitamos remontarnos al contexto de Allan Kardec, en Francia a mediados de la d\u00e9cada de 1850:<\/p>\n\n\n\n<p class=\"has-black-color has-text-color has-link-color has-small-font-size wp-elements-8f19a0c575bb016fbb62dd5dc5491363\"><em>Es importante resaltar que el t\u00e9rmino caridad utilizado por Kardec, para el Espiritismo Racional, en aquella \u00e9poca (diferente de la definici\u00f3n actual del t\u00e9rmino, cercana al asistencialismo), representaba&nbsp;actuar por deber, es decir, libre, consciente, intencionalmente, independientemente de castigos y recompensas, con plena comprensi\u00f3n de la ley moral.&nbsp;La caridad es un principio que orienta la acci\u00f3n integral del ser, y no una actividad complementaria, como si fuera una conducta accesoria.&nbsp;[\u2026].<\/em><\/p>\n\n\n\n<p class=\"has-black-color has-text-color has-link-color has-small-font-size wp-elements-0e2d26749614c93242b3b408286bdedf\">Paulo Henrique de Figueiredo &#8211; El legado de Allan Kardec<\/p>\n\n\n\n<p class=\"has-black-color has-text-color has-link-color has-small-font-size wp-elements-ef69e88880e9c725df6ed0975787e712\">Vemos as\u00ed que la caridad, bien entendida, debe constituir el&nbsp;ser &#8211; estar, la forma de proceder, y no limitarse a acciones aisladas que, a menudo, hablan m\u00e1s de la necesidad de ser visto como una \u201cpersona caritativa\u201d, situaci\u00f3n en la que no hay verdadera caridad, sino s\u00f3lo ego y vanidad. M\u00e1s que eso, la caridad no se limita a donaciones materiales. De hecho, dir\u00eda que es, la mayor\u00eda de las veces, lo opuesto a la donaci\u00f3n material, ya que quien dona materialmente, ya sea dinero, alimentos, cosas, muchas veces lo hace como una forma de&nbsp;alivio de conciencia.<\/p>\n\n\n\n<p class=\"has-black-color has-text-color has-link-color has-small-font-size wp-elements-0d8a6b83022a541ac7d7d55b03269ba8\">El mismo Cristo ejemplifica, en la \u201cpar\u00e1bola del \u00f3bolo de la viuda\u201d, que la verdadera intenci\u00f3n, o, si se quiere, la fe, es la que m\u00e1s habla. Mucha gente dona dinero u otros recursos queriendo&nbsp;De Verdad&nbsp;haciendo el bien y, por supuesto, eso cuenta mucho. Pero cu\u00e1ntas veces nos limitamos a hacer una donaci\u00f3n material, sin siquiera reflexionar sobre lo que estamos haciendo y sobre la situaci\u00f3n real de esa persona que nos pide, en un acto [enga\u00f1oso], casi siempre, de librarnos de ir m\u00e1s all\u00e1, o solo&nbsp;\u00bfSentirse bien?<\/p>\n\n\n\n<p class=\"has-black-color has-text-color has-link-color has-small-font-size wp-elements-4b1c5dfdb7281e68276946608a4652fa\">Pensemos: \u00bfcu\u00e1ntas personas utilizan las donaciones para, mediante la reventa de recursos, obtener dinero para adquirir medicamentos? \u00bfCu\u00e1ntas personas, teniendo recursos f\u00e1ciles a su disposici\u00f3n, se lanzan a los peores vicios y al despilfarro, cavando cada vez m\u00e1s profundamente en el mismo agujero en el que se est\u00e1n hundiendo? \u00bfDar a estas personas de forma regular realmente ayuda a sus situaciones? \u00bfPodr\u00eda ser realmente que si los ricos simplemente regalaran sus fortunas, la miseria humana terminar\u00eda?<\/p>\n\n\n\n<p class=\"has-black-color has-text-color has-link-color has-small-font-size wp-elements-1fe96545e0c93e3e15f1e35d19e84bf9\">De ninguna manera digo que no debemos donar recursos materiales; pero pensemos m\u00e1s all\u00e1, analizando cada situaci\u00f3n y buscando ser fraternos con el hermano que nos busca, preocup\u00e1ndonos realmente por la situaci\u00f3n de esa persona. A menudo, una simple pregunta como \u201c\u00bfPor qu\u00e9 est\u00e1s en la calle, hermano? \u00bfQu\u00e9 est\u00e1 pasando?\u201d puede allanar el camino para una relaci\u00f3n mucho m\u00e1s fruct\u00edfera que, no lo olvidemos, beneficia&nbsp;ambos lados.<\/p>\n\n\n\n<p class=\"has-black-color has-text-color has-link-color has-small-font-size wp-elements-acaf408da97786eec111340b592916b9\">El individuo que realmente quiere hacer el bien no hace caridad una vez al mes o a la semana:&nbsp;Es&nbsp;amable, todo el tiempo. Y&nbsp;ser caritativo&nbsp;consiste en poner al otro por delante de nuestros propios deseos y necesidades. \u00bfCu\u00e1ntas veces, las personas que atraviesan los momentos m\u00e1s dif\u00edciles de su vida, encuentran la fuerza para hacer caridad regalando una sonrisa a quien llora a\u00fan m\u00e1s?<\/p>\n\n\n\n<p class=\"has-black-color has-text-color has-link-color has-small-font-size wp-elements-aeceba42106e25a81084b7964c86b912\">Cuando pensamos, por tanto, en la caridad, debemos pensar necesariamente en una cosa: ir m\u00e1s all\u00e1. Si donamos algo material, que esto sea s\u00f3lo la puerta para crear un v\u00ednculo y una apertura para profundizar la relaci\u00f3n con el hermano que puede estar sufriendo mucho. Pero, sobre todo, no olvidemos que la mayor caridad que podemos hacer a los dem\u00e1s es llevarles amor, fe y consuelo, especialmente a trav\u00e9s del ejemplo de alguien que vive lo que dice y no s\u00f3lo como quien lanza palabras al viento. .<\/p>\n\n\n\n<p class=\"has-black-color has-text-color has-link-color has-small-font-size wp-elements-36f67fa7e0427e9781ec20816037fe9a\">Es, por tanto, una especie de caridad hacia la humanidad que luchemos por nuestra propia superaci\u00f3n moral, buscando cambiarnos a la luz de lo que nos consuela y, en nuestro caso,&nbsp;estudiando con dedicaci\u00f3n el Espiritismo, una doctrina que, muchas veces en la vida,&nbsp;nos salv\u00f3 de malas decisiones&nbsp;o nos llev\u00f3 a mejores caminos. Aprendamos a difundirla sin escandalizar, es decir, sin iniciar conversaciones hablando de reencarnaci\u00f3n y obsesi\u00f3n, sino m\u00e1s bien presentando la filosof\u00eda tan reconfortante que se encuentra en esta Doctrina.<\/p>\n\n\n\n<p class=\"has-black-color has-text-color has-link-color has-small-font-size wp-elements-56ee9eece3912b393aba2e743e35b855\">Luego saldremos por la puerta y encontraremos gente por todas partes.&nbsp;necesitando, desesperadamente, por algo que los consuele, que los ayude a quitarse de la cabeza la idea de rendirse, que los ayude a atravesar las pruebas de la vida con&nbsp;fe inquebrantable&nbsp;y con firme determinaci\u00f3n. Casi siempre son personas dif\u00edciles, por el momento de&nbsp;crisis&nbsp;que viven, y \u00bfno ser\u00eda mayor caridad esforzarse por ayudarla, de manera persistente y fraterna, aun sabiendo que, muchas veces, experimentaremos dificultades en este contacto inicialmente dif\u00edcil?<\/p>\n\n\n\n<p class=\"has-black-color has-text-color has-link-color has-small-font-size wp-elements-3165d23a7187291905aa189068349290\">Cr\u00e9anme, hermanos: hacemos caridad&nbsp;mucho m\u00e1s grande&nbsp;dejando atr\u00e1s nuestras imperfecciones y esparciendo consuelos y conocimientos que pueden cambiar,&nbsp;para siempre, la direcci\u00f3n de un Esp\u00edritu, que simplemente donar una \u201ccosa\u201d, que \u00e9l usar\u00e1 y desechar\u00e1, mientras nosotros le damos la espalda y seguimos con nuestra vida, sin querer&nbsp;ir m\u00e1s all\u00e1.&nbsp;Despu\u00e9s de todo, \u00bfcu\u00e1l es el punto de donar una bolsa de arroz a alguien que pregunta en la puerta cuando no somos caritativos, incluso con nuestros propios familiares o nuestros subordinados en el trabajo?<\/p>\n<\/div><\/div>","protected":false},"excerpt":{"rendered":"<p>La verdadera caridad, seg\u00fan el Espiritismo Caridad: t\u00e9rmino tan usado en todas partes, pero a\u00fan&nbsp;tan incomprendido. \u00bfQu\u00e9 ser\u00eda la verdadera Caridad, seg\u00fan el Espiritismo? Para nosotros, los espiritistas, aparece en todas partes, en toda la literatura. Kardec la hizo base necesaria para toda felicidad, diciendo: \u201cfuera de la caridad no hay salvaci\u00f3n\u201d. La afirmaci\u00f3n, por [&hellip;]<\/p>","protected":false},"author":1,"featured_media":3668,"parent":0,"menu_order":0,"comment_status":"closed","ping_status":"closed","template":"","meta":{"_uag_custom_page_level_css":"","site-sidebar-layout":"default","site-content-layout":"","ast-site-content-layout":"default","site-content-style":"default","site-sidebar-style":"default","ast-global-header-display":"","ast-banner-title-visibility":"","ast-main-header-display":"","ast-hfb-above-header-display":"","ast-hfb-below-header-display":"","ast-hfb-mobile-header-display":"","site-post-title":"disabled","ast-breadcrumbs-content":"","ast-featured-img":"","footer-sml-layout":"","theme-transparent-header-meta":"","adv-header-id-meta":"","stick-header-meta":"","header-above-stick-meta":"","header-main-stick-meta":"","header-below-stick-meta":"","astra-migrate-meta-layouts":"set","ast-page-background-enabled":"default","ast-page-background-meta":{"desktop":{"background-color":"var(--ast-global-color-4)","background-image":"","background-repeat":"repeat","background-position":"center center","background-size":"auto","background-attachment":"scroll","background-type":"","background-media":"","overlay-type":"","overlay-color":"","overlay-opacity":"","overlay-gradient":""},"tablet":{"background-color":"","background-image":"","background-repeat":"repeat","background-position":"center center","background-size":"auto","background-attachment":"scroll","background-type":"","background-media":"","overlay-type":"","overlay-color":"","overlay-opacity":"","overlay-gradient":""},"mobile":{"background-color":"","background-image":"","background-repeat":"repeat","background-position":"center center","background-size":"auto","background-attachment":"scroll","background-type":"","background-media":"","overlay-type":"","overlay-color":"","overlay-opacity":"","overlay-gradient":""}},"ast-content-background-meta":{"desktop":{"background-color":"var(--ast-global-color-5)","background-image":"","background-repeat":"repeat","background-position":"center center","background-size":"auto","background-attachment":"scroll","background-type":"","background-media":"","overlay-type":"","overlay-color":"","overlay-opacity":"","overlay-gradient":""},"tablet":{"background-color":"var(--ast-global-color-5)","background-image":"","background-repeat":"repeat","background-position":"center center","background-size":"auto","background-attachment":"scroll","background-type":"","background-media":"","overlay-type":"","overlay-color":"","overlay-opacity":"","overlay-gradient":""},"mobile":{"background-color":"var(--ast-global-color-5)","background-image":"","background-repeat":"repeat","background-position":"center center","background-size":"auto","background-attachment":"scroll","background-type":"","background-media":"","overlay-type":"","overlay-color":"","overlay-opacity":"","overlay-gradient":""}},"footnotes":""},"class_list":["post-3667","page","type-page","status-publish","has-post-thumbnail","hentry"],"yoast_head":"<!-- This site is optimized with the Yoast SEO Premium plugin v24.2 (Yoast SEO v24.6) - https:\/\/yoast.com\/wordpress\/plugins\/seo\/ -->\n<title>La verdadera caridad, seg\u00fan el Espiritismo - Uni\u00f3n Esp\u00edrita<\/title>\n<meta name=\"robots\" content=\"index, follow, max-snippet:-1, max-image-preview:large, max-video-preview:-1\" \/>\n<link rel=\"canonical\" href=\"https:\/\/nuevo-renacer.com\/it\/la-verdadera-caridad-segun-el-espiritismo\/\" \/>\n<meta property=\"og:locale\" content=\"it_IT\" \/>\n<meta property=\"og:type\" content=\"article\" \/>\n<meta property=\"og:title\" content=\"La verdadera caridad, seg\u00fan el Espiritismo\" \/>\n<meta property=\"og:description\" content=\"La verdadera caridad, seg\u00fan el Espiritismo Caridad: t\u00e9rmino tan usado en todas partes, pero a\u00fan&nbsp;tan incomprendido. \u00bfQu\u00e9 ser\u00eda la verdadera Caridad, seg\u00fan el Espiritismo? Para nosotros, los espiritistas, aparece en todas partes, en toda la literatura. Kardec la hizo base necesaria para toda felicidad, diciendo: \u201cfuera de la caridad no hay salvaci\u00f3n\u201d. La afirmaci\u00f3n, por [&hellip;]\" \/>\n<meta property=\"og:url\" content=\"https:\/\/nuevo-renacer.com\/it\/la-verdadera-caridad-segun-el-espiritismo\/\" \/>\n<meta property=\"og:site_name\" content=\"Uni\u00f3n Esp\u00edrita\" \/>\n<meta property=\"article:publisher\" content=\"https:\/\/www.facebook.com\/groups\/3431398063740829\" \/>\n<meta property=\"article:modified_time\" content=\"2025-05-23T09:48:45+00:00\" \/>\n<meta property=\"og:image\" content=\"https:\/\/nuevo-renacer.com\/wp-content\/uploads\/2024\/07\/Download-1.jpg\" \/>\n\t<meta property=\"og:image:width\" content=\"259\" \/>\n\t<meta property=\"og:image:height\" content=\"194\" \/>\n\t<meta property=\"og:image:type\" content=\"image\/jpeg\" \/>\n<meta name=\"twitter:card\" content=\"summary_large_image\" \/>\n<meta name=\"twitter:label1\" content=\"Tempo di lettura stimato\" \/>\n\t<meta name=\"twitter:data1\" content=\"6 minuti\" \/>\n<script type=\"application\/ld+json\" class=\"yoast-schema-graph\">{\"@context\":\"https:\/\/schema.org\",\"@graph\":[{\"@type\":\"WebPage\",\"@id\":\"https:\/\/nuevo-renacer.com\/la-verdadera-caridad-segun-el-espiritismo\/\",\"url\":\"https:\/\/nuevo-renacer.com\/la-verdadera-caridad-segun-el-espiritismo\/\",\"name\":\"La verdadera caridad, seg\u00fan el Espiritismo - Uni\u00f3n Esp\u00edrita\",\"isPartOf\":{\"@id\":\"https:\/\/nuevo-renacer.com\/#website\"},\"primaryImageOfPage\":{\"@id\":\"https:\/\/nuevo-renacer.com\/la-verdadera-caridad-segun-el-espiritismo\/#primaryimage\"},\"image\":{\"@id\":\"https:\/\/nuevo-renacer.com\/la-verdadera-caridad-segun-el-espiritismo\/#primaryimage\"},\"thumbnailUrl\":\"https:\/\/nuevo-renacer.com\/wp-content\/uploads\/2024\/07\/Download-1.jpg\",\"datePublished\":\"2024-07-11T11:06:05+00:00\",\"dateModified\":\"2025-05-23T09:48:45+00:00\",\"breadcrumb\":{\"@id\":\"https:\/\/nuevo-renacer.com\/la-verdadera-caridad-segun-el-espiritismo\/#breadcrumb\"},\"inLanguage\":\"it-IT\",\"potentialAction\":[{\"@type\":\"ReadAction\",\"target\":[\"https:\/\/nuevo-renacer.com\/la-verdadera-caridad-segun-el-espiritismo\/\"]}]},{\"@type\":\"ImageObject\",\"inLanguage\":\"it-IT\",\"@id\":\"https:\/\/nuevo-renacer.com\/la-verdadera-caridad-segun-el-espiritismo\/#primaryimage\",\"url\":\"https:\/\/nuevo-renacer.com\/wp-content\/uploads\/2024\/07\/Download-1.jpg\",\"contentUrl\":\"https:\/\/nuevo-renacer.com\/wp-content\/uploads\/2024\/07\/Download-1.jpg\",\"width\":259,\"height\":194},{\"@type\":\"BreadcrumbList\",\"@id\":\"https:\/\/nuevo-renacer.com\/la-verdadera-caridad-segun-el-espiritismo\/#breadcrumb\",\"itemListElement\":[{\"@type\":\"ListItem\",\"position\":1,\"name\":\"Startseite\",\"item\":\"https:\/\/nuevo-renacer.com\/\"},{\"@type\":\"ListItem\",\"position\":2,\"name\":\"La verdadera caridad, seg\u00fan el Espiritismo\"}]},{\"@type\":\"WebSite\",\"@id\":\"https:\/\/nuevo-renacer.com\/#website\",\"url\":\"https:\/\/nuevo-renacer.com\/\",\"name\":\"Uni\u00f3n Esp\u00edrita\",\"description\":\"Nuevo Renacer\",\"publisher\":{\"@id\":\"https:\/\/nuevo-renacer.com\/#organization\"},\"potentialAction\":[{\"@type\":\"SearchAction\",\"target\":{\"@type\":\"EntryPoint\",\"urlTemplate\":\"https:\/\/nuevo-renacer.com\/?s={search_term_string}\"},\"query-input\":{\"@type\":\"PropertyValueSpecification\",\"valueRequired\":true,\"valueName\":\"search_term_string\"}}],\"inLanguage\":\"it-IT\"},{\"@type\":\"Organization\",\"@id\":\"https:\/\/nuevo-renacer.com\/#organization\",\"name\":\"UFEC\",\"url\":\"https:\/\/nuevo-renacer.com\/\",\"logo\":{\"@type\":\"ImageObject\",\"inLanguage\":\"it-IT\",\"@id\":\"https:\/\/nuevo-renacer.com\/#\/schema\/logo\/image\/\",\"url\":\"https:\/\/nuevo-renacer.com\/wp-content\/uploads\/2024\/05\/cropped-LOGO-TERMINADO1-3-3.png\",\"contentUrl\":\"https:\/\/nuevo-renacer.com\/wp-content\/uploads\/2024\/05\/cropped-LOGO-TERMINADO1-3-3.png\",\"width\":512,\"height\":512,\"caption\":\"UFEC\"},\"image\":{\"@id\":\"https:\/\/nuevo-renacer.com\/#\/schema\/logo\/image\/\"},\"sameAs\":[\"https:\/\/www.facebook.com\/groups\/3431398063740829\"]}]}<\/script>\n<!-- \/ Yoast SEO Premium plugin. -->","yoast_head_json":{"title":"La verdadera caridad, seg\u00fan el Espiritismo - Uni\u00f3n Esp\u00edrita","robots":{"index":"index","follow":"follow","max-snippet":"max-snippet:-1","max-image-preview":"max-image-preview:large","max-video-preview":"max-video-preview:-1"},"canonical":"https:\/\/nuevo-renacer.com\/it\/la-verdadera-caridad-segun-el-espiritismo\/","og_locale":"it_IT","og_type":"article","og_title":"La verdadera caridad, seg\u00fan el Espiritismo","og_description":"La verdadera caridad, seg\u00fan el Espiritismo Caridad: t\u00e9rmino tan usado en todas partes, pero a\u00fan&nbsp;tan incomprendido. \u00bfQu\u00e9 ser\u00eda la verdadera Caridad, seg\u00fan el Espiritismo? Para nosotros, los espiritistas, aparece en todas partes, en toda la literatura. Kardec la hizo base necesaria para toda felicidad, diciendo: \u201cfuera de la caridad no hay salvaci\u00f3n\u201d. La afirmaci\u00f3n, por [&hellip;]","og_url":"https:\/\/nuevo-renacer.com\/it\/la-verdadera-caridad-segun-el-espiritismo\/","og_site_name":"Uni\u00f3n Esp\u00edrita","article_publisher":"https:\/\/www.facebook.com\/groups\/3431398063740829","article_modified_time":"2025-05-23T09:48:45+00:00","og_image":[{"width":259,"height":194,"url":"https:\/\/nuevo-renacer.com\/wp-content\/uploads\/2024\/07\/Download-1.jpg","type":"image\/jpeg"}],"twitter_card":"summary_large_image","twitter_misc":{"Tempo di lettura stimato":"6 minuti"},"schema":{"@context":"https:\/\/schema.org","@graph":[{"@type":"WebPage","@id":"https:\/\/nuevo-renacer.com\/la-verdadera-caridad-segun-el-espiritismo\/","url":"https:\/\/nuevo-renacer.com\/la-verdadera-caridad-segun-el-espiritismo\/","name":"La verdadera caridad, seg\u00fan el Espiritismo - Uni\u00f3n Esp\u00edrita","isPartOf":{"@id":"https:\/\/nuevo-renacer.com\/#website"},"primaryImageOfPage":{"@id":"https:\/\/nuevo-renacer.com\/la-verdadera-caridad-segun-el-espiritismo\/#primaryimage"},"image":{"@id":"https:\/\/nuevo-renacer.com\/la-verdadera-caridad-segun-el-espiritismo\/#primaryimage"},"thumbnailUrl":"https:\/\/nuevo-renacer.com\/wp-content\/uploads\/2024\/07\/Download-1.jpg","datePublished":"2024-07-11T11:06:05+00:00","dateModified":"2025-05-23T09:48:45+00:00","breadcrumb":{"@id":"https:\/\/nuevo-renacer.com\/la-verdadera-caridad-segun-el-espiritismo\/#breadcrumb"},"inLanguage":"it-IT","potentialAction":[{"@type":"ReadAction","target":["https:\/\/nuevo-renacer.com\/la-verdadera-caridad-segun-el-espiritismo\/"]}]},{"@type":"ImageObject","inLanguage":"it-IT","@id":"https:\/\/nuevo-renacer.com\/la-verdadera-caridad-segun-el-espiritismo\/#primaryimage","url":"https:\/\/nuevo-renacer.com\/wp-content\/uploads\/2024\/07\/Download-1.jpg","contentUrl":"https:\/\/nuevo-renacer.com\/wp-content\/uploads\/2024\/07\/Download-1.jpg","width":259,"height":194},{"@type":"BreadcrumbList","@id":"https:\/\/nuevo-renacer.com\/la-verdadera-caridad-segun-el-espiritismo\/#breadcrumb","itemListElement":[{"@type":"ListItem","position":1,"name":"Startseite","item":"https:\/\/nuevo-renacer.com\/"},{"@type":"ListItem","position":2,"name":"La verdadera caridad, seg\u00fan el Espiritismo"}]},{"@type":"WebSite","@id":"https:\/\/nuevo-renacer.com\/#website","url":"https:\/\/nuevo-renacer.com\/","name":"Uni\u00f3n Esp\u00edrita","description":"Nuevo Renacer","publisher":{"@id":"https:\/\/nuevo-renacer.com\/#organization"},"potentialAction":[{"@type":"SearchAction","target":{"@type":"EntryPoint","urlTemplate":"https:\/\/nuevo-renacer.com\/?s={search_term_string}"},"query-input":{"@type":"PropertyValueSpecification","valueRequired":true,"valueName":"search_term_string"}}],"inLanguage":"it-IT"},{"@type":"Organization","@id":"https:\/\/nuevo-renacer.com\/#organization","name":"UFEC","url":"https:\/\/nuevo-renacer.com\/","logo":{"@type":"ImageObject","inLanguage":"it-IT","@id":"https:\/\/nuevo-renacer.com\/#\/schema\/logo\/image\/","url":"https:\/\/nuevo-renacer.com\/wp-content\/uploads\/2024\/05\/cropped-LOGO-TERMINADO1-3-3.png","contentUrl":"https:\/\/nuevo-renacer.com\/wp-content\/uploads\/2024\/05\/cropped-LOGO-TERMINADO1-3-3.png","width":512,"height":512,"caption":"UFEC"},"image":{"@id":"https:\/\/nuevo-renacer.com\/#\/schema\/logo\/image\/"},"sameAs":["https:\/\/www.facebook.com\/groups\/3431398063740829"]}]}},"uagb_featured_image_src":{"full":["https:\/\/nuevo-renacer.com\/wp-content\/uploads\/2024\/07\/Download-1.jpg",259,194,false],"thumbnail":["https:\/\/nuevo-renacer.com\/wp-content\/uploads\/2024\/07\/Download-1-150x150.jpg",150,150,true],"medium":["https:\/\/nuevo-renacer.com\/wp-content\/uploads\/2024\/07\/Download-1.jpg",259,194,false],"medium_large":["https:\/\/nuevo-renacer.com\/wp-content\/uploads\/2024\/07\/Download-1.jpg",259,194,false],"large":["https:\/\/nuevo-renacer.com\/wp-content\/uploads\/2024\/07\/Download-1.jpg",259,194,false],"1536x1536":["https:\/\/nuevo-renacer.com\/wp-content\/uploads\/2024\/07\/Download-1.jpg",259,194,false],"2048x2048":["https:\/\/nuevo-renacer.com\/wp-content\/uploads\/2024\/07\/Download-1.jpg",259,194,false],"trp-custom-language-flag":["https:\/\/nuevo-renacer.com\/wp-content\/uploads\/2024\/07\/Download-1-16x12.jpg",16,12,true]},"uagb_author_info":{"display_name":"adbv0","author_link":"https:\/\/nuevo-renacer.com\/it\/author\/adbv0\/"},"uagb_comment_info":0,"uagb_excerpt":"La verdadera caridad, seg\u00fan el Espiritismo Caridad: t\u00e9rmino tan usado en todas partes, pero a\u00fan&nbsp;tan incomprendido. \u00bfQu\u00e9 ser\u00eda la verdadera Caridad, seg\u00fan el Espiritismo? Para nosotros, los espiritistas, aparece en todas partes, en toda la literatura. Kardec la hizo base necesaria para toda felicidad, diciendo: \u201cfuera de la caridad no hay salvaci\u00f3n\u201d. La afirmaci\u00f3n, por&hellip;","jetpack_sharing_enabled":true,"_links":{"self":[{"href":"https:\/\/nuevo-renacer.com\/it\/wp-json\/wp\/v2\/pages\/3667","targetHints":{"allow":["GET"]}}],"collection":[{"href":"https:\/\/nuevo-renacer.com\/it\/wp-json\/wp\/v2\/pages"}],"about":[{"href":"https:\/\/nuevo-renacer.com\/it\/wp-json\/wp\/v2\/types\/page"}],"author":[{"embeddable":true,"href":"https:\/\/nuevo-renacer.com\/it\/wp-json\/wp\/v2\/users\/1"}],"replies":[{"embeddable":true,"href":"https:\/\/nuevo-renacer.com\/it\/wp-json\/wp\/v2\/comments?post=3667"}],"version-history":[{"count":7,"href":"https:\/\/nuevo-renacer.com\/it\/wp-json\/wp\/v2\/pages\/3667\/revisions"}],"predecessor-version":[{"id":8185,"href":"https:\/\/nuevo-renacer.com\/it\/wp-json\/wp\/v2\/pages\/3667\/revisions\/8185"}],"wp:featuredmedia":[{"embeddable":true,"href":"https:\/\/nuevo-renacer.com\/it\/wp-json\/wp\/v2\/media\/3668"}],"wp:attachment":[{"href":"https:\/\/nuevo-renacer.com\/it\/wp-json\/wp\/v2\/media?parent=3667"}],"curies":[{"name":"wp","href":"https:\/\/api.w.org\/{rel}","templated":true}]}}