{"id":3643,"date":"2024-07-10T14:28:55","date_gmt":"2024-07-10T14:28:55","guid":{"rendered":"https:\/\/ufec-mundial.com\/?page_id=3643"},"modified":"2025-05-23T09:47:12","modified_gmt":"2025-05-23T09:47:12","slug":"por-que-los-espiritas-no-temen-a-la-muerte","status":"publish","type":"page","link":"https:\/\/nuevo-renacer.com\/it\/por-que-los-espiritas-no-temen-a-la-muerte\/","title":{"rendered":"Por qu\u00e9 los esp\u00edritas no temen a la muerte"},"content":{"rendered":"<div class=\"wp-block-uagb-container uagb-block-266ec40a alignfull uagb-is-root-container\"><div class=\"uagb-container-inner-blocks-wrap\">\n<p class=\"has-black-color has-text-color has-link-color has-medium-font-size wp-elements-ad8de132c25d8ffed7065972a9d29908\"><strong>Por qu\u00e9 los esp\u00edritas no temen a la muerte<\/strong><\/p>\n\n\n\n<p class=\"has-black-color has-text-color has-link-color has-medium-font-size wp-elements-f2a87306748dd808a53754cf8923cba9\"><strong>Del libro: El Cielo y el Infierno \u2013 Allan Kardec&nbsp;<\/strong><\/p>\n<\/div><\/div>\n\n\n\n<div class=\"wp-block-uagb-container uagb-block-a86c1c45 alignfull uagb-is-root-container\"><div class=\"uagb-container-inner-blocks-wrap\">\n<div class=\"wp-block-uagb-image alignleft uagb-block-cea64196 wp-block-uagb-image--layout-default wp-block-uagb-image--effect-static wp-block-uagb-image--align-left\"><figure class=\"wp-block-uagb-image__figure\"><img loading=\"lazy\" decoding=\"async\" srcset=\"https:\/\/nuevo-renacer.com\/wp-content\/uploads\/2024\/07\/33259436-schon-blumen-im-ein-sarg-beim-ein-beerdigung-ai-generiert-foto.jpg ,https:\/\/ufec-mundial.com\/wp-content\/uploads\/2024\/07\/33259436-schon-blumen-im-ein-sarg-beim-ein-beerdigung-ai-generiert-foto.jpg 780w, https:\/\/nuevo-renacer.com\/wp-content\/uploads\/2024\/07\/33259436-schon-blumen-im-ein-sarg-beim-ein-beerdigung-ai-generiert-foto.jpg 360w\" sizes=\"auto, (max-width: 480px) 150px\" src=\"https:\/\/nuevo-renacer.com\/wp-content\/uploads\/2024\/07\/33259436-schon-blumen-im-ein-sarg-beim-ein-beerdigung-ai-generiert-foto.jpg\" alt=\"\" class=\"uag-image-3644\" width=\"470\" height=\"313\" title=\"33259436-schon-blumen-im-ein-sarg-beim-ein-beerdigung-ai-generiert-foto\" role=\"img\"\/><\/figure><\/div>\n<\/div><\/div>\n\n\n\n<div class=\"wp-block-uagb-container uagb-block-2e05586e alignfull uagb-is-root-container\"><div class=\"uagb-container-inner-blocks-wrap\">\n<p class=\"has-black-color has-text-color has-link-color has-small-font-size wp-elements-0bbcfde3fc49fbd0a8c991f9fb605d20\">La doctrina esp\u00edrita modifica por completo la manera de encarar el porvenir. La vida futura ya no es una hip\u00f3tesis, sino una realidad. El estado de las almas despu\u00e9s de la muerte ya no es un sistema, sino el resultado de la observaci\u00f3n. El velo se ha descorrido: el mundo espiritual se nos aparece en la plenitud de su realidad pr\u00e1ctica. No fueron los hombres quienes lo descubrieron mediante el esfuerzo de una concepci\u00f3n ingeniosa, sino los mismos habitantes de ese mundo, que vienen a describirnos su situaci\u00f3n. As\u00ed es como los vemos en todos los grados de la escala espiritual, en todas las fases de la felicidad o de la desdicha; y asistimos a todas las peripecias de la vida de ultratumba. &nbsp;<\/p>\n\n\n\n<p class=\"has-black-color has-text-color has-link-color has-small-font-size wp-elements-6ce9cf2da52fcf47ce9084133aaa1aed\">Por esa causa los esp\u00edritas enfrentan la muerte con calma y se muestran serenos en sus \u00faltimos momentos sobre la Tierra. Ya no s\u00f3lo los consuela la esperanza, sino la certeza. Saben que la vida futura no es m\u00e1s que la continuaci\u00f3n de la vida presente, aunque en mejores condiciones, y la aguardan con la misma confianza con que aguardan la salida del sol despu\u00e9s de una noche tormentosa. Los motivos de esa confianza provienen de los hechos que han presenciado, y de la concordancia de esos hechos con la l\u00f3gica, con la justicia y la bondad de Dios, as\u00ed como con las aspiraciones \u00edntimas del hombre. Para los esp\u00edritas, el alma no es una abstracci\u00f3n: tiene un cuerpo et\u00e9reo que hace de ella un ser definido, capaz de ser concebido y abarcado con el pensamiento, lo que ya es mucho para fijar las ideas sobre su individualidad, sus aptitudes y sus percepciones.&nbsp;<\/p>\n\n\n\n<p class=\"has-black-color has-text-color has-link-color has-small-font-size wp-elements-11c6de22ea73b2e22a51d037cc632830\">El recuerdo de quienes nos son queridos reposa sobre algo real. Ya no los representamos como llamas fugaces que nada dicen al pensamiento, sino con una forma concreta que nos los muestra como seres vivos. Por otra parte, en vez de hallarse perdidos en las profundidades del espacio, est\u00e1n alrededor nuestro, puesto que el mundo corporal y el mundo espiritual se relacionan de modo perpetuo y se asisten rec\u00edprocamente. Como ya no se admite la duda acerca del porvenir, el miedo a la muerte pierde su raz\u00f3n de ser. El esp\u00edrita encara la muerte a sangre fr\u00eda. La ve venir como una liberaci\u00f3n, pues se trata de la puerta de la vida, y no de la nada.<\/p>\n<\/div><\/div>\n\n\n\n<div class=\"wp-block-uagb-container uagb-block-3a33abb2 alignfull uagb-is-root-container\"><div class=\"uagb-container-inner-blocks-wrap\"><\/div><\/div>\n\n\n\n<div class=\"wp-block-uagb-container uagb-block-40a2f6a5 alignfull uagb-is-root-container\"><div class=\"uagb-container-inner-blocks-wrap\"><\/div><\/div>","protected":false},"excerpt":{"rendered":"<p>Por qu\u00e9 los esp\u00edritas no temen a la muerte Del libro: El Cielo y el Infierno \u2013 Allan Kardec&nbsp; La doctrina esp\u00edrita modifica por completo la manera de encarar el porvenir. La vida futura ya no es una hip\u00f3tesis, sino una realidad. El estado de las almas despu\u00e9s de la muerte ya no es un [&hellip;]<\/p>","protected":false},"author":1,"featured_media":3644,"parent":0,"menu_order":0,"comment_status":"closed","ping_status":"closed","template":"","meta":{"_uag_custom_page_level_css":"","site-sidebar-layout":"default","site-content-layout":"","ast-site-content-layout":"default","site-content-style":"default","site-sidebar-style":"default","ast-global-header-display":"","ast-banner-title-visibility":"","ast-main-header-display":"","ast-hfb-above-header-display":"","ast-hfb-below-header-display":"","ast-hfb-mobile-header-display":"","site-post-title":"disabled","ast-breadcrumbs-content":"","ast-featured-img":"","footer-sml-layout":"","theme-transparent-header-meta":"","adv-header-id-meta":"","stick-header-meta":"","header-above-stick-meta":"","header-main-stick-meta":"","header-below-stick-meta":"","astra-migrate-meta-layouts":"set","ast-page-background-enabled":"default","ast-page-background-meta":{"desktop":{"background-color":"var(--ast-global-color-4)","background-image":"","background-repeat":"repeat","background-position":"center center","background-size":"auto","background-attachment":"scroll","background-type":"","background-media":"","overlay-type":"","overlay-color":"","overlay-opacity":"","overlay-gradient":""},"tablet":{"background-color":"","background-image":"","background-repeat":"repeat","background-position":"center center","background-size":"auto","background-attachment":"scroll","background-type":"","background-media":"","overlay-type":"","overlay-color":"","overlay-opacity":"","overlay-gradient":""},"mobile":{"background-color":"","background-image":"","background-repeat":"repeat","background-position":"center center","background-size":"auto","background-attachment":"scroll","background-type":"","background-media":"","overlay-type":"","overlay-color":"","overlay-opacity":"","overlay-gradient":""}},"ast-content-background-meta":{"desktop":{"background-color":"var(--ast-global-color-5)","background-image":"","background-repeat":"repeat","background-position":"center center","background-size":"auto","background-attachment":"scroll","background-type":"","background-media":"","overlay-type":"","overlay-color":"","overlay-opacity":"","overlay-gradient":""},"tablet":{"background-color":"var(--ast-global-color-5)","background-image":"","background-repeat":"repeat","background-position":"center center","background-size":"auto","background-attachment":"scroll","background-type":"","background-media":"","overlay-type":"","overlay-color":"","overlay-opacity":"","overlay-gradient":""},"mobile":{"background-color":"var(--ast-global-color-5)","background-image":"","background-repeat":"repeat","background-position":"center center","background-size":"auto","background-attachment":"scroll","background-type":"","background-media":"","overlay-type":"","overlay-color":"","overlay-opacity":"","overlay-gradient":""}},"footnotes":""},"class_list":["post-3643","page","type-page","status-publish","has-post-thumbnail","hentry"],"yoast_head":"<!-- This site is optimized with the Yoast SEO Premium plugin v24.2 (Yoast SEO v24.6) - https:\/\/yoast.com\/wordpress\/plugins\/seo\/ -->\n<title>Por qu\u00e9 los esp\u00edritas no temen a la muerte - Uni\u00f3n Esp\u00edrita<\/title>\n<meta name=\"robots\" content=\"index, follow, max-snippet:-1, max-image-preview:large, max-video-preview:-1\" \/>\n<link rel=\"canonical\" href=\"https:\/\/nuevo-renacer.com\/it\/por-que-los-espiritas-no-temen-a-la-muerte\/\" \/>\n<meta property=\"og:locale\" content=\"it_IT\" \/>\n<meta property=\"og:type\" content=\"article\" \/>\n<meta property=\"og:title\" content=\"Por qu\u00e9 los esp\u00edritas no temen a la muerte\" \/>\n<meta property=\"og:description\" content=\"Por qu\u00e9 los esp\u00edritas no temen a la muerte Del libro: El Cielo y el Infierno \u2013 Allan Kardec&nbsp; La doctrina esp\u00edrita modifica por completo la manera de encarar el porvenir. La vida futura ya no es una hip\u00f3tesis, sino una realidad. El estado de las almas despu\u00e9s de la muerte ya no es un [&hellip;]\" \/>\n<meta property=\"og:url\" content=\"https:\/\/nuevo-renacer.com\/it\/por-que-los-espiritas-no-temen-a-la-muerte\/\" \/>\n<meta property=\"og:site_name\" content=\"Uni\u00f3n Esp\u00edrita\" \/>\n<meta property=\"article:publisher\" content=\"https:\/\/www.facebook.com\/groups\/3431398063740829\" \/>\n<meta property=\"article:modified_time\" content=\"2025-05-23T09:47:12+00:00\" \/>\n<meta property=\"og:image\" content=\"https:\/\/nuevo-renacer.com\/wp-content\/uploads\/2024\/07\/33259436-schon-blumen-im-ein-sarg-beim-ein-beerdigung-ai-generiert-foto.jpg\" \/>\n\t<meta property=\"og:image:width\" content=\"600\" \/>\n\t<meta property=\"og:image:height\" content=\"400\" \/>\n\t<meta property=\"og:image:type\" content=\"image\/jpeg\" \/>\n<meta name=\"twitter:card\" content=\"summary_large_image\" \/>\n<meta name=\"twitter:label1\" content=\"Tempo di lettura stimato\" \/>\n\t<meta name=\"twitter:data1\" content=\"3 minuti\" \/>\n<script type=\"application\/ld+json\" class=\"yoast-schema-graph\">{\"@context\":\"https:\/\/schema.org\",\"@graph\":[{\"@type\":\"WebPage\",\"@id\":\"https:\/\/nuevo-renacer.com\/por-que-los-espiritas-no-temen-a-la-muerte\/\",\"url\":\"https:\/\/nuevo-renacer.com\/por-que-los-espiritas-no-temen-a-la-muerte\/\",\"name\":\"Por qu\u00e9 los esp\u00edritas no temen a la muerte - Uni\u00f3n Esp\u00edrita\",\"isPartOf\":{\"@id\":\"https:\/\/nuevo-renacer.com\/#website\"},\"primaryImageOfPage\":{\"@id\":\"https:\/\/nuevo-renacer.com\/por-que-los-espiritas-no-temen-a-la-muerte\/#primaryimage\"},\"image\":{\"@id\":\"https:\/\/nuevo-renacer.com\/por-que-los-espiritas-no-temen-a-la-muerte\/#primaryimage\"},\"thumbnailUrl\":\"https:\/\/nuevo-renacer.com\/wp-content\/uploads\/2024\/07\/33259436-schon-blumen-im-ein-sarg-beim-ein-beerdigung-ai-generiert-foto.jpg\",\"datePublished\":\"2024-07-10T14:28:55+00:00\",\"dateModified\":\"2025-05-23T09:47:12+00:00\",\"breadcrumb\":{\"@id\":\"https:\/\/nuevo-renacer.com\/por-que-los-espiritas-no-temen-a-la-muerte\/#breadcrumb\"},\"inLanguage\":\"it-IT\",\"potentialAction\":[{\"@type\":\"ReadAction\",\"target\":[\"https:\/\/nuevo-renacer.com\/por-que-los-espiritas-no-temen-a-la-muerte\/\"]}]},{\"@type\":\"ImageObject\",\"inLanguage\":\"it-IT\",\"@id\":\"https:\/\/nuevo-renacer.com\/por-que-los-espiritas-no-temen-a-la-muerte\/#primaryimage\",\"url\":\"https:\/\/nuevo-renacer.com\/wp-content\/uploads\/2024\/07\/33259436-schon-blumen-im-ein-sarg-beim-ein-beerdigung-ai-generiert-foto.jpg\",\"contentUrl\":\"https:\/\/nuevo-renacer.com\/wp-content\/uploads\/2024\/07\/33259436-schon-blumen-im-ein-sarg-beim-ein-beerdigung-ai-generiert-foto.jpg\",\"width\":600,\"height\":400},{\"@type\":\"BreadcrumbList\",\"@id\":\"https:\/\/nuevo-renacer.com\/por-que-los-espiritas-no-temen-a-la-muerte\/#breadcrumb\",\"itemListElement\":[{\"@type\":\"ListItem\",\"position\":1,\"name\":\"Startseite\",\"item\":\"https:\/\/nuevo-renacer.com\/\"},{\"@type\":\"ListItem\",\"position\":2,\"name\":\"Por qu\u00e9 los esp\u00edritas no temen a la muerte\"}]},{\"@type\":\"WebSite\",\"@id\":\"https:\/\/nuevo-renacer.com\/#website\",\"url\":\"https:\/\/nuevo-renacer.com\/\",\"name\":\"Uni\u00f3n Esp\u00edrita\",\"description\":\"Nuevo Renacer\",\"publisher\":{\"@id\":\"https:\/\/nuevo-renacer.com\/#organization\"},\"potentialAction\":[{\"@type\":\"SearchAction\",\"target\":{\"@type\":\"EntryPoint\",\"urlTemplate\":\"https:\/\/nuevo-renacer.com\/?s={search_term_string}\"},\"query-input\":{\"@type\":\"PropertyValueSpecification\",\"valueRequired\":true,\"valueName\":\"search_term_string\"}}],\"inLanguage\":\"it-IT\"},{\"@type\":\"Organization\",\"@id\":\"https:\/\/nuevo-renacer.com\/#organization\",\"name\":\"UFEC\",\"url\":\"https:\/\/nuevo-renacer.com\/\",\"logo\":{\"@type\":\"ImageObject\",\"inLanguage\":\"it-IT\",\"@id\":\"https:\/\/nuevo-renacer.com\/#\/schema\/logo\/image\/\",\"url\":\"https:\/\/nuevo-renacer.com\/wp-content\/uploads\/2024\/05\/cropped-LOGO-TERMINADO1-3-3.png\",\"contentUrl\":\"https:\/\/nuevo-renacer.com\/wp-content\/uploads\/2024\/05\/cropped-LOGO-TERMINADO1-3-3.png\",\"width\":512,\"height\":512,\"caption\":\"UFEC\"},\"image\":{\"@id\":\"https:\/\/nuevo-renacer.com\/#\/schema\/logo\/image\/\"},\"sameAs\":[\"https:\/\/www.facebook.com\/groups\/3431398063740829\"]}]}<\/script>\n<!-- \/ Yoast SEO Premium plugin. -->","yoast_head_json":{"title":"Por qu\u00e9 los esp\u00edritas no temen a la muerte - Uni\u00f3n Esp\u00edrita","robots":{"index":"index","follow":"follow","max-snippet":"max-snippet:-1","max-image-preview":"max-image-preview:large","max-video-preview":"max-video-preview:-1"},"canonical":"https:\/\/nuevo-renacer.com\/it\/por-que-los-espiritas-no-temen-a-la-muerte\/","og_locale":"it_IT","og_type":"article","og_title":"Por qu\u00e9 los esp\u00edritas no temen a la muerte","og_description":"Por qu\u00e9 los esp\u00edritas no temen a la muerte Del libro: El Cielo y el Infierno \u2013 Allan Kardec&nbsp; La doctrina esp\u00edrita modifica por completo la manera de encarar el porvenir. La vida futura ya no es una hip\u00f3tesis, sino una realidad. El estado de las almas despu\u00e9s de la muerte ya no es un [&hellip;]","og_url":"https:\/\/nuevo-renacer.com\/it\/por-que-los-espiritas-no-temen-a-la-muerte\/","og_site_name":"Uni\u00f3n Esp\u00edrita","article_publisher":"https:\/\/www.facebook.com\/groups\/3431398063740829","article_modified_time":"2025-05-23T09:47:12+00:00","og_image":[{"width":600,"height":400,"url":"https:\/\/nuevo-renacer.com\/wp-content\/uploads\/2024\/07\/33259436-schon-blumen-im-ein-sarg-beim-ein-beerdigung-ai-generiert-foto.jpg","type":"image\/jpeg"}],"twitter_card":"summary_large_image","twitter_misc":{"Tempo di lettura stimato":"3 minuti"},"schema":{"@context":"https:\/\/schema.org","@graph":[{"@type":"WebPage","@id":"https:\/\/nuevo-renacer.com\/por-que-los-espiritas-no-temen-a-la-muerte\/","url":"https:\/\/nuevo-renacer.com\/por-que-los-espiritas-no-temen-a-la-muerte\/","name":"Por qu\u00e9 los esp\u00edritas no temen a la muerte - Uni\u00f3n Esp\u00edrita","isPartOf":{"@id":"https:\/\/nuevo-renacer.com\/#website"},"primaryImageOfPage":{"@id":"https:\/\/nuevo-renacer.com\/por-que-los-espiritas-no-temen-a-la-muerte\/#primaryimage"},"image":{"@id":"https:\/\/nuevo-renacer.com\/por-que-los-espiritas-no-temen-a-la-muerte\/#primaryimage"},"thumbnailUrl":"https:\/\/nuevo-renacer.com\/wp-content\/uploads\/2024\/07\/33259436-schon-blumen-im-ein-sarg-beim-ein-beerdigung-ai-generiert-foto.jpg","datePublished":"2024-07-10T14:28:55+00:00","dateModified":"2025-05-23T09:47:12+00:00","breadcrumb":{"@id":"https:\/\/nuevo-renacer.com\/por-que-los-espiritas-no-temen-a-la-muerte\/#breadcrumb"},"inLanguage":"it-IT","potentialAction":[{"@type":"ReadAction","target":["https:\/\/nuevo-renacer.com\/por-que-los-espiritas-no-temen-a-la-muerte\/"]}]},{"@type":"ImageObject","inLanguage":"it-IT","@id":"https:\/\/nuevo-renacer.com\/por-que-los-espiritas-no-temen-a-la-muerte\/#primaryimage","url":"https:\/\/nuevo-renacer.com\/wp-content\/uploads\/2024\/07\/33259436-schon-blumen-im-ein-sarg-beim-ein-beerdigung-ai-generiert-foto.jpg","contentUrl":"https:\/\/nuevo-renacer.com\/wp-content\/uploads\/2024\/07\/33259436-schon-blumen-im-ein-sarg-beim-ein-beerdigung-ai-generiert-foto.jpg","width":600,"height":400},{"@type":"BreadcrumbList","@id":"https:\/\/nuevo-renacer.com\/por-que-los-espiritas-no-temen-a-la-muerte\/#breadcrumb","itemListElement":[{"@type":"ListItem","position":1,"name":"Startseite","item":"https:\/\/nuevo-renacer.com\/"},{"@type":"ListItem","position":2,"name":"Por qu\u00e9 los esp\u00edritas no temen a la muerte"}]},{"@type":"WebSite","@id":"https:\/\/nuevo-renacer.com\/#website","url":"https:\/\/nuevo-renacer.com\/","name":"Uni\u00f3n Esp\u00edrita","description":"Nuevo Renacer","publisher":{"@id":"https:\/\/nuevo-renacer.com\/#organization"},"potentialAction":[{"@type":"SearchAction","target":{"@type":"EntryPoint","urlTemplate":"https:\/\/nuevo-renacer.com\/?s={search_term_string}"},"query-input":{"@type":"PropertyValueSpecification","valueRequired":true,"valueName":"search_term_string"}}],"inLanguage":"it-IT"},{"@type":"Organization","@id":"https:\/\/nuevo-renacer.com\/#organization","name":"UFEC","url":"https:\/\/nuevo-renacer.com\/","logo":{"@type":"ImageObject","inLanguage":"it-IT","@id":"https:\/\/nuevo-renacer.com\/#\/schema\/logo\/image\/","url":"https:\/\/nuevo-renacer.com\/wp-content\/uploads\/2024\/05\/cropped-LOGO-TERMINADO1-3-3.png","contentUrl":"https:\/\/nuevo-renacer.com\/wp-content\/uploads\/2024\/05\/cropped-LOGO-TERMINADO1-3-3.png","width":512,"height":512,"caption":"UFEC"},"image":{"@id":"https:\/\/nuevo-renacer.com\/#\/schema\/logo\/image\/"},"sameAs":["https:\/\/www.facebook.com\/groups\/3431398063740829"]}]}},"uagb_featured_image_src":{"full":["https:\/\/nuevo-renacer.com\/wp-content\/uploads\/2024\/07\/33259436-schon-blumen-im-ein-sarg-beim-ein-beerdigung-ai-generiert-foto.jpg",600,400,false],"thumbnail":["https:\/\/nuevo-renacer.com\/wp-content\/uploads\/2024\/07\/33259436-schon-blumen-im-ein-sarg-beim-ein-beerdigung-ai-generiert-foto-150x150.jpg",150,150,true],"medium":["https:\/\/nuevo-renacer.com\/wp-content\/uploads\/2024\/07\/33259436-schon-blumen-im-ein-sarg-beim-ein-beerdigung-ai-generiert-foto-300x200.jpg",300,200,true],"medium_large":["https:\/\/nuevo-renacer.com\/wp-content\/uploads\/2024\/07\/33259436-schon-blumen-im-ein-sarg-beim-ein-beerdigung-ai-generiert-foto.jpg",600,400,false],"large":["https:\/\/nuevo-renacer.com\/wp-content\/uploads\/2024\/07\/33259436-schon-blumen-im-ein-sarg-beim-ein-beerdigung-ai-generiert-foto.jpg",600,400,false],"1536x1536":["https:\/\/nuevo-renacer.com\/wp-content\/uploads\/2024\/07\/33259436-schon-blumen-im-ein-sarg-beim-ein-beerdigung-ai-generiert-foto.jpg",600,400,false],"2048x2048":["https:\/\/nuevo-renacer.com\/wp-content\/uploads\/2024\/07\/33259436-schon-blumen-im-ein-sarg-beim-ein-beerdigung-ai-generiert-foto.jpg",600,400,false],"trp-custom-language-flag":["https:\/\/nuevo-renacer.com\/wp-content\/uploads\/2024\/07\/33259436-schon-blumen-im-ein-sarg-beim-ein-beerdigung-ai-generiert-foto-18x12.jpg",18,12,true]},"uagb_author_info":{"display_name":"adbv0","author_link":"https:\/\/nuevo-renacer.com\/it\/author\/adbv0\/"},"uagb_comment_info":0,"uagb_excerpt":"Por qu\u00e9 los esp\u00edritas no temen a la muerte Del libro: El Cielo y el Infierno \u2013 Allan Kardec&nbsp; La doctrina esp\u00edrita modifica por completo la manera de encarar el porvenir. La vida futura ya no es una hip\u00f3tesis, sino una realidad. El estado de las almas despu\u00e9s de la muerte ya no es un&hellip;","jetpack_sharing_enabled":true,"_links":{"self":[{"href":"https:\/\/nuevo-renacer.com\/it\/wp-json\/wp\/v2\/pages\/3643","targetHints":{"allow":["GET"]}}],"collection":[{"href":"https:\/\/nuevo-renacer.com\/it\/wp-json\/wp\/v2\/pages"}],"about":[{"href":"https:\/\/nuevo-renacer.com\/it\/wp-json\/wp\/v2\/types\/page"}],"author":[{"embeddable":true,"href":"https:\/\/nuevo-renacer.com\/it\/wp-json\/wp\/v2\/users\/1"}],"replies":[{"embeddable":true,"href":"https:\/\/nuevo-renacer.com\/it\/wp-json\/wp\/v2\/comments?post=3643"}],"version-history":[{"count":3,"href":"https:\/\/nuevo-renacer.com\/it\/wp-json\/wp\/v2\/pages\/3643\/revisions"}],"predecessor-version":[{"id":8184,"href":"https:\/\/nuevo-renacer.com\/it\/wp-json\/wp\/v2\/pages\/3643\/revisions\/8184"}],"wp:featuredmedia":[{"embeddable":true,"href":"https:\/\/nuevo-renacer.com\/it\/wp-json\/wp\/v2\/media\/3644"}],"wp:attachment":[{"href":"https:\/\/nuevo-renacer.com\/it\/wp-json\/wp\/v2\/media?parent=3643"}],"curies":[{"name":"wp","href":"https:\/\/api.w.org\/{rel}","templated":true}]}}