{"id":3612,"date":"2024-07-10T11:59:20","date_gmt":"2024-07-10T11:59:20","guid":{"rendered":"https:\/\/ufec-mundial.com\/?page_id=3612"},"modified":"2024-12-18T10:26:22","modified_gmt":"2024-12-18T10:26:22","slug":"espiritismo-consecuencia-de-la-doctrina-cristiana","status":"publish","type":"page","link":"https:\/\/nuevo-renacer.com\/it\/espiritismo-consecuencia-de-la-doctrina-cristiana\/","title":{"rendered":"Spiritismo: conseguenza della dottrina cristiana"},"content":{"rendered":"<div class=\"wp-block-uagb-container uagb-block-41ec24e1 alignfull uagb-is-root-container\"><div class=\"uagb-container-inner-blocks-wrap\">\n<p class=\"has-black-color has-text-color has-link-color has-medium-font-size wp-elements-539c6a4f831ccd87f5fa61452e784fdb\"><strong>Spiritismo: conseguenza della dottrina cristiana<\/strong><\/p>\n\n\n\n<p class=\"has-black-color has-text-color has-link-color has-medium-font-size wp-elements-23de0497bcae6613bfa86f5fce97e098\"><strong>Dal libro: La Genesi \u2013 Allan Kardec<\/strong><\/p>\n<\/div><\/div>\n\n\n\n<div class=\"wp-block-uagb-container uagb-block-7ac946fe alignfull uagb-is-root-container\"><div class=\"uagb-container-inner-blocks-wrap\">\n<figure class=\"wp-block-image size-large is-resized\"><img fetchpriority=\"high\" decoding=\"async\" width=\"1024\" height=\"585\" src=\"https:\/\/ufec-mundial.com\/wp-content\/uploads\/2024\/07\/ai-generated-8448318_1280-1024x585.webp\" alt=\"\" class=\"wp-image-3613\" style=\"width:466px;height:auto\" srcset=\"https:\/\/nuevo-renacer.com\/wp-content\/uploads\/2024\/07\/ai-generated-8448318_1280-1024x585.webp 1024w, https:\/\/nuevo-renacer.com\/wp-content\/uploads\/2024\/07\/ai-generated-8448318_1280-300x171.webp 300w, https:\/\/nuevo-renacer.com\/wp-content\/uploads\/2024\/07\/ai-generated-8448318_1280-768x439.webp 768w, https:\/\/nuevo-renacer.com\/wp-content\/uploads\/2024\/07\/ai-generated-8448318_1280-18x10.webp 18w, https:\/\/nuevo-renacer.com\/wp-content\/uploads\/2024\/07\/ai-generated-8448318_1280.webp 1280w\" sizes=\"(max-width: 1024px) 100vw, 1024px\" \/><\/figure>\n<\/div><\/div>\n\n\n\n<div class=\"wp-block-uagb-container uagb-block-5b37d649 alignfull uagb-is-root-container\"><div class=\"uagb-container-inner-blocks-wrap\">\n<p class=\"has-black-color has-text-color has-link-color has-small-font-size wp-elements-9b55e280c6dd5f5f98b887226666db48\">Lo spiritismo, che parte dalle parole stesse di Cristo, cos\u00ec come Cristo part\u00ec da quelle di Mos\u00e8, \u00e8 una conseguenza diretta della dottrina cristiana.<\/p>\n\n\n\n<p class=\"has-black-color has-text-color has-link-color has-small-font-size wp-elements-c5fd77af2c6a9309a122fd2305c90e79\">All'idea vaga della vita futura aggiunge la rivelazione dell'esistenza del mondo invisibile che ci circonda e popola lo spazio, e con ci\u00f2 determina in modo preciso la credenza; le d\u00e0 un corpo, una consistenza, una realt\u00e0 nel pensiero.<\/p>\n\n\n\n<p class=\"has-black-color has-text-color has-link-color has-small-font-size wp-elements-577455e1c7c7b70e72b8ee2aa8ec2005\">Definisce i legami che uniscono l'anima al corpo e solleva il velo che nascondeva agli uomini i misteri della nascita e della morte.<\/p>\n\n\n\n<p class=\"has-black-color has-text-color has-link-color has-small-font-size wp-elements-169f3b986618349ad865b307b9420019\">Attraverso lo spiritismo l'uomo sa da dove viene, dove va, perch\u00e9 \u00e8 sulla Terra, perch\u00e9 soffre temporaneamente, e vede ovunque la giustizia di Dio. Sa che l'anima progredisce incessantemente, attraverso una serie di esistenze successive, fino a raggiungere il grado di perfezione che la avvicina a Dio. Sa che tutte le anime, avendo lo stesso punto di origine, sono create uguali, con la stessa capacit\u00e0 di progredire, in virt\u00f9 del loro libero arbitrio; che tutte sono della stessa essenza e che non esiste alcuna differenza tra loro, se non per quanto riguarda il progresso compiuto; che tutte hanno lo stesso destino e raggiungeranno lo stesso obiettivo, pi\u00f9 o meno rapidamente, a seconda del loro lavoro e della loro buona volont\u00e0.<\/p>\n\n\n\n<p class=\"has-black-color has-text-color has-link-color has-small-font-size wp-elements-1f1422258989c3bb765bfafca45d222d\">Sappiate che non esistono creature diseredate, n\u00e9 alcune pi\u00f9 favorite di altre; che Dio non ha privilegiato la creazione di nessuna di esse, n\u00e9 ha dispensato nessuno dal lavoro imposto agli altri affinch\u00e9 progrediscano; che non esistono esseri perpetuamente consacrati al male e alla sofferenza; che quelli che vengono designati con il nome di demoni sono Spiriti imperfetti e ancora arretrati, che praticano il male nello stato di spiriti come lo praticavano quando erano uomini, ma che progrediranno e si perfezioneranno; che gli angeli o spiriti puri non sono esseri a parte nella Creazione, ma spiriti che hanno raggiunto la meta, dopo aver percorso passo dopo passo la via del progresso; che quindi non esistono creazioni multiple n\u00e9 categorie diverse tra gli esseri intelligenti, ma che ogni creazione \u00e8 il risultato della grande legge di unit\u00e0 che governa l'universo; sappia, infine, che tutti gli esseri gravitano verso un fine comune, che \u00e8 la perfezione, senza che alcuni siano favoriti a scapito di altri, poich\u00e9 tutti sono figli delle proprie opere.<\/p>\n\n\n\n<p class=\"has-black-color has-text-color has-link-color has-small-font-size wp-elements-d10c4413c108cbda0e03702c0a361656\">Grazie alle relazioni che ora pu\u00f2 stabilire con coloro che hanno lasciato la Terra, l'uomo possiede non solo la prova materiale dell'esistenza e dell'individualit\u00e0 dell'anima, ma comprende anche la solidariet\u00e0 che lega i vivi ai morti di questo mondo e quelli di questo mondo a quelli di altri pianeti. Conosce la loro situazione nel mondo degli Spiriti; li accompagna nelle loro migrazioni; \u00e8 testimone delle loro gioie e dei loro dolori; sa perch\u00e9 sono felici o infelici e conosce la sorte che gli \u00e8 riservata, a seconda del bene o del male che ha fatto. Queste relazioni lo introducono alla vita futura, che pu\u00f2 osservare in tutte le sue fasi, in tutte le sue vicissitudini; il futuro non \u00e8 pi\u00f9 una vaga speranza, ma un fatto positivo, una certezza matematica. Da quel momento in poi, la morte non ha pi\u00f9 nulla di terrificante per lui, perch\u00e9 significa liberazione, la porta della vera vita.<\/p>\n<\/div><\/div>\n\n\n\n<div class=\"wp-block-uagb-container uagb-block-73d5d64d alignfull uagb-is-root-container\"><div class=\"uagb-container-inner-blocks-wrap\"><\/div><\/div>\n\n\n\n<div class=\"wp-block-uagb-container uagb-block-8159e061 alignfull uagb-is-root-container\"><div class=\"uagb-container-inner-blocks-wrap\"><\/div><\/div>","protected":false},"excerpt":{"rendered":"<p>Espiritismo: Consecuencia de la doctrina cristiana Del libro: La G\u00e9nesis \u2013 Allan Kardec El espiritismo, que parte de las propias palabras de Cristo, como este parti\u00f3 de las de Mois\u00e9s, es una consecuencia directa de la doctrina cristiana. A la idea vaga de la vida futura agrega la revelaci\u00f3n de la existencia del mundo invisible [&hellip;]<\/p>","protected":false},"author":1,"featured_media":3613,"parent":0,"menu_order":0,"comment_status":"closed","ping_status":"closed","template":"","meta":{"_uag_custom_page_level_css":"","site-sidebar-layout":"default","site-content-layout":"","ast-site-content-layout":"default","site-content-style":"default","site-sidebar-style":"default","ast-global-header-display":"","ast-banner-title-visibility":"","ast-main-header-display":"","ast-hfb-above-header-display":"","ast-hfb-below-header-display":"","ast-hfb-mobile-header-display":"","site-post-title":"disabled","ast-breadcrumbs-content":"","ast-featured-img":"","footer-sml-layout":"","theme-transparent-header-meta":"","adv-header-id-meta":"","stick-header-meta":"","header-above-stick-meta":"","header-main-stick-meta":"","header-below-stick-meta":"","astra-migrate-meta-layouts":"set","ast-page-background-enabled":"default","ast-page-background-meta":{"desktop":{"background-color":"var(--ast-global-color-4)","background-image":"","background-repeat":"repeat","background-position":"center center","background-size":"auto","background-attachment":"scroll","background-type":"","background-media":"","overlay-type":"","overlay-color":"","overlay-opacity":"","overlay-gradient":""},"tablet":{"background-color":"","background-image":"","background-repeat":"repeat","background-position":"center center","background-size":"auto","background-attachment":"scroll","background-type":"","background-media":"","overlay-type":"","overlay-color":"","overlay-opacity":"","overlay-gradient":""},"mobile":{"background-color":"","background-image":"","background-repeat":"repeat","background-position":"center center","background-size":"auto","background-attachment":"scroll","background-type":"","background-media":"","overlay-type":"","overlay-color":"","overlay-opacity":"","overlay-gradient":""}},"ast-content-background-meta":{"desktop":{"background-color":"var(--ast-global-color-5)","background-image":"","background-repeat":"repeat","background-position":"center center","background-size":"auto","background-attachment":"scroll","background-type":"","background-media":"","overlay-type":"","overlay-color":"","overlay-opacity":"","overlay-gradient":""},"tablet":{"background-color":"var(--ast-global-color-5)","background-image":"","background-repeat":"repeat","background-position":"center center","background-size":"auto","background-attachment":"scroll","background-type":"","background-media":"","overlay-type":"","overlay-color":"","overlay-opacity":"","overlay-gradient":""},"mobile":{"background-color":"var(--ast-global-color-5)","background-image":"","background-repeat":"repeat","background-position":"center center","background-size":"auto","background-attachment":"scroll","background-type":"","background-media":"","overlay-type":"","overlay-color":"","overlay-opacity":"","overlay-gradient":""}},"footnotes":""},"class_list":["post-3612","page","type-page","status-publish","has-post-thumbnail","hentry"],"yoast_head":"<!-- This site is optimized with the Yoast SEO Premium plugin v24.2 (Yoast SEO v24.6) - https:\/\/yoast.com\/wordpress\/plugins\/seo\/ -->\n<title>Espiritismo: Consecuencia de la doctrina cristiana - Uni\u00f3n Esp\u00edrita<\/title>\n<meta name=\"robots\" content=\"index, follow, max-snippet:-1, max-image-preview:large, max-video-preview:-1\" \/>\n<link rel=\"canonical\" href=\"https:\/\/nuevo-renacer.com\/it\/espiritismo-consecuencia-de-la-doctrina-cristiana\/\" \/>\n<meta property=\"og:locale\" content=\"it_IT\" \/>\n<meta property=\"og:type\" content=\"article\" \/>\n<meta property=\"og:title\" content=\"Espiritismo: Consecuencia de la doctrina cristiana\" \/>\n<meta property=\"og:description\" content=\"Espiritismo: Consecuencia de la doctrina cristiana Del libro: La G\u00e9nesis \u2013 Allan Kardec El espiritismo, que parte de las propias palabras de Cristo, como este parti\u00f3 de las de Mois\u00e9s, es una consecuencia directa de la doctrina cristiana. A la idea vaga de la vida futura agrega la revelaci\u00f3n de la existencia del mundo invisible [&hellip;]\" \/>\n<meta property=\"og:url\" content=\"https:\/\/nuevo-renacer.com\/it\/espiritismo-consecuencia-de-la-doctrina-cristiana\/\" \/>\n<meta property=\"og:site_name\" content=\"Uni\u00f3n Esp\u00edrita\" \/>\n<meta property=\"article:publisher\" content=\"https:\/\/www.facebook.com\/groups\/3431398063740829\" \/>\n<meta property=\"article:modified_time\" content=\"2024-12-18T10:26:22+00:00\" \/>\n<meta property=\"og:image\" content=\"https:\/\/nuevo-renacer.com\/wp-content\/uploads\/2024\/07\/ai-generated-8448318_1280.webp\" \/>\n\t<meta property=\"og:image:width\" content=\"1280\" \/>\n\t<meta property=\"og:image:height\" content=\"731\" \/>\n\t<meta property=\"og:image:type\" content=\"image\/webp\" \/>\n<meta name=\"twitter:card\" content=\"summary_large_image\" \/>\n<meta name=\"twitter:label1\" content=\"Tempo di lettura stimato\" \/>\n\t<meta name=\"twitter:data1\" content=\"3 minuti\" \/>\n<script type=\"application\/ld+json\" class=\"yoast-schema-graph\">{\"@context\":\"https:\/\/schema.org\",\"@graph\":[{\"@type\":\"WebPage\",\"@id\":\"https:\/\/nuevo-renacer.com\/espiritismo-consecuencia-de-la-doctrina-cristiana\/\",\"url\":\"https:\/\/nuevo-renacer.com\/espiritismo-consecuencia-de-la-doctrina-cristiana\/\",\"name\":\"Espiritismo: Consecuencia de la doctrina cristiana - Uni\u00f3n Esp\u00edrita\",\"isPartOf\":{\"@id\":\"https:\/\/nuevo-renacer.com\/#website\"},\"primaryImageOfPage\":{\"@id\":\"https:\/\/nuevo-renacer.com\/espiritismo-consecuencia-de-la-doctrina-cristiana\/#primaryimage\"},\"image\":{\"@id\":\"https:\/\/nuevo-renacer.com\/espiritismo-consecuencia-de-la-doctrina-cristiana\/#primaryimage\"},\"thumbnailUrl\":\"https:\/\/nuevo-renacer.com\/wp-content\/uploads\/2024\/07\/ai-generated-8448318_1280.webp\",\"datePublished\":\"2024-07-10T11:59:20+00:00\",\"dateModified\":\"2024-12-18T10:26:22+00:00\",\"breadcrumb\":{\"@id\":\"https:\/\/nuevo-renacer.com\/espiritismo-consecuencia-de-la-doctrina-cristiana\/#breadcrumb\"},\"inLanguage\":\"it-IT\",\"potentialAction\":[{\"@type\":\"ReadAction\",\"target\":[\"https:\/\/nuevo-renacer.com\/espiritismo-consecuencia-de-la-doctrina-cristiana\/\"]}]},{\"@type\":\"ImageObject\",\"inLanguage\":\"it-IT\",\"@id\":\"https:\/\/nuevo-renacer.com\/espiritismo-consecuencia-de-la-doctrina-cristiana\/#primaryimage\",\"url\":\"https:\/\/nuevo-renacer.com\/wp-content\/uploads\/2024\/07\/ai-generated-8448318_1280.webp\",\"contentUrl\":\"https:\/\/nuevo-renacer.com\/wp-content\/uploads\/2024\/07\/ai-generated-8448318_1280.webp\",\"width\":1280,\"height\":731},{\"@type\":\"BreadcrumbList\",\"@id\":\"https:\/\/nuevo-renacer.com\/espiritismo-consecuencia-de-la-doctrina-cristiana\/#breadcrumb\",\"itemListElement\":[{\"@type\":\"ListItem\",\"position\":1,\"name\":\"Startseite\",\"item\":\"https:\/\/nuevo-renacer.com\/\"},{\"@type\":\"ListItem\",\"position\":2,\"name\":\"Espiritismo: Consecuencia de la doctrina cristiana\"}]},{\"@type\":\"WebSite\",\"@id\":\"https:\/\/nuevo-renacer.com\/#website\",\"url\":\"https:\/\/nuevo-renacer.com\/\",\"name\":\"Uni\u00f3n Esp\u00edrita\",\"description\":\"Nuevo Renacer\",\"publisher\":{\"@id\":\"https:\/\/nuevo-renacer.com\/#organization\"},\"potentialAction\":[{\"@type\":\"SearchAction\",\"target\":{\"@type\":\"EntryPoint\",\"urlTemplate\":\"https:\/\/nuevo-renacer.com\/?s={search_term_string}\"},\"query-input\":{\"@type\":\"PropertyValueSpecification\",\"valueRequired\":true,\"valueName\":\"search_term_string\"}}],\"inLanguage\":\"it-IT\"},{\"@type\":\"Organization\",\"@id\":\"https:\/\/nuevo-renacer.com\/#organization\",\"name\":\"UFEC\",\"url\":\"https:\/\/nuevo-renacer.com\/\",\"logo\":{\"@type\":\"ImageObject\",\"inLanguage\":\"it-IT\",\"@id\":\"https:\/\/nuevo-renacer.com\/#\/schema\/logo\/image\/\",\"url\":\"https:\/\/nuevo-renacer.com\/wp-content\/uploads\/2024\/05\/cropped-LOGO-TERMINADO1-3-3.png\",\"contentUrl\":\"https:\/\/nuevo-renacer.com\/wp-content\/uploads\/2024\/05\/cropped-LOGO-TERMINADO1-3-3.png\",\"width\":512,\"height\":512,\"caption\":\"UFEC\"},\"image\":{\"@id\":\"https:\/\/nuevo-renacer.com\/#\/schema\/logo\/image\/\"},\"sameAs\":[\"https:\/\/www.facebook.com\/groups\/3431398063740829\"]}]}<\/script>\n<!-- \/ Yoast SEO Premium plugin. -->","yoast_head_json":{"title":"Espiritismo: Consecuencia de la doctrina cristiana - Uni\u00f3n Esp\u00edrita","robots":{"index":"index","follow":"follow","max-snippet":"max-snippet:-1","max-image-preview":"max-image-preview:large","max-video-preview":"max-video-preview:-1"},"canonical":"https:\/\/nuevo-renacer.com\/it\/espiritismo-consecuencia-de-la-doctrina-cristiana\/","og_locale":"it_IT","og_type":"article","og_title":"Espiritismo: Consecuencia de la doctrina cristiana","og_description":"Espiritismo: Consecuencia de la doctrina cristiana Del libro: La G\u00e9nesis \u2013 Allan Kardec El espiritismo, que parte de las propias palabras de Cristo, como este parti\u00f3 de las de Mois\u00e9s, es una consecuencia directa de la doctrina cristiana. A la idea vaga de la vida futura agrega la revelaci\u00f3n de la existencia del mundo invisible [&hellip;]","og_url":"https:\/\/nuevo-renacer.com\/it\/espiritismo-consecuencia-de-la-doctrina-cristiana\/","og_site_name":"Uni\u00f3n Esp\u00edrita","article_publisher":"https:\/\/www.facebook.com\/groups\/3431398063740829","article_modified_time":"2024-12-18T10:26:22+00:00","og_image":[{"width":1280,"height":731,"url":"https:\/\/nuevo-renacer.com\/wp-content\/uploads\/2024\/07\/ai-generated-8448318_1280.webp","type":"image\/webp"}],"twitter_card":"summary_large_image","twitter_misc":{"Tempo di lettura stimato":"3 minuti"},"schema":{"@context":"https:\/\/schema.org","@graph":[{"@type":"WebPage","@id":"https:\/\/nuevo-renacer.com\/espiritismo-consecuencia-de-la-doctrina-cristiana\/","url":"https:\/\/nuevo-renacer.com\/espiritismo-consecuencia-de-la-doctrina-cristiana\/","name":"Espiritismo: Consecuencia de la doctrina cristiana - Uni\u00f3n Esp\u00edrita","isPartOf":{"@id":"https:\/\/nuevo-renacer.com\/#website"},"primaryImageOfPage":{"@id":"https:\/\/nuevo-renacer.com\/espiritismo-consecuencia-de-la-doctrina-cristiana\/#primaryimage"},"image":{"@id":"https:\/\/nuevo-renacer.com\/espiritismo-consecuencia-de-la-doctrina-cristiana\/#primaryimage"},"thumbnailUrl":"https:\/\/nuevo-renacer.com\/wp-content\/uploads\/2024\/07\/ai-generated-8448318_1280.webp","datePublished":"2024-07-10T11:59:20+00:00","dateModified":"2024-12-18T10:26:22+00:00","breadcrumb":{"@id":"https:\/\/nuevo-renacer.com\/espiritismo-consecuencia-de-la-doctrina-cristiana\/#breadcrumb"},"inLanguage":"it-IT","potentialAction":[{"@type":"ReadAction","target":["https:\/\/nuevo-renacer.com\/espiritismo-consecuencia-de-la-doctrina-cristiana\/"]}]},{"@type":"ImageObject","inLanguage":"it-IT","@id":"https:\/\/nuevo-renacer.com\/espiritismo-consecuencia-de-la-doctrina-cristiana\/#primaryimage","url":"https:\/\/nuevo-renacer.com\/wp-content\/uploads\/2024\/07\/ai-generated-8448318_1280.webp","contentUrl":"https:\/\/nuevo-renacer.com\/wp-content\/uploads\/2024\/07\/ai-generated-8448318_1280.webp","width":1280,"height":731},{"@type":"BreadcrumbList","@id":"https:\/\/nuevo-renacer.com\/espiritismo-consecuencia-de-la-doctrina-cristiana\/#breadcrumb","itemListElement":[{"@type":"ListItem","position":1,"name":"Startseite","item":"https:\/\/nuevo-renacer.com\/"},{"@type":"ListItem","position":2,"name":"Espiritismo: Consecuencia de la doctrina cristiana"}]},{"@type":"WebSite","@id":"https:\/\/nuevo-renacer.com\/#website","url":"https:\/\/nuevo-renacer.com\/","name":"Uni\u00f3n Esp\u00edrita","description":"Nuevo Renacer","publisher":{"@id":"https:\/\/nuevo-renacer.com\/#organization"},"potentialAction":[{"@type":"SearchAction","target":{"@type":"EntryPoint","urlTemplate":"https:\/\/nuevo-renacer.com\/?s={search_term_string}"},"query-input":{"@type":"PropertyValueSpecification","valueRequired":true,"valueName":"search_term_string"}}],"inLanguage":"it-IT"},{"@type":"Organization","@id":"https:\/\/nuevo-renacer.com\/#organization","name":"UFEC","url":"https:\/\/nuevo-renacer.com\/","logo":{"@type":"ImageObject","inLanguage":"it-IT","@id":"https:\/\/nuevo-renacer.com\/#\/schema\/logo\/image\/","url":"https:\/\/nuevo-renacer.com\/wp-content\/uploads\/2024\/05\/cropped-LOGO-TERMINADO1-3-3.png","contentUrl":"https:\/\/nuevo-renacer.com\/wp-content\/uploads\/2024\/05\/cropped-LOGO-TERMINADO1-3-3.png","width":512,"height":512,"caption":"UFEC"},"image":{"@id":"https:\/\/nuevo-renacer.com\/#\/schema\/logo\/image\/"},"sameAs":["https:\/\/www.facebook.com\/groups\/3431398063740829"]}]}},"uagb_featured_image_src":{"full":["https:\/\/nuevo-renacer.com\/wp-content\/uploads\/2024\/07\/ai-generated-8448318_1280.webp",1280,731,false],"thumbnail":["https:\/\/nuevo-renacer.com\/wp-content\/uploads\/2024\/07\/ai-generated-8448318_1280-150x150.webp",150,150,true],"medium":["https:\/\/nuevo-renacer.com\/wp-content\/uploads\/2024\/07\/ai-generated-8448318_1280-300x171.webp",300,171,true],"medium_large":["https:\/\/nuevo-renacer.com\/wp-content\/uploads\/2024\/07\/ai-generated-8448318_1280-768x439.webp",768,439,true],"large":["https:\/\/nuevo-renacer.com\/wp-content\/uploads\/2024\/07\/ai-generated-8448318_1280-1024x585.webp",1024,585,true],"1536x1536":["https:\/\/nuevo-renacer.com\/wp-content\/uploads\/2024\/07\/ai-generated-8448318_1280.webp",1280,731,false],"2048x2048":["https:\/\/nuevo-renacer.com\/wp-content\/uploads\/2024\/07\/ai-generated-8448318_1280.webp",1280,731,false],"trp-custom-language-flag":["https:\/\/nuevo-renacer.com\/wp-content\/uploads\/2024\/07\/ai-generated-8448318_1280-18x10.webp",18,10,true]},"uagb_author_info":{"display_name":"adbv0","author_link":"https:\/\/nuevo-renacer.com\/it\/author\/adbv0\/"},"uagb_comment_info":0,"uagb_excerpt":"Espiritismo: Consecuencia de la doctrina cristiana Del libro: La G\u00e9nesis \u2013 Allan Kardec El espiritismo, que parte de las propias palabras de Cristo, como este parti\u00f3 de las de Mois\u00e9s, es una consecuencia directa de la doctrina cristiana. A la idea vaga de la vida futura agrega la revelaci\u00f3n de la existencia del mundo invisible&hellip;","jetpack_sharing_enabled":true,"_links":{"self":[{"href":"https:\/\/nuevo-renacer.com\/it\/wp-json\/wp\/v2\/pages\/3612","targetHints":{"allow":["GET"]}}],"collection":[{"href":"https:\/\/nuevo-renacer.com\/it\/wp-json\/wp\/v2\/pages"}],"about":[{"href":"https:\/\/nuevo-renacer.com\/it\/wp-json\/wp\/v2\/types\/page"}],"author":[{"embeddable":true,"href":"https:\/\/nuevo-renacer.com\/it\/wp-json\/wp\/v2\/users\/1"}],"replies":[{"embeddable":true,"href":"https:\/\/nuevo-renacer.com\/it\/wp-json\/wp\/v2\/comments?post=3612"}],"version-history":[{"count":4,"href":"https:\/\/nuevo-renacer.com\/it\/wp-json\/wp\/v2\/pages\/3612\/revisions"}],"predecessor-version":[{"id":6555,"href":"https:\/\/nuevo-renacer.com\/it\/wp-json\/wp\/v2\/pages\/3612\/revisions\/6555"}],"wp:featuredmedia":[{"embeddable":true,"href":"https:\/\/nuevo-renacer.com\/it\/wp-json\/wp\/v2\/media\/3613"}],"wp:attachment":[{"href":"https:\/\/nuevo-renacer.com\/it\/wp-json\/wp\/v2\/media?parent=3612"}],"curies":[{"name":"wp","href":"https:\/\/api.w.org\/{rel}","templated":true}]}}