{"id":3590,"date":"2024-07-10T11:15:25","date_gmt":"2024-07-10T11:15:25","guid":{"rendered":"https:\/\/ufec-mundial.com\/?page_id=3590"},"modified":"2024-12-30T07:28:20","modified_gmt":"2024-12-30T07:28:20","slug":"sufrir-bien-y-sufrir-mal","status":"publish","type":"page","link":"https:\/\/nuevo-renacer.com\/it\/sufrir-bien-y-sufrir-mal\/","title":{"rendered":"Sufrir bien y sufrir mal"},"content":{"rendered":"<div class=\"wp-block-uagb-container uagb-block-cbfb419c alignfull uagb-is-root-container\"><div class=\"uagb-container-inner-blocks-wrap\">\n<p class=\"has-black-color has-text-color has-link-color has-medium-font-size wp-elements-935e30b6ba7a88040551fb02337c8481\"><strong>Sufrir bien y sufrir mal<\/strong><\/p>\n\n\n\n<p class=\"has-black-color has-text-color has-link-color has-medium-font-size wp-elements-ff0b961c60df0ce00d7eba6472de7fe3\"><strong>Del libro: El Evangelio seg\u00fan el espiritismo<\/strong> <strong>&#8211; Allan Kardec<\/strong><\/p>\n<\/div><\/div>\n\n\n\n<div class=\"wp-block-uagb-container uagb-block-8e2a08e6 alignfull uagb-is-root-container\"><div class=\"uagb-container-inner-blocks-wrap\">\n<figure class=\"wp-block-image size-full is-resized\"><img fetchpriority=\"high\" decoding=\"async\" width=\"800\" height=\"533\" src=\"https:\/\/ufec-mundial.com\/wp-content\/uploads\/2024\/07\/motivos-razones-sufrir-tristeza-sufrimiento-malestar-relaciones-amorosas-pareja.jpg\" alt=\"\" class=\"wp-image-3591\" style=\"width:405px;height:auto\" srcset=\"https:\/\/nuevo-renacer.com\/wp-content\/uploads\/2024\/07\/motivos-razones-sufrir-tristeza-sufrimiento-malestar-relaciones-amorosas-pareja.jpg 800w, https:\/\/nuevo-renacer.com\/wp-content\/uploads\/2024\/07\/motivos-razones-sufrir-tristeza-sufrimiento-malestar-relaciones-amorosas-pareja-300x200.jpg 300w, https:\/\/nuevo-renacer.com\/wp-content\/uploads\/2024\/07\/motivos-razones-sufrir-tristeza-sufrimiento-malestar-relaciones-amorosas-pareja-768x512.jpg 768w, https:\/\/nuevo-renacer.com\/wp-content\/uploads\/2024\/07\/motivos-razones-sufrir-tristeza-sufrimiento-malestar-relaciones-amorosas-pareja-18x12.jpg 18w\" sizes=\"(max-width: 800px) 100vw, 800px\" \/><\/figure>\n<\/div><\/div>\n\n\n\n<div class=\"wp-block-uagb-container uagb-block-eb269062 alignfull uagb-is-root-container\"><div class=\"uagb-container-inner-blocks-wrap\">\n<p class=\"has-black-color has-text-color has-link-color has-small-font-size wp-elements-e48bbdc5313e63a1f0c4b8606d881a5e\">Cuando Cristo dijo: \u201cBienaventurados los afligidos, porque de ellos es el reino de los Cielos\u201d, no se refer\u00eda de modo general a los que sufren, pues todos los que est\u00e1n en la Tierra sufren, tanto quienes ocupan un trono como los que duermen sobre la paja. No obstante, desgraciadamente, pocos son los que sufren bien. Pocos comprenden que s\u00f3lo las pruebas que se soportan bien son las que conducen al reino de Dios. El desaliento es una falta. Dios se reh\u00fasa a brindaros consuelo cuando os falta valor. La oraci\u00f3n es un sost\u00e9n para el alma, pero no basta: es preciso que se apoye en una fe viva en la bondad de Dios. Se os ha dicho a menudo que \u00c9l no deposita una pesada carga sobre espaldas d\u00e9biles. La carga es proporcional a las fuerzas, as\u00ed como la recompensa ser\u00e1 proporcional a la resignaci\u00f3n y al valor. La recompensa tendr\u00e1 tanto m\u00e1s valor cuanto m\u00e1s penosa haya sido la aflicci\u00f3n. Pero esa recompensa debe ser merecida, por eso en la vida abundan las tribulaciones.<\/p>\n\n\n\n<p class=\"has-black-color has-text-color has-link-color has-small-font-size wp-elements-0dea81c599cdd42cd3926a6e7c81b024\">El militar que no es enviado a las l\u00edneas de fuego no est\u00e1 satisfecho, porque el descanso en el campamento no es propicio para su ascenso. Sed, pues, como el militar, y no anhel\u00e9is un descanso con el que se entorpecer\u00eda vuestro cuerpo y se embotar\u00eda vuestra alma. Cuando Dios os env\u00ede a la lucha, poneos alegres. Esa lucha no consiste en el fuego de la batalla, sino en las amarguras de la vida, en las que a veces se necesita m\u00e1s valor que en un combate sangriento, pues quien se mantiene firme ante el enemigo puede flaquear bajo el peso de una pena moral. El hombre no recibe recompensa alguna para esa clase de valor, pero Dios le reserva la palma de la victoria y un lugar glorioso. Cuando teng\u00e1is un motivo para el sufrimiento o la contrariedad, intentad superarlo, y cuando llegu\u00e9is a dominar los impulsos de la impaciencia, de la c\u00f3lera o la desesperaci\u00f3n, dec\u00edos a vosotros mismos, con justa satisfacci\u00f3n: \u201cHe sido m\u00e1s fuerte\u201d.<\/p>\n\n\n\n<p class=\"has-black-color has-text-color has-link-color has-small-font-size wp-elements-548bae94a24acf2d98fb6c24369ba572\">Bienaventurados los afligidos puede, por consiguiente, traducirse de este modo: \u201cBienaventurados los que tienen ocasi\u00f3n de poner a prueba su fe, su firmeza, su perseverancia y su sumisi\u00f3n a la voluntad de Dios, porque obtendr\u00e1n centuplicada la alegr\u00eda que les falta en la Tierra, y a continuaci\u00f3n del trabajo vendr\u00e1 el descanso\u201d. (Lacordaire. El Havre, 1863.)<\/p>\n<\/div><\/div>\n\n\n\n<div class=\"wp-block-uagb-container uagb-block-482896ab alignfull uagb-is-root-container\"><div class=\"uagb-container-inner-blocks-wrap\"><\/div><\/div>\n\n\n\n<div class=\"wp-block-uagb-container uagb-block-8bd8b31f alignfull uagb-is-root-container\"><div class=\"uagb-container-inner-blocks-wrap\"><\/div><\/div>","protected":false},"excerpt":{"rendered":"<p>Sufrir bien y sufrir mal Del libro: El Evangelio seg\u00fan el espiritismo &#8211; Allan Kardec Cuando Cristo dijo: \u201cBienaventurados los afligidos, porque de ellos es el reino de los Cielos\u201d, no se refer\u00eda de modo general a los que sufren, pues todos los que est\u00e1n en la Tierra sufren, tanto quienes ocupan un trono como [&hellip;]<\/p>","protected":false},"author":1,"featured_media":3591,"parent":0,"menu_order":0,"comment_status":"closed","ping_status":"closed","template":"","meta":{"_uag_custom_page_level_css":"","site-sidebar-layout":"default","site-content-layout":"","ast-site-content-layout":"default","site-content-style":"default","site-sidebar-style":"default","ast-global-header-display":"","ast-banner-title-visibility":"","ast-main-header-display":"","ast-hfb-above-header-display":"","ast-hfb-below-header-display":"","ast-hfb-mobile-header-display":"","site-post-title":"disabled","ast-breadcrumbs-content":"","ast-featured-img":"","footer-sml-layout":"","theme-transparent-header-meta":"","adv-header-id-meta":"","stick-header-meta":"","header-above-stick-meta":"","header-main-stick-meta":"","header-below-stick-meta":"","astra-migrate-meta-layouts":"set","ast-page-background-enabled":"default","ast-page-background-meta":{"desktop":{"background-color":"var(--ast-global-color-4)","background-image":"","background-repeat":"repeat","background-position":"center center","background-size":"auto","background-attachment":"scroll","background-type":"","background-media":"","overlay-type":"","overlay-color":"","overlay-opacity":"","overlay-gradient":""},"tablet":{"background-color":"","background-image":"","background-repeat":"repeat","background-position":"center center","background-size":"auto","background-attachment":"scroll","background-type":"","background-media":"","overlay-type":"","overlay-color":"","overlay-opacity":"","overlay-gradient":""},"mobile":{"background-color":"","background-image":"","background-repeat":"repeat","background-position":"center center","background-size":"auto","background-attachment":"scroll","background-type":"","background-media":"","overlay-type":"","overlay-color":"","overlay-opacity":"","overlay-gradient":""}},"ast-content-background-meta":{"desktop":{"background-color":"var(--ast-global-color-5)","background-image":"","background-repeat":"repeat","background-position":"center center","background-size":"auto","background-attachment":"scroll","background-type":"","background-media":"","overlay-type":"","overlay-color":"","overlay-opacity":"","overlay-gradient":""},"tablet":{"background-color":"var(--ast-global-color-5)","background-image":"","background-repeat":"repeat","background-position":"center center","background-size":"auto","background-attachment":"scroll","background-type":"","background-media":"","overlay-type":"","overlay-color":"","overlay-opacity":"","overlay-gradient":""},"mobile":{"background-color":"var(--ast-global-color-5)","background-image":"","background-repeat":"repeat","background-position":"center center","background-size":"auto","background-attachment":"scroll","background-type":"","background-media":"","overlay-type":"","overlay-color":"","overlay-opacity":"","overlay-gradient":""}},"footnotes":""},"class_list":["post-3590","page","type-page","status-publish","has-post-thumbnail","hentry"],"yoast_head":"<!-- This site is optimized with the Yoast SEO Premium plugin v24.2 (Yoast SEO v24.6) - https:\/\/yoast.com\/wordpress\/plugins\/seo\/ -->\n<title>Sufrir bien y sufrir mal - Uni\u00f3n Esp\u00edrita<\/title>\n<meta name=\"robots\" content=\"index, follow, max-snippet:-1, max-image-preview:large, max-video-preview:-1\" \/>\n<link rel=\"canonical\" href=\"https:\/\/nuevo-renacer.com\/it\/sufrir-bien-y-sufrir-mal\/\" \/>\n<meta property=\"og:locale\" content=\"it_IT\" \/>\n<meta property=\"og:type\" content=\"article\" \/>\n<meta property=\"og:title\" content=\"Sufrir bien y sufrir mal\" \/>\n<meta property=\"og:description\" content=\"Sufrir bien y sufrir mal Del libro: El Evangelio seg\u00fan el espiritismo &#8211; Allan Kardec Cuando Cristo dijo: \u201cBienaventurados los afligidos, porque de ellos es el reino de los Cielos\u201d, no se refer\u00eda de modo general a los que sufren, pues todos los que est\u00e1n en la Tierra sufren, tanto quienes ocupan un trono como [&hellip;]\" \/>\n<meta property=\"og:url\" content=\"https:\/\/nuevo-renacer.com\/it\/sufrir-bien-y-sufrir-mal\/\" \/>\n<meta property=\"og:site_name\" content=\"Uni\u00f3n Esp\u00edrita\" \/>\n<meta property=\"article:publisher\" content=\"https:\/\/www.facebook.com\/groups\/3431398063740829\" \/>\n<meta property=\"article:modified_time\" content=\"2024-12-30T07:28:20+00:00\" \/>\n<meta property=\"og:image\" content=\"https:\/\/nuevo-renacer.com\/wp-content\/uploads\/2024\/07\/motivos-razones-sufrir-tristeza-sufrimiento-malestar-relaciones-amorosas-pareja.jpg\" \/>\n\t<meta property=\"og:image:width\" content=\"800\" \/>\n\t<meta property=\"og:image:height\" content=\"533\" \/>\n\t<meta property=\"og:image:type\" content=\"image\/jpeg\" \/>\n<meta name=\"twitter:card\" content=\"summary_large_image\" \/>\n<meta name=\"twitter:label1\" content=\"Tempo di lettura stimato\" \/>\n\t<meta name=\"twitter:data1\" content=\"2 minuti\" \/>\n<script type=\"application\/ld+json\" class=\"yoast-schema-graph\">{\"@context\":\"https:\/\/schema.org\",\"@graph\":[{\"@type\":\"WebPage\",\"@id\":\"https:\/\/nuevo-renacer.com\/sufrir-bien-y-sufrir-mal\/\",\"url\":\"https:\/\/nuevo-renacer.com\/sufrir-bien-y-sufrir-mal\/\",\"name\":\"Sufrir bien y sufrir mal - Uni\u00f3n Esp\u00edrita\",\"isPartOf\":{\"@id\":\"https:\/\/nuevo-renacer.com\/#website\"},\"primaryImageOfPage\":{\"@id\":\"https:\/\/nuevo-renacer.com\/sufrir-bien-y-sufrir-mal\/#primaryimage\"},\"image\":{\"@id\":\"https:\/\/nuevo-renacer.com\/sufrir-bien-y-sufrir-mal\/#primaryimage\"},\"thumbnailUrl\":\"https:\/\/nuevo-renacer.com\/wp-content\/uploads\/2024\/07\/motivos-razones-sufrir-tristeza-sufrimiento-malestar-relaciones-amorosas-pareja.jpg\",\"datePublished\":\"2024-07-10T11:15:25+00:00\",\"dateModified\":\"2024-12-30T07:28:20+00:00\",\"breadcrumb\":{\"@id\":\"https:\/\/nuevo-renacer.com\/sufrir-bien-y-sufrir-mal\/#breadcrumb\"},\"inLanguage\":\"it-IT\",\"potentialAction\":[{\"@type\":\"ReadAction\",\"target\":[\"https:\/\/nuevo-renacer.com\/sufrir-bien-y-sufrir-mal\/\"]}]},{\"@type\":\"ImageObject\",\"inLanguage\":\"it-IT\",\"@id\":\"https:\/\/nuevo-renacer.com\/sufrir-bien-y-sufrir-mal\/#primaryimage\",\"url\":\"https:\/\/nuevo-renacer.com\/wp-content\/uploads\/2024\/07\/motivos-razones-sufrir-tristeza-sufrimiento-malestar-relaciones-amorosas-pareja.jpg\",\"contentUrl\":\"https:\/\/nuevo-renacer.com\/wp-content\/uploads\/2024\/07\/motivos-razones-sufrir-tristeza-sufrimiento-malestar-relaciones-amorosas-pareja.jpg\",\"width\":800,\"height\":533},{\"@type\":\"BreadcrumbList\",\"@id\":\"https:\/\/nuevo-renacer.com\/sufrir-bien-y-sufrir-mal\/#breadcrumb\",\"itemListElement\":[{\"@type\":\"ListItem\",\"position\":1,\"name\":\"Startseite\",\"item\":\"https:\/\/nuevo-renacer.com\/\"},{\"@type\":\"ListItem\",\"position\":2,\"name\":\"Sufrir bien y sufrir mal\"}]},{\"@type\":\"WebSite\",\"@id\":\"https:\/\/nuevo-renacer.com\/#website\",\"url\":\"https:\/\/nuevo-renacer.com\/\",\"name\":\"Uni\u00f3n Esp\u00edrita\",\"description\":\"Nuevo Renacer\",\"publisher\":{\"@id\":\"https:\/\/nuevo-renacer.com\/#organization\"},\"potentialAction\":[{\"@type\":\"SearchAction\",\"target\":{\"@type\":\"EntryPoint\",\"urlTemplate\":\"https:\/\/nuevo-renacer.com\/?s={search_term_string}\"},\"query-input\":{\"@type\":\"PropertyValueSpecification\",\"valueRequired\":true,\"valueName\":\"search_term_string\"}}],\"inLanguage\":\"it-IT\"},{\"@type\":\"Organization\",\"@id\":\"https:\/\/nuevo-renacer.com\/#organization\",\"name\":\"UFEC\",\"url\":\"https:\/\/nuevo-renacer.com\/\",\"logo\":{\"@type\":\"ImageObject\",\"inLanguage\":\"it-IT\",\"@id\":\"https:\/\/nuevo-renacer.com\/#\/schema\/logo\/image\/\",\"url\":\"https:\/\/nuevo-renacer.com\/wp-content\/uploads\/2024\/05\/cropped-LOGO-TERMINADO1-3-3.png\",\"contentUrl\":\"https:\/\/nuevo-renacer.com\/wp-content\/uploads\/2024\/05\/cropped-LOGO-TERMINADO1-3-3.png\",\"width\":512,\"height\":512,\"caption\":\"UFEC\"},\"image\":{\"@id\":\"https:\/\/nuevo-renacer.com\/#\/schema\/logo\/image\/\"},\"sameAs\":[\"https:\/\/www.facebook.com\/groups\/3431398063740829\"]}]}<\/script>\n<!-- \/ Yoast SEO Premium plugin. -->","yoast_head_json":{"title":"Sufrir bien y sufrir mal - Uni\u00f3n Esp\u00edrita","robots":{"index":"index","follow":"follow","max-snippet":"max-snippet:-1","max-image-preview":"max-image-preview:large","max-video-preview":"max-video-preview:-1"},"canonical":"https:\/\/nuevo-renacer.com\/it\/sufrir-bien-y-sufrir-mal\/","og_locale":"it_IT","og_type":"article","og_title":"Sufrir bien y sufrir mal","og_description":"Sufrir bien y sufrir mal Del libro: El Evangelio seg\u00fan el espiritismo &#8211; Allan Kardec Cuando Cristo dijo: \u201cBienaventurados los afligidos, porque de ellos es el reino de los Cielos\u201d, no se refer\u00eda de modo general a los que sufren, pues todos los que est\u00e1n en la Tierra sufren, tanto quienes ocupan un trono como [&hellip;]","og_url":"https:\/\/nuevo-renacer.com\/it\/sufrir-bien-y-sufrir-mal\/","og_site_name":"Uni\u00f3n Esp\u00edrita","article_publisher":"https:\/\/www.facebook.com\/groups\/3431398063740829","article_modified_time":"2024-12-30T07:28:20+00:00","og_image":[{"width":800,"height":533,"url":"https:\/\/nuevo-renacer.com\/wp-content\/uploads\/2024\/07\/motivos-razones-sufrir-tristeza-sufrimiento-malestar-relaciones-amorosas-pareja.jpg","type":"image\/jpeg"}],"twitter_card":"summary_large_image","twitter_misc":{"Tempo di lettura stimato":"2 minuti"},"schema":{"@context":"https:\/\/schema.org","@graph":[{"@type":"WebPage","@id":"https:\/\/nuevo-renacer.com\/sufrir-bien-y-sufrir-mal\/","url":"https:\/\/nuevo-renacer.com\/sufrir-bien-y-sufrir-mal\/","name":"Sufrir bien y sufrir mal - Uni\u00f3n Esp\u00edrita","isPartOf":{"@id":"https:\/\/nuevo-renacer.com\/#website"},"primaryImageOfPage":{"@id":"https:\/\/nuevo-renacer.com\/sufrir-bien-y-sufrir-mal\/#primaryimage"},"image":{"@id":"https:\/\/nuevo-renacer.com\/sufrir-bien-y-sufrir-mal\/#primaryimage"},"thumbnailUrl":"https:\/\/nuevo-renacer.com\/wp-content\/uploads\/2024\/07\/motivos-razones-sufrir-tristeza-sufrimiento-malestar-relaciones-amorosas-pareja.jpg","datePublished":"2024-07-10T11:15:25+00:00","dateModified":"2024-12-30T07:28:20+00:00","breadcrumb":{"@id":"https:\/\/nuevo-renacer.com\/sufrir-bien-y-sufrir-mal\/#breadcrumb"},"inLanguage":"it-IT","potentialAction":[{"@type":"ReadAction","target":["https:\/\/nuevo-renacer.com\/sufrir-bien-y-sufrir-mal\/"]}]},{"@type":"ImageObject","inLanguage":"it-IT","@id":"https:\/\/nuevo-renacer.com\/sufrir-bien-y-sufrir-mal\/#primaryimage","url":"https:\/\/nuevo-renacer.com\/wp-content\/uploads\/2024\/07\/motivos-razones-sufrir-tristeza-sufrimiento-malestar-relaciones-amorosas-pareja.jpg","contentUrl":"https:\/\/nuevo-renacer.com\/wp-content\/uploads\/2024\/07\/motivos-razones-sufrir-tristeza-sufrimiento-malestar-relaciones-amorosas-pareja.jpg","width":800,"height":533},{"@type":"BreadcrumbList","@id":"https:\/\/nuevo-renacer.com\/sufrir-bien-y-sufrir-mal\/#breadcrumb","itemListElement":[{"@type":"ListItem","position":1,"name":"Startseite","item":"https:\/\/nuevo-renacer.com\/"},{"@type":"ListItem","position":2,"name":"Sufrir bien y sufrir mal"}]},{"@type":"WebSite","@id":"https:\/\/nuevo-renacer.com\/#website","url":"https:\/\/nuevo-renacer.com\/","name":"Uni\u00f3n Esp\u00edrita","description":"Nuevo Renacer","publisher":{"@id":"https:\/\/nuevo-renacer.com\/#organization"},"potentialAction":[{"@type":"SearchAction","target":{"@type":"EntryPoint","urlTemplate":"https:\/\/nuevo-renacer.com\/?s={search_term_string}"},"query-input":{"@type":"PropertyValueSpecification","valueRequired":true,"valueName":"search_term_string"}}],"inLanguage":"it-IT"},{"@type":"Organization","@id":"https:\/\/nuevo-renacer.com\/#organization","name":"UFEC","url":"https:\/\/nuevo-renacer.com\/","logo":{"@type":"ImageObject","inLanguage":"it-IT","@id":"https:\/\/nuevo-renacer.com\/#\/schema\/logo\/image\/","url":"https:\/\/nuevo-renacer.com\/wp-content\/uploads\/2024\/05\/cropped-LOGO-TERMINADO1-3-3.png","contentUrl":"https:\/\/nuevo-renacer.com\/wp-content\/uploads\/2024\/05\/cropped-LOGO-TERMINADO1-3-3.png","width":512,"height":512,"caption":"UFEC"},"image":{"@id":"https:\/\/nuevo-renacer.com\/#\/schema\/logo\/image\/"},"sameAs":["https:\/\/www.facebook.com\/groups\/3431398063740829"]}]}},"uagb_featured_image_src":{"full":["https:\/\/nuevo-renacer.com\/wp-content\/uploads\/2024\/07\/motivos-razones-sufrir-tristeza-sufrimiento-malestar-relaciones-amorosas-pareja.jpg",800,533,false],"thumbnail":["https:\/\/nuevo-renacer.com\/wp-content\/uploads\/2024\/07\/motivos-razones-sufrir-tristeza-sufrimiento-malestar-relaciones-amorosas-pareja-150x150.jpg",150,150,true],"medium":["https:\/\/nuevo-renacer.com\/wp-content\/uploads\/2024\/07\/motivos-razones-sufrir-tristeza-sufrimiento-malestar-relaciones-amorosas-pareja-300x200.jpg",300,200,true],"medium_large":["https:\/\/nuevo-renacer.com\/wp-content\/uploads\/2024\/07\/motivos-razones-sufrir-tristeza-sufrimiento-malestar-relaciones-amorosas-pareja-768x512.jpg",768,512,true],"large":["https:\/\/nuevo-renacer.com\/wp-content\/uploads\/2024\/07\/motivos-razones-sufrir-tristeza-sufrimiento-malestar-relaciones-amorosas-pareja.jpg",800,533,false],"1536x1536":["https:\/\/nuevo-renacer.com\/wp-content\/uploads\/2024\/07\/motivos-razones-sufrir-tristeza-sufrimiento-malestar-relaciones-amorosas-pareja.jpg",800,533,false],"2048x2048":["https:\/\/nuevo-renacer.com\/wp-content\/uploads\/2024\/07\/motivos-razones-sufrir-tristeza-sufrimiento-malestar-relaciones-amorosas-pareja.jpg",800,533,false],"trp-custom-language-flag":["https:\/\/nuevo-renacer.com\/wp-content\/uploads\/2024\/07\/motivos-razones-sufrir-tristeza-sufrimiento-malestar-relaciones-amorosas-pareja-18x12.jpg",18,12,true]},"uagb_author_info":{"display_name":"adbv0","author_link":"https:\/\/nuevo-renacer.com\/it\/author\/adbv0\/"},"uagb_comment_info":0,"uagb_excerpt":"Sufrir bien y sufrir mal Del libro: El Evangelio seg\u00fan el espiritismo &#8211; Allan Kardec Cuando Cristo dijo: \u201cBienaventurados los afligidos, porque de ellos es el reino de los Cielos\u201d, no se refer\u00eda de modo general a los que sufren, pues todos los que est\u00e1n en la Tierra sufren, tanto quienes ocupan un trono como&hellip;","jetpack_sharing_enabled":true,"_links":{"self":[{"href":"https:\/\/nuevo-renacer.com\/it\/wp-json\/wp\/v2\/pages\/3590","targetHints":{"allow":["GET"]}}],"collection":[{"href":"https:\/\/nuevo-renacer.com\/it\/wp-json\/wp\/v2\/pages"}],"about":[{"href":"https:\/\/nuevo-renacer.com\/it\/wp-json\/wp\/v2\/types\/page"}],"author":[{"embeddable":true,"href":"https:\/\/nuevo-renacer.com\/it\/wp-json\/wp\/v2\/users\/1"}],"replies":[{"embeddable":true,"href":"https:\/\/nuevo-renacer.com\/it\/wp-json\/wp\/v2\/comments?post=3590"}],"version-history":[{"count":4,"href":"https:\/\/nuevo-renacer.com\/it\/wp-json\/wp\/v2\/pages\/3590\/revisions"}],"predecessor-version":[{"id":6625,"href":"https:\/\/nuevo-renacer.com\/it\/wp-json\/wp\/v2\/pages\/3590\/revisions\/6625"}],"wp:featuredmedia":[{"embeddable":true,"href":"https:\/\/nuevo-renacer.com\/it\/wp-json\/wp\/v2\/media\/3591"}],"wp:attachment":[{"href":"https:\/\/nuevo-renacer.com\/it\/wp-json\/wp\/v2\/media?parent=3590"}],"curies":[{"name":"wp","href":"https:\/\/api.w.org\/{rel}","templated":true}]}}