{"id":3574,"date":"2024-07-10T09:49:22","date_gmt":"2024-07-10T09:49:22","guid":{"rendered":"https:\/\/ufec-mundial.com\/?page_id=3574"},"modified":"2024-12-21T09:21:24","modified_gmt":"2024-12-21T09:21:24","slug":"mundos-inferiores","status":"publish","type":"page","link":"https:\/\/nuevo-renacer.com\/it\/mundos-inferiores\/","title":{"rendered":"Mundos Inferiores"},"content":{"rendered":"<div class=\"wp-block-uagb-container uagb-block-163a6e63 alignfull uagb-is-root-container\"><div class=\"uagb-container-inner-blocks-wrap\">\n<p class=\"has-black-color has-text-color has-link-color has-medium-font-size wp-elements-d59dba5ad3f17ba93bbf6fcd6a100d7d\"><strong>Mundos Inferiores<\/strong><\/p>\n<\/div><\/div>\n\n\n\n<div class=\"wp-block-uagb-container uagb-block-d8b32473 alignfull uagb-is-root-container\"><div class=\"uagb-container-inner-blocks-wrap\">\n<figure class=\"wp-block-image size-full is-resized\"><img fetchpriority=\"high\" decoding=\"async\" width=\"1000\" height=\"563\" src=\"https:\/\/ufec-mundial.com\/wp-content\/uploads\/2024\/07\/nuestro-hogar-nosso-lar-chico-xavier-wagner-de-assis-03.jpg\" alt=\"\" class=\"wp-image-3576\" style=\"width:389px;height:auto\" srcset=\"https:\/\/nuevo-renacer.com\/wp-content\/uploads\/2024\/07\/nuestro-hogar-nosso-lar-chico-xavier-wagner-de-assis-03.jpg 1000w, https:\/\/nuevo-renacer.com\/wp-content\/uploads\/2024\/07\/nuestro-hogar-nosso-lar-chico-xavier-wagner-de-assis-03-300x169.jpg 300w, https:\/\/nuevo-renacer.com\/wp-content\/uploads\/2024\/07\/nuestro-hogar-nosso-lar-chico-xavier-wagner-de-assis-03-768x432.jpg 768w, https:\/\/nuevo-renacer.com\/wp-content\/uploads\/2024\/07\/nuestro-hogar-nosso-lar-chico-xavier-wagner-de-assis-03-18x10.jpg 18w\" sizes=\"(max-width: 1000px) 100vw, 1000px\" \/><\/figure>\n<\/div><\/div>\n\n\n\n<div class=\"wp-block-uagb-container uagb-block-718a286f alignfull uagb-is-root-container\"><div class=\"uagb-container-inner-blocks-wrap\">\n<p class=\"has-black-color has-text-color has-link-color has-small-font-size wp-elements-076cd3ed042096084e9d361cd5e29a59\">Hay mundos, considerados inferiores, donde los habitantes viven en estado primitivo, con nociones rudimentarias, sus habitantes est\u00e1n en la condici\u00f3n de razas salvajes; la sensaci\u00f3n existente es de supervivencia y lucha diaria por la preservaci\u00f3n de la vida y el alimento. En estos mundos inferiores no existe la noci\u00f3n de justicia, solidaridad, coexistencia, fraternidad, belleza, armon\u00eda y equilibrio. Los seres que habitan este mundo se encuentran en un estadio primigenio de animalidad, donde la fuerza bruta es la ley. Carentes de conocimiento, tienen h\u00e1bitos primitivos y rudimentarios, y visten la forma humana sin belleza. Est\u00e1n dominados por las tentaciones materiales. En los mundos inferiores, la existencia es toda material, las pasiones reinan supremas, la vida moral es casi inexistente y los seres son f\u00edsica y moralmente inferiores.<\/p>\n\n\n\n<p class=\"has-black-color has-text-color has-link-color has-small-font-size wp-elements-54d5faba6e5d2c81f1e738a7de5ccea6\">Los diferentes mundos que existen nos permiten avanzar a un nivel diferente. La reencarnaci\u00f3n permite al esp\u00edritu aprender y mejorar hasta alcanzar la evoluci\u00f3n para la que fue creado. Es a trav\u00e9s de innumerables encarnaciones que mejoramos nuestra moral, nuestros conocimientos, practicando, aprendiendo, creciendo y as\u00ed evolucionando.  Los Esp\u00edritus pasan por innumerables existencias en diferentes mundos, de acuerdo con su nivel de evoluci\u00f3n. Cada encarnaci\u00f3n es enviada a un mundo compatible con su formaci\u00f3n moral e intelectual. Los Esp\u00edritus que encarnan en un mundo no est\u00e1n ligados a \u00e9l indefinidamente, ni pasan por todas las etapas de su progreso. Cuando en un mundo alcanzan el nivel de avance que ese mundo supone, pasan a otro mundo m\u00e1s avanzado en el mismo nivel y sinton\u00eda en que se encuentran.<\/p>\n\n\n\n<p class=\"has-black-color has-text-color has-link-color has-small-font-size wp-elements-fab7c9ed4b7337a2c929cb66e70e3dfd\">Cada mundo ofrece a quienes lo habitan condiciones adecuadas para la vida planetaria, y las necesidades vitales son diferentes de un planeta a otro. La evoluci\u00f3n de cada ser es una revoluci\u00f3n particular, hay que tener la conciencia y la actitud para reconocer lo que hay que cambiar, hay que reaprender y resignificarse para evolucionar. El tiempo es individual para cada ser, somos seres singulares y con cada encarnaci\u00f3n tenemos un nuevo ciclo de relaciones, un nuevo contexto social y cultural. No sabemos d\u00f3nde nos hemos equivocado miles de veces, no sabemos d\u00f3nde hemos ca\u00eddo y acertado&#8230; El crecimiento personal es un proceso infinitamente repetitivo. Cada cambio en el ciclo evolutivo conlleva profundos cambios materiales y espirituales.<\/p>\n\n\n\n<p class=\"has-black-color has-text-color has-link-color has-small-font-size wp-elements-a77e77735ed2302fa40de116301de29a\">Los seres humanos abandonan los mundos inferiores por otros m\u00e1s felices a medida que se curan de sus dolencias morales. Es una recompensa pasar de un mundo inferior a un mundo de orden superior, del mismo modo que es un castigo prolongar su estancia en un mundo infeliz o ser relegado a mundos inferiores donde experimentar\u00e1 pruebas m\u00e1s duras. El esp\u00edritu vive all\u00ed donde coloca sus pensamientos y acciones. De vez en cuando, la humanidad alcanza un momento de purificaci\u00f3n, al que precede una purga planetaria. Los esp\u00edritus que no sean capaces de cambiar su moral y su intelecto ser\u00e1n relegados a mundos inferiores.<\/p>\n\n\n\n<p class=\"has-black-color has-text-color has-link-color has-small-font-size wp-elements-b9a69cb3c0045ae7ab792b231ee88b2c\">El mayor obst\u00e1culo para el crecimiento personal es pretender saber algo; es nuestro desarrollo personal el que determina nuestros logros evolutivos. Intensificamos lo que cultivamos, nuestros valores gu\u00edan nuestras decisiones y somos responsables de d\u00f3nde estamos ahora, porque la vida es fruto de nuestras elecciones. Cuando crecemos individualmente, ayudamos a prosperar a todo lo que nos rodea, contribuimos a la evoluci\u00f3n colectiva. Propagamos lo que somos. Sin aceptar la realidad, no podemos evolucionar. En nuestro proceso de crecimiento, debemos tomar decisiones conscientes sobre el tipo de persona en que queremos convertirnos y actuar con este prop\u00f3sito en mente.<\/p>\n\n\n\n<p class=\"has-black-color has-text-color has-link-color has-small-font-size wp-elements-6e4168f2a190df086c69af0cdb7fa3a6\">El Universo es nuestro hogar y el amor debe ser el camino elegido. S\u00f3lo el amor sobrevive al tiempo, el amor es capaz de cambiar la vida de las personas. El amor es energ\u00eda constructiva, pauta de mejora, beneficio colectivo y claridad existencial. Con amor, el ser material deja espacio a lo espiritual.<\/p>\n\n\n\n<p class=\"has-black-color has-text-color has-link-color has-small-font-size wp-elements-fe93c65dae64e2d99ad986794d426c40\">Avancemos con mucha energ\u00eda positiva, buscando basar nuestras actitudes en el amor.<\/p>\n<\/div><\/div>\n\n\n\n<div class=\"wp-block-uagb-container uagb-block-19c98072 alignfull uagb-is-root-container\"><div class=\"uagb-container-inner-blocks-wrap\"><\/div><\/div>\n\n\n\n<div class=\"wp-block-uagb-container uagb-block-c334f1e4 alignfull uagb-is-root-container\"><div class=\"uagb-container-inner-blocks-wrap\"><\/div><\/div>","protected":false},"excerpt":{"rendered":"<p>Mundos Inferiores Hay mundos, considerados inferiores, donde los habitantes viven en estado primitivo, con nociones rudimentarias, sus habitantes est\u00e1n en la condici\u00f3n de razas salvajes; la sensaci\u00f3n existente es de supervivencia y lucha diaria por la preservaci\u00f3n de la vida y el alimento. En estos mundos inferiores no existe la noci\u00f3n de justicia, solidaridad, coexistencia, [&hellip;]<\/p>","protected":false},"author":1,"featured_media":3576,"parent":0,"menu_order":0,"comment_status":"closed","ping_status":"closed","template":"","meta":{"_uag_custom_page_level_css":"","site-sidebar-layout":"default","site-content-layout":"","ast-site-content-layout":"default","site-content-style":"default","site-sidebar-style":"default","ast-global-header-display":"","ast-banner-title-visibility":"","ast-main-header-display":"","ast-hfb-above-header-display":"","ast-hfb-below-header-display":"","ast-hfb-mobile-header-display":"","site-post-title":"disabled","ast-breadcrumbs-content":"","ast-featured-img":"","footer-sml-layout":"","theme-transparent-header-meta":"","adv-header-id-meta":"","stick-header-meta":"","header-above-stick-meta":"","header-main-stick-meta":"","header-below-stick-meta":"","astra-migrate-meta-layouts":"set","ast-page-background-enabled":"default","ast-page-background-meta":{"desktop":{"background-color":"var(--ast-global-color-4)","background-image":"","background-repeat":"repeat","background-position":"center center","background-size":"auto","background-attachment":"scroll","background-type":"","background-media":"","overlay-type":"","overlay-color":"","overlay-opacity":"","overlay-gradient":""},"tablet":{"background-color":"","background-image":"","background-repeat":"repeat","background-position":"center center","background-size":"auto","background-attachment":"scroll","background-type":"","background-media":"","overlay-type":"","overlay-color":"","overlay-opacity":"","overlay-gradient":""},"mobile":{"background-color":"","background-image":"","background-repeat":"repeat","background-position":"center center","background-size":"auto","background-attachment":"scroll","background-type":"","background-media":"","overlay-type":"","overlay-color":"","overlay-opacity":"","overlay-gradient":""}},"ast-content-background-meta":{"desktop":{"background-color":"var(--ast-global-color-5)","background-image":"","background-repeat":"repeat","background-position":"center center","background-size":"auto","background-attachment":"scroll","background-type":"","background-media":"","overlay-type":"","overlay-color":"","overlay-opacity":"","overlay-gradient":""},"tablet":{"background-color":"var(--ast-global-color-5)","background-image":"","background-repeat":"repeat","background-position":"center center","background-size":"auto","background-attachment":"scroll","background-type":"","background-media":"","overlay-type":"","overlay-color":"","overlay-opacity":"","overlay-gradient":""},"mobile":{"background-color":"var(--ast-global-color-5)","background-image":"","background-repeat":"repeat","background-position":"center center","background-size":"auto","background-attachment":"scroll","background-type":"","background-media":"","overlay-type":"","overlay-color":"","overlay-opacity":"","overlay-gradient":""}},"footnotes":""},"class_list":["post-3574","page","type-page","status-publish","has-post-thumbnail","hentry"],"yoast_head":"<!-- This site is optimized with the Yoast SEO Premium plugin v24.2 (Yoast SEO v24.6) - https:\/\/yoast.com\/wordpress\/plugins\/seo\/ -->\n<title>Mundos Inferiores - Uni\u00f3n Esp\u00edrita<\/title>\n<meta name=\"robots\" content=\"index, follow, max-snippet:-1, max-image-preview:large, max-video-preview:-1\" \/>\n<link rel=\"canonical\" href=\"https:\/\/nuevo-renacer.com\/it\/mundos-inferiores\/\" \/>\n<meta property=\"og:locale\" content=\"it_IT\" \/>\n<meta property=\"og:type\" content=\"article\" \/>\n<meta property=\"og:title\" content=\"Mundos Inferiores\" \/>\n<meta property=\"og:description\" content=\"Mundos Inferiores Hay mundos, considerados inferiores, donde los habitantes viven en estado primitivo, con nociones rudimentarias, sus habitantes est\u00e1n en la condici\u00f3n de razas salvajes; la sensaci\u00f3n existente es de supervivencia y lucha diaria por la preservaci\u00f3n de la vida y el alimento. En estos mundos inferiores no existe la noci\u00f3n de justicia, solidaridad, coexistencia, [&hellip;]\" \/>\n<meta property=\"og:url\" content=\"https:\/\/nuevo-renacer.com\/it\/mundos-inferiores\/\" \/>\n<meta property=\"og:site_name\" content=\"Uni\u00f3n Esp\u00edrita\" \/>\n<meta property=\"article:publisher\" content=\"https:\/\/www.facebook.com\/groups\/3431398063740829\" \/>\n<meta property=\"article:modified_time\" content=\"2024-12-21T09:21:24+00:00\" \/>\n<meta property=\"og:image\" content=\"https:\/\/nuevo-renacer.com\/wp-content\/uploads\/2024\/07\/nuestro-hogar-nosso-lar-chico-xavier-wagner-de-assis-03.jpg\" \/>\n\t<meta property=\"og:image:width\" content=\"1000\" \/>\n\t<meta property=\"og:image:height\" content=\"563\" \/>\n\t<meta property=\"og:image:type\" content=\"image\/jpeg\" \/>\n<meta name=\"twitter:card\" content=\"summary_large_image\" \/>\n<meta name=\"twitter:label1\" content=\"Tempo di lettura stimato\" \/>\n\t<meta name=\"twitter:data1\" content=\"3 minuti\" \/>\n<script type=\"application\/ld+json\" class=\"yoast-schema-graph\">{\"@context\":\"https:\/\/schema.org\",\"@graph\":[{\"@type\":\"WebPage\",\"@id\":\"https:\/\/nuevo-renacer.com\/mundos-inferiores\/\",\"url\":\"https:\/\/nuevo-renacer.com\/mundos-inferiores\/\",\"name\":\"Mundos Inferiores - Uni\u00f3n Esp\u00edrita\",\"isPartOf\":{\"@id\":\"https:\/\/nuevo-renacer.com\/#website\"},\"primaryImageOfPage\":{\"@id\":\"https:\/\/nuevo-renacer.com\/mundos-inferiores\/#primaryimage\"},\"image\":{\"@id\":\"https:\/\/nuevo-renacer.com\/mundos-inferiores\/#primaryimage\"},\"thumbnailUrl\":\"https:\/\/nuevo-renacer.com\/wp-content\/uploads\/2024\/07\/nuestro-hogar-nosso-lar-chico-xavier-wagner-de-assis-03.jpg\",\"datePublished\":\"2024-07-10T09:49:22+00:00\",\"dateModified\":\"2024-12-21T09:21:24+00:00\",\"breadcrumb\":{\"@id\":\"https:\/\/nuevo-renacer.com\/mundos-inferiores\/#breadcrumb\"},\"inLanguage\":\"it-IT\",\"potentialAction\":[{\"@type\":\"ReadAction\",\"target\":[\"https:\/\/nuevo-renacer.com\/mundos-inferiores\/\"]}]},{\"@type\":\"ImageObject\",\"inLanguage\":\"it-IT\",\"@id\":\"https:\/\/nuevo-renacer.com\/mundos-inferiores\/#primaryimage\",\"url\":\"https:\/\/nuevo-renacer.com\/wp-content\/uploads\/2024\/07\/nuestro-hogar-nosso-lar-chico-xavier-wagner-de-assis-03.jpg\",\"contentUrl\":\"https:\/\/nuevo-renacer.com\/wp-content\/uploads\/2024\/07\/nuestro-hogar-nosso-lar-chico-xavier-wagner-de-assis-03.jpg\",\"width\":1000,\"height\":563},{\"@type\":\"BreadcrumbList\",\"@id\":\"https:\/\/nuevo-renacer.com\/mundos-inferiores\/#breadcrumb\",\"itemListElement\":[{\"@type\":\"ListItem\",\"position\":1,\"name\":\"Startseite\",\"item\":\"https:\/\/nuevo-renacer.com\/\"},{\"@type\":\"ListItem\",\"position\":2,\"name\":\"Mundos Inferiores\"}]},{\"@type\":\"WebSite\",\"@id\":\"https:\/\/nuevo-renacer.com\/#website\",\"url\":\"https:\/\/nuevo-renacer.com\/\",\"name\":\"Uni\u00f3n Esp\u00edrita\",\"description\":\"Nuevo Renacer\",\"publisher\":{\"@id\":\"https:\/\/nuevo-renacer.com\/#organization\"},\"potentialAction\":[{\"@type\":\"SearchAction\",\"target\":{\"@type\":\"EntryPoint\",\"urlTemplate\":\"https:\/\/nuevo-renacer.com\/?s={search_term_string}\"},\"query-input\":{\"@type\":\"PropertyValueSpecification\",\"valueRequired\":true,\"valueName\":\"search_term_string\"}}],\"inLanguage\":\"it-IT\"},{\"@type\":\"Organization\",\"@id\":\"https:\/\/nuevo-renacer.com\/#organization\",\"name\":\"UFEC\",\"url\":\"https:\/\/nuevo-renacer.com\/\",\"logo\":{\"@type\":\"ImageObject\",\"inLanguage\":\"it-IT\",\"@id\":\"https:\/\/nuevo-renacer.com\/#\/schema\/logo\/image\/\",\"url\":\"https:\/\/nuevo-renacer.com\/wp-content\/uploads\/2024\/05\/cropped-LOGO-TERMINADO1-3-3.png\",\"contentUrl\":\"https:\/\/nuevo-renacer.com\/wp-content\/uploads\/2024\/05\/cropped-LOGO-TERMINADO1-3-3.png\",\"width\":512,\"height\":512,\"caption\":\"UFEC\"},\"image\":{\"@id\":\"https:\/\/nuevo-renacer.com\/#\/schema\/logo\/image\/\"},\"sameAs\":[\"https:\/\/www.facebook.com\/groups\/3431398063740829\"]}]}<\/script>\n<!-- \/ Yoast SEO Premium plugin. -->","yoast_head_json":{"title":"Mundos Inferiores - Uni\u00f3n Esp\u00edrita","robots":{"index":"index","follow":"follow","max-snippet":"max-snippet:-1","max-image-preview":"max-image-preview:large","max-video-preview":"max-video-preview:-1"},"canonical":"https:\/\/nuevo-renacer.com\/it\/mundos-inferiores\/","og_locale":"it_IT","og_type":"article","og_title":"Mundos Inferiores","og_description":"Mundos Inferiores Hay mundos, considerados inferiores, donde los habitantes viven en estado primitivo, con nociones rudimentarias, sus habitantes est\u00e1n en la condici\u00f3n de razas salvajes; la sensaci\u00f3n existente es de supervivencia y lucha diaria por la preservaci\u00f3n de la vida y el alimento. En estos mundos inferiores no existe la noci\u00f3n de justicia, solidaridad, coexistencia, [&hellip;]","og_url":"https:\/\/nuevo-renacer.com\/it\/mundos-inferiores\/","og_site_name":"Uni\u00f3n Esp\u00edrita","article_publisher":"https:\/\/www.facebook.com\/groups\/3431398063740829","article_modified_time":"2024-12-21T09:21:24+00:00","og_image":[{"width":1000,"height":563,"url":"https:\/\/nuevo-renacer.com\/wp-content\/uploads\/2024\/07\/nuestro-hogar-nosso-lar-chico-xavier-wagner-de-assis-03.jpg","type":"image\/jpeg"}],"twitter_card":"summary_large_image","twitter_misc":{"Tempo di lettura stimato":"3 minuti"},"schema":{"@context":"https:\/\/schema.org","@graph":[{"@type":"WebPage","@id":"https:\/\/nuevo-renacer.com\/mundos-inferiores\/","url":"https:\/\/nuevo-renacer.com\/mundos-inferiores\/","name":"Mundos Inferiores - Uni\u00f3n Esp\u00edrita","isPartOf":{"@id":"https:\/\/nuevo-renacer.com\/#website"},"primaryImageOfPage":{"@id":"https:\/\/nuevo-renacer.com\/mundos-inferiores\/#primaryimage"},"image":{"@id":"https:\/\/nuevo-renacer.com\/mundos-inferiores\/#primaryimage"},"thumbnailUrl":"https:\/\/nuevo-renacer.com\/wp-content\/uploads\/2024\/07\/nuestro-hogar-nosso-lar-chico-xavier-wagner-de-assis-03.jpg","datePublished":"2024-07-10T09:49:22+00:00","dateModified":"2024-12-21T09:21:24+00:00","breadcrumb":{"@id":"https:\/\/nuevo-renacer.com\/mundos-inferiores\/#breadcrumb"},"inLanguage":"it-IT","potentialAction":[{"@type":"ReadAction","target":["https:\/\/nuevo-renacer.com\/mundos-inferiores\/"]}]},{"@type":"ImageObject","inLanguage":"it-IT","@id":"https:\/\/nuevo-renacer.com\/mundos-inferiores\/#primaryimage","url":"https:\/\/nuevo-renacer.com\/wp-content\/uploads\/2024\/07\/nuestro-hogar-nosso-lar-chico-xavier-wagner-de-assis-03.jpg","contentUrl":"https:\/\/nuevo-renacer.com\/wp-content\/uploads\/2024\/07\/nuestro-hogar-nosso-lar-chico-xavier-wagner-de-assis-03.jpg","width":1000,"height":563},{"@type":"BreadcrumbList","@id":"https:\/\/nuevo-renacer.com\/mundos-inferiores\/#breadcrumb","itemListElement":[{"@type":"ListItem","position":1,"name":"Startseite","item":"https:\/\/nuevo-renacer.com\/"},{"@type":"ListItem","position":2,"name":"Mundos Inferiores"}]},{"@type":"WebSite","@id":"https:\/\/nuevo-renacer.com\/#website","url":"https:\/\/nuevo-renacer.com\/","name":"Uni\u00f3n Esp\u00edrita","description":"Nuevo Renacer","publisher":{"@id":"https:\/\/nuevo-renacer.com\/#organization"},"potentialAction":[{"@type":"SearchAction","target":{"@type":"EntryPoint","urlTemplate":"https:\/\/nuevo-renacer.com\/?s={search_term_string}"},"query-input":{"@type":"PropertyValueSpecification","valueRequired":true,"valueName":"search_term_string"}}],"inLanguage":"it-IT"},{"@type":"Organization","@id":"https:\/\/nuevo-renacer.com\/#organization","name":"UFEC","url":"https:\/\/nuevo-renacer.com\/","logo":{"@type":"ImageObject","inLanguage":"it-IT","@id":"https:\/\/nuevo-renacer.com\/#\/schema\/logo\/image\/","url":"https:\/\/nuevo-renacer.com\/wp-content\/uploads\/2024\/05\/cropped-LOGO-TERMINADO1-3-3.png","contentUrl":"https:\/\/nuevo-renacer.com\/wp-content\/uploads\/2024\/05\/cropped-LOGO-TERMINADO1-3-3.png","width":512,"height":512,"caption":"UFEC"},"image":{"@id":"https:\/\/nuevo-renacer.com\/#\/schema\/logo\/image\/"},"sameAs":["https:\/\/www.facebook.com\/groups\/3431398063740829"]}]}},"uagb_featured_image_src":{"full":["https:\/\/nuevo-renacer.com\/wp-content\/uploads\/2024\/07\/nuestro-hogar-nosso-lar-chico-xavier-wagner-de-assis-03.jpg",1000,563,false],"thumbnail":["https:\/\/nuevo-renacer.com\/wp-content\/uploads\/2024\/07\/nuestro-hogar-nosso-lar-chico-xavier-wagner-de-assis-03-150x150.jpg",150,150,true],"medium":["https:\/\/nuevo-renacer.com\/wp-content\/uploads\/2024\/07\/nuestro-hogar-nosso-lar-chico-xavier-wagner-de-assis-03-300x169.jpg",300,169,true],"medium_large":["https:\/\/nuevo-renacer.com\/wp-content\/uploads\/2024\/07\/nuestro-hogar-nosso-lar-chico-xavier-wagner-de-assis-03-768x432.jpg",768,432,true],"large":["https:\/\/nuevo-renacer.com\/wp-content\/uploads\/2024\/07\/nuestro-hogar-nosso-lar-chico-xavier-wagner-de-assis-03.jpg",1000,563,false],"1536x1536":["https:\/\/nuevo-renacer.com\/wp-content\/uploads\/2024\/07\/nuestro-hogar-nosso-lar-chico-xavier-wagner-de-assis-03.jpg",1000,563,false],"2048x2048":["https:\/\/nuevo-renacer.com\/wp-content\/uploads\/2024\/07\/nuestro-hogar-nosso-lar-chico-xavier-wagner-de-assis-03.jpg",1000,563,false],"trp-custom-language-flag":["https:\/\/nuevo-renacer.com\/wp-content\/uploads\/2024\/07\/nuestro-hogar-nosso-lar-chico-xavier-wagner-de-assis-03-18x10.jpg",18,10,true]},"uagb_author_info":{"display_name":"adbv0","author_link":"https:\/\/nuevo-renacer.com\/it\/author\/adbv0\/"},"uagb_comment_info":0,"uagb_excerpt":"Mundos Inferiores Hay mundos, considerados inferiores, donde los habitantes viven en estado primitivo, con nociones rudimentarias, sus habitantes est\u00e1n en la condici\u00f3n de razas salvajes; la sensaci\u00f3n existente es de supervivencia y lucha diaria por la preservaci\u00f3n de la vida y el alimento. En estos mundos inferiores no existe la noci\u00f3n de justicia, solidaridad, coexistencia,&hellip;","jetpack_sharing_enabled":true,"_links":{"self":[{"href":"https:\/\/nuevo-renacer.com\/it\/wp-json\/wp\/v2\/pages\/3574","targetHints":{"allow":["GET"]}}],"collection":[{"href":"https:\/\/nuevo-renacer.com\/it\/wp-json\/wp\/v2\/pages"}],"about":[{"href":"https:\/\/nuevo-renacer.com\/it\/wp-json\/wp\/v2\/types\/page"}],"author":[{"embeddable":true,"href":"https:\/\/nuevo-renacer.com\/it\/wp-json\/wp\/v2\/users\/1"}],"replies":[{"embeddable":true,"href":"https:\/\/nuevo-renacer.com\/it\/wp-json\/wp\/v2\/comments?post=3574"}],"version-history":[{"count":4,"href":"https:\/\/nuevo-renacer.com\/it\/wp-json\/wp\/v2\/pages\/3574\/revisions"}],"predecessor-version":[{"id":6592,"href":"https:\/\/nuevo-renacer.com\/it\/wp-json\/wp\/v2\/pages\/3574\/revisions\/6592"}],"wp:featuredmedia":[{"embeddable":true,"href":"https:\/\/nuevo-renacer.com\/it\/wp-json\/wp\/v2\/media\/3576"}],"wp:attachment":[{"href":"https:\/\/nuevo-renacer.com\/it\/wp-json\/wp\/v2\/media?parent=3574"}],"curies":[{"name":"wp","href":"https:\/\/api.w.org\/{rel}","templated":true}]}}